{"id":27247,"date":"2020-07-10T12:56:32","date_gmt":"2020-07-10T10:56:32","guid":{"rendered":"http:\/\/mobilane.com\/?page_id=27247"},"modified":"2021-11-16T11:06:39","modified_gmt":"2021-11-16T10:06:39","slug":"groen-sedumdak","status":"publish","type":"page","link":"https:\/\/mobilane.com\/nl\/groen-sedumdak\/","title":{"rendered":"Groen sedumdak"},"content":{"rendered":"<p class=\"Hoofdtekst\">Het aanleggen van groene daken wordt steeds populairder en dat is niet zo gek Groene dakbedekking of een groen sedumdak, heeft enorm veel voordelen. Het zorgt niet alleen voor een groene en kleurige leefomgeving, maar draagt ook bij aan het beschermen en onderhouden van het dak. Bij Mobilane kunnen wij onszelf inmiddels experts noemen op het gebied van sedumdakbedekking. Met\u00a0 expertise in groene dakbedekking en het unieke gepatenteerde systeem dat is ontwikkeld, heeft Mobilane al meerdere fantastische locaties en instellingen voorzien van een groen dak. Is zo\u2019n sedumdak ook wat voor jouw huis?<\/p>\n<h2 class=\"Hoofdtekst\" style=\"text-align: center;\"><span style=\"color: #000000;\">Een groen sedumdak draagt bij aan een betere leefomgeving<\/span><\/h2>\n<p class=\"Hoofdtekst\">Een sedumdak is een lichtgewicht dakbedekking bestaande uit vetplantjes. Deze plantjes zijn geschikt voor een groendak omdat ze weinig bodem nodig hebben en geschikt zijn voor ieder Nederlands klimaat. De vetplantjes kunnen goed tegen droogte, maar ook in vochtig weer blijven ze hun werk doen. Daarnaast hebben vetplanten maar weinig onderhoud nodig omdat ze goed voor zichzelf kunnen zorgen.<\/p>\n<p class=\"Hoofdtekst\">Sedumplanten zijn er in zo\u2019n 250 soorten. Men hoeft daarom ook niet te kiezen voor \u00e9\u00e9n soort plant. Er zijn verschillende kleuren in de sedumplantenfamilie, zo kan het leuk zijn om bijvoorbeeld een patroon met diverse planten aan te leggen of juist te kiezen voor \u00e9\u00e9n enkele plantensoort. Een sedumdak kan hierdoor ingericht worden naar eigen smaak en een tuintje op hoogte gecre\u00eberd worden.<\/p>\n<p class=\"Hoofdtekst\">Een groen sedumdak kan aangelegd worden met <a href=\"https:\/\/mobilane.com\/nl\/producten\/mobiroof\/\" target=\"_blank\" rel=\"noopener\">MobiRoof ECO<\/a> van Mobilane. Dit product bestaat uit een systeem van cassettes die eenvoudig tegen elkaar geplaatst worden. Het MobiRoof ECO systeem is licht van gewicht en voorzien van een speciaal substraat voor drainage en opslag van regenwater. Net als de andere producten van Mobilane is de MobiRoof ECO een kant-en-klaar systeem. Het systeem is uiterst geschikt voor maatwerk en zo ontwikkeld dat de cassettes snel herplaatsbaar zijn. Op deze manier kun altijd zelf bepaald worden hoe een dak met groen wordt ingericht.<\/p>\n","protected":false},"excerpt":{"rendered":"<p>Het aanleggen van groene daken wordt steeds populairder en dat is niet zo gek Groene dakbedekking of een groen sedumdak, heeft enorm veel voordelen. Het zorgt niet alleen voor een groene en kleurige leefomgeving, maar draagt ook bij aan het beschermen en onderhouden van het dak. Bij Mobilane kunnen wij onszelf inmiddels experts noemen op [&hellip;]<\/p>\n","protected":false},"author":16,"featured_media":41682,"parent":0,"menu_order":0,"comment_status":"closed","ping_status":"closed","template":"ct-page-oplos-subpages.php","meta":{"_acf_changed":false,"footnotes":""},"class_list":["post-27247","page","type-page","status-publish","has-post-thumbnail","hentry"],"acf":[],"yoast_head":"<!-- This site is optimized with the Yoast SEO plugin v27.3 - https:\/\/yoast.com\/product\/yoast-seo-wordpress\/ -->\n<title>Groen sedumdak | Mobilane<\/title>\n<meta name=\"description\" content=\"Een groen sedumdak zorgt niet alleen voor een groene leefomgeving, maar draagt ook bij aan het beschermen van het dak. Lees meer\" \/>\n<meta name=\"robots\" content=\"index, follow, max-snippet:-1, max-image-preview:large, max-video-preview:-1\" \/>\n<link rel=\"canonical\" href=\"https:\/\/mobilane.com\/nl\/groen-sedumdak\/\" \/>\n<meta property=\"og:locale\" content=\"nl_NL\" \/>\n<meta property=\"og:type\" content=\"article\" \/>\n<meta property=\"og:title\" content=\"Groen sedumdak | Mobilane\" \/>\n<meta property=\"og:description\" content=\"Een groen sedumdak zorgt niet alleen voor een groene leefomgeving, maar draagt ook bij aan het beschermen van het dak. Lees meer\" \/>\n<meta property=\"og:url\" content=\"https:\/\/mobilane.com\/nl\/groen-sedumdak\/\" \/>\n<meta property=\"og:site_name\" content=\"Mobilane\" \/>\n<meta property=\"article:modified_time\" content=\"2021-11-16T10:06:39+00:00\" \/>\n<meta property=\"og:image\" content=\"https:\/\/mobilane.com\/app\/uploads\/2021\/11\/Mobilane-MobiRoof-ECO-groen-sedumdak.jpg\" \/>\n\t<meta property=\"og:image:width\" content=\"2000\" \/>\n\t<meta property=\"og:image:height\" content=\"600\" \/>\n\t<meta property=\"og:image:type\" content=\"image\/jpeg\" \/>\n<meta name=\"twitter:card\" content=\"summary_large_image\" \/>\n<meta name=\"twitter:label1\" content=\"Geschatte leestijd\" \/>\n\t<meta name=\"twitter:data1\" content=\"2 minuten\" \/>\n<script type=\"application\/ld+json\" class=\"yoast-schema-graph\">{\"@context\":\"https:\\\/\\\/schema.org\",\"@graph\":[{\"@type\":\"WebPage\",\"@id\":\"https:\\\/\\\/mobilane.com\\\/nl\\\/groen-sedumdak\\\/\",\"url\":\"https:\\\/\\\/mobilane.com\\\/nl\\\/groen-sedumdak\\\/\",\"name\":\"Groen sedumdak | Mobilane\",\"isPartOf\":{\"@id\":\"https:\\\/\\\/mobilane.com\\\/#website\"},\"primaryImageOfPage\":{\"@id\":\"https:\\\/\\\/mobilane.com\\\/nl\\\/groen-sedumdak\\\/#primaryimage\"},\"image\":{\"@id\":\"https:\\\/\\\/mobilane.com\\\/nl\\\/groen-sedumdak\\\/#primaryimage\"},\"thumbnailUrl\":\"https:\\\/\\\/mobilane.com\\\/app\\\/uploads\\\/2021\\\/11\\\/Mobilane-MobiRoof-ECO-groen-sedumdak.jpg\",\"datePublished\":\"2020-07-10T10:56:32+00:00\",\"dateModified\":\"2021-11-16T10:06:39+00:00\",\"description\":\"Een groen sedumdak zorgt niet alleen voor een groene leefomgeving, maar draagt ook bij aan het beschermen van het dak. Lees meer\",\"breadcrumb\":{\"@id\":\"https:\\\/\\\/mobilane.com\\\/nl\\\/groen-sedumdak\\\/#breadcrumb\"},\"inLanguage\":\"nl-NL\",\"potentialAction\":[{\"@type\":\"ReadAction\",\"target\":[\"https:\\\/\\\/mobilane.com\\\/nl\\\/groen-sedumdak\\\/\"]}]},{\"@type\":\"ImageObject\",\"inLanguage\":\"nl-NL\",\"@id\":\"https:\\\/\\\/mobilane.com\\\/nl\\\/groen-sedumdak\\\/#primaryimage\",\"url\":\"https:\\\/\\\/mobilane.com\\\/app\\\/uploads\\\/2021\\\/11\\\/Mobilane-MobiRoof-ECO-groen-sedumdak.jpg\",\"contentUrl\":\"https:\\\/\\\/mobilane.com\\\/app\\\/uploads\\\/2021\\\/11\\\/Mobilane-MobiRoof-ECO-groen-sedumdak.jpg\",\"width\":2000,\"height\":600,\"caption\":\"Mobilane MobiRoof ECO groen sedumdak\"},{\"@type\":\"BreadcrumbList\",\"@id\":\"https:\\\/\\\/mobilane.com\\\/nl\\\/groen-sedumdak\\\/#breadcrumb\",\"itemListElement\":[{\"@type\":\"ListItem\",\"position\":1,\"name\":\"Home\",\"item\":\"https:\\\/\\\/mobilane.com\\\/nl\\\/\"},{\"@type\":\"ListItem\",\"position\":2,\"name\":\"Groen sedumdak\"}]},{\"@type\":\"WebSite\",\"@id\":\"https:\\\/\\\/mobilane.com\\\/#website\",\"url\":\"https:\\\/\\\/mobilane.com\\\/\",\"name\":\"Mobilane\",\"description\":\"Ready Made Green Systems\",\"publisher\":{\"@id\":\"https:\\\/\\\/mobilane.com\\\/#organization\"},\"potentialAction\":[{\"@type\":\"SearchAction\",\"target\":{\"@type\":\"EntryPoint\",\"urlTemplate\":\"https:\\\/\\\/mobilane.com\\\/?s={search_term_string}\"},\"query-input\":{\"@type\":\"PropertyValueSpecification\",\"valueRequired\":true,\"valueName\":\"search_term_string\"}}],\"inLanguage\":\"nl-NL\"},{\"@type\":\"Organization\",\"@id\":\"https:\\\/\\\/mobilane.com\\\/#organization\",\"name\":\"Mobilane\",\"url\":\"https:\\\/\\\/mobilane.com\\\/\",\"logo\":{\"@type\":\"ImageObject\",\"inLanguage\":\"nl-NL\",\"@id\":\"https:\\\/\\\/mobilane.com\\\/#\\\/schema\\\/logo\\\/image\\\/\",\"url\":\"https:\\\/\\\/mobilane.com\\\/app\\\/uploads\\\/2019\\\/10\\\/logo-colour2x.png\",\"contentUrl\":\"https:\\\/\\\/mobilane.com\\\/app\\\/uploads\\\/2019\\\/10\\\/logo-colour2x.png\",\"width\":1472,\"height\":295,\"caption\":\"Mobilane\"},\"image\":{\"@id\":\"https:\\\/\\\/mobilane.com\\\/#\\\/schema\\\/logo\\\/image\\\/\"}}]}<\/script>\n<!-- \/ Yoast SEO plugin. -->","yoast_head_json":{"title":"Groen sedumdak | Mobilane","description":"Een groen sedumdak zorgt niet alleen voor een groene leefomgeving, maar draagt ook bij aan het beschermen van het dak. Lees meer","robots":{"index":"index","follow":"follow","max-snippet":"max-snippet:-1","max-image-preview":"max-image-preview:large","max-video-preview":"max-video-preview:-1"},"canonical":"https:\/\/mobilane.com\/nl\/groen-sedumdak\/","og_locale":"nl_NL","og_type":"article","og_title":"Groen sedumdak | Mobilane","og_description":"Een groen sedumdak zorgt niet alleen voor een groene leefomgeving, maar draagt ook bij aan het beschermen van het dak. Lees meer","og_url":"https:\/\/mobilane.com\/nl\/groen-sedumdak\/","og_site_name":"Mobilane","article_modified_time":"2021-11-16T10:06:39+00:00","og_image":[{"width":2000,"height":600,"url":"https:\/\/mobilane.com\/app\/uploads\/2021\/11\/Mobilane-MobiRoof-ECO-groen-sedumdak.jpg","type":"image\/jpeg"}],"twitter_card":"summary_large_image","twitter_misc":{"Geschatte leestijd":"2 minuten"},"schema":{"@context":"https:\/\/schema.org","@graph":[{"@type":"WebPage","@id":"https:\/\/mobilane.com\/nl\/groen-sedumdak\/","url":"https:\/\/mobilane.com\/nl\/groen-sedumdak\/","name":"Groen sedumdak | Mobilane","isPartOf":{"@id":"https:\/\/mobilane.com\/#website"},"primaryImageOfPage":{"@id":"https:\/\/mobilane.com\/nl\/groen-sedumdak\/#primaryimage"},"image":{"@id":"https:\/\/mobilane.com\/nl\/groen-sedumdak\/#primaryimage"},"thumbnailUrl":"https:\/\/mobilane.com\/app\/uploads\/2021\/11\/Mobilane-MobiRoof-ECO-groen-sedumdak.jpg","datePublished":"2020-07-10T10:56:32+00:00","dateModified":"2021-11-16T10:06:39+00:00","description":"Een groen sedumdak zorgt niet alleen voor een groene leefomgeving, maar draagt ook bij aan het beschermen van het dak. Lees meer","breadcrumb":{"@id":"https:\/\/mobilane.com\/nl\/groen-sedumdak\/#breadcrumb"},"inLanguage":"nl-NL","potentialAction":[{"@type":"ReadAction","target":["https:\/\/mobilane.com\/nl\/groen-sedumdak\/"]}]},{"@type":"ImageObject","inLanguage":"nl-NL","@id":"https:\/\/mobilane.com\/nl\/groen-sedumdak\/#primaryimage","url":"https:\/\/mobilane.com\/app\/uploads\/2021\/11\/Mobilane-MobiRoof-ECO-groen-sedumdak.jpg","contentUrl":"https:\/\/mobilane.com\/app\/uploads\/2021\/11\/Mobilane-MobiRoof-ECO-groen-sedumdak.jpg","width":2000,"height":600,"caption":"Mobilane MobiRoof ECO groen sedumdak"},{"@type":"BreadcrumbList","@id":"https:\/\/mobilane.com\/nl\/groen-sedumdak\/#breadcrumb","itemListElement":[{"@type":"ListItem","position":1,"name":"Home","item":"https:\/\/mobilane.com\/nl\/"},{"@type":"ListItem","position":2,"name":"Groen sedumdak"}]},{"@type":"WebSite","@id":"https:\/\/mobilane.com\/#website","url":"https:\/\/mobilane.com\/","name":"Mobilane","description":"Ready Made Green Systems","publisher":{"@id":"https:\/\/mobilane.com\/#organization"},"potentialAction":[{"@type":"SearchAction","target":{"@type":"EntryPoint","urlTemplate":"https:\/\/mobilane.com\/?s={search_term_string}"},"query-input":{"@type":"PropertyValueSpecification","valueRequired":true,"valueName":"search_term_string"}}],"inLanguage":"nl-NL"},{"@type":"Organization","@id":"https:\/\/mobilane.com\/#organization","name":"Mobilane","url":"https:\/\/mobilane.com\/","logo":{"@type":"ImageObject","inLanguage":"nl-NL","@id":"https:\/\/mobilane.com\/#\/schema\/logo\/image\/","url":"https:\/\/mobilane.com\/app\/uploads\/2019\/10\/logo-colour2x.png","contentUrl":"https:\/\/mobilane.com\/app\/uploads\/2019\/10\/logo-colour2x.png","width":1472,"height":295,"caption":"Mobilane"},"image":{"@id":"https:\/\/mobilane.com\/#\/schema\/logo\/image\/"}}]}},"_links":{"self":[{"href":"https:\/\/mobilane.com\/nl\/wp-json\/wp\/v2\/pages\/27247","targetHints":{"allow":["GET"]}}],"collection":[{"href":"https:\/\/mobilane.com\/nl\/wp-json\/wp\/v2\/pages"}],"about":[{"href":"https:\/\/mobilane.com\/nl\/wp-json\/wp\/v2\/types\/page"}],"author":[{"embeddable":true,"href":"https:\/\/mobilane.com\/nl\/wp-json\/wp\/v2\/users\/16"}],"replies":[{"embeddable":true,"href":"https:\/\/mobilane.com\/nl\/wp-json\/wp\/v2\/comments?post=27247"}],"version-history":[{"count":5,"href":"https:\/\/mobilane.com\/nl\/wp-json\/wp\/v2\/pages\/27247\/revisions"}],"predecessor-version":[{"id":52817,"href":"https:\/\/mobilane.com\/nl\/wp-json\/wp\/v2\/pages\/27247\/revisions\/52817"}],"wp:featuredmedia":[{"embeddable":true,"href":"https:\/\/mobilane.com\/nl\/wp-json\/wp\/v2\/media\/41682"}],"wp:attachment":[{"href":"https:\/\/mobilane.com\/nl\/wp-json\/wp\/v2\/media?parent=27247"}],"curies":[{"name":"wp","href":"https:\/\/api.w.org\/{rel}","templated":true}]}}