{"id":25900,"date":"2020-06-11T17:07:44","date_gmt":"2020-06-11T15:07:44","guid":{"rendered":"https:\/\/mobilane.com\/?page_id=25900"},"modified":"2020-06-11T17:07:44","modified_gmt":"2020-06-11T15:07:44","slug":"handige-tuinschutting","status":"publish","type":"page","link":"https:\/\/mobilane.com\/nl\/handige-tuinschutting\/","title":{"rendered":"Handige tuinschutting"},"content":{"rendered":"<p>De eerste dagen met flinke zonneschijn zijn aangebroken, je kunt de zomer bijna proeven! Tegelijkertijd verkeren we momenteel in een globale crisis, waardoor we niet massaal de hort op kunnen. Je zult de zon in je eigen tuin moeten opzoeken, maar dan wil je natuurlijk wel een beetje privacy. Je tuin helemaal zomerklaar maken? Een tuinschutting is een echte must! Natuurlijk wil je deze zo snel mogelijk plaatsen en direct al van je privacy kunnen genieten. Daar hebben wij Mobilane het perfecte product voor!<\/p>\n<h2 style=\"text-align: center;\">Handige tuinschutting op maat<\/h2>\n<p>Mobilane is al jaren d\u00e9 naam op het gebied van groen oplossingen. \u00c9\u00e9n van onze populairste producten is de Kant &#038; Klaar Haag. Een gepatenteerd systeem dat bestaat uit een volledig met (klim)planten begroeid stalen raster. Dit raster is speciaal op maat gemaakt, zodat een hedera zorgt voor een volle groene tuinschutting. Deze natuurlijke tuinschutting is gemakkelijk en snel te plaatsen. De Kant &#038; Klaar Haag wordt eerst jaren in de kassen van Mobilane gekweekt tot een volledig perfecte groene haag. Je bent dus direct na plaatsing verzekerd van een dichte schutting met privacy. De hagen worden gekweekt in een biologisch afbreekbare bak van kokosplano. Na de eventuele grondverbetering in jouw tuin kan de haag direct in de grond gepland worden. Het planten kun je het hele jaar door doen, met uitzondering van de vorstperiode.<\/p>\n<p>Je kunt de Kant &#038; Klaar Haag geheel op eigen smaak indelen. De schermen van deze handige tuinschutting hebben een standaardbreedte van 120 centimeter, maar deze zijn verkrijgbaar in verschillende hoogte maten. Zo kun je voor de voortuin bijvoorbeeld kiezen voor een Hedera haag met een hoogte van 100 centimeter, zodat je geen zicht vanuit de voorkamer verliest. In de achtertuin kun je daarentegen een Hedera of een Kardinaalsmuts van 180 centimeter hoog plaatsen. Dit zorgt ervoor dat je geen inkijk hebt en dus rustig van de privacy in jouw eigen tuin kunt genieten. De hoogste maat van de hagen die Mobilane in het assortiment heeft, is een Hedera helix \u2018Woerner\u2019 van wel 300 centimeter hoog.<\/p>\n","protected":false},"excerpt":{"rendered":"<p>De eerste dagen met flinke zonneschijn zijn aangebroken, je kunt de zomer bijna proeven! Tegelijkertijd verkeren we momenteel in een globale crisis, waardoor we niet massaal de hort op kunnen. Je zult de zon in je eigen tuin moeten opzoeken, maar dan wil je natuurlijk wel een beetje privacy. Je tuin helemaal zomerklaar maken? Een [&hellip;]<\/p>\n","protected":false},"author":16,"featured_media":25732,"parent":0,"menu_order":0,"comment_status":"closed","ping_status":"closed","template":"ct-page-oplos-subpages.php","meta":{"_acf_changed":false,"footnotes":""},"class_list":["post-25900","page","type-page","status-publish","has-post-thumbnail","hentry"],"acf":[],"yoast_head":"<!-- This site is optimized with the Yoast SEO plugin v27.5 - https:\/\/yoast.com\/product\/yoast-seo-wordpress\/ -->\n<title>Direct groen &amp; privacy met de handige tuinschutting van Mobilane<\/title>\n<meta name=\"description\" content=\"De Mobilane Kant &amp; Klaar Haag wordt jaren gekweekt tot een volledig groene haag. Met deze handige tuinschutting heb je dus direct privacy en een mooie tuin\" \/>\n<meta name=\"robots\" content=\"index, follow, max-snippet:-1, max-image-preview:large, max-video-preview:-1\" \/>\n<link rel=\"canonical\" href=\"https:\/\/mobilane.com\/nl\/handige-tuinschutting\/\" \/>\n<meta property=\"og:locale\" content=\"nl_NL\" \/>\n<meta property=\"og:type\" content=\"article\" \/>\n<meta property=\"og:title\" content=\"Direct groen &amp; privacy met de handige tuinschutting van Mobilane\" \/>\n<meta property=\"og:description\" content=\"De Mobilane Kant &amp; Klaar Haag wordt jaren gekweekt tot een volledig groene haag. Met deze handige tuinschutting heb je dus direct privacy en een mooie tuin\" \/>\n<meta property=\"og:url\" content=\"https:\/\/mobilane.com\/nl\/handige-tuinschutting\/\" \/>\n<meta property=\"og:site_name\" content=\"Mobilane\" \/>\n<meta property=\"og:image\" content=\"https:\/\/mobilane.com\/app\/uploads\/2018\/06\/Mobilane-Product-pagina-Kant-Klaar-Haag.jpg\" \/>\n\t<meta property=\"og:image:width\" content=\"1000\" \/>\n\t<meta property=\"og:image:height\" content=\"1000\" \/>\n\t<meta property=\"og:image:type\" content=\"image\/jpeg\" \/>\n<meta name=\"twitter:card\" content=\"summary_large_image\" \/>\n<meta name=\"twitter:label1\" content=\"Geschatte leestijd\" \/>\n\t<meta name=\"twitter:data1\" content=\"2 minuten\" \/>\n<script type=\"application\/ld+json\" class=\"yoast-schema-graph\">{\"@context\":\"https:\\\/\\\/schema.org\",\"@graph\":[{\"@type\":\"WebPage\",\"@id\":\"https:\\\/\\\/mobilane.com\\\/nl\\\/handige-tuinschutting\\\/\",\"url\":\"https:\\\/\\\/mobilane.com\\\/nl\\\/handige-tuinschutting\\\/\",\"name\":\"Direct groen & privacy met de handige tuinschutting van Mobilane\",\"isPartOf\":{\"@id\":\"https:\\\/\\\/mobilane.com\\\/#website\"},\"primaryImageOfPage\":{\"@id\":\"https:\\\/\\\/mobilane.com\\\/nl\\\/handige-tuinschutting\\\/#primaryimage\"},\"image\":{\"@id\":\"https:\\\/\\\/mobilane.com\\\/nl\\\/handige-tuinschutting\\\/#primaryimage\"},\"thumbnailUrl\":\"https:\\\/\\\/mobilane.com\\\/app\\\/uploads\\\/2018\\\/06\\\/Mobilane-Product-pagina-Kant-Klaar-Haag.jpg\",\"datePublished\":\"2020-06-11T15:07:44+00:00\",\"description\":\"De Mobilane Kant & Klaar Haag wordt jaren gekweekt tot een volledig groene haag. Met deze handige tuinschutting heb je dus direct privacy en een mooie tuin\",\"breadcrumb\":{\"@id\":\"https:\\\/\\\/mobilane.com\\\/nl\\\/handige-tuinschutting\\\/#breadcrumb\"},\"inLanguage\":\"nl-NL\",\"potentialAction\":[{\"@type\":\"ReadAction\",\"target\":[\"https:\\\/\\\/mobilane.com\\\/nl\\\/handige-tuinschutting\\\/\"]}]},{\"@type\":\"ImageObject\",\"inLanguage\":\"nl-NL\",\"@id\":\"https:\\\/\\\/mobilane.com\\\/nl\\\/handige-tuinschutting\\\/#primaryimage\",\"url\":\"https:\\\/\\\/mobilane.com\\\/app\\\/uploads\\\/2018\\\/06\\\/Mobilane-Product-pagina-Kant-Klaar-Haag.jpg\",\"contentUrl\":\"https:\\\/\\\/mobilane.com\\\/app\\\/uploads\\\/2018\\\/06\\\/Mobilane-Product-pagina-Kant-Klaar-Haag.jpg\",\"width\":1000,\"height\":1000,\"caption\":\"Mobilane Product pagina Kant & Klaar Haag\"},{\"@type\":\"BreadcrumbList\",\"@id\":\"https:\\\/\\\/mobilane.com\\\/nl\\\/handige-tuinschutting\\\/#breadcrumb\",\"itemListElement\":[{\"@type\":\"ListItem\",\"position\":1,\"name\":\"Home\",\"item\":\"https:\\\/\\\/mobilane.com\\\/nl\\\/\"},{\"@type\":\"ListItem\",\"position\":2,\"name\":\"Handige tuinschutting\"}]},{\"@type\":\"WebSite\",\"@id\":\"https:\\\/\\\/mobilane.com\\\/#website\",\"url\":\"https:\\\/\\\/mobilane.com\\\/\",\"name\":\"Mobilane\",\"description\":\"Ready Made Green Systems\",\"publisher\":{\"@id\":\"https:\\\/\\\/mobilane.com\\\/#organization\"},\"potentialAction\":[{\"@type\":\"SearchAction\",\"target\":{\"@type\":\"EntryPoint\",\"urlTemplate\":\"https:\\\/\\\/mobilane.com\\\/?s={search_term_string}\"},\"query-input\":{\"@type\":\"PropertyValueSpecification\",\"valueRequired\":true,\"valueName\":\"search_term_string\"}}],\"inLanguage\":\"nl-NL\"},{\"@type\":\"Organization\",\"@id\":\"https:\\\/\\\/mobilane.com\\\/#organization\",\"name\":\"Mobilane\",\"url\":\"https:\\\/\\\/mobilane.com\\\/\",\"logo\":{\"@type\":\"ImageObject\",\"inLanguage\":\"nl-NL\",\"@id\":\"https:\\\/\\\/mobilane.com\\\/#\\\/schema\\\/logo\\\/image\\\/\",\"url\":\"https:\\\/\\\/mobilane.com\\\/app\\\/uploads\\\/2019\\\/10\\\/logo-colour2x.png\",\"contentUrl\":\"https:\\\/\\\/mobilane.com\\\/app\\\/uploads\\\/2019\\\/10\\\/logo-colour2x.png\",\"width\":1472,\"height\":295,\"caption\":\"Mobilane\"},\"image\":{\"@id\":\"https:\\\/\\\/mobilane.com\\\/#\\\/schema\\\/logo\\\/image\\\/\"}}]}<\/script>\n<!-- \/ Yoast SEO plugin. -->","yoast_head_json":{"title":"Direct groen & privacy met de handige tuinschutting van Mobilane","description":"De Mobilane Kant & Klaar Haag wordt jaren gekweekt tot een volledig groene haag. Met deze handige tuinschutting heb je dus direct privacy en een mooie tuin","robots":{"index":"index","follow":"follow","max-snippet":"max-snippet:-1","max-image-preview":"max-image-preview:large","max-video-preview":"max-video-preview:-1"},"canonical":"https:\/\/mobilane.com\/nl\/handige-tuinschutting\/","og_locale":"nl_NL","og_type":"article","og_title":"Direct groen & privacy met de handige tuinschutting van Mobilane","og_description":"De Mobilane Kant & Klaar Haag wordt jaren gekweekt tot een volledig groene haag. Met deze handige tuinschutting heb je dus direct privacy en een mooie tuin","og_url":"https:\/\/mobilane.com\/nl\/handige-tuinschutting\/","og_site_name":"Mobilane","og_image":[{"width":1000,"height":1000,"url":"https:\/\/mobilane.com\/app\/uploads\/2018\/06\/Mobilane-Product-pagina-Kant-Klaar-Haag.jpg","type":"image\/jpeg"}],"twitter_card":"summary_large_image","twitter_misc":{"Geschatte leestijd":"2 minuten"},"schema":{"@context":"https:\/\/schema.org","@graph":[{"@type":"WebPage","@id":"https:\/\/mobilane.com\/nl\/handige-tuinschutting\/","url":"https:\/\/mobilane.com\/nl\/handige-tuinschutting\/","name":"Direct groen & privacy met de handige tuinschutting van Mobilane","isPartOf":{"@id":"https:\/\/mobilane.com\/#website"},"primaryImageOfPage":{"@id":"https:\/\/mobilane.com\/nl\/handige-tuinschutting\/#primaryimage"},"image":{"@id":"https:\/\/mobilane.com\/nl\/handige-tuinschutting\/#primaryimage"},"thumbnailUrl":"https:\/\/mobilane.com\/app\/uploads\/2018\/06\/Mobilane-Product-pagina-Kant-Klaar-Haag.jpg","datePublished":"2020-06-11T15:07:44+00:00","description":"De Mobilane Kant & Klaar Haag wordt jaren gekweekt tot een volledig groene haag. Met deze handige tuinschutting heb je dus direct privacy en een mooie tuin","breadcrumb":{"@id":"https:\/\/mobilane.com\/nl\/handige-tuinschutting\/#breadcrumb"},"inLanguage":"nl-NL","potentialAction":[{"@type":"ReadAction","target":["https:\/\/mobilane.com\/nl\/handige-tuinschutting\/"]}]},{"@type":"ImageObject","inLanguage":"nl-NL","@id":"https:\/\/mobilane.com\/nl\/handige-tuinschutting\/#primaryimage","url":"https:\/\/mobilane.com\/app\/uploads\/2018\/06\/Mobilane-Product-pagina-Kant-Klaar-Haag.jpg","contentUrl":"https:\/\/mobilane.com\/app\/uploads\/2018\/06\/Mobilane-Product-pagina-Kant-Klaar-Haag.jpg","width":1000,"height":1000,"caption":"Mobilane Product pagina Kant & Klaar Haag"},{"@type":"BreadcrumbList","@id":"https:\/\/mobilane.com\/nl\/handige-tuinschutting\/#breadcrumb","itemListElement":[{"@type":"ListItem","position":1,"name":"Home","item":"https:\/\/mobilane.com\/nl\/"},{"@type":"ListItem","position":2,"name":"Handige tuinschutting"}]},{"@type":"WebSite","@id":"https:\/\/mobilane.com\/#website","url":"https:\/\/mobilane.com\/","name":"Mobilane","description":"Ready Made Green Systems","publisher":{"@id":"https:\/\/mobilane.com\/#organization"},"potentialAction":[{"@type":"SearchAction","target":{"@type":"EntryPoint","urlTemplate":"https:\/\/mobilane.com\/?s={search_term_string}"},"query-input":{"@type":"PropertyValueSpecification","valueRequired":true,"valueName":"search_term_string"}}],"inLanguage":"nl-NL"},{"@type":"Organization","@id":"https:\/\/mobilane.com\/#organization","name":"Mobilane","url":"https:\/\/mobilane.com\/","logo":{"@type":"ImageObject","inLanguage":"nl-NL","@id":"https:\/\/mobilane.com\/#\/schema\/logo\/image\/","url":"https:\/\/mobilane.com\/app\/uploads\/2019\/10\/logo-colour2x.png","contentUrl":"https:\/\/mobilane.com\/app\/uploads\/2019\/10\/logo-colour2x.png","width":1472,"height":295,"caption":"Mobilane"},"image":{"@id":"https:\/\/mobilane.com\/#\/schema\/logo\/image\/"}}]}},"_links":{"self":[{"href":"https:\/\/mobilane.com\/nl\/wp-json\/wp\/v2\/pages\/25900","targetHints":{"allow":["GET"]}}],"collection":[{"href":"https:\/\/mobilane.com\/nl\/wp-json\/wp\/v2\/pages"}],"about":[{"href":"https:\/\/mobilane.com\/nl\/wp-json\/wp\/v2\/types\/page"}],"author":[{"embeddable":true,"href":"https:\/\/mobilane.com\/nl\/wp-json\/wp\/v2\/users\/16"}],"replies":[{"embeddable":true,"href":"https:\/\/mobilane.com\/nl\/wp-json\/wp\/v2\/comments?post=25900"}],"version-history":[{"count":1,"href":"https:\/\/mobilane.com\/nl\/wp-json\/wp\/v2\/pages\/25900\/revisions"}],"predecessor-version":[{"id":25903,"href":"https:\/\/mobilane.com\/nl\/wp-json\/wp\/v2\/pages\/25900\/revisions\/25903"}],"wp:featuredmedia":[{"embeddable":true,"href":"https:\/\/mobilane.com\/nl\/wp-json\/wp\/v2\/media\/25732"}],"wp:attachment":[{"href":"https:\/\/mobilane.com\/nl\/wp-json\/wp\/v2\/media?parent=25900"}],"curies":[{"name":"wp","href":"https:\/\/api.w.org\/{rel}","templated":true}]}}