{"id":25840,"date":"2020-06-11T16:12:26","date_gmt":"2020-06-11T14:12:26","guid":{"rendered":"https:\/\/mobilane.com\/?page_id=25840"},"modified":"2024-03-14T15:51:29","modified_gmt":"2024-03-14T14:51:29","slug":"kardinaalsmuts-schutting","status":"publish","type":"page","link":"https:\/\/mobilane.com\/nl\/kardinaalsmuts-schutting\/","title":{"rendered":"Kardinaalsmuts schutting"},"content":{"rendered":"<p>Bij Mobilane zijn we d\u00e9 specialist in het kweken en plaatsen van kant &amp; klaar hagen voor de perfecte schutting. \u00c9\u00e9n van onze absolute toppers en klant favoriet is de haag van Kardinaalsmuts. Deze geweldige plant is een semi-wintergroene soort met een compacte groei. De haagplant heeft een sierlijk blad wat hem immens populair maakt om de tuin mee op te fleuren. Je kunt de kardinaalsmuts haag bij heel veel verschillende verkooppunten van Mobilane bestellen en vrij simpel zelf plaatsen. We vertellen je maar al te graag over alle voordelen van de Kardinaalsmuts en wat deze plant voor jouw groenaankleding kan betekenen.<\/p>\n<h2 style=\"text-align: center;\">Kardinaalsmuts haag kopen<\/h2>\n<p>De Kardinaalsmuts is ook wel bekend onder de naam Euonymus en is uitermate geschikt als schutting plant, zoals de Euonymus Dart\u2019s Blanket van Mobilane. Deze versie van onze kant en klaar haag is steeds populairder aan het worden en terecht! De Kardinaalsmuts is namelijk het hele jaar door prachtig van kleur, vorm en is semi-wintergroen. Kan bladverliezen afhankelijk van klimatologische omstandigheden. Geelgroen, in de winter diep bronskleurig of purperrood. Dankzij al deze voordelen wordt deze kardinaalsmuts schutting dan ook vaak gebruikt in het tv-programma Eigen Huis &amp; Tuin!<\/p>\n<p>De Kardinaalsmuts haag is niet alleen mooi, maar ook ontzettend sterk. De plantensoort is ontzettend geschikt voor een tuin binnen het zeeklimaat, omdat hij zout beter kan verdragen dan andere vergelijkbare plantensoorten. Dus ook in de winter wanneer er zout gestrooid wordt tegen gladheid, zal de Kardinaalsmuts prachtig overeind blijven. Daarnaast is de plant heel gezond en goed bestand tegen ziektes, je zult dus niet snel afscheid hoeven nemen van de kardinaalsmuts haag.<\/p>\n","protected":false},"excerpt":{"rendered":"<p>Bij Mobilane zijn we d\u00e9 specialist in het kweken en plaatsen van kant &amp; klaar hagen voor de perfecte schutting. \u00c9\u00e9n van onze absolute toppers en klant favoriet is de haag van Kardinaalsmuts. Deze geweldige plant is een semi-wintergroene soort met een compacte groei. De haagplant heeft een sierlijk blad wat hem immens populair maakt [&hellip;]<\/p>\n","protected":false},"author":16,"featured_media":20754,"parent":0,"menu_order":0,"comment_status":"closed","ping_status":"closed","template":"ct-page-oplos-subpages.php","meta":{"_acf_changed":false,"footnotes":""},"class_list":["post-25840","page","type-page","status-publish","has-post-thumbnail","hentry"],"acf":[],"yoast_head":"<!-- This site is optimized with the Yoast SEO plugin v27.3 - https:\/\/yoast.com\/product\/yoast-seo-wordpress\/ -->\n<title>De Kardinaalsmuts schutting voor de perfecte haag | Mobilane<\/title>\n<meta name=\"description\" content=\"De kardinaalsmuts is een groenblijvende soort met een compacte groei. De haagplant met sierlijk blad is daarom populair als groene schutting.\" \/>\n<meta name=\"robots\" content=\"index, follow, max-snippet:-1, max-image-preview:large, max-video-preview:-1\" \/>\n<link rel=\"canonical\" href=\"https:\/\/mobilane.com\/nl\/kardinaalsmuts-schutting\/\" \/>\n<meta property=\"og:locale\" content=\"nl_NL\" \/>\n<meta property=\"og:type\" content=\"article\" \/>\n<meta property=\"og:title\" content=\"De Kardinaalsmuts schutting voor de perfecte haag | Mobilane\" \/>\n<meta property=\"og:description\" content=\"De kardinaalsmuts is een groenblijvende soort met een compacte groei. De haagplant met sierlijk blad is daarom populair als groene schutting.\" \/>\n<meta property=\"og:url\" content=\"https:\/\/mobilane.com\/nl\/kardinaalsmuts-schutting\/\" \/>\n<meta property=\"og:site_name\" content=\"Mobilane\" \/>\n<meta property=\"article:modified_time\" content=\"2024-03-14T14:51:29+00:00\" \/>\n<meta property=\"og:image\" content=\"https:\/\/mobilane.com\/app\/uploads\/2020\/05\/NFFOTOGRAFIE-MOBILANE-17.jpg\" \/>\n\t<meta property=\"og:image:width\" content=\"3000\" \/>\n\t<meta property=\"og:image:height\" content=\"2000\" \/>\n\t<meta property=\"og:image:type\" content=\"image\/jpeg\" \/>\n<meta name=\"twitter:card\" content=\"summary_large_image\" \/>\n<meta name=\"twitter:label1\" content=\"Geschatte leestijd\" \/>\n\t<meta name=\"twitter:data1\" content=\"2 minuten\" \/>\n<script type=\"application\/ld+json\" class=\"yoast-schema-graph\">{\"@context\":\"https:\\\/\\\/schema.org\",\"@graph\":[{\"@type\":\"WebPage\",\"@id\":\"https:\\\/\\\/mobilane.com\\\/nl\\\/kardinaalsmuts-schutting\\\/\",\"url\":\"https:\\\/\\\/mobilane.com\\\/nl\\\/kardinaalsmuts-schutting\\\/\",\"name\":\"De Kardinaalsmuts schutting voor de perfecte haag | Mobilane\",\"isPartOf\":{\"@id\":\"https:\\\/\\\/mobilane.com\\\/#website\"},\"primaryImageOfPage\":{\"@id\":\"https:\\\/\\\/mobilane.com\\\/nl\\\/kardinaalsmuts-schutting\\\/#primaryimage\"},\"image\":{\"@id\":\"https:\\\/\\\/mobilane.com\\\/nl\\\/kardinaalsmuts-schutting\\\/#primaryimage\"},\"thumbnailUrl\":\"https:\\\/\\\/mobilane.com\\\/app\\\/uploads\\\/2020\\\/05\\\/NFFOTOGRAFIE-MOBILANE-17.jpg\",\"datePublished\":\"2020-06-11T14:12:26+00:00\",\"dateModified\":\"2024-03-14T14:51:29+00:00\",\"description\":\"De kardinaalsmuts is een groenblijvende soort met een compacte groei. De haagplant met sierlijk blad is daarom populair als groene schutting.\",\"breadcrumb\":{\"@id\":\"https:\\\/\\\/mobilane.com\\\/nl\\\/kardinaalsmuts-schutting\\\/#breadcrumb\"},\"inLanguage\":\"nl-NL\",\"potentialAction\":[{\"@type\":\"ReadAction\",\"target\":[\"https:\\\/\\\/mobilane.com\\\/nl\\\/kardinaalsmuts-schutting\\\/\"]}]},{\"@type\":\"ImageObject\",\"inLanguage\":\"nl-NL\",\"@id\":\"https:\\\/\\\/mobilane.com\\\/nl\\\/kardinaalsmuts-schutting\\\/#primaryimage\",\"url\":\"https:\\\/\\\/mobilane.com\\\/app\\\/uploads\\\/2020\\\/05\\\/NFFOTOGRAFIE-MOBILANE-17.jpg\",\"contentUrl\":\"https:\\\/\\\/mobilane.com\\\/app\\\/uploads\\\/2020\\\/05\\\/NFFOTOGRAFIE-MOBILANE-17.jpg\",\"width\":3000,\"height\":2000,\"caption\":\"Mobilane Groenblijvende kant-en-klaar haag\"},{\"@type\":\"BreadcrumbList\",\"@id\":\"https:\\\/\\\/mobilane.com\\\/nl\\\/kardinaalsmuts-schutting\\\/#breadcrumb\",\"itemListElement\":[{\"@type\":\"ListItem\",\"position\":1,\"name\":\"Home\",\"item\":\"https:\\\/\\\/mobilane.com\\\/nl\\\/\"},{\"@type\":\"ListItem\",\"position\":2,\"name\":\"Kardinaalsmuts schutting\"}]},{\"@type\":\"WebSite\",\"@id\":\"https:\\\/\\\/mobilane.com\\\/#website\",\"url\":\"https:\\\/\\\/mobilane.com\\\/\",\"name\":\"Mobilane\",\"description\":\"Ready Made Green Systems\",\"publisher\":{\"@id\":\"https:\\\/\\\/mobilane.com\\\/#organization\"},\"potentialAction\":[{\"@type\":\"SearchAction\",\"target\":{\"@type\":\"EntryPoint\",\"urlTemplate\":\"https:\\\/\\\/mobilane.com\\\/?s={search_term_string}\"},\"query-input\":{\"@type\":\"PropertyValueSpecification\",\"valueRequired\":true,\"valueName\":\"search_term_string\"}}],\"inLanguage\":\"nl-NL\"},{\"@type\":\"Organization\",\"@id\":\"https:\\\/\\\/mobilane.com\\\/#organization\",\"name\":\"Mobilane\",\"url\":\"https:\\\/\\\/mobilane.com\\\/\",\"logo\":{\"@type\":\"ImageObject\",\"inLanguage\":\"nl-NL\",\"@id\":\"https:\\\/\\\/mobilane.com\\\/#\\\/schema\\\/logo\\\/image\\\/\",\"url\":\"https:\\\/\\\/mobilane.com\\\/app\\\/uploads\\\/2019\\\/10\\\/logo-colour2x.png\",\"contentUrl\":\"https:\\\/\\\/mobilane.com\\\/app\\\/uploads\\\/2019\\\/10\\\/logo-colour2x.png\",\"width\":1472,\"height\":295,\"caption\":\"Mobilane\"},\"image\":{\"@id\":\"https:\\\/\\\/mobilane.com\\\/#\\\/schema\\\/logo\\\/image\\\/\"}}]}<\/script>\n<!-- \/ Yoast SEO plugin. -->","yoast_head_json":{"title":"De Kardinaalsmuts schutting voor de perfecte haag | Mobilane","description":"De kardinaalsmuts is een groenblijvende soort met een compacte groei. De haagplant met sierlijk blad is daarom populair als groene schutting.","robots":{"index":"index","follow":"follow","max-snippet":"max-snippet:-1","max-image-preview":"max-image-preview:large","max-video-preview":"max-video-preview:-1"},"canonical":"https:\/\/mobilane.com\/nl\/kardinaalsmuts-schutting\/","og_locale":"nl_NL","og_type":"article","og_title":"De Kardinaalsmuts schutting voor de perfecte haag | Mobilane","og_description":"De kardinaalsmuts is een groenblijvende soort met een compacte groei. De haagplant met sierlijk blad is daarom populair als groene schutting.","og_url":"https:\/\/mobilane.com\/nl\/kardinaalsmuts-schutting\/","og_site_name":"Mobilane","article_modified_time":"2024-03-14T14:51:29+00:00","og_image":[{"width":3000,"height":2000,"url":"https:\/\/mobilane.com\/app\/uploads\/2020\/05\/NFFOTOGRAFIE-MOBILANE-17.jpg","type":"image\/jpeg"}],"twitter_card":"summary_large_image","twitter_misc":{"Geschatte leestijd":"2 minuten"},"schema":{"@context":"https:\/\/schema.org","@graph":[{"@type":"WebPage","@id":"https:\/\/mobilane.com\/nl\/kardinaalsmuts-schutting\/","url":"https:\/\/mobilane.com\/nl\/kardinaalsmuts-schutting\/","name":"De Kardinaalsmuts schutting voor de perfecte haag | Mobilane","isPartOf":{"@id":"https:\/\/mobilane.com\/#website"},"primaryImageOfPage":{"@id":"https:\/\/mobilane.com\/nl\/kardinaalsmuts-schutting\/#primaryimage"},"image":{"@id":"https:\/\/mobilane.com\/nl\/kardinaalsmuts-schutting\/#primaryimage"},"thumbnailUrl":"https:\/\/mobilane.com\/app\/uploads\/2020\/05\/NFFOTOGRAFIE-MOBILANE-17.jpg","datePublished":"2020-06-11T14:12:26+00:00","dateModified":"2024-03-14T14:51:29+00:00","description":"De kardinaalsmuts is een groenblijvende soort met een compacte groei. De haagplant met sierlijk blad is daarom populair als groene schutting.","breadcrumb":{"@id":"https:\/\/mobilane.com\/nl\/kardinaalsmuts-schutting\/#breadcrumb"},"inLanguage":"nl-NL","potentialAction":[{"@type":"ReadAction","target":["https:\/\/mobilane.com\/nl\/kardinaalsmuts-schutting\/"]}]},{"@type":"ImageObject","inLanguage":"nl-NL","@id":"https:\/\/mobilane.com\/nl\/kardinaalsmuts-schutting\/#primaryimage","url":"https:\/\/mobilane.com\/app\/uploads\/2020\/05\/NFFOTOGRAFIE-MOBILANE-17.jpg","contentUrl":"https:\/\/mobilane.com\/app\/uploads\/2020\/05\/NFFOTOGRAFIE-MOBILANE-17.jpg","width":3000,"height":2000,"caption":"Mobilane Groenblijvende kant-en-klaar haag"},{"@type":"BreadcrumbList","@id":"https:\/\/mobilane.com\/nl\/kardinaalsmuts-schutting\/#breadcrumb","itemListElement":[{"@type":"ListItem","position":1,"name":"Home","item":"https:\/\/mobilane.com\/nl\/"},{"@type":"ListItem","position":2,"name":"Kardinaalsmuts schutting"}]},{"@type":"WebSite","@id":"https:\/\/mobilane.com\/#website","url":"https:\/\/mobilane.com\/","name":"Mobilane","description":"Ready Made Green Systems","publisher":{"@id":"https:\/\/mobilane.com\/#organization"},"potentialAction":[{"@type":"SearchAction","target":{"@type":"EntryPoint","urlTemplate":"https:\/\/mobilane.com\/?s={search_term_string}"},"query-input":{"@type":"PropertyValueSpecification","valueRequired":true,"valueName":"search_term_string"}}],"inLanguage":"nl-NL"},{"@type":"Organization","@id":"https:\/\/mobilane.com\/#organization","name":"Mobilane","url":"https:\/\/mobilane.com\/","logo":{"@type":"ImageObject","inLanguage":"nl-NL","@id":"https:\/\/mobilane.com\/#\/schema\/logo\/image\/","url":"https:\/\/mobilane.com\/app\/uploads\/2019\/10\/logo-colour2x.png","contentUrl":"https:\/\/mobilane.com\/app\/uploads\/2019\/10\/logo-colour2x.png","width":1472,"height":295,"caption":"Mobilane"},"image":{"@id":"https:\/\/mobilane.com\/#\/schema\/logo\/image\/"}}]}},"_links":{"self":[{"href":"https:\/\/mobilane.com\/nl\/wp-json\/wp\/v2\/pages\/25840","targetHints":{"allow":["GET"]}}],"collection":[{"href":"https:\/\/mobilane.com\/nl\/wp-json\/wp\/v2\/pages"}],"about":[{"href":"https:\/\/mobilane.com\/nl\/wp-json\/wp\/v2\/types\/page"}],"author":[{"embeddable":true,"href":"https:\/\/mobilane.com\/nl\/wp-json\/wp\/v2\/users\/16"}],"replies":[{"embeddable":true,"href":"https:\/\/mobilane.com\/nl\/wp-json\/wp\/v2\/comments?post=25840"}],"version-history":[{"count":5,"href":"https:\/\/mobilane.com\/nl\/wp-json\/wp\/v2\/pages\/25840\/revisions"}],"predecessor-version":[{"id":64630,"href":"https:\/\/mobilane.com\/nl\/wp-json\/wp\/v2\/pages\/25840\/revisions\/64630"}],"wp:featuredmedia":[{"embeddable":true,"href":"https:\/\/mobilane.com\/nl\/wp-json\/wp\/v2\/media\/20754"}],"wp:attachment":[{"href":"https:\/\/mobilane.com\/nl\/wp-json\/wp\/v2\/media?parent=25840"}],"curies":[{"name":"wp","href":"https:\/\/api.w.org\/{rel}","templated":true}]}}