{"id":14405,"date":"2020-03-09T12:54:19","date_gmt":"2020-03-09T11:54:19","guid":{"rendered":"https:\/\/mobilane.com\/?page_id=14405"},"modified":"2025-03-19T14:47:17","modified_gmt":"2025-03-19T13:47:17","slug":"werken-bij-mobilane","status":"publish","type":"page","link":"https:\/\/mobilane.com\/nl\/werken-bij-mobilane\/","title":{"rendered":"Werken bij Mobilane"},"content":{"rendered":"<p style=\"text-align: left;\"><strong>Werken bij Mobilane betekent werken voor een familiebedrijf dat wereldwijd opereert met doorgroeimogelijkheden, waarbij passie voor groen, kwaliteit en innovatie voorop staan. <\/strong><strong>Met onze producten dragen we bij aan klimaatadaptatie, biodiversiteit en de ontwikkeling van natuurinclusieve en toekomstbestendige bouwprojecten. Samen met ons hechte team van meer dan 40 collega<\/strong><strong>\u2019<\/strong><strong>s werken<\/strong><strong>, i<\/strong><strong>nnoveren<\/strong><strong>,<\/strong><strong> bouwen en leren we gezamenlijk om het beste uit onszelf en elkaar te halen. We hechten waarde aan openheid voor elkaars unieke eigenschappen en verschillen en daarom omarmen we volledig inclusiviteit en diversiteit. Je komt in een geheel nieuw, modern \u00e9n in het groenste kantoor van de omgeving te werken, neem <a href=\"https:\/\/bit.ly\/37ja29L\" target=\"_blank\" rel=\"noopener\">hier<\/a> een kijkje.<\/strong><\/p>\n<p><img loading=\"lazy\" decoding=\"async\" class=\"wp-image-64264 size-full alignright\" src=\"https:\/\/mobilane.com\/app\/uploads\/2024\/03\/Mobilane-werken-bij-2.jpg\" alt=\"Mobilane vacatures\" width=\"1500\" height=\"495\" \/><\/p>\n<h2 style=\"text-align: center;\">Werken bij Mobilane betekent<\/h2>\n<p style=\"text-align: left;\"><strong>IMPACT MAKEN:<\/strong> Werken bij Mobilane is d\u00e9 kans om een essenti\u00eble bijdrage te leveren aan het cre\u00ebren aan een groene en duurzame planeet. Door daarnaast werkgelegenheid te bieden aan meer dan 250 mensen met een afstand tot de arbeidsmarkt, dragen we ook bij aan sociale impact.<\/p>\n<p style=\"text-align: left;\"><strong>EEN POSITIEVE BEDRIJFSCULTUUR: <\/strong>Bij Mobilane streven we naar een bedrijfscultuur die gebaseerd is op inclusiviteit, diversiteit en teamspirit. We geloven in het cre\u00ebren van een werkomgeving waarin iedereen zich gewaardeerd, gerespecteerd en gehoord voelt, ongeacht achtergrond, geslacht, leeftijd of overige kenmerken. Onze teamspirit is de drijvende kracht achter ons succes. We moedigen samenwerking en ondersteuning aan, waarbij we geloven dat het bundelen van onze krachten leidt tot grotere prestaties en resultaten. Bij Mobilane zijn we \u00e9\u00e9n team, gedreven door onze gedeelde passie voor groen, duurzaamheid en het cre\u00ebren van een positieve impact op de wereld om ons heen.<\/p>\n<p style=\"text-align: left;\"><strong>PERSOONLIJKE GROEI: <\/strong>Bij Mobilane geloven we dat groei een essentieel onderdeel is van ons bedrijf, niet alleen voor onze planten, maar ook voor onze mensen. Daarom streven we ernaar om een werkomgeving te cre\u00ebren die groei en ontwikkeling stimuleert voor al onze teamleden. Of je nu aan het begin van je carri\u00e8re staat of al jarenlange ervaring hebt, wij bieden de ondersteuning en middelen die je nodig hebt om te groeien en je vaardigheden verder te ontwikkelen. Dit kan vari\u00ebren van interne trainingen en workshops tot externe educatieve mogelijkheden en mentorprogramma&#8217;s.<\/p>\n<h2 style=\"text-align: center;\">Medewerkers aan het woord<\/h2>\n<p style=\"text-align: left;\">Collegialiteit is erg belangrijk binnen Mobilane. Wekelijks vindt er een bootcamp plaats in een sportschool vlakbij kantoor. Tijdens de pauzes kun je ook heerlijk genieten van de mooie, natuurlijke omgeving tijdens een wandeling om je hoofd te legen. Maandelijks wordt er een gezamenlijke lunch georganiseerd en regelmatig een borrel.<\/p>\n<p><a href=\"https:\/\/mobilane.com\/nl\/medewerkers-aan-het-woord\/\" target=\"_blank\" rel=\"noopener\"><img loading=\"lazy\" decoding=\"async\" class=\"alignnone size-full wp-image-65971\" src=\"https:\/\/mobilane.com\/app\/uploads\/2024\/05\/NL-Mobilane-website-Header-medewerkers-aan-het-woord-2-1.jpg\" alt=\"Werken bij Mobilane website Header medewerkers aan het woord\" width=\"2000\" height=\"600\" srcset=\"https:\/\/mobilane.com\/app\/uploads\/2024\/05\/NL-Mobilane-website-Header-medewerkers-aan-het-woord-2-1.jpg 2000w, https:\/\/mobilane.com\/app\/uploads\/2024\/05\/NL-Mobilane-website-Header-medewerkers-aan-het-woord-2-1-300x90.jpg 300w, https:\/\/mobilane.com\/app\/uploads\/2024\/05\/NL-Mobilane-website-Header-medewerkers-aan-het-woord-2-1-1024x307.jpg 1024w, https:\/\/mobilane.com\/app\/uploads\/2024\/05\/NL-Mobilane-website-Header-medewerkers-aan-het-woord-2-1-768x230.jpg 768w, https:\/\/mobilane.com\/app\/uploads\/2024\/05\/NL-Mobilane-website-Header-medewerkers-aan-het-woord-2-1-1536x461.jpg 1536w, https:\/\/mobilane.com\/app\/uploads\/2024\/05\/NL-Mobilane-website-Header-medewerkers-aan-het-woord-2-1-305x92.jpg 305w, https:\/\/mobilane.com\/app\/uploads\/2024\/05\/NL-Mobilane-website-Header-medewerkers-aan-het-woord-2-1-470x141.jpg 470w, https:\/\/mobilane.com\/app\/uploads\/2024\/05\/NL-Mobilane-website-Header-medewerkers-aan-het-woord-2-1-167x50.jpg 167w\" sizes=\"auto, (max-width: 2000px) 100vw, 2000px\" \/><\/a><\/p>\n<h2 style=\"text-align: center;\">Kansen voor studenten<\/h2>\n<p style=\"text-align: left;\">Draag bij aan baanbrekende projecten, werk samen met gepassioneerde teams die zich inzetten voor het aanpakken van echte uitdagingen. Solliciteer vandaag nog en begin jouw reis naar het cre\u00ebren van een groenere planeet. Samen kunnen we de wereld veranderen voor een duurzamere toekomst. Doe mee en laat jouw passie voor het milieu tot leven komen.<\/p>\n<h2 style=\"text-align: center;\"><strong>Vacatures<\/strong><\/h2>\n<p style=\"text-align: center;\">Word jij onderdeel van onze groene missie? Bekijk onze vacatures!<\/p>\n","protected":false},"excerpt":{"rendered":"<p>Werken bij Mobilane betekent werken voor een familiebedrijf dat wereldwijd opereert met doorgroeimogelijkheden, waarbij passie voor groen, kwaliteit en innovatie voorop staan. Met onze producten dragen we bij aan klimaatadaptatie, biodiversiteit en de ontwikkeling van natuurinclusieve en toekomstbestendige bouwprojecten. Samen met ons hechte team van meer dan 40 collega\u2019s werken, innoveren, bouwen en leren we [&hellip;]<\/p>\n","protected":false},"author":16,"featured_media":0,"parent":0,"menu_order":0,"comment_status":"closed","ping_status":"closed","template":"ct-page-vacancies.php","meta":{"_acf_changed":false,"footnotes":""},"class_list":["post-14405","page","type-page","status-publish","hentry"],"acf":[],"yoast_head":"<!-- This site is optimized with the Yoast SEO plugin v27.3 - https:\/\/yoast.com\/product\/yoast-seo-wordpress\/ -->\n<title>Werken bij Mobilane | Groeien in het groen<\/title>\n<meta name=\"description\" content=\"Mobilane is een familiebedrijf dat wereldwijd opereert en bijdraagt aan klimaatadaptatie, biodiversiteit en toekomstbestendig bouwen.\" \/>\n<meta name=\"robots\" content=\"index, follow, max-snippet:-1, max-image-preview:large, max-video-preview:-1\" \/>\n<link rel=\"canonical\" href=\"https:\/\/mobilane.com\/nl\/werken-bij-mobilane\/\" \/>\n<meta property=\"og:locale\" content=\"nl_NL\" \/>\n<meta property=\"og:type\" content=\"article\" \/>\n<meta property=\"og:title\" content=\"Werken bij Mobilane | Groeien in het groen\" \/>\n<meta property=\"og:description\" content=\"Mobilane is een familiebedrijf dat wereldwijd opereert en bijdraagt aan klimaatadaptatie, biodiversiteit en toekomstbestendig bouwen.\" \/>\n<meta property=\"og:url\" content=\"https:\/\/mobilane.com\/nl\/werken-bij-mobilane\/\" \/>\n<meta property=\"og:site_name\" content=\"Mobilane\" \/>\n<meta property=\"article:modified_time\" content=\"2025-03-19T13:47:17+00:00\" \/>\n<meta name=\"twitter:card\" content=\"summary_large_image\" \/>\n<meta name=\"twitter:label1\" content=\"Geschatte leestijd\" \/>\n\t<meta name=\"twitter:data1\" content=\"3 minuten\" \/>\n<script type=\"application\/ld+json\" class=\"yoast-schema-graph\">{\"@context\":\"https:\\\/\\\/schema.org\",\"@graph\":[{\"@type\":\"WebPage\",\"@id\":\"https:\\\/\\\/mobilane.com\\\/nl\\\/werken-bij-mobilane\\\/\",\"url\":\"https:\\\/\\\/mobilane.com\\\/nl\\\/werken-bij-mobilane\\\/\",\"name\":\"Werken bij Mobilane | Groeien in het groen\",\"isPartOf\":{\"@id\":\"https:\\\/\\\/mobilane.com\\\/#website\"},\"primaryImageOfPage\":{\"@id\":\"https:\\\/\\\/mobilane.com\\\/nl\\\/werken-bij-mobilane\\\/#primaryimage\"},\"image\":{\"@id\":\"https:\\\/\\\/mobilane.com\\\/nl\\\/werken-bij-mobilane\\\/#primaryimage\"},\"thumbnailUrl\":\"https:\\\/\\\/mobilane.com\\\/app\\\/uploads\\\/2024\\\/03\\\/Mobilane-werken-bij-2.jpg\",\"datePublished\":\"2020-03-09T11:54:19+00:00\",\"dateModified\":\"2025-03-19T13:47:17+00:00\",\"description\":\"Mobilane is een familiebedrijf dat wereldwijd opereert en bijdraagt aan klimaatadaptatie, biodiversiteit en toekomstbestendig bouwen.\",\"breadcrumb\":{\"@id\":\"https:\\\/\\\/mobilane.com\\\/nl\\\/werken-bij-mobilane\\\/#breadcrumb\"},\"inLanguage\":\"nl-NL\",\"potentialAction\":[{\"@type\":\"ReadAction\",\"target\":[\"https:\\\/\\\/mobilane.com\\\/nl\\\/werken-bij-mobilane\\\/\"]}]},{\"@type\":\"ImageObject\",\"inLanguage\":\"nl-NL\",\"@id\":\"https:\\\/\\\/mobilane.com\\\/nl\\\/werken-bij-mobilane\\\/#primaryimage\",\"url\":\"https:\\\/\\\/mobilane.com\\\/app\\\/uploads\\\/2024\\\/03\\\/Mobilane-werken-bij-2.jpg\",\"contentUrl\":\"https:\\\/\\\/mobilane.com\\\/app\\\/uploads\\\/2024\\\/03\\\/Mobilane-werken-bij-2.jpg\"},{\"@type\":\"BreadcrumbList\",\"@id\":\"https:\\\/\\\/mobilane.com\\\/nl\\\/werken-bij-mobilane\\\/#breadcrumb\",\"itemListElement\":[{\"@type\":\"ListItem\",\"position\":1,\"name\":\"Home\",\"item\":\"https:\\\/\\\/mobilane.com\\\/nl\\\/\"},{\"@type\":\"ListItem\",\"position\":2,\"name\":\"Werken bij Mobilane\"}]},{\"@type\":\"WebSite\",\"@id\":\"https:\\\/\\\/mobilane.com\\\/#website\",\"url\":\"https:\\\/\\\/mobilane.com\\\/\",\"name\":\"Mobilane\",\"description\":\"Ready Made Green Systems\",\"publisher\":{\"@id\":\"https:\\\/\\\/mobilane.com\\\/#organization\"},\"potentialAction\":[{\"@type\":\"SearchAction\",\"target\":{\"@type\":\"EntryPoint\",\"urlTemplate\":\"https:\\\/\\\/mobilane.com\\\/?s={search_term_string}\"},\"query-input\":{\"@type\":\"PropertyValueSpecification\",\"valueRequired\":true,\"valueName\":\"search_term_string\"}}],\"inLanguage\":\"nl-NL\"},{\"@type\":\"Organization\",\"@id\":\"https:\\\/\\\/mobilane.com\\\/#organization\",\"name\":\"Mobilane\",\"url\":\"https:\\\/\\\/mobilane.com\\\/\",\"logo\":{\"@type\":\"ImageObject\",\"inLanguage\":\"nl-NL\",\"@id\":\"https:\\\/\\\/mobilane.com\\\/#\\\/schema\\\/logo\\\/image\\\/\",\"url\":\"https:\\\/\\\/mobilane.com\\\/app\\\/uploads\\\/2019\\\/10\\\/logo-colour2x.png\",\"contentUrl\":\"https:\\\/\\\/mobilane.com\\\/app\\\/uploads\\\/2019\\\/10\\\/logo-colour2x.png\",\"width\":1472,\"height\":295,\"caption\":\"Mobilane\"},\"image\":{\"@id\":\"https:\\\/\\\/mobilane.com\\\/#\\\/schema\\\/logo\\\/image\\\/\"}}]}<\/script>\n<!-- \/ Yoast SEO plugin. -->","yoast_head_json":{"title":"Werken bij Mobilane | Groeien in het groen","description":"Mobilane is een familiebedrijf dat wereldwijd opereert en bijdraagt aan klimaatadaptatie, biodiversiteit en toekomstbestendig bouwen.","robots":{"index":"index","follow":"follow","max-snippet":"max-snippet:-1","max-image-preview":"max-image-preview:large","max-video-preview":"max-video-preview:-1"},"canonical":"https:\/\/mobilane.com\/nl\/werken-bij-mobilane\/","og_locale":"nl_NL","og_type":"article","og_title":"Werken bij Mobilane | Groeien in het groen","og_description":"Mobilane is een familiebedrijf dat wereldwijd opereert en bijdraagt aan klimaatadaptatie, biodiversiteit en toekomstbestendig bouwen.","og_url":"https:\/\/mobilane.com\/nl\/werken-bij-mobilane\/","og_site_name":"Mobilane","article_modified_time":"2025-03-19T13:47:17+00:00","twitter_card":"summary_large_image","twitter_misc":{"Geschatte leestijd":"3 minuten"},"schema":{"@context":"https:\/\/schema.org","@graph":[{"@type":"WebPage","@id":"https:\/\/mobilane.com\/nl\/werken-bij-mobilane\/","url":"https:\/\/mobilane.com\/nl\/werken-bij-mobilane\/","name":"Werken bij Mobilane | Groeien in het groen","isPartOf":{"@id":"https:\/\/mobilane.com\/#website"},"primaryImageOfPage":{"@id":"https:\/\/mobilane.com\/nl\/werken-bij-mobilane\/#primaryimage"},"image":{"@id":"https:\/\/mobilane.com\/nl\/werken-bij-mobilane\/#primaryimage"},"thumbnailUrl":"https:\/\/mobilane.com\/app\/uploads\/2024\/03\/Mobilane-werken-bij-2.jpg","datePublished":"2020-03-09T11:54:19+00:00","dateModified":"2025-03-19T13:47:17+00:00","description":"Mobilane is een familiebedrijf dat wereldwijd opereert en bijdraagt aan klimaatadaptatie, biodiversiteit en toekomstbestendig bouwen.","breadcrumb":{"@id":"https:\/\/mobilane.com\/nl\/werken-bij-mobilane\/#breadcrumb"},"inLanguage":"nl-NL","potentialAction":[{"@type":"ReadAction","target":["https:\/\/mobilane.com\/nl\/werken-bij-mobilane\/"]}]},{"@type":"ImageObject","inLanguage":"nl-NL","@id":"https:\/\/mobilane.com\/nl\/werken-bij-mobilane\/#primaryimage","url":"https:\/\/mobilane.com\/app\/uploads\/2024\/03\/Mobilane-werken-bij-2.jpg","contentUrl":"https:\/\/mobilane.com\/app\/uploads\/2024\/03\/Mobilane-werken-bij-2.jpg"},{"@type":"BreadcrumbList","@id":"https:\/\/mobilane.com\/nl\/werken-bij-mobilane\/#breadcrumb","itemListElement":[{"@type":"ListItem","position":1,"name":"Home","item":"https:\/\/mobilane.com\/nl\/"},{"@type":"ListItem","position":2,"name":"Werken bij Mobilane"}]},{"@type":"WebSite","@id":"https:\/\/mobilane.com\/#website","url":"https:\/\/mobilane.com\/","name":"Mobilane","description":"Ready Made Green Systems","publisher":{"@id":"https:\/\/mobilane.com\/#organization"},"potentialAction":[{"@type":"SearchAction","target":{"@type":"EntryPoint","urlTemplate":"https:\/\/mobilane.com\/?s={search_term_string}"},"query-input":{"@type":"PropertyValueSpecification","valueRequired":true,"valueName":"search_term_string"}}],"inLanguage":"nl-NL"},{"@type":"Organization","@id":"https:\/\/mobilane.com\/#organization","name":"Mobilane","url":"https:\/\/mobilane.com\/","logo":{"@type":"ImageObject","inLanguage":"nl-NL","@id":"https:\/\/mobilane.com\/#\/schema\/logo\/image\/","url":"https:\/\/mobilane.com\/app\/uploads\/2019\/10\/logo-colour2x.png","contentUrl":"https:\/\/mobilane.com\/app\/uploads\/2019\/10\/logo-colour2x.png","width":1472,"height":295,"caption":"Mobilane"},"image":{"@id":"https:\/\/mobilane.com\/#\/schema\/logo\/image\/"}}]}},"_links":{"self":[{"href":"https:\/\/mobilane.com\/nl\/wp-json\/wp\/v2\/pages\/14405","targetHints":{"allow":["GET"]}}],"collection":[{"href":"https:\/\/mobilane.com\/nl\/wp-json\/wp\/v2\/pages"}],"about":[{"href":"https:\/\/mobilane.com\/nl\/wp-json\/wp\/v2\/types\/page"}],"author":[{"embeddable":true,"href":"https:\/\/mobilane.com\/nl\/wp-json\/wp\/v2\/users\/16"}],"replies":[{"embeddable":true,"href":"https:\/\/mobilane.com\/nl\/wp-json\/wp\/v2\/comments?post=14405"}],"version-history":[{"count":4,"href":"https:\/\/mobilane.com\/nl\/wp-json\/wp\/v2\/pages\/14405\/revisions"}],"predecessor-version":[{"id":75936,"href":"https:\/\/mobilane.com\/nl\/wp-json\/wp\/v2\/pages\/14405\/revisions\/75936"}],"wp:attachment":[{"href":"https:\/\/mobilane.com\/nl\/wp-json\/wp\/v2\/media?parent=14405"}],"curies":[{"name":"wp","href":"https:\/\/api.w.org\/{rel}","templated":true}]}}