{"id":84762,"date":"2025-04-07T16:02:26","date_gmt":"2025-04-07T14:02:26","guid":{"rendered":"https:\/\/mobilane.com\/produkte\/livepanel-tank\/"},"modified":"2025-09-26T13:44:46","modified_gmt":"2025-09-26T11:44:46","slug":"livepanel-tank","status":"publish","type":"product","link":"https:\/\/mobilane.com\/de\/produkte\/livepanel-tank\/","title":{"rendered":"LivePanel TANK"},"content":{"rendered":"","protected":false},"excerpt":{"rendered":"","protected":false},"author":14,"featured_media":55695,"menu_order":0,"comment_status":"closed","ping_status":"closed","template":"","class_list":["post-84762","product","type-product","status-publish","has-post-thumbnail","hentry","product_label-indoor-de","target_audience-gewerblich","target_audience-privat"],"acf":{"is_category_page":false,"information":"<strong>Die LivePanel TANK ist ein innovatives Bew\u00e4sserungssystem f\u00fcr gr\u00fcne W\u00e4nde in Innenr\u00e4umen, das keinen festen Wasseranschluss ben\u00f6tigt und die Pflanzen bis zu sechs Wochen lang mit Wasser versorgen kann. Mit nur einem Stromanschluss ist diese intelligente, zirkul\u00e4re, nachhaltige und pflegeleichte L\u00f6sung einfach und \u00fcberall einsetzbar.<\/strong>","right_information":"<img class=\"alignnone wp-image-50053\" src=\"http:\/\/mobilane.com\/app\/uploads\/2018\/05\/Recycle-icon-v2.png\" sizes=\"(max-width: 57px) 100vw, 57px\" srcset=\"https:\/\/mobilane.com\/app\/uploads\/2018\/05\/Recycle-icon-v2.png 2567w, https:\/\/mobilane.com\/app\/uploads\/2018\/05\/Recycle-icon-v2-300x267.png 300w, https:\/\/mobilane.com\/app\/uploads\/2018\/05\/Recycle-icon-v2-1024x912.png 1024w, https:\/\/mobilane.com\/app\/uploads\/2018\/05\/Recycle-icon-v2-768x684.png 768w, https:\/\/mobilane.com\/app\/uploads\/2018\/05\/Recycle-icon-v2-1536x1368.png 1536w, https:\/\/mobilane.com\/app\/uploads\/2018\/05\/Recycle-icon-v2-2048x1824.png 2048w, https:\/\/mobilane.com\/app\/uploads\/2018\/05\/Recycle-icon-v2-305x272.png 305w, https:\/\/mobilane.com\/app\/uploads\/2018\/05\/Recycle-icon-v2-470x419.png 470w, https:\/\/mobilane.com\/app\/uploads\/2018\/05\/Recycle-icon-v2-56x50.png 56w\" alt=\"\" width=\"57\" height=\"51\" \/>\r\n<b>Zirkul\u00e4r\r\n<\/b>Die LivePanel TANK besteht aus nachhaltigen Materialien, ist wiederverwendbar und vollst\u00e4ndig recycelbar \u2013 die ideale zirkul\u00e4re L\u00f6sung f\u00fcr begr\u00fcnte W\u00e4nde.\r\n\r\n<img class=\"alignnone wp-image-37367 \" src=\"http:\/\/mobilane.com\/app\/uploads\/2021\/07\/Waterdruppel-icoontje-002-300x300.png\" sizes=\"(max-width: 40px) 100vw, 40px\" srcset=\"https:\/\/mobilane.com\/app\/uploads\/2021\/07\/Waterdruppel-icoontje-002-300x300.png 300w, https:\/\/mobilane.com\/app\/uploads\/2021\/07\/Waterdruppel-icoontje-002-150x150.png 150w, https:\/\/mobilane.com\/app\/uploads\/2021\/07\/Waterdruppel-icoontje-002.png 500w, https:\/\/mobilane.com\/app\/uploads\/2021\/07\/Waterdruppel-icoontje-002-470x470.png 470w, https:\/\/mobilane.com\/app\/uploads\/2021\/07\/Waterdruppel-icoontje-002-50x50.png 50w, https:\/\/mobilane.com\/app\/uploads\/2021\/07\/Waterdruppel-icoontje-002-186x186.png 186w\" alt=\"zuinig waterverbruik\" width=\"40\" height=\"40\" \/>\r\n<strong>Wasser sparend<\/strong>\r\nDer integrierte Wassertank versorgt die Pflanzen automatisch f\u00fcr ca. 4\u20136 Wochen mit Wasser \u2013 sparsam und ohne Wasserverschwendung.\r\n\r\n<img class=\"alignnone wp-image-50047\" src=\"http:\/\/mobilane.com\/app\/uploads\/2018\/05\/Plants-healthy-climate-icon.png\" sizes=\"(max-width: 43px) 100vw, 43px\" srcset=\"https:\/\/mobilane.com\/app\/uploads\/2018\/05\/Plants-healthy-climate-icon.png 500w, https:\/\/mobilane.com\/app\/uploads\/2018\/05\/Plants-healthy-climate-icon-300x300.png 300w, https:\/\/mobilane.com\/app\/uploads\/2018\/05\/Plants-healthy-climate-icon-150x150.png 150w, https:\/\/mobilane.com\/app\/uploads\/2018\/05\/Plants-healthy-climate-icon-470x470.png 470w, https:\/\/mobilane.com\/app\/uploads\/2018\/05\/Plants-healthy-climate-icon-50x50.png 50w, https:\/\/mobilane.com\/app\/uploads\/2018\/05\/Plants-healthy-climate-icon-186x186.png 186w\" alt=\"\" width=\"43\" height=\"43\" \/>\r\n<strong>Saubere und gesunde Luft<\/strong>\r\nDie lebenden Pflanzen in der LivePanel TANK sorgen f\u00fcr saubere Luft und ein gesundes Raumklima.","download":79471,"product_bradcrumb":null,"cps_term_link":""},"yoast_head":"<!-- This site is optimized with the Yoast SEO plugin v27.3 - https:\/\/yoast.com\/product\/yoast-seo-wordpress\/ -->\n<title>Einfache Gr\u00fcnwand ohne Wasseranschluss | Mobilane<\/title>\n<meta name=\"description\" content=\"Kein Wasseranschluss? Mit der LivePanel TANK genie\u00dfen Sie bis zu 6 Wochen lang eine beeindruckende Gr\u00fcnwand, ganz ohne feste Wasserleitung.\" \/>\n<meta name=\"robots\" content=\"index, follow, max-snippet:-1, max-image-preview:large, max-video-preview:-1\" \/>\n<link rel=\"canonical\" href=\"https:\/\/mobilane.com\/de\/produkte\/livepanel-tank\/\" \/>\n<meta property=\"og:locale\" content=\"de_DE\" \/>\n<meta property=\"og:type\" content=\"article\" \/>\n<meta property=\"og:title\" content=\"Einfache Gr\u00fcnwand ohne Wasseranschluss | Mobilane\" \/>\n<meta property=\"og:description\" content=\"Kein Wasseranschluss? Mit der LivePanel TANK genie\u00dfen Sie bis zu 6 Wochen lang eine beeindruckende Gr\u00fcnwand, ganz ohne feste Wasserleitung.\" \/>\n<meta property=\"og:url\" content=\"https:\/\/mobilane.com\/de\/produkte\/livepanel-tank\/\" \/>\n<meta property=\"og:site_name\" content=\"Mobilane\" \/>\n<meta property=\"article:modified_time\" content=\"2025-09-26T11:44:46+00:00\" \/>\n<meta property=\"og:image\" content=\"https:\/\/mobilane.com\/app\/uploads\/2023\/05\/MobilaneLivePanelTANKDE-683x1024.png\" \/>\n\t<meta property=\"og:image:width\" content=\"683\" \/>\n\t<meta property=\"og:image:height\" content=\"1024\" \/>\n\t<meta property=\"og:image:type\" content=\"image\/png\" \/>\n<meta name=\"twitter:card\" content=\"summary_large_image\" \/>\n<meta name=\"twitter:label1\" content=\"Gesch\u00e4tzte Lesezeit\" \/>\n\t<meta name=\"twitter:data1\" content=\"1\u00a0Minute\" \/>\n<script type=\"application\/ld+json\" class=\"yoast-schema-graph\">{\"@context\":\"https:\\\/\\\/schema.org\",\"@graph\":[{\"@type\":\"WebPage\",\"@id\":\"https:\\\/\\\/mobilane.com\\\/de\\\/produkte\\\/livepanel-tank\\\/\",\"url\":\"https:\\\/\\\/mobilane.com\\\/de\\\/produkte\\\/livepanel-tank\\\/\",\"name\":\"Einfache Gr\u00fcnwand ohne Wasseranschluss | Mobilane\",\"isPartOf\":{\"@id\":\"https:\\\/\\\/mobilane.com\\\/#website\"},\"primaryImageOfPage\":{\"@id\":\"https:\\\/\\\/mobilane.com\\\/de\\\/produkte\\\/livepanel-tank\\\/#primaryimage\"},\"image\":{\"@id\":\"https:\\\/\\\/mobilane.com\\\/de\\\/produkte\\\/livepanel-tank\\\/#primaryimage\"},\"thumbnailUrl\":\"https:\\\/\\\/mobilane.com\\\/app\\\/uploads\\\/2023\\\/05\\\/MobilaneLivePanelTANKDE.png\",\"datePublished\":\"2025-04-07T14:02:26+00:00\",\"dateModified\":\"2025-09-26T11:44:46+00:00\",\"description\":\"Kein Wasseranschluss? Mit der LivePanel TANK genie\u00dfen Sie bis zu 6 Wochen lang eine beeindruckende Gr\u00fcnwand, ganz ohne feste Wasserleitung.\",\"breadcrumb\":{\"@id\":\"https:\\\/\\\/mobilane.com\\\/de\\\/produkte\\\/livepanel-tank\\\/#breadcrumb\"},\"inLanguage\":\"de\",\"potentialAction\":[{\"@type\":\"ReadAction\",\"target\":[\"https:\\\/\\\/mobilane.com\\\/de\\\/produkte\\\/livepanel-tank\\\/\"]}]},{\"@type\":\"ImageObject\",\"inLanguage\":\"de\",\"@id\":\"https:\\\/\\\/mobilane.com\\\/de\\\/produkte\\\/livepanel-tank\\\/#primaryimage\",\"url\":\"https:\\\/\\\/mobilane.com\\\/app\\\/uploads\\\/2023\\\/05\\\/MobilaneLivePanelTANKDE.png\",\"contentUrl\":\"https:\\\/\\\/mobilane.com\\\/app\\\/uploads\\\/2023\\\/05\\\/MobilaneLivePanelTANKDE.png\",\"width\":1000,\"height\":1500,\"caption\":\"Mobilane_LivePanel_TANK_Germany\"},{\"@type\":\"BreadcrumbList\",\"@id\":\"https:\\\/\\\/mobilane.com\\\/de\\\/produkte\\\/livepanel-tank\\\/#breadcrumb\",\"itemListElement\":[{\"@type\":\"ListItem\",\"position\":1,\"name\":\"Home\",\"item\":\"https:\\\/\\\/mobilane.com\\\/de\\\/\"},{\"@type\":\"ListItem\",\"position\":2,\"name\":\"Posts\",\"item\":\"https:\\\/\\\/mobilane.com\\\/products\\\/\"},{\"@type\":\"ListItem\",\"position\":3,\"name\":\"LivePanel TANK\"}]},{\"@type\":\"WebSite\",\"@id\":\"https:\\\/\\\/mobilane.com\\\/#website\",\"url\":\"https:\\\/\\\/mobilane.com\\\/\",\"name\":\"Mobilane\",\"description\":\"Ready Made Green Systems\",\"publisher\":{\"@id\":\"https:\\\/\\\/mobilane.com\\\/#organization\"},\"potentialAction\":[{\"@type\":\"SearchAction\",\"target\":{\"@type\":\"EntryPoint\",\"urlTemplate\":\"https:\\\/\\\/mobilane.com\\\/?s={search_term_string}\"},\"query-input\":{\"@type\":\"PropertyValueSpecification\",\"valueRequired\":true,\"valueName\":\"search_term_string\"}}],\"inLanguage\":\"de\"},{\"@type\":\"Organization\",\"@id\":\"https:\\\/\\\/mobilane.com\\\/#organization\",\"name\":\"Mobilane\",\"url\":\"https:\\\/\\\/mobilane.com\\\/\",\"logo\":{\"@type\":\"ImageObject\",\"inLanguage\":\"de\",\"@id\":\"https:\\\/\\\/mobilane.com\\\/#\\\/schema\\\/logo\\\/image\\\/\",\"url\":\"https:\\\/\\\/mobilane.com\\\/app\\\/uploads\\\/2019\\\/10\\\/logo-colour2x.png\",\"contentUrl\":\"https:\\\/\\\/mobilane.com\\\/app\\\/uploads\\\/2019\\\/10\\\/logo-colour2x.png\",\"width\":1472,\"height\":295,\"caption\":\"Mobilane\"},\"image\":{\"@id\":\"https:\\\/\\\/mobilane.com\\\/#\\\/schema\\\/logo\\\/image\\\/\"}}]}<\/script>\n<!-- \/ Yoast SEO plugin. -->","yoast_head_json":{"title":"Einfache Gr\u00fcnwand ohne Wasseranschluss | Mobilane","description":"Kein Wasseranschluss? Mit der LivePanel TANK genie\u00dfen Sie bis zu 6 Wochen lang eine beeindruckende Gr\u00fcnwand, ganz ohne feste Wasserleitung.","robots":{"index":"index","follow":"follow","max-snippet":"max-snippet:-1","max-image-preview":"max-image-preview:large","max-video-preview":"max-video-preview:-1"},"canonical":"https:\/\/mobilane.com\/de\/produkte\/livepanel-tank\/","og_locale":"de_DE","og_type":"article","og_title":"Einfache Gr\u00fcnwand ohne Wasseranschluss | Mobilane","og_description":"Kein Wasseranschluss? Mit der LivePanel TANK genie\u00dfen Sie bis zu 6 Wochen lang eine beeindruckende Gr\u00fcnwand, ganz ohne feste Wasserleitung.","og_url":"https:\/\/mobilane.com\/de\/produkte\/livepanel-tank\/","og_site_name":"Mobilane","article_modified_time":"2025-09-26T11:44:46+00:00","og_image":[{"width":683,"height":1024,"url":"https:\/\/mobilane.com\/app\/uploads\/2023\/05\/MobilaneLivePanelTANKDE-683x1024.png","type":"image\/png"}],"twitter_card":"summary_large_image","twitter_misc":{"Gesch\u00e4tzte Lesezeit":"1\u00a0Minute"},"schema":{"@context":"https:\/\/schema.org","@graph":[{"@type":"WebPage","@id":"https:\/\/mobilane.com\/de\/produkte\/livepanel-tank\/","url":"https:\/\/mobilane.com\/de\/produkte\/livepanel-tank\/","name":"Einfache Gr\u00fcnwand ohne Wasseranschluss | Mobilane","isPartOf":{"@id":"https:\/\/mobilane.com\/#website"},"primaryImageOfPage":{"@id":"https:\/\/mobilane.com\/de\/produkte\/livepanel-tank\/#primaryimage"},"image":{"@id":"https:\/\/mobilane.com\/de\/produkte\/livepanel-tank\/#primaryimage"},"thumbnailUrl":"https:\/\/mobilane.com\/app\/uploads\/2023\/05\/MobilaneLivePanelTANKDE.png","datePublished":"2025-04-07T14:02:26+00:00","dateModified":"2025-09-26T11:44:46+00:00","description":"Kein Wasseranschluss? Mit der LivePanel TANK genie\u00dfen Sie bis zu 6 Wochen lang eine beeindruckende Gr\u00fcnwand, ganz ohne feste Wasserleitung.","breadcrumb":{"@id":"https:\/\/mobilane.com\/de\/produkte\/livepanel-tank\/#breadcrumb"},"inLanguage":"de","potentialAction":[{"@type":"ReadAction","target":["https:\/\/mobilane.com\/de\/produkte\/livepanel-tank\/"]}]},{"@type":"ImageObject","inLanguage":"de","@id":"https:\/\/mobilane.com\/de\/produkte\/livepanel-tank\/#primaryimage","url":"https:\/\/mobilane.com\/app\/uploads\/2023\/05\/MobilaneLivePanelTANKDE.png","contentUrl":"https:\/\/mobilane.com\/app\/uploads\/2023\/05\/MobilaneLivePanelTANKDE.png","width":1000,"height":1500,"caption":"Mobilane_LivePanel_TANK_Germany"},{"@type":"BreadcrumbList","@id":"https:\/\/mobilane.com\/de\/produkte\/livepanel-tank\/#breadcrumb","itemListElement":[{"@type":"ListItem","position":1,"name":"Home","item":"https:\/\/mobilane.com\/de\/"},{"@type":"ListItem","position":2,"name":"Posts","item":"https:\/\/mobilane.com\/products\/"},{"@type":"ListItem","position":3,"name":"LivePanel TANK"}]},{"@type":"WebSite","@id":"https:\/\/mobilane.com\/#website","url":"https:\/\/mobilane.com\/","name":"Mobilane","description":"Ready Made Green Systems","publisher":{"@id":"https:\/\/mobilane.com\/#organization"},"potentialAction":[{"@type":"SearchAction","target":{"@type":"EntryPoint","urlTemplate":"https:\/\/mobilane.com\/?s={search_term_string}"},"query-input":{"@type":"PropertyValueSpecification","valueRequired":true,"valueName":"search_term_string"}}],"inLanguage":"de"},{"@type":"Organization","@id":"https:\/\/mobilane.com\/#organization","name":"Mobilane","url":"https:\/\/mobilane.com\/","logo":{"@type":"ImageObject","inLanguage":"de","@id":"https:\/\/mobilane.com\/#\/schema\/logo\/image\/","url":"https:\/\/mobilane.com\/app\/uploads\/2019\/10\/logo-colour2x.png","contentUrl":"https:\/\/mobilane.com\/app\/uploads\/2019\/10\/logo-colour2x.png","width":1472,"height":295,"caption":"Mobilane"},"image":{"@id":"https:\/\/mobilane.com\/#\/schema\/logo\/image\/"}}]}},"_links":{"self":[{"href":"https:\/\/mobilane.com\/de\/wp-json\/wp\/v2\/product\/84762","targetHints":{"allow":["GET"]}}],"collection":[{"href":"https:\/\/mobilane.com\/de\/wp-json\/wp\/v2\/product"}],"about":[{"href":"https:\/\/mobilane.com\/de\/wp-json\/wp\/v2\/types\/product"}],"author":[{"embeddable":true,"href":"https:\/\/mobilane.com\/de\/wp-json\/wp\/v2\/users\/14"}],"replies":[{"embeddable":true,"href":"https:\/\/mobilane.com\/de\/wp-json\/wp\/v2\/comments?post=84762"}],"version-history":[{"count":1,"href":"https:\/\/mobilane.com\/de\/wp-json\/wp\/v2\/product\/84762\/revisions"}],"predecessor-version":[{"id":84763,"href":"https:\/\/mobilane.com\/de\/wp-json\/wp\/v2\/product\/84762\/revisions\/84763"}],"wp:featuredmedia":[{"embeddable":true,"href":"https:\/\/mobilane.com\/de\/wp-json\/wp\/v2\/media\/55695"}],"wp:attachment":[{"href":"https:\/\/mobilane.com\/de\/wp-json\/wp\/v2\/media?parent=84762"}],"curies":[{"name":"wp","href":"https:\/\/api.w.org\/{rel}","templated":true}]}}