{"id":83674,"date":"2025-08-20T11:41:41","date_gmt":"2025-08-20T09:41:41","guid":{"rendered":"https:\/\/mobilane.com\/?post_type=product&#038;p=83674"},"modified":"2025-08-20T11:41:42","modified_gmt":"2025-08-20T09:41:42","slug":"noistop-green","status":"publish","type":"product","link":"https:\/\/mobilane.com\/de\/produkte\/noistop-green\/","title":{"rendered":"NoiStop Green"},"content":{"rendered":"","protected":false},"excerpt":{"rendered":"","protected":false},"author":29,"featured_media":75249,"menu_order":12,"comment_status":"closed","ping_status":"closed","template":"","class_list":["post-83674","product","type-product","status-publish","has-post-thumbnail","hentry","product_label-outdoor-de","target_audience-unkategorisiert"],"acf":{"is_category_page":false,"information":"NoiStop Green ist eine innovative L\u00e4rmschutzwand, die dank der Kombination aus NoiStop und der gebrauchsfertigen Hecke von Mobilane eine effektive L\u00e4rmreduzierung mit sofortiger Begr\u00fcnung verbindet. Dieses nachhaltige System bietet sofortige Privatsph\u00e4re, reduzierte L\u00e4rmbelastung und ein nat\u00fcrliches Aussehen und eignet sich ideal f\u00fcr G\u00e4rten, \u00f6ffentliche R\u00e4ume und st\u00e4dtische Umgebungen.","right_information":"<img class=\"alignnone wp-image-50065\" src=\"http:\/\/mobilane.com\/app\/uploads\/2018\/05\/Sound-icon.png\" alt=\"\" width=\"56\" height=\"50\" \/> <strong>L\u00e4rmminderung mit Gr\u00fcnfl\u00e4chen<\/strong> NoiStop Green kombiniert effektive L\u00e4rmminderung und -absorption mit einer vollgewachsenen Hecke f\u00fcr eine nat\u00fcrliche und ruhige Umgebung.\r\n\r\n<img class=\"alignnone wp-image-50059\" src=\"http:\/\/mobilane.com\/app\/uploads\/2018\/05\/Rust-Privacy-en-veiligheid-icon.png\" alt=\"\" width=\"52\" height=\"52\" \/> <strong>Ruhe, Privatsph\u00e4re und Sicherheit<\/strong> Eine L\u00e4rmschutzwand, die sofort mit Vegetation bedeckt ist, f\u00fcr maximale Privatsph\u00e4re und ein gr\u00fcnes Erscheinungsbild ab dem ersten Tag.\r\n\r\n<img class=\"alignnone wp-image-50101\" src=\"http:\/\/mobilane.com\/app\/uploads\/2018\/05\/Duurzaam-icon.png\" alt=\"\" width=\"50\" height=\"50\" \/> <strong>Nachhaltig<\/strong> Hergestellt aus hochwertigen Materialien und ausgereiften Pflanzen, mit einer langen Lebensdauer und minimalem Wartungsaufwand.","download":79471,"product_bradcrumb":[{"title":"Privat"},{"title":"Gewerbe"},{"title":"Landschaftsbau"}],"cps_term_link":""},"yoast_head":"<!-- This site is optimized with the Yoast SEO plugin v27.3 - https:\/\/yoast.com\/product\/yoast-seo-wordpress\/ -->\n<title>L\u00e4rmschutzwand, die sofort gr\u00fcn installiert wird | Mobilane<\/title>\n<meta name=\"description\" content=\"NoiStop Green d\u00e4mpft Ger\u00e4usche und sorgt f\u00fcr sofortige Begr\u00fcnung. Ruhe, Privatsph\u00e4re und Natur vereint in einer nachhaltigen L\u00f6sung.\" \/>\n<meta name=\"robots\" content=\"index, follow, max-snippet:-1, max-image-preview:large, max-video-preview:-1\" \/>\n<link rel=\"canonical\" href=\"https:\/\/mobilane.com\/de\/produkte\/noistop-green\/\" \/>\n<meta property=\"og:locale\" content=\"de_DE\" \/>\n<meta property=\"og:type\" content=\"article\" \/>\n<meta property=\"og:title\" content=\"L\u00e4rmschutzwand, die sofort gr\u00fcn installiert wird | Mobilane\" \/>\n<meta property=\"og:description\" content=\"NoiStop Green d\u00e4mpft Ger\u00e4usche und sorgt f\u00fcr sofortige Begr\u00fcnung. Ruhe, Privatsph\u00e4re und Natur vereint in einer nachhaltigen L\u00f6sung.\" \/>\n<meta property=\"og:url\" content=\"https:\/\/mobilane.com\/de\/produkte\/noistop-green\/\" \/>\n<meta property=\"og:site_name\" content=\"Mobilane\" \/>\n<meta property=\"article:modified_time\" content=\"2025-08-20T09:41:42+00:00\" \/>\n<meta property=\"og:image\" content=\"https:\/\/mobilane.com\/app\/uploads\/2025\/02\/Mobilane-Header-NoiStop-green-Direct-een-met-groen-bedekte-geluidswand.jpg\" \/>\n\t<meta property=\"og:image:width\" content=\"2000\" \/>\n\t<meta property=\"og:image:height\" content=\"600\" \/>\n\t<meta property=\"og:image:type\" content=\"image\/jpeg\" \/>\n<meta name=\"twitter:card\" content=\"summary_large_image\" \/>\n<meta name=\"twitter:label1\" content=\"Gesch\u00e4tzte Lesezeit\" \/>\n\t<meta name=\"twitter:data1\" content=\"1\u00a0Minute\" \/>\n<script type=\"application\/ld+json\" class=\"yoast-schema-graph\">{\"@context\":\"https:\\\/\\\/schema.org\",\"@graph\":[{\"@type\":\"WebPage\",\"@id\":\"https:\\\/\\\/mobilane.com\\\/de\\\/produkte\\\/noistop-green\\\/\",\"url\":\"https:\\\/\\\/mobilane.com\\\/de\\\/produkte\\\/noistop-green\\\/\",\"name\":\"L\u00e4rmschutzwand, die sofort gr\u00fcn installiert wird | Mobilane\",\"isPartOf\":{\"@id\":\"https:\\\/\\\/mobilane.com\\\/#website\"},\"primaryImageOfPage\":{\"@id\":\"https:\\\/\\\/mobilane.com\\\/de\\\/produkte\\\/noistop-green\\\/#primaryimage\"},\"image\":{\"@id\":\"https:\\\/\\\/mobilane.com\\\/de\\\/produkte\\\/noistop-green\\\/#primaryimage\"},\"thumbnailUrl\":\"https:\\\/\\\/mobilane.com\\\/app\\\/uploads\\\/2025\\\/02\\\/Mobilane-Header-NoiStop-green-Direct-een-met-groen-bedekte-geluidswand.jpg\",\"datePublished\":\"2025-08-20T09:41:41+00:00\",\"dateModified\":\"2025-08-20T09:41:42+00:00\",\"description\":\"NoiStop Green d\u00e4mpft Ger\u00e4usche und sorgt f\u00fcr sofortige Begr\u00fcnung. Ruhe, Privatsph\u00e4re und Natur vereint in einer nachhaltigen L\u00f6sung.\",\"breadcrumb\":{\"@id\":\"https:\\\/\\\/mobilane.com\\\/de\\\/produkte\\\/noistop-green\\\/#breadcrumb\"},\"inLanguage\":\"de\",\"potentialAction\":[{\"@type\":\"ReadAction\",\"target\":[\"https:\\\/\\\/mobilane.com\\\/de\\\/produkte\\\/noistop-green\\\/\"]}]},{\"@type\":\"ImageObject\",\"inLanguage\":\"de\",\"@id\":\"https:\\\/\\\/mobilane.com\\\/de\\\/produkte\\\/noistop-green\\\/#primaryimage\",\"url\":\"https:\\\/\\\/mobilane.com\\\/app\\\/uploads\\\/2025\\\/02\\\/Mobilane-Header-NoiStop-green-Direct-een-met-groen-bedekte-geluidswand.jpg\",\"contentUrl\":\"https:\\\/\\\/mobilane.com\\\/app\\\/uploads\\\/2025\\\/02\\\/Mobilane-Header-NoiStop-green-Direct-een-met-groen-bedekte-geluidswand.jpg\",\"width\":2000,\"height\":600,\"caption\":\"Mobilane Header NoiStop green - Direct een met groen bedekte geluidswand\"},{\"@type\":\"BreadcrumbList\",\"@id\":\"https:\\\/\\\/mobilane.com\\\/de\\\/produkte\\\/noistop-green\\\/#breadcrumb\",\"itemListElement\":[{\"@type\":\"ListItem\",\"position\":1,\"name\":\"Home\",\"item\":\"https:\\\/\\\/mobilane.com\\\/de\\\/\"},{\"@type\":\"ListItem\",\"position\":2,\"name\":\"Posts\",\"item\":\"https:\\\/\\\/mobilane.com\\\/products\\\/\"},{\"@type\":\"ListItem\",\"position\":3,\"name\":\"NoiStop Green\"}]},{\"@type\":\"WebSite\",\"@id\":\"https:\\\/\\\/mobilane.com\\\/#website\",\"url\":\"https:\\\/\\\/mobilane.com\\\/\",\"name\":\"Mobilane\",\"description\":\"Ready Made Green Systems\",\"publisher\":{\"@id\":\"https:\\\/\\\/mobilane.com\\\/#organization\"},\"potentialAction\":[{\"@type\":\"SearchAction\",\"target\":{\"@type\":\"EntryPoint\",\"urlTemplate\":\"https:\\\/\\\/mobilane.com\\\/?s={search_term_string}\"},\"query-input\":{\"@type\":\"PropertyValueSpecification\",\"valueRequired\":true,\"valueName\":\"search_term_string\"}}],\"inLanguage\":\"de\"},{\"@type\":\"Organization\",\"@id\":\"https:\\\/\\\/mobilane.com\\\/#organization\",\"name\":\"Mobilane\",\"url\":\"https:\\\/\\\/mobilane.com\\\/\",\"logo\":{\"@type\":\"ImageObject\",\"inLanguage\":\"de\",\"@id\":\"https:\\\/\\\/mobilane.com\\\/#\\\/schema\\\/logo\\\/image\\\/\",\"url\":\"https:\\\/\\\/mobilane.com\\\/app\\\/uploads\\\/2019\\\/10\\\/logo-colour2x.png\",\"contentUrl\":\"https:\\\/\\\/mobilane.com\\\/app\\\/uploads\\\/2019\\\/10\\\/logo-colour2x.png\",\"width\":1472,\"height\":295,\"caption\":\"Mobilane\"},\"image\":{\"@id\":\"https:\\\/\\\/mobilane.com\\\/#\\\/schema\\\/logo\\\/image\\\/\"}}]}<\/script>\n<!-- \/ Yoast SEO plugin. -->","yoast_head_json":{"title":"L\u00e4rmschutzwand, die sofort gr\u00fcn installiert wird | Mobilane","description":"NoiStop Green d\u00e4mpft Ger\u00e4usche und sorgt f\u00fcr sofortige Begr\u00fcnung. Ruhe, Privatsph\u00e4re und Natur vereint in einer nachhaltigen L\u00f6sung.","robots":{"index":"index","follow":"follow","max-snippet":"max-snippet:-1","max-image-preview":"max-image-preview:large","max-video-preview":"max-video-preview:-1"},"canonical":"https:\/\/mobilane.com\/de\/produkte\/noistop-green\/","og_locale":"de_DE","og_type":"article","og_title":"L\u00e4rmschutzwand, die sofort gr\u00fcn installiert wird | Mobilane","og_description":"NoiStop Green d\u00e4mpft Ger\u00e4usche und sorgt f\u00fcr sofortige Begr\u00fcnung. Ruhe, Privatsph\u00e4re und Natur vereint in einer nachhaltigen L\u00f6sung.","og_url":"https:\/\/mobilane.com\/de\/produkte\/noistop-green\/","og_site_name":"Mobilane","article_modified_time":"2025-08-20T09:41:42+00:00","og_image":[{"width":2000,"height":600,"url":"https:\/\/mobilane.com\/app\/uploads\/2025\/02\/Mobilane-Header-NoiStop-green-Direct-een-met-groen-bedekte-geluidswand.jpg","type":"image\/jpeg"}],"twitter_card":"summary_large_image","twitter_misc":{"Gesch\u00e4tzte Lesezeit":"1\u00a0Minute"},"schema":{"@context":"https:\/\/schema.org","@graph":[{"@type":"WebPage","@id":"https:\/\/mobilane.com\/de\/produkte\/noistop-green\/","url":"https:\/\/mobilane.com\/de\/produkte\/noistop-green\/","name":"L\u00e4rmschutzwand, die sofort gr\u00fcn installiert wird | Mobilane","isPartOf":{"@id":"https:\/\/mobilane.com\/#website"},"primaryImageOfPage":{"@id":"https:\/\/mobilane.com\/de\/produkte\/noistop-green\/#primaryimage"},"image":{"@id":"https:\/\/mobilane.com\/de\/produkte\/noistop-green\/#primaryimage"},"thumbnailUrl":"https:\/\/mobilane.com\/app\/uploads\/2025\/02\/Mobilane-Header-NoiStop-green-Direct-een-met-groen-bedekte-geluidswand.jpg","datePublished":"2025-08-20T09:41:41+00:00","dateModified":"2025-08-20T09:41:42+00:00","description":"NoiStop Green d\u00e4mpft Ger\u00e4usche und sorgt f\u00fcr sofortige Begr\u00fcnung. Ruhe, Privatsph\u00e4re und Natur vereint in einer nachhaltigen L\u00f6sung.","breadcrumb":{"@id":"https:\/\/mobilane.com\/de\/produkte\/noistop-green\/#breadcrumb"},"inLanguage":"de","potentialAction":[{"@type":"ReadAction","target":["https:\/\/mobilane.com\/de\/produkte\/noistop-green\/"]}]},{"@type":"ImageObject","inLanguage":"de","@id":"https:\/\/mobilane.com\/de\/produkte\/noistop-green\/#primaryimage","url":"https:\/\/mobilane.com\/app\/uploads\/2025\/02\/Mobilane-Header-NoiStop-green-Direct-een-met-groen-bedekte-geluidswand.jpg","contentUrl":"https:\/\/mobilane.com\/app\/uploads\/2025\/02\/Mobilane-Header-NoiStop-green-Direct-een-met-groen-bedekte-geluidswand.jpg","width":2000,"height":600,"caption":"Mobilane Header NoiStop green - Direct een met groen bedekte geluidswand"},{"@type":"BreadcrumbList","@id":"https:\/\/mobilane.com\/de\/produkte\/noistop-green\/#breadcrumb","itemListElement":[{"@type":"ListItem","position":1,"name":"Home","item":"https:\/\/mobilane.com\/de\/"},{"@type":"ListItem","position":2,"name":"Posts","item":"https:\/\/mobilane.com\/products\/"},{"@type":"ListItem","position":3,"name":"NoiStop Green"}]},{"@type":"WebSite","@id":"https:\/\/mobilane.com\/#website","url":"https:\/\/mobilane.com\/","name":"Mobilane","description":"Ready Made Green Systems","publisher":{"@id":"https:\/\/mobilane.com\/#organization"},"potentialAction":[{"@type":"SearchAction","target":{"@type":"EntryPoint","urlTemplate":"https:\/\/mobilane.com\/?s={search_term_string}"},"query-input":{"@type":"PropertyValueSpecification","valueRequired":true,"valueName":"search_term_string"}}],"inLanguage":"de"},{"@type":"Organization","@id":"https:\/\/mobilane.com\/#organization","name":"Mobilane","url":"https:\/\/mobilane.com\/","logo":{"@type":"ImageObject","inLanguage":"de","@id":"https:\/\/mobilane.com\/#\/schema\/logo\/image\/","url":"https:\/\/mobilane.com\/app\/uploads\/2019\/10\/logo-colour2x.png","contentUrl":"https:\/\/mobilane.com\/app\/uploads\/2019\/10\/logo-colour2x.png","width":1472,"height":295,"caption":"Mobilane"},"image":{"@id":"https:\/\/mobilane.com\/#\/schema\/logo\/image\/"}}]}},"_links":{"self":[{"href":"https:\/\/mobilane.com\/de\/wp-json\/wp\/v2\/product\/83674","targetHints":{"allow":["GET"]}}],"collection":[{"href":"https:\/\/mobilane.com\/de\/wp-json\/wp\/v2\/product"}],"about":[{"href":"https:\/\/mobilane.com\/de\/wp-json\/wp\/v2\/types\/product"}],"author":[{"embeddable":true,"href":"https:\/\/mobilane.com\/de\/wp-json\/wp\/v2\/users\/29"}],"replies":[{"embeddable":true,"href":"https:\/\/mobilane.com\/de\/wp-json\/wp\/v2\/comments?post=83674"}],"version-history":[{"count":1,"href":"https:\/\/mobilane.com\/de\/wp-json\/wp\/v2\/product\/83674\/revisions"}],"predecessor-version":[{"id":83675,"href":"https:\/\/mobilane.com\/de\/wp-json\/wp\/v2\/product\/83674\/revisions\/83675"}],"wp:featuredmedia":[{"embeddable":true,"href":"https:\/\/mobilane.com\/de\/wp-json\/wp\/v2\/media\/75249"}],"wp:attachment":[{"href":"https:\/\/mobilane.com\/de\/wp-json\/wp\/v2\/media?parent=83674"}],"curies":[{"name":"wp","href":"https:\/\/api.w.org\/{rel}","templated":true}]}}