{"id":80271,"date":"2025-04-07T15:48:19","date_gmt":"2025-04-07T13:48:19","guid":{"rendered":"https:\/\/mobilane.com\/produkte\/noistop-padel\/"},"modified":"2025-11-26T10:57:35","modified_gmt":"2025-11-26T09:57:35","slug":"noistop-padel","status":"publish","type":"product","link":"https:\/\/mobilane.com\/de\/produkte\/noistop-padel\/","title":{"rendered":"NoiStop Padel"},"content":{"rendered":"","protected":false},"excerpt":{"rendered":"","protected":false},"author":15,"featured_media":75268,"menu_order":12,"comment_status":"closed","ping_status":"closed","template":"","class_list":["post-80271","product","type-product","status-publish","has-post-thumbnail","hentry","product_label-outdoor-de","target_audience-gewerblich","target_audience-unkategorisiert"],"acf":{"is_category_page":false,"information":"<p data-start=\"287\" data-end=\"701\">NoiStop Padel ist ein innovatives schallabsorbierendes System, das speziell f\u00fcr Padelpl\u00e4tze entwickelt wurde. Durch die strategische Platzierung von Schalld\u00e4mmplatten an der Padelkonstruktion wird die L\u00e4rmbelastung deutlich reduziert. Das Ergebnis: weniger St\u00f6rungen f\u00fcr Anwohner, ein verbessertes Spielerlebnis und die Einhaltung von L\u00e4rmschutzvorgaben \u2013 ohne den Spielspa\u00df zu beeintr\u00e4chtigen.<\/p>\r\n<p data-start=\"157\" data-end=\"540\">.<\/p>","right_information":"<img class=\"alignnone wp-image-50065\" src=\"http:\/\/mobilane.com\/app\/uploads\/2018\/05\/Sound-icon.png\" alt=\"\" width=\"56\" height=\"50\" \/>\r\n<strong>Weniger L\u00e4rm, mehr Spielvergn\u00fcgen<\/strong>\r\nNoiStop Padel reduziert den Padel-L\u00e4rm und sorgt f\u00fcr eine ruhigere und angenehmere Umgebung.\r\n\r\n<img class=\"alignnone wp-image-50029\" src=\"http:\/\/mobilane.com\/app\/uploads\/2018\/05\/Kwaliteit-icon.png\" alt=\"\" width=\"50\" height=\"50\" \/>\r\n<strong>Entspricht den L\u00e4rmschutzvorgaben und beugt Beschwerden vor<\/strong>\r\nNoiStop Padel hilft Padelclubs, L\u00e4rmbeschwerden zu vermeiden.\r\n\r\n<img class=\"alignnone wp-image-50101\" src=\"http:\/\/mobilane.com\/app\/uploads\/2018\/05\/Duurzaam-icon.png\" alt=\"\" width=\"50\" height=\"50\" \/>\r\n<strong>Nachhaltig und einfach zu installieren<\/strong>\r\nDie Schalld\u00e4mmplatten sind wetterfest und lassen sich problemlos in Padelk\u00e4fige integrieren.","download":79474,"product_bradcrumb":[{"title":"Gesch\u00e4ftskunden"},{"title":"Landschaftsg\u00e4rtner"}],"cps_term_link":""},"yoast_head":"<!-- This site is optimized with the Yoast SEO plugin v27.3 - https:\/\/yoast.com\/product\/yoast-seo-wordpress\/ -->\n<title>L\u00e4rmreduzierung auf Padelpl\u00e4tzen mit NoiStop Padel<\/title>\n<meta name=\"description\" content=\"NoiStop Padel minimiert L\u00e4rmbel\u00e4stigung und erh\u00f6ht den Spielspa\u00df. Effektiver Schallschutz f\u00fcr jeden Padelplatz. Sehen Sie sich die Vorteile an!\" \/>\n<meta name=\"robots\" content=\"index, follow, max-snippet:-1, max-image-preview:large, max-video-preview:-1\" \/>\n<link rel=\"canonical\" href=\"https:\/\/mobilane.com\/de\/produkte\/noistop-padel\/\" \/>\n<meta property=\"og:locale\" content=\"de_DE\" \/>\n<meta property=\"og:type\" content=\"article\" \/>\n<meta property=\"og:title\" content=\"L\u00e4rmreduzierung auf Padelpl\u00e4tzen mit NoiStop Padel\" \/>\n<meta property=\"og:description\" content=\"NoiStop Padel minimiert L\u00e4rmbel\u00e4stigung und erh\u00f6ht den Spielspa\u00df. Effektiver Schallschutz f\u00fcr jeden Padelplatz. Sehen Sie sich die Vorteile an!\" \/>\n<meta property=\"og:url\" content=\"https:\/\/mobilane.com\/de\/produkte\/noistop-padel\/\" \/>\n<meta property=\"og:site_name\" content=\"Mobilane\" \/>\n<meta property=\"article:modified_time\" content=\"2025-11-26T09:57:35+00:00\" \/>\n<meta property=\"og:image\" content=\"https:\/\/mobilane.com\/app\/uploads\/2025\/02\/Mobilane-NoiStop-Padel-geluidswanden-header.jpg\" \/>\n\t<meta property=\"og:image:width\" content=\"2000\" \/>\n\t<meta property=\"og:image:height\" content=\"600\" \/>\n\t<meta property=\"og:image:type\" content=\"image\/jpeg\" \/>\n<meta name=\"twitter:card\" content=\"summary_large_image\" \/>\n<meta name=\"twitter:label1\" content=\"Gesch\u00e4tzte Lesezeit\" \/>\n\t<meta name=\"twitter:data1\" content=\"1\u00a0Minute\" \/>\n<script type=\"application\/ld+json\" class=\"yoast-schema-graph\">{\"@context\":\"https:\\\/\\\/schema.org\",\"@graph\":[{\"@type\":\"WebPage\",\"@id\":\"https:\\\/\\\/mobilane.com\\\/de\\\/produkte\\\/noistop-padel\\\/\",\"url\":\"https:\\\/\\\/mobilane.com\\\/de\\\/produkte\\\/noistop-padel\\\/\",\"name\":\"L\u00e4rmreduzierung auf Padelpl\u00e4tzen mit NoiStop Padel\",\"isPartOf\":{\"@id\":\"https:\\\/\\\/mobilane.com\\\/#website\"},\"primaryImageOfPage\":{\"@id\":\"https:\\\/\\\/mobilane.com\\\/de\\\/produkte\\\/noistop-padel\\\/#primaryimage\"},\"image\":{\"@id\":\"https:\\\/\\\/mobilane.com\\\/de\\\/produkte\\\/noistop-padel\\\/#primaryimage\"},\"thumbnailUrl\":\"https:\\\/\\\/mobilane.com\\\/app\\\/uploads\\\/2025\\\/02\\\/Mobilane-NoiStop-Padel-geluidswanden-header.jpg\",\"datePublished\":\"2025-04-07T13:48:19+00:00\",\"dateModified\":\"2025-11-26T09:57:35+00:00\",\"description\":\"NoiStop Padel minimiert L\u00e4rmbel\u00e4stigung und erh\u00f6ht den Spielspa\u00df. Effektiver Schallschutz f\u00fcr jeden Padelplatz. Sehen Sie sich die Vorteile an!\",\"breadcrumb\":{\"@id\":\"https:\\\/\\\/mobilane.com\\\/de\\\/produkte\\\/noistop-padel\\\/#breadcrumb\"},\"inLanguage\":\"de\",\"potentialAction\":[{\"@type\":\"ReadAction\",\"target\":[\"https:\\\/\\\/mobilane.com\\\/de\\\/produkte\\\/noistop-padel\\\/\"]}]},{\"@type\":\"ImageObject\",\"inLanguage\":\"de\",\"@id\":\"https:\\\/\\\/mobilane.com\\\/de\\\/produkte\\\/noistop-padel\\\/#primaryimage\",\"url\":\"https:\\\/\\\/mobilane.com\\\/app\\\/uploads\\\/2025\\\/02\\\/Mobilane-NoiStop-Padel-geluidswanden-header.jpg\",\"contentUrl\":\"https:\\\/\\\/mobilane.com\\\/app\\\/uploads\\\/2025\\\/02\\\/Mobilane-NoiStop-Padel-geluidswanden-header.jpg\",\"width\":2000,\"height\":600,\"caption\":\"Mobilane NoiStop Padel geluidswanden - header\"},{\"@type\":\"BreadcrumbList\",\"@id\":\"https:\\\/\\\/mobilane.com\\\/de\\\/produkte\\\/noistop-padel\\\/#breadcrumb\",\"itemListElement\":[{\"@type\":\"ListItem\",\"position\":1,\"name\":\"Home\",\"item\":\"https:\\\/\\\/mobilane.com\\\/de\\\/\"},{\"@type\":\"ListItem\",\"position\":2,\"name\":\"Posts\",\"item\":\"https:\\\/\\\/mobilane.com\\\/products\\\/\"},{\"@type\":\"ListItem\",\"position\":3,\"name\":\"NoiStop Padel\"}]},{\"@type\":\"WebSite\",\"@id\":\"https:\\\/\\\/mobilane.com\\\/#website\",\"url\":\"https:\\\/\\\/mobilane.com\\\/\",\"name\":\"Mobilane\",\"description\":\"Ready Made Green Systems\",\"publisher\":{\"@id\":\"https:\\\/\\\/mobilane.com\\\/#organization\"},\"potentialAction\":[{\"@type\":\"SearchAction\",\"target\":{\"@type\":\"EntryPoint\",\"urlTemplate\":\"https:\\\/\\\/mobilane.com\\\/?s={search_term_string}\"},\"query-input\":{\"@type\":\"PropertyValueSpecification\",\"valueRequired\":true,\"valueName\":\"search_term_string\"}}],\"inLanguage\":\"de\"},{\"@type\":\"Organization\",\"@id\":\"https:\\\/\\\/mobilane.com\\\/#organization\",\"name\":\"Mobilane\",\"url\":\"https:\\\/\\\/mobilane.com\\\/\",\"logo\":{\"@type\":\"ImageObject\",\"inLanguage\":\"de\",\"@id\":\"https:\\\/\\\/mobilane.com\\\/#\\\/schema\\\/logo\\\/image\\\/\",\"url\":\"https:\\\/\\\/mobilane.com\\\/app\\\/uploads\\\/2019\\\/10\\\/logo-colour2x.png\",\"contentUrl\":\"https:\\\/\\\/mobilane.com\\\/app\\\/uploads\\\/2019\\\/10\\\/logo-colour2x.png\",\"width\":1472,\"height\":295,\"caption\":\"Mobilane\"},\"image\":{\"@id\":\"https:\\\/\\\/mobilane.com\\\/#\\\/schema\\\/logo\\\/image\\\/\"}}]}<\/script>\n<!-- \/ Yoast SEO plugin. -->","yoast_head_json":{"title":"L\u00e4rmreduzierung auf Padelpl\u00e4tzen mit NoiStop Padel","description":"NoiStop Padel minimiert L\u00e4rmbel\u00e4stigung und erh\u00f6ht den Spielspa\u00df. Effektiver Schallschutz f\u00fcr jeden Padelplatz. Sehen Sie sich die Vorteile an!","robots":{"index":"index","follow":"follow","max-snippet":"max-snippet:-1","max-image-preview":"max-image-preview:large","max-video-preview":"max-video-preview:-1"},"canonical":"https:\/\/mobilane.com\/de\/produkte\/noistop-padel\/","og_locale":"de_DE","og_type":"article","og_title":"L\u00e4rmreduzierung auf Padelpl\u00e4tzen mit NoiStop Padel","og_description":"NoiStop Padel minimiert L\u00e4rmbel\u00e4stigung und erh\u00f6ht den Spielspa\u00df. Effektiver Schallschutz f\u00fcr jeden Padelplatz. Sehen Sie sich die Vorteile an!","og_url":"https:\/\/mobilane.com\/de\/produkte\/noistop-padel\/","og_site_name":"Mobilane","article_modified_time":"2025-11-26T09:57:35+00:00","og_image":[{"width":2000,"height":600,"url":"https:\/\/mobilane.com\/app\/uploads\/2025\/02\/Mobilane-NoiStop-Padel-geluidswanden-header.jpg","type":"image\/jpeg"}],"twitter_card":"summary_large_image","twitter_misc":{"Gesch\u00e4tzte Lesezeit":"1\u00a0Minute"},"schema":{"@context":"https:\/\/schema.org","@graph":[{"@type":"WebPage","@id":"https:\/\/mobilane.com\/de\/produkte\/noistop-padel\/","url":"https:\/\/mobilane.com\/de\/produkte\/noistop-padel\/","name":"L\u00e4rmreduzierung auf Padelpl\u00e4tzen mit NoiStop Padel","isPartOf":{"@id":"https:\/\/mobilane.com\/#website"},"primaryImageOfPage":{"@id":"https:\/\/mobilane.com\/de\/produkte\/noistop-padel\/#primaryimage"},"image":{"@id":"https:\/\/mobilane.com\/de\/produkte\/noistop-padel\/#primaryimage"},"thumbnailUrl":"https:\/\/mobilane.com\/app\/uploads\/2025\/02\/Mobilane-NoiStop-Padel-geluidswanden-header.jpg","datePublished":"2025-04-07T13:48:19+00:00","dateModified":"2025-11-26T09:57:35+00:00","description":"NoiStop Padel minimiert L\u00e4rmbel\u00e4stigung und erh\u00f6ht den Spielspa\u00df. Effektiver Schallschutz f\u00fcr jeden Padelplatz. Sehen Sie sich die Vorteile an!","breadcrumb":{"@id":"https:\/\/mobilane.com\/de\/produkte\/noistop-padel\/#breadcrumb"},"inLanguage":"de","potentialAction":[{"@type":"ReadAction","target":["https:\/\/mobilane.com\/de\/produkte\/noistop-padel\/"]}]},{"@type":"ImageObject","inLanguage":"de","@id":"https:\/\/mobilane.com\/de\/produkte\/noistop-padel\/#primaryimage","url":"https:\/\/mobilane.com\/app\/uploads\/2025\/02\/Mobilane-NoiStop-Padel-geluidswanden-header.jpg","contentUrl":"https:\/\/mobilane.com\/app\/uploads\/2025\/02\/Mobilane-NoiStop-Padel-geluidswanden-header.jpg","width":2000,"height":600,"caption":"Mobilane NoiStop Padel geluidswanden - header"},{"@type":"BreadcrumbList","@id":"https:\/\/mobilane.com\/de\/produkte\/noistop-padel\/#breadcrumb","itemListElement":[{"@type":"ListItem","position":1,"name":"Home","item":"https:\/\/mobilane.com\/de\/"},{"@type":"ListItem","position":2,"name":"Posts","item":"https:\/\/mobilane.com\/products\/"},{"@type":"ListItem","position":3,"name":"NoiStop Padel"}]},{"@type":"WebSite","@id":"https:\/\/mobilane.com\/#website","url":"https:\/\/mobilane.com\/","name":"Mobilane","description":"Ready Made Green Systems","publisher":{"@id":"https:\/\/mobilane.com\/#organization"},"potentialAction":[{"@type":"SearchAction","target":{"@type":"EntryPoint","urlTemplate":"https:\/\/mobilane.com\/?s={search_term_string}"},"query-input":{"@type":"PropertyValueSpecification","valueRequired":true,"valueName":"search_term_string"}}],"inLanguage":"de"},{"@type":"Organization","@id":"https:\/\/mobilane.com\/#organization","name":"Mobilane","url":"https:\/\/mobilane.com\/","logo":{"@type":"ImageObject","inLanguage":"de","@id":"https:\/\/mobilane.com\/#\/schema\/logo\/image\/","url":"https:\/\/mobilane.com\/app\/uploads\/2019\/10\/logo-colour2x.png","contentUrl":"https:\/\/mobilane.com\/app\/uploads\/2019\/10\/logo-colour2x.png","width":1472,"height":295,"caption":"Mobilane"},"image":{"@id":"https:\/\/mobilane.com\/#\/schema\/logo\/image\/"}}]}},"_links":{"self":[{"href":"https:\/\/mobilane.com\/de\/wp-json\/wp\/v2\/product\/80271","targetHints":{"allow":["GET"]}}],"collection":[{"href":"https:\/\/mobilane.com\/de\/wp-json\/wp\/v2\/product"}],"about":[{"href":"https:\/\/mobilane.com\/de\/wp-json\/wp\/v2\/types\/product"}],"author":[{"embeddable":true,"href":"https:\/\/mobilane.com\/de\/wp-json\/wp\/v2\/users\/15"}],"replies":[{"embeddable":true,"href":"https:\/\/mobilane.com\/de\/wp-json\/wp\/v2\/comments?post=80271"}],"version-history":[{"count":1,"href":"https:\/\/mobilane.com\/de\/wp-json\/wp\/v2\/product\/80271\/revisions"}],"predecessor-version":[{"id":80282,"href":"https:\/\/mobilane.com\/de\/wp-json\/wp\/v2\/product\/80271\/revisions\/80282"}],"wp:featuredmedia":[{"embeddable":true,"href":"https:\/\/mobilane.com\/de\/wp-json\/wp\/v2\/media\/75268"}],"wp:attachment":[{"href":"https:\/\/mobilane.com\/de\/wp-json\/wp\/v2\/media?parent=80271"}],"curies":[{"name":"wp","href":"https:\/\/api.w.org\/{rel}","templated":true}]}}