{"id":737,"date":"2024-01-12T10:22:51","date_gmt":"2024-01-12T09:22:51","guid":{"rendered":"http:\/\/commob-mangilgok.savviihq.com\/producten\/noistop\/"},"modified":"2025-06-10T16:16:27","modified_gmt":"2025-06-10T14:16:27","slug":"noistop","status":"publish","type":"product","link":"https:\/\/mobilane.com\/de\/produkte\/noistop\/","title":{"rendered":"NoiStop"},"content":{"rendered":"","protected":false},"excerpt":{"rendered":"","protected":false},"author":2,"featured_media":58070,"menu_order":12,"comment_status":"closed","ping_status":"closed","template":"","class_list":["post-737","product","type-product","status-publish","has-post-thumbnail","hentry","product_label-outdoor-de","target_audience-gewerblich","target_audience-privat","target_audience-unkategorisiert"],"acf":{"is_category_page":false,"information":"<strong>NoiStop ist ein Schallschutzzaun, der den L\u00e4rm um durchschnittlich zehn Dezibel reduziert. <\/strong>\r\n\r\n<span style=\"font-weight: 400;\">Dadurch werden die Umgebungsger\u00e4usche stark reduziert. NoiStop ist ein modulares, nachhaltiges System, das sich f\u00fcr Gartenz\u00e4une, entlang von Eisenbahnen, um Spielpl\u00e4tze, an Schulh\u00f6fen und <\/span><span style=\"font-weight: 400;\">f\u00fcr andere Orte <\/span><span style=\"font-weight: 400;\">eignet, an denen eine L\u00e4rmbel\u00e4stigung auftritt.<\/span>\r\n\r\n<strong>NoiStop Essential<\/strong>\r\nNoistop Essential ist vollst\u00e4ndig anpassbar. Die Nachbarn m\u00fcssen keine Kompromisse mehr in Bezug auf den Stil machen, da auf jeder Seite des schalldichten Zauns eine andere Art von Dekopaneel angebracht werden kann. Mit einer Dicke von nur 6 cm sind die Paneele \u00e4u\u00dferst vielseitig. Die akustischen Eigenschaften von Noistop Essential sind umfangreich, so dass der Lautst\u00e4rke um mehr als die H\u00e4lfte reduziert wird.","right_information":"<img class=\"alignnone wp-image-50065\" src=\"http:\/\/mobilane.com\/app\/uploads\/2018\/05\/Sound-icon.png\" alt=\"\" width=\"56\" height=\"50\" \/>\r\n<strong>Hohe Schallisolierung und -absorption<\/strong>\r\nDie NoiStop-L\u00e4rmschutzwand ist einzigartig, da sie den L\u00e4rm nicht nur abschirmen, sondern auch absorbieren kann.\r\n\r\n<img class=\"alignnone wp-image-50059\" src=\"http:\/\/mobilane.com\/app\/uploads\/2018\/05\/Rust-Privacy-en-veiligheid-icon.png\" alt=\"\" width=\"52\" height=\"52\" \/>\r\n<strong>Sofortige Ruhe, Privatsph\u00e4re und Sicherheit<\/strong>\r\nDie NoiStop-L\u00e4rmschutzwand kann f\u00fcr unterschiedliche Zwecke eingesetzt werden. Als Grundst\u00fccksabgrenzung bietet sie sofortige Privatsph\u00e4re, Sicherheit und vor allen Dingen Ruhe.\r\n\r\n<img class=\"alignnone wp-image-50101\" src=\"http:\/\/mobilane.com\/app\/uploads\/2018\/05\/Duurzaam-icon.png\" alt=\"\" width=\"50\" height=\"50\" \/>\r\n<strong>Nachhaltigkeit<\/strong>\r\nKern aus langlebiger und nat\u00fcrlicher Steinwolle mit einer erwarteten Lebensdauer von mindestens 20 Jahren.","download":79471,"product_bradcrumb":[{"title":"Privat"},{"title":"Gewerbe"},{"title":"Landschaftsbau"}],"cps_term_link":""},"yoast_head":"<!-- This site is optimized with the Yoast SEO plugin v27.3 - https:\/\/yoast.com\/product\/yoast-seo-wordpress\/ -->\n<title>Mobilane NoiStop | Schalld\u00e4mmende Wand reduziert L\u00e4rm<\/title>\n<meta name=\"description\" content=\"L\u00e4rmbelastung kann ein gro\u00dfes Problem darstellen. Mit NoiStop machen Sie diesem \u00c4rgernis auf einfache Weise ein Ende. Die Wand ist in den Ausf\u00fchrungen Wood (Holz) und Steel (Stahl) erh\u00e4ltlich und reduziert den L\u00e4rmpegel um durchschnittlich 10 Dezibel.\" \/>\n<meta name=\"robots\" content=\"index, follow, max-snippet:-1, max-image-preview:large, max-video-preview:-1\" \/>\n<link rel=\"canonical\" href=\"https:\/\/mobilane.com\/de\/produkte\/noistop\/\" \/>\n<meta property=\"og:locale\" content=\"de_DE\" \/>\n<meta property=\"og:type\" content=\"article\" \/>\n<meta property=\"og:title\" content=\"Mobilane NoiStop | Schalld\u00e4mmende Wand reduziert L\u00e4rm\" \/>\n<meta property=\"og:description\" content=\"L\u00e4rmbelastung kann ein gro\u00dfes Problem darstellen. Mit NoiStop machen Sie diesem \u00c4rgernis auf einfache Weise ein Ende. Die Wand ist in den Ausf\u00fchrungen Wood (Holz) und Steel (Stahl) erh\u00e4ltlich und reduziert den L\u00e4rmpegel um durchschnittlich 10 Dezibel.\" \/>\n<meta property=\"og:url\" content=\"https:\/\/mobilane.com\/de\/produkte\/noistop\/\" \/>\n<meta property=\"og:site_name\" content=\"Mobilane\" \/>\n<meta property=\"article:modified_time\" content=\"2025-06-10T14:16:27+00:00\" \/>\n<meta property=\"og:image\" content=\"https:\/\/mobilane.com\/app\/uploads\/2018\/03\/Mobilane-NoiStop-front-product.jpg\" \/>\n\t<meta property=\"og:image:width\" content=\"768\" \/>\n\t<meta property=\"og:image:height\" content=\"768\" \/>\n\t<meta property=\"og:image:type\" content=\"image\/jpeg\" \/>\n<meta name=\"twitter:card\" content=\"summary_large_image\" \/>\n<meta name=\"twitter:label1\" content=\"Gesch\u00e4tzte Lesezeit\" \/>\n\t<meta name=\"twitter:data1\" content=\"1\u00a0Minute\" \/>\n<script type=\"application\/ld+json\" class=\"yoast-schema-graph\">{\"@context\":\"https:\\\/\\\/schema.org\",\"@graph\":[{\"@type\":\"WebPage\",\"@id\":\"https:\\\/\\\/mobilane.com\\\/de\\\/produkte\\\/noistop\\\/\",\"url\":\"https:\\\/\\\/mobilane.com\\\/de\\\/produkte\\\/noistop\\\/\",\"name\":\"Mobilane NoiStop | Schalld\u00e4mmende Wand reduziert L\u00e4rm\",\"isPartOf\":{\"@id\":\"https:\\\/\\\/mobilane.com\\\/#website\"},\"primaryImageOfPage\":{\"@id\":\"https:\\\/\\\/mobilane.com\\\/de\\\/produkte\\\/noistop\\\/#primaryimage\"},\"image\":{\"@id\":\"https:\\\/\\\/mobilane.com\\\/de\\\/produkte\\\/noistop\\\/#primaryimage\"},\"thumbnailUrl\":\"https:\\\/\\\/mobilane.com\\\/app\\\/uploads\\\/2018\\\/03\\\/Mobilane-NoiStop-front-product.jpg\",\"datePublished\":\"2024-01-12T09:22:51+00:00\",\"dateModified\":\"2025-06-10T14:16:27+00:00\",\"description\":\"L\u00e4rmbelastung kann ein gro\u00dfes Problem darstellen. Mit NoiStop machen Sie diesem \u00c4rgernis auf einfache Weise ein Ende. Die Wand ist in den Ausf\u00fchrungen Wood (Holz) und Steel (Stahl) erh\u00e4ltlich und reduziert den L\u00e4rmpegel um durchschnittlich 10 Dezibel.\",\"breadcrumb\":{\"@id\":\"https:\\\/\\\/mobilane.com\\\/de\\\/produkte\\\/noistop\\\/#breadcrumb\"},\"inLanguage\":\"de\",\"potentialAction\":[{\"@type\":\"ReadAction\",\"target\":[\"https:\\\/\\\/mobilane.com\\\/de\\\/produkte\\\/noistop\\\/\"]}]},{\"@type\":\"ImageObject\",\"inLanguage\":\"de\",\"@id\":\"https:\\\/\\\/mobilane.com\\\/de\\\/produkte\\\/noistop\\\/#primaryimage\",\"url\":\"https:\\\/\\\/mobilane.com\\\/app\\\/uploads\\\/2018\\\/03\\\/Mobilane-NoiStop-front-product.jpg\",\"contentUrl\":\"https:\\\/\\\/mobilane.com\\\/app\\\/uploads\\\/2018\\\/03\\\/Mobilane-NoiStop-front-product.jpg\",\"width\":768,\"height\":768,\"caption\":\"NoiStop geluidswand\"},{\"@type\":\"BreadcrumbList\",\"@id\":\"https:\\\/\\\/mobilane.com\\\/de\\\/produkte\\\/noistop\\\/#breadcrumb\",\"itemListElement\":[{\"@type\":\"ListItem\",\"position\":1,\"name\":\"Home\",\"item\":\"https:\\\/\\\/mobilane.com\\\/de\\\/\"},{\"@type\":\"ListItem\",\"position\":2,\"name\":\"Posts\",\"item\":\"https:\\\/\\\/mobilane.com\\\/products\\\/\"},{\"@type\":\"ListItem\",\"position\":3,\"name\":\"NoiStop\"}]},{\"@type\":\"WebSite\",\"@id\":\"https:\\\/\\\/mobilane.com\\\/#website\",\"url\":\"https:\\\/\\\/mobilane.com\\\/\",\"name\":\"Mobilane\",\"description\":\"Ready Made Green Systems\",\"publisher\":{\"@id\":\"https:\\\/\\\/mobilane.com\\\/#organization\"},\"potentialAction\":[{\"@type\":\"SearchAction\",\"target\":{\"@type\":\"EntryPoint\",\"urlTemplate\":\"https:\\\/\\\/mobilane.com\\\/?s={search_term_string}\"},\"query-input\":{\"@type\":\"PropertyValueSpecification\",\"valueRequired\":true,\"valueName\":\"search_term_string\"}}],\"inLanguage\":\"de\"},{\"@type\":\"Organization\",\"@id\":\"https:\\\/\\\/mobilane.com\\\/#organization\",\"name\":\"Mobilane\",\"url\":\"https:\\\/\\\/mobilane.com\\\/\",\"logo\":{\"@type\":\"ImageObject\",\"inLanguage\":\"de\",\"@id\":\"https:\\\/\\\/mobilane.com\\\/#\\\/schema\\\/logo\\\/image\\\/\",\"url\":\"https:\\\/\\\/mobilane.com\\\/app\\\/uploads\\\/2019\\\/10\\\/logo-colour2x.png\",\"contentUrl\":\"https:\\\/\\\/mobilane.com\\\/app\\\/uploads\\\/2019\\\/10\\\/logo-colour2x.png\",\"width\":1472,\"height\":295,\"caption\":\"Mobilane\"},\"image\":{\"@id\":\"https:\\\/\\\/mobilane.com\\\/#\\\/schema\\\/logo\\\/image\\\/\"}}]}<\/script>\n<!-- \/ Yoast SEO plugin. -->","yoast_head_json":{"title":"Mobilane NoiStop | Schalld\u00e4mmende Wand reduziert L\u00e4rm","description":"L\u00e4rmbelastung kann ein gro\u00dfes Problem darstellen. Mit NoiStop machen Sie diesem \u00c4rgernis auf einfache Weise ein Ende. Die Wand ist in den Ausf\u00fchrungen Wood (Holz) und Steel (Stahl) erh\u00e4ltlich und reduziert den L\u00e4rmpegel um durchschnittlich 10 Dezibel.","robots":{"index":"index","follow":"follow","max-snippet":"max-snippet:-1","max-image-preview":"max-image-preview:large","max-video-preview":"max-video-preview:-1"},"canonical":"https:\/\/mobilane.com\/de\/produkte\/noistop\/","og_locale":"de_DE","og_type":"article","og_title":"Mobilane NoiStop | Schalld\u00e4mmende Wand reduziert L\u00e4rm","og_description":"L\u00e4rmbelastung kann ein gro\u00dfes Problem darstellen. Mit NoiStop machen Sie diesem \u00c4rgernis auf einfache Weise ein Ende. Die Wand ist in den Ausf\u00fchrungen Wood (Holz) und Steel (Stahl) erh\u00e4ltlich und reduziert den L\u00e4rmpegel um durchschnittlich 10 Dezibel.","og_url":"https:\/\/mobilane.com\/de\/produkte\/noistop\/","og_site_name":"Mobilane","article_modified_time":"2025-06-10T14:16:27+00:00","og_image":[{"width":768,"height":768,"url":"https:\/\/mobilane.com\/app\/uploads\/2018\/03\/Mobilane-NoiStop-front-product.jpg","type":"image\/jpeg"}],"twitter_card":"summary_large_image","twitter_misc":{"Gesch\u00e4tzte Lesezeit":"1\u00a0Minute"},"schema":{"@context":"https:\/\/schema.org","@graph":[{"@type":"WebPage","@id":"https:\/\/mobilane.com\/de\/produkte\/noistop\/","url":"https:\/\/mobilane.com\/de\/produkte\/noistop\/","name":"Mobilane NoiStop | Schalld\u00e4mmende Wand reduziert L\u00e4rm","isPartOf":{"@id":"https:\/\/mobilane.com\/#website"},"primaryImageOfPage":{"@id":"https:\/\/mobilane.com\/de\/produkte\/noistop\/#primaryimage"},"image":{"@id":"https:\/\/mobilane.com\/de\/produkte\/noistop\/#primaryimage"},"thumbnailUrl":"https:\/\/mobilane.com\/app\/uploads\/2018\/03\/Mobilane-NoiStop-front-product.jpg","datePublished":"2024-01-12T09:22:51+00:00","dateModified":"2025-06-10T14:16:27+00:00","description":"L\u00e4rmbelastung kann ein gro\u00dfes Problem darstellen. Mit NoiStop machen Sie diesem \u00c4rgernis auf einfache Weise ein Ende. Die Wand ist in den Ausf\u00fchrungen Wood (Holz) und Steel (Stahl) erh\u00e4ltlich und reduziert den L\u00e4rmpegel um durchschnittlich 10 Dezibel.","breadcrumb":{"@id":"https:\/\/mobilane.com\/de\/produkte\/noistop\/#breadcrumb"},"inLanguage":"de","potentialAction":[{"@type":"ReadAction","target":["https:\/\/mobilane.com\/de\/produkte\/noistop\/"]}]},{"@type":"ImageObject","inLanguage":"de","@id":"https:\/\/mobilane.com\/de\/produkte\/noistop\/#primaryimage","url":"https:\/\/mobilane.com\/app\/uploads\/2018\/03\/Mobilane-NoiStop-front-product.jpg","contentUrl":"https:\/\/mobilane.com\/app\/uploads\/2018\/03\/Mobilane-NoiStop-front-product.jpg","width":768,"height":768,"caption":"NoiStop geluidswand"},{"@type":"BreadcrumbList","@id":"https:\/\/mobilane.com\/de\/produkte\/noistop\/#breadcrumb","itemListElement":[{"@type":"ListItem","position":1,"name":"Home","item":"https:\/\/mobilane.com\/de\/"},{"@type":"ListItem","position":2,"name":"Posts","item":"https:\/\/mobilane.com\/products\/"},{"@type":"ListItem","position":3,"name":"NoiStop"}]},{"@type":"WebSite","@id":"https:\/\/mobilane.com\/#website","url":"https:\/\/mobilane.com\/","name":"Mobilane","description":"Ready Made Green Systems","publisher":{"@id":"https:\/\/mobilane.com\/#organization"},"potentialAction":[{"@type":"SearchAction","target":{"@type":"EntryPoint","urlTemplate":"https:\/\/mobilane.com\/?s={search_term_string}"},"query-input":{"@type":"PropertyValueSpecification","valueRequired":true,"valueName":"search_term_string"}}],"inLanguage":"de"},{"@type":"Organization","@id":"https:\/\/mobilane.com\/#organization","name":"Mobilane","url":"https:\/\/mobilane.com\/","logo":{"@type":"ImageObject","inLanguage":"de","@id":"https:\/\/mobilane.com\/#\/schema\/logo\/image\/","url":"https:\/\/mobilane.com\/app\/uploads\/2019\/10\/logo-colour2x.png","contentUrl":"https:\/\/mobilane.com\/app\/uploads\/2019\/10\/logo-colour2x.png","width":1472,"height":295,"caption":"Mobilane"},"image":{"@id":"https:\/\/mobilane.com\/#\/schema\/logo\/image\/"}}]}},"_links":{"self":[{"href":"https:\/\/mobilane.com\/de\/wp-json\/wp\/v2\/product\/737","targetHints":{"allow":["GET"]}}],"collection":[{"href":"https:\/\/mobilane.com\/de\/wp-json\/wp\/v2\/product"}],"about":[{"href":"https:\/\/mobilane.com\/de\/wp-json\/wp\/v2\/types\/product"}],"author":[{"embeddable":true,"href":"https:\/\/mobilane.com\/de\/wp-json\/wp\/v2\/users\/2"}],"replies":[{"embeddable":true,"href":"https:\/\/mobilane.com\/de\/wp-json\/wp\/v2\/comments?post=737"}],"version-history":[{"count":5,"href":"https:\/\/mobilane.com\/de\/wp-json\/wp\/v2\/product\/737\/revisions"}],"predecessor-version":[{"id":84239,"href":"https:\/\/mobilane.com\/de\/wp-json\/wp\/v2\/product\/737\/revisions\/84239"}],"wp:featuredmedia":[{"embeddable":true,"href":"https:\/\/mobilane.com\/de\/wp-json\/wp\/v2\/media\/58070"}],"wp:attachment":[{"href":"https:\/\/mobilane.com\/de\/wp-json\/wp\/v2\/media?parent=737"}],"curies":[{"name":"wp","href":"https:\/\/api.w.org\/{rel}","templated":true}]}}