{"id":733,"date":"2024-01-05T10:21:54","date_gmt":"2024-01-05T09:21:54","guid":{"rendered":"http:\/\/commob-mangilgok.savviihq.com\/producten\/wallplanter\/"},"modified":"2025-06-10T16:12:06","modified_gmt":"2025-06-10T14:12:06","slug":"wallplanter","status":"publish","type":"product","link":"https:\/\/mobilane.com\/de\/produkte\/wallplanter\/","title":{"rendered":"WallPlanter"},"content":{"rendered":"","protected":false},"excerpt":{"rendered":"","protected":false},"author":2,"featured_media":58098,"menu_order":5,"comment_status":"closed","ping_status":"closed","template":"","class_list":["post-733","product","type-product","status-publish","has-post-thumbnail","hentry","product_label-outdoor-de","target_audience-gewerblich"],"acf":{"is_category_page":false,"information":"<strong>WallPlanter ist ein nachhaltiges gr\u00fcnes Fassadensystem f\u00fcr bestehende und neue Geb\u00e4ude. <\/strong>\r\n\r\n<span style=\"font-weight: 400;\">Die Begr\u00fcnung der Fassade eines Geb\u00e4udes mit WallPlanter f\u00fchrt unmittelbar nach der Installation zum fertigen Ergebnis, verbessert die Luftqualit\u00e4t und wird h\u00e4ufig bei gebauten Strukturen wie Parkh\u00e4usern, Hotel- und B\u00fcrokomplexen eingesetzt.<\/span>","right_information":"<img class=\"alignnone wp-image-50107\" src=\"http:\/\/mobilane.com\/app\/uploads\/2018\/05\/Fijnstof-icon.png\" alt=\"\" width=\"57\" height=\"57\" \/>\r\n<strong>Partikeleinfang<\/strong>\r\nF\u00e4ngt 40 - 60% Feinstaub ein.\r\n\r\n<img class=\"alignnone wp-image-50089\" src=\"http:\/\/mobilane.com\/app\/uploads\/2018\/05\/Biodiversity-icon.png\" alt=\"\" width=\"51\" height=\"51\" \/>\r\n<strong>Biodiversit\u00e4t<\/strong>\r\nWallplanter tr\u00e4gt zur biologischen Vielfalt bei.\r\n\r\n<img class=\"alignnone wp-image-37367 \" src=\"http:\/\/mobilane.com\/app\/uploads\/2021\/07\/Waterdruppel-icoontje-002-300x300.png\" alt=\"zuinig waterverbruik\" width=\"40\" height=\"40\" \/>\r\n<strong>Sparsam im Wasserverbrauch<\/strong>\r\nDas Gr\u00fcne Fassade System wird automatisch mit ausreichend Wasser versorgt","download":79471,"product_bradcrumb":[{"title":"Gewerbe"}],"cps_term_link":""},"yoast_head":"<!-- This site is optimized with the Yoast SEO plugin v27.3 - https:\/\/yoast.com\/product\/yoast-seo-wordpress\/ -->\n<title>WallPlanter | Gr\u00fcne Fassade mit fertige Hecke<\/title>\n<meta name=\"description\" content=\"WallPlanter ist ein Fassadenbegr\u00fcnungssystem f\u00fcr bestehende und neue Geb\u00e4ude. Gr\u00fcne Hecken, die in Aluminiumbeh\u00e4ltern herangezogen werden.\" \/>\n<meta name=\"robots\" content=\"index, follow, max-snippet:-1, max-image-preview:large, max-video-preview:-1\" \/>\n<link rel=\"canonical\" href=\"https:\/\/mobilane.com\/de\/produkte\/wallplanter\/\" \/>\n<meta property=\"og:locale\" content=\"de_DE\" \/>\n<meta property=\"og:type\" content=\"article\" \/>\n<meta property=\"og:title\" content=\"WallPlanter | Gr\u00fcne Fassade mit fertige Hecke\" \/>\n<meta property=\"og:description\" content=\"WallPlanter ist ein Fassadenbegr\u00fcnungssystem f\u00fcr bestehende und neue Geb\u00e4ude. Gr\u00fcne Hecken, die in Aluminiumbeh\u00e4ltern herangezogen werden.\" \/>\n<meta property=\"og:url\" content=\"https:\/\/mobilane.com\/de\/produkte\/wallplanter\/\" \/>\n<meta property=\"og:site_name\" content=\"Mobilane\" \/>\n<meta property=\"article:modified_time\" content=\"2025-06-10T14:12:06+00:00\" \/>\n<meta property=\"og:image\" content=\"https:\/\/mobilane.com\/app\/uploads\/2018\/03\/Mobilane-WallPlanter-front-product.jpg\" \/>\n\t<meta property=\"og:image:width\" content=\"768\" \/>\n\t<meta property=\"og:image:height\" content=\"768\" \/>\n\t<meta property=\"og:image:type\" content=\"image\/jpeg\" \/>\n<meta name=\"twitter:card\" content=\"summary_large_image\" \/>\n<meta name=\"twitter:label1\" content=\"Gesch\u00e4tzte Lesezeit\" \/>\n\t<meta name=\"twitter:data1\" content=\"1\u00a0Minute\" \/>\n<script type=\"application\/ld+json\" class=\"yoast-schema-graph\">{\"@context\":\"https:\\\/\\\/schema.org\",\"@graph\":[{\"@type\":\"WebPage\",\"@id\":\"https:\\\/\\\/mobilane.com\\\/de\\\/produkte\\\/wallplanter\\\/\",\"url\":\"https:\\\/\\\/mobilane.com\\\/de\\\/produkte\\\/wallplanter\\\/\",\"name\":\"WallPlanter | Gr\u00fcne Fassade mit fertige Hecke\",\"isPartOf\":{\"@id\":\"https:\\\/\\\/mobilane.com\\\/#website\"},\"primaryImageOfPage\":{\"@id\":\"https:\\\/\\\/mobilane.com\\\/de\\\/produkte\\\/wallplanter\\\/#primaryimage\"},\"image\":{\"@id\":\"https:\\\/\\\/mobilane.com\\\/de\\\/produkte\\\/wallplanter\\\/#primaryimage\"},\"thumbnailUrl\":\"https:\\\/\\\/mobilane.com\\\/app\\\/uploads\\\/2018\\\/03\\\/Mobilane-WallPlanter-front-product.jpg\",\"datePublished\":\"2024-01-05T09:21:54+00:00\",\"dateModified\":\"2025-06-10T14:12:06+00:00\",\"description\":\"WallPlanter ist ein Fassadenbegr\u00fcnungssystem f\u00fcr bestehende und neue Geb\u00e4ude. Gr\u00fcne Hecken, die in Aluminiumbeh\u00e4ltern herangezogen werden.\",\"breadcrumb\":{\"@id\":\"https:\\\/\\\/mobilane.com\\\/de\\\/produkte\\\/wallplanter\\\/#breadcrumb\"},\"inLanguage\":\"de\",\"potentialAction\":[{\"@type\":\"ReadAction\",\"target\":[\"https:\\\/\\\/mobilane.com\\\/de\\\/produkte\\\/wallplanter\\\/\"]}]},{\"@type\":\"ImageObject\",\"inLanguage\":\"de\",\"@id\":\"https:\\\/\\\/mobilane.com\\\/de\\\/produkte\\\/wallplanter\\\/#primaryimage\",\"url\":\"https:\\\/\\\/mobilane.com\\\/app\\\/uploads\\\/2018\\\/03\\\/Mobilane-WallPlanter-front-product.jpg\",\"contentUrl\":\"https:\\\/\\\/mobilane.com\\\/app\\\/uploads\\\/2018\\\/03\\\/Mobilane-WallPlanter-front-product.jpg\",\"width\":768,\"height\":768},{\"@type\":\"BreadcrumbList\",\"@id\":\"https:\\\/\\\/mobilane.com\\\/de\\\/produkte\\\/wallplanter\\\/#breadcrumb\",\"itemListElement\":[{\"@type\":\"ListItem\",\"position\":1,\"name\":\"Home\",\"item\":\"https:\\\/\\\/mobilane.com\\\/de\\\/\"},{\"@type\":\"ListItem\",\"position\":2,\"name\":\"Posts\",\"item\":\"https:\\\/\\\/mobilane.com\\\/products\\\/\"},{\"@type\":\"ListItem\",\"position\":3,\"name\":\"WallPlanter\"}]},{\"@type\":\"WebSite\",\"@id\":\"https:\\\/\\\/mobilane.com\\\/#website\",\"url\":\"https:\\\/\\\/mobilane.com\\\/\",\"name\":\"Mobilane\",\"description\":\"Ready Made Green Systems\",\"publisher\":{\"@id\":\"https:\\\/\\\/mobilane.com\\\/#organization\"},\"potentialAction\":[{\"@type\":\"SearchAction\",\"target\":{\"@type\":\"EntryPoint\",\"urlTemplate\":\"https:\\\/\\\/mobilane.com\\\/?s={search_term_string}\"},\"query-input\":{\"@type\":\"PropertyValueSpecification\",\"valueRequired\":true,\"valueName\":\"search_term_string\"}}],\"inLanguage\":\"de\"},{\"@type\":\"Organization\",\"@id\":\"https:\\\/\\\/mobilane.com\\\/#organization\",\"name\":\"Mobilane\",\"url\":\"https:\\\/\\\/mobilane.com\\\/\",\"logo\":{\"@type\":\"ImageObject\",\"inLanguage\":\"de\",\"@id\":\"https:\\\/\\\/mobilane.com\\\/#\\\/schema\\\/logo\\\/image\\\/\",\"url\":\"https:\\\/\\\/mobilane.com\\\/app\\\/uploads\\\/2019\\\/10\\\/logo-colour2x.png\",\"contentUrl\":\"https:\\\/\\\/mobilane.com\\\/app\\\/uploads\\\/2019\\\/10\\\/logo-colour2x.png\",\"width\":1472,\"height\":295,\"caption\":\"Mobilane\"},\"image\":{\"@id\":\"https:\\\/\\\/mobilane.com\\\/#\\\/schema\\\/logo\\\/image\\\/\"}}]}<\/script>\n<!-- \/ Yoast SEO plugin. -->","yoast_head_json":{"title":"WallPlanter | Gr\u00fcne Fassade mit fertige Hecke","description":"WallPlanter ist ein Fassadenbegr\u00fcnungssystem f\u00fcr bestehende und neue Geb\u00e4ude. Gr\u00fcne Hecken, die in Aluminiumbeh\u00e4ltern herangezogen werden.","robots":{"index":"index","follow":"follow","max-snippet":"max-snippet:-1","max-image-preview":"max-image-preview:large","max-video-preview":"max-video-preview:-1"},"canonical":"https:\/\/mobilane.com\/de\/produkte\/wallplanter\/","og_locale":"de_DE","og_type":"article","og_title":"WallPlanter | Gr\u00fcne Fassade mit fertige Hecke","og_description":"WallPlanter ist ein Fassadenbegr\u00fcnungssystem f\u00fcr bestehende und neue Geb\u00e4ude. Gr\u00fcne Hecken, die in Aluminiumbeh\u00e4ltern herangezogen werden.","og_url":"https:\/\/mobilane.com\/de\/produkte\/wallplanter\/","og_site_name":"Mobilane","article_modified_time":"2025-06-10T14:12:06+00:00","og_image":[{"width":768,"height":768,"url":"https:\/\/mobilane.com\/app\/uploads\/2018\/03\/Mobilane-WallPlanter-front-product.jpg","type":"image\/jpeg"}],"twitter_card":"summary_large_image","twitter_misc":{"Gesch\u00e4tzte Lesezeit":"1\u00a0Minute"},"schema":{"@context":"https:\/\/schema.org","@graph":[{"@type":"WebPage","@id":"https:\/\/mobilane.com\/de\/produkte\/wallplanter\/","url":"https:\/\/mobilane.com\/de\/produkte\/wallplanter\/","name":"WallPlanter | Gr\u00fcne Fassade mit fertige Hecke","isPartOf":{"@id":"https:\/\/mobilane.com\/#website"},"primaryImageOfPage":{"@id":"https:\/\/mobilane.com\/de\/produkte\/wallplanter\/#primaryimage"},"image":{"@id":"https:\/\/mobilane.com\/de\/produkte\/wallplanter\/#primaryimage"},"thumbnailUrl":"https:\/\/mobilane.com\/app\/uploads\/2018\/03\/Mobilane-WallPlanter-front-product.jpg","datePublished":"2024-01-05T09:21:54+00:00","dateModified":"2025-06-10T14:12:06+00:00","description":"WallPlanter ist ein Fassadenbegr\u00fcnungssystem f\u00fcr bestehende und neue Geb\u00e4ude. Gr\u00fcne Hecken, die in Aluminiumbeh\u00e4ltern herangezogen werden.","breadcrumb":{"@id":"https:\/\/mobilane.com\/de\/produkte\/wallplanter\/#breadcrumb"},"inLanguage":"de","potentialAction":[{"@type":"ReadAction","target":["https:\/\/mobilane.com\/de\/produkte\/wallplanter\/"]}]},{"@type":"ImageObject","inLanguage":"de","@id":"https:\/\/mobilane.com\/de\/produkte\/wallplanter\/#primaryimage","url":"https:\/\/mobilane.com\/app\/uploads\/2018\/03\/Mobilane-WallPlanter-front-product.jpg","contentUrl":"https:\/\/mobilane.com\/app\/uploads\/2018\/03\/Mobilane-WallPlanter-front-product.jpg","width":768,"height":768},{"@type":"BreadcrumbList","@id":"https:\/\/mobilane.com\/de\/produkte\/wallplanter\/#breadcrumb","itemListElement":[{"@type":"ListItem","position":1,"name":"Home","item":"https:\/\/mobilane.com\/de\/"},{"@type":"ListItem","position":2,"name":"Posts","item":"https:\/\/mobilane.com\/products\/"},{"@type":"ListItem","position":3,"name":"WallPlanter"}]},{"@type":"WebSite","@id":"https:\/\/mobilane.com\/#website","url":"https:\/\/mobilane.com\/","name":"Mobilane","description":"Ready Made Green Systems","publisher":{"@id":"https:\/\/mobilane.com\/#organization"},"potentialAction":[{"@type":"SearchAction","target":{"@type":"EntryPoint","urlTemplate":"https:\/\/mobilane.com\/?s={search_term_string}"},"query-input":{"@type":"PropertyValueSpecification","valueRequired":true,"valueName":"search_term_string"}}],"inLanguage":"de"},{"@type":"Organization","@id":"https:\/\/mobilane.com\/#organization","name":"Mobilane","url":"https:\/\/mobilane.com\/","logo":{"@type":"ImageObject","inLanguage":"de","@id":"https:\/\/mobilane.com\/#\/schema\/logo\/image\/","url":"https:\/\/mobilane.com\/app\/uploads\/2019\/10\/logo-colour2x.png","contentUrl":"https:\/\/mobilane.com\/app\/uploads\/2019\/10\/logo-colour2x.png","width":1472,"height":295,"caption":"Mobilane"},"image":{"@id":"https:\/\/mobilane.com\/#\/schema\/logo\/image\/"}}]}},"_links":{"self":[{"href":"https:\/\/mobilane.com\/de\/wp-json\/wp\/v2\/product\/733","targetHints":{"allow":["GET"]}}],"collection":[{"href":"https:\/\/mobilane.com\/de\/wp-json\/wp\/v2\/product"}],"about":[{"href":"https:\/\/mobilane.com\/de\/wp-json\/wp\/v2\/types\/product"}],"author":[{"embeddable":true,"href":"https:\/\/mobilane.com\/de\/wp-json\/wp\/v2\/users\/2"}],"replies":[{"embeddable":true,"href":"https:\/\/mobilane.com\/de\/wp-json\/wp\/v2\/comments?post=733"}],"version-history":[{"count":5,"href":"https:\/\/mobilane.com\/de\/wp-json\/wp\/v2\/product\/733\/revisions"}],"predecessor-version":[{"id":72288,"href":"https:\/\/mobilane.com\/de\/wp-json\/wp\/v2\/product\/733\/revisions\/72288"}],"wp:featuredmedia":[{"embeddable":true,"href":"https:\/\/mobilane.com\/de\/wp-json\/wp\/v2\/media\/58098"}],"wp:attachment":[{"href":"https:\/\/mobilane.com\/de\/wp-json\/wp\/v2\/media?parent=733"}],"curies":[{"name":"wp","href":"https:\/\/api.w.org\/{rel}","templated":true}]}}