{"id":721,"date":"2024-01-07T10:19:09","date_gmt":"2024-01-07T09:19:09","guid":{"rendered":"http:\/\/commob-mangilgok.savviihq.com\/producten\/livepicture\/"},"modified":"2025-09-24T09:05:40","modified_gmt":"2025-09-24T07:05:40","slug":"livepicture","status":"publish","type":"product","link":"https:\/\/mobilane.com\/de\/produkte\/livepicture\/","title":{"rendered":"LivePicture"},"content":{"rendered":"","protected":false},"excerpt":{"rendered":"","protected":false},"author":2,"featured_media":58123,"menu_order":7,"comment_status":"closed","ping_status":"closed","template":"","class_list":["post-721","product","type-product","status-publish","has-post-thumbnail","hentry","product_label-indoor-de","product_label-outdoor-de","target_audience-gewerblich","target_audience-privat","target_audience-unkategorisiert"],"acf":{"is_category_page":false,"information":"<strong>LivePicture ist ein innovatives Kunstwerk, das aus hochwertigen und dauerhaften Materialien hergestellt ist. Die austauschbaren Pflanzkassetten bieten Raum f\u00fcr flexible Gestaltung. <\/strong>\r\n\r\n<span style=\"font-weight: 400;\">LivePicture kann an fast allen W\u00e4nden installiert werden.<\/span>\r\n\r\n<a href=\"http:\/\/mobilane.com\/de\/nachrichten\/livepicture-von-mobilane-ausgezeichnet-bei-den-top-100-der-bueroloesungen-2021\/\" target=\"_blank\" rel=\"noopener\">Top 100 der B\u00fcrol\u00f6sungen 2021<\/a>","right_information":"<img class=\"alignnone wp-image-37182\" src=\"http:\/\/mobilane.com\/app\/uploads\/2021\/07\/Duurzaam-icon-300x300.png\" alt=\"Duurzaam icon\" width=\"49\" height=\"49\" \/>\r\n<strong>Nachhaltigkeit<\/strong>\r\nLivePicture ist biologisch abbaubar und zu 100 % recycelbar.\r\n\r\n<img class=\"alignnone wp-image-37367 \" src=\"http:\/\/mobilane.com\/app\/uploads\/2021\/07\/Waterdruppel-icoontje-002-300x300.png\" alt=\"zuinig waterverbruik\" width=\"40\" height=\"40\" \/>\r\n<strong>Sparsam im Wasserverbrauch<\/strong>\r\nDer Wasserspeicher reicht aus, um die Pflanzen \u00b1 4 Wochen lang mit Wasser zu versorgen.\r\n\r\n<img class=\"alignnone wp-image-50047\" src=\"http:\/\/mobilane.com\/app\/uploads\/2018\/05\/Plants-healthy-climate-icon.png\" alt=\"\" width=\"43\" height=\"43\" \/>\r\n<strong>Saubere und gesunde Luft<\/strong>\r\nLivePicture verbessert das Raumklima und die Luftqualit\u00e4t.","download":79471,"product_bradcrumb":[{"title":"Gewerbe"}],"cps_term_link":""},"yoast_head":"<!-- This site is optimized with the Yoast SEO plugin v27.3 - https:\/\/yoast.com\/product\/yoast-seo-wordpress\/ -->\n<title>Mobilane LivePicture - Ein lebendes Bild aus Pflanzen<\/title>\n<meta name=\"description\" content=\"Das patentierte LivePicture\u00ae-System vereint Innovation, Design und Pflanzen auf einzigartige Weise. LivePicture ist in f\u00fcnf verschiedenen Gr\u00f6\u00dfen...\" \/>\n<meta name=\"robots\" content=\"index, follow, max-snippet:-1, max-image-preview:large, max-video-preview:-1\" \/>\n<link rel=\"canonical\" href=\"https:\/\/mobilane.com\/de\/produkte\/livepicture\/\" \/>\n<meta property=\"og:locale\" content=\"de_DE\" \/>\n<meta property=\"og:type\" content=\"article\" \/>\n<meta property=\"og:title\" content=\"Mobilane LivePicture - Ein lebendes Bild aus Pflanzen\" \/>\n<meta property=\"og:description\" content=\"Das patentierte LivePicture\u00ae-System vereint Innovation, Design und Pflanzen auf einzigartige Weise. LivePicture ist in f\u00fcnf verschiedenen Gr\u00f6\u00dfen...\" \/>\n<meta property=\"og:url\" content=\"https:\/\/mobilane.com\/de\/produkte\/livepicture\/\" \/>\n<meta property=\"og:site_name\" content=\"Mobilane\" \/>\n<meta property=\"article:modified_time\" content=\"2025-09-24T07:05:40+00:00\" \/>\n<meta property=\"og:image\" content=\"https:\/\/mobilane.com\/app\/uploads\/2018\/05\/Mobilane-LivePicture-front-product.jpg\" \/>\n\t<meta property=\"og:image:width\" content=\"768\" \/>\n\t<meta property=\"og:image:height\" content=\"768\" \/>\n\t<meta property=\"og:image:type\" content=\"image\/jpeg\" \/>\n<meta name=\"twitter:card\" content=\"summary_large_image\" \/>\n<meta name=\"twitter:label1\" content=\"Gesch\u00e4tzte Lesezeit\" \/>\n\t<meta name=\"twitter:data1\" content=\"1\u00a0Minute\" \/>\n<script type=\"application\/ld+json\" class=\"yoast-schema-graph\">{\"@context\":\"https:\\\/\\\/schema.org\",\"@graph\":[{\"@type\":\"WebPage\",\"@id\":\"https:\\\/\\\/mobilane.com\\\/de\\\/produkte\\\/livepicture\\\/\",\"url\":\"https:\\\/\\\/mobilane.com\\\/de\\\/produkte\\\/livepicture\\\/\",\"name\":\"Mobilane LivePicture - Ein lebendes Bild aus Pflanzen\",\"isPartOf\":{\"@id\":\"https:\\\/\\\/mobilane.com\\\/#website\"},\"primaryImageOfPage\":{\"@id\":\"https:\\\/\\\/mobilane.com\\\/de\\\/produkte\\\/livepicture\\\/#primaryimage\"},\"image\":{\"@id\":\"https:\\\/\\\/mobilane.com\\\/de\\\/produkte\\\/livepicture\\\/#primaryimage\"},\"thumbnailUrl\":\"https:\\\/\\\/mobilane.com\\\/app\\\/uploads\\\/2018\\\/05\\\/Mobilane-LivePicture-front-product.jpg\",\"datePublished\":\"2024-01-07T09:19:09+00:00\",\"dateModified\":\"2025-09-24T07:05:40+00:00\",\"description\":\"Das patentierte LivePicture\u00ae-System vereint Innovation, Design und Pflanzen auf einzigartige Weise. LivePicture ist in f\u00fcnf verschiedenen Gr\u00f6\u00dfen...\",\"breadcrumb\":{\"@id\":\"https:\\\/\\\/mobilane.com\\\/de\\\/produkte\\\/livepicture\\\/#breadcrumb\"},\"inLanguage\":\"de\",\"potentialAction\":[{\"@type\":\"ReadAction\",\"target\":[\"https:\\\/\\\/mobilane.com\\\/de\\\/produkte\\\/livepicture\\\/\"]}]},{\"@type\":\"ImageObject\",\"inLanguage\":\"de\",\"@id\":\"https:\\\/\\\/mobilane.com\\\/de\\\/produkte\\\/livepicture\\\/#primaryimage\",\"url\":\"https:\\\/\\\/mobilane.com\\\/app\\\/uploads\\\/2018\\\/05\\\/Mobilane-LivePicture-front-product.jpg\",\"contentUrl\":\"https:\\\/\\\/mobilane.com\\\/app\\\/uploads\\\/2018\\\/05\\\/Mobilane-LivePicture-front-product.jpg\",\"width\":768,\"height\":768},{\"@type\":\"BreadcrumbList\",\"@id\":\"https:\\\/\\\/mobilane.com\\\/de\\\/produkte\\\/livepicture\\\/#breadcrumb\",\"itemListElement\":[{\"@type\":\"ListItem\",\"position\":1,\"name\":\"Home\",\"item\":\"https:\\\/\\\/mobilane.com\\\/de\\\/\"},{\"@type\":\"ListItem\",\"position\":2,\"name\":\"Posts\",\"item\":\"https:\\\/\\\/mobilane.com\\\/products\\\/\"},{\"@type\":\"ListItem\",\"position\":3,\"name\":\"LivePicture\"}]},{\"@type\":\"WebSite\",\"@id\":\"https:\\\/\\\/mobilane.com\\\/#website\",\"url\":\"https:\\\/\\\/mobilane.com\\\/\",\"name\":\"Mobilane\",\"description\":\"Ready Made Green Systems\",\"publisher\":{\"@id\":\"https:\\\/\\\/mobilane.com\\\/#organization\"},\"potentialAction\":[{\"@type\":\"SearchAction\",\"target\":{\"@type\":\"EntryPoint\",\"urlTemplate\":\"https:\\\/\\\/mobilane.com\\\/?s={search_term_string}\"},\"query-input\":{\"@type\":\"PropertyValueSpecification\",\"valueRequired\":true,\"valueName\":\"search_term_string\"}}],\"inLanguage\":\"de\"},{\"@type\":\"Organization\",\"@id\":\"https:\\\/\\\/mobilane.com\\\/#organization\",\"name\":\"Mobilane\",\"url\":\"https:\\\/\\\/mobilane.com\\\/\",\"logo\":{\"@type\":\"ImageObject\",\"inLanguage\":\"de\",\"@id\":\"https:\\\/\\\/mobilane.com\\\/#\\\/schema\\\/logo\\\/image\\\/\",\"url\":\"https:\\\/\\\/mobilane.com\\\/app\\\/uploads\\\/2019\\\/10\\\/logo-colour2x.png\",\"contentUrl\":\"https:\\\/\\\/mobilane.com\\\/app\\\/uploads\\\/2019\\\/10\\\/logo-colour2x.png\",\"width\":1472,\"height\":295,\"caption\":\"Mobilane\"},\"image\":{\"@id\":\"https:\\\/\\\/mobilane.com\\\/#\\\/schema\\\/logo\\\/image\\\/\"}}]}<\/script>\n<!-- \/ Yoast SEO plugin. -->","yoast_head_json":{"title":"Mobilane LivePicture - Ein lebendes Bild aus Pflanzen","description":"Das patentierte LivePicture\u00ae-System vereint Innovation, Design und Pflanzen auf einzigartige Weise. LivePicture ist in f\u00fcnf verschiedenen Gr\u00f6\u00dfen...","robots":{"index":"index","follow":"follow","max-snippet":"max-snippet:-1","max-image-preview":"max-image-preview:large","max-video-preview":"max-video-preview:-1"},"canonical":"https:\/\/mobilane.com\/de\/produkte\/livepicture\/","og_locale":"de_DE","og_type":"article","og_title":"Mobilane LivePicture - Ein lebendes Bild aus Pflanzen","og_description":"Das patentierte LivePicture\u00ae-System vereint Innovation, Design und Pflanzen auf einzigartige Weise. LivePicture ist in f\u00fcnf verschiedenen Gr\u00f6\u00dfen...","og_url":"https:\/\/mobilane.com\/de\/produkte\/livepicture\/","og_site_name":"Mobilane","article_modified_time":"2025-09-24T07:05:40+00:00","og_image":[{"width":768,"height":768,"url":"https:\/\/mobilane.com\/app\/uploads\/2018\/05\/Mobilane-LivePicture-front-product.jpg","type":"image\/jpeg"}],"twitter_card":"summary_large_image","twitter_misc":{"Gesch\u00e4tzte Lesezeit":"1\u00a0Minute"},"schema":{"@context":"https:\/\/schema.org","@graph":[{"@type":"WebPage","@id":"https:\/\/mobilane.com\/de\/produkte\/livepicture\/","url":"https:\/\/mobilane.com\/de\/produkte\/livepicture\/","name":"Mobilane LivePicture - Ein lebendes Bild aus Pflanzen","isPartOf":{"@id":"https:\/\/mobilane.com\/#website"},"primaryImageOfPage":{"@id":"https:\/\/mobilane.com\/de\/produkte\/livepicture\/#primaryimage"},"image":{"@id":"https:\/\/mobilane.com\/de\/produkte\/livepicture\/#primaryimage"},"thumbnailUrl":"https:\/\/mobilane.com\/app\/uploads\/2018\/05\/Mobilane-LivePicture-front-product.jpg","datePublished":"2024-01-07T09:19:09+00:00","dateModified":"2025-09-24T07:05:40+00:00","description":"Das patentierte LivePicture\u00ae-System vereint Innovation, Design und Pflanzen auf einzigartige Weise. LivePicture ist in f\u00fcnf verschiedenen Gr\u00f6\u00dfen...","breadcrumb":{"@id":"https:\/\/mobilane.com\/de\/produkte\/livepicture\/#breadcrumb"},"inLanguage":"de","potentialAction":[{"@type":"ReadAction","target":["https:\/\/mobilane.com\/de\/produkte\/livepicture\/"]}]},{"@type":"ImageObject","inLanguage":"de","@id":"https:\/\/mobilane.com\/de\/produkte\/livepicture\/#primaryimage","url":"https:\/\/mobilane.com\/app\/uploads\/2018\/05\/Mobilane-LivePicture-front-product.jpg","contentUrl":"https:\/\/mobilane.com\/app\/uploads\/2018\/05\/Mobilane-LivePicture-front-product.jpg","width":768,"height":768},{"@type":"BreadcrumbList","@id":"https:\/\/mobilane.com\/de\/produkte\/livepicture\/#breadcrumb","itemListElement":[{"@type":"ListItem","position":1,"name":"Home","item":"https:\/\/mobilane.com\/de\/"},{"@type":"ListItem","position":2,"name":"Posts","item":"https:\/\/mobilane.com\/products\/"},{"@type":"ListItem","position":3,"name":"LivePicture"}]},{"@type":"WebSite","@id":"https:\/\/mobilane.com\/#website","url":"https:\/\/mobilane.com\/","name":"Mobilane","description":"Ready Made Green Systems","publisher":{"@id":"https:\/\/mobilane.com\/#organization"},"potentialAction":[{"@type":"SearchAction","target":{"@type":"EntryPoint","urlTemplate":"https:\/\/mobilane.com\/?s={search_term_string}"},"query-input":{"@type":"PropertyValueSpecification","valueRequired":true,"valueName":"search_term_string"}}],"inLanguage":"de"},{"@type":"Organization","@id":"https:\/\/mobilane.com\/#organization","name":"Mobilane","url":"https:\/\/mobilane.com\/","logo":{"@type":"ImageObject","inLanguage":"de","@id":"https:\/\/mobilane.com\/#\/schema\/logo\/image\/","url":"https:\/\/mobilane.com\/app\/uploads\/2019\/10\/logo-colour2x.png","contentUrl":"https:\/\/mobilane.com\/app\/uploads\/2019\/10\/logo-colour2x.png","width":1472,"height":295,"caption":"Mobilane"},"image":{"@id":"https:\/\/mobilane.com\/#\/schema\/logo\/image\/"}}]}},"_links":{"self":[{"href":"https:\/\/mobilane.com\/de\/wp-json\/wp\/v2\/product\/721","targetHints":{"allow":["GET"]}}],"collection":[{"href":"https:\/\/mobilane.com\/de\/wp-json\/wp\/v2\/product"}],"about":[{"href":"https:\/\/mobilane.com\/de\/wp-json\/wp\/v2\/types\/product"}],"author":[{"embeddable":true,"href":"https:\/\/mobilane.com\/de\/wp-json\/wp\/v2\/users\/2"}],"replies":[{"embeddable":true,"href":"https:\/\/mobilane.com\/de\/wp-json\/wp\/v2\/comments?post=721"}],"version-history":[{"count":5,"href":"https:\/\/mobilane.com\/de\/wp-json\/wp\/v2\/product\/721\/revisions"}],"predecessor-version":[{"id":72290,"href":"https:\/\/mobilane.com\/de\/wp-json\/wp\/v2\/product\/721\/revisions\/72290"}],"wp:featuredmedia":[{"embeddable":true,"href":"https:\/\/mobilane.com\/de\/wp-json\/wp\/v2\/media\/58123"}],"wp:attachment":[{"href":"https:\/\/mobilane.com\/de\/wp-json\/wp\/v2\/media?parent=721"}],"curies":[{"name":"wp","href":"https:\/\/api.w.org\/{rel}","templated":true}]}}