{"id":717,"date":"2024-01-08T10:17:55","date_gmt":"2024-01-08T09:17:55","guid":{"rendered":"http:\/\/commob-mangilgok.savviihq.com\/producten\/livepanel-pack\/"},"modified":"2025-09-01T14:46:49","modified_gmt":"2025-09-01T12:46:49","slug":"livepanel-pack","status":"publish","type":"product","link":"https:\/\/mobilane.com\/de\/produkte\/livepanel-pack\/","title":{"rendered":"LivePanel PACK"},"content":{"rendered":"","protected":false},"excerpt":{"rendered":"","protected":false},"author":2,"featured_media":58091,"menu_order":8,"comment_status":"closed","ping_status":"closed","template":"","class_list":["post-717","product","type-product","status-publish","has-post-thumbnail","hentry","product_label-indoor-de","product_label-outdoor-de","target_audience-gewerblich","target_audience-privat","target_audience-unkategorisiert"],"acf":{"is_category_page":false,"information":"<strong>LivePanel PACK ist ein in vier Standardformaten erh\u00e4ltliches, vorgefertigtes Pflanzenwandsystem.<\/strong>\r\n\r\nDas Pflanzenwandsystem ist ideal f\u00fcr B\u00fcros, Wohnungen, Schulen, Ausstellungsr\u00e4ume, Gesch\u00e4fte (Schaufenster) und Gastronomie.\r\n\r\nEine <a href=\"http:\/\/mobilane.com\/de\/nachrichten\/ein-gruener-traum-eine-wandbegruenung-macht-aus-einem-raum-ein-ambiente\/\" target=\"_blank\" rel=\"noopener\">gr\u00fcne Oase<\/a>.<img class=\"wp-image-33167 aligncenter\" src=\"http:\/\/mobilane.com\/app\/uploads\/2018\/05\/LivePanel-PACK-1-1-300x300.jpg\" alt=\"LivePanel PACK 2 Botanische droom\" width=\"124\" height=\"124\" \/>","right_information":"<img class=\"alignnone wp-image-50083\" src=\"http:\/\/mobilane.com\/app\/uploads\/2018\/05\/All-in-1-package-icon.png\" alt=\"\" width=\"54\" height=\"54\" \/>\r\n<strong>All-in-1 package<\/strong>\r\nLivePanel PACK ist das Gr\u00fcnwandsystem in einem All-in-one-Paket in vier verschiedenen Standardgr\u00f6\u00dfen\r\n\r\n<img class=\"alignnone wp-image-37367 \" src=\"http:\/\/mobilane.com\/app\/uploads\/2021\/07\/Waterdruppel-icoontje-002-300x300.png\" alt=\"zuinig waterverbruik\" width=\"40\" height=\"40\" \/>\r\n<strong>Sparsam im Wasserverbrauch<\/strong>\r\nDer Wasservorrat reicht aus, um die Pflanzen \u00b1 2 Wochen lang mit Wasser zu versorgen.\r\n\r\n<img class=\"alignnone wp-image-50047\" src=\"http:\/\/mobilane.com\/app\/uploads\/2018\/05\/Plants-healthy-climate-icon.png\" alt=\"\" width=\"43\" height=\"43\" \/>\r\n<strong>Saubere und gesunde Luft<\/strong>\r\nLivePanel PACK verbessert das Raumklima und die Luftqualit\u00e4t.","download":79471,"product_bradcrumb":[{"title":"Gewerbe"}],"cps_term_link":""},"yoast_head":"<!-- This site is optimized with the Yoast SEO plugin v27.4 - https:\/\/yoast.com\/product\/yoast-seo-wordpress\/ -->\n<title>LivePanel PACK - Mobilane Pflanzenwandsystem f\u00fcr zu Hause, B\u00fcro...<\/title>\n<meta name=\"description\" content=\"LivePanel PACK ist ein standardisiertes Gr\u00fcnwandsystem. Eines Alles-in-1-Gr\u00fcnwandsystem, speziell f\u00fcr kleinere W\u00e4nde entwickelt, ohne Wasseranschluss.\" \/>\n<meta name=\"robots\" content=\"index, follow, max-snippet:-1, max-image-preview:large, max-video-preview:-1\" \/>\n<link rel=\"canonical\" href=\"https:\/\/mobilane.com\/de\/produkte\/livepanel-pack\/\" \/>\n<meta property=\"og:locale\" content=\"de_DE\" \/>\n<meta property=\"og:type\" content=\"article\" \/>\n<meta property=\"og:title\" content=\"LivePanel PACK - Mobilane Pflanzenwandsystem f\u00fcr zu Hause, B\u00fcro...\" \/>\n<meta property=\"og:description\" content=\"LivePanel PACK ist ein standardisiertes Gr\u00fcnwandsystem. Eines Alles-in-1-Gr\u00fcnwandsystem, speziell f\u00fcr kleinere W\u00e4nde entwickelt, ohne Wasseranschluss.\" \/>\n<meta property=\"og:url\" content=\"https:\/\/mobilane.com\/de\/produkte\/livepanel-pack\/\" \/>\n<meta property=\"og:site_name\" content=\"Mobilane\" \/>\n<meta property=\"article:modified_time\" content=\"2025-09-01T12:46:49+00:00\" \/>\n<meta property=\"og:image\" content=\"https:\/\/mobilane.com\/app\/uploads\/2018\/03\/Mobilane-LivePanel-PACK-front-product.jpg\" \/>\n\t<meta property=\"og:image:width\" content=\"768\" \/>\n\t<meta property=\"og:image:height\" content=\"768\" \/>\n\t<meta property=\"og:image:type\" content=\"image\/jpeg\" \/>\n<meta name=\"twitter:card\" content=\"summary_large_image\" \/>\n<meta name=\"twitter:label1\" content=\"Gesch\u00e4tzte Lesezeit\" \/>\n\t<meta name=\"twitter:data1\" content=\"1\u00a0Minute\" \/>\n<script type=\"application\/ld+json\" class=\"yoast-schema-graph\">{\"@context\":\"https:\\\/\\\/schema.org\",\"@graph\":[{\"@type\":\"WebPage\",\"@id\":\"https:\\\/\\\/mobilane.com\\\/de\\\/produkte\\\/livepanel-pack\\\/\",\"url\":\"https:\\\/\\\/mobilane.com\\\/de\\\/produkte\\\/livepanel-pack\\\/\",\"name\":\"LivePanel PACK - Mobilane Pflanzenwandsystem f\u00fcr zu Hause, B\u00fcro...\",\"isPartOf\":{\"@id\":\"https:\\\/\\\/mobilane.com\\\/#website\"},\"primaryImageOfPage\":{\"@id\":\"https:\\\/\\\/mobilane.com\\\/de\\\/produkte\\\/livepanel-pack\\\/#primaryimage\"},\"image\":{\"@id\":\"https:\\\/\\\/mobilane.com\\\/de\\\/produkte\\\/livepanel-pack\\\/#primaryimage\"},\"thumbnailUrl\":\"https:\\\/\\\/mobilane.com\\\/app\\\/uploads\\\/2018\\\/03\\\/Mobilane-LivePanel-PACK-front-product.jpg\",\"datePublished\":\"2024-01-08T09:17:55+00:00\",\"dateModified\":\"2025-09-01T12:46:49+00:00\",\"description\":\"LivePanel PACK ist ein standardisiertes Gr\u00fcnwandsystem. Eines Alles-in-1-Gr\u00fcnwandsystem, speziell f\u00fcr kleinere W\u00e4nde entwickelt, ohne Wasseranschluss.\",\"breadcrumb\":{\"@id\":\"https:\\\/\\\/mobilane.com\\\/de\\\/produkte\\\/livepanel-pack\\\/#breadcrumb\"},\"inLanguage\":\"de\",\"potentialAction\":[{\"@type\":\"ReadAction\",\"target\":[\"https:\\\/\\\/mobilane.com\\\/de\\\/produkte\\\/livepanel-pack\\\/\"]}]},{\"@type\":\"ImageObject\",\"inLanguage\":\"de\",\"@id\":\"https:\\\/\\\/mobilane.com\\\/de\\\/produkte\\\/livepanel-pack\\\/#primaryimage\",\"url\":\"https:\\\/\\\/mobilane.com\\\/app\\\/uploads\\\/2018\\\/03\\\/Mobilane-LivePanel-PACK-front-product.jpg\",\"contentUrl\":\"https:\\\/\\\/mobilane.com\\\/app\\\/uploads\\\/2018\\\/03\\\/Mobilane-LivePanel-PACK-front-product.jpg\",\"width\":768,\"height\":768,\"caption\":\"Mobilane LivePanel PACK aan de muur\"},{\"@type\":\"BreadcrumbList\",\"@id\":\"https:\\\/\\\/mobilane.com\\\/de\\\/produkte\\\/livepanel-pack\\\/#breadcrumb\",\"itemListElement\":[{\"@type\":\"ListItem\",\"position\":1,\"name\":\"Home\",\"item\":\"https:\\\/\\\/mobilane.com\\\/de\\\/\"},{\"@type\":\"ListItem\",\"position\":2,\"name\":\"Posts\",\"item\":\"https:\\\/\\\/mobilane.com\\\/products\\\/\"},{\"@type\":\"ListItem\",\"position\":3,\"name\":\"LivePanel PACK\"}]},{\"@type\":\"WebSite\",\"@id\":\"https:\\\/\\\/mobilane.com\\\/#website\",\"url\":\"https:\\\/\\\/mobilane.com\\\/\",\"name\":\"Mobilane\",\"description\":\"Ready Made Green Systems\",\"publisher\":{\"@id\":\"https:\\\/\\\/mobilane.com\\\/#organization\"},\"potentialAction\":[{\"@type\":\"SearchAction\",\"target\":{\"@type\":\"EntryPoint\",\"urlTemplate\":\"https:\\\/\\\/mobilane.com\\\/?s={search_term_string}\"},\"query-input\":{\"@type\":\"PropertyValueSpecification\",\"valueRequired\":true,\"valueName\":\"search_term_string\"}}],\"inLanguage\":\"de\"},{\"@type\":\"Organization\",\"@id\":\"https:\\\/\\\/mobilane.com\\\/#organization\",\"name\":\"Mobilane\",\"url\":\"https:\\\/\\\/mobilane.com\\\/\",\"logo\":{\"@type\":\"ImageObject\",\"inLanguage\":\"de\",\"@id\":\"https:\\\/\\\/mobilane.com\\\/#\\\/schema\\\/logo\\\/image\\\/\",\"url\":\"https:\\\/\\\/mobilane.com\\\/app\\\/uploads\\\/2019\\\/10\\\/logo-colour2x.png\",\"contentUrl\":\"https:\\\/\\\/mobilane.com\\\/app\\\/uploads\\\/2019\\\/10\\\/logo-colour2x.png\",\"width\":1472,\"height\":295,\"caption\":\"Mobilane\"},\"image\":{\"@id\":\"https:\\\/\\\/mobilane.com\\\/#\\\/schema\\\/logo\\\/image\\\/\"}}]}<\/script>\n<!-- \/ Yoast SEO plugin. -->","yoast_head_json":{"title":"LivePanel PACK - Mobilane Pflanzenwandsystem f\u00fcr zu Hause, B\u00fcro...","description":"LivePanel PACK ist ein standardisiertes Gr\u00fcnwandsystem. Eines Alles-in-1-Gr\u00fcnwandsystem, speziell f\u00fcr kleinere W\u00e4nde entwickelt, ohne Wasseranschluss.","robots":{"index":"index","follow":"follow","max-snippet":"max-snippet:-1","max-image-preview":"max-image-preview:large","max-video-preview":"max-video-preview:-1"},"canonical":"https:\/\/mobilane.com\/de\/produkte\/livepanel-pack\/","og_locale":"de_DE","og_type":"article","og_title":"LivePanel PACK - Mobilane Pflanzenwandsystem f\u00fcr zu Hause, B\u00fcro...","og_description":"LivePanel PACK ist ein standardisiertes Gr\u00fcnwandsystem. Eines Alles-in-1-Gr\u00fcnwandsystem, speziell f\u00fcr kleinere W\u00e4nde entwickelt, ohne Wasseranschluss.","og_url":"https:\/\/mobilane.com\/de\/produkte\/livepanel-pack\/","og_site_name":"Mobilane","article_modified_time":"2025-09-01T12:46:49+00:00","og_image":[{"width":768,"height":768,"url":"https:\/\/mobilane.com\/app\/uploads\/2018\/03\/Mobilane-LivePanel-PACK-front-product.jpg","type":"image\/jpeg"}],"twitter_card":"summary_large_image","twitter_misc":{"Gesch\u00e4tzte Lesezeit":"1\u00a0Minute"},"schema":{"@context":"https:\/\/schema.org","@graph":[{"@type":"WebPage","@id":"https:\/\/mobilane.com\/de\/produkte\/livepanel-pack\/","url":"https:\/\/mobilane.com\/de\/produkte\/livepanel-pack\/","name":"LivePanel PACK - Mobilane Pflanzenwandsystem f\u00fcr zu Hause, B\u00fcro...","isPartOf":{"@id":"https:\/\/mobilane.com\/#website"},"primaryImageOfPage":{"@id":"https:\/\/mobilane.com\/de\/produkte\/livepanel-pack\/#primaryimage"},"image":{"@id":"https:\/\/mobilane.com\/de\/produkte\/livepanel-pack\/#primaryimage"},"thumbnailUrl":"https:\/\/mobilane.com\/app\/uploads\/2018\/03\/Mobilane-LivePanel-PACK-front-product.jpg","datePublished":"2024-01-08T09:17:55+00:00","dateModified":"2025-09-01T12:46:49+00:00","description":"LivePanel PACK ist ein standardisiertes Gr\u00fcnwandsystem. Eines Alles-in-1-Gr\u00fcnwandsystem, speziell f\u00fcr kleinere W\u00e4nde entwickelt, ohne Wasseranschluss.","breadcrumb":{"@id":"https:\/\/mobilane.com\/de\/produkte\/livepanel-pack\/#breadcrumb"},"inLanguage":"de","potentialAction":[{"@type":"ReadAction","target":["https:\/\/mobilane.com\/de\/produkte\/livepanel-pack\/"]}]},{"@type":"ImageObject","inLanguage":"de","@id":"https:\/\/mobilane.com\/de\/produkte\/livepanel-pack\/#primaryimage","url":"https:\/\/mobilane.com\/app\/uploads\/2018\/03\/Mobilane-LivePanel-PACK-front-product.jpg","contentUrl":"https:\/\/mobilane.com\/app\/uploads\/2018\/03\/Mobilane-LivePanel-PACK-front-product.jpg","width":768,"height":768,"caption":"Mobilane LivePanel PACK aan de muur"},{"@type":"BreadcrumbList","@id":"https:\/\/mobilane.com\/de\/produkte\/livepanel-pack\/#breadcrumb","itemListElement":[{"@type":"ListItem","position":1,"name":"Home","item":"https:\/\/mobilane.com\/de\/"},{"@type":"ListItem","position":2,"name":"Posts","item":"https:\/\/mobilane.com\/products\/"},{"@type":"ListItem","position":3,"name":"LivePanel PACK"}]},{"@type":"WebSite","@id":"https:\/\/mobilane.com\/#website","url":"https:\/\/mobilane.com\/","name":"Mobilane","description":"Ready Made Green Systems","publisher":{"@id":"https:\/\/mobilane.com\/#organization"},"potentialAction":[{"@type":"SearchAction","target":{"@type":"EntryPoint","urlTemplate":"https:\/\/mobilane.com\/?s={search_term_string}"},"query-input":{"@type":"PropertyValueSpecification","valueRequired":true,"valueName":"search_term_string"}}],"inLanguage":"de"},{"@type":"Organization","@id":"https:\/\/mobilane.com\/#organization","name":"Mobilane","url":"https:\/\/mobilane.com\/","logo":{"@type":"ImageObject","inLanguage":"de","@id":"https:\/\/mobilane.com\/#\/schema\/logo\/image\/","url":"https:\/\/mobilane.com\/app\/uploads\/2019\/10\/logo-colour2x.png","contentUrl":"https:\/\/mobilane.com\/app\/uploads\/2019\/10\/logo-colour2x.png","width":1472,"height":295,"caption":"Mobilane"},"image":{"@id":"https:\/\/mobilane.com\/#\/schema\/logo\/image\/"}}]}},"_links":{"self":[{"href":"https:\/\/mobilane.com\/de\/wp-json\/wp\/v2\/product\/717","targetHints":{"allow":["GET"]}}],"collection":[{"href":"https:\/\/mobilane.com\/de\/wp-json\/wp\/v2\/product"}],"about":[{"href":"https:\/\/mobilane.com\/de\/wp-json\/wp\/v2\/types\/product"}],"author":[{"embeddable":true,"href":"https:\/\/mobilane.com\/de\/wp-json\/wp\/v2\/users\/2"}],"replies":[{"embeddable":true,"href":"https:\/\/mobilane.com\/de\/wp-json\/wp\/v2\/comments?post=717"}],"version-history":[{"count":5,"href":"https:\/\/mobilane.com\/de\/wp-json\/wp\/v2\/product\/717\/revisions"}],"predecessor-version":[{"id":72291,"href":"https:\/\/mobilane.com\/de\/wp-json\/wp\/v2\/product\/717\/revisions\/72291"}],"wp:featuredmedia":[{"embeddable":true,"href":"https:\/\/mobilane.com\/de\/wp-json\/wp\/v2\/media\/58091"}],"wp:attachment":[{"href":"https:\/\/mobilane.com\/de\/wp-json\/wp\/v2\/media?parent=717"}],"curies":[{"name":"wp","href":"https:\/\/api.w.org\/{rel}","templated":true}]}}