{"id":53721,"date":"2024-01-11T13:27:39","date_gmt":"2024-01-11T12:27:39","guid":{"rendered":"http:\/\/mobilane.com\/producten\/mobigreenfence\/"},"modified":"2025-06-10T16:16:04","modified_gmt":"2025-06-10T14:16:04","slug":"mobigreenfence","status":"publish","type":"product","link":"https:\/\/mobilane.com\/de\/produkte\/mobigreenfence\/","title":{"rendered":"MobiGreenFence"},"content":{"rendered":"","protected":false},"excerpt":{"rendered":"","protected":false},"author":32,"featured_media":53516,"menu_order":11,"comment_status":"closed","ping_status":"closed","template":"","class_list":["post-53721","product","type-product","status-publish","has-post-thumbnail","hentry","product_label-outdoor-de","target_audience-gewerblich"],"acf":{"is_category_page":false,"information":"MobiGreenFence ist ein nachhaltiger gr\u00fcner Bauzaun mit einer ausgewachsenen Hecke, der unter anderem dazu dient, ein sofortiges gr\u00fcnes Erscheinungsbild und eine Abgrenzung von Baustellen und Veranstaltungen zu schaffen.\r\n\r\nMobiGreenFence ist mit der Pflanzenart Hedera helix \u201eWoerner\u201c erh\u00e4ltlich und kann optional mit zus\u00e4tzlicher (Unter-)Bepflanzung, Abdeckplatten oder Nistk\u00e4sten ausgestattet werden.\r\n\r\nDie nachhaltige gr\u00fcne Bauhecke passt auf nahezu alle Betonsockel.","right_information":"<img class=\"alignnone wp-image-50101\" src=\"http:\/\/mobilane.com\/app\/uploads\/2018\/05\/Duurzaam-icon-300x300.png\" alt=\"MobiGreenFence duurzaam\" width=\"64\" height=\"64\" \/>\r\n<strong>Nachhaltig<\/strong>\r\nMobiGreenFence wird in unserem Haupsitz in den Niederlanden angebaut und ist als nachhaltig zertifiziert.\r\n\r\n<img class=\"alignnone wp-image-53604\" src=\"http:\/\/mobilane.com\/app\/uploads\/2023\/02\/Social-Return-icon-1.png\" alt=\"Social Return icon\" width=\"66\" height=\"66\" \/>\r\n<strong>Sozialrendite<\/strong>\r\nDer gr\u00fcne Bauzaun wird von Besch\u00e4ftigten mit einer gewissen Distanz zum Arbeitsmarkt hergestellt.\r\n\r\n<img class=\"alignnone wp-image-50089\" src=\"http:\/\/mobilane.com\/app\/uploads\/2018\/05\/Biodiversity-icon-300x300.png\" alt=\"MobiGreenFence Biodiversiteit\" width=\"56\" height=\"56\" \/>\r\n<strong>Artenvielfalt<\/strong>\r\nMobiGreenFence tr\u00e4gt zur Artenvielfalt bei.","download":79471,"product_bradcrumb":null,"cps_term_link":""},"yoast_head":"<!-- This site is optimized with the Yoast SEO plugin v27.4 - https:\/\/yoast.com\/product\/yoast-seo-wordpress\/ -->\n<title>MobiGreenFence | Der nachhaltige gr\u00fcne Bauzaun<\/title>\n<meta name=\"description\" content=\"MobiGreenFence - ein gr\u00fcner Bauzaun mit ausgewachsenen Hecke, der dazu dient eine Abgrenzung von Baustellen und Veranstaltungen zu schaffen.\" \/>\n<meta name=\"robots\" content=\"index, follow, max-snippet:-1, max-image-preview:large, max-video-preview:-1\" \/>\n<link rel=\"canonical\" href=\"https:\/\/mobilane.com\/de\/produkte\/mobigreenfence\/\" \/>\n<meta property=\"og:locale\" content=\"de_DE\" \/>\n<meta property=\"og:type\" content=\"article\" \/>\n<meta property=\"og:title\" content=\"MobiGreenFence | Der nachhaltige gr\u00fcne Bauzaun\" \/>\n<meta property=\"og:description\" content=\"MobiGreenFence - ein gr\u00fcner Bauzaun mit ausgewachsenen Hecke, der dazu dient eine Abgrenzung von Baustellen und Veranstaltungen zu schaffen.\" \/>\n<meta property=\"og:url\" content=\"https:\/\/mobilane.com\/de\/produkte\/mobigreenfence\/\" \/>\n<meta property=\"og:site_name\" content=\"Mobilane\" \/>\n<meta property=\"article:modified_time\" content=\"2025-06-10T14:16:04+00:00\" \/>\n<meta property=\"og:image\" content=\"https:\/\/mobilane.com\/app\/uploads\/2023\/02\/Mobilane-MobiGreen-Fence.jpg\" \/>\n\t<meta property=\"og:image:width\" content=\"609\" \/>\n\t<meta property=\"og:image:height\" content=\"600\" \/>\n\t<meta property=\"og:image:type\" content=\"image\/jpeg\" \/>\n<meta name=\"twitter:card\" content=\"summary_large_image\" \/>\n<meta name=\"twitter:label1\" content=\"Gesch\u00e4tzte Lesezeit\" \/>\n\t<meta name=\"twitter:data1\" content=\"1\u00a0Minute\" \/>\n<script type=\"application\/ld+json\" class=\"yoast-schema-graph\">{\"@context\":\"https:\\\/\\\/schema.org\",\"@graph\":[{\"@type\":\"WebPage\",\"@id\":\"https:\\\/\\\/mobilane.com\\\/de\\\/produkte\\\/mobigreenfence\\\/\",\"url\":\"https:\\\/\\\/mobilane.com\\\/de\\\/produkte\\\/mobigreenfence\\\/\",\"name\":\"MobiGreenFence | Der nachhaltige gr\u00fcne Bauzaun\",\"isPartOf\":{\"@id\":\"https:\\\/\\\/mobilane.com\\\/#website\"},\"primaryImageOfPage\":{\"@id\":\"https:\\\/\\\/mobilane.com\\\/de\\\/produkte\\\/mobigreenfence\\\/#primaryimage\"},\"image\":{\"@id\":\"https:\\\/\\\/mobilane.com\\\/de\\\/produkte\\\/mobigreenfence\\\/#primaryimage\"},\"thumbnailUrl\":\"https:\\\/\\\/mobilane.com\\\/app\\\/uploads\\\/2023\\\/02\\\/Mobilane-MobiGreen-Fence.jpg\",\"datePublished\":\"2024-01-11T12:27:39+00:00\",\"dateModified\":\"2025-06-10T14:16:04+00:00\",\"description\":\"MobiGreenFence - ein gr\u00fcner Bauzaun mit ausgewachsenen Hecke, der dazu dient eine Abgrenzung von Baustellen und Veranstaltungen zu schaffen.\",\"breadcrumb\":{\"@id\":\"https:\\\/\\\/mobilane.com\\\/de\\\/produkte\\\/mobigreenfence\\\/#breadcrumb\"},\"inLanguage\":\"de\",\"potentialAction\":[{\"@type\":\"ReadAction\",\"target\":[\"https:\\\/\\\/mobilane.com\\\/de\\\/produkte\\\/mobigreenfence\\\/\"]}]},{\"@type\":\"ImageObject\",\"inLanguage\":\"de\",\"@id\":\"https:\\\/\\\/mobilane.com\\\/de\\\/produkte\\\/mobigreenfence\\\/#primaryimage\",\"url\":\"https:\\\/\\\/mobilane.com\\\/app\\\/uploads\\\/2023\\\/02\\\/Mobilane-MobiGreen-Fence.jpg\",\"contentUrl\":\"https:\\\/\\\/mobilane.com\\\/app\\\/uploads\\\/2023\\\/02\\\/Mobilane-MobiGreen-Fence.jpg\",\"width\":609,\"height\":600,\"caption\":\"MobiGreen Fence\"},{\"@type\":\"BreadcrumbList\",\"@id\":\"https:\\\/\\\/mobilane.com\\\/de\\\/produkte\\\/mobigreenfence\\\/#breadcrumb\",\"itemListElement\":[{\"@type\":\"ListItem\",\"position\":1,\"name\":\"Home\",\"item\":\"https:\\\/\\\/mobilane.com\\\/de\\\/\"},{\"@type\":\"ListItem\",\"position\":2,\"name\":\"Posts\",\"item\":\"https:\\\/\\\/mobilane.com\\\/products\\\/\"},{\"@type\":\"ListItem\",\"position\":3,\"name\":\"MobiGreenFence\"}]},{\"@type\":\"WebSite\",\"@id\":\"https:\\\/\\\/mobilane.com\\\/#website\",\"url\":\"https:\\\/\\\/mobilane.com\\\/\",\"name\":\"Mobilane\",\"description\":\"Ready Made Green Systems\",\"publisher\":{\"@id\":\"https:\\\/\\\/mobilane.com\\\/#organization\"},\"potentialAction\":[{\"@type\":\"SearchAction\",\"target\":{\"@type\":\"EntryPoint\",\"urlTemplate\":\"https:\\\/\\\/mobilane.com\\\/?s={search_term_string}\"},\"query-input\":{\"@type\":\"PropertyValueSpecification\",\"valueRequired\":true,\"valueName\":\"search_term_string\"}}],\"inLanguage\":\"de\"},{\"@type\":\"Organization\",\"@id\":\"https:\\\/\\\/mobilane.com\\\/#organization\",\"name\":\"Mobilane\",\"url\":\"https:\\\/\\\/mobilane.com\\\/\",\"logo\":{\"@type\":\"ImageObject\",\"inLanguage\":\"de\",\"@id\":\"https:\\\/\\\/mobilane.com\\\/#\\\/schema\\\/logo\\\/image\\\/\",\"url\":\"https:\\\/\\\/mobilane.com\\\/app\\\/uploads\\\/2019\\\/10\\\/logo-colour2x.png\",\"contentUrl\":\"https:\\\/\\\/mobilane.com\\\/app\\\/uploads\\\/2019\\\/10\\\/logo-colour2x.png\",\"width\":1472,\"height\":295,\"caption\":\"Mobilane\"},\"image\":{\"@id\":\"https:\\\/\\\/mobilane.com\\\/#\\\/schema\\\/logo\\\/image\\\/\"}}]}<\/script>\n<!-- \/ Yoast SEO plugin. -->","yoast_head_json":{"title":"MobiGreenFence | Der nachhaltige gr\u00fcne Bauzaun","description":"MobiGreenFence - ein gr\u00fcner Bauzaun mit ausgewachsenen Hecke, der dazu dient eine Abgrenzung von Baustellen und Veranstaltungen zu schaffen.","robots":{"index":"index","follow":"follow","max-snippet":"max-snippet:-1","max-image-preview":"max-image-preview:large","max-video-preview":"max-video-preview:-1"},"canonical":"https:\/\/mobilane.com\/de\/produkte\/mobigreenfence\/","og_locale":"de_DE","og_type":"article","og_title":"MobiGreenFence | Der nachhaltige gr\u00fcne Bauzaun","og_description":"MobiGreenFence - ein gr\u00fcner Bauzaun mit ausgewachsenen Hecke, der dazu dient eine Abgrenzung von Baustellen und Veranstaltungen zu schaffen.","og_url":"https:\/\/mobilane.com\/de\/produkte\/mobigreenfence\/","og_site_name":"Mobilane","article_modified_time":"2025-06-10T14:16:04+00:00","og_image":[{"width":609,"height":600,"url":"https:\/\/mobilane.com\/app\/uploads\/2023\/02\/Mobilane-MobiGreen-Fence.jpg","type":"image\/jpeg"}],"twitter_card":"summary_large_image","twitter_misc":{"Gesch\u00e4tzte Lesezeit":"1\u00a0Minute"},"schema":{"@context":"https:\/\/schema.org","@graph":[{"@type":"WebPage","@id":"https:\/\/mobilane.com\/de\/produkte\/mobigreenfence\/","url":"https:\/\/mobilane.com\/de\/produkte\/mobigreenfence\/","name":"MobiGreenFence | Der nachhaltige gr\u00fcne Bauzaun","isPartOf":{"@id":"https:\/\/mobilane.com\/#website"},"primaryImageOfPage":{"@id":"https:\/\/mobilane.com\/de\/produkte\/mobigreenfence\/#primaryimage"},"image":{"@id":"https:\/\/mobilane.com\/de\/produkte\/mobigreenfence\/#primaryimage"},"thumbnailUrl":"https:\/\/mobilane.com\/app\/uploads\/2023\/02\/Mobilane-MobiGreen-Fence.jpg","datePublished":"2024-01-11T12:27:39+00:00","dateModified":"2025-06-10T14:16:04+00:00","description":"MobiGreenFence - ein gr\u00fcner Bauzaun mit ausgewachsenen Hecke, der dazu dient eine Abgrenzung von Baustellen und Veranstaltungen zu schaffen.","breadcrumb":{"@id":"https:\/\/mobilane.com\/de\/produkte\/mobigreenfence\/#breadcrumb"},"inLanguage":"de","potentialAction":[{"@type":"ReadAction","target":["https:\/\/mobilane.com\/de\/produkte\/mobigreenfence\/"]}]},{"@type":"ImageObject","inLanguage":"de","@id":"https:\/\/mobilane.com\/de\/produkte\/mobigreenfence\/#primaryimage","url":"https:\/\/mobilane.com\/app\/uploads\/2023\/02\/Mobilane-MobiGreen-Fence.jpg","contentUrl":"https:\/\/mobilane.com\/app\/uploads\/2023\/02\/Mobilane-MobiGreen-Fence.jpg","width":609,"height":600,"caption":"MobiGreen Fence"},{"@type":"BreadcrumbList","@id":"https:\/\/mobilane.com\/de\/produkte\/mobigreenfence\/#breadcrumb","itemListElement":[{"@type":"ListItem","position":1,"name":"Home","item":"https:\/\/mobilane.com\/de\/"},{"@type":"ListItem","position":2,"name":"Posts","item":"https:\/\/mobilane.com\/products\/"},{"@type":"ListItem","position":3,"name":"MobiGreenFence"}]},{"@type":"WebSite","@id":"https:\/\/mobilane.com\/#website","url":"https:\/\/mobilane.com\/","name":"Mobilane","description":"Ready Made Green Systems","publisher":{"@id":"https:\/\/mobilane.com\/#organization"},"potentialAction":[{"@type":"SearchAction","target":{"@type":"EntryPoint","urlTemplate":"https:\/\/mobilane.com\/?s={search_term_string}"},"query-input":{"@type":"PropertyValueSpecification","valueRequired":true,"valueName":"search_term_string"}}],"inLanguage":"de"},{"@type":"Organization","@id":"https:\/\/mobilane.com\/#organization","name":"Mobilane","url":"https:\/\/mobilane.com\/","logo":{"@type":"ImageObject","inLanguage":"de","@id":"https:\/\/mobilane.com\/#\/schema\/logo\/image\/","url":"https:\/\/mobilane.com\/app\/uploads\/2019\/10\/logo-colour2x.png","contentUrl":"https:\/\/mobilane.com\/app\/uploads\/2019\/10\/logo-colour2x.png","width":1472,"height":295,"caption":"Mobilane"},"image":{"@id":"https:\/\/mobilane.com\/#\/schema\/logo\/image\/"}}]}},"_links":{"self":[{"href":"https:\/\/mobilane.com\/de\/wp-json\/wp\/v2\/product\/53721","targetHints":{"allow":["GET"]}}],"collection":[{"href":"https:\/\/mobilane.com\/de\/wp-json\/wp\/v2\/product"}],"about":[{"href":"https:\/\/mobilane.com\/de\/wp-json\/wp\/v2\/types\/product"}],"author":[{"embeddable":true,"href":"https:\/\/mobilane.com\/de\/wp-json\/wp\/v2\/users\/32"}],"replies":[{"embeddable":true,"href":"https:\/\/mobilane.com\/de\/wp-json\/wp\/v2\/comments?post=53721"}],"version-history":[{"count":5,"href":"https:\/\/mobilane.com\/de\/wp-json\/wp\/v2\/product\/53721\/revisions"}],"predecessor-version":[{"id":72294,"href":"https:\/\/mobilane.com\/de\/wp-json\/wp\/v2\/product\/53721\/revisions\/72294"}],"wp:featuredmedia":[{"embeddable":true,"href":"https:\/\/mobilane.com\/de\/wp-json\/wp\/v2\/media\/53516"}],"wp:attachment":[{"href":"https:\/\/mobilane.com\/de\/wp-json\/wp\/v2\/media?parent=53721"}],"curies":[{"name":"wp","href":"https:\/\/api.w.org\/{rel}","templated":true}]}}