{"id":36632,"date":"2024-01-06T10:20:43","date_gmt":"2024-01-06T09:20:43","guid":{"rendered":"http:\/\/mobilane.com\/?post_type=product&#038;p=36632"},"modified":"2025-09-01T14:44:05","modified_gmt":"2025-09-01T12:44:05","slug":"livedivider","status":"publish","type":"product","link":"https:\/\/mobilane.com\/de\/produkte\/livedivider\/","title":{"rendered":"LiveDivider PLUS"},"content":{"rendered":"","protected":false},"excerpt":{"rendered":"","protected":false},"author":3,"featured_media":58077,"menu_order":6,"comment_status":"closed","ping_status":"closed","template":"","class_list":["post-36632","product","type-product","status-publish","has-post-thumbnail","hentry","product_label-indoor-de","target_audience-gewerblich"],"acf":{"is_category_page":false,"information":"<h3><span style=\"font-size: 12pt;\"><strong>LiveDivider PLUS ist ein modularer gr\u00fcner Raumteiler.<\/strong><\/span><\/h3>\r\nDer LiveDivider Plus kann dazu eingesetzt werden einen Raum zu teilen oder neu zu schaffen. Da die Module mit austauschbaren Pflanzenkassetten \u00fcbereinander gestapelt werden k\u00f6nnen, l\u00e4sst sich der Raumteiler vielseitig einsetzen.\r\n\r\n<strong><span style=\"font-size: 12pt;\">Pflanzenverzeichnis\r\n<\/span><\/strong>Das Mobilane <a href=\"http:\/\/mobilane.com\/de\/pflanzenverzeichnis\/\" target=\"_blank\" rel=\"noopener\">Pflanzenverzeichnis<\/a> bietet eine \u00dcbersicht \u00fcber ausgew\u00e4hlte Pflanzenarten, die im LiveDivider PLUS Anwendung finden k\u00f6nnen.\r\n\r\n&nbsp;","right_information":"<img class=\"alignnone wp-image-37300 \" src=\"http:\/\/mobilane.com\/app\/uploads\/2021\/07\/Modular-icon-v5-1-300x300.png\" alt=\"Modular icon v5\" width=\"53\" height=\"53\" \/>\r\n<strong>Modular<\/strong>\r\nLiveDivider PLUS ist modular und vielf\u00e4ltig einsetzbar.\r\n\r\n<img class=\"alignnone wp-image-37182\" src=\"http:\/\/mobilane.com\/app\/uploads\/2021\/07\/Duurzaam-icon-300x300.png\" alt=\"Duurzaam icon\" width=\"49\" height=\"49\" \/>\r\n<strong>Nachhaltig<\/strong>\r\nLiveDivider PLUS ist langlebig, wiederverwendbar und vollst\u00e4ndig recycelbar.\r\n\r\n<img class=\"alignnone wp-image-37196\" src=\"http:\/\/mobilane.com\/app\/uploads\/2021\/07\/Plants-healthy-climate-icon-300x300.png\" alt=\"Plants healthy climate icon\" width=\"43\" height=\"43\" \/>\r\n<strong>Gesundes Raumklima<\/strong>\r\nDie Pflanzen im LiveDivider PLUS verbessern das Raumklima und die Luftqualit\u00e4t.","download":79471,"product_bradcrumb":[{"title":"Gewerblich"}],"cps_term_link":""},"yoast_head":"<!-- This site is optimized with the Yoast SEO plugin v27.3 - https:\/\/yoast.com\/product\/yoast-seo-wordpress\/ -->\n<title>LiveDivider PLUS modularer gr\u00fcner Raumteiler - Mobilane<\/title>\n<meta name=\"description\" content=\"LiveDivider PLUS ist ein modularer gr\u00fcner Raumteiler. Bei diesem einzigartigen System k\u00f6nnen Module beliebig \u00fcbereinandergestapelt werden.\" \/>\n<meta name=\"robots\" content=\"index, follow, max-snippet:-1, max-image-preview:large, max-video-preview:-1\" \/>\n<link rel=\"canonical\" href=\"https:\/\/mobilane.com\/de\/produkte\/livedivider\/\" \/>\n<meta property=\"og:locale\" content=\"de_DE\" \/>\n<meta property=\"og:type\" content=\"article\" \/>\n<meta property=\"og:title\" content=\"LiveDivider PLUS modularer gr\u00fcner Raumteiler - Mobilane\" \/>\n<meta property=\"og:description\" content=\"LiveDivider PLUS ist ein modularer gr\u00fcner Raumteiler. Bei diesem einzigartigen System k\u00f6nnen Module beliebig \u00fcbereinandergestapelt werden.\" \/>\n<meta property=\"og:url\" content=\"https:\/\/mobilane.com\/de\/produkte\/livedivider\/\" \/>\n<meta property=\"og:site_name\" content=\"Mobilane\" \/>\n<meta property=\"article:modified_time\" content=\"2025-09-01T12:44:05+00:00\" \/>\n<meta property=\"og:image\" content=\"https:\/\/mobilane.com\/app\/uploads\/2018\/03\/Mobilane-LiveDivider-PLUS-front-product.jpg\" \/>\n\t<meta property=\"og:image:width\" content=\"768\" \/>\n\t<meta property=\"og:image:height\" content=\"768\" \/>\n\t<meta property=\"og:image:type\" content=\"image\/jpeg\" \/>\n<meta name=\"twitter:card\" content=\"summary_large_image\" \/>\n<meta name=\"twitter:label1\" content=\"Gesch\u00e4tzte Lesezeit\" \/>\n\t<meta name=\"twitter:data1\" content=\"1\u00a0Minute\" \/>\n<script type=\"application\/ld+json\" class=\"yoast-schema-graph\">{\"@context\":\"https:\\\/\\\/schema.org\",\"@graph\":[{\"@type\":\"WebPage\",\"@id\":\"https:\\\/\\\/mobilane.com\\\/de\\\/produkte\\\/livedivider\\\/\",\"url\":\"https:\\\/\\\/mobilane.com\\\/de\\\/produkte\\\/livedivider\\\/\",\"name\":\"LiveDivider PLUS modularer gr\u00fcner Raumteiler - Mobilane\",\"isPartOf\":{\"@id\":\"https:\\\/\\\/mobilane.com\\\/#website\"},\"primaryImageOfPage\":{\"@id\":\"https:\\\/\\\/mobilane.com\\\/de\\\/produkte\\\/livedivider\\\/#primaryimage\"},\"image\":{\"@id\":\"https:\\\/\\\/mobilane.com\\\/de\\\/produkte\\\/livedivider\\\/#primaryimage\"},\"thumbnailUrl\":\"https:\\\/\\\/mobilane.com\\\/app\\\/uploads\\\/2018\\\/03\\\/Mobilane-LiveDivider-PLUS-front-product.jpg\",\"datePublished\":\"2024-01-06T09:20:43+00:00\",\"dateModified\":\"2025-09-01T12:44:05+00:00\",\"description\":\"LiveDivider PLUS ist ein modularer gr\u00fcner Raumteiler. Bei diesem einzigartigen System k\u00f6nnen Module beliebig \u00fcbereinandergestapelt werden.\",\"breadcrumb\":{\"@id\":\"https:\\\/\\\/mobilane.com\\\/de\\\/produkte\\\/livedivider\\\/#breadcrumb\"},\"inLanguage\":\"de\",\"potentialAction\":[{\"@type\":\"ReadAction\",\"target\":[\"https:\\\/\\\/mobilane.com\\\/de\\\/produkte\\\/livedivider\\\/\"]}]},{\"@type\":\"ImageObject\",\"inLanguage\":\"de\",\"@id\":\"https:\\\/\\\/mobilane.com\\\/de\\\/produkte\\\/livedivider\\\/#primaryimage\",\"url\":\"https:\\\/\\\/mobilane.com\\\/app\\\/uploads\\\/2018\\\/03\\\/Mobilane-LiveDivider-PLUS-front-product.jpg\",\"contentUrl\":\"https:\\\/\\\/mobilane.com\\\/app\\\/uploads\\\/2018\\\/03\\\/Mobilane-LiveDivider-PLUS-front-product.jpg\",\"width\":768,\"height\":768},{\"@type\":\"BreadcrumbList\",\"@id\":\"https:\\\/\\\/mobilane.com\\\/de\\\/produkte\\\/livedivider\\\/#breadcrumb\",\"itemListElement\":[{\"@type\":\"ListItem\",\"position\":1,\"name\":\"Home\",\"item\":\"https:\\\/\\\/mobilane.com\\\/de\\\/\"},{\"@type\":\"ListItem\",\"position\":2,\"name\":\"Posts\",\"item\":\"https:\\\/\\\/mobilane.com\\\/products\\\/\"},{\"@type\":\"ListItem\",\"position\":3,\"name\":\"LiveDivider PLUS\"}]},{\"@type\":\"WebSite\",\"@id\":\"https:\\\/\\\/mobilane.com\\\/#website\",\"url\":\"https:\\\/\\\/mobilane.com\\\/\",\"name\":\"Mobilane\",\"description\":\"Ready Made Green Systems\",\"publisher\":{\"@id\":\"https:\\\/\\\/mobilane.com\\\/#organization\"},\"potentialAction\":[{\"@type\":\"SearchAction\",\"target\":{\"@type\":\"EntryPoint\",\"urlTemplate\":\"https:\\\/\\\/mobilane.com\\\/?s={search_term_string}\"},\"query-input\":{\"@type\":\"PropertyValueSpecification\",\"valueRequired\":true,\"valueName\":\"search_term_string\"}}],\"inLanguage\":\"de\"},{\"@type\":\"Organization\",\"@id\":\"https:\\\/\\\/mobilane.com\\\/#organization\",\"name\":\"Mobilane\",\"url\":\"https:\\\/\\\/mobilane.com\\\/\",\"logo\":{\"@type\":\"ImageObject\",\"inLanguage\":\"de\",\"@id\":\"https:\\\/\\\/mobilane.com\\\/#\\\/schema\\\/logo\\\/image\\\/\",\"url\":\"https:\\\/\\\/mobilane.com\\\/app\\\/uploads\\\/2019\\\/10\\\/logo-colour2x.png\",\"contentUrl\":\"https:\\\/\\\/mobilane.com\\\/app\\\/uploads\\\/2019\\\/10\\\/logo-colour2x.png\",\"width\":1472,\"height\":295,\"caption\":\"Mobilane\"},\"image\":{\"@id\":\"https:\\\/\\\/mobilane.com\\\/#\\\/schema\\\/logo\\\/image\\\/\"}}]}<\/script>\n<!-- \/ Yoast SEO plugin. -->","yoast_head_json":{"title":"LiveDivider PLUS modularer gr\u00fcner Raumteiler - Mobilane","description":"LiveDivider PLUS ist ein modularer gr\u00fcner Raumteiler. Bei diesem einzigartigen System k\u00f6nnen Module beliebig \u00fcbereinandergestapelt werden.","robots":{"index":"index","follow":"follow","max-snippet":"max-snippet:-1","max-image-preview":"max-image-preview:large","max-video-preview":"max-video-preview:-1"},"canonical":"https:\/\/mobilane.com\/de\/produkte\/livedivider\/","og_locale":"de_DE","og_type":"article","og_title":"LiveDivider PLUS modularer gr\u00fcner Raumteiler - Mobilane","og_description":"LiveDivider PLUS ist ein modularer gr\u00fcner Raumteiler. Bei diesem einzigartigen System k\u00f6nnen Module beliebig \u00fcbereinandergestapelt werden.","og_url":"https:\/\/mobilane.com\/de\/produkte\/livedivider\/","og_site_name":"Mobilane","article_modified_time":"2025-09-01T12:44:05+00:00","og_image":[{"width":768,"height":768,"url":"https:\/\/mobilane.com\/app\/uploads\/2018\/03\/Mobilane-LiveDivider-PLUS-front-product.jpg","type":"image\/jpeg"}],"twitter_card":"summary_large_image","twitter_misc":{"Gesch\u00e4tzte Lesezeit":"1\u00a0Minute"},"schema":{"@context":"https:\/\/schema.org","@graph":[{"@type":"WebPage","@id":"https:\/\/mobilane.com\/de\/produkte\/livedivider\/","url":"https:\/\/mobilane.com\/de\/produkte\/livedivider\/","name":"LiveDivider PLUS modularer gr\u00fcner Raumteiler - Mobilane","isPartOf":{"@id":"https:\/\/mobilane.com\/#website"},"primaryImageOfPage":{"@id":"https:\/\/mobilane.com\/de\/produkte\/livedivider\/#primaryimage"},"image":{"@id":"https:\/\/mobilane.com\/de\/produkte\/livedivider\/#primaryimage"},"thumbnailUrl":"https:\/\/mobilane.com\/app\/uploads\/2018\/03\/Mobilane-LiveDivider-PLUS-front-product.jpg","datePublished":"2024-01-06T09:20:43+00:00","dateModified":"2025-09-01T12:44:05+00:00","description":"LiveDivider PLUS ist ein modularer gr\u00fcner Raumteiler. Bei diesem einzigartigen System k\u00f6nnen Module beliebig \u00fcbereinandergestapelt werden.","breadcrumb":{"@id":"https:\/\/mobilane.com\/de\/produkte\/livedivider\/#breadcrumb"},"inLanguage":"de","potentialAction":[{"@type":"ReadAction","target":["https:\/\/mobilane.com\/de\/produkte\/livedivider\/"]}]},{"@type":"ImageObject","inLanguage":"de","@id":"https:\/\/mobilane.com\/de\/produkte\/livedivider\/#primaryimage","url":"https:\/\/mobilane.com\/app\/uploads\/2018\/03\/Mobilane-LiveDivider-PLUS-front-product.jpg","contentUrl":"https:\/\/mobilane.com\/app\/uploads\/2018\/03\/Mobilane-LiveDivider-PLUS-front-product.jpg","width":768,"height":768},{"@type":"BreadcrumbList","@id":"https:\/\/mobilane.com\/de\/produkte\/livedivider\/#breadcrumb","itemListElement":[{"@type":"ListItem","position":1,"name":"Home","item":"https:\/\/mobilane.com\/de\/"},{"@type":"ListItem","position":2,"name":"Posts","item":"https:\/\/mobilane.com\/products\/"},{"@type":"ListItem","position":3,"name":"LiveDivider PLUS"}]},{"@type":"WebSite","@id":"https:\/\/mobilane.com\/#website","url":"https:\/\/mobilane.com\/","name":"Mobilane","description":"Ready Made Green Systems","publisher":{"@id":"https:\/\/mobilane.com\/#organization"},"potentialAction":[{"@type":"SearchAction","target":{"@type":"EntryPoint","urlTemplate":"https:\/\/mobilane.com\/?s={search_term_string}"},"query-input":{"@type":"PropertyValueSpecification","valueRequired":true,"valueName":"search_term_string"}}],"inLanguage":"de"},{"@type":"Organization","@id":"https:\/\/mobilane.com\/#organization","name":"Mobilane","url":"https:\/\/mobilane.com\/","logo":{"@type":"ImageObject","inLanguage":"de","@id":"https:\/\/mobilane.com\/#\/schema\/logo\/image\/","url":"https:\/\/mobilane.com\/app\/uploads\/2019\/10\/logo-colour2x.png","contentUrl":"https:\/\/mobilane.com\/app\/uploads\/2019\/10\/logo-colour2x.png","width":1472,"height":295,"caption":"Mobilane"},"image":{"@id":"https:\/\/mobilane.com\/#\/schema\/logo\/image\/"}}]}},"_links":{"self":[{"href":"https:\/\/mobilane.com\/de\/wp-json\/wp\/v2\/product\/36632","targetHints":{"allow":["GET"]}}],"collection":[{"href":"https:\/\/mobilane.com\/de\/wp-json\/wp\/v2\/product"}],"about":[{"href":"https:\/\/mobilane.com\/de\/wp-json\/wp\/v2\/types\/product"}],"author":[{"embeddable":true,"href":"https:\/\/mobilane.com\/de\/wp-json\/wp\/v2\/users\/3"}],"replies":[{"embeddable":true,"href":"https:\/\/mobilane.com\/de\/wp-json\/wp\/v2\/comments?post=36632"}],"version-history":[{"count":5,"href":"https:\/\/mobilane.com\/de\/wp-json\/wp\/v2\/product\/36632\/revisions"}],"predecessor-version":[{"id":72289,"href":"https:\/\/mobilane.com\/de\/wp-json\/wp\/v2\/product\/36632\/revisions\/72289"}],"wp:featuredmedia":[{"embeddable":true,"href":"https:\/\/mobilane.com\/de\/wp-json\/wp\/v2\/media\/58077"}],"wp:attachment":[{"href":"https:\/\/mobilane.com\/de\/wp-json\/wp\/v2\/media?parent=36632"}],"curies":[{"name":"wp","href":"https:\/\/api.w.org\/{rel}","templated":true}]}}