{"id":34651,"date":"2024-01-02T10:47:27","date_gmt":"2024-01-02T09:47:27","guid":{"rendered":"http:\/\/mobilane.com\/?post_type=product&#038;p=34651"},"modified":"2025-08-07T11:57:18","modified_gmt":"2025-08-07T09:57:18","slug":"mobipanel-gruene-wand","status":"publish","type":"product","link":"https:\/\/mobilane.com\/de\/produkte\/mobipanel-gruene-wand\/","title":{"rendered":"MobiPanel Pflanzenwand"},"content":{"rendered":"","protected":false},"excerpt":{"rendered":"","protected":false},"author":14,"featured_media":58063,"menu_order":2,"comment_status":"closed","ping_status":"closed","template":"","class_list":["post-34651","product","type-product","status-publish","has-post-thumbnail","hentry","product_label-outdoor-de","target_audience-gewerblich"],"acf":{"is_category_page":false,"information":"<strong>MobiPanel Pflanzenwand ist ein innovatives, nachhaltiges und leichtes System f\u00fcr die Begr\u00fcnung von Fassaden.\u00a0<\/strong>\r\n\r\nDieses Produkt ist Gewinner des BuGG-Preises f\u00fcr <a href=\"https:\/\/mobilane.com\/de\/nachrichten\/mobilane-gewinnt-zwei-bugg-auszeichnungen-fuer-die-gruene-fassade-aussen-und-die-gruene-wand-innen-des-jahres-in-deutschland\/\" target=\"_blank\" rel=\"noopener\">\"Gr\u00fcne Fassade des Jahres 2024'<\/a>'.\r\n\r\n<a href=\"https:\/\/www.gebaeudegruen.info\/aktuelles\/news\/details\/mustergueltig-begruentfirmensitz-der-gefaesserie-gewinnt-bugg-award-2024\" target=\"_blank\" rel=\"noopener\"><img class=\"alignnone wp-image-64202\" src=\"https:\/\/mobilane.com\/app\/uploads\/2024\/03\/bugg.png\" alt=\"BuGG Bundesverband Geb\u00e4udeGr\u00fcn\" width=\"216\" height=\"101\" \/><\/a>\r\n\r\nNominiert f\u00fcr <a href=\"https:\/\/www.bestworkspaces.com\/products\/mobipanel-modular-green-facade-for-climate-proof-construction\/\" target=\"_blank\" rel=\"noopener\">'Best Workspaces'<\/a> 2025 (Wahl der Architekten).\r\n\r\n<a href=\"https:\/\/www.bestworkspaces.com\/products\/mobipanel-modular-green-facade-for-climate-proof-construction\/\" target=\"_blank\" rel=\"noopener\"><img class=\"alignnone wp-image-74466\" src=\"https:\/\/mobilane.com\/app\/uploads\/2024\/01\/BestWorkspaces2025RGBArchitectsChoicenominiert500px.png\" alt=\"Best_Workspaces_2025_RGB_Architects_Choice_nominiert_500px\" width=\"118\" height=\"118\" \/><\/a>","right_information":"<img class=\"alignnone wp-image-50101\" src=\"http:\/\/mobilane.com\/app\/uploads\/2018\/05\/Duurzaam-icon.png\" alt=\"\" width=\"45\" height=\"45\" \/>\r\n<strong>Nachhaltigkeit\r\n<\/strong>Das MobiPanel P<span style=\"font-weight: 400;\">flanzenwand f\u00fcr au\u00dfen <\/span>ist vollst\u00e4ndig recycelbar.<strong>\r\n<\/strong>\r\n\r\n<img class=\"alignnone wp-image-50089\" src=\"http:\/\/mobilane.com\/app\/uploads\/2018\/05\/Biodiversity-icon.png\" alt=\"\" width=\"52\" height=\"52\" \/>\r\n<strong>Biodiversit\u00e4t\r\n<\/strong>Die Pflanzen in der gr\u00fcnen Fassade unterst\u00fctzen die Biodiversit\u00e4t.<strong>\r\n<\/strong>\r\n\r\n<img class=\"alignnone wp-image-50047\" src=\"http:\/\/mobilane.com\/app\/uploads\/2018\/05\/Plants-healthy-climate-icon.png\" alt=\"\" width=\"53\" height=\"53\" \/>\r\n<strong>Saubere und gesunde Luft\r\n<\/strong>Die Pflanzen in der <span style=\"font-weight: 400;\">Wandbegr\u00fcnung au\u00dfen<\/span> verbessern die Luftqualit\u00e4t.<strong>\r\n<\/strong>","download":79471,"product_bradcrumb":[{"title":"Gewerbe"}],"cps_term_link":""},"yoast_head":"<!-- This site is optimized with the Yoast SEO plugin v27.4 - https:\/\/yoast.com\/product\/yoast-seo-wordpress\/ -->\n<title>MobiPanel Pflanzenwand - Mobilane<\/title>\n<meta name=\"description\" content=\"MobiPanel Pflanzenwand ist ein durch Mobilane entwickeltes innovatives, nachhaltiges und leichtes gr\u00fcne Wand-System f\u00fcr au\u00dfen.\" \/>\n<meta name=\"robots\" content=\"index, follow, max-snippet:-1, max-image-preview:large, max-video-preview:-1\" \/>\n<link rel=\"canonical\" href=\"https:\/\/mobilane.com\/de\/produkte\/mobipanel-gruene-wand\/\" \/>\n<meta property=\"og:locale\" content=\"de_DE\" \/>\n<meta property=\"og:type\" content=\"article\" \/>\n<meta property=\"og:title\" content=\"MobiPanel Pflanzenwand - Mobilane\" \/>\n<meta property=\"og:description\" content=\"MobiPanel Pflanzenwand ist ein durch Mobilane entwickeltes innovatives, nachhaltiges und leichtes gr\u00fcne Wand-System f\u00fcr au\u00dfen.\" \/>\n<meta property=\"og:url\" content=\"https:\/\/mobilane.com\/de\/produkte\/mobipanel-gruene-wand\/\" \/>\n<meta property=\"og:site_name\" content=\"Mobilane\" \/>\n<meta property=\"article:modified_time\" content=\"2025-08-07T09:57:18+00:00\" \/>\n<meta property=\"og:image\" content=\"https:\/\/mobilane.com\/app\/uploads\/2018\/03\/Mobilane-MobiPanel-front-product.jpg\" \/>\n\t<meta property=\"og:image:width\" content=\"768\" \/>\n\t<meta property=\"og:image:height\" content=\"768\" \/>\n\t<meta property=\"og:image:type\" content=\"image\/jpeg\" \/>\n<meta name=\"twitter:card\" content=\"summary_large_image\" \/>\n<meta name=\"twitter:label1\" content=\"Gesch\u00e4tzte Lesezeit\" \/>\n\t<meta name=\"twitter:data1\" content=\"1\u00a0Minute\" \/>\n<script type=\"application\/ld+json\" class=\"yoast-schema-graph\">{\"@context\":\"https:\\\/\\\/schema.org\",\"@graph\":[{\"@type\":\"WebPage\",\"@id\":\"https:\\\/\\\/mobilane.com\\\/de\\\/produkte\\\/mobipanel-gruene-wand\\\/\",\"url\":\"https:\\\/\\\/mobilane.com\\\/de\\\/produkte\\\/mobipanel-gruene-wand\\\/\",\"name\":\"MobiPanel Pflanzenwand - Mobilane\",\"isPartOf\":{\"@id\":\"https:\\\/\\\/mobilane.com\\\/#website\"},\"primaryImageOfPage\":{\"@id\":\"https:\\\/\\\/mobilane.com\\\/de\\\/produkte\\\/mobipanel-gruene-wand\\\/#primaryimage\"},\"image\":{\"@id\":\"https:\\\/\\\/mobilane.com\\\/de\\\/produkte\\\/mobipanel-gruene-wand\\\/#primaryimage\"},\"thumbnailUrl\":\"https:\\\/\\\/mobilane.com\\\/app\\\/uploads\\\/2018\\\/03\\\/Mobilane-MobiPanel-front-product.jpg\",\"datePublished\":\"2024-01-02T09:47:27+00:00\",\"dateModified\":\"2025-08-07T09:57:18+00:00\",\"description\":\"MobiPanel Pflanzenwand ist ein durch Mobilane entwickeltes innovatives, nachhaltiges und leichtes gr\u00fcne Wand-System f\u00fcr au\u00dfen.\",\"breadcrumb\":{\"@id\":\"https:\\\/\\\/mobilane.com\\\/de\\\/produkte\\\/mobipanel-gruene-wand\\\/#breadcrumb\"},\"inLanguage\":\"de\",\"potentialAction\":[{\"@type\":\"ReadAction\",\"target\":[\"https:\\\/\\\/mobilane.com\\\/de\\\/produkte\\\/mobipanel-gruene-wand\\\/\"]}]},{\"@type\":\"ImageObject\",\"inLanguage\":\"de\",\"@id\":\"https:\\\/\\\/mobilane.com\\\/de\\\/produkte\\\/mobipanel-gruene-wand\\\/#primaryimage\",\"url\":\"https:\\\/\\\/mobilane.com\\\/app\\\/uploads\\\/2018\\\/03\\\/Mobilane-MobiPanel-front-product.jpg\",\"contentUrl\":\"https:\\\/\\\/mobilane.com\\\/app\\\/uploads\\\/2018\\\/03\\\/Mobilane-MobiPanel-front-product.jpg\",\"width\":768,\"height\":768},{\"@type\":\"BreadcrumbList\",\"@id\":\"https:\\\/\\\/mobilane.com\\\/de\\\/produkte\\\/mobipanel-gruene-wand\\\/#breadcrumb\",\"itemListElement\":[{\"@type\":\"ListItem\",\"position\":1,\"name\":\"Home\",\"item\":\"https:\\\/\\\/mobilane.com\\\/de\\\/\"},{\"@type\":\"ListItem\",\"position\":2,\"name\":\"Posts\",\"item\":\"https:\\\/\\\/mobilane.com\\\/products\\\/\"},{\"@type\":\"ListItem\",\"position\":3,\"name\":\"MobiPanel Pflanzenwand\"}]},{\"@type\":\"WebSite\",\"@id\":\"https:\\\/\\\/mobilane.com\\\/#website\",\"url\":\"https:\\\/\\\/mobilane.com\\\/\",\"name\":\"Mobilane\",\"description\":\"Ready Made Green Systems\",\"publisher\":{\"@id\":\"https:\\\/\\\/mobilane.com\\\/#organization\"},\"potentialAction\":[{\"@type\":\"SearchAction\",\"target\":{\"@type\":\"EntryPoint\",\"urlTemplate\":\"https:\\\/\\\/mobilane.com\\\/?s={search_term_string}\"},\"query-input\":{\"@type\":\"PropertyValueSpecification\",\"valueRequired\":true,\"valueName\":\"search_term_string\"}}],\"inLanguage\":\"de\"},{\"@type\":\"Organization\",\"@id\":\"https:\\\/\\\/mobilane.com\\\/#organization\",\"name\":\"Mobilane\",\"url\":\"https:\\\/\\\/mobilane.com\\\/\",\"logo\":{\"@type\":\"ImageObject\",\"inLanguage\":\"de\",\"@id\":\"https:\\\/\\\/mobilane.com\\\/#\\\/schema\\\/logo\\\/image\\\/\",\"url\":\"https:\\\/\\\/mobilane.com\\\/app\\\/uploads\\\/2019\\\/10\\\/logo-colour2x.png\",\"contentUrl\":\"https:\\\/\\\/mobilane.com\\\/app\\\/uploads\\\/2019\\\/10\\\/logo-colour2x.png\",\"width\":1472,\"height\":295,\"caption\":\"Mobilane\"},\"image\":{\"@id\":\"https:\\\/\\\/mobilane.com\\\/#\\\/schema\\\/logo\\\/image\\\/\"}}]}<\/script>\n<!-- \/ Yoast SEO plugin. -->","yoast_head_json":{"title":"MobiPanel Pflanzenwand - Mobilane","description":"MobiPanel Pflanzenwand ist ein durch Mobilane entwickeltes innovatives, nachhaltiges und leichtes gr\u00fcne Wand-System f\u00fcr au\u00dfen.","robots":{"index":"index","follow":"follow","max-snippet":"max-snippet:-1","max-image-preview":"max-image-preview:large","max-video-preview":"max-video-preview:-1"},"canonical":"https:\/\/mobilane.com\/de\/produkte\/mobipanel-gruene-wand\/","og_locale":"de_DE","og_type":"article","og_title":"MobiPanel Pflanzenwand - Mobilane","og_description":"MobiPanel Pflanzenwand ist ein durch Mobilane entwickeltes innovatives, nachhaltiges und leichtes gr\u00fcne Wand-System f\u00fcr au\u00dfen.","og_url":"https:\/\/mobilane.com\/de\/produkte\/mobipanel-gruene-wand\/","og_site_name":"Mobilane","article_modified_time":"2025-08-07T09:57:18+00:00","og_image":[{"width":768,"height":768,"url":"https:\/\/mobilane.com\/app\/uploads\/2018\/03\/Mobilane-MobiPanel-front-product.jpg","type":"image\/jpeg"}],"twitter_card":"summary_large_image","twitter_misc":{"Gesch\u00e4tzte Lesezeit":"1\u00a0Minute"},"schema":{"@context":"https:\/\/schema.org","@graph":[{"@type":"WebPage","@id":"https:\/\/mobilane.com\/de\/produkte\/mobipanel-gruene-wand\/","url":"https:\/\/mobilane.com\/de\/produkte\/mobipanel-gruene-wand\/","name":"MobiPanel Pflanzenwand - Mobilane","isPartOf":{"@id":"https:\/\/mobilane.com\/#website"},"primaryImageOfPage":{"@id":"https:\/\/mobilane.com\/de\/produkte\/mobipanel-gruene-wand\/#primaryimage"},"image":{"@id":"https:\/\/mobilane.com\/de\/produkte\/mobipanel-gruene-wand\/#primaryimage"},"thumbnailUrl":"https:\/\/mobilane.com\/app\/uploads\/2018\/03\/Mobilane-MobiPanel-front-product.jpg","datePublished":"2024-01-02T09:47:27+00:00","dateModified":"2025-08-07T09:57:18+00:00","description":"MobiPanel Pflanzenwand ist ein durch Mobilane entwickeltes innovatives, nachhaltiges und leichtes gr\u00fcne Wand-System f\u00fcr au\u00dfen.","breadcrumb":{"@id":"https:\/\/mobilane.com\/de\/produkte\/mobipanel-gruene-wand\/#breadcrumb"},"inLanguage":"de","potentialAction":[{"@type":"ReadAction","target":["https:\/\/mobilane.com\/de\/produkte\/mobipanel-gruene-wand\/"]}]},{"@type":"ImageObject","inLanguage":"de","@id":"https:\/\/mobilane.com\/de\/produkte\/mobipanel-gruene-wand\/#primaryimage","url":"https:\/\/mobilane.com\/app\/uploads\/2018\/03\/Mobilane-MobiPanel-front-product.jpg","contentUrl":"https:\/\/mobilane.com\/app\/uploads\/2018\/03\/Mobilane-MobiPanel-front-product.jpg","width":768,"height":768},{"@type":"BreadcrumbList","@id":"https:\/\/mobilane.com\/de\/produkte\/mobipanel-gruene-wand\/#breadcrumb","itemListElement":[{"@type":"ListItem","position":1,"name":"Home","item":"https:\/\/mobilane.com\/de\/"},{"@type":"ListItem","position":2,"name":"Posts","item":"https:\/\/mobilane.com\/products\/"},{"@type":"ListItem","position":3,"name":"MobiPanel Pflanzenwand"}]},{"@type":"WebSite","@id":"https:\/\/mobilane.com\/#website","url":"https:\/\/mobilane.com\/","name":"Mobilane","description":"Ready Made Green Systems","publisher":{"@id":"https:\/\/mobilane.com\/#organization"},"potentialAction":[{"@type":"SearchAction","target":{"@type":"EntryPoint","urlTemplate":"https:\/\/mobilane.com\/?s={search_term_string}"},"query-input":{"@type":"PropertyValueSpecification","valueRequired":true,"valueName":"search_term_string"}}],"inLanguage":"de"},{"@type":"Organization","@id":"https:\/\/mobilane.com\/#organization","name":"Mobilane","url":"https:\/\/mobilane.com\/","logo":{"@type":"ImageObject","inLanguage":"de","@id":"https:\/\/mobilane.com\/#\/schema\/logo\/image\/","url":"https:\/\/mobilane.com\/app\/uploads\/2019\/10\/logo-colour2x.png","contentUrl":"https:\/\/mobilane.com\/app\/uploads\/2019\/10\/logo-colour2x.png","width":1472,"height":295,"caption":"Mobilane"},"image":{"@id":"https:\/\/mobilane.com\/#\/schema\/logo\/image\/"}}]}},"_links":{"self":[{"href":"https:\/\/mobilane.com\/de\/wp-json\/wp\/v2\/product\/34651","targetHints":{"allow":["GET"]}}],"collection":[{"href":"https:\/\/mobilane.com\/de\/wp-json\/wp\/v2\/product"}],"about":[{"href":"https:\/\/mobilane.com\/de\/wp-json\/wp\/v2\/types\/product"}],"author":[{"embeddable":true,"href":"https:\/\/mobilane.com\/de\/wp-json\/wp\/v2\/users\/14"}],"replies":[{"embeddable":true,"href":"https:\/\/mobilane.com\/de\/wp-json\/wp\/v2\/comments?post=34651"}],"version-history":[{"count":5,"href":"https:\/\/mobilane.com\/de\/wp-json\/wp\/v2\/product\/34651\/revisions"}],"predecessor-version":[{"id":74477,"href":"https:\/\/mobilane.com\/de\/wp-json\/wp\/v2\/product\/34651\/revisions\/74477"}],"wp:featuredmedia":[{"embeddable":true,"href":"https:\/\/mobilane.com\/de\/wp-json\/wp\/v2\/media\/58063"}],"wp:attachment":[{"href":"https:\/\/mobilane.com\/de\/wp-json\/wp\/v2\/media?parent=34651"}],"curies":[{"name":"wp","href":"https:\/\/api.w.org\/{rel}","templated":true}]}}