{"id":3033,"date":"2024-01-01T22:18:29","date_gmt":"2024-01-01T21:18:29","guid":{"rendered":"http:\/\/commob-mangilgok.savviihq.com\/?post_type=product&#038;p=3033"},"modified":"2026-01-15T15:28:09","modified_gmt":"2026-01-15T14:28:09","slug":"mobilane-fertighecke","status":"publish","type":"product","link":"https:\/\/mobilane.com\/de\/produkte\/mobilane-fertighecke\/","title":{"rendered":"Mobilane Fertighecke"},"content":{"rendered":"","protected":false},"excerpt":{"rendered":"","protected":false},"author":5,"featured_media":58056,"menu_order":1,"comment_status":"closed","ping_status":"closed","template":"","class_list":["post-3033","product","type-product","status-publish","has-post-thumbnail","hentry","product_label-outdoor-de","target_audience-gewerblich","target_audience-privat","target_audience-unkategorisiert"],"acf":{"is_category_page":false,"information":"<strong>Die Mobilane Fertighecke ist vorbegr\u00fcnter nat\u00fcrlicher Sichtschutz, der in verschiedenen Gr\u00f6\u00dfen und mit unterschiedlichen Pflanzenarten erh\u00e4ltlich ist.<\/strong>\r\n\r\n<span style=\"font-weight: 400;\"> Die Hecke wird in einem biologisch abbaubaren Pflanzkorb aus Kokosfasern kultiviert. Die Mobilane Fertighecke ist bekannt f\u00fcr ihre Qualit\u00e4t und nachhaltige Produktion.\u00a0<\/span>\r\n\r\n<strong>Neu im Sortiment: <\/strong><a href=\"https:\/\/mobilane.com\/de\/nachrichten\/die-fertighecke-eco-eine-nachhaltige-ergaenzung\/\">Die Mobilane Fertighecke ECO<\/a>","right_information":"<img class=\"alignnone wp-image-50071\" src=\"http:\/\/mobilane.com\/app\/uploads\/2018\/05\/Verschillende-hoogtes-en-soorten-icon.png\" alt=\"\" width=\"54\" height=\"54\" \/>\r\n<strong>Erh\u00e4ltlich in verschiedenen H\u00f6hen und Typen<\/strong>\r\nDie Mobilane Fertighecke sind in verschiedenen H\u00f6hen und mit unterschiedlichen\r\nPflanzen erh\u00e4ltlich.\r\n\r\n<img class=\"alignnone wp-image-50029\" src=\"http:\/\/mobilane.com\/app\/uploads\/2018\/05\/Kwaliteit-icon.png\" alt=\"\" width=\"50\" height=\"50\" \/>\r\n<strong>Hochwertige Qualit\u00e4t<\/strong>\r\nDie Mobilane Fertighecke ist bekannt f\u00fcr ihre Qualit\u00e4t als sofortige gr\u00fcne Hecke.\r\n\r\n<img class=\"alignnone wp-image-50101\" src=\"http:\/\/mobilane.com\/app\/uploads\/2018\/05\/Duurzaam-icon.png\" alt=\"\" width=\"50\" height=\"50\" \/>\r\n<strong>Nachhaltigkeit<\/strong>\r\nDie Mobilane Fertighecke wird nachhaltig angebaut, auch in dem charakteristischen biologisch abbaubaren Topf aus Kokosfasern.","download":79471,"product_bradcrumb":[{"title":"Privat"},{"title":"Gewerbe"},{"title":"Landschaftsbau"}],"cps_term_link":""},"yoast_head":"<!-- This site is optimized with the Yoast SEO plugin v27.3 - https:\/\/yoast.com\/product\/yoast-seo-wordpress\/ -->\n<title>Mobilane Fertighecke | Sofort eine gr\u00fcne Begrenzung<\/title>\n<meta name=\"description\" content=\"Eine Mobilane Fertighecke kaufen? Sofort Sichtschutz, immergr\u00fcn und winterhart. Mit verschiedenen Pflanzenarten und in mehreren Gr\u00f6\u00dfen. Mehr &gt;\" \/>\n<meta name=\"robots\" content=\"index, follow, max-snippet:-1, max-image-preview:large, max-video-preview:-1\" \/>\n<link rel=\"canonical\" href=\"https:\/\/mobilane.com\/de\/produkte\/mobilane-fertighecke\/\" \/>\n<meta property=\"og:locale\" content=\"de_DE\" \/>\n<meta property=\"og:type\" content=\"article\" \/>\n<meta property=\"og:title\" content=\"Mobilane Fertighecke | Sofort eine gr\u00fcne Begrenzung\" \/>\n<meta property=\"og:description\" content=\"Eine Mobilane Fertighecke kaufen? Sofort Sichtschutz, immergr\u00fcn und winterhart. Mit verschiedenen Pflanzenarten und in mehreren Gr\u00f6\u00dfen. Mehr &gt;\" \/>\n<meta property=\"og:url\" content=\"https:\/\/mobilane.com\/de\/produkte\/mobilane-fertighecke\/\" \/>\n<meta property=\"og:site_name\" content=\"Mobilane\" \/>\n<meta property=\"article:modified_time\" content=\"2026-01-15T14:28:09+00:00\" \/>\n<meta property=\"og:image\" content=\"https:\/\/mobilane.com\/app\/uploads\/2018\/03\/Mobilane-GreenScreen-front-product.jpg\" \/>\n\t<meta property=\"og:image:width\" content=\"768\" \/>\n\t<meta property=\"og:image:height\" content=\"768\" \/>\n\t<meta property=\"og:image:type\" content=\"image\/jpeg\" \/>\n<meta name=\"twitter:card\" content=\"summary_large_image\" \/>\n<meta name=\"twitter:label1\" content=\"Gesch\u00e4tzte Lesezeit\" \/>\n\t<meta name=\"twitter:data1\" content=\"1\u00a0Minute\" \/>\n<script type=\"application\/ld+json\" class=\"yoast-schema-graph\">{\"@context\":\"https:\\\/\\\/schema.org\",\"@graph\":[{\"@type\":\"WebPage\",\"@id\":\"https:\\\/\\\/mobilane.com\\\/de\\\/produkte\\\/mobilane-fertighecke\\\/\",\"url\":\"https:\\\/\\\/mobilane.com\\\/de\\\/produkte\\\/mobilane-fertighecke\\\/\",\"name\":\"Mobilane Fertighecke | Sofort eine gr\u00fcne Begrenzung\",\"isPartOf\":{\"@id\":\"https:\\\/\\\/mobilane.com\\\/#website\"},\"primaryImageOfPage\":{\"@id\":\"https:\\\/\\\/mobilane.com\\\/de\\\/produkte\\\/mobilane-fertighecke\\\/#primaryimage\"},\"image\":{\"@id\":\"https:\\\/\\\/mobilane.com\\\/de\\\/produkte\\\/mobilane-fertighecke\\\/#primaryimage\"},\"thumbnailUrl\":\"https:\\\/\\\/mobilane.com\\\/app\\\/uploads\\\/2018\\\/03\\\/Mobilane-GreenScreen-front-product.jpg\",\"datePublished\":\"2024-01-01T21:18:29+00:00\",\"dateModified\":\"2026-01-15T14:28:09+00:00\",\"description\":\"Eine Mobilane Fertighecke kaufen? Sofort Sichtschutz, immergr\u00fcn und winterhart. Mit verschiedenen Pflanzenarten und in mehreren Gr\u00f6\u00dfen. Mehr >\",\"breadcrumb\":{\"@id\":\"https:\\\/\\\/mobilane.com\\\/de\\\/produkte\\\/mobilane-fertighecke\\\/#breadcrumb\"},\"inLanguage\":\"de\",\"potentialAction\":[{\"@type\":\"ReadAction\",\"target\":[\"https:\\\/\\\/mobilane.com\\\/de\\\/produkte\\\/mobilane-fertighecke\\\/\"]}]},{\"@type\":\"ImageObject\",\"inLanguage\":\"de\",\"@id\":\"https:\\\/\\\/mobilane.com\\\/de\\\/produkte\\\/mobilane-fertighecke\\\/#primaryimage\",\"url\":\"https:\\\/\\\/mobilane.com\\\/app\\\/uploads\\\/2018\\\/03\\\/Mobilane-GreenScreen-front-product.jpg\",\"contentUrl\":\"https:\\\/\\\/mobilane.com\\\/app\\\/uploads\\\/2018\\\/03\\\/Mobilane-GreenScreen-front-product.jpg\",\"width\":768,\"height\":768},{\"@type\":\"BreadcrumbList\",\"@id\":\"https:\\\/\\\/mobilane.com\\\/de\\\/produkte\\\/mobilane-fertighecke\\\/#breadcrumb\",\"itemListElement\":[{\"@type\":\"ListItem\",\"position\":1,\"name\":\"Home\",\"item\":\"https:\\\/\\\/mobilane.com\\\/de\\\/\"},{\"@type\":\"ListItem\",\"position\":2,\"name\":\"Posts\",\"item\":\"https:\\\/\\\/mobilane.com\\\/products\\\/\"},{\"@type\":\"ListItem\",\"position\":3,\"name\":\"Mobilane Fertighecke\"}]},{\"@type\":\"WebSite\",\"@id\":\"https:\\\/\\\/mobilane.com\\\/#website\",\"url\":\"https:\\\/\\\/mobilane.com\\\/\",\"name\":\"Mobilane\",\"description\":\"Ready Made Green Systems\",\"publisher\":{\"@id\":\"https:\\\/\\\/mobilane.com\\\/#organization\"},\"potentialAction\":[{\"@type\":\"SearchAction\",\"target\":{\"@type\":\"EntryPoint\",\"urlTemplate\":\"https:\\\/\\\/mobilane.com\\\/?s={search_term_string}\"},\"query-input\":{\"@type\":\"PropertyValueSpecification\",\"valueRequired\":true,\"valueName\":\"search_term_string\"}}],\"inLanguage\":\"de\"},{\"@type\":\"Organization\",\"@id\":\"https:\\\/\\\/mobilane.com\\\/#organization\",\"name\":\"Mobilane\",\"url\":\"https:\\\/\\\/mobilane.com\\\/\",\"logo\":{\"@type\":\"ImageObject\",\"inLanguage\":\"de\",\"@id\":\"https:\\\/\\\/mobilane.com\\\/#\\\/schema\\\/logo\\\/image\\\/\",\"url\":\"https:\\\/\\\/mobilane.com\\\/app\\\/uploads\\\/2019\\\/10\\\/logo-colour2x.png\",\"contentUrl\":\"https:\\\/\\\/mobilane.com\\\/app\\\/uploads\\\/2019\\\/10\\\/logo-colour2x.png\",\"width\":1472,\"height\":295,\"caption\":\"Mobilane\"},\"image\":{\"@id\":\"https:\\\/\\\/mobilane.com\\\/#\\\/schema\\\/logo\\\/image\\\/\"}}]}<\/script>\n<!-- \/ Yoast SEO plugin. -->","yoast_head_json":{"title":"Mobilane Fertighecke | Sofort eine gr\u00fcne Begrenzung","description":"Eine Mobilane Fertighecke kaufen? Sofort Sichtschutz, immergr\u00fcn und winterhart. Mit verschiedenen Pflanzenarten und in mehreren Gr\u00f6\u00dfen. Mehr >","robots":{"index":"index","follow":"follow","max-snippet":"max-snippet:-1","max-image-preview":"max-image-preview:large","max-video-preview":"max-video-preview:-1"},"canonical":"https:\/\/mobilane.com\/de\/produkte\/mobilane-fertighecke\/","og_locale":"de_DE","og_type":"article","og_title":"Mobilane Fertighecke | Sofort eine gr\u00fcne Begrenzung","og_description":"Eine Mobilane Fertighecke kaufen? Sofort Sichtschutz, immergr\u00fcn und winterhart. Mit verschiedenen Pflanzenarten und in mehreren Gr\u00f6\u00dfen. Mehr >","og_url":"https:\/\/mobilane.com\/de\/produkte\/mobilane-fertighecke\/","og_site_name":"Mobilane","article_modified_time":"2026-01-15T14:28:09+00:00","og_image":[{"width":768,"height":768,"url":"https:\/\/mobilane.com\/app\/uploads\/2018\/03\/Mobilane-GreenScreen-front-product.jpg","type":"image\/jpeg"}],"twitter_card":"summary_large_image","twitter_misc":{"Gesch\u00e4tzte Lesezeit":"1\u00a0Minute"},"schema":{"@context":"https:\/\/schema.org","@graph":[{"@type":"WebPage","@id":"https:\/\/mobilane.com\/de\/produkte\/mobilane-fertighecke\/","url":"https:\/\/mobilane.com\/de\/produkte\/mobilane-fertighecke\/","name":"Mobilane Fertighecke | Sofort eine gr\u00fcne Begrenzung","isPartOf":{"@id":"https:\/\/mobilane.com\/#website"},"primaryImageOfPage":{"@id":"https:\/\/mobilane.com\/de\/produkte\/mobilane-fertighecke\/#primaryimage"},"image":{"@id":"https:\/\/mobilane.com\/de\/produkte\/mobilane-fertighecke\/#primaryimage"},"thumbnailUrl":"https:\/\/mobilane.com\/app\/uploads\/2018\/03\/Mobilane-GreenScreen-front-product.jpg","datePublished":"2024-01-01T21:18:29+00:00","dateModified":"2026-01-15T14:28:09+00:00","description":"Eine Mobilane Fertighecke kaufen? Sofort Sichtschutz, immergr\u00fcn und winterhart. Mit verschiedenen Pflanzenarten und in mehreren Gr\u00f6\u00dfen. Mehr >","breadcrumb":{"@id":"https:\/\/mobilane.com\/de\/produkte\/mobilane-fertighecke\/#breadcrumb"},"inLanguage":"de","potentialAction":[{"@type":"ReadAction","target":["https:\/\/mobilane.com\/de\/produkte\/mobilane-fertighecke\/"]}]},{"@type":"ImageObject","inLanguage":"de","@id":"https:\/\/mobilane.com\/de\/produkte\/mobilane-fertighecke\/#primaryimage","url":"https:\/\/mobilane.com\/app\/uploads\/2018\/03\/Mobilane-GreenScreen-front-product.jpg","contentUrl":"https:\/\/mobilane.com\/app\/uploads\/2018\/03\/Mobilane-GreenScreen-front-product.jpg","width":768,"height":768},{"@type":"BreadcrumbList","@id":"https:\/\/mobilane.com\/de\/produkte\/mobilane-fertighecke\/#breadcrumb","itemListElement":[{"@type":"ListItem","position":1,"name":"Home","item":"https:\/\/mobilane.com\/de\/"},{"@type":"ListItem","position":2,"name":"Posts","item":"https:\/\/mobilane.com\/products\/"},{"@type":"ListItem","position":3,"name":"Mobilane Fertighecke"}]},{"@type":"WebSite","@id":"https:\/\/mobilane.com\/#website","url":"https:\/\/mobilane.com\/","name":"Mobilane","description":"Ready Made Green Systems","publisher":{"@id":"https:\/\/mobilane.com\/#organization"},"potentialAction":[{"@type":"SearchAction","target":{"@type":"EntryPoint","urlTemplate":"https:\/\/mobilane.com\/?s={search_term_string}"},"query-input":{"@type":"PropertyValueSpecification","valueRequired":true,"valueName":"search_term_string"}}],"inLanguage":"de"},{"@type":"Organization","@id":"https:\/\/mobilane.com\/#organization","name":"Mobilane","url":"https:\/\/mobilane.com\/","logo":{"@type":"ImageObject","inLanguage":"de","@id":"https:\/\/mobilane.com\/#\/schema\/logo\/image\/","url":"https:\/\/mobilane.com\/app\/uploads\/2019\/10\/logo-colour2x.png","contentUrl":"https:\/\/mobilane.com\/app\/uploads\/2019\/10\/logo-colour2x.png","width":1472,"height":295,"caption":"Mobilane"},"image":{"@id":"https:\/\/mobilane.com\/#\/schema\/logo\/image\/"}}]}},"_links":{"self":[{"href":"https:\/\/mobilane.com\/de\/wp-json\/wp\/v2\/product\/3033","targetHints":{"allow":["GET"]}}],"collection":[{"href":"https:\/\/mobilane.com\/de\/wp-json\/wp\/v2\/product"}],"about":[{"href":"https:\/\/mobilane.com\/de\/wp-json\/wp\/v2\/types\/product"}],"author":[{"embeddable":true,"href":"https:\/\/mobilane.com\/de\/wp-json\/wp\/v2\/users\/5"}],"replies":[{"embeddable":true,"href":"https:\/\/mobilane.com\/de\/wp-json\/wp\/v2\/comments?post=3033"}],"version-history":[{"count":5,"href":"https:\/\/mobilane.com\/de\/wp-json\/wp\/v2\/product\/3033\/revisions"}],"predecessor-version":[{"id":86920,"href":"https:\/\/mobilane.com\/de\/wp-json\/wp\/v2\/product\/3033\/revisions\/86920"}],"wp:featuredmedia":[{"embeddable":true,"href":"https:\/\/mobilane.com\/de\/wp-json\/wp\/v2\/media\/58056"}],"wp:attachment":[{"href":"https:\/\/mobilane.com\/de\/wp-json\/wp\/v2\/media?parent=3033"}],"curies":[{"name":"wp","href":"https:\/\/api.w.org\/{rel}","templated":true}]}}