{"id":14836,"date":"2020-03-25T11:12:35","date_gmt":"2020-03-25T10:12:35","guid":{"rendered":"https:\/\/mobilane.com\/producten\/livepanel-outdoor\/"},"modified":"2025-06-10T16:10:13","modified_gmt":"2025-06-10T14:10:13","slug":"livepanel-outdoor","status":"publish","type":"product","link":"https:\/\/mobilane.com\/de\/produkte\/livepanel-outdoor\/","title":{"rendered":"LivePanel Outdoor"},"content":{"rendered":"","protected":false},"excerpt":{"rendered":"","protected":false},"author":16,"featured_media":26702,"menu_order":7,"comment_status":"closed","ping_status":"closed","template":"","class_list":["post-14836","product","type-product","status-publish","has-post-thumbnail","hentry","product_label-outdoor-de","target_audience-gewerblich"],"acf":{"is_category_page":false,"information":"<strong>LivePanel Outdoor ist ein innovatives und nachhaltiges System zur vertikalen Begr\u00fcnung. <\/strong>\r\n\r\n<span style=\"font-weight: 400;\">LivePanel Outdoor ist f\u00fcr die Installation an neuen und bestehenden Fassaden geeignet. <\/span>\r\n\r\n<span style=\"font-weight: 400;\">W\u00fcnschen Sie mehr Informationen \u00fcber <\/span><span style=\"font-weight: 400;\">gr\u00fcne W\u00e4nde? Bitte kontaktieren Sie uns f\u00fcr eine unverbindliche individuelle Beratung.<\/span>","right_information":"<img class=\"alignnone wp-image-50101\" src=\"http:\/\/mobilane.com\/app\/uploads\/2018\/05\/Duurzaam-icon.png\" alt=\"\" width=\"45\" height=\"45\" \/>\r\n<strong>Nachhaltigkeit\r\n<\/strong>Das LivePanel Outdoor ist vollst\u00e4ndig recycelbar<strong>\r\n<\/strong>\r\n\r\n<img class=\"alignnone wp-image-50089\" src=\"http:\/\/mobilane.com\/app\/uploads\/2018\/05\/Biodiversity-icon.png\" alt=\"\" width=\"52\" height=\"52\" \/>\r\n<strong>Biodiversit\u00e4t\r\n<\/strong>Die Pflanzen in der gr\u00fcnen Fassade unterst\u00fctzen die Biodiversit\u00e4t.<strong>\r\n<\/strong>\r\n\r\n<img class=\"alignnone wp-image-50047\" src=\"http:\/\/mobilane.com\/app\/uploads\/2018\/05\/Plants-healthy-climate-icon.png\" alt=\"\" width=\"53\" height=\"53\" \/>\r\n<strong>Saubere und gesunde Luft\r\n<\/strong>Die Pflanzen in der gr\u00fcnen Fassade verbessern die Luftqualit\u00e4t.<strong>\r\n<\/strong><strong>\r\n<\/strong>","download":79471,"product_bradcrumb":[{"title":"Gewerbe"}],"cps_term_link":""},"yoast_head":"<!-- This site is optimized with the Yoast SEO plugin v27.3 - https:\/\/yoast.com\/product\/yoast-seo-wordpress\/ -->\n<title>Mobilane LivePanel Outdoor | Nachhaltiges gr\u00fcnes Fassadensystem<\/title>\n<meta name=\"description\" content=\"LivePanel ist ein innovatives System f\u00fcr vertikales Gr\u00fcn, das von Mobilane entwickelt und patentiert wurde. Sehen Sie sich das gr\u00fcne Fassadensystem an ...\" \/>\n<meta name=\"robots\" content=\"noindex, nofollow\" \/>\n<meta property=\"og:locale\" content=\"de_DE\" \/>\n<meta property=\"og:type\" content=\"article\" \/>\n<meta property=\"og:title\" content=\"Mobilane LivePanel Outdoor | Nachhaltiges gr\u00fcnes Fassadensystem\" \/>\n<meta property=\"og:description\" content=\"LivePanel ist ein innovatives System f\u00fcr vertikales Gr\u00fcn, das von Mobilane entwickelt und patentiert wurde. Sehen Sie sich das gr\u00fcne Fassadensystem an ...\" \/>\n<meta property=\"og:url\" content=\"https:\/\/mobilane.com\/de\/produkte\/livepanel-outdoor\/\" \/>\n<meta property=\"og:site_name\" content=\"Mobilane\" \/>\n<meta property=\"article:modified_time\" content=\"2025-06-10T14:10:13+00:00\" \/>\n<meta property=\"og:image\" content=\"https:\/\/mobilane.com\/app\/uploads\/2020\/03\/Mobilane-LivePanel-Outdoor-page-square.jpg\" \/>\n\t<meta property=\"og:image:width\" content=\"1000\" \/>\n\t<meta property=\"og:image:height\" content=\"1000\" \/>\n\t<meta property=\"og:image:type\" content=\"image\/jpeg\" \/>\n<meta name=\"twitter:card\" content=\"summary_large_image\" \/>\n<meta name=\"twitter:label1\" content=\"Gesch\u00e4tzte Lesezeit\" \/>\n\t<meta name=\"twitter:data1\" content=\"1\u00a0Minute\" \/>\n<script type=\"application\/ld+json\" class=\"yoast-schema-graph\">{\"@context\":\"https:\\\/\\\/schema.org\",\"@graph\":[{\"@type\":\"WebPage\",\"@id\":\"https:\\\/\\\/mobilane.com\\\/de\\\/produkte\\\/livepanel-outdoor\\\/\",\"url\":\"https:\\\/\\\/mobilane.com\\\/de\\\/produkte\\\/livepanel-outdoor\\\/\",\"name\":\"Mobilane LivePanel Outdoor | Nachhaltiges gr\u00fcnes Fassadensystem\",\"isPartOf\":{\"@id\":\"https:\\\/\\\/mobilane.com\\\/#website\"},\"primaryImageOfPage\":{\"@id\":\"https:\\\/\\\/mobilane.com\\\/de\\\/produkte\\\/livepanel-outdoor\\\/#primaryimage\"},\"image\":{\"@id\":\"https:\\\/\\\/mobilane.com\\\/de\\\/produkte\\\/livepanel-outdoor\\\/#primaryimage\"},\"thumbnailUrl\":\"https:\\\/\\\/mobilane.com\\\/app\\\/uploads\\\/2020\\\/03\\\/Mobilane-LivePanel-Outdoor-page-square.jpg\",\"datePublished\":\"2020-03-25T10:12:35+00:00\",\"dateModified\":\"2025-06-10T14:10:13+00:00\",\"description\":\"LivePanel ist ein innovatives System f\u00fcr vertikales Gr\u00fcn, das von Mobilane entwickelt und patentiert wurde. Sehen Sie sich das gr\u00fcne Fassadensystem an ...\",\"breadcrumb\":{\"@id\":\"https:\\\/\\\/mobilane.com\\\/de\\\/produkte\\\/livepanel-outdoor\\\/#breadcrumb\"},\"inLanguage\":\"de\",\"potentialAction\":[{\"@type\":\"ReadAction\",\"target\":[\"https:\\\/\\\/mobilane.com\\\/de\\\/produkte\\\/livepanel-outdoor\\\/\"]}]},{\"@type\":\"ImageObject\",\"inLanguage\":\"de\",\"@id\":\"https:\\\/\\\/mobilane.com\\\/de\\\/produkte\\\/livepanel-outdoor\\\/#primaryimage\",\"url\":\"https:\\\/\\\/mobilane.com\\\/app\\\/uploads\\\/2020\\\/03\\\/Mobilane-LivePanel-Outdoor-page-square.jpg\",\"contentUrl\":\"https:\\\/\\\/mobilane.com\\\/app\\\/uploads\\\/2020\\\/03\\\/Mobilane-LivePanel-Outdoor-page-square.jpg\",\"width\":1000,\"height\":1000,\"caption\":\"Mobilane LivePanel Outdoor page square\"},{\"@type\":\"BreadcrumbList\",\"@id\":\"https:\\\/\\\/mobilane.com\\\/de\\\/produkte\\\/livepanel-outdoor\\\/#breadcrumb\",\"itemListElement\":[{\"@type\":\"ListItem\",\"position\":1,\"name\":\"Home\",\"item\":\"https:\\\/\\\/mobilane.com\\\/de\\\/\"},{\"@type\":\"ListItem\",\"position\":2,\"name\":\"Posts\",\"item\":\"https:\\\/\\\/mobilane.com\\\/products\\\/\"},{\"@type\":\"ListItem\",\"position\":3,\"name\":\"LivePanel Outdoor\"}]},{\"@type\":\"WebSite\",\"@id\":\"https:\\\/\\\/mobilane.com\\\/#website\",\"url\":\"https:\\\/\\\/mobilane.com\\\/\",\"name\":\"Mobilane\",\"description\":\"Ready Made Green Systems\",\"publisher\":{\"@id\":\"https:\\\/\\\/mobilane.com\\\/#organization\"},\"potentialAction\":[{\"@type\":\"SearchAction\",\"target\":{\"@type\":\"EntryPoint\",\"urlTemplate\":\"https:\\\/\\\/mobilane.com\\\/?s={search_term_string}\"},\"query-input\":{\"@type\":\"PropertyValueSpecification\",\"valueRequired\":true,\"valueName\":\"search_term_string\"}}],\"inLanguage\":\"de\"},{\"@type\":\"Organization\",\"@id\":\"https:\\\/\\\/mobilane.com\\\/#organization\",\"name\":\"Mobilane\",\"url\":\"https:\\\/\\\/mobilane.com\\\/\",\"logo\":{\"@type\":\"ImageObject\",\"inLanguage\":\"de\",\"@id\":\"https:\\\/\\\/mobilane.com\\\/#\\\/schema\\\/logo\\\/image\\\/\",\"url\":\"https:\\\/\\\/mobilane.com\\\/app\\\/uploads\\\/2019\\\/10\\\/logo-colour2x.png\",\"contentUrl\":\"https:\\\/\\\/mobilane.com\\\/app\\\/uploads\\\/2019\\\/10\\\/logo-colour2x.png\",\"width\":1472,\"height\":295,\"caption\":\"Mobilane\"},\"image\":{\"@id\":\"https:\\\/\\\/mobilane.com\\\/#\\\/schema\\\/logo\\\/image\\\/\"}}]}<\/script>\n<!-- \/ Yoast SEO plugin. -->","yoast_head_json":{"title":"Mobilane LivePanel Outdoor | Nachhaltiges gr\u00fcnes Fassadensystem","description":"LivePanel ist ein innovatives System f\u00fcr vertikales Gr\u00fcn, das von Mobilane entwickelt und patentiert wurde. Sehen Sie sich das gr\u00fcne Fassadensystem an ...","robots":{"index":"noindex","follow":"nofollow"},"og_locale":"de_DE","og_type":"article","og_title":"Mobilane LivePanel Outdoor | Nachhaltiges gr\u00fcnes Fassadensystem","og_description":"LivePanel ist ein innovatives System f\u00fcr vertikales Gr\u00fcn, das von Mobilane entwickelt und patentiert wurde. Sehen Sie sich das gr\u00fcne Fassadensystem an ...","og_url":"https:\/\/mobilane.com\/de\/produkte\/livepanel-outdoor\/","og_site_name":"Mobilane","article_modified_time":"2025-06-10T14:10:13+00:00","og_image":[{"width":1000,"height":1000,"url":"https:\/\/mobilane.com\/app\/uploads\/2020\/03\/Mobilane-LivePanel-Outdoor-page-square.jpg","type":"image\/jpeg"}],"twitter_card":"summary_large_image","twitter_misc":{"Gesch\u00e4tzte Lesezeit":"1\u00a0Minute"},"schema":{"@context":"https:\/\/schema.org","@graph":[{"@type":"WebPage","@id":"https:\/\/mobilane.com\/de\/produkte\/livepanel-outdoor\/","url":"https:\/\/mobilane.com\/de\/produkte\/livepanel-outdoor\/","name":"Mobilane LivePanel Outdoor | Nachhaltiges gr\u00fcnes Fassadensystem","isPartOf":{"@id":"https:\/\/mobilane.com\/#website"},"primaryImageOfPage":{"@id":"https:\/\/mobilane.com\/de\/produkte\/livepanel-outdoor\/#primaryimage"},"image":{"@id":"https:\/\/mobilane.com\/de\/produkte\/livepanel-outdoor\/#primaryimage"},"thumbnailUrl":"https:\/\/mobilane.com\/app\/uploads\/2020\/03\/Mobilane-LivePanel-Outdoor-page-square.jpg","datePublished":"2020-03-25T10:12:35+00:00","dateModified":"2025-06-10T14:10:13+00:00","description":"LivePanel ist ein innovatives System f\u00fcr vertikales Gr\u00fcn, das von Mobilane entwickelt und patentiert wurde. Sehen Sie sich das gr\u00fcne Fassadensystem an ...","breadcrumb":{"@id":"https:\/\/mobilane.com\/de\/produkte\/livepanel-outdoor\/#breadcrumb"},"inLanguage":"de","potentialAction":[{"@type":"ReadAction","target":["https:\/\/mobilane.com\/de\/produkte\/livepanel-outdoor\/"]}]},{"@type":"ImageObject","inLanguage":"de","@id":"https:\/\/mobilane.com\/de\/produkte\/livepanel-outdoor\/#primaryimage","url":"https:\/\/mobilane.com\/app\/uploads\/2020\/03\/Mobilane-LivePanel-Outdoor-page-square.jpg","contentUrl":"https:\/\/mobilane.com\/app\/uploads\/2020\/03\/Mobilane-LivePanel-Outdoor-page-square.jpg","width":1000,"height":1000,"caption":"Mobilane LivePanel Outdoor page square"},{"@type":"BreadcrumbList","@id":"https:\/\/mobilane.com\/de\/produkte\/livepanel-outdoor\/#breadcrumb","itemListElement":[{"@type":"ListItem","position":1,"name":"Home","item":"https:\/\/mobilane.com\/de\/"},{"@type":"ListItem","position":2,"name":"Posts","item":"https:\/\/mobilane.com\/products\/"},{"@type":"ListItem","position":3,"name":"LivePanel Outdoor"}]},{"@type":"WebSite","@id":"https:\/\/mobilane.com\/#website","url":"https:\/\/mobilane.com\/","name":"Mobilane","description":"Ready Made Green Systems","publisher":{"@id":"https:\/\/mobilane.com\/#organization"},"potentialAction":[{"@type":"SearchAction","target":{"@type":"EntryPoint","urlTemplate":"https:\/\/mobilane.com\/?s={search_term_string}"},"query-input":{"@type":"PropertyValueSpecification","valueRequired":true,"valueName":"search_term_string"}}],"inLanguage":"de"},{"@type":"Organization","@id":"https:\/\/mobilane.com\/#organization","name":"Mobilane","url":"https:\/\/mobilane.com\/","logo":{"@type":"ImageObject","inLanguage":"de","@id":"https:\/\/mobilane.com\/#\/schema\/logo\/image\/","url":"https:\/\/mobilane.com\/app\/uploads\/2019\/10\/logo-colour2x.png","contentUrl":"https:\/\/mobilane.com\/app\/uploads\/2019\/10\/logo-colour2x.png","width":1472,"height":295,"caption":"Mobilane"},"image":{"@id":"https:\/\/mobilane.com\/#\/schema\/logo\/image\/"}}]}},"_links":{"self":[{"href":"https:\/\/mobilane.com\/de\/wp-json\/wp\/v2\/product\/14836","targetHints":{"allow":["GET"]}}],"collection":[{"href":"https:\/\/mobilane.com\/de\/wp-json\/wp\/v2\/product"}],"about":[{"href":"https:\/\/mobilane.com\/de\/wp-json\/wp\/v2\/types\/product"}],"author":[{"embeddable":true,"href":"https:\/\/mobilane.com\/de\/wp-json\/wp\/v2\/users\/16"}],"replies":[{"embeddable":true,"href":"https:\/\/mobilane.com\/de\/wp-json\/wp\/v2\/comments?post=14836"}],"version-history":[{"count":5,"href":"https:\/\/mobilane.com\/de\/wp-json\/wp\/v2\/product\/14836\/revisions"}],"predecessor-version":[{"id":72283,"href":"https:\/\/mobilane.com\/de\/wp-json\/wp\/v2\/product\/14836\/revisions\/72283"}],"wp:featuredmedia":[{"embeddable":true,"href":"https:\/\/mobilane.com\/de\/wp-json\/wp\/v2\/media\/26702"}],"wp:attachment":[{"href":"https:\/\/mobilane.com\/de\/wp-json\/wp\/v2\/media?parent=14836"}],"curies":[{"name":"wp","href":"https:\/\/api.w.org\/{rel}","templated":true}]}}