{"id":67645,"date":"2024-07-31T15:07:59","date_gmt":"2024-07-31T13:07:59","guid":{"rendered":"https:\/\/mobilane.com\/green-idea-inspirerende-en-unieke-kant-klaar-haag-toepassingen\/"},"modified":"2024-08-01T11:12:14","modified_gmt":"2024-08-01T09:12:14","slug":"gruenidee-inspirierende-und-einzigartige-fertighecke-anwendungen","status":"publish","type":"page","link":"https:\/\/mobilane.com\/de\/gruenidee-inspirierende-und-einzigartige-fertighecke-anwendungen\/","title":{"rendered":"Gr\u00fcnidee: Inspirierende und einzigartige Fertighecke-Anwendungen"},"content":{"rendered":"<p><span style=\"font-family: georgia, palatino, serif; font-size: 12pt;\">seit vielen Jahren haben Sie erfolgreich <a href=\"https:\/\/mobilane.com\/de\/produkte\/mobilane-fertighecke\/\" target=\"_blank\" rel=\"noopener\">Mobilane Fertighecken<\/a> als Gartenz\u00e4une in den G\u00e4rten Ihrer Kunden installiert. Diese sch\u00f6ne, blickdichte Fertighecke hat sich schon als zuverl\u00e4ssige und \u00e4sthetische L\u00f6sung zur Schaffung von Privatsph\u00e4re und zur Versch\u00f6nerung von Au\u00dfenbereichen gezeigt. Aber wussten Sie, dass die Anwendungsm\u00f6glichkeiten der Mobilane Fertighecke weit \u00fcber die traditionellen Gartenz\u00e4une hinausgehen?<\/span><\/p>\n<h2><span style=\"font-family: georgia, palatino, serif; font-size: 14pt;\"><strong>Gr\u00fcnidee #1:<\/strong> Kreieren Sie eine einzigartige Fertighecke, indem Sie sie mit bl\u00fchenden Pflanzen mischen<\/span><img loading=\"lazy\" decoding=\"async\" class=\"alignnone size-full wp-image-67650\" src=\"https:\/\/mobilane.com\/app\/uploads\/2024\/08\/Mobilane-Fertighecke-mit-bluhenden-Pflanzen.jpg\" alt=\"Mobilane Fertighecke mit bl\u00fchenden Pflanzen\" width=\"1181\" height=\"590\" srcset=\"https:\/\/mobilane.com\/app\/uploads\/2024\/08\/Mobilane-Fertighecke-mit-bluhenden-Pflanzen.jpg 1181w, https:\/\/mobilane.com\/app\/uploads\/2024\/08\/Mobilane-Fertighecke-mit-bluhenden-Pflanzen-300x150.jpg 300w, https:\/\/mobilane.com\/app\/uploads\/2024\/08\/Mobilane-Fertighecke-mit-bluhenden-Pflanzen-1024x512.jpg 1024w, https:\/\/mobilane.com\/app\/uploads\/2024\/08\/Mobilane-Fertighecke-mit-bluhenden-Pflanzen-768x384.jpg 768w, https:\/\/mobilane.com\/app\/uploads\/2024\/08\/Mobilane-Fertighecke-mit-bluhenden-Pflanzen-305x152.jpg 305w, https:\/\/mobilane.com\/app\/uploads\/2024\/08\/Mobilane-Fertighecke-mit-bluhenden-Pflanzen-470x235.jpg 470w, https:\/\/mobilane.com\/app\/uploads\/2024\/08\/Mobilane-Fertighecke-mit-bluhenden-Pflanzen-100x50.jpg 100w\" sizes=\"auto, (max-width: 1181px) 100vw, 1181px\" \/><\/h2>\n<p><span style=\"font-family: georgia, palatino, serif; font-size: 12pt;\">Eine Mobilane-Fertighecke, vor allem in einer Art wie Hedera, ist eine hervorragende Grundlage f\u00fcr die Gestaltung eines sch\u00f6nen und einzigartigen Gartenzauns. Hedera ist winterhart und immergr\u00fcn und l\u00e4sst sich sehr gut mit bl\u00fchenden Pflanzen wie Rosen oder Glyzinien kombinieren. Mit dieser Mischung aus immergr\u00fcnen und bl\u00fchenden Pflanzen k\u00f6nnen Sie eine lebendige und dynamische Hecke schaffen, die das ganze Jahr \u00fcber attraktiv ist.<\/span><\/p>\n<p><span style=\"font-family: georgia, palatino, serif; font-size: 12pt;\"><strong>So erreichen Sie es:<\/strong><\/span><\/p>\n<ol>\n<li><span style=\"font-family: georgia, palatino, serif; font-size: 12pt;\"><strong>Planen Sie das Layout: <\/strong>Entscheiden Sie im Voraus, wo Sie die bl\u00fchenden Pflanzen platzieren m\u00f6chten und wie viel Platz sie ben\u00f6tigen, um zusammen mit der Fertighecke gut zu wachsen.<\/span><\/li>\n<li><span style=\"font-family: georgia, palatino, serif; font-size: 12pt;\"><strong>W\u00e4hlen Sie die richtigen Sorten: <\/strong>W\u00e4hlen Sie bl\u00fchende Pflanzen, die in Kombination mit der Fertighecke gut gedeihen und die zu den Bedingungen im Garten Ihres Kunden passen.<\/span><\/li>\n<li><span style=\"font-family: georgia, palatino, serif; font-size: 12pt;\"><strong>Pflanzen Sie sorgf\u00e4ltig: <\/strong>Achten Sie darauf, dass die bl\u00fchende Pflanzen gen\u00fcgend Platz haben, um sich zu entwickeln, ohne das Wachstum der Hecke zu st\u00f6ren.<\/span><\/li>\n<li><span style=\"font-family: georgia, palatino, serif; font-size: 12pt;\"><strong>Pflege: <\/strong>Beraten Sie Ihre Kunden \u00fcber die richtige Pflege, damit sowohl die Hecke als auch die bl\u00fchende Pflanzen gesund bleiben und gut wachsen.<strong><br \/>\n<\/strong><\/span><\/li>\n<\/ol>\n<h2><span style=\"font-family: georgia, palatino, serif; font-size: 14pt;\"><strong>Gr\u00fcnidee <\/strong><\/span><span style=\"font-family: georgia, palatino, serif; font-size: 14pt;\"><strong> #2:<\/strong> Schaffen Sie ein Spiel-Tipi f\u00fcr Kinder mit der Fertighecke<\/span><img loading=\"lazy\" decoding=\"async\" class=\"alignnone size-full wp-image-67664\" src=\"https:\/\/mobilane.com\/app\/uploads\/2024\/08\/Mobilane-Spiel-Tipi-fur-Kinder-mit-der-Fertighecke.jpg\" alt=\"Mobilane Spiel-Tipi f\u00fcr Kinder mit der Fertighecke\" width=\"1181\" height=\"590\" srcset=\"https:\/\/mobilane.com\/app\/uploads\/2024\/08\/Mobilane-Spiel-Tipi-fur-Kinder-mit-der-Fertighecke.jpg 1181w, https:\/\/mobilane.com\/app\/uploads\/2024\/08\/Mobilane-Spiel-Tipi-fur-Kinder-mit-der-Fertighecke-300x150.jpg 300w, https:\/\/mobilane.com\/app\/uploads\/2024\/08\/Mobilane-Spiel-Tipi-fur-Kinder-mit-der-Fertighecke-1024x512.jpg 1024w, https:\/\/mobilane.com\/app\/uploads\/2024\/08\/Mobilane-Spiel-Tipi-fur-Kinder-mit-der-Fertighecke-768x384.jpg 768w, https:\/\/mobilane.com\/app\/uploads\/2024\/08\/Mobilane-Spiel-Tipi-fur-Kinder-mit-der-Fertighecke-305x152.jpg 305w, https:\/\/mobilane.com\/app\/uploads\/2024\/08\/Mobilane-Spiel-Tipi-fur-Kinder-mit-der-Fertighecke-470x235.jpg 470w, https:\/\/mobilane.com\/app\/uploads\/2024\/08\/Mobilane-Spiel-Tipi-fur-Kinder-mit-der-Fertighecke-100x50.jpg 100w\" sizes=\"auto, (max-width: 1181px) 100vw, 1181px\" \/><\/h2>\n<p><span style=\"font-family: georgia, palatino, serif; font-size: 12pt;\">Ein Spiel-Tipi aus der gebrauchsfertigen Mobilane-Hecke ist eine gro\u00dfartige M\u00f6glichkeit, einen spielerischen und nat\u00fcrlichen Spielbereich f\u00fcr Kinder zu schaffen. Dies bietet nicht nur ein lustiges und abenteuerliches Element im Garten, sondern auch einen sicheren, gesch\u00fctzten und schattigen Platz, an dem Kinder spielen und ihrer Fantasie freien Lauf lassen k\u00f6nnen.<\/span><\/p>\n<p><span style=\"font-family: georgia, palatino, serif; font-size: 12pt;\"><strong>Wie baut man ein Spiel-Tipi?<\/strong><\/span><\/p>\n<ol>\n<li><span style=\"font-family: georgia, palatino, serif; font-size: 12pt;\"><strong>W\u00e4hlen Sie den richtigen Standort: <\/strong>W\u00e4hlen Sie eine ebene, offene Fl\u00e4che im Garten, die gen\u00fcgend Platz f\u00fcr das Tipi bietet. Achten Sie darauf, dass der Boden gelockert ist und die Pflanzen gen\u00fcgend Sonnenlicht zum Wachsen haben.<\/span><\/li>\n<li><span style=\"font-family: georgia, palatino, serif; font-size: 12pt;\"><strong>W\u00e4hlen Sie geeignete Pflanzen aus: <\/strong>Die Fertigehecke von Mobilane eignet sich hervorragend f\u00fcr dieses Projekt, vor allem die Sorte Hedera, da sie schnell w\u00e4chst und sehr robust ist. Sie k\u00f6nnen auch Kletterpflanzen wie Clematis oder Kletterrosen f\u00fcr zus\u00e4tzliche Farbe und Textur verwenden.<\/span><\/li>\n<li><span style=\"font-family: georgia, palatino, serif; font-size: 12pt;\"><strong>Setzen Sie die Hecke: <\/strong>Pflanzen Sie die Mobilane Fertighecken diagonal gegeneinander. Achten Sie darauf, dass die Pflanzen gut verankert sind und gen\u00fcgend Wasser und N\u00e4hrstoffe erhalten, um gut zu wachsen.<\/span><\/li>\n<li><span style=\"font-family: georgia, palatino, serif; font-size: 12pt;\"><strong>Pflege: <\/strong>Kontrollieren Sie regelm\u00e4\u00dfig das Wachstum der Pflanzen und stellen Sie sicher, dass sie gut am Ger\u00fcst entlang gef\u00fchrt werden. Schneiden Sie die Pflanzen bei Bedarf, um die Form und Dichte des Tipis zu erhalten.<strong><br \/>\n<\/strong><\/span><\/li>\n<\/ol>\n<p><span style=\"font-family: georgia, palatino, serif; font-size: 12pt;\"><strong>Zus\u00e4tzliche Tipps:<\/strong><\/span><\/p>\n<ul>\n<li><span style=\"font-family: georgia, palatino, serif; font-size: 12pt;\"><strong>Einrichten: <\/strong>Legen Sie weiche Kissen, Decken und vielleicht sogar eine kleine Matte ins Innere des Tipis, um einen gem\u00fctlichen und einladenden Spielraum zu schaffen.<\/span><\/li>\n<li><span style=\"font-family: georgia, palatino, serif; font-size: 12pt;\"><strong>Dekoration: <\/strong>Lassen Sie die Kinder ihr Tipi mit Lichtern, Fahnen oder anderem Spielmaterial f\u00fcr drau\u00dfen schm\u00fccken, um es zu etwas Besonderem zu machen.<\/span><\/li>\n<li><span style=\"font-family: georgia, palatino, serif; font-size: 12pt;\"><strong>Bildung: <\/strong>Nutzen Sie das Tipi als Lernort, an dem Kinder spielerisch etwas \u00fcber Pflanzen und die Natur lernen k\u00f6nnen.<strong><br \/>\n<\/strong><\/span><\/li>\n<\/ul>\n<h2><span style=\"font-family: georgia, palatino, serif; font-size: 14pt;\"><strong>Gr\u00fcnidee <\/strong><\/span><span style=\"font-family: georgia, palatino, serif; font-size: 14pt;\"><strong> #3:<\/strong> Erh\u00f6hen Sie die Artenvielfalt durch das Anbringen von Vogelh\u00e4usern und Nistk\u00e4sten <\/span><img loading=\"lazy\" decoding=\"async\" class=\"alignnone size-full wp-image-67657\" src=\"https:\/\/mobilane.com\/app\/uploads\/2024\/08\/Mobilane-Fertighecke-Anbringen-von-Vogelhausern-und-Nistkasten.jpg\" alt=\"Mobilane Fertighecke Anbringen von Vogelh\u00e4usern und Nistk\u00e4sten\" width=\"1181\" height=\"590\" srcset=\"https:\/\/mobilane.com\/app\/uploads\/2024\/08\/Mobilane-Fertighecke-Anbringen-von-Vogelhausern-und-Nistkasten.jpg 1181w, https:\/\/mobilane.com\/app\/uploads\/2024\/08\/Mobilane-Fertighecke-Anbringen-von-Vogelhausern-und-Nistkasten-300x150.jpg 300w, https:\/\/mobilane.com\/app\/uploads\/2024\/08\/Mobilane-Fertighecke-Anbringen-von-Vogelhausern-und-Nistkasten-1024x512.jpg 1024w, https:\/\/mobilane.com\/app\/uploads\/2024\/08\/Mobilane-Fertighecke-Anbringen-von-Vogelhausern-und-Nistkasten-768x384.jpg 768w, https:\/\/mobilane.com\/app\/uploads\/2024\/08\/Mobilane-Fertighecke-Anbringen-von-Vogelhausern-und-Nistkasten-305x152.jpg 305w, https:\/\/mobilane.com\/app\/uploads\/2024\/08\/Mobilane-Fertighecke-Anbringen-von-Vogelhausern-und-Nistkasten-470x235.jpg 470w, https:\/\/mobilane.com\/app\/uploads\/2024\/08\/Mobilane-Fertighecke-Anbringen-von-Vogelhausern-und-Nistkasten-100x50.jpg 100w\" sizes=\"auto, (max-width: 1181px) 100vw, 1181px\" \/><\/h2>\n<p><span style=\"font-family: georgia, palatino, serif; font-size: 12pt;\">Die Integration von Vogelh\u00e4usern und Nistk\u00e4sten in die Mobilane Fertighecke ist eine gute M\u00f6glichkeit, die Artenvielfalt im Garten zu erh\u00f6hen und einen attraktiven Lebensraum f\u00fcr V\u00f6gel zu schaffen. Dies schafft nicht nur einen \u00f6kologisch ausgewogenen Garten, sondern bringt auch Leben und Ger\u00e4usche in den Garten, sehr zur Freude Ihrer Kunden.<\/span><\/p>\n<p><span style=\"font-family: georgia, palatino, serif; font-size: 12pt;\"><strong>Wie f\u00fcgt man Vogelh\u00e4user und Nistk\u00e4sten hinzu?<\/strong><\/span><\/p>\n<ol>\n<li><span style=\"font-family: georgia, palatino, serif; font-size: 12pt;\"><strong>W\u00e4hlen Sie die richtigen H\u00e4user: <\/strong>W\u00e4hlen Sie Vogelh\u00e4user und Nistk\u00e4sten, die f\u00fcr die Vogelarten in Ihrer Umgebung geeignet sind. Achten Sie darauf, dass die \u00d6ffnungen und das Innere den Bed\u00fcrfnissen der V\u00f6gel entsprechen, die Sie anlocken m\u00f6chten.<\/span><\/li>\n<li><span style=\"font-family: georgia, palatino, serif; font-size: 12pt;\"><strong>Strategische Platzierung: <\/strong>Bringen Sie Vogelh\u00e4user und Nistk\u00e4sten in verschiedenen H\u00f6hen und an verschiedenen Stellen in der Hecke an, um eine Vielzahl von Vogelarten anzulocken. Achten Sie darauf, dass sie gut vor Raubtieren und direktem Wind oder Sonne gesch\u00fctzt sind.<\/span><\/li>\n<li><span style=\"font-family: georgia, palatino, serif; font-size: 12pt;\"><strong>Befestigung an der Hecke: <\/strong>Verwenden Sie zur Befestigung der H\u00e4user und Nistk\u00e4sten an der Hecke robuste Befestigungselemente. Achten Sie darauf, dass die Befestigungen das Wachstum der Pflanzen nicht behindern.<\/span><\/li>\n<li><span style=\"font-family: georgia, palatino, serif; font-size: 12pt;\"><strong>Wartung und \u00dcberwachung: <\/strong>Kontrollieren Sie die Vogelh\u00e4user und Nistk\u00e4sten regelm\u00e4\u00dfig auf Sch\u00e4den und reinigen Sie sie nach jeder Brutsaison, um Parasiten zu entfernen und die H\u00e4user f\u00fcr neue Bewohner attraktiv zu halten.<strong><br \/>\n<\/strong><\/span><\/li>\n<\/ol>\n<p><span style=\"font-family: georgia, palatino, serif; font-size: 12pt;\"><strong>Weitere Tipps:<\/strong><\/span><\/p>\n<ul>\n<li><span style=\"font-family: georgia, palatino, serif; font-size: 12pt;\"><strong>Futter und Wasser: <\/strong>Stellen Sie Futter- und Wasserbeh\u00e4lter in der N\u00e4he der Hecke auf, damit sich die V\u00f6gel im Garten niederlassen und dort bleiben.<\/span><\/li>\n<li><span style=\"font-family: georgia, palatino, serif; font-size: 12pt;\"><strong>Abwechslung: <\/strong>Bringen Sie verschiedene Arten von Nistk\u00e4sten an, z. B. offene Nistk\u00e4sten f\u00fcr Rotkehlchen oder spezielle K\u00e4sten f\u00fcr Schwalben, um eine Vielzahl von V\u00f6geln anzulocken.<\/span><\/li>\n<li><span style=\"font-family: georgia, palatino, serif; font-size: 12pt;\"><strong>Bepflanzung: <\/strong>Pflanzen Sie Beerenstr\u00e4ucher oder andere vogelfreundliche Pflanzen in der N\u00e4he der Hecke, um zus\u00e4tzliche Nahrungsquellen zu schaffen.<strong><br \/>\n<\/strong><\/span><\/li>\n<\/ul>\n<p style=\"text-align: center;\">            <a href=\"https:\/\/mobilane.com\/de\/pflanzenverzeichnis\/\" target=\"_blank\" class=\"btn btn--2\">\n                Pflanzenverzeichnis anschauen<span aria-hidden=\"true\" class=\"icon icon-arrow-right\" data-grunticon-embed><\/span>\n            <\/a>\n        <\/p>\n","protected":false},"excerpt":{"rendered":"<p>seit vielen Jahren haben Sie erfolgreich Mobilane Fertighecken als Gartenz\u00e4une in den G\u00e4rten Ihrer Kunden installiert. Diese sch\u00f6ne, blickdichte Fertighecke hat sich schon als zuverl\u00e4ssige und \u00e4sthetische L\u00f6sung zur Schaffung von Privatsph\u00e4re und zur Versch\u00f6nerung von Au\u00dfenbereichen gezeigt. Aber wussten Sie, dass die Anwendungsm\u00f6glichkeiten der Mobilane Fertighecke weit \u00fcber die traditionellen Gartenz\u00e4une hinausgehen? Gr\u00fcnidee #1: [&hellip;]<\/p>\n","protected":false},"author":15,"featured_media":32014,"parent":0,"menu_order":0,"comment_status":"closed","ping_status":"closed","template":"","meta":{"_acf_changed":false,"footnotes":""},"class_list":["post-67645","page","type-page","status-publish","has-post-thumbnail","hentry"],"acf":[],"yoast_head":"<!-- This site is optimized with the Yoast SEO plugin v27.4 - https:\/\/yoast.com\/product\/yoast-seo-wordpress\/ -->\n<title>Einzigartige Anwendungsm\u00f6glichkeiten der Fertighecken<\/title>\n<meta name=\"description\" content=\"Aber wussten Sie, dass die Anwendungsm\u00f6glichkeiten der Mobilane Fertighecke weit \u00fcber die traditionellen Gartenz\u00e4une hinausgehen?\" \/>\n<meta name=\"robots\" content=\"index, follow, max-snippet:-1, max-image-preview:large, max-video-preview:-1\" \/>\n<link rel=\"canonical\" href=\"https:\/\/mobilane.com\/de\/gruenidee-inspirierende-und-einzigartige-fertighecke-anwendungen\/\" \/>\n<meta property=\"og:locale\" content=\"de_DE\" \/>\n<meta property=\"og:type\" content=\"article\" \/>\n<meta property=\"og:title\" content=\"Einzigartige Anwendungsm\u00f6glichkeiten der Fertighecken\" \/>\n<meta property=\"og:description\" content=\"Aber wussten Sie, dass die Anwendungsm\u00f6glichkeiten der Mobilane Fertighecke weit \u00fcber die traditionellen Gartenz\u00e4une hinausgehen?\" \/>\n<meta property=\"og:url\" content=\"https:\/\/mobilane.com\/de\/gruenidee-inspirierende-und-einzigartige-fertighecke-anwendungen\/\" \/>\n<meta property=\"og:site_name\" content=\"Mobilane\" \/>\n<meta property=\"article:modified_time\" content=\"2024-08-01T09:12:14+00:00\" \/>\n<meta property=\"og:image\" content=\"https:\/\/mobilane.com\/app\/uploads\/2021\/02\/mobilane-big-horizontal-kant-en-klaar-haag-tuin-elise-schaap-klimop.jpg\" \/>\n\t<meta property=\"og:image:width\" content=\"1500\" \/>\n\t<meta property=\"og:image:height\" content=\"1000\" \/>\n\t<meta property=\"og:image:type\" content=\"image\/jpeg\" \/>\n<meta name=\"twitter:card\" content=\"summary_large_image\" \/>\n<meta name=\"twitter:label1\" content=\"Gesch\u00e4tzte Lesezeit\" \/>\n\t<meta name=\"twitter:data1\" content=\"5\u00a0Minuten\" \/>\n<script type=\"application\/ld+json\" class=\"yoast-schema-graph\">{\"@context\":\"https:\\\/\\\/schema.org\",\"@graph\":[{\"@type\":\"WebPage\",\"@id\":\"https:\\\/\\\/mobilane.com\\\/de\\\/gruenidee-inspirierende-und-einzigartige-fertighecke-anwendungen\\\/\",\"url\":\"https:\\\/\\\/mobilane.com\\\/de\\\/gruenidee-inspirierende-und-einzigartige-fertighecke-anwendungen\\\/\",\"name\":\"Einzigartige Anwendungsm\u00f6glichkeiten der Fertighecken\",\"isPartOf\":{\"@id\":\"https:\\\/\\\/mobilane.com\\\/#website\"},\"primaryImageOfPage\":{\"@id\":\"https:\\\/\\\/mobilane.com\\\/de\\\/gruenidee-inspirierende-und-einzigartige-fertighecke-anwendungen\\\/#primaryimage\"},\"image\":{\"@id\":\"https:\\\/\\\/mobilane.com\\\/de\\\/gruenidee-inspirierende-und-einzigartige-fertighecke-anwendungen\\\/#primaryimage\"},\"thumbnailUrl\":\"https:\\\/\\\/mobilane.com\\\/app\\\/uploads\\\/2021\\\/02\\\/mobilane-big-horizontal-kant-en-klaar-haag-tuin-elise-schaap-klimop-e1743602087908.jpg\",\"datePublished\":\"2024-07-31T13:07:59+00:00\",\"dateModified\":\"2024-08-01T09:12:14+00:00\",\"description\":\"Aber wussten Sie, dass die Anwendungsm\u00f6glichkeiten der Mobilane Fertighecke weit \u00fcber die traditionellen Gartenz\u00e4une hinausgehen?\",\"breadcrumb\":{\"@id\":\"https:\\\/\\\/mobilane.com\\\/de\\\/gruenidee-inspirierende-und-einzigartige-fertighecke-anwendungen\\\/#breadcrumb\"},\"inLanguage\":\"de\",\"potentialAction\":[{\"@type\":\"ReadAction\",\"target\":[\"https:\\\/\\\/mobilane.com\\\/de\\\/gruenidee-inspirierende-und-einzigartige-fertighecke-anwendungen\\\/\"]}]},{\"@type\":\"ImageObject\",\"inLanguage\":\"de\",\"@id\":\"https:\\\/\\\/mobilane.com\\\/de\\\/gruenidee-inspirierende-und-einzigartige-fertighecke-anwendungen\\\/#primaryimage\",\"url\":\"https:\\\/\\\/mobilane.com\\\/app\\\/uploads\\\/2021\\\/02\\\/mobilane-big-horizontal-kant-en-klaar-haag-tuin-elise-schaap-klimop-e1743602087908.jpg\",\"contentUrl\":\"https:\\\/\\\/mobilane.com\\\/app\\\/uploads\\\/2021\\\/02\\\/mobilane-big-horizontal-kant-en-klaar-haag-tuin-elise-schaap-klimop-e1743602087908.jpg\",\"width\":1500,\"height\":1000,\"caption\":\"mobilane-kant-en-klaar-haag-tuin-elise-schaap-klimop\"},{\"@type\":\"BreadcrumbList\",\"@id\":\"https:\\\/\\\/mobilane.com\\\/de\\\/gruenidee-inspirierende-und-einzigartige-fertighecke-anwendungen\\\/#breadcrumb\",\"itemListElement\":[{\"@type\":\"ListItem\",\"position\":1,\"name\":\"Home\",\"item\":\"https:\\\/\\\/mobilane.com\\\/de\\\/\"},{\"@type\":\"ListItem\",\"position\":2,\"name\":\"Gr\u00fcnidee: Inspirierende und einzigartige Fertighecke-Anwendungen\"}]},{\"@type\":\"WebSite\",\"@id\":\"https:\\\/\\\/mobilane.com\\\/#website\",\"url\":\"https:\\\/\\\/mobilane.com\\\/\",\"name\":\"Mobilane\",\"description\":\"Ready Made Green Systems\",\"publisher\":{\"@id\":\"https:\\\/\\\/mobilane.com\\\/#organization\"},\"potentialAction\":[{\"@type\":\"SearchAction\",\"target\":{\"@type\":\"EntryPoint\",\"urlTemplate\":\"https:\\\/\\\/mobilane.com\\\/?s={search_term_string}\"},\"query-input\":{\"@type\":\"PropertyValueSpecification\",\"valueRequired\":true,\"valueName\":\"search_term_string\"}}],\"inLanguage\":\"de\"},{\"@type\":\"Organization\",\"@id\":\"https:\\\/\\\/mobilane.com\\\/#organization\",\"name\":\"Mobilane\",\"url\":\"https:\\\/\\\/mobilane.com\\\/\",\"logo\":{\"@type\":\"ImageObject\",\"inLanguage\":\"de\",\"@id\":\"https:\\\/\\\/mobilane.com\\\/#\\\/schema\\\/logo\\\/image\\\/\",\"url\":\"https:\\\/\\\/mobilane.com\\\/app\\\/uploads\\\/2019\\\/10\\\/logo-colour2x.png\",\"contentUrl\":\"https:\\\/\\\/mobilane.com\\\/app\\\/uploads\\\/2019\\\/10\\\/logo-colour2x.png\",\"width\":1472,\"height\":295,\"caption\":\"Mobilane\"},\"image\":{\"@id\":\"https:\\\/\\\/mobilane.com\\\/#\\\/schema\\\/logo\\\/image\\\/\"}}]}<\/script>\n<!-- \/ Yoast SEO plugin. -->","yoast_head_json":{"title":"Einzigartige Anwendungsm\u00f6glichkeiten der Fertighecken","description":"Aber wussten Sie, dass die Anwendungsm\u00f6glichkeiten der Mobilane Fertighecke weit \u00fcber die traditionellen Gartenz\u00e4une hinausgehen?","robots":{"index":"index","follow":"follow","max-snippet":"max-snippet:-1","max-image-preview":"max-image-preview:large","max-video-preview":"max-video-preview:-1"},"canonical":"https:\/\/mobilane.com\/de\/gruenidee-inspirierende-und-einzigartige-fertighecke-anwendungen\/","og_locale":"de_DE","og_type":"article","og_title":"Einzigartige Anwendungsm\u00f6glichkeiten der Fertighecken","og_description":"Aber wussten Sie, dass die Anwendungsm\u00f6glichkeiten der Mobilane Fertighecke weit \u00fcber die traditionellen Gartenz\u00e4une hinausgehen?","og_url":"https:\/\/mobilane.com\/de\/gruenidee-inspirierende-und-einzigartige-fertighecke-anwendungen\/","og_site_name":"Mobilane","article_modified_time":"2024-08-01T09:12:14+00:00","og_image":[{"width":1500,"height":1000,"url":"https:\/\/mobilane.com\/app\/uploads\/2021\/02\/mobilane-big-horizontal-kant-en-klaar-haag-tuin-elise-schaap-klimop.jpg","type":"image\/jpeg"}],"twitter_card":"summary_large_image","twitter_misc":{"Gesch\u00e4tzte Lesezeit":"5\u00a0Minuten"},"schema":{"@context":"https:\/\/schema.org","@graph":[{"@type":"WebPage","@id":"https:\/\/mobilane.com\/de\/gruenidee-inspirierende-und-einzigartige-fertighecke-anwendungen\/","url":"https:\/\/mobilane.com\/de\/gruenidee-inspirierende-und-einzigartige-fertighecke-anwendungen\/","name":"Einzigartige Anwendungsm\u00f6glichkeiten der Fertighecken","isPartOf":{"@id":"https:\/\/mobilane.com\/#website"},"primaryImageOfPage":{"@id":"https:\/\/mobilane.com\/de\/gruenidee-inspirierende-und-einzigartige-fertighecke-anwendungen\/#primaryimage"},"image":{"@id":"https:\/\/mobilane.com\/de\/gruenidee-inspirierende-und-einzigartige-fertighecke-anwendungen\/#primaryimage"},"thumbnailUrl":"https:\/\/mobilane.com\/app\/uploads\/2021\/02\/mobilane-big-horizontal-kant-en-klaar-haag-tuin-elise-schaap-klimop-e1743602087908.jpg","datePublished":"2024-07-31T13:07:59+00:00","dateModified":"2024-08-01T09:12:14+00:00","description":"Aber wussten Sie, dass die Anwendungsm\u00f6glichkeiten der Mobilane Fertighecke weit \u00fcber die traditionellen Gartenz\u00e4une hinausgehen?","breadcrumb":{"@id":"https:\/\/mobilane.com\/de\/gruenidee-inspirierende-und-einzigartige-fertighecke-anwendungen\/#breadcrumb"},"inLanguage":"de","potentialAction":[{"@type":"ReadAction","target":["https:\/\/mobilane.com\/de\/gruenidee-inspirierende-und-einzigartige-fertighecke-anwendungen\/"]}]},{"@type":"ImageObject","inLanguage":"de","@id":"https:\/\/mobilane.com\/de\/gruenidee-inspirierende-und-einzigartige-fertighecke-anwendungen\/#primaryimage","url":"https:\/\/mobilane.com\/app\/uploads\/2021\/02\/mobilane-big-horizontal-kant-en-klaar-haag-tuin-elise-schaap-klimop-e1743602087908.jpg","contentUrl":"https:\/\/mobilane.com\/app\/uploads\/2021\/02\/mobilane-big-horizontal-kant-en-klaar-haag-tuin-elise-schaap-klimop-e1743602087908.jpg","width":1500,"height":1000,"caption":"mobilane-kant-en-klaar-haag-tuin-elise-schaap-klimop"},{"@type":"BreadcrumbList","@id":"https:\/\/mobilane.com\/de\/gruenidee-inspirierende-und-einzigartige-fertighecke-anwendungen\/#breadcrumb","itemListElement":[{"@type":"ListItem","position":1,"name":"Home","item":"https:\/\/mobilane.com\/de\/"},{"@type":"ListItem","position":2,"name":"Gr\u00fcnidee: Inspirierende und einzigartige Fertighecke-Anwendungen"}]},{"@type":"WebSite","@id":"https:\/\/mobilane.com\/#website","url":"https:\/\/mobilane.com\/","name":"Mobilane","description":"Ready Made Green Systems","publisher":{"@id":"https:\/\/mobilane.com\/#organization"},"potentialAction":[{"@type":"SearchAction","target":{"@type":"EntryPoint","urlTemplate":"https:\/\/mobilane.com\/?s={search_term_string}"},"query-input":{"@type":"PropertyValueSpecification","valueRequired":true,"valueName":"search_term_string"}}],"inLanguage":"de"},{"@type":"Organization","@id":"https:\/\/mobilane.com\/#organization","name":"Mobilane","url":"https:\/\/mobilane.com\/","logo":{"@type":"ImageObject","inLanguage":"de","@id":"https:\/\/mobilane.com\/#\/schema\/logo\/image\/","url":"https:\/\/mobilane.com\/app\/uploads\/2019\/10\/logo-colour2x.png","contentUrl":"https:\/\/mobilane.com\/app\/uploads\/2019\/10\/logo-colour2x.png","width":1472,"height":295,"caption":"Mobilane"},"image":{"@id":"https:\/\/mobilane.com\/#\/schema\/logo\/image\/"}}]}},"_links":{"self":[{"href":"https:\/\/mobilane.com\/de\/wp-json\/wp\/v2\/pages\/67645","targetHints":{"allow":["GET"]}}],"collection":[{"href":"https:\/\/mobilane.com\/de\/wp-json\/wp\/v2\/pages"}],"about":[{"href":"https:\/\/mobilane.com\/de\/wp-json\/wp\/v2\/types\/page"}],"author":[{"embeddable":true,"href":"https:\/\/mobilane.com\/de\/wp-json\/wp\/v2\/users\/15"}],"replies":[{"embeddable":true,"href":"https:\/\/mobilane.com\/de\/wp-json\/wp\/v2\/comments?post=67645"}],"version-history":[{"count":5,"href":"https:\/\/mobilane.com\/de\/wp-json\/wp\/v2\/pages\/67645\/revisions"}],"predecessor-version":[{"id":67647,"href":"https:\/\/mobilane.com\/de\/wp-json\/wp\/v2\/pages\/67645\/revisions\/67647"}],"wp:featuredmedia":[{"embeddable":true,"href":"https:\/\/mobilane.com\/de\/wp-json\/wp\/v2\/media\/32014"}],"wp:attachment":[{"href":"https:\/\/mobilane.com\/de\/wp-json\/wp\/v2\/media?parent=67645"}],"curies":[{"name":"wp","href":"https:\/\/api.w.org\/{rel}","templated":true}]}}