{"id":64664,"date":"2024-03-19T12:14:05","date_gmt":"2024-03-19T11:14:05","guid":{"rendered":"https:\/\/mobilane.com\/?page_id=64664"},"modified":"2024-09-09T12:56:30","modified_gmt":"2024-09-09T10:56:30","slug":"was-die-mitarbeiter-zu-sagen-haben","status":"publish","type":"page","link":"https:\/\/mobilane.com\/de\/was-die-mitarbeiter-zu-sagen-haben\/","title":{"rendered":"Was die Mitarbeiter zu sagen haben"},"content":{"rendered":"<p style=\"text-align: left;\"><strong>Mobilane verf\u00fcgt \u00fcber ein vielseitiges Team engagierter Mitarbeiter, die alle eine einzigartige Perspektive darauf haben, was die Arbeit im Unternehmen so besonders macht. Um einen tieferen Einblick in die Besonderheiten des Arbeitsumfelds zu erhalten, wurden mehrere Teammitglieder aus verschiedenen Abteilungen zu ihren Erfahrungen befragt und dazu, was sie an der Arbeit bei Mobilane inspiriert. Diese Interviews zeigen die einzigartigen Aspekte der Unternehmenskultur und was sie motiviert.<\/strong><\/p>\n<p><img loading=\"lazy\" decoding=\"async\" class=\"alignnone size-full wp-image-66259\" src=\"https:\/\/mobilane.com\/app\/uploads\/2024\/06\/DE-Dick-Lauwerijssen-technisch-directeur-quote-medewerkers-aan-het-woord.jpg\" alt=\"Dick Lauwerijssen technisch directeur quote medewerkers aan het woord\" width=\"2000\" height=\"600\" srcset=\"https:\/\/mobilane.com\/app\/uploads\/2024\/06\/DE-Dick-Lauwerijssen-technisch-directeur-quote-medewerkers-aan-het-woord.jpg 2000w, https:\/\/mobilane.com\/app\/uploads\/2024\/06\/DE-Dick-Lauwerijssen-technisch-directeur-quote-medewerkers-aan-het-woord-300x90.jpg 300w, https:\/\/mobilane.com\/app\/uploads\/2024\/06\/DE-Dick-Lauwerijssen-technisch-directeur-quote-medewerkers-aan-het-woord-1024x307.jpg 1024w, https:\/\/mobilane.com\/app\/uploads\/2024\/06\/DE-Dick-Lauwerijssen-technisch-directeur-quote-medewerkers-aan-het-woord-768x230.jpg 768w, https:\/\/mobilane.com\/app\/uploads\/2024\/06\/DE-Dick-Lauwerijssen-technisch-directeur-quote-medewerkers-aan-het-woord-1536x461.jpg 1536w, https:\/\/mobilane.com\/app\/uploads\/2024\/06\/DE-Dick-Lauwerijssen-technisch-directeur-quote-medewerkers-aan-het-woord-305x92.jpg 305w, https:\/\/mobilane.com\/app\/uploads\/2024\/06\/DE-Dick-Lauwerijssen-technisch-directeur-quote-medewerkers-aan-het-woord-470x141.jpg 470w, https:\/\/mobilane.com\/app\/uploads\/2024\/06\/DE-Dick-Lauwerijssen-technisch-directeur-quote-medewerkers-aan-het-woord-167x50.jpg 167w\" sizes=\"auto, (max-width: 2000px) 100vw, 2000px\" \/><\/p>\n<p><strong>Was gef\u00e4llt Ihnen an Ihrer Arbeit?<br \/>\n<\/strong><em>Die Produktgruppen, der innovative Charakter des Unternehmens und das langj\u00e4hrige Bestehen als Familienunternehmen machen Mobilane einzigartig. Die Vielfalt spricht mich sehr an, ebenso die Internationalit\u00e4t, die es mir erm\u00f6glicht hat, viel zu reisen, zu sehen und zu erleben. Viele Kontakte mit anderen Unternehmen und L\u00e4ndern. <\/em><em>Mobilane hat sich in 20 Jahren von einem kleinen Betrieb zu einem gro\u00dfen, f\u00fchrenden Unternehmen entwickelt<\/em><em>.<\/em><\/p>\n<p><em><strong>Worauf sind Sie besonders stolz?<br \/>\n<\/strong><\/em><em>Jedes neue Produkt, das wir auf den Markt bringen, macht mich stolz, ebenso wie der Abschluss eines erfolgreichen Projekts. Das Projekt Monaco hat mich sehr <\/em><em>begeistert,<\/em><em> und vor kurzem das <a href=\"https:\/\/mobilane.com\/de\/projekte\/schiphol-trade-park\/\" target=\"_blank\" rel=\"noopener\">Projekt Schiphol Trade Park<\/a>. Als Unternehmen werden wir weiter wachsen; die Nachfrage und das Bed\u00fcrfnis nach Gr\u00fcn wird immer wichtiger.<\/em><\/p>\n<p><em>Als technischer Leiter bin ich stolz auf unser einzigartiges Unternehmen mit dem Hauptsitz und der Baumschule in <\/em><em>Bemmel (NL) <\/em><em>und Niederlassungen in verschiedenen L\u00e4ndern. Unsere vielf\u00e4ltigen Produktgruppen und unsere st\u00e4ndige Innovation haben uns auf die Landkarte gebracht. Als Familienunternehmen haben wir uns einen guten Ruf erworben. Unser famili\u00e4res Arbeitsklima, die kurzen Kommunikationswege und die schnell reagierenden Kollegen machen Mobilane zu einem tollen Arbeitsplatz. Die Internationalit\u00e4t bietet die M\u00f6glichkeit, zu reisen und wertvolle Beziehungen zu kn\u00fcpfen.<\/em><\/p>\n<p>&nbsp;<\/p>\n<p><img loading=\"lazy\" decoding=\"async\" class=\"alignnone size-full wp-image-68478\" src=\"https:\/\/mobilane.com\/app\/uploads\/2024\/09\/DE-Kathrin-Stein-Project-Coordination-quote-medewerkers-aan-het-woord.jpg\" alt=\"Kathrin Stein Project Coordination quote medewerkers aan het woord\" width=\"2000\" height=\"600\" srcset=\"https:\/\/mobilane.com\/app\/uploads\/2024\/09\/DE-Kathrin-Stein-Project-Coordination-quote-medewerkers-aan-het-woord.jpg 2000w, https:\/\/mobilane.com\/app\/uploads\/2024\/09\/DE-Kathrin-Stein-Project-Coordination-quote-medewerkers-aan-het-woord-300x90.jpg 300w, https:\/\/mobilane.com\/app\/uploads\/2024\/09\/DE-Kathrin-Stein-Project-Coordination-quote-medewerkers-aan-het-woord-1024x307.jpg 1024w, https:\/\/mobilane.com\/app\/uploads\/2024\/09\/DE-Kathrin-Stein-Project-Coordination-quote-medewerkers-aan-het-woord-768x230.jpg 768w, https:\/\/mobilane.com\/app\/uploads\/2024\/09\/DE-Kathrin-Stein-Project-Coordination-quote-medewerkers-aan-het-woord-1536x461.jpg 1536w, https:\/\/mobilane.com\/app\/uploads\/2024\/09\/DE-Kathrin-Stein-Project-Coordination-quote-medewerkers-aan-het-woord-305x92.jpg 305w, https:\/\/mobilane.com\/app\/uploads\/2024\/09\/DE-Kathrin-Stein-Project-Coordination-quote-medewerkers-aan-het-woord-470x141.jpg 470w, https:\/\/mobilane.com\/app\/uploads\/2024\/09\/DE-Kathrin-Stein-Project-Coordination-quote-medewerkers-aan-het-woord-167x50.jpg 167w\" sizes=\"auto, (max-width: 2000px) 100vw, 2000px\" \/><\/p>\n<p><strong>Was gef\u00e4llt dir an deinem Job?<br \/>\n<\/strong>Ich bin jetzt seit mehr als sieben Jahren bei Mobilane und habe schon viele Erfahrungen im Verkauf, im Innendienst und mit unseren Produkten gesammelt. Dank der guten Zusammenarbeit zwischen allen Abteilungen (Deutschland und den Niederlanden), einem guten Arbeitsklima und viel Motivation macht es immer noch so viel Spa\u00df wie am ersten Tag. Seit Januar bin ich Teamleiter im B\u00fcro und bin f\u00fcr alle Indoor Begr\u00fcnungsprodukte und Indoor Begr\u00fcnungsprojekte zust\u00e4ndig. Die abwechslungsreichen Aufgaben sind f\u00fcr mich besonders interessant. Jedes Projekt ist einzigartig und macht unsere Umgebung, unseren Arbeitsbereich und unser t\u00e4gliches Leben ein wenig gr\u00fcner und ges\u00fcnder!<\/p>\n<p><strong>Welches ist dein Lieblingsprodukt?<br \/>\n<\/strong>Mein Lieblingsprodukt ist <a href=\"https:\/\/mobilane.com\/de\/produkte\/livepanel\/\" target=\"_blank\" rel=\"noopener\">LivePanel<\/a>. Dieses innovative System verwandelt jeden Raum, ob gro\u00df oder klein, in eine einladende und stimmungsvolle Umgebung. Die gr\u00fcne Wand schafft eine gem\u00fctliche und beruhigende Atmosph\u00e4re, in der sich jeder sofort wohlf\u00fchlt. LivePanel ist nicht nur ein visuell attraktives Element, sondern tr\u00e4gt auch zu einem gesunden Lebensumfeld bei, indem es die Luftqualit\u00e4t verbessert und Stress reduziert. Kurzum, LivePanel ist die perfekte Wahl, um einen Raum zu versch\u00f6nern und eine angenehme Atmosph\u00e4re zu schaffen.<\/p>\n","protected":false},"excerpt":{"rendered":"<p>Mobilane verf\u00fcgt \u00fcber ein vielseitiges Team engagierter Mitarbeiter, die alle eine einzigartige Perspektive darauf haben, was die Arbeit im Unternehmen so besonders macht. Um einen tieferen Einblick in die Besonderheiten des Arbeitsumfelds zu erhalten, wurden mehrere Teammitglieder aus verschiedenen Abteilungen zu ihren Erfahrungen befragt und dazu, was sie an der Arbeit bei Mobilane inspiriert. Diese [&hellip;]<\/p>\n","protected":false},"author":33,"featured_media":0,"parent":0,"menu_order":0,"comment_status":"closed","ping_status":"closed","template":"","meta":{"_acf_changed":false,"footnotes":""},"class_list":["post-64664","page","type-page","status-publish","hentry"],"acf":[],"yoast_head":"<!-- This site is optimized with the Yoast SEO plugin v27.3 - https:\/\/yoast.com\/product\/yoast-seo-wordpress\/ -->\n<title>Was die Mitarbeiter zu sagen haben | Einzigartiger Blick auf das Unternehmen<\/title>\n<meta name=\"description\" content=\"Mobilane verf\u00fcgt \u00fcber ein vielseitiges Team engagierter Mitarbeiter, die alle eine einzigartige Perspektive darauf haben.\" \/>\n<meta name=\"robots\" content=\"index, follow, max-snippet:-1, max-image-preview:large, max-video-preview:-1\" \/>\n<link rel=\"canonical\" href=\"https:\/\/mobilane.com\/de\/was-die-mitarbeiter-zu-sagen-haben\/\" \/>\n<meta property=\"og:locale\" content=\"de_DE\" \/>\n<meta property=\"og:type\" content=\"article\" \/>\n<meta property=\"og:title\" content=\"Was die Mitarbeiter zu sagen haben | Einzigartiger Blick auf das Unternehmen\" \/>\n<meta property=\"og:description\" content=\"Mobilane verf\u00fcgt \u00fcber ein vielseitiges Team engagierter Mitarbeiter, die alle eine einzigartige Perspektive darauf haben.\" \/>\n<meta property=\"og:url\" content=\"https:\/\/mobilane.com\/de\/was-die-mitarbeiter-zu-sagen-haben\/\" \/>\n<meta property=\"og:site_name\" content=\"Mobilane\" \/>\n<meta property=\"article:modified_time\" content=\"2024-09-09T10:56:30+00:00\" \/>\n<meta property=\"og:image\" content=\"https:\/\/mobilane.com\/app\/uploads\/2024\/06\/DE-Dick-Lauwerijssen-technisch-directeur-quote-medewerkers-aan-het-woord.jpg\" \/>\n<meta name=\"twitter:card\" content=\"summary_large_image\" \/>\n<meta name=\"twitter:label1\" content=\"Gesch\u00e4tzte Lesezeit\" \/>\n\t<meta name=\"twitter:data1\" content=\"3\u00a0Minuten\" \/>\n<script type=\"application\/ld+json\" class=\"yoast-schema-graph\">{\"@context\":\"https:\\\/\\\/schema.org\",\"@graph\":[{\"@type\":\"WebPage\",\"@id\":\"https:\\\/\\\/mobilane.com\\\/de\\\/was-die-mitarbeiter-zu-sagen-haben\\\/\",\"url\":\"https:\\\/\\\/mobilane.com\\\/de\\\/was-die-mitarbeiter-zu-sagen-haben\\\/\",\"name\":\"Was die Mitarbeiter zu sagen haben | Einzigartiger Blick auf das Unternehmen\",\"isPartOf\":{\"@id\":\"https:\\\/\\\/mobilane.com\\\/#website\"},\"primaryImageOfPage\":{\"@id\":\"https:\\\/\\\/mobilane.com\\\/de\\\/was-die-mitarbeiter-zu-sagen-haben\\\/#primaryimage\"},\"image\":{\"@id\":\"https:\\\/\\\/mobilane.com\\\/de\\\/was-die-mitarbeiter-zu-sagen-haben\\\/#primaryimage\"},\"thumbnailUrl\":\"https:\\\/\\\/mobilane.com\\\/app\\\/uploads\\\/2024\\\/06\\\/DE-Dick-Lauwerijssen-technisch-directeur-quote-medewerkers-aan-het-woord.jpg\",\"datePublished\":\"2024-03-19T11:14:05+00:00\",\"dateModified\":\"2024-09-09T10:56:30+00:00\",\"description\":\"Mobilane verf\u00fcgt \u00fcber ein vielseitiges Team engagierter Mitarbeiter, die alle eine einzigartige Perspektive darauf haben.\",\"breadcrumb\":{\"@id\":\"https:\\\/\\\/mobilane.com\\\/de\\\/was-die-mitarbeiter-zu-sagen-haben\\\/#breadcrumb\"},\"inLanguage\":\"de\",\"potentialAction\":[{\"@type\":\"ReadAction\",\"target\":[\"https:\\\/\\\/mobilane.com\\\/de\\\/was-die-mitarbeiter-zu-sagen-haben\\\/\"]}]},{\"@type\":\"ImageObject\",\"inLanguage\":\"de\",\"@id\":\"https:\\\/\\\/mobilane.com\\\/de\\\/was-die-mitarbeiter-zu-sagen-haben\\\/#primaryimage\",\"url\":\"https:\\\/\\\/mobilane.com\\\/app\\\/uploads\\\/2024\\\/06\\\/DE-Dick-Lauwerijssen-technisch-directeur-quote-medewerkers-aan-het-woord.jpg\",\"contentUrl\":\"https:\\\/\\\/mobilane.com\\\/app\\\/uploads\\\/2024\\\/06\\\/DE-Dick-Lauwerijssen-technisch-directeur-quote-medewerkers-aan-het-woord.jpg\"},{\"@type\":\"BreadcrumbList\",\"@id\":\"https:\\\/\\\/mobilane.com\\\/de\\\/was-die-mitarbeiter-zu-sagen-haben\\\/#breadcrumb\",\"itemListElement\":[{\"@type\":\"ListItem\",\"position\":1,\"name\":\"Home\",\"item\":\"https:\\\/\\\/mobilane.com\\\/de\\\/\"},{\"@type\":\"ListItem\",\"position\":2,\"name\":\"Was die Mitarbeiter zu sagen haben\"}]},{\"@type\":\"WebSite\",\"@id\":\"https:\\\/\\\/mobilane.com\\\/#website\",\"url\":\"https:\\\/\\\/mobilane.com\\\/\",\"name\":\"Mobilane\",\"description\":\"Ready Made Green Systems\",\"publisher\":{\"@id\":\"https:\\\/\\\/mobilane.com\\\/#organization\"},\"potentialAction\":[{\"@type\":\"SearchAction\",\"target\":{\"@type\":\"EntryPoint\",\"urlTemplate\":\"https:\\\/\\\/mobilane.com\\\/?s={search_term_string}\"},\"query-input\":{\"@type\":\"PropertyValueSpecification\",\"valueRequired\":true,\"valueName\":\"search_term_string\"}}],\"inLanguage\":\"de\"},{\"@type\":\"Organization\",\"@id\":\"https:\\\/\\\/mobilane.com\\\/#organization\",\"name\":\"Mobilane\",\"url\":\"https:\\\/\\\/mobilane.com\\\/\",\"logo\":{\"@type\":\"ImageObject\",\"inLanguage\":\"de\",\"@id\":\"https:\\\/\\\/mobilane.com\\\/#\\\/schema\\\/logo\\\/image\\\/\",\"url\":\"https:\\\/\\\/mobilane.com\\\/app\\\/uploads\\\/2019\\\/10\\\/logo-colour2x.png\",\"contentUrl\":\"https:\\\/\\\/mobilane.com\\\/app\\\/uploads\\\/2019\\\/10\\\/logo-colour2x.png\",\"width\":1472,\"height\":295,\"caption\":\"Mobilane\"},\"image\":{\"@id\":\"https:\\\/\\\/mobilane.com\\\/#\\\/schema\\\/logo\\\/image\\\/\"}}]}<\/script>\n<!-- \/ Yoast SEO plugin. -->","yoast_head_json":{"title":"Was die Mitarbeiter zu sagen haben | Einzigartiger Blick auf das Unternehmen","description":"Mobilane verf\u00fcgt \u00fcber ein vielseitiges Team engagierter Mitarbeiter, die alle eine einzigartige Perspektive darauf haben.","robots":{"index":"index","follow":"follow","max-snippet":"max-snippet:-1","max-image-preview":"max-image-preview:large","max-video-preview":"max-video-preview:-1"},"canonical":"https:\/\/mobilane.com\/de\/was-die-mitarbeiter-zu-sagen-haben\/","og_locale":"de_DE","og_type":"article","og_title":"Was die Mitarbeiter zu sagen haben | Einzigartiger Blick auf das Unternehmen","og_description":"Mobilane verf\u00fcgt \u00fcber ein vielseitiges Team engagierter Mitarbeiter, die alle eine einzigartige Perspektive darauf haben.","og_url":"https:\/\/mobilane.com\/de\/was-die-mitarbeiter-zu-sagen-haben\/","og_site_name":"Mobilane","article_modified_time":"2024-09-09T10:56:30+00:00","og_image":[{"url":"https:\/\/mobilane.com\/app\/uploads\/2024\/06\/DE-Dick-Lauwerijssen-technisch-directeur-quote-medewerkers-aan-het-woord.jpg","type":"","width":"","height":""}],"twitter_card":"summary_large_image","twitter_misc":{"Gesch\u00e4tzte Lesezeit":"3\u00a0Minuten"},"schema":{"@context":"https:\/\/schema.org","@graph":[{"@type":"WebPage","@id":"https:\/\/mobilane.com\/de\/was-die-mitarbeiter-zu-sagen-haben\/","url":"https:\/\/mobilane.com\/de\/was-die-mitarbeiter-zu-sagen-haben\/","name":"Was die Mitarbeiter zu sagen haben | Einzigartiger Blick auf das Unternehmen","isPartOf":{"@id":"https:\/\/mobilane.com\/#website"},"primaryImageOfPage":{"@id":"https:\/\/mobilane.com\/de\/was-die-mitarbeiter-zu-sagen-haben\/#primaryimage"},"image":{"@id":"https:\/\/mobilane.com\/de\/was-die-mitarbeiter-zu-sagen-haben\/#primaryimage"},"thumbnailUrl":"https:\/\/mobilane.com\/app\/uploads\/2024\/06\/DE-Dick-Lauwerijssen-technisch-directeur-quote-medewerkers-aan-het-woord.jpg","datePublished":"2024-03-19T11:14:05+00:00","dateModified":"2024-09-09T10:56:30+00:00","description":"Mobilane verf\u00fcgt \u00fcber ein vielseitiges Team engagierter Mitarbeiter, die alle eine einzigartige Perspektive darauf haben.","breadcrumb":{"@id":"https:\/\/mobilane.com\/de\/was-die-mitarbeiter-zu-sagen-haben\/#breadcrumb"},"inLanguage":"de","potentialAction":[{"@type":"ReadAction","target":["https:\/\/mobilane.com\/de\/was-die-mitarbeiter-zu-sagen-haben\/"]}]},{"@type":"ImageObject","inLanguage":"de","@id":"https:\/\/mobilane.com\/de\/was-die-mitarbeiter-zu-sagen-haben\/#primaryimage","url":"https:\/\/mobilane.com\/app\/uploads\/2024\/06\/DE-Dick-Lauwerijssen-technisch-directeur-quote-medewerkers-aan-het-woord.jpg","contentUrl":"https:\/\/mobilane.com\/app\/uploads\/2024\/06\/DE-Dick-Lauwerijssen-technisch-directeur-quote-medewerkers-aan-het-woord.jpg"},{"@type":"BreadcrumbList","@id":"https:\/\/mobilane.com\/de\/was-die-mitarbeiter-zu-sagen-haben\/#breadcrumb","itemListElement":[{"@type":"ListItem","position":1,"name":"Home","item":"https:\/\/mobilane.com\/de\/"},{"@type":"ListItem","position":2,"name":"Was die Mitarbeiter zu sagen haben"}]},{"@type":"WebSite","@id":"https:\/\/mobilane.com\/#website","url":"https:\/\/mobilane.com\/","name":"Mobilane","description":"Ready Made Green Systems","publisher":{"@id":"https:\/\/mobilane.com\/#organization"},"potentialAction":[{"@type":"SearchAction","target":{"@type":"EntryPoint","urlTemplate":"https:\/\/mobilane.com\/?s={search_term_string}"},"query-input":{"@type":"PropertyValueSpecification","valueRequired":true,"valueName":"search_term_string"}}],"inLanguage":"de"},{"@type":"Organization","@id":"https:\/\/mobilane.com\/#organization","name":"Mobilane","url":"https:\/\/mobilane.com\/","logo":{"@type":"ImageObject","inLanguage":"de","@id":"https:\/\/mobilane.com\/#\/schema\/logo\/image\/","url":"https:\/\/mobilane.com\/app\/uploads\/2019\/10\/logo-colour2x.png","contentUrl":"https:\/\/mobilane.com\/app\/uploads\/2019\/10\/logo-colour2x.png","width":1472,"height":295,"caption":"Mobilane"},"image":{"@id":"https:\/\/mobilane.com\/#\/schema\/logo\/image\/"}}]}},"_links":{"self":[{"href":"https:\/\/mobilane.com\/de\/wp-json\/wp\/v2\/pages\/64664","targetHints":{"allow":["GET"]}}],"collection":[{"href":"https:\/\/mobilane.com\/de\/wp-json\/wp\/v2\/pages"}],"about":[{"href":"https:\/\/mobilane.com\/de\/wp-json\/wp\/v2\/types\/page"}],"author":[{"embeddable":true,"href":"https:\/\/mobilane.com\/de\/wp-json\/wp\/v2\/users\/33"}],"replies":[{"embeddable":true,"href":"https:\/\/mobilane.com\/de\/wp-json\/wp\/v2\/comments?post=64664"}],"version-history":[{"count":4,"href":"https:\/\/mobilane.com\/de\/wp-json\/wp\/v2\/pages\/64664\/revisions"}],"predecessor-version":[{"id":68485,"href":"https:\/\/mobilane.com\/de\/wp-json\/wp\/v2\/pages\/64664\/revisions\/68485"}],"wp:attachment":[{"href":"https:\/\/mobilane.com\/de\/wp-json\/wp\/v2\/media?parent=64664"}],"curies":[{"name":"wp","href":"https:\/\/api.w.org\/{rel}","templated":true}]}}