{"id":54677,"date":"2023-03-30T10:26:09","date_gmt":"2023-03-30T08:26:09","guid":{"rendered":"http:\/\/mobilane.com\/?page_id=54677"},"modified":"2023-04-06T09:48:06","modified_gmt":"2023-04-06T07:48:06","slug":"dna-insect-scan","status":"publish","type":"page","link":"https:\/\/mobilane.com\/de\/dna-insect-scan\/","title":{"rendered":"DNA InsectScan f\u00fcr gr\u00fcne Fassaden"},"content":{"rendered":"<p style=\"text-align: left;\"><strong>Mobilane stellt in Zusammenarbeit mit SGS Search den DNA InsectScan f\u00fcr gr\u00fcne Fassaden vor. Dies ist eine neue und einzigartige innovative Methode, um die Wirksamkeit von <a href=\"https:\/\/mobilane.com\/de\/produkte\/mobipanel-gruene-wand\/\">gr\u00fcnen Fassaden<\/a> auf die biologische Vielfalt zu messen.<\/strong><\/p>\n<h2><span style=\"color: #000000;\"><b>Machen Sie die Artenvielfalt messbar: Einblicke in Insektenarten \u00fcber E-DNA<\/b><\/span><\/h2>\n<p style=\"text-align: left;\">Effektive \u00f6kologische Strategien k\u00f6nnen die Vielfalt der (bl\u00fchenden) Pflanzen in der Umgebung von Geb\u00e4uden erh\u00f6hen und so eine vielf\u00e4ltigere Insektenpopulation unterst\u00fctzen. Aufgrund ihrer geringen Gr\u00f6\u00dfe geh\u00f6ren Insekten jedoch zu den am schwierigsten zu entdeckenden und zu verfolgenden Gruppen, obwohl sie zahlenm\u00e4\u00dfig die am h\u00e4ufigsten vorkommende Tiergruppe auf der Erde sind. Sie spielen daher eine au\u00dferordentlich wichtige \u00f6kologische Rolle und erbringen viele entscheidende \u00d6kosystemleistungen. Die Verfolgung der verschiedenen Insektenarten in einem bestimmten Gebiet kann eine sehr effektive Methode sein, um den Erfolg von Ma\u00dfnahmen zur F\u00f6rderung der biologischen Vielfalt zu messen. Der DNA InsectScan ist ein innovatives und n\u00fctzliches Instrument zur Verfolgung \u00f6kologischer Ver\u00e4nderungen anhand der DNA-Spuren, die Insekten in ihrer Umgebung hinterlassen (Umwelt-DNA). Im Vergleich zu herk\u00f6mmlichen Erhebungen zur Artenvielfalt zeichnet sich der DNA InsectScan durch eine einfache Probenahme, eine kurze Bearbeitungszeit und eine hohe Genauigkeit bei der Identifizierung verschiedener Insektenarten aus.<\/p>\n<div class=\"embed-container\">\n            <iframe loading=\"lazy\" title=\"Machen Sie die Artenvielfalt messbar mit DNA InsectScan: Einblicke in Insektenarten \u00fcber E-DNA\" width=\"500\" height=\"281\" src=\"https:\/\/www.youtube.com\/embed\/_RqDSDoxIsQ?feature=oembed&#038;rel=0&#038;modestbranding=1\" frameborder=\"0\" allow=\"accelerometer; autoplay; clipboard-write; encrypted-media; gyroscope; picture-in-picture; web-share\" referrerpolicy=\"strict-origin-when-cross-origin\" allowfullscreen><\/iframe>        <\/div>\n","protected":false},"excerpt":{"rendered":"<p>Mobilane stellt in Zusammenarbeit mit SGS Search den DNA InsectScan f\u00fcr gr\u00fcne Fassaden vor. Dies ist eine neue und einzigartige innovative Methode, um die Wirksamkeit von gr\u00fcnen Fassaden auf die biologische Vielfalt zu messen. Machen Sie die Artenvielfalt messbar: Einblicke in Insektenarten \u00fcber E-DNA Effektive \u00f6kologische Strategien k\u00f6nnen die Vielfalt der (bl\u00fchenden) Pflanzen in der [&hellip;]<\/p>\n","protected":false},"author":14,"featured_media":52340,"parent":0,"menu_order":1,"comment_status":"closed","ping_status":"closed","template":"ct-page-oplos-subpages.php","meta":{"_acf_changed":false,"footnotes":""},"class_list":["post-54677","page","type-page","status-publish","has-post-thumbnail","hentry"],"acf":[],"yoast_head":"<!-- This site is optimized with the Yoast SEO plugin v27.4 - https:\/\/yoast.com\/product\/yoast-seo-wordpress\/ -->\n<title>DNA InsectScan f\u00fcr gr\u00fcne Fassaden | Mobilane<\/title>\n<meta name=\"description\" content=\"DNA InsectScan: Eine neue und einzigartige innovative Methode, um die Wirksamkeit von gr\u00fcnen Fassaden auf die biologische Vielfalt zu messen.\" \/>\n<meta name=\"robots\" content=\"index, follow, max-snippet:-1, max-image-preview:large, max-video-preview:-1\" \/>\n<link rel=\"canonical\" href=\"https:\/\/mobilane.com\/de\/dna-insect-scan\/\" \/>\n<meta property=\"og:locale\" content=\"de_DE\" \/>\n<meta property=\"og:type\" content=\"article\" \/>\n<meta property=\"og:title\" content=\"DNA InsectScan f\u00fcr gr\u00fcne Fassaden | Mobilane\" \/>\n<meta property=\"og:description\" content=\"DNA InsectScan: Eine neue und einzigartige innovative Methode, um die Wirksamkeit von gr\u00fcnen Fassaden auf die biologische Vielfalt zu messen.\" \/>\n<meta property=\"og:url\" content=\"https:\/\/mobilane.com\/de\/dna-insect-scan\/\" \/>\n<meta property=\"og:site_name\" content=\"Mobilane\" \/>\n<meta property=\"article:modified_time\" content=\"2023-04-06T07:48:06+00:00\" \/>\n<meta property=\"og:image\" content=\"https:\/\/mobilane.com\/app\/uploads\/2022\/12\/Mobilane-website-Header-Insectenscan.jpg\" \/>\n\t<meta property=\"og:image:width\" content=\"2000\" \/>\n\t<meta property=\"og:image:height\" content=\"600\" \/>\n\t<meta property=\"og:image:type\" content=\"image\/jpeg\" \/>\n<meta name=\"twitter:card\" content=\"summary_large_image\" \/>\n<meta name=\"twitter:label1\" content=\"Gesch\u00e4tzte Lesezeit\" \/>\n\t<meta name=\"twitter:data1\" content=\"1\u00a0Minute\" \/>\n<script type=\"application\/ld+json\" class=\"yoast-schema-graph\">{\"@context\":\"https:\\\/\\\/schema.org\",\"@graph\":[{\"@type\":\"WebPage\",\"@id\":\"https:\\\/\\\/mobilane.com\\\/de\\\/dna-insect-scan\\\/\",\"url\":\"https:\\\/\\\/mobilane.com\\\/de\\\/dna-insect-scan\\\/\",\"name\":\"DNA InsectScan f\u00fcr gr\u00fcne Fassaden | Mobilane\",\"isPartOf\":{\"@id\":\"https:\\\/\\\/mobilane.com\\\/#website\"},\"primaryImageOfPage\":{\"@id\":\"https:\\\/\\\/mobilane.com\\\/de\\\/dna-insect-scan\\\/#primaryimage\"},\"image\":{\"@id\":\"https:\\\/\\\/mobilane.com\\\/de\\\/dna-insect-scan\\\/#primaryimage\"},\"thumbnailUrl\":\"https:\\\/\\\/mobilane.com\\\/app\\\/uploads\\\/2022\\\/12\\\/Mobilane-website-Header-Insectenscan.jpg\",\"datePublished\":\"2023-03-30T08:26:09+00:00\",\"dateModified\":\"2023-04-06T07:48:06+00:00\",\"description\":\"DNA InsectScan: Eine neue und einzigartige innovative Methode, um die Wirksamkeit von gr\u00fcnen Fassaden auf die biologische Vielfalt zu messen.\",\"breadcrumb\":{\"@id\":\"https:\\\/\\\/mobilane.com\\\/de\\\/dna-insect-scan\\\/#breadcrumb\"},\"inLanguage\":\"de\",\"potentialAction\":[{\"@type\":\"ReadAction\",\"target\":[\"https:\\\/\\\/mobilane.com\\\/de\\\/dna-insect-scan\\\/\"]}]},{\"@type\":\"ImageObject\",\"inLanguage\":\"de\",\"@id\":\"https:\\\/\\\/mobilane.com\\\/de\\\/dna-insect-scan\\\/#primaryimage\",\"url\":\"https:\\\/\\\/mobilane.com\\\/app\\\/uploads\\\/2022\\\/12\\\/Mobilane-website-Header-Insectenscan.jpg\",\"contentUrl\":\"https:\\\/\\\/mobilane.com\\\/app\\\/uploads\\\/2022\\\/12\\\/Mobilane-website-Header-Insectenscan.jpg\",\"width\":2000,\"height\":600,\"caption\":\"Living Wall DNA Insect Scan\"},{\"@type\":\"BreadcrumbList\",\"@id\":\"https:\\\/\\\/mobilane.com\\\/de\\\/dna-insect-scan\\\/#breadcrumb\",\"itemListElement\":[{\"@type\":\"ListItem\",\"position\":1,\"name\":\"Home\",\"item\":\"https:\\\/\\\/mobilane.com\\\/de\\\/\"},{\"@type\":\"ListItem\",\"position\":2,\"name\":\"DNA InsectScan f\u00fcr gr\u00fcne Fassaden\"}]},{\"@type\":\"WebSite\",\"@id\":\"https:\\\/\\\/mobilane.com\\\/#website\",\"url\":\"https:\\\/\\\/mobilane.com\\\/\",\"name\":\"Mobilane\",\"description\":\"Ready Made Green Systems\",\"publisher\":{\"@id\":\"https:\\\/\\\/mobilane.com\\\/#organization\"},\"potentialAction\":[{\"@type\":\"SearchAction\",\"target\":{\"@type\":\"EntryPoint\",\"urlTemplate\":\"https:\\\/\\\/mobilane.com\\\/?s={search_term_string}\"},\"query-input\":{\"@type\":\"PropertyValueSpecification\",\"valueRequired\":true,\"valueName\":\"search_term_string\"}}],\"inLanguage\":\"de\"},{\"@type\":\"Organization\",\"@id\":\"https:\\\/\\\/mobilane.com\\\/#organization\",\"name\":\"Mobilane\",\"url\":\"https:\\\/\\\/mobilane.com\\\/\",\"logo\":{\"@type\":\"ImageObject\",\"inLanguage\":\"de\",\"@id\":\"https:\\\/\\\/mobilane.com\\\/#\\\/schema\\\/logo\\\/image\\\/\",\"url\":\"https:\\\/\\\/mobilane.com\\\/app\\\/uploads\\\/2019\\\/10\\\/logo-colour2x.png\",\"contentUrl\":\"https:\\\/\\\/mobilane.com\\\/app\\\/uploads\\\/2019\\\/10\\\/logo-colour2x.png\",\"width\":1472,\"height\":295,\"caption\":\"Mobilane\"},\"image\":{\"@id\":\"https:\\\/\\\/mobilane.com\\\/#\\\/schema\\\/logo\\\/image\\\/\"}}]}<\/script>\n<!-- \/ Yoast SEO plugin. -->","yoast_head_json":{"title":"DNA InsectScan f\u00fcr gr\u00fcne Fassaden | Mobilane","description":"DNA InsectScan: Eine neue und einzigartige innovative Methode, um die Wirksamkeit von gr\u00fcnen Fassaden auf die biologische Vielfalt zu messen.","robots":{"index":"index","follow":"follow","max-snippet":"max-snippet:-1","max-image-preview":"max-image-preview:large","max-video-preview":"max-video-preview:-1"},"canonical":"https:\/\/mobilane.com\/de\/dna-insect-scan\/","og_locale":"de_DE","og_type":"article","og_title":"DNA InsectScan f\u00fcr gr\u00fcne Fassaden | Mobilane","og_description":"DNA InsectScan: Eine neue und einzigartige innovative Methode, um die Wirksamkeit von gr\u00fcnen Fassaden auf die biologische Vielfalt zu messen.","og_url":"https:\/\/mobilane.com\/de\/dna-insect-scan\/","og_site_name":"Mobilane","article_modified_time":"2023-04-06T07:48:06+00:00","og_image":[{"width":2000,"height":600,"url":"https:\/\/mobilane.com\/app\/uploads\/2022\/12\/Mobilane-website-Header-Insectenscan.jpg","type":"image\/jpeg"}],"twitter_card":"summary_large_image","twitter_misc":{"Gesch\u00e4tzte Lesezeit":"1\u00a0Minute"},"schema":{"@context":"https:\/\/schema.org","@graph":[{"@type":"WebPage","@id":"https:\/\/mobilane.com\/de\/dna-insect-scan\/","url":"https:\/\/mobilane.com\/de\/dna-insect-scan\/","name":"DNA InsectScan f\u00fcr gr\u00fcne Fassaden | Mobilane","isPartOf":{"@id":"https:\/\/mobilane.com\/#website"},"primaryImageOfPage":{"@id":"https:\/\/mobilane.com\/de\/dna-insect-scan\/#primaryimage"},"image":{"@id":"https:\/\/mobilane.com\/de\/dna-insect-scan\/#primaryimage"},"thumbnailUrl":"https:\/\/mobilane.com\/app\/uploads\/2022\/12\/Mobilane-website-Header-Insectenscan.jpg","datePublished":"2023-03-30T08:26:09+00:00","dateModified":"2023-04-06T07:48:06+00:00","description":"DNA InsectScan: Eine neue und einzigartige innovative Methode, um die Wirksamkeit von gr\u00fcnen Fassaden auf die biologische Vielfalt zu messen.","breadcrumb":{"@id":"https:\/\/mobilane.com\/de\/dna-insect-scan\/#breadcrumb"},"inLanguage":"de","potentialAction":[{"@type":"ReadAction","target":["https:\/\/mobilane.com\/de\/dna-insect-scan\/"]}]},{"@type":"ImageObject","inLanguage":"de","@id":"https:\/\/mobilane.com\/de\/dna-insect-scan\/#primaryimage","url":"https:\/\/mobilane.com\/app\/uploads\/2022\/12\/Mobilane-website-Header-Insectenscan.jpg","contentUrl":"https:\/\/mobilane.com\/app\/uploads\/2022\/12\/Mobilane-website-Header-Insectenscan.jpg","width":2000,"height":600,"caption":"Living Wall DNA Insect Scan"},{"@type":"BreadcrumbList","@id":"https:\/\/mobilane.com\/de\/dna-insect-scan\/#breadcrumb","itemListElement":[{"@type":"ListItem","position":1,"name":"Home","item":"https:\/\/mobilane.com\/de\/"},{"@type":"ListItem","position":2,"name":"DNA InsectScan f\u00fcr gr\u00fcne Fassaden"}]},{"@type":"WebSite","@id":"https:\/\/mobilane.com\/#website","url":"https:\/\/mobilane.com\/","name":"Mobilane","description":"Ready Made Green Systems","publisher":{"@id":"https:\/\/mobilane.com\/#organization"},"potentialAction":[{"@type":"SearchAction","target":{"@type":"EntryPoint","urlTemplate":"https:\/\/mobilane.com\/?s={search_term_string}"},"query-input":{"@type":"PropertyValueSpecification","valueRequired":true,"valueName":"search_term_string"}}],"inLanguage":"de"},{"@type":"Organization","@id":"https:\/\/mobilane.com\/#organization","name":"Mobilane","url":"https:\/\/mobilane.com\/","logo":{"@type":"ImageObject","inLanguage":"de","@id":"https:\/\/mobilane.com\/#\/schema\/logo\/image\/","url":"https:\/\/mobilane.com\/app\/uploads\/2019\/10\/logo-colour2x.png","contentUrl":"https:\/\/mobilane.com\/app\/uploads\/2019\/10\/logo-colour2x.png","width":1472,"height":295,"caption":"Mobilane"},"image":{"@id":"https:\/\/mobilane.com\/#\/schema\/logo\/image\/"}}]}},"_links":{"self":[{"href":"https:\/\/mobilane.com\/de\/wp-json\/wp\/v2\/pages\/54677","targetHints":{"allow":["GET"]}}],"collection":[{"href":"https:\/\/mobilane.com\/de\/wp-json\/wp\/v2\/pages"}],"about":[{"href":"https:\/\/mobilane.com\/de\/wp-json\/wp\/v2\/types\/page"}],"author":[{"embeddable":true,"href":"https:\/\/mobilane.com\/de\/wp-json\/wp\/v2\/users\/14"}],"replies":[{"embeddable":true,"href":"https:\/\/mobilane.com\/de\/wp-json\/wp\/v2\/comments?post=54677"}],"version-history":[{"count":5,"href":"https:\/\/mobilane.com\/de\/wp-json\/wp\/v2\/pages\/54677\/revisions"}],"predecessor-version":[{"id":54766,"href":"https:\/\/mobilane.com\/de\/wp-json\/wp\/v2\/pages\/54677\/revisions\/54766"}],"wp:featuredmedia":[{"embeddable":true,"href":"https:\/\/mobilane.com\/de\/wp-json\/wp\/v2\/media\/52340"}],"wp:attachment":[{"href":"https:\/\/mobilane.com\/de\/wp-json\/wp\/v2\/media?parent=54677"}],"curies":[{"name":"wp","href":"https:\/\/api.w.org\/{rel}","templated":true}]}}