{"id":43840,"date":"2021-03-15T13:37:52","date_gmt":"2021-03-15T12:37:52","guid":{"rendered":"http:\/\/mobilane.com\/?page_id=43840"},"modified":"2022-01-14T16:52:34","modified_gmt":"2022-01-14T15:52:34","slug":"whitepaper","status":"publish","type":"page","link":"https:\/\/mobilane.com\/de\/whitepaper\/","title":{"rendered":"Erweitern Sie Ihr Wissen \u00fcber Gr\u00fcn mit dem Mobilane White Paper"},"content":{"rendered":"<div class=\"whitepaper_page\">\n<div class=\"col-md-6\">\n<h2>Wissenswertes \u00fcber vertikales Gr\u00fcn mit dem Mobilane White Paper<\/h2>\n<p>In diesem White Paper erfahren Sie mehr \u00fcber den Mehrwert der vertikalen Begr\u00fcnung, mit Beispielen realisierter Projekte und Anwendungen. Die Informationen beruhen auf wissenschaftlichen Untersuchungen und praktischen Erfahrungen. Lassen Sie sich vom vertikalen Gr\u00fcn inspirieren!<\/p>\n<p><img loading=\"lazy\" decoding=\"async\" class=\"alignnone wp-image-43856 \" src=\"http:\/\/mobilane.com\/app\/uploads\/2022\/01\/Mobilane-Whitepaper-Mockup-German-300x221.jpg\" alt=\"\" width=\"806\" height=\"594\" srcset=\"https:\/\/mobilane.com\/app\/uploads\/2022\/01\/Mobilane-Whitepaper-Mockup-German-300x221.jpg 300w, https:\/\/mobilane.com\/app\/uploads\/2022\/01\/Mobilane-Whitepaper-Mockup-German-768x566.jpg 768w, https:\/\/mobilane.com\/app\/uploads\/2022\/01\/Mobilane-Whitepaper-Mockup-German-305x225.jpg 305w, https:\/\/mobilane.com\/app\/uploads\/2022\/01\/Mobilane-Whitepaper-Mockup-German-470x346.jpg 470w, https:\/\/mobilane.com\/app\/uploads\/2022\/01\/Mobilane-Whitepaper-Mockup-German-68x50.jpg 68w, https:\/\/mobilane.com\/app\/uploads\/2022\/01\/Mobilane-Whitepaper-Mockup-German.jpg 1024w\" sizes=\"auto, (max-width: 806px) 100vw, 806px\" \/><\/p>\n<\/div>\n<div class=\"col-md-6\">\n<div class=\"contact_form ala-form\"><script type=\"text\/javascript\">\n\/* <![CDATA[ *\/\nvar gform;gform||(document.addEventListener(\"gform_main_scripts_loaded\",function(){gform.scriptsLoaded=!0}),document.addEventListener(\"gform\/theme\/scripts_loaded\",function(){gform.themeScriptsLoaded=!0}),window.addEventListener(\"DOMContentLoaded\",function(){gform.domLoaded=!0}),gform={domLoaded:!1,scriptsLoaded:!1,themeScriptsLoaded:!1,isFormEditor:()=>\"function\"==typeof InitializeEditor,callIfLoaded:function(o){return!(!gform.domLoaded||!gform.scriptsLoaded||!gform.themeScriptsLoaded&&!gform.isFormEditor()||(gform.isFormEditor()&&console.warn(\"The use of gform.initializeOnLoaded() is deprecated in the form editor context and will be removed in Gravity Forms 3.1.\"),o(),0))},initializeOnLoaded:function(o){gform.callIfLoaded(o)||(document.addEventListener(\"gform_main_scripts_loaded\",()=>{gform.scriptsLoaded=!0,gform.callIfLoaded(o)}),document.addEventListener(\"gform\/theme\/scripts_loaded\",()=>{gform.themeScriptsLoaded=!0,gform.callIfLoaded(o)}),window.addEventListener(\"DOMContentLoaded\",()=>{gform.domLoaded=!0,gform.callIfLoaded(o)}))},hooks:{action:{},filter:{}},addAction:function(o,r,e,t){gform.addHook(\"action\",o,r,e,t)},addFilter:function(o,r,e,t){gform.addHook(\"filter\",o,r,e,t)},doAction:function(o){gform.doHook(\"action\",o,arguments)},applyFilters:function(o){return gform.doHook(\"filter\",o,arguments)},removeAction:function(o,r){gform.removeHook(\"action\",o,r)},removeFilter:function(o,r,e){gform.removeHook(\"filter\",o,r,e)},addHook:function(o,r,e,t,n){null==gform.hooks[o][r]&&(gform.hooks[o][r]=[]);var d=gform.hooks[o][r];null==n&&(n=r+\"_\"+d.length),gform.hooks[o][r].push({tag:n,callable:e,priority:t=null==t?10:t})},doHook:function(r,o,e){var t;if(e=Array.prototype.slice.call(e,1),null!=gform.hooks[r][o]&&((o=gform.hooks[r][o]).sort(function(o,r){return o.priority-r.priority}),o.forEach(function(o){\"function\"!=typeof(t=o.callable)&&(t=window[t]),\"action\"==r?t.apply(null,e):e[0]=t.apply(null,e)})),\"filter\"==r)return e[0]},removeHook:function(o,r,t,n){var e;null!=gform.hooks[o][r]&&(e=(e=gform.hooks[o][r]).filter(function(o,r,e){return!!(null!=n&&n!=o.tag||null!=t&&t!=o.priority)}),gform.hooks[o][r]=e)}});\n\/* ]]> *\/\n<\/script>\n\n                <div class='gf_browser_gecko gform_wrapper gform_legacy_markup_wrapper gform-theme--no-framework' data-form-theme='legacy' data-form-index='0' id='gform_wrapper_56' ><div id='gf_56' class='gform_anchor' tabindex='-1'><\/div>\n                        <div class='gform_heading'>\n                            <h2 class=\"gform_title\">Tragen Sie unten Ihre Daten ein und laden Sie das White Paper herunter.<\/h2>\n                            <p class='gform_description'><\/p>\n                        <\/div><form method='post' enctype='multipart\/form-data'  id='gform_56'  action='\/de\/wp-json\/wp\/v2\/pages\/43840#gf_56' data-formid='56' novalidate autocomplete=\"off\"><div class='gf_invisible ginput_recaptchav3' data-sitekey='6LdXliAhAAAAACSajS-Nz6xiVMIv1o5z8EId060T' data-tabindex='1000'><input id=\"input_ddd40cc57f5f312dbe4fd90d87297c00\" class=\"gfield_recaptcha_response\" type=\"hidden\" name=\"input_ddd40cc57f5f312dbe4fd90d87297c00\" value=\"\"\/><\/div>\n                        <div class='gform-body gform_body'><ul id='gform_fields_56' class='gform_fields top_label form_sublabel_below description_below validation_below'><li id=\"field_56_3\" class=\"gfield gfield--type-post_custom_field gfield--input-type-text half-ala gfield_contains_required field_sublabel_below gfield--no-description field_description_below field_validation_below gfield_visibility_visible\"  ><label class='gfield_label gform-field-label screen-reader-text' for='input_56_3'>Name<span class=\"gfield_required\"><span class=\"gfield_required gfield_required_text\">(erforderlich)<\/span><\/span><\/label><div class='ginput_container ginput_container_text'><input autocomplete=\"off\"  name='input_3' id='input_56_3' type='text' value='' class='medium'   tabindex='1001' placeholder='Name' aria-required=\"true\" aria-invalid=\"false\"   \/><\/div><\/li><li id=\"field_56_6\" class=\"gfield gfield--type-email half-ala gfield_contains_required field_sublabel_below gfield--no-description field_description_below field_validation_below gfield_visibility_visible\"  ><label class='gfield_label gform-field-label screen-reader-text' for='input_56_6'>E-Mail Adresse<span class=\"gfield_required\"><span class=\"gfield_required gfield_required_text\">(erforderlich)<\/span><\/span><\/label><div class='ginput_container ginput_container_email'>\n                            <input autocomplete=\"off\"  name='input_6' id='input_56_6' type='email' value='' class='medium' tabindex='1002'  placeholder='E-Mail Adresse' aria-required=\"true\" aria-invalid=\"false\"  \/>\n                        <\/div><\/li><li id=\"field_56_10\" class=\"gfield gfield--type-text gfield_contains_required field_sublabel_below gfield--no-description field_description_below field_validation_below gfield_visibility_visible\"  ><label class='gfield_label gform-field-label screen-reader-text' for='input_56_10'>Firma<span class=\"gfield_required\"><span class=\"gfield_required gfield_required_text\">(erforderlich)<\/span><\/span><\/label><div class='ginput_container ginput_container_text'><input autocomplete=\"off\"  name='input_10' id='input_56_10' type='text' value='' class='medium'   tabindex='1003' placeholder='Firma' aria-required=\"true\" aria-invalid=\"false\"   \/><\/div><\/li><li id=\"field_56_7\" class=\"gfield gfield--type-phone half-ala gfield_contains_required field_sublabel_below gfield--no-description field_description_below field_validation_below gfield_visibility_visible\"  ><label class='gfield_label gform-field-label screen-reader-text' for='input_56_7'>Telefonnummer<span class=\"gfield_required\"><span class=\"gfield_required gfield_required_text\">(erforderlich)<\/span><\/span><\/label><div class='ginput_container ginput_container_phone'><input autocomplete=\"off\"  name='input_7' id='input_56_7' type='tel' value='' class='medium' tabindex='1004' placeholder='Telefonnummer' aria-required=\"true\" aria-invalid=\"false\"   \/><\/div><\/li><li id=\"field_56_8\" class=\"gfield gfield--type-captcha field_sublabel_below gfield--no-description field_description_below field_validation_below gfield_visibility_visible\"  ><label class='gfield_label gform-field-label screen-reader-text' for='input_56_8'><\/label><div class='gfield_captcha_container'><img class='gfield_captcha' src='https:\/\/mobilane.com\/index.php?gf-download=1099016151.png&#038;form-id=captcha&#038;field-id=8&#038;hash=87a9db7fb490d1e5bcad8e7791defa84ac17d633e8f5f5c93c6c701e32dc53a5' alt='' width='150' height='42' \/><div class='gfield_captcha_input_container simple_captcha_medium'><input autocomplete=\"off\"  type='text' autocomplete='off' name='input_8' id='input_56_8' tabindex='1005'\/><input autocomplete=\"off\"  type='hidden' name='input_captcha_prefix_8' value='1099016151' \/><\/div><\/div><\/li><li id=\"field_56_9\" class=\"gfield gfield--type-consent gfield--type-choice gfield--input-type-consent ala-contact gfield_contains_required field_sublabel_below gfield--no-description field_description_below field_validation_below gfield_visibility_visible\"  ><label class='gfield_label gform-field-label screen-reader-text gfield_label_before_complex' ><span class=\"gfield_required\"><span class=\"gfield_required gfield_required_text\">(erforderlich)<\/span><\/span><\/label><div class='ginput_container ginput_container_consent'><input autocomplete=\"off\"  name='input_9.1' id='input_56_9_1' type='checkbox' value='1' tabindex='1006'  aria-required=\"true\" aria-invalid=\"false\"   \/> <label class=\"gform-field-label gform-field-label--type-inline gfield_consent_label\" for='input_56_9_1' >Ich stimme der  <a href=\"\/de\/datenschutz\/\" >Datenschutzerkl\u00e4rung<\/a> zu<\/label><input autocomplete=\"off\"  type='hidden' name='input_9.2' value='Ich stimme der  &lt;a href=&quot;\/de\/datenschutz\/&quot; &gt;Datenschutzerkl\u00e4rung&lt;\/a&gt; zu' class='gform_hidden' \/><input autocomplete=\"off\"  type='hidden' name='input_9.3' value='47' class='gform_hidden' \/><\/div><\/li><\/ul><\/div>\n        <div class='gform-footer gform_footer top_label'> <input type='submit' id='gform_submit_button_56' class='gform_button button' onclick='gform.submission.handleButtonClick(this);' data-submission-type='submit' value='Senden' tabindex='1007' \/> \n            <input type='hidden' class='gform_hidden' name='gform_submission_method' data-js='gform_submission_method_56' value='postback' \/>\n            <input type='hidden' class='gform_hidden' name='gform_theme' data-js='gform_theme_56' id='gform_theme_56' value='legacy' \/>\n            <input type='hidden' class='gform_hidden' name='gform_style_settings' data-js='gform_style_settings_56' id='gform_style_settings_56' value='[]' \/>\n            <input type='hidden' class='gform_hidden' name='is_submit_56' value='1' \/>\n            <input type='hidden' class='gform_hidden' name='gform_submit' value='56' \/>\n            \n            <input type='hidden' class='gform_hidden' name='gform_currency' data-currency='EUR' value='XByagS9CCCw71ph4KAj\/jvVixq9tC4e9yhFNlLdnl6AtWzzB0i64DtjBFwWlU3zLIboRy6ydRFtgz9nPp99x\/plnGukbkHlTKpi+K\/OhrtiYqjM=' \/>\n            <input type='hidden' class='gform_hidden' name='gform_unique_id' value='' \/>\n            <input type='hidden' class='gform_hidden' name='state_56' value='WyJ7XCI5LjFcIjpcIjZkYTg1MDUxZWU1Mzg0ODBmNTE5Yjc0N2YwOWNmMjNjXCIsXCI5LjJcIjpcIjQzMjIxZTJhZGU2Y2E2MTFhN2VkNjJjNmUwNDA2MjgwXCIsXCI5LjNcIjpcImZhZTYyODk2MGY3M2NjYmJjMmIwY2IxZTE3OGIxMGYzXCJ9IiwiZTk4NDVlZjI5MDVjOTRhZDEwMDJlMjk0YTNlNTIwZDgiXQ==' \/>\n            <input type='hidden' autocomplete='off' class='gform_hidden' name='gform_target_page_number_56' id='gform_target_page_number_56' value='0' \/>\n            <input type='hidden' autocomplete='off' class='gform_hidden' name='gform_source_page_number_56' id='gform_source_page_number_56' value='1' \/>\n            <input type='hidden' name='gform_field_values' value='' \/>\n            \n        <\/div>\n                        <\/form>\n                        <\/div><script type=\"text\/javascript\">\n\/* <![CDATA[ *\/\n gform.initializeOnLoaded( function() {gformInitSpinner( 56, 'https:\/\/mobilane.kinsta.cloud\/app\/plugins\/gravityforms\/images\/spinner.svg', true );jQuery('#gform_ajax_frame_56').on('load',function(){var contents = jQuery(this).contents().find('*').html();var is_postback = contents.indexOf('GF_AJAX_POSTBACK') >= 0;if(!is_postback){return;}var form_content = jQuery(this).contents().find('#gform_wrapper_56');var is_confirmation = jQuery(this).contents().find('#gform_confirmation_wrapper_56').length > 0;var is_redirect = contents.indexOf('gformRedirect(){') >= 0;var is_form = form_content.length > 0 && ! is_redirect && ! is_confirmation;var mt = parseInt(jQuery('html').css('margin-top'), 10) + parseInt(jQuery('body').css('margin-top'), 10) + 100;if(is_form){jQuery('#gform_wrapper_56').html(form_content.html());if(form_content.hasClass('gform_validation_error')){jQuery('#gform_wrapper_56').addClass('gform_validation_error');} else {jQuery('#gform_wrapper_56').removeClass('gform_validation_error');}setTimeout( function() { \/* delay the scroll by 50 milliseconds to fix a bug in chrome *\/ jQuery(document).scrollTop(jQuery('#gform_wrapper_56').offset().top - mt); }, 50 );if(window['gformInitDatepicker']) {gformInitDatepicker();}if(window['gformInitPriceFields']) {gformInitPriceFields();}var current_page = jQuery('#gform_source_page_number_56').val();gformInitSpinner( 56, 'https:\/\/mobilane.kinsta.cloud\/app\/plugins\/gravityforms\/images\/spinner.svg', true );jQuery(document).trigger('gform_page_loaded', [56, current_page]);window['gf_submitting_56'] = false;}else if(!is_redirect){var confirmation_content = jQuery(this).contents().find('.GF_AJAX_POSTBACK').html();if(!confirmation_content){confirmation_content = contents;}jQuery('#gform_wrapper_56').replaceWith(confirmation_content);jQuery(document).scrollTop(jQuery('#gf_56').offset().top - mt);jQuery(document).trigger('gform_confirmation_loaded', [56]);window['gf_submitting_56'] = false;wp.a11y.speak(jQuery('#gform_confirmation_message_56').text());}else{jQuery('#gform_56').append(contents);if(window['gformRedirect']) {gformRedirect();}}jQuery(document).trigger(\"gform_pre_post_render\", [{ formId: \"56\", currentPage: \"current_page\", abort: function() { this.preventDefault(); } }]);        if (event && event.defaultPrevented) {                return;        }        const gformWrapperDiv = document.getElementById( \"gform_wrapper_56\" );        if ( gformWrapperDiv ) {            const visibilitySpan = document.createElement( \"span\" );            visibilitySpan.id = \"gform_visibility_test_56\";            gformWrapperDiv.insertAdjacentElement( \"afterend\", visibilitySpan );        }        const visibilityTestDiv = document.getElementById( \"gform_visibility_test_56\" );        let postRenderFired = false;        function triggerPostRender() {            if ( postRenderFired ) {                return;            }            postRenderFired = true;            gform.core.triggerPostRenderEvents( 56, current_page );            if ( visibilityTestDiv ) {                visibilityTestDiv.parentNode.removeChild( visibilityTestDiv );            }        }        function debounce( func, wait, immediate ) {            var timeout;            return function() {                var context = this, args = arguments;                var later = function() {                    timeout = null;                    if ( !immediate ) func.apply( context, args );                };                var callNow = immediate && !timeout;                clearTimeout( timeout );                timeout = setTimeout( later, wait );                if ( callNow ) func.apply( context, args );            };        }        const debouncedTriggerPostRender = debounce( function() {            triggerPostRender();        }, 200 );        if ( visibilityTestDiv && visibilityTestDiv.offsetParent === null ) {            const observer = new MutationObserver( ( mutations ) => {                mutations.forEach( ( mutation ) => {                    if ( mutation.type === 'attributes' && visibilityTestDiv.offsetParent !== null ) {                        debouncedTriggerPostRender();                        observer.disconnect();                    }                });            });            observer.observe( document.body, {                attributes: true,                childList: false,                subtree: true,                attributeFilter: [ 'style', 'class' ],            });        } else {            triggerPostRender();        }    } );} ); \n\/* ]]> *\/\n<\/script>\n<\/div>\n<\/div>\n<\/div>\n","protected":false},"excerpt":{"rendered":"<p>Wissenswertes \u00fcber vertikales Gr\u00fcn mit dem Mobilane White Paper In diesem White Paper erfahren Sie mehr \u00fcber den Mehrwert der vertikalen Begr\u00fcnung, mit Beispielen realisierter Projekte und Anwendungen. Die Informationen beruhen auf wissenschaftlichen Untersuchungen und praktischen Erfahrungen. Lassen Sie sich vom vertikalen Gr\u00fcn inspirieren!<\/p>\n","protected":false},"author":16,"featured_media":0,"parent":0,"menu_order":0,"comment_status":"closed","ping_status":"closed","template":"ct-page-projectadvise.php","meta":{"_acf_changed":false,"footnotes":""},"class_list":["post-43840","page","type-page","status-publish","hentry"],"acf":[],"yoast_head":"<!-- This site is optimized with the Yoast SEO plugin v27.3 - https:\/\/yoast.com\/product\/yoast-seo-wordpress\/ -->\n<title>Erweitern Sie Ihr Wissen \u00fcber Gr\u00fcn mit dem Mobilane White Paper - Mobilane<\/title>\n<meta name=\"description\" content=\"In het Mobilane whitepaper leest u meer over de meerwaarden van verticaal groen. Laat verticaal groen u inspireren!\" \/>\n<meta name=\"robots\" content=\"index, follow, max-snippet:-1, max-image-preview:large, max-video-preview:-1\" \/>\n<link rel=\"canonical\" href=\"https:\/\/mobilane.com\/de\/whitepaper\/\" \/>\n<meta property=\"og:locale\" content=\"de_DE\" \/>\n<meta property=\"og:type\" content=\"article\" \/>\n<meta property=\"og:title\" content=\"Erweitern Sie Ihr Wissen \u00fcber Gr\u00fcn mit dem Mobilane White Paper - Mobilane\" \/>\n<meta property=\"og:description\" content=\"In het Mobilane whitepaper leest u meer over de meerwaarden van verticaal groen. Laat verticaal groen u inspireren!\" \/>\n<meta property=\"og:url\" content=\"https:\/\/mobilane.com\/de\/whitepaper\/\" \/>\n<meta property=\"og:site_name\" content=\"Mobilane\" \/>\n<meta property=\"article:modified_time\" content=\"2022-01-14T15:52:34+00:00\" \/>\n<meta property=\"og:image\" content=\"http:\/\/mobilane.com\/app\/uploads\/2022\/01\/Mobilane-Whitepaper-Mockup-German-300x221.jpg\" \/>\n<meta name=\"twitter:card\" content=\"summary_large_image\" \/>\n<meta name=\"twitter:label1\" content=\"Gesch\u00e4tzte Lesezeit\" \/>\n\t<meta name=\"twitter:data1\" content=\"1\u00a0Minute\" \/>\n<script type=\"application\/ld+json\" class=\"yoast-schema-graph\">{\"@context\":\"https:\\\/\\\/schema.org\",\"@graph\":[{\"@type\":\"WebPage\",\"@id\":\"https:\\\/\\\/mobilane.com\\\/de\\\/whitepaper\\\/\",\"url\":\"https:\\\/\\\/mobilane.com\\\/de\\\/whitepaper\\\/\",\"name\":\"Erweitern Sie Ihr Wissen \u00fcber Gr\u00fcn mit dem Mobilane White Paper - Mobilane\",\"isPartOf\":{\"@id\":\"https:\\\/\\\/mobilane.com\\\/#website\"},\"primaryImageOfPage\":{\"@id\":\"https:\\\/\\\/mobilane.com\\\/de\\\/whitepaper\\\/#primaryimage\"},\"image\":{\"@id\":\"https:\\\/\\\/mobilane.com\\\/de\\\/whitepaper\\\/#primaryimage\"},\"thumbnailUrl\":\"http:\\\/\\\/mobilane.com\\\/app\\\/uploads\\\/2022\\\/01\\\/Mobilane-Whitepaper-Mockup-German-300x221.jpg\",\"datePublished\":\"2021-03-15T12:37:52+00:00\",\"dateModified\":\"2022-01-14T15:52:34+00:00\",\"description\":\"In het Mobilane whitepaper leest u meer over de meerwaarden van verticaal groen. Laat verticaal groen u inspireren!\",\"breadcrumb\":{\"@id\":\"https:\\\/\\\/mobilane.com\\\/de\\\/whitepaper\\\/#breadcrumb\"},\"inLanguage\":\"de\",\"potentialAction\":[{\"@type\":\"ReadAction\",\"target\":[\"https:\\\/\\\/mobilane.com\\\/de\\\/whitepaper\\\/\"]}]},{\"@type\":\"ImageObject\",\"inLanguage\":\"de\",\"@id\":\"https:\\\/\\\/mobilane.com\\\/de\\\/whitepaper\\\/#primaryimage\",\"url\":\"http:\\\/\\\/mobilane.com\\\/app\\\/uploads\\\/2022\\\/01\\\/Mobilane-Whitepaper-Mockup-German-300x221.jpg\",\"contentUrl\":\"http:\\\/\\\/mobilane.com\\\/app\\\/uploads\\\/2022\\\/01\\\/Mobilane-Whitepaper-Mockup-German-300x221.jpg\"},{\"@type\":\"BreadcrumbList\",\"@id\":\"https:\\\/\\\/mobilane.com\\\/de\\\/whitepaper\\\/#breadcrumb\",\"itemListElement\":[{\"@type\":\"ListItem\",\"position\":1,\"name\":\"Home\",\"item\":\"https:\\\/\\\/mobilane.com\\\/de\\\/\"},{\"@type\":\"ListItem\",\"position\":2,\"name\":\"Erweitern Sie Ihr Wissen \u00fcber Gr\u00fcn mit dem Mobilane White Paper\"}]},{\"@type\":\"WebSite\",\"@id\":\"https:\\\/\\\/mobilane.com\\\/#website\",\"url\":\"https:\\\/\\\/mobilane.com\\\/\",\"name\":\"Mobilane\",\"description\":\"Ready Made Green Systems\",\"publisher\":{\"@id\":\"https:\\\/\\\/mobilane.com\\\/#organization\"},\"potentialAction\":[{\"@type\":\"SearchAction\",\"target\":{\"@type\":\"EntryPoint\",\"urlTemplate\":\"https:\\\/\\\/mobilane.com\\\/?s={search_term_string}\"},\"query-input\":{\"@type\":\"PropertyValueSpecification\",\"valueRequired\":true,\"valueName\":\"search_term_string\"}}],\"inLanguage\":\"de\"},{\"@type\":\"Organization\",\"@id\":\"https:\\\/\\\/mobilane.com\\\/#organization\",\"name\":\"Mobilane\",\"url\":\"https:\\\/\\\/mobilane.com\\\/\",\"logo\":{\"@type\":\"ImageObject\",\"inLanguage\":\"de\",\"@id\":\"https:\\\/\\\/mobilane.com\\\/#\\\/schema\\\/logo\\\/image\\\/\",\"url\":\"https:\\\/\\\/mobilane.com\\\/app\\\/uploads\\\/2019\\\/10\\\/logo-colour2x.png\",\"contentUrl\":\"https:\\\/\\\/mobilane.com\\\/app\\\/uploads\\\/2019\\\/10\\\/logo-colour2x.png\",\"width\":1472,\"height\":295,\"caption\":\"Mobilane\"},\"image\":{\"@id\":\"https:\\\/\\\/mobilane.com\\\/#\\\/schema\\\/logo\\\/image\\\/\"}}]}<\/script>\n<!-- \/ Yoast SEO plugin. -->","yoast_head_json":{"title":"Erweitern Sie Ihr Wissen \u00fcber Gr\u00fcn mit dem Mobilane White Paper - Mobilane","description":"In het Mobilane whitepaper leest u meer over de meerwaarden van verticaal groen. Laat verticaal groen u inspireren!","robots":{"index":"index","follow":"follow","max-snippet":"max-snippet:-1","max-image-preview":"max-image-preview:large","max-video-preview":"max-video-preview:-1"},"canonical":"https:\/\/mobilane.com\/de\/whitepaper\/","og_locale":"de_DE","og_type":"article","og_title":"Erweitern Sie Ihr Wissen \u00fcber Gr\u00fcn mit dem Mobilane White Paper - Mobilane","og_description":"In het Mobilane whitepaper leest u meer over de meerwaarden van verticaal groen. Laat verticaal groen u inspireren!","og_url":"https:\/\/mobilane.com\/de\/whitepaper\/","og_site_name":"Mobilane","article_modified_time":"2022-01-14T15:52:34+00:00","og_image":[{"url":"http:\/\/mobilane.com\/app\/uploads\/2022\/01\/Mobilane-Whitepaper-Mockup-German-300x221.jpg","type":"","width":"","height":""}],"twitter_card":"summary_large_image","twitter_misc":{"Gesch\u00e4tzte Lesezeit":"1\u00a0Minute"},"schema":{"@context":"https:\/\/schema.org","@graph":[{"@type":"WebPage","@id":"https:\/\/mobilane.com\/de\/whitepaper\/","url":"https:\/\/mobilane.com\/de\/whitepaper\/","name":"Erweitern Sie Ihr Wissen \u00fcber Gr\u00fcn mit dem Mobilane White Paper - Mobilane","isPartOf":{"@id":"https:\/\/mobilane.com\/#website"},"primaryImageOfPage":{"@id":"https:\/\/mobilane.com\/de\/whitepaper\/#primaryimage"},"image":{"@id":"https:\/\/mobilane.com\/de\/whitepaper\/#primaryimage"},"thumbnailUrl":"http:\/\/mobilane.com\/app\/uploads\/2022\/01\/Mobilane-Whitepaper-Mockup-German-300x221.jpg","datePublished":"2021-03-15T12:37:52+00:00","dateModified":"2022-01-14T15:52:34+00:00","description":"In het Mobilane whitepaper leest u meer over de meerwaarden van verticaal groen. Laat verticaal groen u inspireren!","breadcrumb":{"@id":"https:\/\/mobilane.com\/de\/whitepaper\/#breadcrumb"},"inLanguage":"de","potentialAction":[{"@type":"ReadAction","target":["https:\/\/mobilane.com\/de\/whitepaper\/"]}]},{"@type":"ImageObject","inLanguage":"de","@id":"https:\/\/mobilane.com\/de\/whitepaper\/#primaryimage","url":"http:\/\/mobilane.com\/app\/uploads\/2022\/01\/Mobilane-Whitepaper-Mockup-German-300x221.jpg","contentUrl":"http:\/\/mobilane.com\/app\/uploads\/2022\/01\/Mobilane-Whitepaper-Mockup-German-300x221.jpg"},{"@type":"BreadcrumbList","@id":"https:\/\/mobilane.com\/de\/whitepaper\/#breadcrumb","itemListElement":[{"@type":"ListItem","position":1,"name":"Home","item":"https:\/\/mobilane.com\/de\/"},{"@type":"ListItem","position":2,"name":"Erweitern Sie Ihr Wissen \u00fcber Gr\u00fcn mit dem Mobilane White Paper"}]},{"@type":"WebSite","@id":"https:\/\/mobilane.com\/#website","url":"https:\/\/mobilane.com\/","name":"Mobilane","description":"Ready Made Green Systems","publisher":{"@id":"https:\/\/mobilane.com\/#organization"},"potentialAction":[{"@type":"SearchAction","target":{"@type":"EntryPoint","urlTemplate":"https:\/\/mobilane.com\/?s={search_term_string}"},"query-input":{"@type":"PropertyValueSpecification","valueRequired":true,"valueName":"search_term_string"}}],"inLanguage":"de"},{"@type":"Organization","@id":"https:\/\/mobilane.com\/#organization","name":"Mobilane","url":"https:\/\/mobilane.com\/","logo":{"@type":"ImageObject","inLanguage":"de","@id":"https:\/\/mobilane.com\/#\/schema\/logo\/image\/","url":"https:\/\/mobilane.com\/app\/uploads\/2019\/10\/logo-colour2x.png","contentUrl":"https:\/\/mobilane.com\/app\/uploads\/2019\/10\/logo-colour2x.png","width":1472,"height":295,"caption":"Mobilane"},"image":{"@id":"https:\/\/mobilane.com\/#\/schema\/logo\/image\/"}}]}},"_links":{"self":[{"href":"https:\/\/mobilane.com\/de\/wp-json\/wp\/v2\/pages\/43840","targetHints":{"allow":["GET"]}}],"collection":[{"href":"https:\/\/mobilane.com\/de\/wp-json\/wp\/v2\/pages"}],"about":[{"href":"https:\/\/mobilane.com\/de\/wp-json\/wp\/v2\/types\/page"}],"author":[{"embeddable":true,"href":"https:\/\/mobilane.com\/de\/wp-json\/wp\/v2\/users\/16"}],"replies":[{"embeddable":true,"href":"https:\/\/mobilane.com\/de\/wp-json\/wp\/v2\/comments?post=43840"}],"version-history":[{"count":2,"href":"https:\/\/mobilane.com\/de\/wp-json\/wp\/v2\/pages\/43840\/revisions"}],"predecessor-version":[{"id":43868,"href":"https:\/\/mobilane.com\/de\/wp-json\/wp\/v2\/pages\/43840\/revisions\/43868"}],"wp:attachment":[{"href":"https:\/\/mobilane.com\/de\/wp-json\/wp\/v2\/media?parent=43840"}],"curies":[{"name":"wp","href":"https:\/\/api.w.org\/{rel}","templated":true}]}}