{"id":43305,"date":"2020-06-11T19:32:31","date_gmt":"2020-06-11T17:32:31","guid":{"rendered":"http:\/\/mobilane.com\/groen-dak\/"},"modified":"2021-12-21T11:55:18","modified_gmt":"2021-12-21T10:55:18","slug":"dachbegruenung","status":"publish","type":"page","link":"https:\/\/mobilane.com\/de\/dachbegruenung\/","title":{"rendered":"Dachbegr\u00fcnung"},"content":{"rendered":"<p>Dachbegr\u00fcnungen erfreuen sich gro\u00dfer Beliebtheit, und das aus gutem Grund. Eine Dachbegr\u00fcnung bietet eine bessere Isolierung und einen guten Schutz f\u00fcr das Dach. Au\u00dferdem bietet sie wichtige Vorteile f\u00fcr die Umwelt. Aber es gibt noch eine weitere gute Nachricht: Das Anlegen eines Gr\u00fcndachs ist heute einfacher denn je. Mobilane bietet fertige Kassetten an, mit denen Sie selbst ein Sedumdach installieren k\u00f6nnen. Im Handumdrehen haben Sie ein begr\u00fcntes Dach, an dem Sie lange Freude haben werden.<\/p>\n<h2 style=\"text-align: center;\"><strong>Sedum-Kassetten und ein Gr\u00fcndach &#8211; was ist das?<\/strong><\/h2>\n<p>Eine Dachbegr\u00fcnung? Sedum-Kassetten? Vielleicht haben Sie noch nie davon geh\u00f6rt. Kurz gesagt, ein <a href=\"https:\/\/mobilane.com\/de\/produkte\/mobiroof\/\" target=\"_blank\" rel=\"noopener\">Gr\u00fcndach<\/a> ist ein Dach bepflanzt mit Sedum oder kleinen Sukkulenten. Diese Pflanzen k\u00f6nnen nicht nur gut Wasser aufnehmen, sie \u00fcberleben auch gut in Zeiten der Trockenheit.<\/p>\n<p>Vor allem das Absorptionsverm\u00f6gen von Sedum ist ein guter Grund, Sedumd\u00e4cher zu installieren. Aufgrund des Klimawandels ist in den letzten Jahren mehr Regen gefallen, als die deutsche Kanalisation verkraften kann. Mit Sedum auf dem Dach wird eine \u00dcberlastung der Abwasserkan\u00e4le verhindert, da die Pflanzen das Wasser aufnehmen und nach und nach wieder abgeben. Dadurch landet weniger Wasser auf einmal in der Kanalisation. Ein Sedumdach kann also 60 bis 80 % mehr Wasser aufnehmen als ein Dach ohne Bepflanzung.<\/p>\n<p>Au\u00dferdem sieht ein Dach mit Pflanzen auch sehr sch\u00f6n aus. Zumal die Pflanzen das Dach besonders attraktiv f\u00fcr beispielsweise Schmetterlinge machen.<\/p>\n<h2 style=\"text-align: center;\"><strong>Warum eine Dachbegr\u00fcnung?<\/strong><\/h2>\n<p>Mit einem Sedumdach kann das Regenwasser besser abgeleitet und gespeichert werden. Sie k\u00f6nnen bis zu 20 Liter pro Quadratmeter auffangen. Aber Sedum bietet noch viele weitere Vorteile. Die Vegetation sorgt f\u00fcr mehr Artenvielfalt und das Dach (und damit das Haus) wird durch die Sedum-Pflanzen isoliert. Aspekt: Da das Sedum das Dach vor Licht, Hitze und UV-Strahlen sch\u00fctzt, erh\u00f6ht sich die Lebensdauer des Daches. Die Bedachung h\u00e4lt daher bis zu doppelt so lange.<\/p>\n<p>Ebenfalls n\u00fctzlich: Ein begr\u00fcntes Dach kann dazu beitragen, eine h\u00f6here Rendite f\u00fcr Solaranlagen zu erzielen. Aus diesem Grund entscheiden sich immer mehr Menschen nicht nur f\u00fcr die Anschaffung von Sonnenkollektoren, sondern auch f\u00fcr eine Dachbegr\u00fcnung. Eine ideale Kombination, die auch noch gut aussieht.<\/p>\n","protected":false},"excerpt":{"rendered":"<p>Dachbegr\u00fcnungen erfreuen sich gro\u00dfer Beliebtheit, und das aus gutem Grund. Eine Dachbegr\u00fcnung bietet eine bessere Isolierung und einen guten Schutz f\u00fcr das Dach. Au\u00dferdem bietet sie wichtige Vorteile f\u00fcr die Umwelt. Aber es gibt noch eine weitere gute Nachricht: Das Anlegen eines Gr\u00fcndachs ist heute einfacher denn je. Mobilane bietet fertige Kassetten an, mit denen [&hellip;]<\/p>\n","protected":false},"author":16,"featured_media":19199,"parent":0,"menu_order":0,"comment_status":"closed","ping_status":"closed","template":"ct-page-oplos-subpages.php","meta":{"_acf_changed":false,"footnotes":""},"class_list":["post-43305","page","type-page","status-publish","has-post-thumbnail","hentry"],"acf":[],"yoast_head":"<!-- This site is optimized with the Yoast SEO plugin v27.3 - https:\/\/yoast.com\/product\/yoast-seo-wordpress\/ -->\n<title>Dachbegr\u00fcnung im garten mit Sedum-Kassetten | Mobilane MobiRoof ECO<\/title>\n<meta name=\"description\" content=\"Gr\u00fcn auf dem Dach? Gr\u00fcnd\u00e4cher sind aus gutem Grund sehr beliebt. Eine Dachbegr\u00fcnung hat viele Vorteile. Mehr erfahren\" \/>\n<meta name=\"robots\" content=\"index, follow, max-snippet:-1, max-image-preview:large, max-video-preview:-1\" \/>\n<link rel=\"canonical\" href=\"https:\/\/mobilane.com\/green-roof\/\" \/>\n<meta property=\"og:locale\" content=\"de_DE\" \/>\n<meta property=\"og:type\" content=\"article\" \/>\n<meta property=\"og:title\" content=\"Dachbegr\u00fcnung im garten mit Sedum-Kassetten | Mobilane MobiRoof ECO\" \/>\n<meta property=\"og:description\" content=\"Gr\u00fcn auf dem Dach? Gr\u00fcnd\u00e4cher sind aus gutem Grund sehr beliebt. Eine Dachbegr\u00fcnung hat viele Vorteile. Mehr erfahren\" \/>\n<meta property=\"og:url\" content=\"https:\/\/mobilane.com\/green-roof\/\" \/>\n<meta property=\"og:site_name\" content=\"Mobilane\" \/>\n<meta property=\"article:modified_time\" content=\"2021-12-21T10:55:18+00:00\" \/>\n<meta property=\"og:image\" content=\"https:\/\/mobilane.com\/app\/uploads\/2019\/11\/DSCF8520-1.jpg\" \/>\n\t<meta property=\"og:image:width\" content=\"1500\" \/>\n\t<meta property=\"og:image:height\" content=\"1000\" \/>\n\t<meta property=\"og:image:type\" content=\"image\/jpeg\" \/>\n<meta name=\"twitter:card\" content=\"summary_large_image\" \/>\n<meta name=\"twitter:label1\" content=\"Gesch\u00e4tzte Lesezeit\" \/>\n\t<meta name=\"twitter:data1\" content=\"2\u00a0Minuten\" \/>\n<script type=\"application\/ld+json\" class=\"yoast-schema-graph\">{\"@context\":\"https:\\\/\\\/schema.org\",\"@graph\":[{\"@type\":\"WebPage\",\"@id\":\"https:\\\/\\\/mobilane.com\\\/green-roof\\\/\",\"url\":\"https:\\\/\\\/mobilane.com\\\/green-roof\\\/\",\"name\":\"Dachbegr\u00fcnung im garten mit Sedum-Kassetten | Mobilane MobiRoof ECO\",\"isPartOf\":{\"@id\":\"https:\\\/\\\/mobilane.com\\\/#website\"},\"primaryImageOfPage\":{\"@id\":\"https:\\\/\\\/mobilane.com\\\/green-roof\\\/#primaryimage\"},\"image\":{\"@id\":\"https:\\\/\\\/mobilane.com\\\/green-roof\\\/#primaryimage\"},\"thumbnailUrl\":\"https:\\\/\\\/mobilane.com\\\/app\\\/uploads\\\/2019\\\/11\\\/DSCF8520-1.jpg\",\"datePublished\":\"2020-06-11T17:32:31+00:00\",\"dateModified\":\"2021-12-21T10:55:18+00:00\",\"description\":\"Gr\u00fcn auf dem Dach? Gr\u00fcnd\u00e4cher sind aus gutem Grund sehr beliebt. Eine Dachbegr\u00fcnung hat viele Vorteile. Mehr erfahren\",\"breadcrumb\":{\"@id\":\"https:\\\/\\\/mobilane.com\\\/green-roof\\\/#breadcrumb\"},\"inLanguage\":\"de\",\"potentialAction\":[{\"@type\":\"ReadAction\",\"target\":[\"https:\\\/\\\/mobilane.com\\\/green-roof\\\/\"]}]},{\"@type\":\"ImageObject\",\"inLanguage\":\"de\",\"@id\":\"https:\\\/\\\/mobilane.com\\\/green-roof\\\/#primaryimage\",\"url\":\"https:\\\/\\\/mobilane.com\\\/app\\\/uploads\\\/2019\\\/11\\\/DSCF8520-1.jpg\",\"contentUrl\":\"https:\\\/\\\/mobilane.com\\\/app\\\/uploads\\\/2019\\\/11\\\/DSCF8520-1.jpg\",\"width\":1500,\"height\":1000,\"caption\":\"Mobilane MobiRoof ECO Dachbegr\u00fcnung\"},{\"@type\":\"BreadcrumbList\",\"@id\":\"https:\\\/\\\/mobilane.com\\\/green-roof\\\/#breadcrumb\",\"itemListElement\":[{\"@type\":\"ListItem\",\"position\":1,\"name\":\"Home\",\"item\":\"https:\\\/\\\/mobilane.com\\\/de\\\/\"},{\"@type\":\"ListItem\",\"position\":2,\"name\":\"Dachbegr\u00fcnung\"}]},{\"@type\":\"WebSite\",\"@id\":\"https:\\\/\\\/mobilane.com\\\/#website\",\"url\":\"https:\\\/\\\/mobilane.com\\\/\",\"name\":\"Mobilane\",\"description\":\"Ready Made Green Systems\",\"publisher\":{\"@id\":\"https:\\\/\\\/mobilane.com\\\/#organization\"},\"potentialAction\":[{\"@type\":\"SearchAction\",\"target\":{\"@type\":\"EntryPoint\",\"urlTemplate\":\"https:\\\/\\\/mobilane.com\\\/?s={search_term_string}\"},\"query-input\":{\"@type\":\"PropertyValueSpecification\",\"valueRequired\":true,\"valueName\":\"search_term_string\"}}],\"inLanguage\":\"de\"},{\"@type\":\"Organization\",\"@id\":\"https:\\\/\\\/mobilane.com\\\/#organization\",\"name\":\"Mobilane\",\"url\":\"https:\\\/\\\/mobilane.com\\\/\",\"logo\":{\"@type\":\"ImageObject\",\"inLanguage\":\"de\",\"@id\":\"https:\\\/\\\/mobilane.com\\\/#\\\/schema\\\/logo\\\/image\\\/\",\"url\":\"https:\\\/\\\/mobilane.com\\\/app\\\/uploads\\\/2019\\\/10\\\/logo-colour2x.png\",\"contentUrl\":\"https:\\\/\\\/mobilane.com\\\/app\\\/uploads\\\/2019\\\/10\\\/logo-colour2x.png\",\"width\":1472,\"height\":295,\"caption\":\"Mobilane\"},\"image\":{\"@id\":\"https:\\\/\\\/mobilane.com\\\/#\\\/schema\\\/logo\\\/image\\\/\"}}]}<\/script>\n<!-- \/ Yoast SEO plugin. -->","yoast_head_json":{"title":"Dachbegr\u00fcnung im garten mit Sedum-Kassetten | Mobilane MobiRoof ECO","description":"Gr\u00fcn auf dem Dach? Gr\u00fcnd\u00e4cher sind aus gutem Grund sehr beliebt. Eine Dachbegr\u00fcnung hat viele Vorteile. Mehr erfahren","robots":{"index":"index","follow":"follow","max-snippet":"max-snippet:-1","max-image-preview":"max-image-preview:large","max-video-preview":"max-video-preview:-1"},"canonical":"https:\/\/mobilane.com\/green-roof\/","og_locale":"de_DE","og_type":"article","og_title":"Dachbegr\u00fcnung im garten mit Sedum-Kassetten | Mobilane MobiRoof ECO","og_description":"Gr\u00fcn auf dem Dach? Gr\u00fcnd\u00e4cher sind aus gutem Grund sehr beliebt. Eine Dachbegr\u00fcnung hat viele Vorteile. Mehr erfahren","og_url":"https:\/\/mobilane.com\/green-roof\/","og_site_name":"Mobilane","article_modified_time":"2021-12-21T10:55:18+00:00","og_image":[{"width":1500,"height":1000,"url":"https:\/\/mobilane.com\/app\/uploads\/2019\/11\/DSCF8520-1.jpg","type":"image\/jpeg"}],"twitter_card":"summary_large_image","twitter_misc":{"Gesch\u00e4tzte Lesezeit":"2\u00a0Minuten"},"schema":{"@context":"https:\/\/schema.org","@graph":[{"@type":"WebPage","@id":"https:\/\/mobilane.com\/green-roof\/","url":"https:\/\/mobilane.com\/green-roof\/","name":"Dachbegr\u00fcnung im garten mit Sedum-Kassetten | Mobilane MobiRoof ECO","isPartOf":{"@id":"https:\/\/mobilane.com\/#website"},"primaryImageOfPage":{"@id":"https:\/\/mobilane.com\/green-roof\/#primaryimage"},"image":{"@id":"https:\/\/mobilane.com\/green-roof\/#primaryimage"},"thumbnailUrl":"https:\/\/mobilane.com\/app\/uploads\/2019\/11\/DSCF8520-1.jpg","datePublished":"2020-06-11T17:32:31+00:00","dateModified":"2021-12-21T10:55:18+00:00","description":"Gr\u00fcn auf dem Dach? Gr\u00fcnd\u00e4cher sind aus gutem Grund sehr beliebt. Eine Dachbegr\u00fcnung hat viele Vorteile. Mehr erfahren","breadcrumb":{"@id":"https:\/\/mobilane.com\/green-roof\/#breadcrumb"},"inLanguage":"de","potentialAction":[{"@type":"ReadAction","target":["https:\/\/mobilane.com\/green-roof\/"]}]},{"@type":"ImageObject","inLanguage":"de","@id":"https:\/\/mobilane.com\/green-roof\/#primaryimage","url":"https:\/\/mobilane.com\/app\/uploads\/2019\/11\/DSCF8520-1.jpg","contentUrl":"https:\/\/mobilane.com\/app\/uploads\/2019\/11\/DSCF8520-1.jpg","width":1500,"height":1000,"caption":"Mobilane MobiRoof ECO Dachbegr\u00fcnung"},{"@type":"BreadcrumbList","@id":"https:\/\/mobilane.com\/green-roof\/#breadcrumb","itemListElement":[{"@type":"ListItem","position":1,"name":"Home","item":"https:\/\/mobilane.com\/de\/"},{"@type":"ListItem","position":2,"name":"Dachbegr\u00fcnung"}]},{"@type":"WebSite","@id":"https:\/\/mobilane.com\/#website","url":"https:\/\/mobilane.com\/","name":"Mobilane","description":"Ready Made Green Systems","publisher":{"@id":"https:\/\/mobilane.com\/#organization"},"potentialAction":[{"@type":"SearchAction","target":{"@type":"EntryPoint","urlTemplate":"https:\/\/mobilane.com\/?s={search_term_string}"},"query-input":{"@type":"PropertyValueSpecification","valueRequired":true,"valueName":"search_term_string"}}],"inLanguage":"de"},{"@type":"Organization","@id":"https:\/\/mobilane.com\/#organization","name":"Mobilane","url":"https:\/\/mobilane.com\/","logo":{"@type":"ImageObject","inLanguage":"de","@id":"https:\/\/mobilane.com\/#\/schema\/logo\/image\/","url":"https:\/\/mobilane.com\/app\/uploads\/2019\/10\/logo-colour2x.png","contentUrl":"https:\/\/mobilane.com\/app\/uploads\/2019\/10\/logo-colour2x.png","width":1472,"height":295,"caption":"Mobilane"},"image":{"@id":"https:\/\/mobilane.com\/#\/schema\/logo\/image\/"}}]}},"_links":{"self":[{"href":"https:\/\/mobilane.com\/de\/wp-json\/wp\/v2\/pages\/43305","targetHints":{"allow":["GET"]}}],"collection":[{"href":"https:\/\/mobilane.com\/de\/wp-json\/wp\/v2\/pages"}],"about":[{"href":"https:\/\/mobilane.com\/de\/wp-json\/wp\/v2\/types\/page"}],"author":[{"embeddable":true,"href":"https:\/\/mobilane.com\/de\/wp-json\/wp\/v2\/users\/16"}],"replies":[{"embeddable":true,"href":"https:\/\/mobilane.com\/de\/wp-json\/wp\/v2\/comments?post=43305"}],"version-history":[{"count":2,"href":"https:\/\/mobilane.com\/de\/wp-json\/wp\/v2\/pages\/43305\/revisions"}],"predecessor-version":[{"id":43323,"href":"https:\/\/mobilane.com\/de\/wp-json\/wp\/v2\/pages\/43305\/revisions\/43323"}],"wp:featuredmedia":[{"embeddable":true,"href":"https:\/\/mobilane.com\/de\/wp-json\/wp\/v2\/media\/19199"}],"wp:attachment":[{"href":"https:\/\/mobilane.com\/de\/wp-json\/wp\/v2\/media?parent=43305"}],"curies":[{"name":"wp","href":"https:\/\/api.w.org\/{rel}","templated":true}]}}