{"id":33576,"date":"2021-03-24T16:16:57","date_gmt":"2021-03-24T15:16:57","guid":{"rendered":"http:\/\/mobilane.com\/?page_id=33576"},"modified":"2026-03-17T16:36:55","modified_gmt":"2026-03-17T15:36:55","slug":"new-home","status":"publish","type":"page","link":"https:\/\/mobilane.com\/de\/","title":{"rendered":"Home"},"content":{"rendered":"","protected":false},"excerpt":{"rendered":"","protected":false},"author":16,"featured_media":0,"parent":0,"menu_order":0,"comment_status":"closed","ping_status":"closed","template":"templates\/template-home.php","meta":{"_acf_changed":false,"footnotes":""},"class_list":["post-33576","page","type-page","status-publish","hentry"],"acf":[],"yoast_head":"<!-- This site is optimized with the Yoast SEO plugin v27.3 - https:\/\/yoast.com\/product\/yoast-seo-wordpress\/ -->\n<title>Gr\u00fcnsysteme von Mobilane | Gebrauchsfertige L\u00f6sungen<\/title>\n<meta name=\"description\" content=\"Die Gr\u00fcnsysteme von Mobilane bieten eine gebrauchsfertige L\u00f6sung f\u00fcr fast jede Situation. Beispielsweise fertige Hecken, Gr\u00fcnw\u00e4nde und mehr.\" \/>\n<meta name=\"robots\" content=\"index, follow, max-snippet:-1, max-image-preview:large, max-video-preview:-1\" \/>\n<link rel=\"canonical\" href=\"https:\/\/mobilane.com\/de\/\" \/>\n<meta property=\"og:locale\" content=\"de_DE\" \/>\n<meta property=\"og:type\" content=\"article\" \/>\n<meta property=\"og:title\" content=\"Gr\u00fcnsysteme von Mobilane | Gebrauchsfertige L\u00f6sungen\" \/>\n<meta property=\"og:description\" content=\"Die Gr\u00fcnsysteme von Mobilane bieten eine gebrauchsfertige L\u00f6sung f\u00fcr fast jede Situation. Beispielsweise fertige Hecken, Gr\u00fcnw\u00e4nde und mehr.\" \/>\n<meta property=\"og:url\" content=\"https:\/\/mobilane.com\/de\/\" \/>\n<meta property=\"og:site_name\" content=\"Mobilane\" \/>\n<meta property=\"article:modified_time\" content=\"2026-03-17T15:36:55+00:00\" \/>\n<meta name=\"twitter:card\" content=\"summary_large_image\" \/>\n<script type=\"application\/ld+json\" class=\"yoast-schema-graph\">{\"@context\":\"https:\\\/\\\/schema.org\",\"@graph\":[{\"@type\":\"WebPage\",\"@id\":\"https:\\\/\\\/mobilane.com\\\/de\\\/\",\"url\":\"https:\\\/\\\/mobilane.com\\\/de\\\/\",\"name\":\"Gr\u00fcnsysteme von Mobilane | Gebrauchsfertige L\u00f6sungen\",\"isPartOf\":{\"@id\":\"https:\\\/\\\/mobilane.com\\\/#website\"},\"datePublished\":\"2021-03-24T15:16:57+00:00\",\"dateModified\":\"2026-03-17T15:36:55+00:00\",\"description\":\"Die Gr\u00fcnsysteme von Mobilane bieten eine gebrauchsfertige L\u00f6sung f\u00fcr fast jede Situation. Beispielsweise fertige Hecken, Gr\u00fcnw\u00e4nde und mehr.\",\"breadcrumb\":{\"@id\":\"https:\\\/\\\/mobilane.com\\\/de\\\/#breadcrumb\"},\"inLanguage\":\"de\",\"potentialAction\":[{\"@type\":\"ReadAction\",\"target\":[\"https:\\\/\\\/mobilane.com\\\/de\\\/\"]}]},{\"@type\":\"BreadcrumbList\",\"@id\":\"https:\\\/\\\/mobilane.com\\\/de\\\/#breadcrumb\",\"itemListElement\":[{\"@type\":\"ListItem\",\"position\":1,\"name\":\"Home\",\"item\":\"https:\\\/\\\/mobilane.com\\\/de\\\/\"},{\"@type\":\"ListItem\",\"position\":2,\"name\":\"Home\"}]},{\"@type\":\"WebSite\",\"@id\":\"https:\\\/\\\/mobilane.com\\\/#website\",\"url\":\"https:\\\/\\\/mobilane.com\\\/\",\"name\":\"Mobilane\",\"description\":\"Ready Made Green Systems\",\"publisher\":{\"@id\":\"https:\\\/\\\/mobilane.com\\\/#organization\"},\"potentialAction\":[{\"@type\":\"SearchAction\",\"target\":{\"@type\":\"EntryPoint\",\"urlTemplate\":\"https:\\\/\\\/mobilane.com\\\/?s={search_term_string}\"},\"query-input\":{\"@type\":\"PropertyValueSpecification\",\"valueRequired\":true,\"valueName\":\"search_term_string\"}}],\"inLanguage\":\"de\"},{\"@type\":\"Organization\",\"@id\":\"https:\\\/\\\/mobilane.com\\\/#organization\",\"name\":\"Mobilane\",\"url\":\"https:\\\/\\\/mobilane.com\\\/\",\"logo\":{\"@type\":\"ImageObject\",\"inLanguage\":\"de\",\"@id\":\"https:\\\/\\\/mobilane.com\\\/#\\\/schema\\\/logo\\\/image\\\/\",\"url\":\"https:\\\/\\\/mobilane.com\\\/app\\\/uploads\\\/2019\\\/10\\\/logo-colour2x.png\",\"contentUrl\":\"https:\\\/\\\/mobilane.com\\\/app\\\/uploads\\\/2019\\\/10\\\/logo-colour2x.png\",\"width\":1472,\"height\":295,\"caption\":\"Mobilane\"},\"image\":{\"@id\":\"https:\\\/\\\/mobilane.com\\\/#\\\/schema\\\/logo\\\/image\\\/\"}}]}<\/script>\n<!-- \/ Yoast SEO plugin. -->","yoast_head_json":{"title":"Gr\u00fcnsysteme von Mobilane | Gebrauchsfertige L\u00f6sungen","description":"Die Gr\u00fcnsysteme von Mobilane bieten eine gebrauchsfertige L\u00f6sung f\u00fcr fast jede Situation. Beispielsweise fertige Hecken, Gr\u00fcnw\u00e4nde und mehr.","robots":{"index":"index","follow":"follow","max-snippet":"max-snippet:-1","max-image-preview":"max-image-preview:large","max-video-preview":"max-video-preview:-1"},"canonical":"https:\/\/mobilane.com\/de\/","og_locale":"de_DE","og_type":"article","og_title":"Gr\u00fcnsysteme von Mobilane | Gebrauchsfertige L\u00f6sungen","og_description":"Die Gr\u00fcnsysteme von Mobilane bieten eine gebrauchsfertige L\u00f6sung f\u00fcr fast jede Situation. Beispielsweise fertige Hecken, Gr\u00fcnw\u00e4nde und mehr.","og_url":"https:\/\/mobilane.com\/de\/","og_site_name":"Mobilane","article_modified_time":"2026-03-17T15:36:55+00:00","twitter_card":"summary_large_image","schema":{"@context":"https:\/\/schema.org","@graph":[{"@type":"WebPage","@id":"https:\/\/mobilane.com\/de\/","url":"https:\/\/mobilane.com\/de\/","name":"Gr\u00fcnsysteme von Mobilane | Gebrauchsfertige L\u00f6sungen","isPartOf":{"@id":"https:\/\/mobilane.com\/#website"},"datePublished":"2021-03-24T15:16:57+00:00","dateModified":"2026-03-17T15:36:55+00:00","description":"Die Gr\u00fcnsysteme von Mobilane bieten eine gebrauchsfertige L\u00f6sung f\u00fcr fast jede Situation. Beispielsweise fertige Hecken, Gr\u00fcnw\u00e4nde und mehr.","breadcrumb":{"@id":"https:\/\/mobilane.com\/de\/#breadcrumb"},"inLanguage":"de","potentialAction":[{"@type":"ReadAction","target":["https:\/\/mobilane.com\/de\/"]}]},{"@type":"BreadcrumbList","@id":"https:\/\/mobilane.com\/de\/#breadcrumb","itemListElement":[{"@type":"ListItem","position":1,"name":"Home","item":"https:\/\/mobilane.com\/de\/"},{"@type":"ListItem","position":2,"name":"Home"}]},{"@type":"WebSite","@id":"https:\/\/mobilane.com\/#website","url":"https:\/\/mobilane.com\/","name":"Mobilane","description":"Ready Made Green Systems","publisher":{"@id":"https:\/\/mobilane.com\/#organization"},"potentialAction":[{"@type":"SearchAction","target":{"@type":"EntryPoint","urlTemplate":"https:\/\/mobilane.com\/?s={search_term_string}"},"query-input":{"@type":"PropertyValueSpecification","valueRequired":true,"valueName":"search_term_string"}}],"inLanguage":"de"},{"@type":"Organization","@id":"https:\/\/mobilane.com\/#organization","name":"Mobilane","url":"https:\/\/mobilane.com\/","logo":{"@type":"ImageObject","inLanguage":"de","@id":"https:\/\/mobilane.com\/#\/schema\/logo\/image\/","url":"https:\/\/mobilane.com\/app\/uploads\/2019\/10\/logo-colour2x.png","contentUrl":"https:\/\/mobilane.com\/app\/uploads\/2019\/10\/logo-colour2x.png","width":1472,"height":295,"caption":"Mobilane"},"image":{"@id":"https:\/\/mobilane.com\/#\/schema\/logo\/image\/"}}]}},"_links":{"self":[{"href":"https:\/\/mobilane.com\/de\/wp-json\/wp\/v2\/pages\/33576","targetHints":{"allow":["GET"]}}],"collection":[{"href":"https:\/\/mobilane.com\/de\/wp-json\/wp\/v2\/pages"}],"about":[{"href":"https:\/\/mobilane.com\/de\/wp-json\/wp\/v2\/types\/page"}],"author":[{"embeddable":true,"href":"https:\/\/mobilane.com\/de\/wp-json\/wp\/v2\/users\/16"}],"replies":[{"embeddable":true,"href":"https:\/\/mobilane.com\/de\/wp-json\/wp\/v2\/comments?post=33576"}],"version-history":[{"count":5,"href":"https:\/\/mobilane.com\/de\/wp-json\/wp\/v2\/pages\/33576\/revisions"}],"predecessor-version":[{"id":88422,"href":"https:\/\/mobilane.com\/de\/wp-json\/wp\/v2\/pages\/33576\/revisions\/88422"}],"wp:attachment":[{"href":"https:\/\/mobilane.com\/de\/wp-json\/wp\/v2\/media?parent=33576"}],"curies":[{"name":"wp","href":"https:\/\/api.w.org\/{rel}","templated":true}]}}