{"id":2929,"date":"2018-06-11T16:11:04","date_gmt":"2018-06-11T14:11:04","guid":{"rendered":"http:\/\/commob-mangilgok.savviihq.com\/?page_id=2929"},"modified":"2023-10-03T10:17:01","modified_gmt":"2023-10-03T08:17:01","slug":"uber-uns","status":"publish","type":"page","link":"https:\/\/mobilane.com\/de\/uber-uns\/","title":{"rendered":"\u00dcber uns"},"content":{"rendered":"<p>Mobilane ist ein Unternehmen der Darthuizer Gruppe. Das f\u00fchrende Familienunternehmen ist bereits seit \u00fcber 80 Jahren ein Begriff, wenn es um Innovation und Qualit\u00e4t im gr\u00fcnen Lebensumfeld geht. Aufbauend auf dieser langj\u00e4hrigen Erfahrung in der Gr\u00fcnbranche entstand 2001 Mobilane als nachhaltiger Entwickler patentierter innovativer Begr\u00fcnungssysteme.<\/p>\n<p>Mobilane ist schon seit einem Jahrzehnt Marktf\u00fchrer f\u00fcr die nachhaltige Entwicklung und Lieferung patentierter, innovativer Gr\u00fcnsysteme. Ein umfassendes Netz von Niederlassungen, H\u00e4ndlern und Agenten sorgt f\u00fcr den Vertrieb der einzigartigen Fertigbegr\u00fcnungsprodukte auf allen Kontinenten. Von Nordamerika bis Australien: Kein Markt ist dem aus den Niederlanden stammenden Unternehmen zu weit.<\/p>\n<h2>Mission<\/h2>\n<p>Wir betrachten es als unsere Mission, durch die innovativen Begr\u00fcnungssysteme von Mobilane &#8211; jedes mit spezifischen, einzigartigen Vorteilen und Eigenschaften &#8211; gemeinsam an einem besseren, gesunden Lebensumfeld zu arbeiten. Der Mehrwert von Gr\u00fcn hat direkten Einfluss auf das Umfeld, verbessert das Klima, wertet Immobilien auf und tr\u00e4gt zu \u00c4sthetik, Gesundheit und Wohlbefinden bei.<\/p>\n<div class=\"embed-container\">\n            <iframe loading=\"lazy\" title=\"Mobilane - Building Green\" width=\"500\" height=\"281\" src=\"https:\/\/www.youtube.com\/embed\/rTw9enjHJu4?feature=oembed&#038;rel=0&#038;modestbranding=1\" frameborder=\"0\" allow=\"accelerometer; autoplay; clipboard-write; encrypted-media; gyroscope; picture-in-picture; web-share\" referrerpolicy=\"strict-origin-when-cross-origin\" allowfullscreen><\/iframe>        <\/div>\n<h2>Red Dot Award<\/h2>\n<p>2018 konnte Mobilane f\u00fcr den Entwurf des neuesten Produkts \u201eLivePicture GO\u201c mit Stolz den internationalen Red Dot Award in der Kategorie \u201eHigh Design Quality\u201c entgegennehmen.<\/p>\n","protected":false},"excerpt":{"rendered":"<p>Mobilane ist ein Unternehmen der Darthuizer Gruppe. Das f\u00fchrende Familienunternehmen ist bereits seit \u00fcber 80 Jahren ein Begriff, wenn es um Innovation und Qualit\u00e4t im gr\u00fcnen Lebensumfeld geht. Aufbauend auf dieser langj\u00e4hrigen Erfahrung in der Gr\u00fcnbranche entstand 2001 Mobilane als nachhaltiger Entwickler patentierter innovativer Begr\u00fcnungssysteme. Mobilane ist schon seit einem Jahrzehnt Marktf\u00fchrer f\u00fcr die nachhaltige [&hellip;]<\/p>\n","protected":false},"author":5,"featured_media":0,"parent":0,"menu_order":0,"comment_status":"closed","ping_status":"closed","template":"ct-page-aboutus.php","meta":{"_acf_changed":false,"footnotes":""},"class_list":["post-2929","page","type-page","status-publish","hentry"],"acf":[],"yoast_head":"<!-- This site is optimized with the Yoast SEO plugin v27.3 - https:\/\/yoast.com\/product\/yoast-seo-wordpress\/ -->\n<title>\u00dcber uns | Let&#039;s get green mit Mobilane<\/title>\n<meta name=\"description\" content=\"Mobilane ist bereits seit \u00fcber 20 Jahren ein Begriff, wenn es um Innovation und Qualit\u00e4t im gr\u00fcnen Lebensumfeld geht.\" \/>\n<meta name=\"robots\" content=\"index, follow, max-snippet:-1, max-image-preview:large, max-video-preview:-1\" \/>\n<link rel=\"canonical\" href=\"https:\/\/mobilane.com\/de\/uber-uns\/\" \/>\n<meta property=\"og:locale\" content=\"de_DE\" \/>\n<meta property=\"og:type\" content=\"article\" \/>\n<meta property=\"og:title\" content=\"\u00dcber uns | Let&#039;s get green mit Mobilane\" \/>\n<meta property=\"og:description\" content=\"Mobilane ist bereits seit \u00fcber 20 Jahren ein Begriff, wenn es um Innovation und Qualit\u00e4t im gr\u00fcnen Lebensumfeld geht.\" \/>\n<meta property=\"og:url\" content=\"https:\/\/mobilane.com\/de\/uber-uns\/\" \/>\n<meta property=\"og:site_name\" content=\"Mobilane\" \/>\n<meta property=\"article:modified_time\" content=\"2023-10-03T08:17:01+00:00\" \/>\n<meta name=\"twitter:card\" content=\"summary_large_image\" \/>\n<meta name=\"twitter:label1\" content=\"Gesch\u00e4tzte Lesezeit\" \/>\n\t<meta name=\"twitter:data1\" content=\"1\u00a0Minute\" \/>\n<script type=\"application\/ld+json\" class=\"yoast-schema-graph\">{\"@context\":\"https:\\\/\\\/schema.org\",\"@graph\":[{\"@type\":\"WebPage\",\"@id\":\"https:\\\/\\\/mobilane.com\\\/de\\\/uber-uns\\\/\",\"url\":\"https:\\\/\\\/mobilane.com\\\/de\\\/uber-uns\\\/\",\"name\":\"\u00dcber uns | Let's get green mit Mobilane\",\"isPartOf\":{\"@id\":\"https:\\\/\\\/mobilane.com\\\/#website\"},\"datePublished\":\"2018-06-11T14:11:04+00:00\",\"dateModified\":\"2023-10-03T08:17:01+00:00\",\"description\":\"Mobilane ist bereits seit \u00fcber 20 Jahren ein Begriff, wenn es um Innovation und Qualit\u00e4t im gr\u00fcnen Lebensumfeld geht.\",\"breadcrumb\":{\"@id\":\"https:\\\/\\\/mobilane.com\\\/de\\\/uber-uns\\\/#breadcrumb\"},\"inLanguage\":\"de\",\"potentialAction\":[{\"@type\":\"ReadAction\",\"target\":[\"https:\\\/\\\/mobilane.com\\\/de\\\/uber-uns\\\/\"]}]},{\"@type\":\"BreadcrumbList\",\"@id\":\"https:\\\/\\\/mobilane.com\\\/de\\\/uber-uns\\\/#breadcrumb\",\"itemListElement\":[{\"@type\":\"ListItem\",\"position\":1,\"name\":\"Home\",\"item\":\"https:\\\/\\\/mobilane.com\\\/de\\\/\"},{\"@type\":\"ListItem\",\"position\":2,\"name\":\"\u00dcber uns\"}]},{\"@type\":\"WebSite\",\"@id\":\"https:\\\/\\\/mobilane.com\\\/#website\",\"url\":\"https:\\\/\\\/mobilane.com\\\/\",\"name\":\"Mobilane\",\"description\":\"Ready Made Green Systems\",\"publisher\":{\"@id\":\"https:\\\/\\\/mobilane.com\\\/#organization\"},\"potentialAction\":[{\"@type\":\"SearchAction\",\"target\":{\"@type\":\"EntryPoint\",\"urlTemplate\":\"https:\\\/\\\/mobilane.com\\\/?s={search_term_string}\"},\"query-input\":{\"@type\":\"PropertyValueSpecification\",\"valueRequired\":true,\"valueName\":\"search_term_string\"}}],\"inLanguage\":\"de\"},{\"@type\":\"Organization\",\"@id\":\"https:\\\/\\\/mobilane.com\\\/#organization\",\"name\":\"Mobilane\",\"url\":\"https:\\\/\\\/mobilane.com\\\/\",\"logo\":{\"@type\":\"ImageObject\",\"inLanguage\":\"de\",\"@id\":\"https:\\\/\\\/mobilane.com\\\/#\\\/schema\\\/logo\\\/image\\\/\",\"url\":\"https:\\\/\\\/mobilane.com\\\/app\\\/uploads\\\/2019\\\/10\\\/logo-colour2x.png\",\"contentUrl\":\"https:\\\/\\\/mobilane.com\\\/app\\\/uploads\\\/2019\\\/10\\\/logo-colour2x.png\",\"width\":1472,\"height\":295,\"caption\":\"Mobilane\"},\"image\":{\"@id\":\"https:\\\/\\\/mobilane.com\\\/#\\\/schema\\\/logo\\\/image\\\/\"}}]}<\/script>\n<!-- \/ Yoast SEO plugin. -->","yoast_head_json":{"title":"\u00dcber uns | Let's get green mit Mobilane","description":"Mobilane ist bereits seit \u00fcber 20 Jahren ein Begriff, wenn es um Innovation und Qualit\u00e4t im gr\u00fcnen Lebensumfeld geht.","robots":{"index":"index","follow":"follow","max-snippet":"max-snippet:-1","max-image-preview":"max-image-preview:large","max-video-preview":"max-video-preview:-1"},"canonical":"https:\/\/mobilane.com\/de\/uber-uns\/","og_locale":"de_DE","og_type":"article","og_title":"\u00dcber uns | Let's get green mit Mobilane","og_description":"Mobilane ist bereits seit \u00fcber 20 Jahren ein Begriff, wenn es um Innovation und Qualit\u00e4t im gr\u00fcnen Lebensumfeld geht.","og_url":"https:\/\/mobilane.com\/de\/uber-uns\/","og_site_name":"Mobilane","article_modified_time":"2023-10-03T08:17:01+00:00","twitter_card":"summary_large_image","twitter_misc":{"Gesch\u00e4tzte Lesezeit":"1\u00a0Minute"},"schema":{"@context":"https:\/\/schema.org","@graph":[{"@type":"WebPage","@id":"https:\/\/mobilane.com\/de\/uber-uns\/","url":"https:\/\/mobilane.com\/de\/uber-uns\/","name":"\u00dcber uns | Let's get green mit Mobilane","isPartOf":{"@id":"https:\/\/mobilane.com\/#website"},"datePublished":"2018-06-11T14:11:04+00:00","dateModified":"2023-10-03T08:17:01+00:00","description":"Mobilane ist bereits seit \u00fcber 20 Jahren ein Begriff, wenn es um Innovation und Qualit\u00e4t im gr\u00fcnen Lebensumfeld geht.","breadcrumb":{"@id":"https:\/\/mobilane.com\/de\/uber-uns\/#breadcrumb"},"inLanguage":"de","potentialAction":[{"@type":"ReadAction","target":["https:\/\/mobilane.com\/de\/uber-uns\/"]}]},{"@type":"BreadcrumbList","@id":"https:\/\/mobilane.com\/de\/uber-uns\/#breadcrumb","itemListElement":[{"@type":"ListItem","position":1,"name":"Home","item":"https:\/\/mobilane.com\/de\/"},{"@type":"ListItem","position":2,"name":"\u00dcber uns"}]},{"@type":"WebSite","@id":"https:\/\/mobilane.com\/#website","url":"https:\/\/mobilane.com\/","name":"Mobilane","description":"Ready Made Green Systems","publisher":{"@id":"https:\/\/mobilane.com\/#organization"},"potentialAction":[{"@type":"SearchAction","target":{"@type":"EntryPoint","urlTemplate":"https:\/\/mobilane.com\/?s={search_term_string}"},"query-input":{"@type":"PropertyValueSpecification","valueRequired":true,"valueName":"search_term_string"}}],"inLanguage":"de"},{"@type":"Organization","@id":"https:\/\/mobilane.com\/#organization","name":"Mobilane","url":"https:\/\/mobilane.com\/","logo":{"@type":"ImageObject","inLanguage":"de","@id":"https:\/\/mobilane.com\/#\/schema\/logo\/image\/","url":"https:\/\/mobilane.com\/app\/uploads\/2019\/10\/logo-colour2x.png","contentUrl":"https:\/\/mobilane.com\/app\/uploads\/2019\/10\/logo-colour2x.png","width":1472,"height":295,"caption":"Mobilane"},"image":{"@id":"https:\/\/mobilane.com\/#\/schema\/logo\/image\/"}}]}},"_links":{"self":[{"href":"https:\/\/mobilane.com\/de\/wp-json\/wp\/v2\/pages\/2929","targetHints":{"allow":["GET"]}}],"collection":[{"href":"https:\/\/mobilane.com\/de\/wp-json\/wp\/v2\/pages"}],"about":[{"href":"https:\/\/mobilane.com\/de\/wp-json\/wp\/v2\/types\/page"}],"author":[{"embeddable":true,"href":"https:\/\/mobilane.com\/de\/wp-json\/wp\/v2\/users\/5"}],"replies":[{"embeddable":true,"href":"https:\/\/mobilane.com\/de\/wp-json\/wp\/v2\/comments?post=2929"}],"version-history":[{"count":5,"href":"https:\/\/mobilane.com\/de\/wp-json\/wp\/v2\/pages\/2929\/revisions"}],"predecessor-version":[{"id":61673,"href":"https:\/\/mobilane.com\/de\/wp-json\/wp\/v2\/pages\/2929\/revisions\/61673"}],"wp:attachment":[{"href":"https:\/\/mobilane.com\/de\/wp-json\/wp\/v2\/media?parent=2929"}],"curies":[{"name":"wp","href":"https:\/\/api.w.org\/{rel}","templated":true}]}}