{"id":2920,"date":"2018-06-11T16:07:56","date_gmt":"2018-06-11T14:07:56","guid":{"rendered":"http:\/\/commob-mangilgok.savviihq.com\/?page_id=2920"},"modified":"2020-06-15T11:10:52","modified_gmt":"2020-06-15T09:10:52","slug":"mobilane-schluesselfertige-gruene-systemloesungen-fuer-jede-situation","status":"publish","type":"page","link":"https:\/\/mobilane.com\/de\/mobilane-schluesselfertige-gruene-systemloesungen-fuer-jede-situation\/","title":{"rendered":"Home"},"content":{"rendered":"<div class=\"article__intro\">Lets get Green<\/div>\n","protected":false},"excerpt":{"rendered":"<p>Lets get Green<\/p>\n","protected":false},"author":5,"featured_media":14153,"parent":0,"menu_order":0,"comment_status":"closed","ping_status":"closed","template":"","meta":{"_acf_changed":false,"footnotes":""},"class_list":["post-2920","page","type-page","status-publish","has-post-thumbnail","hentry"],"acf":[],"yoast_head":"<!-- This site is optimized with the Yoast SEO plugin v27.3 - https:\/\/yoast.com\/product\/yoast-seo-wordpress\/ -->\n<title>Mobilane | Schl\u00fcsselfertige gr\u00fcne Systeml\u00f6sungen f\u00fcr jede Situation.<\/title>\n<meta name=\"description\" content=\"Mobilane ist Marktf\u00fchrer bei der nachhaltigen Entwicklung und Lieferung patentierter innovativer gr\u00fcner Systeme. Gr\u00fcne Wand und Gr\u00fcndach...\" \/>\n<meta name=\"robots\" content=\"index, follow, max-snippet:-1, max-image-preview:large, max-video-preview:-1\" \/>\n<link rel=\"canonical\" href=\"https:\/\/mobilane.com\/home\/\" \/>\n<meta property=\"og:locale\" content=\"de_DE\" \/>\n<meta property=\"og:type\" content=\"article\" \/>\n<meta property=\"og:title\" content=\"Mobilane | Schl\u00fcsselfertige gr\u00fcne Systeml\u00f6sungen f\u00fcr jede Situation.\" \/>\n<meta property=\"og:description\" content=\"Mobilane ist Marktf\u00fchrer bei der nachhaltigen Entwicklung und Lieferung patentierter innovativer gr\u00fcner Systeme. Gr\u00fcne Wand und Gr\u00fcndach...\" \/>\n<meta property=\"og:url\" content=\"https:\/\/mobilane.com\/home\/\" \/>\n<meta property=\"og:site_name\" content=\"Mobilane\" \/>\n<meta property=\"article:modified_time\" content=\"2020-06-15T09:10:52+00:00\" \/>\n<meta property=\"og:image\" content=\"https:\/\/mobilane.com\/app\/uploads\/2019\/08\/nordwood-themes-FnOoRU-PYio-unsplash.png\" \/>\n\t<meta property=\"og:image:width\" content=\"2676\" \/>\n\t<meta property=\"og:image:height\" content=\"922\" \/>\n\t<meta property=\"og:image:type\" content=\"image\/png\" \/>\n<meta name=\"twitter:card\" content=\"summary_large_image\" \/>\n<script type=\"application\/ld+json\" class=\"yoast-schema-graph\">{\"@context\":\"https:\\\/\\\/schema.org\",\"@graph\":[{\"@type\":\"WebPage\",\"@id\":\"https:\\\/\\\/mobilane.com\\\/home\\\/\",\"url\":\"https:\\\/\\\/mobilane.com\\\/home\\\/\",\"name\":\"Mobilane | Schl\u00fcsselfertige gr\u00fcne Systeml\u00f6sungen f\u00fcr jede Situation.\",\"isPartOf\":{\"@id\":\"https:\\\/\\\/mobilane.com\\\/#website\"},\"primaryImageOfPage\":{\"@id\":\"https:\\\/\\\/mobilane.com\\\/home\\\/#primaryimage\"},\"image\":{\"@id\":\"https:\\\/\\\/mobilane.com\\\/home\\\/#primaryimage\"},\"thumbnailUrl\":\"https:\\\/\\\/mobilane.com\\\/app\\\/uploads\\\/2019\\\/08\\\/nordwood-themes-FnOoRU-PYio-unsplash.png\",\"datePublished\":\"2018-06-11T14:07:56+00:00\",\"dateModified\":\"2020-06-15T09:10:52+00:00\",\"description\":\"Mobilane ist Marktf\u00fchrer bei der nachhaltigen Entwicklung und Lieferung patentierter innovativer gr\u00fcner Systeme. Gr\u00fcne Wand und Gr\u00fcndach...\",\"breadcrumb\":{\"@id\":\"https:\\\/\\\/mobilane.com\\\/home\\\/#breadcrumb\"},\"inLanguage\":\"de\",\"potentialAction\":[{\"@type\":\"ReadAction\",\"target\":[\"https:\\\/\\\/mobilane.com\\\/home\\\/\"]}]},{\"@type\":\"ImageObject\",\"inLanguage\":\"de\",\"@id\":\"https:\\\/\\\/mobilane.com\\\/home\\\/#primaryimage\",\"url\":\"https:\\\/\\\/mobilane.com\\\/app\\\/uploads\\\/2019\\\/08\\\/nordwood-themes-FnOoRU-PYio-unsplash.png\",\"contentUrl\":\"https:\\\/\\\/mobilane.com\\\/app\\\/uploads\\\/2019\\\/08\\\/nordwood-themes-FnOoRU-PYio-unsplash.png\",\"width\":2676,\"height\":922,\"caption\":\"Nordwood Theme plant Mobilane\"},{\"@type\":\"BreadcrumbList\",\"@id\":\"https:\\\/\\\/mobilane.com\\\/home\\\/#breadcrumb\",\"itemListElement\":[{\"@type\":\"ListItem\",\"position\":1,\"name\":\"Home\",\"item\":\"https:\\\/\\\/mobilane.com\\\/de\\\/\"},{\"@type\":\"ListItem\",\"position\":2,\"name\":\"Home\"}]},{\"@type\":\"WebSite\",\"@id\":\"https:\\\/\\\/mobilane.com\\\/#website\",\"url\":\"https:\\\/\\\/mobilane.com\\\/\",\"name\":\"Mobilane\",\"description\":\"Ready Made Green Systems\",\"publisher\":{\"@id\":\"https:\\\/\\\/mobilane.com\\\/#organization\"},\"potentialAction\":[{\"@type\":\"SearchAction\",\"target\":{\"@type\":\"EntryPoint\",\"urlTemplate\":\"https:\\\/\\\/mobilane.com\\\/?s={search_term_string}\"},\"query-input\":{\"@type\":\"PropertyValueSpecification\",\"valueRequired\":true,\"valueName\":\"search_term_string\"}}],\"inLanguage\":\"de\"},{\"@type\":\"Organization\",\"@id\":\"https:\\\/\\\/mobilane.com\\\/#organization\",\"name\":\"Mobilane\",\"url\":\"https:\\\/\\\/mobilane.com\\\/\",\"logo\":{\"@type\":\"ImageObject\",\"inLanguage\":\"de\",\"@id\":\"https:\\\/\\\/mobilane.com\\\/#\\\/schema\\\/logo\\\/image\\\/\",\"url\":\"https:\\\/\\\/mobilane.com\\\/app\\\/uploads\\\/2019\\\/10\\\/logo-colour2x.png\",\"contentUrl\":\"https:\\\/\\\/mobilane.com\\\/app\\\/uploads\\\/2019\\\/10\\\/logo-colour2x.png\",\"width\":1472,\"height\":295,\"caption\":\"Mobilane\"},\"image\":{\"@id\":\"https:\\\/\\\/mobilane.com\\\/#\\\/schema\\\/logo\\\/image\\\/\"}}]}<\/script>\n<!-- \/ Yoast SEO plugin. -->","yoast_head_json":{"title":"Mobilane | Schl\u00fcsselfertige gr\u00fcne Systeml\u00f6sungen f\u00fcr jede Situation.","description":"Mobilane ist Marktf\u00fchrer bei der nachhaltigen Entwicklung und Lieferung patentierter innovativer gr\u00fcner Systeme. Gr\u00fcne Wand und Gr\u00fcndach...","robots":{"index":"index","follow":"follow","max-snippet":"max-snippet:-1","max-image-preview":"max-image-preview:large","max-video-preview":"max-video-preview:-1"},"canonical":"https:\/\/mobilane.com\/home\/","og_locale":"de_DE","og_type":"article","og_title":"Mobilane | Schl\u00fcsselfertige gr\u00fcne Systeml\u00f6sungen f\u00fcr jede Situation.","og_description":"Mobilane ist Marktf\u00fchrer bei der nachhaltigen Entwicklung und Lieferung patentierter innovativer gr\u00fcner Systeme. Gr\u00fcne Wand und Gr\u00fcndach...","og_url":"https:\/\/mobilane.com\/home\/","og_site_name":"Mobilane","article_modified_time":"2020-06-15T09:10:52+00:00","og_image":[{"width":2676,"height":922,"url":"https:\/\/mobilane.com\/app\/uploads\/2019\/08\/nordwood-themes-FnOoRU-PYio-unsplash.png","type":"image\/png"}],"twitter_card":"summary_large_image","schema":{"@context":"https:\/\/schema.org","@graph":[{"@type":"WebPage","@id":"https:\/\/mobilane.com\/home\/","url":"https:\/\/mobilane.com\/home\/","name":"Mobilane | Schl\u00fcsselfertige gr\u00fcne Systeml\u00f6sungen f\u00fcr jede Situation.","isPartOf":{"@id":"https:\/\/mobilane.com\/#website"},"primaryImageOfPage":{"@id":"https:\/\/mobilane.com\/home\/#primaryimage"},"image":{"@id":"https:\/\/mobilane.com\/home\/#primaryimage"},"thumbnailUrl":"https:\/\/mobilane.com\/app\/uploads\/2019\/08\/nordwood-themes-FnOoRU-PYio-unsplash.png","datePublished":"2018-06-11T14:07:56+00:00","dateModified":"2020-06-15T09:10:52+00:00","description":"Mobilane ist Marktf\u00fchrer bei der nachhaltigen Entwicklung und Lieferung patentierter innovativer gr\u00fcner Systeme. Gr\u00fcne Wand und Gr\u00fcndach...","breadcrumb":{"@id":"https:\/\/mobilane.com\/home\/#breadcrumb"},"inLanguage":"de","potentialAction":[{"@type":"ReadAction","target":["https:\/\/mobilane.com\/home\/"]}]},{"@type":"ImageObject","inLanguage":"de","@id":"https:\/\/mobilane.com\/home\/#primaryimage","url":"https:\/\/mobilane.com\/app\/uploads\/2019\/08\/nordwood-themes-FnOoRU-PYio-unsplash.png","contentUrl":"https:\/\/mobilane.com\/app\/uploads\/2019\/08\/nordwood-themes-FnOoRU-PYio-unsplash.png","width":2676,"height":922,"caption":"Nordwood Theme plant Mobilane"},{"@type":"BreadcrumbList","@id":"https:\/\/mobilane.com\/home\/#breadcrumb","itemListElement":[{"@type":"ListItem","position":1,"name":"Home","item":"https:\/\/mobilane.com\/de\/"},{"@type":"ListItem","position":2,"name":"Home"}]},{"@type":"WebSite","@id":"https:\/\/mobilane.com\/#website","url":"https:\/\/mobilane.com\/","name":"Mobilane","description":"Ready Made Green Systems","publisher":{"@id":"https:\/\/mobilane.com\/#organization"},"potentialAction":[{"@type":"SearchAction","target":{"@type":"EntryPoint","urlTemplate":"https:\/\/mobilane.com\/?s={search_term_string}"},"query-input":{"@type":"PropertyValueSpecification","valueRequired":true,"valueName":"search_term_string"}}],"inLanguage":"de"},{"@type":"Organization","@id":"https:\/\/mobilane.com\/#organization","name":"Mobilane","url":"https:\/\/mobilane.com\/","logo":{"@type":"ImageObject","inLanguage":"de","@id":"https:\/\/mobilane.com\/#\/schema\/logo\/image\/","url":"https:\/\/mobilane.com\/app\/uploads\/2019\/10\/logo-colour2x.png","contentUrl":"https:\/\/mobilane.com\/app\/uploads\/2019\/10\/logo-colour2x.png","width":1472,"height":295,"caption":"Mobilane"},"image":{"@id":"https:\/\/mobilane.com\/#\/schema\/logo\/image\/"}}]}},"_links":{"self":[{"href":"https:\/\/mobilane.com\/de\/wp-json\/wp\/v2\/pages\/2920","targetHints":{"allow":["GET"]}}],"collection":[{"href":"https:\/\/mobilane.com\/de\/wp-json\/wp\/v2\/pages"}],"about":[{"href":"https:\/\/mobilane.com\/de\/wp-json\/wp\/v2\/types\/page"}],"author":[{"embeddable":true,"href":"https:\/\/mobilane.com\/de\/wp-json\/wp\/v2\/users\/5"}],"replies":[{"embeddable":true,"href":"https:\/\/mobilane.com\/de\/wp-json\/wp\/v2\/comments?post=2920"}],"version-history":[{"count":5,"href":"https:\/\/mobilane.com\/de\/wp-json\/wp\/v2\/pages\/2920\/revisions"}],"predecessor-version":[{"id":25780,"href":"https:\/\/mobilane.com\/de\/wp-json\/wp\/v2\/pages\/2920\/revisions\/25780"}],"wp:featuredmedia":[{"embeddable":true,"href":"https:\/\/mobilane.com\/de\/wp-json\/wp\/v2\/media\/14153"}],"wp:attachment":[{"href":"https:\/\/mobilane.com\/de\/wp-json\/wp\/v2\/media?parent=2920"}],"curies":[{"name":"wp","href":"https:\/\/api.w.org\/{rel}","templated":true}]}}