{"id":28139,"date":"2020-08-21T15:05:44","date_gmt":"2020-08-21T13:05:44","guid":{"rendered":"http:\/\/mobilane.com\/?page_id=28139"},"modified":"2020-08-21T15:05:44","modified_gmt":"2020-08-21T13:05:44","slug":"vertikaler-garten-im-innenbereich","status":"publish","type":"page","link":"https:\/\/mobilane.com\/de\/vertikaler-garten-im-innenbereich\/","title":{"rendered":"Vertikaler Garten im Innenbereich"},"content":{"rendered":"<p>Gr\u00fcn ist absolut in! Nicht nur f\u00fcr zu Hause, sondern auch im B\u00fcro, in Hotels und Restaurants. Immer mehr R\u00e4umlichkeiten erstrahlen in einem Hauch Gr\u00fcn. Viel sch\u00f6ner als das wahllose Hinstellen von ein paar Pflanzen, ist dagegen die Installation einer gr\u00fcnen Wand. Vertikales Gr\u00fcn im Innenbereich verleiht Ihrem Unternehmensinterieur eine einzigartige Ausstrahlung. Noch dazu bietet es viele Vorteile f\u00fcr ein gesundes Raumklima. Gerne erz\u00e4hlen wir Ihnen mehr dar\u00fcber.<\/p>\n<h2 style=\"text-align: center;\"><strong>Vertikale Pflanzenwand<\/strong><\/h2>\n<p>Kahle W\u00e4nde geh\u00f6ren der Vergangenheit an. Mit einer vertikalen Pflanzenwand k\u00f6nnen Sie Ihre grauen W\u00e4nde mit einem Hauch Gr\u00fcn beleben. Gro\u00dfe, offene R\u00e4ume k\u00f6nnen auf gr\u00fcne Art und Weise eingeteilt werden. Dies eignet sich zum Beispiel f\u00fcr die Einrichtung eines B\u00fcrogartens, in welchem voneinander abgegrenzte Arbeitspl\u00e4tze geschaffen werden sollen. Aber auch in Hotels und Restaurants kann man damit das Interieur aufh\u00fcbschen, indem man eine Backsteinwand aufleben l\u00e4sst. Genauso gut lassen sich Sitzecken auf diese Weise gut voneinander abschirmen.<\/p>\n<p>Das Praktische an einer vertikalen Pflanzenwand ist, dass Sie im <em>Handumdrehen <\/em>\u00a0das Gr\u00fcn anbringen k\u00f6nnen. Das <a href=\"\/de\/produkte\/livepanel-indoor\/\">LivePanel-System<\/a> von Mobilane besteht aus einem modularem gr\u00fcnen Wandsystem mit austauschbaren Pflanzkassetten. Es kann ganz unkompliziert an einer bestehenden oder neuen Mauer angebracht oder anstelle dieser verwendet werden. Sie haben die Wahl aus vielen verschiedenen Pflanzen und k\u00f6nnen die gr\u00fcne Pflanzenwand ganz nach Ihren Vorstellungen und W\u00fcnschen zusammenstellen.<\/p>\n<h2 style=\"text-align: center;\">Vorteile von Pflanzen im Innenbereich<\/h2>\n<p>Das Gr\u00fcn stellt eine h\u00fcbsche M\u00f6glichkeit dar, das Interieur lebhafter zu gestalten. Nicht umsonst liegt Gr\u00fcn absolut im Trend. Pflanzen sorgen f\u00fcr eine angenehme Atmosph\u00e4re und heben die Stimmung. Aber das ist nicht der einzige Vorteil.<\/p>\n<h3><span style=\"font-size: 12pt;\">Gr\u00fcn ist auch gesund<\/span><\/h3>\n<p>Ein gr\u00fcnes B\u00fcro hat erwiesenerma\u00dfen positive Effekte auf die Gesundheit Ihrer Mitarbeiter. Pflanzen verbessern die Luftqualit\u00e4t im B\u00fcro; sie sorgen f\u00fcr mehr Luftfeuchtigkeit und wandeln CO2 in Sauerstoff um. Sie nehmen au\u00dferdem einen Teil der (sch\u00e4dlichen) Stoffe aus der Luft auf. Einige davon (bspw. Formaldehyd) k\u00f6nnen bei manchen Menschen Kopfschmerzen verursachen. Auf diese Weise k\u00f6nnen Pflanzen dabei helfen, Krankheitsausf\u00e4lle unter den Mitarbeitern zu reduzieren.<\/p>\n<h3><span style=\"font-size: 12pt;\">Weniger st\u00f6rende Ger\u00e4usche<\/span><\/h3>\n<p>Hinzu kommt, dass Pflanzen Ger\u00e4usche aus der Umgebung abd\u00e4mpfen. Das ist gerade in B\u00fcros, wo es nie mucksm\u00e4uschenstill ist, ein feiner Nebeneffekt. Aber auch in gem\u00fctlichen Restaurants oder lauten Hotelr\u00e4umen kann dies sehr angenehm sein. So k\u00f6nnen sich die Mitarbeiter oder G\u00e4ste in Ruhe miteinander unterhalten, ohne dabei durch die Ger\u00e4usche anderer gest\u00f6rt zu werden.<\/p>\n<h3><span style=\"font-size: 12pt;\">Bessere Konzentration<\/span><\/h3>\n<p>Pflanzen k\u00f6nnen au\u00dferdem einen positiven Einfluss auf die Produktivit\u00e4t Ihrer Mitarbeiter haben. Wussten Sie, dass Pflanzen sogar dabei helfen k\u00f6nnen, die Aufmerksamkeitsspanne bei schwierigen Aufgaben zu verbessern? Ein Blick auf die Natur hilft dabei, den Aufmerksamkeitsmuskel neu aufzuladen. Eine super M\u00f6glichkeit, um M\u00fcdigkeit vorzubeugen!<\/p>\n<h3><span style=\"font-size: 12pt;\">Nachhaltiges Interieur<\/span><\/h3>\n<p>Schlussendlich ist eine gr\u00fcne Wand in Ihrem B\u00fcro, Hotel oder Restaurant vor allem eine umweltbewusste Entscheidung. Die Pflanzen nehmen den Feinstoff aus der Luft auf, was sowohl der Gesundheit, als auch der Umwelt zugutekommt. Auch toll: das LivePanel-System ist vollst\u00e4ndig recycelbar und ben\u00f6tigt kaum Wasser.<\/p>\n","protected":false},"excerpt":{"rendered":"<p>Gr\u00fcn ist absolut in! Nicht nur f\u00fcr zu Hause, sondern auch im B\u00fcro, in Hotels und Restaurants. Immer mehr R\u00e4umlichkeiten erstrahlen in einem Hauch Gr\u00fcn. Viel sch\u00f6ner als das wahllose Hinstellen von ein paar Pflanzen, ist dagegen die Installation einer gr\u00fcnen Wand. Vertikales Gr\u00fcn im Innenbereich verleiht Ihrem Unternehmensinterieur eine einzigartige Ausstrahlung. Noch dazu bietet [&hellip;]<\/p>\n","protected":false},"author":16,"featured_media":22522,"parent":0,"menu_order":0,"comment_status":"closed","ping_status":"closed","template":"ct-page-oplos-subpages.php","meta":{"_acf_changed":false,"footnotes":""},"class_list":["post-28139","page","type-page","status-publish","has-post-thumbnail","hentry"],"acf":[],"yoast_head":"<!-- This site is optimized with the Yoast SEO plugin v27.5 - https:\/\/yoast.com\/product\/yoast-seo-wordpress\/ -->\n<title>Vertikaler Garten im Innenbereich | Mobilane<\/title>\n<meta name=\"description\" content=\"Vertikaler Gr\u00fcn im Innenbereich verleiht Ihrem Unternehmensinterieur eine einzigartige Ausstrahlung. Gr\u00fcn ist absolut in!\" \/>\n<meta name=\"robots\" content=\"index, follow, max-snippet:-1, max-image-preview:large, max-video-preview:-1\" \/>\n<link rel=\"canonical\" href=\"https:\/\/mobilane.com\/de\/vertikaler-garten-im-innenbereich\/\" \/>\n<meta property=\"og:locale\" content=\"de_DE\" \/>\n<meta property=\"og:type\" content=\"article\" \/>\n<meta property=\"og:title\" content=\"Vertikaler Garten im Innenbereich | Mobilane\" \/>\n<meta property=\"og:description\" content=\"Vertikaler Gr\u00fcn im Innenbereich verleiht Ihrem Unternehmensinterieur eine einzigartige Ausstrahlung. Gr\u00fcn ist absolut in!\" \/>\n<meta property=\"og:url\" content=\"https:\/\/mobilane.com\/de\/vertikaler-garten-im-innenbereich\/\" \/>\n<meta property=\"og:site_name\" content=\"Mobilane\" \/>\n<meta property=\"og:image\" content=\"https:\/\/mobilane.com\/app\/uploads\/2020\/06\/LivePanelIndoorPharmacyOfficeInleafUK201701.jpg\" \/>\n\t<meta property=\"og:image:width\" content=\"5184\" \/>\n\t<meta property=\"og:image:height\" content=\"3456\" \/>\n\t<meta property=\"og:image:type\" content=\"image\/jpeg\" \/>\n<meta name=\"twitter:card\" content=\"summary_large_image\" \/>\n<meta name=\"twitter:label1\" content=\"Gesch\u00e4tzte Lesezeit\" \/>\n\t<meta name=\"twitter:data1\" content=\"3\u00a0Minuten\" \/>\n<script type=\"application\/ld+json\" class=\"yoast-schema-graph\">{\"@context\":\"https:\\\/\\\/schema.org\",\"@graph\":[{\"@type\":\"WebPage\",\"@id\":\"https:\\\/\\\/mobilane.com\\\/de\\\/vertikaler-garten-im-innenbereich\\\/\",\"url\":\"https:\\\/\\\/mobilane.com\\\/de\\\/vertikaler-garten-im-innenbereich\\\/\",\"name\":\"Vertikaler Garten im Innenbereich | Mobilane\",\"isPartOf\":{\"@id\":\"https:\\\/\\\/mobilane.com\\\/#website\"},\"primaryImageOfPage\":{\"@id\":\"https:\\\/\\\/mobilane.com\\\/de\\\/vertikaler-garten-im-innenbereich\\\/#primaryimage\"},\"image\":{\"@id\":\"https:\\\/\\\/mobilane.com\\\/de\\\/vertikaler-garten-im-innenbereich\\\/#primaryimage\"},\"thumbnailUrl\":\"https:\\\/\\\/mobilane.com\\\/app\\\/uploads\\\/2020\\\/06\\\/LivePanelIndoorPharmacyOfficeInleafUK201701.jpg\",\"datePublished\":\"2020-08-21T13:05:44+00:00\",\"description\":\"Vertikaler Gr\u00fcn im Innenbereich verleiht Ihrem Unternehmensinterieur eine einzigartige Ausstrahlung. Gr\u00fcn ist absolut in!\",\"breadcrumb\":{\"@id\":\"https:\\\/\\\/mobilane.com\\\/de\\\/vertikaler-garten-im-innenbereich\\\/#breadcrumb\"},\"inLanguage\":\"de\",\"potentialAction\":[{\"@type\":\"ReadAction\",\"target\":[\"https:\\\/\\\/mobilane.com\\\/de\\\/vertikaler-garten-im-innenbereich\\\/\"]}]},{\"@type\":\"ImageObject\",\"inLanguage\":\"de\",\"@id\":\"https:\\\/\\\/mobilane.com\\\/de\\\/vertikaler-garten-im-innenbereich\\\/#primaryimage\",\"url\":\"https:\\\/\\\/mobilane.com\\\/app\\\/uploads\\\/2020\\\/06\\\/LivePanelIndoorPharmacyOfficeInleafUK201701.jpg\",\"contentUrl\":\"https:\\\/\\\/mobilane.com\\\/app\\\/uploads\\\/2020\\\/06\\\/LivePanelIndoorPharmacyOfficeInleafUK201701.jpg\",\"width\":5184,\"height\":3456,\"caption\":\"Inleaf installeert indrukwekkende LivePanel groene wand\"},{\"@type\":\"BreadcrumbList\",\"@id\":\"https:\\\/\\\/mobilane.com\\\/de\\\/vertikaler-garten-im-innenbereich\\\/#breadcrumb\",\"itemListElement\":[{\"@type\":\"ListItem\",\"position\":1,\"name\":\"Home\",\"item\":\"https:\\\/\\\/mobilane.com\\\/de\\\/\"},{\"@type\":\"ListItem\",\"position\":2,\"name\":\"Vertikaler Garten im Innenbereich\"}]},{\"@type\":\"WebSite\",\"@id\":\"https:\\\/\\\/mobilane.com\\\/#website\",\"url\":\"https:\\\/\\\/mobilane.com\\\/\",\"name\":\"Mobilane\",\"description\":\"Ready Made Green Systems\",\"publisher\":{\"@id\":\"https:\\\/\\\/mobilane.com\\\/#organization\"},\"potentialAction\":[{\"@type\":\"SearchAction\",\"target\":{\"@type\":\"EntryPoint\",\"urlTemplate\":\"https:\\\/\\\/mobilane.com\\\/?s={search_term_string}\"},\"query-input\":{\"@type\":\"PropertyValueSpecification\",\"valueRequired\":true,\"valueName\":\"search_term_string\"}}],\"inLanguage\":\"de\"},{\"@type\":\"Organization\",\"@id\":\"https:\\\/\\\/mobilane.com\\\/#organization\",\"name\":\"Mobilane\",\"url\":\"https:\\\/\\\/mobilane.com\\\/\",\"logo\":{\"@type\":\"ImageObject\",\"inLanguage\":\"de\",\"@id\":\"https:\\\/\\\/mobilane.com\\\/#\\\/schema\\\/logo\\\/image\\\/\",\"url\":\"https:\\\/\\\/mobilane.com\\\/app\\\/uploads\\\/2019\\\/10\\\/logo-colour2x.png\",\"contentUrl\":\"https:\\\/\\\/mobilane.com\\\/app\\\/uploads\\\/2019\\\/10\\\/logo-colour2x.png\",\"width\":1472,\"height\":295,\"caption\":\"Mobilane\"},\"image\":{\"@id\":\"https:\\\/\\\/mobilane.com\\\/#\\\/schema\\\/logo\\\/image\\\/\"}}]}<\/script>\n<!-- \/ Yoast SEO plugin. -->","yoast_head_json":{"title":"Vertikaler Garten im Innenbereich | Mobilane","description":"Vertikaler Gr\u00fcn im Innenbereich verleiht Ihrem Unternehmensinterieur eine einzigartige Ausstrahlung. Gr\u00fcn ist absolut in!","robots":{"index":"index","follow":"follow","max-snippet":"max-snippet:-1","max-image-preview":"max-image-preview:large","max-video-preview":"max-video-preview:-1"},"canonical":"https:\/\/mobilane.com\/de\/vertikaler-garten-im-innenbereich\/","og_locale":"de_DE","og_type":"article","og_title":"Vertikaler Garten im Innenbereich | Mobilane","og_description":"Vertikaler Gr\u00fcn im Innenbereich verleiht Ihrem Unternehmensinterieur eine einzigartige Ausstrahlung. Gr\u00fcn ist absolut in!","og_url":"https:\/\/mobilane.com\/de\/vertikaler-garten-im-innenbereich\/","og_site_name":"Mobilane","og_image":[{"width":5184,"height":3456,"url":"https:\/\/mobilane.com\/app\/uploads\/2020\/06\/LivePanelIndoorPharmacyOfficeInleafUK201701.jpg","type":"image\/jpeg"}],"twitter_card":"summary_large_image","twitter_misc":{"Gesch\u00e4tzte Lesezeit":"3\u00a0Minuten"},"schema":{"@context":"https:\/\/schema.org","@graph":[{"@type":"WebPage","@id":"https:\/\/mobilane.com\/de\/vertikaler-garten-im-innenbereich\/","url":"https:\/\/mobilane.com\/de\/vertikaler-garten-im-innenbereich\/","name":"Vertikaler Garten im Innenbereich | Mobilane","isPartOf":{"@id":"https:\/\/mobilane.com\/#website"},"primaryImageOfPage":{"@id":"https:\/\/mobilane.com\/de\/vertikaler-garten-im-innenbereich\/#primaryimage"},"image":{"@id":"https:\/\/mobilane.com\/de\/vertikaler-garten-im-innenbereich\/#primaryimage"},"thumbnailUrl":"https:\/\/mobilane.com\/app\/uploads\/2020\/06\/LivePanelIndoorPharmacyOfficeInleafUK201701.jpg","datePublished":"2020-08-21T13:05:44+00:00","description":"Vertikaler Gr\u00fcn im Innenbereich verleiht Ihrem Unternehmensinterieur eine einzigartige Ausstrahlung. Gr\u00fcn ist absolut in!","breadcrumb":{"@id":"https:\/\/mobilane.com\/de\/vertikaler-garten-im-innenbereich\/#breadcrumb"},"inLanguage":"de","potentialAction":[{"@type":"ReadAction","target":["https:\/\/mobilane.com\/de\/vertikaler-garten-im-innenbereich\/"]}]},{"@type":"ImageObject","inLanguage":"de","@id":"https:\/\/mobilane.com\/de\/vertikaler-garten-im-innenbereich\/#primaryimage","url":"https:\/\/mobilane.com\/app\/uploads\/2020\/06\/LivePanelIndoorPharmacyOfficeInleafUK201701.jpg","contentUrl":"https:\/\/mobilane.com\/app\/uploads\/2020\/06\/LivePanelIndoorPharmacyOfficeInleafUK201701.jpg","width":5184,"height":3456,"caption":"Inleaf installeert indrukwekkende LivePanel groene wand"},{"@type":"BreadcrumbList","@id":"https:\/\/mobilane.com\/de\/vertikaler-garten-im-innenbereich\/#breadcrumb","itemListElement":[{"@type":"ListItem","position":1,"name":"Home","item":"https:\/\/mobilane.com\/de\/"},{"@type":"ListItem","position":2,"name":"Vertikaler Garten im Innenbereich"}]},{"@type":"WebSite","@id":"https:\/\/mobilane.com\/#website","url":"https:\/\/mobilane.com\/","name":"Mobilane","description":"Ready Made Green Systems","publisher":{"@id":"https:\/\/mobilane.com\/#organization"},"potentialAction":[{"@type":"SearchAction","target":{"@type":"EntryPoint","urlTemplate":"https:\/\/mobilane.com\/?s={search_term_string}"},"query-input":{"@type":"PropertyValueSpecification","valueRequired":true,"valueName":"search_term_string"}}],"inLanguage":"de"},{"@type":"Organization","@id":"https:\/\/mobilane.com\/#organization","name":"Mobilane","url":"https:\/\/mobilane.com\/","logo":{"@type":"ImageObject","inLanguage":"de","@id":"https:\/\/mobilane.com\/#\/schema\/logo\/image\/","url":"https:\/\/mobilane.com\/app\/uploads\/2019\/10\/logo-colour2x.png","contentUrl":"https:\/\/mobilane.com\/app\/uploads\/2019\/10\/logo-colour2x.png","width":1472,"height":295,"caption":"Mobilane"},"image":{"@id":"https:\/\/mobilane.com\/#\/schema\/logo\/image\/"}}]}},"_links":{"self":[{"href":"https:\/\/mobilane.com\/de\/wp-json\/wp\/v2\/pages\/28139","targetHints":{"allow":["GET"]}}],"collection":[{"href":"https:\/\/mobilane.com\/de\/wp-json\/wp\/v2\/pages"}],"about":[{"href":"https:\/\/mobilane.com\/de\/wp-json\/wp\/v2\/types\/page"}],"author":[{"embeddable":true,"href":"https:\/\/mobilane.com\/de\/wp-json\/wp\/v2\/users\/16"}],"replies":[{"embeddable":true,"href":"https:\/\/mobilane.com\/de\/wp-json\/wp\/v2\/comments?post=28139"}],"version-history":[{"count":2,"href":"https:\/\/mobilane.com\/de\/wp-json\/wp\/v2\/pages\/28139\/revisions"}],"predecessor-version":[{"id":28141,"href":"https:\/\/mobilane.com\/de\/wp-json\/wp\/v2\/pages\/28139\/revisions\/28141"}],"wp:featuredmedia":[{"embeddable":true,"href":"https:\/\/mobilane.com\/de\/wp-json\/wp\/v2\/media\/22522"}],"wp:attachment":[{"href":"https:\/\/mobilane.com\/de\/wp-json\/wp\/v2\/media?parent=28139"}],"curies":[{"name":"wp","href":"https:\/\/api.w.org\/{rel}","templated":true}]}}