{"id":26042,"date":"2020-04-03T09:58:13","date_gmt":"2020-04-03T07:58:13","guid":{"rendered":"https:\/\/mobilane.com\/loesungen\/scholen\/"},"modified":"2021-10-27T09:56:17","modified_gmt":"2021-10-27T07:56:17","slug":"green-my-school","status":"publish","type":"page","link":"https:\/\/mobilane.com\/de\/loesungen\/green-my-school\/","title":{"rendered":"Green My School"},"content":{"rendered":"<p class=\"p1\"><span class=\"s1\">Das Einatmen von sauberer Luft sollte f\u00fcr jedes Kind normal sein, aber leider ist dies nicht der Fall. Eine schlechte Luftqualit\u00e4t an Schulen sorgt unter anderem f\u00fcr Konzentrationsprobleme und Erm\u00fcdung. Mit dem Projekt GreenMySchool leistet Mobilane einen Beitrag zur Verbesserung der Luftqualit\u00e4t. Mit den Mobilane-L\u00f6sungen kann jede Schule die Luftqualit\u00e4t verbessern. Es ist m\u00f6glich, das gesamte Projekt mithilfe von staatlichen F\u00f6rdermitteln zu finanzieren. Auch bei diesem Verfahren helfen wir Ihnen gerne weiter.<\/span><\/p>\n","protected":false},"excerpt":{"rendered":"<p>Das Einatmen von sauberer Luft sollte f\u00fcr jedes Kind normal sein, aber leider ist dies nicht der Fall. Eine schlechte Luftqualit\u00e4t an Schulen sorgt unter anderem f\u00fcr Konzentrationsprobleme und Erm\u00fcdung. Mit dem Projekt GreenMySchool leistet Mobilane einen Beitrag zur Verbesserung der Luftqualit\u00e4t. Mit den Mobilane-L\u00f6sungen kann jede Schule die Luftqualit\u00e4t verbessern. Es ist m\u00f6glich, das [&hellip;]<\/p>\n","protected":false},"author":16,"featured_media":0,"parent":25311,"menu_order":0,"comment_status":"closed","ping_status":"closed","template":"ct-page-oplos-subpages.php","meta":{"_acf_changed":false,"footnotes":""},"class_list":["post-26042","page","type-page","status-publish","hentry"],"acf":[],"yoast_head":"<!-- This site is optimized with the Yoast SEO plugin v27.4 - https:\/\/yoast.com\/product\/yoast-seo-wordpress\/ -->\n<title>Green My School | Eine gesunde Wahl | Mobilane<\/title>\n<meta name=\"description\" content=\"Wollen Sie zusammen mit uns zu einer ges\u00fcnderen Umgebung f\u00fcr Schulen beitragen? Sehen Sie sich dann die M\u00f6glichkeiten an, und dann legen wir gemeinsam los!\" \/>\n<meta name=\"robots\" content=\"index, follow, max-snippet:-1, max-image-preview:large, max-video-preview:-1\" \/>\n<link rel=\"canonical\" href=\"https:\/\/mobilane.com\/de\/loesungen\/green-my-school\/\" \/>\n<meta property=\"og:locale\" content=\"de_DE\" \/>\n<meta property=\"og:type\" content=\"article\" \/>\n<meta property=\"og:title\" content=\"Green My School | Eine gesunde Wahl | Mobilane\" \/>\n<meta property=\"og:description\" content=\"Wollen Sie zusammen mit uns zu einer ges\u00fcnderen Umgebung f\u00fcr Schulen beitragen? Sehen Sie sich dann die M\u00f6glichkeiten an, und dann legen wir gemeinsam los!\" \/>\n<meta property=\"og:url\" content=\"https:\/\/mobilane.com\/de\/loesungen\/green-my-school\/\" \/>\n<meta property=\"og:site_name\" content=\"Mobilane\" \/>\n<meta property=\"article:modified_time\" content=\"2021-10-27T07:56:17+00:00\" \/>\n<meta name=\"twitter:card\" content=\"summary_large_image\" \/>\n<script type=\"application\/ld+json\" class=\"yoast-schema-graph\">{\"@context\":\"https:\\\/\\\/schema.org\",\"@graph\":[{\"@type\":\"WebPage\",\"@id\":\"https:\\\/\\\/mobilane.com\\\/de\\\/loesungen\\\/green-my-school\\\/\",\"url\":\"https:\\\/\\\/mobilane.com\\\/de\\\/loesungen\\\/green-my-school\\\/\",\"name\":\"Green My School | Eine gesunde Wahl | Mobilane\",\"isPartOf\":{\"@id\":\"https:\\\/\\\/mobilane.com\\\/#website\"},\"datePublished\":\"2020-04-03T07:58:13+00:00\",\"dateModified\":\"2021-10-27T07:56:17+00:00\",\"description\":\"Wollen Sie zusammen mit uns zu einer ges\u00fcnderen Umgebung f\u00fcr Schulen beitragen? Sehen Sie sich dann die M\u00f6glichkeiten an, und dann legen wir gemeinsam los!\",\"breadcrumb\":{\"@id\":\"https:\\\/\\\/mobilane.com\\\/de\\\/loesungen\\\/green-my-school\\\/#breadcrumb\"},\"inLanguage\":\"de\",\"potentialAction\":[{\"@type\":\"ReadAction\",\"target\":[\"https:\\\/\\\/mobilane.com\\\/de\\\/loesungen\\\/green-my-school\\\/\"]}]},{\"@type\":\"BreadcrumbList\",\"@id\":\"https:\\\/\\\/mobilane.com\\\/de\\\/loesungen\\\/green-my-school\\\/#breadcrumb\",\"itemListElement\":[{\"@type\":\"ListItem\",\"position\":1,\"name\":\"Home\",\"item\":\"https:\\\/\\\/mobilane.com\\\/de\\\/\"},{\"@type\":\"ListItem\",\"position\":2,\"name\":\"L\u00f6sungen\",\"item\":\"https:\\\/\\\/mobilane.com\\\/de\\\/loesungen\\\/\"},{\"@type\":\"ListItem\",\"position\":3,\"name\":\"Green My School\"}]},{\"@type\":\"WebSite\",\"@id\":\"https:\\\/\\\/mobilane.com\\\/#website\",\"url\":\"https:\\\/\\\/mobilane.com\\\/\",\"name\":\"Mobilane\",\"description\":\"Ready Made Green Systems\",\"publisher\":{\"@id\":\"https:\\\/\\\/mobilane.com\\\/#organization\"},\"potentialAction\":[{\"@type\":\"SearchAction\",\"target\":{\"@type\":\"EntryPoint\",\"urlTemplate\":\"https:\\\/\\\/mobilane.com\\\/?s={search_term_string}\"},\"query-input\":{\"@type\":\"PropertyValueSpecification\",\"valueRequired\":true,\"valueName\":\"search_term_string\"}}],\"inLanguage\":\"de\"},{\"@type\":\"Organization\",\"@id\":\"https:\\\/\\\/mobilane.com\\\/#organization\",\"name\":\"Mobilane\",\"url\":\"https:\\\/\\\/mobilane.com\\\/\",\"logo\":{\"@type\":\"ImageObject\",\"inLanguage\":\"de\",\"@id\":\"https:\\\/\\\/mobilane.com\\\/#\\\/schema\\\/logo\\\/image\\\/\",\"url\":\"https:\\\/\\\/mobilane.com\\\/app\\\/uploads\\\/2019\\\/10\\\/logo-colour2x.png\",\"contentUrl\":\"https:\\\/\\\/mobilane.com\\\/app\\\/uploads\\\/2019\\\/10\\\/logo-colour2x.png\",\"width\":1472,\"height\":295,\"caption\":\"Mobilane\"},\"image\":{\"@id\":\"https:\\\/\\\/mobilane.com\\\/#\\\/schema\\\/logo\\\/image\\\/\"}}]}<\/script>\n<!-- \/ Yoast SEO plugin. -->","yoast_head_json":{"title":"Green My School | Eine gesunde Wahl | Mobilane","description":"Wollen Sie zusammen mit uns zu einer ges\u00fcnderen Umgebung f\u00fcr Schulen beitragen? Sehen Sie sich dann die M\u00f6glichkeiten an, und dann legen wir gemeinsam los!","robots":{"index":"index","follow":"follow","max-snippet":"max-snippet:-1","max-image-preview":"max-image-preview:large","max-video-preview":"max-video-preview:-1"},"canonical":"https:\/\/mobilane.com\/de\/loesungen\/green-my-school\/","og_locale":"de_DE","og_type":"article","og_title":"Green My School | Eine gesunde Wahl | Mobilane","og_description":"Wollen Sie zusammen mit uns zu einer ges\u00fcnderen Umgebung f\u00fcr Schulen beitragen? Sehen Sie sich dann die M\u00f6glichkeiten an, und dann legen wir gemeinsam los!","og_url":"https:\/\/mobilane.com\/de\/loesungen\/green-my-school\/","og_site_name":"Mobilane","article_modified_time":"2021-10-27T07:56:17+00:00","twitter_card":"summary_large_image","schema":{"@context":"https:\/\/schema.org","@graph":[{"@type":"WebPage","@id":"https:\/\/mobilane.com\/de\/loesungen\/green-my-school\/","url":"https:\/\/mobilane.com\/de\/loesungen\/green-my-school\/","name":"Green My School | Eine gesunde Wahl | Mobilane","isPartOf":{"@id":"https:\/\/mobilane.com\/#website"},"datePublished":"2020-04-03T07:58:13+00:00","dateModified":"2021-10-27T07:56:17+00:00","description":"Wollen Sie zusammen mit uns zu einer ges\u00fcnderen Umgebung f\u00fcr Schulen beitragen? Sehen Sie sich dann die M\u00f6glichkeiten an, und dann legen wir gemeinsam los!","breadcrumb":{"@id":"https:\/\/mobilane.com\/de\/loesungen\/green-my-school\/#breadcrumb"},"inLanguage":"de","potentialAction":[{"@type":"ReadAction","target":["https:\/\/mobilane.com\/de\/loesungen\/green-my-school\/"]}]},{"@type":"BreadcrumbList","@id":"https:\/\/mobilane.com\/de\/loesungen\/green-my-school\/#breadcrumb","itemListElement":[{"@type":"ListItem","position":1,"name":"Home","item":"https:\/\/mobilane.com\/de\/"},{"@type":"ListItem","position":2,"name":"L\u00f6sungen","item":"https:\/\/mobilane.com\/de\/loesungen\/"},{"@type":"ListItem","position":3,"name":"Green My School"}]},{"@type":"WebSite","@id":"https:\/\/mobilane.com\/#website","url":"https:\/\/mobilane.com\/","name":"Mobilane","description":"Ready Made Green Systems","publisher":{"@id":"https:\/\/mobilane.com\/#organization"},"potentialAction":[{"@type":"SearchAction","target":{"@type":"EntryPoint","urlTemplate":"https:\/\/mobilane.com\/?s={search_term_string}"},"query-input":{"@type":"PropertyValueSpecification","valueRequired":true,"valueName":"search_term_string"}}],"inLanguage":"de"},{"@type":"Organization","@id":"https:\/\/mobilane.com\/#organization","name":"Mobilane","url":"https:\/\/mobilane.com\/","logo":{"@type":"ImageObject","inLanguage":"de","@id":"https:\/\/mobilane.com\/#\/schema\/logo\/image\/","url":"https:\/\/mobilane.com\/app\/uploads\/2019\/10\/logo-colour2x.png","contentUrl":"https:\/\/mobilane.com\/app\/uploads\/2019\/10\/logo-colour2x.png","width":1472,"height":295,"caption":"Mobilane"},"image":{"@id":"https:\/\/mobilane.com\/#\/schema\/logo\/image\/"}}]}},"_links":{"self":[{"href":"https:\/\/mobilane.com\/de\/wp-json\/wp\/v2\/pages\/26042","targetHints":{"allow":["GET"]}}],"collection":[{"href":"https:\/\/mobilane.com\/de\/wp-json\/wp\/v2\/pages"}],"about":[{"href":"https:\/\/mobilane.com\/de\/wp-json\/wp\/v2\/types\/page"}],"author":[{"embeddable":true,"href":"https:\/\/mobilane.com\/de\/wp-json\/wp\/v2\/users\/16"}],"replies":[{"embeddable":true,"href":"https:\/\/mobilane.com\/de\/wp-json\/wp\/v2\/comments?post=26042"}],"version-history":[{"count":5,"href":"https:\/\/mobilane.com\/de\/wp-json\/wp\/v2\/pages\/26042\/revisions"}],"predecessor-version":[{"id":40911,"href":"https:\/\/mobilane.com\/de\/wp-json\/wp\/v2\/pages\/26042\/revisions\/40911"}],"up":[{"embeddable":true,"href":"https:\/\/mobilane.com\/de\/wp-json\/wp\/v2\/pages\/25311"}],"wp:attachment":[{"href":"https:\/\/mobilane.com\/de\/wp-json\/wp\/v2\/media?parent=26042"}],"curies":[{"name":"wp","href":"https:\/\/api.w.org\/{rel}","templated":true}]}}