{"id":25579,"date":"2020-03-12T06:52:51","date_gmt":"2020-03-12T05:52:51","guid":{"rendered":"https:\/\/mobilane.com\/duurzaamheid\/"},"modified":"2020-06-15T13:58:21","modified_gmt":"2020-06-15T11:58:21","slug":"nachhaltigkeit","status":"publish","type":"page","link":"https:\/\/mobilane.com\/de\/nachhaltigkeit\/","title":{"rendered":"Nachhaltigkeit"},"content":{"rendered":"<div class=\"right-product-info\">\n<div class=\"article__intro\">\n<p>Wir wollen dazu beitragen, die Welt zu einem besseren Ort zu machen. Aus diesem Grund haben wir eine Reihe von CSR-Zielen in unsere Gescha\u0308ftsstrategien, Ziele und Prozesse integriert.<\/p>\n<\/div>\n<div class=\"care-content\">\n<div class=\"row\">\n<div class=\"col-md-12 col-sm-12 col-xs-12\">\n<h3>Erneuerbare Energie<\/h3>\n<p>Wir arbeiten in unseren Gewa\u0308chsha\u0308usern mit verschiedenen Klimazonen. Auf diese Weise verschwenden wir keine Energie. Die Klimazonen fu\u0308r unsere Jungpflanzen werden mit Energie aus einem nachhaltigen Energiemix beheizt. Dafu\u0308r sind wir Partner des Gartenbaugebietes NEXTgarden; eines kollektiven Energie-Clusters. Gemeinsam setzen wir uns fu\u0308r einen klimaneutralen Anbau ein. Wind- und Sonnenenergie, Energiespeicherung und die Anbindung des Gebiets an das ehrgeizige Wa\u0308rmenetzprojekt sind gro\u00dfartige Initiativen.<\/p>\n<h3>Wasserkreislauf<\/h3>\n<p>Zur Bewa\u0308sserung unserer Pflanzen verwenden wir Regenwasser, das wir in einem Sammelteich auffangen. Wir<br \/>\nnutzen dieses Wasser fu\u0308r unser geschlossenes Anbausystem. Das u\u0308berschu\u0308ssige Wasser, das nicht von den Pflanzen aufgenommen wird, wird aufgefangen und wiederverwendet. Dieses Wasser wird durch einen UV-Filter desinfiziert, um die Ausbreitung von potenziellen Krankheiten in den Pflanzen zu verhindern, und anschlie\u00dfend in unserem Au\u00dfensilo gelagert. Mit diesen Methoden verschwenden wir kein Wasser und reduzieren unseren Wasser-Fu\u00dfabdruck.<\/p>\n<div class=\"content-img\"><img decoding=\"async\" class=\"img-responsive\" src=\"http:\/\/mobilane.com\/app\/plugins\/header-setting\/images\/we-care-img2.jpg\" alt=\"\" \/><\/div>\n<h3>Biologischer Pflanzenschutz<\/h3>\n<p>In unserem Gewa\u0308chshaus machen wir von der biologischen Scha\u0308dlingsbeka\u0308mpfung Gebrauch. Das bedeutet, dass Scha\u0308dlinge mit ihren natu\u0308rlichen Feinden beka\u0308mpft werden. Die von uns verwendeten Mittel werden auf Sicherheit und Wirksamkeit getestet und schaden der Umwelt nicht.<\/p>\n<h3>Soziale Verantwortung<\/h3>\n<p>Eines unserer Ziele ist es, Gescha\u0308fte mit einer sozialen Mission zu verbinden. Unser Gewa\u0308chshaus bietet daher mehr als 200 Kollegen mit Beeintra\u0308chtigungen eine Bescha\u0308ftigung. Die Kompetenzen der Menschen stehen fu\u0308r uns im Fokus, um einen geeigneten und mo\u0308glichst regula\u0308ren Arbeitsplatz zu schaffen.<\/p>\n<h3>Biodiversit\u00e4t<\/h3>\n<p>Alle unsere <a href=\"https:\/\/mobilane.com\/de\/produkte\/\">Produkte<\/a> (Outdoor) tragen zur biologischen Vielfalt in der Umwelt bei. Die Welt kann ohne biologische Vielfalt nicht existieren. Pflanzenarten und O\u0308kosysteme sorgen z. B. fu\u0308r die Sauerstoffproduktion, die Besta\u0308ubung der Pflanzen, sauberes Wasser, fruchtbaren Boden und ein stabiles Klima.<\/p>\n<div class=\"content-img\"><img decoding=\"async\" class=\"img-responsive\" src=\"http:\/\/mobilane.com\/app\/plugins\/header-setting\/images\/we-care-img.jpg\" alt=\"\" \/> <span class=\"drone-text\">\u00a9 Spot companion und tuinbouwgebied NEXTgarden<\/span><\/div>\n<\/div>\n<\/div>\n<\/div>\n<\/div>\n","protected":false},"excerpt":{"rendered":"<p>Wir wollen dazu beitragen, die Welt zu einem besseren Ort zu machen. Aus diesem Grund haben wir eine Reihe von CSR-Zielen in unsere Gescha\u0308ftsstrategien, Ziele und Prozesse integriert. Erneuerbare Energie Wir arbeiten in unseren Gewa\u0308chsha\u0308usern mit verschiedenen Klimazonen. Auf diese Weise verschwenden wir keine Energie. Die Klimazonen fu\u0308r unsere Jungpflanzen werden mit Energie aus einem [&hellip;]<\/p>\n","protected":false},"author":16,"featured_media":0,"parent":0,"menu_order":0,"comment_status":"closed","ping_status":"closed","template":"ct-page-care.php","meta":{"_acf_changed":false,"footnotes":""},"class_list":["post-25579","page","type-page","status-publish","hentry"],"acf":[],"yoast_head":"<!-- This site is optimized with the Yoast SEO plugin v27.4 - https:\/\/yoast.com\/product\/yoast-seo-wordpress\/ -->\n<title>Haltbarkeit | Mobilane macht die Welt zu einem besseren Ort<\/title>\n<meta name=\"description\" content=\"Um die Welt zu einem besseren Ort zu machen, haben wir eine Reihe von CSR-Zielen in unsere Gescha\u0308ftsstrategien, Ziele und Prozesse integriert.\" \/>\n<meta name=\"robots\" content=\"index, follow, max-snippet:-1, max-image-preview:large, max-video-preview:-1\" \/>\n<link rel=\"canonical\" href=\"https:\/\/mobilane.com\/de\/nachhaltigkeit\/\" \/>\n<meta property=\"og:locale\" content=\"de_DE\" \/>\n<meta property=\"og:type\" content=\"article\" \/>\n<meta property=\"og:title\" content=\"Haltbarkeit | Mobilane macht die Welt zu einem besseren Ort\" \/>\n<meta property=\"og:description\" content=\"Um die Welt zu einem besseren Ort zu machen, haben wir eine Reihe von CSR-Zielen in unsere Gescha\u0308ftsstrategien, Ziele und Prozesse integriert.\" \/>\n<meta property=\"og:url\" content=\"https:\/\/mobilane.com\/de\/nachhaltigkeit\/\" \/>\n<meta property=\"og:site_name\" content=\"Mobilane\" \/>\n<meta property=\"article:modified_time\" content=\"2020-06-15T11:58:21+00:00\" \/>\n<meta property=\"og:image\" content=\"http:\/\/mobilane.com\/app\/plugins\/header-setting\/images\/we-care-img2.jpg\" \/>\n<meta name=\"twitter:card\" content=\"summary_large_image\" \/>\n<meta name=\"twitter:label1\" content=\"Gesch\u00e4tzte Lesezeit\" \/>\n\t<meta name=\"twitter:data1\" content=\"2\u00a0Minuten\" \/>\n<script type=\"application\/ld+json\" class=\"yoast-schema-graph\">{\"@context\":\"https:\\\/\\\/schema.org\",\"@graph\":[{\"@type\":\"WebPage\",\"@id\":\"https:\\\/\\\/mobilane.com\\\/de\\\/nachhaltigkeit\\\/\",\"url\":\"https:\\\/\\\/mobilane.com\\\/de\\\/nachhaltigkeit\\\/\",\"name\":\"Haltbarkeit | Mobilane macht die Welt zu einem besseren Ort\",\"isPartOf\":{\"@id\":\"https:\\\/\\\/mobilane.com\\\/#website\"},\"primaryImageOfPage\":{\"@id\":\"https:\\\/\\\/mobilane.com\\\/de\\\/nachhaltigkeit\\\/#primaryimage\"},\"image\":{\"@id\":\"https:\\\/\\\/mobilane.com\\\/de\\\/nachhaltigkeit\\\/#primaryimage\"},\"thumbnailUrl\":\"http:\\\/\\\/mobilane.com\\\/app\\\/plugins\\\/header-setting\\\/images\\\/we-care-img2.jpg\",\"datePublished\":\"2020-03-12T05:52:51+00:00\",\"dateModified\":\"2020-06-15T11:58:21+00:00\",\"description\":\"Um die Welt zu einem besseren Ort zu machen, haben wir eine Reihe von CSR-Zielen in unsere Gescha\u0308ftsstrategien, Ziele und Prozesse integriert.\",\"breadcrumb\":{\"@id\":\"https:\\\/\\\/mobilane.com\\\/de\\\/nachhaltigkeit\\\/#breadcrumb\"},\"inLanguage\":\"de\",\"potentialAction\":[{\"@type\":\"ReadAction\",\"target\":[\"https:\\\/\\\/mobilane.com\\\/de\\\/nachhaltigkeit\\\/\"]}]},{\"@type\":\"ImageObject\",\"inLanguage\":\"de\",\"@id\":\"https:\\\/\\\/mobilane.com\\\/de\\\/nachhaltigkeit\\\/#primaryimage\",\"url\":\"http:\\\/\\\/mobilane.com\\\/app\\\/plugins\\\/header-setting\\\/images\\\/we-care-img2.jpg\",\"contentUrl\":\"http:\\\/\\\/mobilane.com\\\/app\\\/plugins\\\/header-setting\\\/images\\\/we-care-img2.jpg\"},{\"@type\":\"BreadcrumbList\",\"@id\":\"https:\\\/\\\/mobilane.com\\\/de\\\/nachhaltigkeit\\\/#breadcrumb\",\"itemListElement\":[{\"@type\":\"ListItem\",\"position\":1,\"name\":\"Home\",\"item\":\"https:\\\/\\\/mobilane.com\\\/de\\\/\"},{\"@type\":\"ListItem\",\"position\":2,\"name\":\"Nachhaltigkeit\"}]},{\"@type\":\"WebSite\",\"@id\":\"https:\\\/\\\/mobilane.com\\\/#website\",\"url\":\"https:\\\/\\\/mobilane.com\\\/\",\"name\":\"Mobilane\",\"description\":\"Ready Made Green Systems\",\"publisher\":{\"@id\":\"https:\\\/\\\/mobilane.com\\\/#organization\"},\"potentialAction\":[{\"@type\":\"SearchAction\",\"target\":{\"@type\":\"EntryPoint\",\"urlTemplate\":\"https:\\\/\\\/mobilane.com\\\/?s={search_term_string}\"},\"query-input\":{\"@type\":\"PropertyValueSpecification\",\"valueRequired\":true,\"valueName\":\"search_term_string\"}}],\"inLanguage\":\"de\"},{\"@type\":\"Organization\",\"@id\":\"https:\\\/\\\/mobilane.com\\\/#organization\",\"name\":\"Mobilane\",\"url\":\"https:\\\/\\\/mobilane.com\\\/\",\"logo\":{\"@type\":\"ImageObject\",\"inLanguage\":\"de\",\"@id\":\"https:\\\/\\\/mobilane.com\\\/#\\\/schema\\\/logo\\\/image\\\/\",\"url\":\"https:\\\/\\\/mobilane.com\\\/app\\\/uploads\\\/2019\\\/10\\\/logo-colour2x.png\",\"contentUrl\":\"https:\\\/\\\/mobilane.com\\\/app\\\/uploads\\\/2019\\\/10\\\/logo-colour2x.png\",\"width\":1472,\"height\":295,\"caption\":\"Mobilane\"},\"image\":{\"@id\":\"https:\\\/\\\/mobilane.com\\\/#\\\/schema\\\/logo\\\/image\\\/\"}}]}<\/script>\n<!-- \/ Yoast SEO plugin. -->","yoast_head_json":{"title":"Haltbarkeit | Mobilane macht die Welt zu einem besseren Ort","description":"Um die Welt zu einem besseren Ort zu machen, haben wir eine Reihe von CSR-Zielen in unsere Gescha\u0308ftsstrategien, Ziele und Prozesse integriert.","robots":{"index":"index","follow":"follow","max-snippet":"max-snippet:-1","max-image-preview":"max-image-preview:large","max-video-preview":"max-video-preview:-1"},"canonical":"https:\/\/mobilane.com\/de\/nachhaltigkeit\/","og_locale":"de_DE","og_type":"article","og_title":"Haltbarkeit | Mobilane macht die Welt zu einem besseren Ort","og_description":"Um die Welt zu einem besseren Ort zu machen, haben wir eine Reihe von CSR-Zielen in unsere Gescha\u0308ftsstrategien, Ziele und Prozesse integriert.","og_url":"https:\/\/mobilane.com\/de\/nachhaltigkeit\/","og_site_name":"Mobilane","article_modified_time":"2020-06-15T11:58:21+00:00","og_image":[{"url":"http:\/\/mobilane.com\/app\/plugins\/header-setting\/images\/we-care-img2.jpg","type":"","width":"","height":""}],"twitter_card":"summary_large_image","twitter_misc":{"Gesch\u00e4tzte Lesezeit":"2\u00a0Minuten"},"schema":{"@context":"https:\/\/schema.org","@graph":[{"@type":"WebPage","@id":"https:\/\/mobilane.com\/de\/nachhaltigkeit\/","url":"https:\/\/mobilane.com\/de\/nachhaltigkeit\/","name":"Haltbarkeit | Mobilane macht die Welt zu einem besseren Ort","isPartOf":{"@id":"https:\/\/mobilane.com\/#website"},"primaryImageOfPage":{"@id":"https:\/\/mobilane.com\/de\/nachhaltigkeit\/#primaryimage"},"image":{"@id":"https:\/\/mobilane.com\/de\/nachhaltigkeit\/#primaryimage"},"thumbnailUrl":"http:\/\/mobilane.com\/app\/plugins\/header-setting\/images\/we-care-img2.jpg","datePublished":"2020-03-12T05:52:51+00:00","dateModified":"2020-06-15T11:58:21+00:00","description":"Um die Welt zu einem besseren Ort zu machen, haben wir eine Reihe von CSR-Zielen in unsere Gescha\u0308ftsstrategien, Ziele und Prozesse integriert.","breadcrumb":{"@id":"https:\/\/mobilane.com\/de\/nachhaltigkeit\/#breadcrumb"},"inLanguage":"de","potentialAction":[{"@type":"ReadAction","target":["https:\/\/mobilane.com\/de\/nachhaltigkeit\/"]}]},{"@type":"ImageObject","inLanguage":"de","@id":"https:\/\/mobilane.com\/de\/nachhaltigkeit\/#primaryimage","url":"http:\/\/mobilane.com\/app\/plugins\/header-setting\/images\/we-care-img2.jpg","contentUrl":"http:\/\/mobilane.com\/app\/plugins\/header-setting\/images\/we-care-img2.jpg"},{"@type":"BreadcrumbList","@id":"https:\/\/mobilane.com\/de\/nachhaltigkeit\/#breadcrumb","itemListElement":[{"@type":"ListItem","position":1,"name":"Home","item":"https:\/\/mobilane.com\/de\/"},{"@type":"ListItem","position":2,"name":"Nachhaltigkeit"}]},{"@type":"WebSite","@id":"https:\/\/mobilane.com\/#website","url":"https:\/\/mobilane.com\/","name":"Mobilane","description":"Ready Made Green Systems","publisher":{"@id":"https:\/\/mobilane.com\/#organization"},"potentialAction":[{"@type":"SearchAction","target":{"@type":"EntryPoint","urlTemplate":"https:\/\/mobilane.com\/?s={search_term_string}"},"query-input":{"@type":"PropertyValueSpecification","valueRequired":true,"valueName":"search_term_string"}}],"inLanguage":"de"},{"@type":"Organization","@id":"https:\/\/mobilane.com\/#organization","name":"Mobilane","url":"https:\/\/mobilane.com\/","logo":{"@type":"ImageObject","inLanguage":"de","@id":"https:\/\/mobilane.com\/#\/schema\/logo\/image\/","url":"https:\/\/mobilane.com\/app\/uploads\/2019\/10\/logo-colour2x.png","contentUrl":"https:\/\/mobilane.com\/app\/uploads\/2019\/10\/logo-colour2x.png","width":1472,"height":295,"caption":"Mobilane"},"image":{"@id":"https:\/\/mobilane.com\/#\/schema\/logo\/image\/"}}]}},"_links":{"self":[{"href":"https:\/\/mobilane.com\/de\/wp-json\/wp\/v2\/pages\/25579","targetHints":{"allow":["GET"]}}],"collection":[{"href":"https:\/\/mobilane.com\/de\/wp-json\/wp\/v2\/pages"}],"about":[{"href":"https:\/\/mobilane.com\/de\/wp-json\/wp\/v2\/types\/page"}],"author":[{"embeddable":true,"href":"https:\/\/mobilane.com\/de\/wp-json\/wp\/v2\/users\/16"}],"replies":[{"embeddable":true,"href":"https:\/\/mobilane.com\/de\/wp-json\/wp\/v2\/comments?post=25579"}],"version-history":[{"count":5,"href":"https:\/\/mobilane.com\/de\/wp-json\/wp\/v2\/pages\/25579\/revisions"}],"predecessor-version":[{"id":26293,"href":"https:\/\/mobilane.com\/de\/wp-json\/wp\/v2\/pages\/25579\/revisions\/26293"}],"wp:attachment":[{"href":"https:\/\/mobilane.com\/de\/wp-json\/wp\/v2\/media?parent=25579"}],"curies":[{"name":"wp","href":"https:\/\/api.w.org\/{rel}","templated":true}]}}