{"id":25369,"date":"2020-06-09T19:48:12","date_gmt":"2020-06-09T17:48:12","guid":{"rendered":"https:\/\/mobilane.com\/?page_id=25369"},"modified":"2024-06-05T14:58:41","modified_gmt":"2024-06-05T12:58:41","slug":"arbeiten-bei-mobilane","status":"publish","type":"page","link":"https:\/\/mobilane.com\/de\/arbeiten-bei-mobilane\/","title":{"rendered":"Arbeiten bei Mobilane"},"content":{"rendered":"<p style=\"text-align: left;\"><strong>Bei Mobilane zu arbeiten bedeutet, in einem weltweit t\u00e4tigen Familienunternehmen mit Entwicklungsm\u00f6glichkeiten zu arbeiten, in dem die Leidenschaft f\u00fcr Umwelt, Qualit\u00e4t und Innovation an erster Stelle steht. Mit unseren Produkten tragen wir zur Klimaanpassung, zur Artenvielfalt und zur Entwicklung naturvertr\u00e4glicher und zukunftssicherer Bauprojekte bei. Zusammen mit unserem engagierten Team von mehr als 40 Mitarbeitenden arbeiten, innovieren, bauen und lernen wir gemeinsam, um das Beste aus sich und einander herauszuholen. Wir legen Wert auf Offenheit gegen\u00fcber den individuellen Eigenschaften und Unterschieden der anderen und setzen daher voll auf Inklusion und Verschiedenheit. <\/strong><\/p>\n<p><img loading=\"lazy\" decoding=\"async\" class=\"alignnone size-full wp-image-64289\" src=\"https:\/\/mobilane.com\/app\/uploads\/2024\/03\/Mobilane-werken-bij-2-1.jpg\" alt=\"Mobilane vacatures\" width=\"4063\" height=\"1342\" srcset=\"https:\/\/mobilane.com\/app\/uploads\/2024\/03\/Mobilane-werken-bij-2-1.jpg 4063w, https:\/\/mobilane.com\/app\/uploads\/2024\/03\/Mobilane-werken-bij-2-1-300x99.jpg 300w, https:\/\/mobilane.com\/app\/uploads\/2024\/03\/Mobilane-werken-bij-2-1-1024x338.jpg 1024w, https:\/\/mobilane.com\/app\/uploads\/2024\/03\/Mobilane-werken-bij-2-1-768x254.jpg 768w, https:\/\/mobilane.com\/app\/uploads\/2024\/03\/Mobilane-werken-bij-2-1-1536x507.jpg 1536w, https:\/\/mobilane.com\/app\/uploads\/2024\/03\/Mobilane-werken-bij-2-1-2048x676.jpg 2048w, https:\/\/mobilane.com\/app\/uploads\/2024\/03\/Mobilane-werken-bij-2-1-305x101.jpg 305w, https:\/\/mobilane.com\/app\/uploads\/2024\/03\/Mobilane-werken-bij-2-1-470x155.jpg 470w, https:\/\/mobilane.com\/app\/uploads\/2024\/03\/Mobilane-werken-bij-2-1-151x50.jpg 151w\" sizes=\"auto, (max-width: 4063px) 100vw, 4063px\" \/><\/p>\n<h2 style=\"text-align: center;\">Arbeiten bei Mobilane bedeutet<\/h2>\n<p style=\"text-align: left;\"><strong>EINEN BEITRAG LEISTEN:<\/strong> Die Arbeit bei Mobilane bietet die M\u00f6glichkeit, einen wichtigen Beitrag zur Schaffung eines gr\u00fcnen und nachhaltigen Planeten zu leisten. Dar\u00fcber hinaus tragen wir durch die Besch\u00e4ftigung von mehr als 250 Arbeitskr\u00e4ften mit einer gewissen Distanz zum Arbeitsmarkt auch zur sozialen Integration bei.<\/p>\n<p style=\"text-align: left;\"><strong>EINE POSITIVE UNTERNEHMENSKULTUR:<\/strong> Bei Mobilane streben wir eine Unternehmenskultur an, die auf Einbeziehung, Vielfalt und Teamgeist beruht. Wir glauben an die Schaffung eines Arbeitsumfelds, in dem sich jeder wertgesch\u00e4tzt, respektiert und geh\u00f6rt f\u00fchlt, unabh\u00e4ngig von Herkunft, Geschlecht, Alter oder anderen Merkmalen. Unser Teamgeist treibt unseren Erfolg an. Wir f\u00f6rdern die Zusammenarbeit und Unterst\u00fctzung, weil wir glauben, dass die geb\u00fcndelten St\u00e4rken zu besseren Leistungen und Ergebnissen f\u00fchren. Bei Mobilane sind wir ein Team, gesteuert von unserer gemeinsamen Leidenschaft f\u00fcr Umweltfreundlichkeit, Nachhaltigkeit und die Schaffung eines positiven Einflusses auf die Welt um uns herum.<\/p>\n<p style=\"text-align: left;\"><strong>PERS\u00d6NLICHES WACHSTUM:<\/strong> Wir bei Mobilane glauben, dass Wachstum ein wesentlicher Bestandteil unseres Gesch\u00e4fts ist, nicht nur f\u00fcr unsere Pflanzen, sondern auch f\u00fcr unsere Mitarbeiter. Deshalb bem\u00fchen wir uns, ein Arbeitsumfeld zu schaffen, das Wachstum und Entwicklung f\u00fcr alle unsere Teammitglieder f\u00f6rdert. Egal, ob Sie am Anfang Ihrer Karriere stehen oder bereits \u00fcber jahrelange Erfahrung verf\u00fcgen, wir bieten Ihnen die Unterst\u00fctzung und die Ressourcen, die Sie ben\u00f6tigen, um Ihre F\u00e4higkeiten auszubauen und zu entwickeln. Dies kann von internen Schulungen und Workshops bis hin zu externen Bildungsangeboten und Mentoring-Programmen reichen.<\/p>\n<h2 style=\"text-align: center;\"><strong>Was die Mitarbeiter zu sagen haben<\/strong><\/h2>\n<p><a href=\"https:\/\/mobilane.com\/de\/was-die-mitarbeiter-zu-sagen-haben\/\" target=\"_blank\" rel=\"noopener\"><img loading=\"lazy\" decoding=\"async\" class=\"alignnone size-full wp-image-66250\" src=\"https:\/\/mobilane.com\/app\/uploads\/2024\/06\/DE-Mobilane-website-Header-medewerkers-aan-het-woord-2.jpg\" alt=\"Mobilane websit medewerkers aan het woord\" width=\"2000\" height=\"600\" srcset=\"https:\/\/mobilane.com\/app\/uploads\/2024\/06\/DE-Mobilane-website-Header-medewerkers-aan-het-woord-2.jpg 2000w, https:\/\/mobilane.com\/app\/uploads\/2024\/06\/DE-Mobilane-website-Header-medewerkers-aan-het-woord-2-300x90.jpg 300w, https:\/\/mobilane.com\/app\/uploads\/2024\/06\/DE-Mobilane-website-Header-medewerkers-aan-het-woord-2-1024x307.jpg 1024w, https:\/\/mobilane.com\/app\/uploads\/2024\/06\/DE-Mobilane-website-Header-medewerkers-aan-het-woord-2-768x230.jpg 768w, https:\/\/mobilane.com\/app\/uploads\/2024\/06\/DE-Mobilane-website-Header-medewerkers-aan-het-woord-2-1536x461.jpg 1536w, https:\/\/mobilane.com\/app\/uploads\/2024\/06\/DE-Mobilane-website-Header-medewerkers-aan-het-woord-2-305x92.jpg 305w, https:\/\/mobilane.com\/app\/uploads\/2024\/06\/DE-Mobilane-website-Header-medewerkers-aan-het-woord-2-470x141.jpg 470w, https:\/\/mobilane.com\/app\/uploads\/2024\/06\/DE-Mobilane-website-Header-medewerkers-aan-het-woord-2-167x50.jpg 167w\" sizes=\"auto, (max-width: 2000px) 100vw, 2000px\" \/><\/a><\/p>\n<h2 style=\"text-align: center;\"><strong>Stellenangebote<\/strong><\/h2>\n<p style=\"text-align: center;\">Tragen Sie zu bahnbrechenden Projekten bei und arbeiten Sie mit engagierten Teams zusammen, die sich den echten Herausforderungen stellen. Bewerben Sie sich noch heute und machen Sie sich auf den Weg, um einen gr\u00fcneren Planeten zu schaffen. Gemeinsam k\u00f6nnen wir die Welt f\u00fcr eine nachhaltigere Zukunft ver\u00e4ndern. Kommen Sie zu uns und lassen Sie Ihre Begeisterung f\u00fcr die Umwelt lebendig werden.<\/p>\n<p style=\"text-align: center;\">Wollen Sie Teil unserer gr\u00fcnen Mission werden? Informieren Sie sich \u00fcber unsere offenen Stellen!<\/p>\n","protected":false},"excerpt":{"rendered":"<p>Bei Mobilane zu arbeiten bedeutet, in einem weltweit t\u00e4tigen Familienunternehmen mit Entwicklungsm\u00f6glichkeiten zu arbeiten, in dem die Leidenschaft f\u00fcr Umwelt, Qualit\u00e4t und Innovation an erster Stelle steht. Mit unseren Produkten tragen wir zur Klimaanpassung, zur Artenvielfalt und zur Entwicklung naturvertr\u00e4glicher und zukunftssicherer Bauprojekte bei. Zusammen mit unserem engagierten Team von mehr als 40 Mitarbeitenden arbeiten, [&hellip;]<\/p>\n","protected":false},"author":2,"featured_media":0,"parent":0,"menu_order":0,"comment_status":"closed","ping_status":"closed","template":"ct-page-vacancies.php","meta":{"_acf_changed":false,"footnotes":""},"class_list":["post-25369","page","type-page","status-publish","hentry"],"acf":[],"yoast_head":"<!-- This site is optimized with the Yoast SEO plugin v27.3 - https:\/\/yoast.com\/product\/yoast-seo-wordpress\/ -->\n<title>Arbeiten bei Mobilane | Mobilane - let&#039;s get green<\/title>\n<meta name=\"description\" content=\"Bei Mobilane zu arbeiten bedeutet, f\u00fcr ein weltweit t\u00e4tiges Familienunternehmen mit Wachstumspotenzial zu arbeiten. Unsere Stellenangebote finden Sie hier!\" \/>\n<meta name=\"robots\" content=\"index, follow, max-snippet:-1, max-image-preview:large, max-video-preview:-1\" \/>\n<link rel=\"canonical\" href=\"https:\/\/mobilane.com\/de\/arbeiten-bei-mobilane\/\" \/>\n<meta property=\"og:locale\" content=\"de_DE\" \/>\n<meta property=\"og:type\" content=\"article\" \/>\n<meta property=\"og:title\" content=\"Arbeiten bei Mobilane | Mobilane - let&#039;s get green\" \/>\n<meta property=\"og:description\" content=\"Bei Mobilane zu arbeiten bedeutet, f\u00fcr ein weltweit t\u00e4tiges Familienunternehmen mit Wachstumspotenzial zu arbeiten. Unsere Stellenangebote finden Sie hier!\" \/>\n<meta property=\"og:url\" content=\"https:\/\/mobilane.com\/de\/arbeiten-bei-mobilane\/\" \/>\n<meta property=\"og:site_name\" content=\"Mobilane\" \/>\n<meta property=\"article:modified_time\" content=\"2024-06-05T12:58:41+00:00\" \/>\n<meta property=\"og:image\" content=\"https:\/\/mobilane.com\/app\/uploads\/2024\/03\/Mobilane-werken-bij-2-1.jpg\" \/>\n<meta name=\"twitter:card\" content=\"summary_large_image\" \/>\n<meta name=\"twitter:label1\" content=\"Gesch\u00e4tzte Lesezeit\" \/>\n\t<meta name=\"twitter:data1\" content=\"3\u00a0Minuten\" \/>\n<script type=\"application\/ld+json\" class=\"yoast-schema-graph\">{\"@context\":\"https:\\\/\\\/schema.org\",\"@graph\":[{\"@type\":\"WebPage\",\"@id\":\"https:\\\/\\\/mobilane.com\\\/de\\\/arbeiten-bei-mobilane\\\/\",\"url\":\"https:\\\/\\\/mobilane.com\\\/de\\\/arbeiten-bei-mobilane\\\/\",\"name\":\"Arbeiten bei Mobilane | Mobilane - let's get green\",\"isPartOf\":{\"@id\":\"https:\\\/\\\/mobilane.com\\\/#website\"},\"primaryImageOfPage\":{\"@id\":\"https:\\\/\\\/mobilane.com\\\/de\\\/arbeiten-bei-mobilane\\\/#primaryimage\"},\"image\":{\"@id\":\"https:\\\/\\\/mobilane.com\\\/de\\\/arbeiten-bei-mobilane\\\/#primaryimage\"},\"thumbnailUrl\":\"https:\\\/\\\/mobilane.com\\\/app\\\/uploads\\\/2024\\\/03\\\/Mobilane-werken-bij-2-1.jpg\",\"datePublished\":\"2020-06-09T17:48:12+00:00\",\"dateModified\":\"2024-06-05T12:58:41+00:00\",\"description\":\"Bei Mobilane zu arbeiten bedeutet, f\u00fcr ein weltweit t\u00e4tiges Familienunternehmen mit Wachstumspotenzial zu arbeiten. Unsere Stellenangebote finden Sie hier!\",\"breadcrumb\":{\"@id\":\"https:\\\/\\\/mobilane.com\\\/de\\\/arbeiten-bei-mobilane\\\/#breadcrumb\"},\"inLanguage\":\"de\",\"potentialAction\":[{\"@type\":\"ReadAction\",\"target\":[\"https:\\\/\\\/mobilane.com\\\/de\\\/arbeiten-bei-mobilane\\\/\"]}]},{\"@type\":\"ImageObject\",\"inLanguage\":\"de\",\"@id\":\"https:\\\/\\\/mobilane.com\\\/de\\\/arbeiten-bei-mobilane\\\/#primaryimage\",\"url\":\"https:\\\/\\\/mobilane.com\\\/app\\\/uploads\\\/2024\\\/03\\\/Mobilane-werken-bij-2-1.jpg\",\"contentUrl\":\"https:\\\/\\\/mobilane.com\\\/app\\\/uploads\\\/2024\\\/03\\\/Mobilane-werken-bij-2-1.jpg\"},{\"@type\":\"BreadcrumbList\",\"@id\":\"https:\\\/\\\/mobilane.com\\\/de\\\/arbeiten-bei-mobilane\\\/#breadcrumb\",\"itemListElement\":[{\"@type\":\"ListItem\",\"position\":1,\"name\":\"Home\",\"item\":\"https:\\\/\\\/mobilane.com\\\/de\\\/\"},{\"@type\":\"ListItem\",\"position\":2,\"name\":\"Arbeiten bei Mobilane\"}]},{\"@type\":\"WebSite\",\"@id\":\"https:\\\/\\\/mobilane.com\\\/#website\",\"url\":\"https:\\\/\\\/mobilane.com\\\/\",\"name\":\"Mobilane\",\"description\":\"Ready Made Green Systems\",\"publisher\":{\"@id\":\"https:\\\/\\\/mobilane.com\\\/#organization\"},\"potentialAction\":[{\"@type\":\"SearchAction\",\"target\":{\"@type\":\"EntryPoint\",\"urlTemplate\":\"https:\\\/\\\/mobilane.com\\\/?s={search_term_string}\"},\"query-input\":{\"@type\":\"PropertyValueSpecification\",\"valueRequired\":true,\"valueName\":\"search_term_string\"}}],\"inLanguage\":\"de\"},{\"@type\":\"Organization\",\"@id\":\"https:\\\/\\\/mobilane.com\\\/#organization\",\"name\":\"Mobilane\",\"url\":\"https:\\\/\\\/mobilane.com\\\/\",\"logo\":{\"@type\":\"ImageObject\",\"inLanguage\":\"de\",\"@id\":\"https:\\\/\\\/mobilane.com\\\/#\\\/schema\\\/logo\\\/image\\\/\",\"url\":\"https:\\\/\\\/mobilane.com\\\/app\\\/uploads\\\/2019\\\/10\\\/logo-colour2x.png\",\"contentUrl\":\"https:\\\/\\\/mobilane.com\\\/app\\\/uploads\\\/2019\\\/10\\\/logo-colour2x.png\",\"width\":1472,\"height\":295,\"caption\":\"Mobilane\"},\"image\":{\"@id\":\"https:\\\/\\\/mobilane.com\\\/#\\\/schema\\\/logo\\\/image\\\/\"}}]}<\/script>\n<!-- \/ Yoast SEO plugin. -->","yoast_head_json":{"title":"Arbeiten bei Mobilane | Mobilane - let's get green","description":"Bei Mobilane zu arbeiten bedeutet, f\u00fcr ein weltweit t\u00e4tiges Familienunternehmen mit Wachstumspotenzial zu arbeiten. Unsere Stellenangebote finden Sie hier!","robots":{"index":"index","follow":"follow","max-snippet":"max-snippet:-1","max-image-preview":"max-image-preview:large","max-video-preview":"max-video-preview:-1"},"canonical":"https:\/\/mobilane.com\/de\/arbeiten-bei-mobilane\/","og_locale":"de_DE","og_type":"article","og_title":"Arbeiten bei Mobilane | Mobilane - let's get green","og_description":"Bei Mobilane zu arbeiten bedeutet, f\u00fcr ein weltweit t\u00e4tiges Familienunternehmen mit Wachstumspotenzial zu arbeiten. Unsere Stellenangebote finden Sie hier!","og_url":"https:\/\/mobilane.com\/de\/arbeiten-bei-mobilane\/","og_site_name":"Mobilane","article_modified_time":"2024-06-05T12:58:41+00:00","og_image":[{"url":"https:\/\/mobilane.com\/app\/uploads\/2024\/03\/Mobilane-werken-bij-2-1.jpg","type":"","width":"","height":""}],"twitter_card":"summary_large_image","twitter_misc":{"Gesch\u00e4tzte Lesezeit":"3\u00a0Minuten"},"schema":{"@context":"https:\/\/schema.org","@graph":[{"@type":"WebPage","@id":"https:\/\/mobilane.com\/de\/arbeiten-bei-mobilane\/","url":"https:\/\/mobilane.com\/de\/arbeiten-bei-mobilane\/","name":"Arbeiten bei Mobilane | Mobilane - let's get green","isPartOf":{"@id":"https:\/\/mobilane.com\/#website"},"primaryImageOfPage":{"@id":"https:\/\/mobilane.com\/de\/arbeiten-bei-mobilane\/#primaryimage"},"image":{"@id":"https:\/\/mobilane.com\/de\/arbeiten-bei-mobilane\/#primaryimage"},"thumbnailUrl":"https:\/\/mobilane.com\/app\/uploads\/2024\/03\/Mobilane-werken-bij-2-1.jpg","datePublished":"2020-06-09T17:48:12+00:00","dateModified":"2024-06-05T12:58:41+00:00","description":"Bei Mobilane zu arbeiten bedeutet, f\u00fcr ein weltweit t\u00e4tiges Familienunternehmen mit Wachstumspotenzial zu arbeiten. Unsere Stellenangebote finden Sie hier!","breadcrumb":{"@id":"https:\/\/mobilane.com\/de\/arbeiten-bei-mobilane\/#breadcrumb"},"inLanguage":"de","potentialAction":[{"@type":"ReadAction","target":["https:\/\/mobilane.com\/de\/arbeiten-bei-mobilane\/"]}]},{"@type":"ImageObject","inLanguage":"de","@id":"https:\/\/mobilane.com\/de\/arbeiten-bei-mobilane\/#primaryimage","url":"https:\/\/mobilane.com\/app\/uploads\/2024\/03\/Mobilane-werken-bij-2-1.jpg","contentUrl":"https:\/\/mobilane.com\/app\/uploads\/2024\/03\/Mobilane-werken-bij-2-1.jpg"},{"@type":"BreadcrumbList","@id":"https:\/\/mobilane.com\/de\/arbeiten-bei-mobilane\/#breadcrumb","itemListElement":[{"@type":"ListItem","position":1,"name":"Home","item":"https:\/\/mobilane.com\/de\/"},{"@type":"ListItem","position":2,"name":"Arbeiten bei Mobilane"}]},{"@type":"WebSite","@id":"https:\/\/mobilane.com\/#website","url":"https:\/\/mobilane.com\/","name":"Mobilane","description":"Ready Made Green Systems","publisher":{"@id":"https:\/\/mobilane.com\/#organization"},"potentialAction":[{"@type":"SearchAction","target":{"@type":"EntryPoint","urlTemplate":"https:\/\/mobilane.com\/?s={search_term_string}"},"query-input":{"@type":"PropertyValueSpecification","valueRequired":true,"valueName":"search_term_string"}}],"inLanguage":"de"},{"@type":"Organization","@id":"https:\/\/mobilane.com\/#organization","name":"Mobilane","url":"https:\/\/mobilane.com\/","logo":{"@type":"ImageObject","inLanguage":"de","@id":"https:\/\/mobilane.com\/#\/schema\/logo\/image\/","url":"https:\/\/mobilane.com\/app\/uploads\/2019\/10\/logo-colour2x.png","contentUrl":"https:\/\/mobilane.com\/app\/uploads\/2019\/10\/logo-colour2x.png","width":1472,"height":295,"caption":"Mobilane"},"image":{"@id":"https:\/\/mobilane.com\/#\/schema\/logo\/image\/"}}]}},"_links":{"self":[{"href":"https:\/\/mobilane.com\/de\/wp-json\/wp\/v2\/pages\/25369","targetHints":{"allow":["GET"]}}],"collection":[{"href":"https:\/\/mobilane.com\/de\/wp-json\/wp\/v2\/pages"}],"about":[{"href":"https:\/\/mobilane.com\/de\/wp-json\/wp\/v2\/types\/page"}],"author":[{"embeddable":true,"href":"https:\/\/mobilane.com\/de\/wp-json\/wp\/v2\/users\/2"}],"replies":[{"embeddable":true,"href":"https:\/\/mobilane.com\/de\/wp-json\/wp\/v2\/comments?post=25369"}],"version-history":[{"count":5,"href":"https:\/\/mobilane.com\/de\/wp-json\/wp\/v2\/pages\/25369\/revisions"}],"predecessor-version":[{"id":66257,"href":"https:\/\/mobilane.com\/de\/wp-json\/wp\/v2\/pages\/25369\/revisions\/66257"}],"wp:attachment":[{"href":"https:\/\/mobilane.com\/de\/wp-json\/wp\/v2\/media?parent=25369"}],"curies":[{"name":"wp","href":"https:\/\/api.w.org\/{rel}","templated":true}]}}