{"id":25364,"date":"2020-05-11T18:59:51","date_gmt":"2020-05-11T16:59:51","guid":{"rendered":"https:\/\/mobilane.com\/loesungen\/parkeergarages\/"},"modified":"2021-10-27T10:52:45","modified_gmt":"2021-10-27T08:52:45","slug":"parkhauser","status":"publish","type":"page","link":"https:\/\/mobilane.com\/de\/loesungen\/parkhauser\/","title":{"rendered":"Parkh\u00e4user"},"content":{"rendered":"<p>Der Verkehr ist entscheidend f\u00fcr die Wirtschaft und gibt uns Freiheit. Allerdings stellen Transport und Verkehr Herausforderungen im Bereich der \u00f6ffentlichen Gesundheit und des Klimawandels dar.<br \/>\nTrotz der Tatsache, dass moderne Technologien den Verkehr sicherer, reibungsloser und sauberer machen, wird der Verkehr zwischen den St\u00e4dten immer intensiver, und die Zahl der Fahrzeuge steigt. Die Parkh\u00e4user sind in diesem Zusammenhang ein bedeutender Faktor und bieten eine hohe Effizienz in Bezug auf die Fl\u00e4che. Zukunftssichere Parkh\u00e4user werden somit immer wichtiger.<\/p>\n<h3>Gr\u00fcnes Parken<\/h3>\n<p>Je gr\u00fcner der Entwurf und die Referenzen eines Geb\u00e4udes sind, desto wahrscheinlicher ist es, dass er bei einer Ausschreibung den Zuschlag erh\u00e4lt. Begr\u00fcnte W\u00e4nde und Gr\u00fcnd\u00e4cher k\u00f6nnen bei bestehenden und neu gebauten Parkh\u00e4usern Anwendung finden. Die Aufmerksamkeit in der Gesellschaft f\u00fcr die Bedeutung des Einsatzes nachhaltiger Materialien nimmt enorm zu. Die Begr\u00fcnung auf oder an einem Geb\u00e4ude tr\u00e4gt dazu bei, sein Image zu f\u00f6rdern, und hilft, zus\u00e4tzliche Zertifikate f\u00fcr nachhaltiges Bauen zu erhalten.<\/p>\n<p><img loading=\"lazy\" decoding=\"async\" class=\"alignnone wp-image-15757\" src=\"http:\/\/mobilane.com\/app\/uploads\/2020\/04\/Mobilane-green-wall-WallPlanter-P-First-garage-Rotterdam201607-300x146.jpg\" alt=\"\" width=\"858\" height=\"418\" srcset=\"https:\/\/mobilane.com\/app\/uploads\/2020\/04\/Mobilane-green-wall-WallPlanter-P-First-garage-Rotterdam201607-300x146.jpg 300w, https:\/\/mobilane.com\/app\/uploads\/2020\/04\/Mobilane-green-wall-WallPlanter-P-First-garage-Rotterdam201607-768x374.jpg 768w, https:\/\/mobilane.com\/app\/uploads\/2020\/04\/Mobilane-green-wall-WallPlanter-P-First-garage-Rotterdam201607-1024x499.jpg 1024w, https:\/\/mobilane.com\/app\/uploads\/2020\/04\/Mobilane-green-wall-WallPlanter-P-First-garage-Rotterdam201607-990x483.jpg 990w, https:\/\/mobilane.com\/app\/uploads\/2020\/04\/Mobilane-green-wall-WallPlanter-P-First-garage-Rotterdam201607-480x234.jpg 480w, https:\/\/mobilane.com\/app\/uploads\/2020\/04\/Mobilane-green-wall-WallPlanter-P-First-garage-Rotterdam201607-305x149.jpg 305w, https:\/\/mobilane.com\/app\/uploads\/2020\/04\/Mobilane-green-wall-WallPlanter-P-First-garage-Rotterdam201607-470x229.jpg 470w, https:\/\/mobilane.com\/app\/uploads\/2020\/04\/Mobilane-green-wall-WallPlanter-P-First-garage-Rotterdam201607-103x50.jpg 103w, https:\/\/mobilane.com\/app\/uploads\/2020\/04\/Mobilane-green-wall-WallPlanter-P-First-garage-Rotterdam201607.jpg 1200w\" sizes=\"auto, (max-width: 858px) 100vw, 858px\" \/><\/p>\n","protected":false},"excerpt":{"rendered":"<p>Der Verkehr ist entscheidend f\u00fcr die Wirtschaft und gibt uns Freiheit. Allerdings stellen Transport und Verkehr Herausforderungen im Bereich der \u00f6ffentlichen Gesundheit und des Klimawandels dar. Trotz der Tatsache, dass moderne Technologien den Verkehr sicherer, reibungsloser und sauberer machen, wird der Verkehr zwischen den St\u00e4dten immer intensiver, und die Zahl der Fahrzeuge steigt. Die Parkh\u00e4user [&hellip;]<\/p>\n","protected":false},"author":14,"featured_media":11893,"parent":25311,"menu_order":0,"comment_status":"closed","ping_status":"closed","template":"ct-page-oplos-subpages.php","meta":{"_acf_changed":false,"footnotes":""},"class_list":["post-25364","page","type-page","status-publish","has-post-thumbnail","hentry"],"acf":[],"yoast_head":"<!-- This site is optimized with the Yoast SEO plugin v27.4 - https:\/\/yoast.com\/product\/yoast-seo-wordpress\/ -->\n<title>Nachhaltige Parkh\u00e4user mit Mobilane | Parken im Gr\u00fcnen<\/title>\n<meta name=\"description\" content=\"Zukunftssichere Parkh\u00e4user werden immer wichtiger. Lesen Sie mehr \u00fcber die Planung, Installation und Wartung von gr\u00fcnen Parkh\u00e4usern.\" \/>\n<meta name=\"robots\" content=\"index, follow, max-snippet:-1, max-image-preview:large, max-video-preview:-1\" \/>\n<link rel=\"canonical\" href=\"https:\/\/mobilane.com\/de\/loesungen\/parkhauser\/\" \/>\n<meta property=\"og:locale\" content=\"de_DE\" \/>\n<meta property=\"og:type\" content=\"article\" \/>\n<meta property=\"og:title\" content=\"Nachhaltige Parkh\u00e4user mit Mobilane | Parken im Gr\u00fcnen\" \/>\n<meta property=\"og:description\" content=\"Zukunftssichere Parkh\u00e4user werden immer wichtiger. Lesen Sie mehr \u00fcber die Planung, Installation und Wartung von gr\u00fcnen Parkh\u00e4usern.\" \/>\n<meta property=\"og:url\" content=\"https:\/\/mobilane.com\/de\/loesungen\/parkhauser\/\" \/>\n<meta property=\"og:site_name\" content=\"Mobilane\" \/>\n<meta property=\"article:modified_time\" content=\"2021-10-27T08:52:45+00:00\" \/>\n<meta property=\"og:image\" content=\"https:\/\/mobilane.com\/app\/uploads\/2019\/01\/CoverBouwbeursBracknell.jpg\" \/>\n\t<meta property=\"og:image:width\" content=\"1820\" \/>\n\t<meta property=\"og:image:height\" content=\"650\" \/>\n\t<meta property=\"og:image:type\" content=\"image\/jpeg\" \/>\n<meta name=\"twitter:card\" content=\"summary_large_image\" \/>\n<meta name=\"twitter:label1\" content=\"Gesch\u00e4tzte Lesezeit\" \/>\n\t<meta name=\"twitter:data1\" content=\"1\u00a0Minute\" \/>\n<script type=\"application\/ld+json\" class=\"yoast-schema-graph\">{\"@context\":\"https:\\\/\\\/schema.org\",\"@graph\":[{\"@type\":\"WebPage\",\"@id\":\"https:\\\/\\\/mobilane.com\\\/de\\\/loesungen\\\/parkhauser\\\/\",\"url\":\"https:\\\/\\\/mobilane.com\\\/de\\\/loesungen\\\/parkhauser\\\/\",\"name\":\"Nachhaltige Parkh\u00e4user mit Mobilane | Parken im Gr\u00fcnen\",\"isPartOf\":{\"@id\":\"https:\\\/\\\/mobilane.com\\\/#website\"},\"primaryImageOfPage\":{\"@id\":\"https:\\\/\\\/mobilane.com\\\/de\\\/loesungen\\\/parkhauser\\\/#primaryimage\"},\"image\":{\"@id\":\"https:\\\/\\\/mobilane.com\\\/de\\\/loesungen\\\/parkhauser\\\/#primaryimage\"},\"thumbnailUrl\":\"https:\\\/\\\/mobilane.com\\\/app\\\/uploads\\\/2019\\\/01\\\/CoverBouwbeursBracknell.jpg\",\"datePublished\":\"2020-05-11T16:59:51+00:00\",\"dateModified\":\"2021-10-27T08:52:45+00:00\",\"description\":\"Zukunftssichere Parkh\u00e4user werden immer wichtiger. Lesen Sie mehr \u00fcber die Planung, Installation und Wartung von gr\u00fcnen Parkh\u00e4usern.\",\"breadcrumb\":{\"@id\":\"https:\\\/\\\/mobilane.com\\\/de\\\/loesungen\\\/parkhauser\\\/#breadcrumb\"},\"inLanguage\":\"de\",\"potentialAction\":[{\"@type\":\"ReadAction\",\"target\":[\"https:\\\/\\\/mobilane.com\\\/de\\\/loesungen\\\/parkhauser\\\/\"]}]},{\"@type\":\"ImageObject\",\"inLanguage\":\"de\",\"@id\":\"https:\\\/\\\/mobilane.com\\\/de\\\/loesungen\\\/parkhauser\\\/#primaryimage\",\"url\":\"https:\\\/\\\/mobilane.com\\\/app\\\/uploads\\\/2019\\\/01\\\/CoverBouwbeursBracknell.jpg\",\"contentUrl\":\"https:\\\/\\\/mobilane.com\\\/app\\\/uploads\\\/2019\\\/01\\\/CoverBouwbeursBracknell.jpg\",\"width\":1820,\"height\":650,\"caption\":\"Mobilane is officieel partner van Dutch Green Building Council.\"},{\"@type\":\"BreadcrumbList\",\"@id\":\"https:\\\/\\\/mobilane.com\\\/de\\\/loesungen\\\/parkhauser\\\/#breadcrumb\",\"itemListElement\":[{\"@type\":\"ListItem\",\"position\":1,\"name\":\"Home\",\"item\":\"https:\\\/\\\/mobilane.com\\\/de\\\/\"},{\"@type\":\"ListItem\",\"position\":2,\"name\":\"L\u00f6sungen\",\"item\":\"https:\\\/\\\/mobilane.com\\\/de\\\/loesungen\\\/\"},{\"@type\":\"ListItem\",\"position\":3,\"name\":\"Parkh\u00e4user\"}]},{\"@type\":\"WebSite\",\"@id\":\"https:\\\/\\\/mobilane.com\\\/#website\",\"url\":\"https:\\\/\\\/mobilane.com\\\/\",\"name\":\"Mobilane\",\"description\":\"Ready Made Green Systems\",\"publisher\":{\"@id\":\"https:\\\/\\\/mobilane.com\\\/#organization\"},\"potentialAction\":[{\"@type\":\"SearchAction\",\"target\":{\"@type\":\"EntryPoint\",\"urlTemplate\":\"https:\\\/\\\/mobilane.com\\\/?s={search_term_string}\"},\"query-input\":{\"@type\":\"PropertyValueSpecification\",\"valueRequired\":true,\"valueName\":\"search_term_string\"}}],\"inLanguage\":\"de\"},{\"@type\":\"Organization\",\"@id\":\"https:\\\/\\\/mobilane.com\\\/#organization\",\"name\":\"Mobilane\",\"url\":\"https:\\\/\\\/mobilane.com\\\/\",\"logo\":{\"@type\":\"ImageObject\",\"inLanguage\":\"de\",\"@id\":\"https:\\\/\\\/mobilane.com\\\/#\\\/schema\\\/logo\\\/image\\\/\",\"url\":\"https:\\\/\\\/mobilane.com\\\/app\\\/uploads\\\/2019\\\/10\\\/logo-colour2x.png\",\"contentUrl\":\"https:\\\/\\\/mobilane.com\\\/app\\\/uploads\\\/2019\\\/10\\\/logo-colour2x.png\",\"width\":1472,\"height\":295,\"caption\":\"Mobilane\"},\"image\":{\"@id\":\"https:\\\/\\\/mobilane.com\\\/#\\\/schema\\\/logo\\\/image\\\/\"}}]}<\/script>\n<!-- \/ Yoast SEO plugin. -->","yoast_head_json":{"title":"Nachhaltige Parkh\u00e4user mit Mobilane | Parken im Gr\u00fcnen","description":"Zukunftssichere Parkh\u00e4user werden immer wichtiger. Lesen Sie mehr \u00fcber die Planung, Installation und Wartung von gr\u00fcnen Parkh\u00e4usern.","robots":{"index":"index","follow":"follow","max-snippet":"max-snippet:-1","max-image-preview":"max-image-preview:large","max-video-preview":"max-video-preview:-1"},"canonical":"https:\/\/mobilane.com\/de\/loesungen\/parkhauser\/","og_locale":"de_DE","og_type":"article","og_title":"Nachhaltige Parkh\u00e4user mit Mobilane | Parken im Gr\u00fcnen","og_description":"Zukunftssichere Parkh\u00e4user werden immer wichtiger. Lesen Sie mehr \u00fcber die Planung, Installation und Wartung von gr\u00fcnen Parkh\u00e4usern.","og_url":"https:\/\/mobilane.com\/de\/loesungen\/parkhauser\/","og_site_name":"Mobilane","article_modified_time":"2021-10-27T08:52:45+00:00","og_image":[{"width":1820,"height":650,"url":"https:\/\/mobilane.com\/app\/uploads\/2019\/01\/CoverBouwbeursBracknell.jpg","type":"image\/jpeg"}],"twitter_card":"summary_large_image","twitter_misc":{"Gesch\u00e4tzte Lesezeit":"1\u00a0Minute"},"schema":{"@context":"https:\/\/schema.org","@graph":[{"@type":"WebPage","@id":"https:\/\/mobilane.com\/de\/loesungen\/parkhauser\/","url":"https:\/\/mobilane.com\/de\/loesungen\/parkhauser\/","name":"Nachhaltige Parkh\u00e4user mit Mobilane | Parken im Gr\u00fcnen","isPartOf":{"@id":"https:\/\/mobilane.com\/#website"},"primaryImageOfPage":{"@id":"https:\/\/mobilane.com\/de\/loesungen\/parkhauser\/#primaryimage"},"image":{"@id":"https:\/\/mobilane.com\/de\/loesungen\/parkhauser\/#primaryimage"},"thumbnailUrl":"https:\/\/mobilane.com\/app\/uploads\/2019\/01\/CoverBouwbeursBracknell.jpg","datePublished":"2020-05-11T16:59:51+00:00","dateModified":"2021-10-27T08:52:45+00:00","description":"Zukunftssichere Parkh\u00e4user werden immer wichtiger. Lesen Sie mehr \u00fcber die Planung, Installation und Wartung von gr\u00fcnen Parkh\u00e4usern.","breadcrumb":{"@id":"https:\/\/mobilane.com\/de\/loesungen\/parkhauser\/#breadcrumb"},"inLanguage":"de","potentialAction":[{"@type":"ReadAction","target":["https:\/\/mobilane.com\/de\/loesungen\/parkhauser\/"]}]},{"@type":"ImageObject","inLanguage":"de","@id":"https:\/\/mobilane.com\/de\/loesungen\/parkhauser\/#primaryimage","url":"https:\/\/mobilane.com\/app\/uploads\/2019\/01\/CoverBouwbeursBracknell.jpg","contentUrl":"https:\/\/mobilane.com\/app\/uploads\/2019\/01\/CoverBouwbeursBracknell.jpg","width":1820,"height":650,"caption":"Mobilane is officieel partner van Dutch Green Building Council."},{"@type":"BreadcrumbList","@id":"https:\/\/mobilane.com\/de\/loesungen\/parkhauser\/#breadcrumb","itemListElement":[{"@type":"ListItem","position":1,"name":"Home","item":"https:\/\/mobilane.com\/de\/"},{"@type":"ListItem","position":2,"name":"L\u00f6sungen","item":"https:\/\/mobilane.com\/de\/loesungen\/"},{"@type":"ListItem","position":3,"name":"Parkh\u00e4user"}]},{"@type":"WebSite","@id":"https:\/\/mobilane.com\/#website","url":"https:\/\/mobilane.com\/","name":"Mobilane","description":"Ready Made Green Systems","publisher":{"@id":"https:\/\/mobilane.com\/#organization"},"potentialAction":[{"@type":"SearchAction","target":{"@type":"EntryPoint","urlTemplate":"https:\/\/mobilane.com\/?s={search_term_string}"},"query-input":{"@type":"PropertyValueSpecification","valueRequired":true,"valueName":"search_term_string"}}],"inLanguage":"de"},{"@type":"Organization","@id":"https:\/\/mobilane.com\/#organization","name":"Mobilane","url":"https:\/\/mobilane.com\/","logo":{"@type":"ImageObject","inLanguage":"de","@id":"https:\/\/mobilane.com\/#\/schema\/logo\/image\/","url":"https:\/\/mobilane.com\/app\/uploads\/2019\/10\/logo-colour2x.png","contentUrl":"https:\/\/mobilane.com\/app\/uploads\/2019\/10\/logo-colour2x.png","width":1472,"height":295,"caption":"Mobilane"},"image":{"@id":"https:\/\/mobilane.com\/#\/schema\/logo\/image\/"}}]}},"_links":{"self":[{"href":"https:\/\/mobilane.com\/de\/wp-json\/wp\/v2\/pages\/25364","targetHints":{"allow":["GET"]}}],"collection":[{"href":"https:\/\/mobilane.com\/de\/wp-json\/wp\/v2\/pages"}],"about":[{"href":"https:\/\/mobilane.com\/de\/wp-json\/wp\/v2\/types\/page"}],"author":[{"embeddable":true,"href":"https:\/\/mobilane.com\/de\/wp-json\/wp\/v2\/users\/14"}],"replies":[{"embeddable":true,"href":"https:\/\/mobilane.com\/de\/wp-json\/wp\/v2\/comments?post=25364"}],"version-history":[{"count":5,"href":"https:\/\/mobilane.com\/de\/wp-json\/wp\/v2\/pages\/25364\/revisions"}],"predecessor-version":[{"id":40951,"href":"https:\/\/mobilane.com\/de\/wp-json\/wp\/v2\/pages\/25364\/revisions\/40951"}],"up":[{"embeddable":true,"href":"https:\/\/mobilane.com\/de\/wp-json\/wp\/v2\/pages\/25311"}],"wp:featuredmedia":[{"embeddable":true,"href":"https:\/\/mobilane.com\/de\/wp-json\/wp\/v2\/media\/11893"}],"wp:attachment":[{"href":"https:\/\/mobilane.com\/de\/wp-json\/wp\/v2\/media?parent=25364"}],"curies":[{"name":"wp","href":"https:\/\/api.w.org\/{rel}","templated":true}]}}