{"id":25360,"date":"2020-05-06T16:56:06","date_gmt":"2020-05-06T14:56:06","guid":{"rendered":"https:\/\/mobilane.com\/loesungen\/een-duurzaam-kantoor-met-mobilane-verticaal-groen\/"},"modified":"2023-08-15T16:24:01","modified_gmt":"2023-08-15T14:24:01","slug":"bueros","status":"publish","type":"page","link":"https:\/\/mobilane.com\/de\/loesungen\/bueros\/","title":{"rendered":"B\u00fcros"},"content":{"rendered":"<p>Unternehmen und Organisationen sind immer h\u00e4ufiger an einem gr\u00fcnen und gesunden Arbeitsumfeld f\u00fcr Ihre Mitarbeiter interessiert. Dabei geht es um mehr als die Auswahl von Materialien und die Umsetzung des Nachhaltigkeitsgedankens in der Betriebskantine.<br \/>\nMehr Gr\u00fcn und nat\u00fcrliche Elemente am Arbeitsplatz sehen nicht nur attraktiv aus, sondern tragen auch zu einem gesunden Raumklima bei und wirken sich positiv auf das allgemeine Wohlbefinden der Mitarbeiter aus.<\/p>\n<p>&nbsp;<\/p>\n<h3>Ausreichend Privatsph\u00e4re und doch verbunden<\/h3>\n<p>Wie erzeugt man ein Gef\u00fchl von Privatsph\u00e4re im B\u00fcro, ohne dass die Kollegen gleich v\u00f6llig voneinander isoliert sind? Der LiveDivider PLUS wird zunehmend sowohl als Trennwand zwischen Schreibtischen als auch als Raumteiler eingesetzt, um auf nachhaltige und gesunde Weise r\u00e4umliche Distanz zu schaffen.<\/p>\n<p>Eine schnelle M\u00f6glichkeit, Abstand zu schaffen, besteht darin, LiveDivider PLUS zwischen den Arbeitspl\u00e4tzen zu platzieren. LiveDivider PLUS ist ein modularer gr\u00fcner Raumteiler. Er unterteilt einen offenen Raum, wobei der offene Charakter erhalten bleibt. Mit seinem Metallrahmen und dem soliden Fu\u00df ist er an sich schon eine elegantes Einrichtungselement. Beide Seiten des LiveDivider PLUS nehmen jeweils sechs auswechselbare Pflanzkassetten f\u00fcr eine dichte und \u00fcppige Bepflanzung auf.<\/p>\n<p><img loading=\"lazy\" decoding=\"async\" class=\"alignnone size-full wp-image-19056\" src=\"http:\/\/mobilane.com\/app\/uploads\/2020\/05\/Mobilane-HQ-LivePanel-Office-01.jpg\" alt=\"Mobilane LivePanel groene wanden kantoren\" width=\"3000\" height=\"1948\" srcset=\"https:\/\/mobilane.com\/app\/uploads\/2020\/05\/Mobilane-HQ-LivePanel-Office-01.jpg 3000w, https:\/\/mobilane.com\/app\/uploads\/2020\/05\/Mobilane-HQ-LivePanel-Office-01-300x195.jpg 300w, https:\/\/mobilane.com\/app\/uploads\/2020\/05\/Mobilane-HQ-LivePanel-Office-01-768x499.jpg 768w, https:\/\/mobilane.com\/app\/uploads\/2020\/05\/Mobilane-HQ-LivePanel-Office-01-1024x665.jpg 1024w, https:\/\/mobilane.com\/app\/uploads\/2020\/05\/Mobilane-HQ-LivePanel-Office-01-30x18.jpg 30w, https:\/\/mobilane.com\/app\/uploads\/2020\/05\/Mobilane-HQ-LivePanel-Office-01-305x198.jpg 305w, https:\/\/mobilane.com\/app\/uploads\/2020\/05\/Mobilane-HQ-LivePanel-Office-01-470x305.jpg 470w, https:\/\/mobilane.com\/app\/uploads\/2020\/05\/Mobilane-HQ-LivePanel-Office-01-77x50.jpg 77w\" sizes=\"auto, (max-width: 3000px) 100vw, 3000px\" \/><\/p>\n<p>Der LiveDivider PLUS kann auch als Instrument zur Wegmarkierung eingesetzt werden oder um in Besprechungs- und Tagungsr\u00e4umen, Kantinen oder anderen \u00f6ffentlichen Versammlungsorten innerhalb eines Geb\u00e4udes sicheren Abstand zwischen den Mitarbeitern zu schaffen. <a href=\"https:\/\/mobilane.com\/de\/produkte\/livedivider\/\">Erfahren Sie mehr.<\/a><\/p>\n<p>&nbsp;<\/p>\n<h3>Case studies<\/h3>\n<p>Mit dem LiveDivider PLUS k\u00f6nnen verschiedene Stile realisiert werden, wie z.B. modern, botanisch, industriell, b\u00f6hmisch und l\u00e4ndlich. Sowohl f\u00fcr einen <a href=\"https:\/\/mobilane.com\/de\/projekte\/urban-jungle-im-neuen-gebaeude-der-brilliant-group-mit-lebenden-gruenen-raumteilern\/\">urbanen Dschungel-Look<\/a> im B\u00fcro als auch f\u00fcr einen eher <a href=\"https:\/\/mobilane.com\/de\/projekte\/lebendige-gruene-raumteiler-verschoenern-buero-in-amsterdam-ij\/\">unternehmerischen Look wie in diesem B\u00fcrogeb\u00e4ude<\/a> am IJ in Amsterdam ist der nat\u00fcrliche und lebendige Raumteiler eine praktische und schnelle L\u00f6sung.<\/p>\n","protected":false},"excerpt":{"rendered":"<p>Unternehmen und Organisationen sind immer h\u00e4ufiger an einem gr\u00fcnen und gesunden Arbeitsumfeld f\u00fcr Ihre Mitarbeiter interessiert. Dabei geht es um mehr als die Auswahl von Materialien und die Umsetzung des Nachhaltigkeitsgedankens in der Betriebskantine. Mehr Gr\u00fcn und nat\u00fcrliche Elemente am Arbeitsplatz sehen nicht nur attraktiv aus, sondern tragen auch zu einem gesunden Raumklima bei und [&hellip;]<\/p>\n","protected":false},"author":14,"featured_media":15860,"parent":25311,"menu_order":0,"comment_status":"closed","ping_status":"closed","template":"ct-page-oplos-subpages.php","meta":{"_acf_changed":false,"footnotes":""},"class_list":["post-25360","page","type-page","status-publish","has-post-thumbnail","hentry"],"acf":[],"_links":{"self":[{"href":"https:\/\/mobilane.com\/de\/wp-json\/wp\/v2\/pages\/25360","targetHints":{"allow":["GET"]}}],"collection":[{"href":"https:\/\/mobilane.com\/de\/wp-json\/wp\/v2\/pages"}],"about":[{"href":"https:\/\/mobilane.com\/de\/wp-json\/wp\/v2\/types\/page"}],"author":[{"embeddable":true,"href":"https:\/\/mobilane.com\/de\/wp-json\/wp\/v2\/users\/14"}],"replies":[{"embeddable":true,"href":"https:\/\/mobilane.com\/de\/wp-json\/wp\/v2\/comments?post=25360"}],"version-history":[{"count":5,"href":"https:\/\/mobilane.com\/de\/wp-json\/wp\/v2\/pages\/25360\/revisions"}],"predecessor-version":[{"id":60717,"href":"https:\/\/mobilane.com\/de\/wp-json\/wp\/v2\/pages\/25360\/revisions\/60717"}],"up":[{"embeddable":true,"href":"https:\/\/mobilane.com\/de\/wp-json\/wp\/v2\/pages\/25311"}],"wp:featuredmedia":[{"embeddable":true,"href":"https:\/\/mobilane.com\/de\/wp-json\/wp\/v2\/media\/15860"}],"wp:attachment":[{"href":"https:\/\/mobilane.com\/de\/wp-json\/wp\/v2\/media?parent=25360"}],"curies":[{"name":"wp","href":"https:\/\/api.w.org\/{rel}","templated":true}]}}