{"id":25357,"date":"2020-05-11T18:59:57","date_gmt":"2020-05-11T16:59:57","guid":{"rendered":"https:\/\/mobilane.com\/loesungen\/retail\/"},"modified":"2021-10-27T11:10:00","modified_gmt":"2021-10-27T09:10:00","slug":"einzelhandel","status":"publish","type":"page","link":"https:\/\/mobilane.com\/de\/loesungen\/einzelhandel\/","title":{"rendered":"Einzelhandel"},"content":{"rendered":"<p>In der Einzelhandelsbranche findet eine Verlagerung vom Offline- zum Online-Shopping von Produkten und Dienstleistungen statt. Dem Ladengesch\u00e4ft und dem Einkaufserlebnis fallen nun eine v\u00f6llig neue Bedeutung zu, die mit Freizeitgestaltung und Erholung in enger Verbindung steht.<br \/>\nGr\u00fcn hat eine beruhigende Wirkung auf die Menschen. Lebende Pflanzen tragen zu einem l\u00e4ngeren Aufenthalt bei und f\u00fchren somit zu einem anderen Kaufverhalten. Mobilane zeigt, warum und wie Sie Pflanzen im Gesch\u00e4ft, im Schaufenster oder im Einkaufszentrum am besten einsetzen k\u00f6nnen.<\/p>\n","protected":false},"excerpt":{"rendered":"<p>In der Einzelhandelsbranche findet eine Verlagerung vom Offline- zum Online-Shopping von Produkten und Dienstleistungen statt. Dem Ladengesch\u00e4ft und dem Einkaufserlebnis fallen nun eine v\u00f6llig neue Bedeutung zu, die mit Freizeitgestaltung und Erholung in enger Verbindung steht. Gr\u00fcn hat eine beruhigende Wirkung auf die Menschen. Lebende Pflanzen tragen zu einem l\u00e4ngeren Aufenthalt bei und f\u00fchren somit [&hellip;]<\/p>\n","protected":false},"author":14,"featured_media":13562,"parent":25311,"menu_order":0,"comment_status":"closed","ping_status":"closed","template":"ct-page-oplos-subpages.php","meta":{"_acf_changed":false,"footnotes":""},"class_list":["post-25357","page","type-page","status-publish","has-post-thumbnail","hentry"],"acf":[],"yoast_head":"<!-- This site is optimized with the Yoast SEO plugin v27.3 - https:\/\/yoast.com\/product\/yoast-seo-wordpress\/ -->\n<title>Einzelhandel | Ein gr\u00fcnes und nachhaltiges Einkaufserlebnis<\/title>\n<meta name=\"description\" content=\"Gr\u00fcn in und in der N\u00e4he von Gesch\u00e4ften kann Umsatz generieren. Lesen Sie mehr \u00fcber die Anwendung von gr\u00fcnen W\u00e4nden in Gesch\u00e4ften und Schaufenstern.\" \/>\n<meta name=\"robots\" content=\"index, follow, max-snippet:-1, max-image-preview:large, max-video-preview:-1\" \/>\n<link rel=\"canonical\" href=\"https:\/\/mobilane.com\/de\/loesungen\/einzelhandel\/\" \/>\n<meta property=\"og:locale\" content=\"de_DE\" \/>\n<meta property=\"og:type\" content=\"article\" \/>\n<meta property=\"og:title\" content=\"Einzelhandel | Ein gr\u00fcnes und nachhaltiges Einkaufserlebnis\" \/>\n<meta property=\"og:description\" content=\"Gr\u00fcn in und in der N\u00e4he von Gesch\u00e4ften kann Umsatz generieren. Lesen Sie mehr \u00fcber die Anwendung von gr\u00fcnen W\u00e4nden in Gesch\u00e4ften und Schaufenstern.\" \/>\n<meta property=\"og:url\" content=\"https:\/\/mobilane.com\/de\/loesungen\/einzelhandel\/\" \/>\n<meta property=\"og:site_name\" content=\"Mobilane\" \/>\n<meta property=\"article:modified_time\" content=\"2021-10-27T09:10:00+00:00\" \/>\n<meta property=\"og:image\" content=\"https:\/\/mobilane.com\/app\/uploads\/2019\/04\/HealsURG3.jpg\" \/>\n\t<meta property=\"og:image:width\" content=\"1200\" \/>\n\t<meta property=\"og:image:height\" content=\"800\" \/>\n\t<meta property=\"og:image:type\" content=\"image\/jpeg\" \/>\n<meta name=\"twitter:card\" content=\"summary_large_image\" \/>\n<script type=\"application\/ld+json\" class=\"yoast-schema-graph\">{\"@context\":\"https:\\\/\\\/schema.org\",\"@graph\":[{\"@type\":\"WebPage\",\"@id\":\"https:\\\/\\\/mobilane.com\\\/de\\\/loesungen\\\/einzelhandel\\\/\",\"url\":\"https:\\\/\\\/mobilane.com\\\/de\\\/loesungen\\\/einzelhandel\\\/\",\"name\":\"Einzelhandel | Ein gr\u00fcnes und nachhaltiges Einkaufserlebnis\",\"isPartOf\":{\"@id\":\"https:\\\/\\\/mobilane.com\\\/#website\"},\"primaryImageOfPage\":{\"@id\":\"https:\\\/\\\/mobilane.com\\\/de\\\/loesungen\\\/einzelhandel\\\/#primaryimage\"},\"image\":{\"@id\":\"https:\\\/\\\/mobilane.com\\\/de\\\/loesungen\\\/einzelhandel\\\/#primaryimage\"},\"thumbnailUrl\":\"https:\\\/\\\/mobilane.com\\\/app\\\/uploads\\\/2019\\\/04\\\/HealsURG3.jpg\",\"datePublished\":\"2020-05-11T16:59:57+00:00\",\"dateModified\":\"2021-10-27T09:10:00+00:00\",\"description\":\"Gr\u00fcn in und in der N\u00e4he von Gesch\u00e4ften kann Umsatz generieren. Lesen Sie mehr \u00fcber die Anwendung von gr\u00fcnen W\u00e4nden in Gesch\u00e4ften und Schaufenstern.\",\"breadcrumb\":{\"@id\":\"https:\\\/\\\/mobilane.com\\\/de\\\/loesungen\\\/einzelhandel\\\/#breadcrumb\"},\"inLanguage\":\"de\",\"potentialAction\":[{\"@type\":\"ReadAction\",\"target\":[\"https:\\\/\\\/mobilane.com\\\/de\\\/loesungen\\\/einzelhandel\\\/\"]}]},{\"@type\":\"ImageObject\",\"inLanguage\":\"de\",\"@id\":\"https:\\\/\\\/mobilane.com\\\/de\\\/loesungen\\\/einzelhandel\\\/#primaryimage\",\"url\":\"https:\\\/\\\/mobilane.com\\\/app\\\/uploads\\\/2019\\\/04\\\/HealsURG3.jpg\",\"contentUrl\":\"https:\\\/\\\/mobilane.com\\\/app\\\/uploads\\\/2019\\\/04\\\/HealsURG3.jpg\",\"width\":1200,\"height\":800,\"caption\":\"Live Panel at Heal's London\"},{\"@type\":\"BreadcrumbList\",\"@id\":\"https:\\\/\\\/mobilane.com\\\/de\\\/loesungen\\\/einzelhandel\\\/#breadcrumb\",\"itemListElement\":[{\"@type\":\"ListItem\",\"position\":1,\"name\":\"Home\",\"item\":\"https:\\\/\\\/mobilane.com\\\/de\\\/\"},{\"@type\":\"ListItem\",\"position\":2,\"name\":\"L\u00f6sungen\",\"item\":\"https:\\\/\\\/mobilane.com\\\/de\\\/loesungen\\\/\"},{\"@type\":\"ListItem\",\"position\":3,\"name\":\"Einzelhandel\"}]},{\"@type\":\"WebSite\",\"@id\":\"https:\\\/\\\/mobilane.com\\\/#website\",\"url\":\"https:\\\/\\\/mobilane.com\\\/\",\"name\":\"Mobilane\",\"description\":\"Ready Made Green Systems\",\"publisher\":{\"@id\":\"https:\\\/\\\/mobilane.com\\\/#organization\"},\"potentialAction\":[{\"@type\":\"SearchAction\",\"target\":{\"@type\":\"EntryPoint\",\"urlTemplate\":\"https:\\\/\\\/mobilane.com\\\/?s={search_term_string}\"},\"query-input\":{\"@type\":\"PropertyValueSpecification\",\"valueRequired\":true,\"valueName\":\"search_term_string\"}}],\"inLanguage\":\"de\"},{\"@type\":\"Organization\",\"@id\":\"https:\\\/\\\/mobilane.com\\\/#organization\",\"name\":\"Mobilane\",\"url\":\"https:\\\/\\\/mobilane.com\\\/\",\"logo\":{\"@type\":\"ImageObject\",\"inLanguage\":\"de\",\"@id\":\"https:\\\/\\\/mobilane.com\\\/#\\\/schema\\\/logo\\\/image\\\/\",\"url\":\"https:\\\/\\\/mobilane.com\\\/app\\\/uploads\\\/2019\\\/10\\\/logo-colour2x.png\",\"contentUrl\":\"https:\\\/\\\/mobilane.com\\\/app\\\/uploads\\\/2019\\\/10\\\/logo-colour2x.png\",\"width\":1472,\"height\":295,\"caption\":\"Mobilane\"},\"image\":{\"@id\":\"https:\\\/\\\/mobilane.com\\\/#\\\/schema\\\/logo\\\/image\\\/\"}}]}<\/script>\n<!-- \/ Yoast SEO plugin. -->","yoast_head_json":{"title":"Einzelhandel | Ein gr\u00fcnes und nachhaltiges Einkaufserlebnis","description":"Gr\u00fcn in und in der N\u00e4he von Gesch\u00e4ften kann Umsatz generieren. Lesen Sie mehr \u00fcber die Anwendung von gr\u00fcnen W\u00e4nden in Gesch\u00e4ften und Schaufenstern.","robots":{"index":"index","follow":"follow","max-snippet":"max-snippet:-1","max-image-preview":"max-image-preview:large","max-video-preview":"max-video-preview:-1"},"canonical":"https:\/\/mobilane.com\/de\/loesungen\/einzelhandel\/","og_locale":"de_DE","og_type":"article","og_title":"Einzelhandel | Ein gr\u00fcnes und nachhaltiges Einkaufserlebnis","og_description":"Gr\u00fcn in und in der N\u00e4he von Gesch\u00e4ften kann Umsatz generieren. Lesen Sie mehr \u00fcber die Anwendung von gr\u00fcnen W\u00e4nden in Gesch\u00e4ften und Schaufenstern.","og_url":"https:\/\/mobilane.com\/de\/loesungen\/einzelhandel\/","og_site_name":"Mobilane","article_modified_time":"2021-10-27T09:10:00+00:00","og_image":[{"width":1200,"height":800,"url":"https:\/\/mobilane.com\/app\/uploads\/2019\/04\/HealsURG3.jpg","type":"image\/jpeg"}],"twitter_card":"summary_large_image","schema":{"@context":"https:\/\/schema.org","@graph":[{"@type":"WebPage","@id":"https:\/\/mobilane.com\/de\/loesungen\/einzelhandel\/","url":"https:\/\/mobilane.com\/de\/loesungen\/einzelhandel\/","name":"Einzelhandel | Ein gr\u00fcnes und nachhaltiges Einkaufserlebnis","isPartOf":{"@id":"https:\/\/mobilane.com\/#website"},"primaryImageOfPage":{"@id":"https:\/\/mobilane.com\/de\/loesungen\/einzelhandel\/#primaryimage"},"image":{"@id":"https:\/\/mobilane.com\/de\/loesungen\/einzelhandel\/#primaryimage"},"thumbnailUrl":"https:\/\/mobilane.com\/app\/uploads\/2019\/04\/HealsURG3.jpg","datePublished":"2020-05-11T16:59:57+00:00","dateModified":"2021-10-27T09:10:00+00:00","description":"Gr\u00fcn in und in der N\u00e4he von Gesch\u00e4ften kann Umsatz generieren. Lesen Sie mehr \u00fcber die Anwendung von gr\u00fcnen W\u00e4nden in Gesch\u00e4ften und Schaufenstern.","breadcrumb":{"@id":"https:\/\/mobilane.com\/de\/loesungen\/einzelhandel\/#breadcrumb"},"inLanguage":"de","potentialAction":[{"@type":"ReadAction","target":["https:\/\/mobilane.com\/de\/loesungen\/einzelhandel\/"]}]},{"@type":"ImageObject","inLanguage":"de","@id":"https:\/\/mobilane.com\/de\/loesungen\/einzelhandel\/#primaryimage","url":"https:\/\/mobilane.com\/app\/uploads\/2019\/04\/HealsURG3.jpg","contentUrl":"https:\/\/mobilane.com\/app\/uploads\/2019\/04\/HealsURG3.jpg","width":1200,"height":800,"caption":"Live Panel at Heal's London"},{"@type":"BreadcrumbList","@id":"https:\/\/mobilane.com\/de\/loesungen\/einzelhandel\/#breadcrumb","itemListElement":[{"@type":"ListItem","position":1,"name":"Home","item":"https:\/\/mobilane.com\/de\/"},{"@type":"ListItem","position":2,"name":"L\u00f6sungen","item":"https:\/\/mobilane.com\/de\/loesungen\/"},{"@type":"ListItem","position":3,"name":"Einzelhandel"}]},{"@type":"WebSite","@id":"https:\/\/mobilane.com\/#website","url":"https:\/\/mobilane.com\/","name":"Mobilane","description":"Ready Made Green Systems","publisher":{"@id":"https:\/\/mobilane.com\/#organization"},"potentialAction":[{"@type":"SearchAction","target":{"@type":"EntryPoint","urlTemplate":"https:\/\/mobilane.com\/?s={search_term_string}"},"query-input":{"@type":"PropertyValueSpecification","valueRequired":true,"valueName":"search_term_string"}}],"inLanguage":"de"},{"@type":"Organization","@id":"https:\/\/mobilane.com\/#organization","name":"Mobilane","url":"https:\/\/mobilane.com\/","logo":{"@type":"ImageObject","inLanguage":"de","@id":"https:\/\/mobilane.com\/#\/schema\/logo\/image\/","url":"https:\/\/mobilane.com\/app\/uploads\/2019\/10\/logo-colour2x.png","contentUrl":"https:\/\/mobilane.com\/app\/uploads\/2019\/10\/logo-colour2x.png","width":1472,"height":295,"caption":"Mobilane"},"image":{"@id":"https:\/\/mobilane.com\/#\/schema\/logo\/image\/"}}]}},"_links":{"self":[{"href":"https:\/\/mobilane.com\/de\/wp-json\/wp\/v2\/pages\/25357","targetHints":{"allow":["GET"]}}],"collection":[{"href":"https:\/\/mobilane.com\/de\/wp-json\/wp\/v2\/pages"}],"about":[{"href":"https:\/\/mobilane.com\/de\/wp-json\/wp\/v2\/types\/page"}],"author":[{"embeddable":true,"href":"https:\/\/mobilane.com\/de\/wp-json\/wp\/v2\/users\/14"}],"replies":[{"embeddable":true,"href":"https:\/\/mobilane.com\/de\/wp-json\/wp\/v2\/comments?post=25357"}],"version-history":[{"count":5,"href":"https:\/\/mobilane.com\/de\/wp-json\/wp\/v2\/pages\/25357\/revisions"}],"predecessor-version":[{"id":40962,"href":"https:\/\/mobilane.com\/de\/wp-json\/wp\/v2\/pages\/25357\/revisions\/40962"}],"up":[{"embeddable":true,"href":"https:\/\/mobilane.com\/de\/wp-json\/wp\/v2\/pages\/25311"}],"wp:featuredmedia":[{"embeddable":true,"href":"https:\/\/mobilane.com\/de\/wp-json\/wp\/v2\/media\/13562"}],"wp:attachment":[{"href":"https:\/\/mobilane.com\/de\/wp-json\/wp\/v2\/media?parent=25357"}],"curies":[{"name":"wp","href":"https:\/\/api.w.org\/{rel}","templated":true}]}}