{"id":25353,"date":"2020-05-04T15:23:21","date_gmt":"2020-05-04T13:23:21","guid":{"rendered":"https:\/\/mobilane.com\/loesungen\/architecten\/"},"modified":"2020-06-16T00:37:48","modified_gmt":"2020-06-15T22:37:48","slug":"architekten","status":"publish","type":"page","link":"https:\/\/mobilane.com\/de\/loesungen\/architekten\/","title":{"rendered":"Architekten und Planer"},"content":{"rendered":"<p>Die Bedeutung und der Wert einer nachhaltigen, zukunftssicheren Geb\u00e4ude- und Landschaftsgestaltung nimmt weltweit zu. Pflanzen und eine gr\u00fcne Umgebung spielen dabei eine wichtige Rolle. Um die Vorteile von Begr\u00fcnungen optimal nutzen zu k\u00f6nnen und eine erfolgreiche Gestaltung nachhaltig zu realisieren, m\u00fcssen sie von Anfang an als integraler Bestandteil von Geb\u00e4uden oder Freir\u00e4umen in die Planung einbezogen werden. Warum und wie binden Sie gr\u00fcne Elemente erfolgreich in Ihren Entwurf ein? Was sind die Vorteile von Pflanzen in und an einem Bauwerk? Mobilane skizziert die M\u00f6glichkeiten und die wichtigen Faktoren, die vom Entwurfsprozess \u00fcber die Installation bis hin zur Instandhaltung zu ber\u00fccksichtigen sind.<\/p>\n<h3><strong>Vom Entwurf zur Installation und Wartung vor Ort <\/strong><\/h3>\n<p>Mobilane hat seine eigenen technischen Experten in seinem Team. Sie sind auf die Begr\u00fcnung von W\u00e4nden und D\u00e4chern spezialisiert, verstehen die kritischen Elemente innerhalb des Prozesses, einschlie\u00dflich des Standorts, der technischen Anforderungen an die Bew\u00e4sserung, der Messungen und Berechnungen sowie der Pflanzenauswahl, und k\u00f6nnen auch bei den praktischen und logistischen Anforderungen der Installation und der laufenden Wartung beraten.<br \/>\nVon der ersten \u00dcberlegung bis hin zum komplexen Entwurf, ein Gr\u00fcndach, einen Sichtschutz oder eine lebende Wand in Ihre Pl\u00e4ne aufzunehmen &#8211; wir begleiten Sie auf diesem Weg und sind bereit, unser Wissen mit Ihnen zu teilen.<\/p>\n<p><img loading=\"lazy\" decoding=\"async\" class=\"wp-image-15888 aligncenter\" src=\"http:\/\/mobilane.com\/app\/uploads\/2020\/04\/mobilane-architects-plant-advise-300x169.jpg\" alt=\"\" width=\"763\" height=\"430\" srcset=\"https:\/\/mobilane.com\/app\/uploads\/2020\/04\/mobilane-architects-plant-advise-300x169.jpg 300w, https:\/\/mobilane.com\/app\/uploads\/2020\/04\/mobilane-architects-plant-advise-768x432.jpg 768w, https:\/\/mobilane.com\/app\/uploads\/2020\/04\/mobilane-architects-plant-advise-1024x576.jpg 1024w, https:\/\/mobilane.com\/app\/uploads\/2020\/04\/mobilane-architects-plant-advise-30x18.jpg 30w, https:\/\/mobilane.com\/app\/uploads\/2020\/04\/mobilane-architects-plant-advise-305x172.jpg 305w, https:\/\/mobilane.com\/app\/uploads\/2020\/04\/mobilane-architects-plant-advise-470x264.jpg 470w, https:\/\/mobilane.com\/app\/uploads\/2020\/04\/mobilane-architects-plant-advise-89x50.jpg 89w\" sizes=\"auto, (max-width: 763px) 100vw, 763px\" \/><\/p>\n<p>&nbsp;<\/p>\n","protected":false},"excerpt":{"rendered":"<p>Die Bedeutung und der Wert einer nachhaltigen, zukunftssicheren Geb\u00e4ude- und Landschaftsgestaltung nimmt weltweit zu. Pflanzen und eine gr\u00fcne Umgebung spielen dabei eine wichtige Rolle. Um die Vorteile von Begr\u00fcnungen optimal nutzen zu k\u00f6nnen und eine erfolgreiche Gestaltung nachhaltig zu realisieren, m\u00fcssen sie von Anfang an als integraler Bestandteil von Geb\u00e4uden oder Freir\u00e4umen in die Planung [&hellip;]<\/p>\n","protected":false},"author":14,"featured_media":16448,"parent":25311,"menu_order":0,"comment_status":"closed","ping_status":"closed","template":"ct-page-oplos-subpages.php","meta":{"_acf_changed":false,"footnotes":""},"class_list":["post-25353","page","type-page","status-publish","has-post-thumbnail","hentry"],"acf":[],"yoast_head":"<!-- This site is optimized with the Yoast SEO plugin v27.3 - https:\/\/yoast.com\/product\/yoast-seo-wordpress\/ -->\n<title>Mobilane f\u00fcr Architekten | Nachhaltiges Design mit Mobilane<\/title>\n<meta name=\"description\" content=\"Mobilane verf\u00fcgt \u00fcber ein eigenes technisches Expertenteam und wei\u00df, welche praktischen Aspekte zu ber\u00fccksichtigen sind. Mehr wissen? In Kontakt kommen.\" \/>\n<meta name=\"robots\" content=\"index, follow, max-snippet:-1, max-image-preview:large, max-video-preview:-1\" \/>\n<link rel=\"canonical\" href=\"https:\/\/mobilane.com\/de\/loesungen\/architekten\/\" \/>\n<meta property=\"og:locale\" content=\"de_DE\" \/>\n<meta property=\"og:type\" content=\"article\" \/>\n<meta property=\"og:title\" content=\"Mobilane f\u00fcr Architekten | Nachhaltiges Design mit Mobilane\" \/>\n<meta property=\"og:description\" content=\"Mobilane verf\u00fcgt \u00fcber ein eigenes technisches Expertenteam und wei\u00df, welche praktischen Aspekte zu ber\u00fccksichtigen sind. Mehr wissen? In Kontakt kommen.\" \/>\n<meta property=\"og:url\" content=\"https:\/\/mobilane.com\/de\/loesungen\/architekten\/\" \/>\n<meta property=\"og:site_name\" content=\"Mobilane\" \/>\n<meta property=\"article:modified_time\" content=\"2020-06-15T22:37:48+00:00\" \/>\n<meta property=\"og:image\" content=\"https:\/\/mobilane.com\/app\/uploads\/2020\/04\/SuiteplantsPattysPlantsFishnorFowl-3bewerkt.jpg\" \/>\n\t<meta property=\"og:image:width\" content=\"7360\" \/>\n\t<meta property=\"og:image:height\" content=\"4912\" \/>\n\t<meta property=\"og:image:type\" content=\"image\/jpeg\" \/>\n<meta name=\"twitter:card\" content=\"summary_large_image\" \/>\n<meta name=\"twitter:label1\" content=\"Gesch\u00e4tzte Lesezeit\" \/>\n\t<meta name=\"twitter:data1\" content=\"1\u00a0Minute\" \/>\n<script type=\"application\/ld+json\" class=\"yoast-schema-graph\">{\"@context\":\"https:\\\/\\\/schema.org\",\"@graph\":[{\"@type\":\"WebPage\",\"@id\":\"https:\\\/\\\/mobilane.com\\\/de\\\/loesungen\\\/architekten\\\/\",\"url\":\"https:\\\/\\\/mobilane.com\\\/de\\\/loesungen\\\/architekten\\\/\",\"name\":\"Mobilane f\u00fcr Architekten | Nachhaltiges Design mit Mobilane\",\"isPartOf\":{\"@id\":\"https:\\\/\\\/mobilane.com\\\/#website\"},\"primaryImageOfPage\":{\"@id\":\"https:\\\/\\\/mobilane.com\\\/de\\\/loesungen\\\/architekten\\\/#primaryimage\"},\"image\":{\"@id\":\"https:\\\/\\\/mobilane.com\\\/de\\\/loesungen\\\/architekten\\\/#primaryimage\"},\"thumbnailUrl\":\"https:\\\/\\\/mobilane.com\\\/app\\\/uploads\\\/2020\\\/04\\\/SuiteplantsPattysPlantsFishnorFowl-3bewerkt.jpg\",\"datePublished\":\"2020-05-04T13:23:21+00:00\",\"dateModified\":\"2020-06-15T22:37:48+00:00\",\"description\":\"Mobilane verf\u00fcgt \u00fcber ein eigenes technisches Expertenteam und wei\u00df, welche praktischen Aspekte zu ber\u00fccksichtigen sind. Mehr wissen? In Kontakt kommen.\",\"breadcrumb\":{\"@id\":\"https:\\\/\\\/mobilane.com\\\/de\\\/loesungen\\\/architekten\\\/#breadcrumb\"},\"inLanguage\":\"de\",\"potentialAction\":[{\"@type\":\"ReadAction\",\"target\":[\"https:\\\/\\\/mobilane.com\\\/de\\\/loesungen\\\/architekten\\\/\"]}]},{\"@type\":\"ImageObject\",\"inLanguage\":\"de\",\"@id\":\"https:\\\/\\\/mobilane.com\\\/de\\\/loesungen\\\/architekten\\\/#primaryimage\",\"url\":\"https:\\\/\\\/mobilane.com\\\/app\\\/uploads\\\/2020\\\/04\\\/SuiteplantsPattysPlantsFishnorFowl-3bewerkt.jpg\",\"contentUrl\":\"https:\\\/\\\/mobilane.com\\\/app\\\/uploads\\\/2020\\\/04\\\/SuiteplantsPattysPlantsFishnorFowl-3bewerkt.jpg\",\"width\":7360,\"height\":4912,\"caption\":\"Mobilane LivePanel Groene wand\"},{\"@type\":\"BreadcrumbList\",\"@id\":\"https:\\\/\\\/mobilane.com\\\/de\\\/loesungen\\\/architekten\\\/#breadcrumb\",\"itemListElement\":[{\"@type\":\"ListItem\",\"position\":1,\"name\":\"Home\",\"item\":\"https:\\\/\\\/mobilane.com\\\/de\\\/\"},{\"@type\":\"ListItem\",\"position\":2,\"name\":\"L\u00f6sungen\",\"item\":\"https:\\\/\\\/mobilane.com\\\/de\\\/loesungen\\\/\"},{\"@type\":\"ListItem\",\"position\":3,\"name\":\"Architekten und Planer\"}]},{\"@type\":\"WebSite\",\"@id\":\"https:\\\/\\\/mobilane.com\\\/#website\",\"url\":\"https:\\\/\\\/mobilane.com\\\/\",\"name\":\"Mobilane\",\"description\":\"Ready Made Green Systems\",\"publisher\":{\"@id\":\"https:\\\/\\\/mobilane.com\\\/#organization\"},\"potentialAction\":[{\"@type\":\"SearchAction\",\"target\":{\"@type\":\"EntryPoint\",\"urlTemplate\":\"https:\\\/\\\/mobilane.com\\\/?s={search_term_string}\"},\"query-input\":{\"@type\":\"PropertyValueSpecification\",\"valueRequired\":true,\"valueName\":\"search_term_string\"}}],\"inLanguage\":\"de\"},{\"@type\":\"Organization\",\"@id\":\"https:\\\/\\\/mobilane.com\\\/#organization\",\"name\":\"Mobilane\",\"url\":\"https:\\\/\\\/mobilane.com\\\/\",\"logo\":{\"@type\":\"ImageObject\",\"inLanguage\":\"de\",\"@id\":\"https:\\\/\\\/mobilane.com\\\/#\\\/schema\\\/logo\\\/image\\\/\",\"url\":\"https:\\\/\\\/mobilane.com\\\/app\\\/uploads\\\/2019\\\/10\\\/logo-colour2x.png\",\"contentUrl\":\"https:\\\/\\\/mobilane.com\\\/app\\\/uploads\\\/2019\\\/10\\\/logo-colour2x.png\",\"width\":1472,\"height\":295,\"caption\":\"Mobilane\"},\"image\":{\"@id\":\"https:\\\/\\\/mobilane.com\\\/#\\\/schema\\\/logo\\\/image\\\/\"}}]}<\/script>\n<!-- \/ Yoast SEO plugin. -->","yoast_head_json":{"title":"Mobilane f\u00fcr Architekten | Nachhaltiges Design mit Mobilane","description":"Mobilane verf\u00fcgt \u00fcber ein eigenes technisches Expertenteam und wei\u00df, welche praktischen Aspekte zu ber\u00fccksichtigen sind. Mehr wissen? In Kontakt kommen.","robots":{"index":"index","follow":"follow","max-snippet":"max-snippet:-1","max-image-preview":"max-image-preview:large","max-video-preview":"max-video-preview:-1"},"canonical":"https:\/\/mobilane.com\/de\/loesungen\/architekten\/","og_locale":"de_DE","og_type":"article","og_title":"Mobilane f\u00fcr Architekten | Nachhaltiges Design mit Mobilane","og_description":"Mobilane verf\u00fcgt \u00fcber ein eigenes technisches Expertenteam und wei\u00df, welche praktischen Aspekte zu ber\u00fccksichtigen sind. Mehr wissen? In Kontakt kommen.","og_url":"https:\/\/mobilane.com\/de\/loesungen\/architekten\/","og_site_name":"Mobilane","article_modified_time":"2020-06-15T22:37:48+00:00","og_image":[{"width":7360,"height":4912,"url":"https:\/\/mobilane.com\/app\/uploads\/2020\/04\/SuiteplantsPattysPlantsFishnorFowl-3bewerkt.jpg","type":"image\/jpeg"}],"twitter_card":"summary_large_image","twitter_misc":{"Gesch\u00e4tzte Lesezeit":"1\u00a0Minute"},"schema":{"@context":"https:\/\/schema.org","@graph":[{"@type":"WebPage","@id":"https:\/\/mobilane.com\/de\/loesungen\/architekten\/","url":"https:\/\/mobilane.com\/de\/loesungen\/architekten\/","name":"Mobilane f\u00fcr Architekten | Nachhaltiges Design mit Mobilane","isPartOf":{"@id":"https:\/\/mobilane.com\/#website"},"primaryImageOfPage":{"@id":"https:\/\/mobilane.com\/de\/loesungen\/architekten\/#primaryimage"},"image":{"@id":"https:\/\/mobilane.com\/de\/loesungen\/architekten\/#primaryimage"},"thumbnailUrl":"https:\/\/mobilane.com\/app\/uploads\/2020\/04\/SuiteplantsPattysPlantsFishnorFowl-3bewerkt.jpg","datePublished":"2020-05-04T13:23:21+00:00","dateModified":"2020-06-15T22:37:48+00:00","description":"Mobilane verf\u00fcgt \u00fcber ein eigenes technisches Expertenteam und wei\u00df, welche praktischen Aspekte zu ber\u00fccksichtigen sind. Mehr wissen? In Kontakt kommen.","breadcrumb":{"@id":"https:\/\/mobilane.com\/de\/loesungen\/architekten\/#breadcrumb"},"inLanguage":"de","potentialAction":[{"@type":"ReadAction","target":["https:\/\/mobilane.com\/de\/loesungen\/architekten\/"]}]},{"@type":"ImageObject","inLanguage":"de","@id":"https:\/\/mobilane.com\/de\/loesungen\/architekten\/#primaryimage","url":"https:\/\/mobilane.com\/app\/uploads\/2020\/04\/SuiteplantsPattysPlantsFishnorFowl-3bewerkt.jpg","contentUrl":"https:\/\/mobilane.com\/app\/uploads\/2020\/04\/SuiteplantsPattysPlantsFishnorFowl-3bewerkt.jpg","width":7360,"height":4912,"caption":"Mobilane LivePanel Groene wand"},{"@type":"BreadcrumbList","@id":"https:\/\/mobilane.com\/de\/loesungen\/architekten\/#breadcrumb","itemListElement":[{"@type":"ListItem","position":1,"name":"Home","item":"https:\/\/mobilane.com\/de\/"},{"@type":"ListItem","position":2,"name":"L\u00f6sungen","item":"https:\/\/mobilane.com\/de\/loesungen\/"},{"@type":"ListItem","position":3,"name":"Architekten und Planer"}]},{"@type":"WebSite","@id":"https:\/\/mobilane.com\/#website","url":"https:\/\/mobilane.com\/","name":"Mobilane","description":"Ready Made Green Systems","publisher":{"@id":"https:\/\/mobilane.com\/#organization"},"potentialAction":[{"@type":"SearchAction","target":{"@type":"EntryPoint","urlTemplate":"https:\/\/mobilane.com\/?s={search_term_string}"},"query-input":{"@type":"PropertyValueSpecification","valueRequired":true,"valueName":"search_term_string"}}],"inLanguage":"de"},{"@type":"Organization","@id":"https:\/\/mobilane.com\/#organization","name":"Mobilane","url":"https:\/\/mobilane.com\/","logo":{"@type":"ImageObject","inLanguage":"de","@id":"https:\/\/mobilane.com\/#\/schema\/logo\/image\/","url":"https:\/\/mobilane.com\/app\/uploads\/2019\/10\/logo-colour2x.png","contentUrl":"https:\/\/mobilane.com\/app\/uploads\/2019\/10\/logo-colour2x.png","width":1472,"height":295,"caption":"Mobilane"},"image":{"@id":"https:\/\/mobilane.com\/#\/schema\/logo\/image\/"}}]}},"_links":{"self":[{"href":"https:\/\/mobilane.com\/de\/wp-json\/wp\/v2\/pages\/25353","targetHints":{"allow":["GET"]}}],"collection":[{"href":"https:\/\/mobilane.com\/de\/wp-json\/wp\/v2\/pages"}],"about":[{"href":"https:\/\/mobilane.com\/de\/wp-json\/wp\/v2\/types\/page"}],"author":[{"embeddable":true,"href":"https:\/\/mobilane.com\/de\/wp-json\/wp\/v2\/users\/14"}],"replies":[{"embeddable":true,"href":"https:\/\/mobilane.com\/de\/wp-json\/wp\/v2\/comments?post=25353"}],"version-history":[{"count":5,"href":"https:\/\/mobilane.com\/de\/wp-json\/wp\/v2\/pages\/25353\/revisions"}],"predecessor-version":[{"id":26647,"href":"https:\/\/mobilane.com\/de\/wp-json\/wp\/v2\/pages\/25353\/revisions\/26647"}],"up":[{"embeddable":true,"href":"https:\/\/mobilane.com\/de\/wp-json\/wp\/v2\/pages\/25311"}],"wp:featuredmedia":[{"embeddable":true,"href":"https:\/\/mobilane.com\/de\/wp-json\/wp\/v2\/media\/16448"}],"wp:attachment":[{"href":"https:\/\/mobilane.com\/de\/wp-json\/wp\/v2\/media?parent=25353"}],"curies":[{"name":"wp","href":"https:\/\/api.w.org\/{rel}","templated":true}]}}