{"id":25311,"date":"2020-03-26T08:33:53","date_gmt":"2020-03-26T07:33:53","guid":{"rendered":"https:\/\/mobilane.com\/oplossingen\/"},"modified":"2023-03-30T10:27:02","modified_gmt":"2023-03-30T08:27:02","slug":"loesungen","status":"publish","type":"page","link":"https:\/\/mobilane.com\/de\/loesungen\/","title":{"rendered":"L\u00f6sungen"},"content":{"rendered":"<p>Mobilane Produkte lassen sich auf vielf\u00e4ltige Weise fast \u00fcberall einsetzten. Hier finden Sie weiterf\u00fchrende Informationen und L\u00f6sungen f\u00fcr sich selbst, Ihre Zielgruppe oder Ihr Projekt.<br \/>\nSind Sie an einer direkten und pers\u00f6nlichen Beratung interessiert? <a href=\"\/de\/contact\/\">Kontaktieren<\/a> Sie uns.<\/p>\n","protected":false},"excerpt":{"rendered":"<p>Mobilane Produkte lassen sich auf vielf\u00e4ltige Weise fast \u00fcberall einsetzten. Hier finden Sie weiterf\u00fchrende Informationen und L\u00f6sungen f\u00fcr sich selbst, Ihre Zielgruppe oder Ihr Projekt. Sind Sie an einer direkten und pers\u00f6nlichen Beratung interessiert? Kontaktieren Sie uns.<\/p>\n","protected":false},"author":16,"featured_media":0,"parent":0,"menu_order":0,"comment_status":"closed","ping_status":"closed","template":"ct-page-oplossingen.php","meta":{"_acf_changed":false,"footnotes":""},"class_list":["post-25311","page","type-page","status-publish","hentry"],"acf":[],"yoast_head":"<!-- This site is optimized with the Yoast SEO plugin v27.3 - https:\/\/yoast.com\/product\/yoast-seo-wordpress\/ -->\n<title>Mobilane L\u00f6sungen | Schl\u00fcsselfertige innovative gr\u00fcne Systeme<\/title>\n<meta name=\"description\" content=\"Die innovativen gr\u00fcnen Systeme von Mobilane bieten eine schl\u00fcsselfertige L\u00f6sung f\u00fcr jedes Haus, B\u00fcro, Design und alle Arten von gemeinsamen Standorten.\" \/>\n<meta name=\"robots\" content=\"index, follow, max-snippet:-1, max-image-preview:large, max-video-preview:-1\" \/>\n<link rel=\"canonical\" href=\"https:\/\/mobilane.com\/de\/loesungen\/\" \/>\n<meta property=\"og:locale\" content=\"de_DE\" \/>\n<meta property=\"og:type\" content=\"article\" \/>\n<meta property=\"og:title\" content=\"Mobilane L\u00f6sungen | Schl\u00fcsselfertige innovative gr\u00fcne Systeme\" \/>\n<meta property=\"og:description\" content=\"Die innovativen gr\u00fcnen Systeme von Mobilane bieten eine schl\u00fcsselfertige L\u00f6sung f\u00fcr jedes Haus, B\u00fcro, Design und alle Arten von gemeinsamen Standorten.\" \/>\n<meta property=\"og:url\" content=\"https:\/\/mobilane.com\/de\/loesungen\/\" \/>\n<meta property=\"og:site_name\" content=\"Mobilane\" \/>\n<meta property=\"article:modified_time\" content=\"2023-03-30T08:27:02+00:00\" \/>\n<meta name=\"twitter:card\" content=\"summary_large_image\" \/>\n<meta name=\"twitter:label1\" content=\"Gesch\u00e4tzte Lesezeit\" \/>\n\t<meta name=\"twitter:data1\" content=\"1\u00a0Minute\" \/>\n<script type=\"application\/ld+json\" class=\"yoast-schema-graph\">{\"@context\":\"https:\\\/\\\/schema.org\",\"@graph\":[{\"@type\":\"WebPage\",\"@id\":\"https:\\\/\\\/mobilane.com\\\/de\\\/loesungen\\\/\",\"url\":\"https:\\\/\\\/mobilane.com\\\/de\\\/loesungen\\\/\",\"name\":\"Mobilane L\u00f6sungen | Schl\u00fcsselfertige innovative gr\u00fcne Systeme\",\"isPartOf\":{\"@id\":\"https:\\\/\\\/mobilane.com\\\/#website\"},\"datePublished\":\"2020-03-26T07:33:53+00:00\",\"dateModified\":\"2023-03-30T08:27:02+00:00\",\"description\":\"Die innovativen gr\u00fcnen Systeme von Mobilane bieten eine schl\u00fcsselfertige L\u00f6sung f\u00fcr jedes Haus, B\u00fcro, Design und alle Arten von gemeinsamen Standorten.\",\"breadcrumb\":{\"@id\":\"https:\\\/\\\/mobilane.com\\\/de\\\/loesungen\\\/#breadcrumb\"},\"inLanguage\":\"de\",\"potentialAction\":[{\"@type\":\"ReadAction\",\"target\":[\"https:\\\/\\\/mobilane.com\\\/de\\\/loesungen\\\/\"]}]},{\"@type\":\"BreadcrumbList\",\"@id\":\"https:\\\/\\\/mobilane.com\\\/de\\\/loesungen\\\/#breadcrumb\",\"itemListElement\":[{\"@type\":\"ListItem\",\"position\":1,\"name\":\"Home\",\"item\":\"https:\\\/\\\/mobilane.com\\\/de\\\/\"},{\"@type\":\"ListItem\",\"position\":2,\"name\":\"L\u00f6sungen\"}]},{\"@type\":\"WebSite\",\"@id\":\"https:\\\/\\\/mobilane.com\\\/#website\",\"url\":\"https:\\\/\\\/mobilane.com\\\/\",\"name\":\"Mobilane\",\"description\":\"Ready Made Green Systems\",\"publisher\":{\"@id\":\"https:\\\/\\\/mobilane.com\\\/#organization\"},\"potentialAction\":[{\"@type\":\"SearchAction\",\"target\":{\"@type\":\"EntryPoint\",\"urlTemplate\":\"https:\\\/\\\/mobilane.com\\\/?s={search_term_string}\"},\"query-input\":{\"@type\":\"PropertyValueSpecification\",\"valueRequired\":true,\"valueName\":\"search_term_string\"}}],\"inLanguage\":\"de\"},{\"@type\":\"Organization\",\"@id\":\"https:\\\/\\\/mobilane.com\\\/#organization\",\"name\":\"Mobilane\",\"url\":\"https:\\\/\\\/mobilane.com\\\/\",\"logo\":{\"@type\":\"ImageObject\",\"inLanguage\":\"de\",\"@id\":\"https:\\\/\\\/mobilane.com\\\/#\\\/schema\\\/logo\\\/image\\\/\",\"url\":\"https:\\\/\\\/mobilane.com\\\/app\\\/uploads\\\/2019\\\/10\\\/logo-colour2x.png\",\"contentUrl\":\"https:\\\/\\\/mobilane.com\\\/app\\\/uploads\\\/2019\\\/10\\\/logo-colour2x.png\",\"width\":1472,\"height\":295,\"caption\":\"Mobilane\"},\"image\":{\"@id\":\"https:\\\/\\\/mobilane.com\\\/#\\\/schema\\\/logo\\\/image\\\/\"}}]}<\/script>\n<!-- \/ Yoast SEO plugin. -->","yoast_head_json":{"title":"Mobilane L\u00f6sungen | Schl\u00fcsselfertige innovative gr\u00fcne Systeme","description":"Die innovativen gr\u00fcnen Systeme von Mobilane bieten eine schl\u00fcsselfertige L\u00f6sung f\u00fcr jedes Haus, B\u00fcro, Design und alle Arten von gemeinsamen Standorten.","robots":{"index":"index","follow":"follow","max-snippet":"max-snippet:-1","max-image-preview":"max-image-preview:large","max-video-preview":"max-video-preview:-1"},"canonical":"https:\/\/mobilane.com\/de\/loesungen\/","og_locale":"de_DE","og_type":"article","og_title":"Mobilane L\u00f6sungen | Schl\u00fcsselfertige innovative gr\u00fcne Systeme","og_description":"Die innovativen gr\u00fcnen Systeme von Mobilane bieten eine schl\u00fcsselfertige L\u00f6sung f\u00fcr jedes Haus, B\u00fcro, Design und alle Arten von gemeinsamen Standorten.","og_url":"https:\/\/mobilane.com\/de\/loesungen\/","og_site_name":"Mobilane","article_modified_time":"2023-03-30T08:27:02+00:00","twitter_card":"summary_large_image","twitter_misc":{"Gesch\u00e4tzte Lesezeit":"1\u00a0Minute"},"schema":{"@context":"https:\/\/schema.org","@graph":[{"@type":"WebPage","@id":"https:\/\/mobilane.com\/de\/loesungen\/","url":"https:\/\/mobilane.com\/de\/loesungen\/","name":"Mobilane L\u00f6sungen | Schl\u00fcsselfertige innovative gr\u00fcne Systeme","isPartOf":{"@id":"https:\/\/mobilane.com\/#website"},"datePublished":"2020-03-26T07:33:53+00:00","dateModified":"2023-03-30T08:27:02+00:00","description":"Die innovativen gr\u00fcnen Systeme von Mobilane bieten eine schl\u00fcsselfertige L\u00f6sung f\u00fcr jedes Haus, B\u00fcro, Design und alle Arten von gemeinsamen Standorten.","breadcrumb":{"@id":"https:\/\/mobilane.com\/de\/loesungen\/#breadcrumb"},"inLanguage":"de","potentialAction":[{"@type":"ReadAction","target":["https:\/\/mobilane.com\/de\/loesungen\/"]}]},{"@type":"BreadcrumbList","@id":"https:\/\/mobilane.com\/de\/loesungen\/#breadcrumb","itemListElement":[{"@type":"ListItem","position":1,"name":"Home","item":"https:\/\/mobilane.com\/de\/"},{"@type":"ListItem","position":2,"name":"L\u00f6sungen"}]},{"@type":"WebSite","@id":"https:\/\/mobilane.com\/#website","url":"https:\/\/mobilane.com\/","name":"Mobilane","description":"Ready Made Green Systems","publisher":{"@id":"https:\/\/mobilane.com\/#organization"},"potentialAction":[{"@type":"SearchAction","target":{"@type":"EntryPoint","urlTemplate":"https:\/\/mobilane.com\/?s={search_term_string}"},"query-input":{"@type":"PropertyValueSpecification","valueRequired":true,"valueName":"search_term_string"}}],"inLanguage":"de"},{"@type":"Organization","@id":"https:\/\/mobilane.com\/#organization","name":"Mobilane","url":"https:\/\/mobilane.com\/","logo":{"@type":"ImageObject","inLanguage":"de","@id":"https:\/\/mobilane.com\/#\/schema\/logo\/image\/","url":"https:\/\/mobilane.com\/app\/uploads\/2019\/10\/logo-colour2x.png","contentUrl":"https:\/\/mobilane.com\/app\/uploads\/2019\/10\/logo-colour2x.png","width":1472,"height":295,"caption":"Mobilane"},"image":{"@id":"https:\/\/mobilane.com\/#\/schema\/logo\/image\/"}}]}},"_links":{"self":[{"href":"https:\/\/mobilane.com\/de\/wp-json\/wp\/v2\/pages\/25311","targetHints":{"allow":["GET"]}}],"collection":[{"href":"https:\/\/mobilane.com\/de\/wp-json\/wp\/v2\/pages"}],"about":[{"href":"https:\/\/mobilane.com\/de\/wp-json\/wp\/v2\/types\/page"}],"author":[{"embeddable":true,"href":"https:\/\/mobilane.com\/de\/wp-json\/wp\/v2\/users\/16"}],"replies":[{"embeddable":true,"href":"https:\/\/mobilane.com\/de\/wp-json\/wp\/v2\/comments?post=25311"}],"version-history":[{"count":5,"href":"https:\/\/mobilane.com\/de\/wp-json\/wp\/v2\/pages\/25311\/revisions"}],"predecessor-version":[{"id":54681,"href":"https:\/\/mobilane.com\/de\/wp-json\/wp\/v2\/pages\/25311\/revisions\/54681"}],"wp:attachment":[{"href":"https:\/\/mobilane.com\/de\/wp-json\/wp\/v2\/media?parent=25311"}],"curies":[{"name":"wp","href":"https:\/\/api.w.org\/{rel}","templated":true}]}}