{"id":23790,"date":"2020-04-01T15:30:26","date_gmt":"2020-04-01T13:30:26","guid":{"rendered":"https:\/\/mobilane.com\/het-verhaal\/"},"modified":"2024-11-07T10:19:12","modified_gmt":"2024-11-07T09:19:12","slug":"die-geschichte","status":"publish","type":"page","link":"https:\/\/mobilane.com\/de\/die-geschichte\/","title":{"rendered":"Unsere Historie"},"content":{"rendered":"<p>Mobilane ist ein Unternehmen der Darthuizer Gruppe. Das f\u00fchrende Familienunternehmen ist bereits seit fast 100 Jahren ein Begriff, wenn es um Innovation und Qualit\u00e4t im gr\u00fcnen Lebensumfeld geht. Aufbauend auf dieser langj\u00e4hrigen Erfahrung in der Gr\u00fcnbranche entstand 2000 Mobilane als nachhaltiger Entwickler patentierter innovativer Begr\u00fcnungssysteme.<\/p>\n<p>Mobilane ist schon seit einem Jahrzehnt Marktf\u00fchrer f\u00fcr die nachhaltige Entwicklung und Lieferung patentierter, innovativer Gr\u00fcnsysteme. Ein umfassendes Netz von Niederlassungen, H\u00e4ndlern und Agenten sorgt f\u00fcr den Vertrieb der einzigartigen Fertigbegr\u00fcnungsprodukte auf allen Kontinenten. Von Nordamerika bis Australien: Kein Markt ist dem aus den Niederlanden stammenden Unternehmen zu weit.<\/p>\n<p><img loading=\"lazy\" decoding=\"async\" class=\"alignnone size-full wp-image-1059\" src=\"http:\/\/mobilane.com\/app\/uploads\/2018\/05\/Dartplant-1.jpg\" alt=\"\" width=\"900\" height=\"600\" srcset=\"https:\/\/mobilane.com\/app\/uploads\/2018\/05\/Dartplant-1.jpg 900w, https:\/\/mobilane.com\/app\/uploads\/2018\/05\/Dartplant-1-300x200.jpg 300w, https:\/\/mobilane.com\/app\/uploads\/2018\/05\/Dartplant-1-768x512.jpg 768w, https:\/\/mobilane.com\/app\/uploads\/2018\/05\/Dartplant-1-305x203.jpg 305w, https:\/\/mobilane.com\/app\/uploads\/2018\/05\/Dartplant-1-470x313.jpg 470w, https:\/\/mobilane.com\/app\/uploads\/2018\/05\/Dartplant-1-75x50.jpg 75w\" sizes=\"auto, (max-width: 900px) 100vw, 900px\" \/><\/p>\n<h2>Mission<\/h2>\n<p>Wir betrachten es als unsere Mission, durch die innovativen Begr\u00fcnungssysteme von Mobilane &#8211; jedes mit spezifischen, einzigartigen Vorteilen und Eigenschaften &#8211; gemeinsam an einem besseren, gesunden Lebensumfeld zu arbeiten. Der Mehrwert von Gr\u00fcn hat direkten Einfluss auf das Umfeld, verbessert das Klima, wertet Immobilien auf und tr\u00e4gt zu \u00c4sthetik, Gesundheit und Wohlbefinden bei.<\/p>\n<h2>Red Dot Award<\/h2>\n<p>2018 konnte Mobilane f\u00fcr den Entwurf des neuesten Produkts \u201eLivePicture GO\u201c mit Stolz den internationalen Red Dot Award in der Kategorie \u201eHigh Design Quality\u201c entgegennehmen.<\/p>\n<div class=\"embed-container\">\n            <iframe loading=\"lazy\" title=\"Mobilane - Building Green\" width=\"500\" height=\"281\" src=\"https:\/\/www.youtube.com\/embed\/rTw9enjHJu4?feature=oembed&#038;rel=0&#038;modestbranding=1\" frameborder=\"0\" allow=\"accelerometer; autoplay; clipboard-write; encrypted-media; gyroscope; picture-in-picture; web-share\" referrerpolicy=\"strict-origin-when-cross-origin\" allowfullscreen><\/iframe>        <\/div>\n","protected":false},"excerpt":{"rendered":"<p>Mobilane ist ein Unternehmen der Darthuizer Gruppe. Das f\u00fchrende Familienunternehmen ist bereits seit fast 100 Jahren ein Begriff, wenn es um Innovation und Qualit\u00e4t im gr\u00fcnen Lebensumfeld geht. Aufbauend auf dieser langj\u00e4hrigen Erfahrung in der Gr\u00fcnbranche entstand 2000 Mobilane als nachhaltiger Entwickler patentierter innovativer Begr\u00fcnungssysteme. Mobilane ist schon seit einem Jahrzehnt Marktf\u00fchrer f\u00fcr die nachhaltige [&hellip;]<\/p>\n","protected":false},"author":16,"featured_media":0,"parent":0,"menu_order":0,"comment_status":"closed","ping_status":"closed","template":"ct-page-aboutus.php","meta":{"_acf_changed":false,"footnotes":""},"class_list":["post-23790","page","type-page","status-publish","hentry"],"acf":[],"yoast_head":"<!-- This site is optimized with the Yoast SEO plugin v27.3 - https:\/\/yoast.com\/product\/yoast-seo-wordpress\/ -->\n<title>Unsere Historie | Innovative Gr\u00fcnsysteme von Mobilane<\/title>\n<meta name=\"description\" content=\"Mobilane ist schon seit einem Jahrzehnt Marktf\u00fchrer f\u00fcr die nachhaltige Entwicklung und Lieferung patentierter, innovativer Gr\u00fcnsysteme.\" \/>\n<meta name=\"robots\" content=\"index, follow, max-snippet:-1, max-image-preview:large, max-video-preview:-1\" \/>\n<link rel=\"canonical\" href=\"https:\/\/mobilane.com\/de\/die-geschichte\/\" \/>\n<meta property=\"og:locale\" content=\"de_DE\" \/>\n<meta property=\"og:type\" content=\"article\" \/>\n<meta property=\"og:title\" content=\"Unsere Historie | Innovative Gr\u00fcnsysteme von Mobilane\" \/>\n<meta property=\"og:description\" content=\"Mobilane ist schon seit einem Jahrzehnt Marktf\u00fchrer f\u00fcr die nachhaltige Entwicklung und Lieferung patentierter, innovativer Gr\u00fcnsysteme.\" \/>\n<meta property=\"og:url\" content=\"https:\/\/mobilane.com\/de\/die-geschichte\/\" \/>\n<meta property=\"og:site_name\" content=\"Mobilane\" \/>\n<meta property=\"article:modified_time\" content=\"2024-11-07T09:19:12+00:00\" \/>\n<meta property=\"og:image\" content=\"http:\/\/mobilane.com\/app\/uploads\/2018\/05\/Dartplant-1.jpg\" \/>\n<meta name=\"twitter:card\" content=\"summary_large_image\" \/>\n<meta name=\"twitter:label1\" content=\"Gesch\u00e4tzte Lesezeit\" \/>\n\t<meta name=\"twitter:data1\" content=\"2\u00a0Minuten\" \/>\n<script type=\"application\/ld+json\" class=\"yoast-schema-graph\">{\"@context\":\"https:\\\/\\\/schema.org\",\"@graph\":[{\"@type\":\"WebPage\",\"@id\":\"https:\\\/\\\/mobilane.com\\\/de\\\/die-geschichte\\\/\",\"url\":\"https:\\\/\\\/mobilane.com\\\/de\\\/die-geschichte\\\/\",\"name\":\"Unsere Historie | Innovative Gr\u00fcnsysteme von Mobilane\",\"isPartOf\":{\"@id\":\"https:\\\/\\\/mobilane.com\\\/#website\"},\"primaryImageOfPage\":{\"@id\":\"https:\\\/\\\/mobilane.com\\\/de\\\/die-geschichte\\\/#primaryimage\"},\"image\":{\"@id\":\"https:\\\/\\\/mobilane.com\\\/de\\\/die-geschichte\\\/#primaryimage\"},\"thumbnailUrl\":\"http:\\\/\\\/mobilane.com\\\/app\\\/uploads\\\/2018\\\/05\\\/Dartplant-1.jpg\",\"datePublished\":\"2020-04-01T13:30:26+00:00\",\"dateModified\":\"2024-11-07T09:19:12+00:00\",\"description\":\"Mobilane ist schon seit einem Jahrzehnt Marktf\u00fchrer f\u00fcr die nachhaltige Entwicklung und Lieferung patentierter, innovativer Gr\u00fcnsysteme.\",\"breadcrumb\":{\"@id\":\"https:\\\/\\\/mobilane.com\\\/de\\\/die-geschichte\\\/#breadcrumb\"},\"inLanguage\":\"de\",\"potentialAction\":[{\"@type\":\"ReadAction\",\"target\":[\"https:\\\/\\\/mobilane.com\\\/de\\\/die-geschichte\\\/\"]}]},{\"@type\":\"ImageObject\",\"inLanguage\":\"de\",\"@id\":\"https:\\\/\\\/mobilane.com\\\/de\\\/die-geschichte\\\/#primaryimage\",\"url\":\"http:\\\/\\\/mobilane.com\\\/app\\\/uploads\\\/2018\\\/05\\\/Dartplant-1.jpg\",\"contentUrl\":\"http:\\\/\\\/mobilane.com\\\/app\\\/uploads\\\/2018\\\/05\\\/Dartplant-1.jpg\"},{\"@type\":\"BreadcrumbList\",\"@id\":\"https:\\\/\\\/mobilane.com\\\/de\\\/die-geschichte\\\/#breadcrumb\",\"itemListElement\":[{\"@type\":\"ListItem\",\"position\":1,\"name\":\"Home\",\"item\":\"https:\\\/\\\/mobilane.com\\\/de\\\/\"},{\"@type\":\"ListItem\",\"position\":2,\"name\":\"Unsere Historie\"}]},{\"@type\":\"WebSite\",\"@id\":\"https:\\\/\\\/mobilane.com\\\/#website\",\"url\":\"https:\\\/\\\/mobilane.com\\\/\",\"name\":\"Mobilane\",\"description\":\"Ready Made Green Systems\",\"publisher\":{\"@id\":\"https:\\\/\\\/mobilane.com\\\/#organization\"},\"potentialAction\":[{\"@type\":\"SearchAction\",\"target\":{\"@type\":\"EntryPoint\",\"urlTemplate\":\"https:\\\/\\\/mobilane.com\\\/?s={search_term_string}\"},\"query-input\":{\"@type\":\"PropertyValueSpecification\",\"valueRequired\":true,\"valueName\":\"search_term_string\"}}],\"inLanguage\":\"de\"},{\"@type\":\"Organization\",\"@id\":\"https:\\\/\\\/mobilane.com\\\/#organization\",\"name\":\"Mobilane\",\"url\":\"https:\\\/\\\/mobilane.com\\\/\",\"logo\":{\"@type\":\"ImageObject\",\"inLanguage\":\"de\",\"@id\":\"https:\\\/\\\/mobilane.com\\\/#\\\/schema\\\/logo\\\/image\\\/\",\"url\":\"https:\\\/\\\/mobilane.com\\\/app\\\/uploads\\\/2019\\\/10\\\/logo-colour2x.png\",\"contentUrl\":\"https:\\\/\\\/mobilane.com\\\/app\\\/uploads\\\/2019\\\/10\\\/logo-colour2x.png\",\"width\":1472,\"height\":295,\"caption\":\"Mobilane\"},\"image\":{\"@id\":\"https:\\\/\\\/mobilane.com\\\/#\\\/schema\\\/logo\\\/image\\\/\"}}]}<\/script>\n<!-- \/ Yoast SEO plugin. -->","yoast_head_json":{"title":"Unsere Historie | Innovative Gr\u00fcnsysteme von Mobilane","description":"Mobilane ist schon seit einem Jahrzehnt Marktf\u00fchrer f\u00fcr die nachhaltige Entwicklung und Lieferung patentierter, innovativer Gr\u00fcnsysteme.","robots":{"index":"index","follow":"follow","max-snippet":"max-snippet:-1","max-image-preview":"max-image-preview:large","max-video-preview":"max-video-preview:-1"},"canonical":"https:\/\/mobilane.com\/de\/die-geschichte\/","og_locale":"de_DE","og_type":"article","og_title":"Unsere Historie | Innovative Gr\u00fcnsysteme von Mobilane","og_description":"Mobilane ist schon seit einem Jahrzehnt Marktf\u00fchrer f\u00fcr die nachhaltige Entwicklung und Lieferung patentierter, innovativer Gr\u00fcnsysteme.","og_url":"https:\/\/mobilane.com\/de\/die-geschichte\/","og_site_name":"Mobilane","article_modified_time":"2024-11-07T09:19:12+00:00","og_image":[{"url":"http:\/\/mobilane.com\/app\/uploads\/2018\/05\/Dartplant-1.jpg","type":"","width":"","height":""}],"twitter_card":"summary_large_image","twitter_misc":{"Gesch\u00e4tzte Lesezeit":"2\u00a0Minuten"},"schema":{"@context":"https:\/\/schema.org","@graph":[{"@type":"WebPage","@id":"https:\/\/mobilane.com\/de\/die-geschichte\/","url":"https:\/\/mobilane.com\/de\/die-geschichte\/","name":"Unsere Historie | Innovative Gr\u00fcnsysteme von Mobilane","isPartOf":{"@id":"https:\/\/mobilane.com\/#website"},"primaryImageOfPage":{"@id":"https:\/\/mobilane.com\/de\/die-geschichte\/#primaryimage"},"image":{"@id":"https:\/\/mobilane.com\/de\/die-geschichte\/#primaryimage"},"thumbnailUrl":"http:\/\/mobilane.com\/app\/uploads\/2018\/05\/Dartplant-1.jpg","datePublished":"2020-04-01T13:30:26+00:00","dateModified":"2024-11-07T09:19:12+00:00","description":"Mobilane ist schon seit einem Jahrzehnt Marktf\u00fchrer f\u00fcr die nachhaltige Entwicklung und Lieferung patentierter, innovativer Gr\u00fcnsysteme.","breadcrumb":{"@id":"https:\/\/mobilane.com\/de\/die-geschichte\/#breadcrumb"},"inLanguage":"de","potentialAction":[{"@type":"ReadAction","target":["https:\/\/mobilane.com\/de\/die-geschichte\/"]}]},{"@type":"ImageObject","inLanguage":"de","@id":"https:\/\/mobilane.com\/de\/die-geschichte\/#primaryimage","url":"http:\/\/mobilane.com\/app\/uploads\/2018\/05\/Dartplant-1.jpg","contentUrl":"http:\/\/mobilane.com\/app\/uploads\/2018\/05\/Dartplant-1.jpg"},{"@type":"BreadcrumbList","@id":"https:\/\/mobilane.com\/de\/die-geschichte\/#breadcrumb","itemListElement":[{"@type":"ListItem","position":1,"name":"Home","item":"https:\/\/mobilane.com\/de\/"},{"@type":"ListItem","position":2,"name":"Unsere Historie"}]},{"@type":"WebSite","@id":"https:\/\/mobilane.com\/#website","url":"https:\/\/mobilane.com\/","name":"Mobilane","description":"Ready Made Green Systems","publisher":{"@id":"https:\/\/mobilane.com\/#organization"},"potentialAction":[{"@type":"SearchAction","target":{"@type":"EntryPoint","urlTemplate":"https:\/\/mobilane.com\/?s={search_term_string}"},"query-input":{"@type":"PropertyValueSpecification","valueRequired":true,"valueName":"search_term_string"}}],"inLanguage":"de"},{"@type":"Organization","@id":"https:\/\/mobilane.com\/#organization","name":"Mobilane","url":"https:\/\/mobilane.com\/","logo":{"@type":"ImageObject","inLanguage":"de","@id":"https:\/\/mobilane.com\/#\/schema\/logo\/image\/","url":"https:\/\/mobilane.com\/app\/uploads\/2019\/10\/logo-colour2x.png","contentUrl":"https:\/\/mobilane.com\/app\/uploads\/2019\/10\/logo-colour2x.png","width":1472,"height":295,"caption":"Mobilane"},"image":{"@id":"https:\/\/mobilane.com\/#\/schema\/logo\/image\/"}}]}},"_links":{"self":[{"href":"https:\/\/mobilane.com\/de\/wp-json\/wp\/v2\/pages\/23790","targetHints":{"allow":["GET"]}}],"collection":[{"href":"https:\/\/mobilane.com\/de\/wp-json\/wp\/v2\/pages"}],"about":[{"href":"https:\/\/mobilane.com\/de\/wp-json\/wp\/v2\/types\/page"}],"author":[{"embeddable":true,"href":"https:\/\/mobilane.com\/de\/wp-json\/wp\/v2\/users\/16"}],"replies":[{"embeddable":true,"href":"https:\/\/mobilane.com\/de\/wp-json\/wp\/v2\/comments?post=23790"}],"version-history":[{"count":5,"href":"https:\/\/mobilane.com\/de\/wp-json\/wp\/v2\/pages\/23790\/revisions"}],"predecessor-version":[{"id":72748,"href":"https:\/\/mobilane.com\/de\/wp-json\/wp\/v2\/pages\/23790\/revisions\/72748"}],"wp:attachment":[{"href":"https:\/\/mobilane.com\/de\/wp-json\/wp\/v2\/media?parent=23790"}],"curies":[{"name":"wp","href":"https:\/\/api.w.org\/{rel}","templated":true}]}}