{"id":23394,"date":"2020-06-08T13:32:56","date_gmt":"2020-06-08T11:32:56","guid":{"rendered":"https:\/\/mobilane.com\/?page_id=23394"},"modified":"2021-04-30T13:17:54","modified_gmt":"2021-04-30T11:17:54","slug":"pflanzenverzeichnis","status":"publish","type":"page","link":"https:\/\/mobilane.com\/de\/pflanzenverzeichnis\/","title":{"rendered":"Pflanzenverzeichnis"},"content":{"rendered":"<p style=\"text-align: center;\">Das Mobilane Pflanzenverzeichnis bietet eine \u00dcbersicht \u00fcber ausgew\u00e4hlte Pflanzenarten, die in den verschiedenen Mobilane Produkten verwendet werden. Obwohl es Tausende von Pflanzenarten auf der Welt gibt, sind nicht alle f\u00fcr jede Situation geeignet. Jede Pflanze hat ihre besonderen Eigenschaften, idealen Bedingungen und bevorzugten Pflanzorte. Faktoren, die bei der Auswahl einer Pflanze f\u00fcr begr\u00fcnte W\u00e4nde und Fassaden ber\u00fccksichtigt werden sollten, sind u.a. Temperatur, Klimazone, Sonneneinstrahlung, Schatten, Bodenart, Feuchtigkeitsbedarf und Himmelsrichtung.<\/p>\n<p style=\"text-align: center;\">Kontaktieren Sie den <a href=\"mailto: technicalsupport@mobilane.nl\">technischen Support<\/a> von Mobilane f\u00fcr eine Beratung oder weiterf\u00fchrende Informationen.<\/p>\n","protected":false},"excerpt":{"rendered":"<p>Das Mobilane Pflanzenverzeichnis bietet eine \u00dcbersicht \u00fcber ausgew\u00e4hlte Pflanzenarten, die in den verschiedenen Mobilane Produkten verwendet werden. Obwohl es Tausende von Pflanzenarten auf der Welt gibt, sind nicht alle f\u00fcr jede Situation geeignet. Jede Pflanze hat ihre besonderen Eigenschaften, idealen Bedingungen und bevorzugten Pflanzorte. Faktoren, die bei der Auswahl einer Pflanze f\u00fcr begr\u00fcnte W\u00e4nde und [&hellip;]<\/p>\n","protected":false},"author":2,"featured_media":0,"parent":0,"menu_order":0,"comment_status":"closed","ping_status":"closed","template":"ct-page-plantenguide.php","meta":{"_acf_changed":false,"footnotes":""},"class_list":["post-23394","page","type-page","status-publish","hentry"],"acf":[],"yoast_head":"<!-- This site is optimized with the Yoast SEO plugin v27.3 - https:\/\/yoast.com\/product\/yoast-seo-wordpress\/ -->\n<title>Pflanzenverzeichnis | Die besten Pflanzensorten f\u00fcr jedes Produkt<\/title>\n<meta name=\"description\" content=\"Wir wissen, welche Pflanzensorten am besten f\u00fcr unsere Produkte geeignet sind und teilen diese Erkenntnisse gerne mit Ihnen.\" \/>\n<meta name=\"robots\" content=\"index, follow, max-snippet:-1, max-image-preview:large, max-video-preview:-1\" \/>\n<link rel=\"canonical\" href=\"https:\/\/mobilane.com\/de\/pflanzenverzeichnis\/\" \/>\n<meta property=\"og:locale\" content=\"de_DE\" \/>\n<meta property=\"og:type\" content=\"article\" \/>\n<meta property=\"og:title\" content=\"Pflanzenverzeichnis | Die besten Pflanzensorten f\u00fcr jedes Produkt\" \/>\n<meta property=\"og:description\" content=\"Wir wissen, welche Pflanzensorten am besten f\u00fcr unsere Produkte geeignet sind und teilen diese Erkenntnisse gerne mit Ihnen.\" \/>\n<meta property=\"og:url\" content=\"https:\/\/mobilane.com\/de\/pflanzenverzeichnis\/\" \/>\n<meta property=\"og:site_name\" content=\"Mobilane\" \/>\n<meta property=\"article:modified_time\" content=\"2021-04-30T11:17:54+00:00\" \/>\n<meta name=\"twitter:card\" content=\"summary_large_image\" \/>\n<meta name=\"twitter:label1\" content=\"Gesch\u00e4tzte Lesezeit\" \/>\n\t<meta name=\"twitter:data1\" content=\"1\u00a0Minute\" \/>\n<script type=\"application\/ld+json\" class=\"yoast-schema-graph\">{\"@context\":\"https:\\\/\\\/schema.org\",\"@graph\":[{\"@type\":\"WebPage\",\"@id\":\"https:\\\/\\\/mobilane.com\\\/de\\\/pflanzenverzeichnis\\\/\",\"url\":\"https:\\\/\\\/mobilane.com\\\/de\\\/pflanzenverzeichnis\\\/\",\"name\":\"Pflanzenverzeichnis | Die besten Pflanzensorten f\u00fcr jedes Produkt\",\"isPartOf\":{\"@id\":\"https:\\\/\\\/mobilane.com\\\/#website\"},\"datePublished\":\"2020-06-08T11:32:56+00:00\",\"dateModified\":\"2021-04-30T11:17:54+00:00\",\"description\":\"Wir wissen, welche Pflanzensorten am besten f\u00fcr unsere Produkte geeignet sind und teilen diese Erkenntnisse gerne mit Ihnen.\",\"breadcrumb\":{\"@id\":\"https:\\\/\\\/mobilane.com\\\/de\\\/pflanzenverzeichnis\\\/#breadcrumb\"},\"inLanguage\":\"de\",\"potentialAction\":[{\"@type\":\"ReadAction\",\"target\":[\"https:\\\/\\\/mobilane.com\\\/de\\\/pflanzenverzeichnis\\\/\"]}]},{\"@type\":\"BreadcrumbList\",\"@id\":\"https:\\\/\\\/mobilane.com\\\/de\\\/pflanzenverzeichnis\\\/#breadcrumb\",\"itemListElement\":[{\"@type\":\"ListItem\",\"position\":1,\"name\":\"Home\",\"item\":\"https:\\\/\\\/mobilane.com\\\/de\\\/\"},{\"@type\":\"ListItem\",\"position\":2,\"name\":\"Pflanzenverzeichnis\"}]},{\"@type\":\"WebSite\",\"@id\":\"https:\\\/\\\/mobilane.com\\\/#website\",\"url\":\"https:\\\/\\\/mobilane.com\\\/\",\"name\":\"Mobilane\",\"description\":\"Ready Made Green Systems\",\"publisher\":{\"@id\":\"https:\\\/\\\/mobilane.com\\\/#organization\"},\"potentialAction\":[{\"@type\":\"SearchAction\",\"target\":{\"@type\":\"EntryPoint\",\"urlTemplate\":\"https:\\\/\\\/mobilane.com\\\/?s={search_term_string}\"},\"query-input\":{\"@type\":\"PropertyValueSpecification\",\"valueRequired\":true,\"valueName\":\"search_term_string\"}}],\"inLanguage\":\"de\"},{\"@type\":\"Organization\",\"@id\":\"https:\\\/\\\/mobilane.com\\\/#organization\",\"name\":\"Mobilane\",\"url\":\"https:\\\/\\\/mobilane.com\\\/\",\"logo\":{\"@type\":\"ImageObject\",\"inLanguage\":\"de\",\"@id\":\"https:\\\/\\\/mobilane.com\\\/#\\\/schema\\\/logo\\\/image\\\/\",\"url\":\"https:\\\/\\\/mobilane.com\\\/app\\\/uploads\\\/2019\\\/10\\\/logo-colour2x.png\",\"contentUrl\":\"https:\\\/\\\/mobilane.com\\\/app\\\/uploads\\\/2019\\\/10\\\/logo-colour2x.png\",\"width\":1472,\"height\":295,\"caption\":\"Mobilane\"},\"image\":{\"@id\":\"https:\\\/\\\/mobilane.com\\\/#\\\/schema\\\/logo\\\/image\\\/\"}}]}<\/script>\n<!-- \/ Yoast SEO plugin. -->","yoast_head_json":{"title":"Pflanzenverzeichnis | Die besten Pflanzensorten f\u00fcr jedes Produkt","description":"Wir wissen, welche Pflanzensorten am besten f\u00fcr unsere Produkte geeignet sind und teilen diese Erkenntnisse gerne mit Ihnen.","robots":{"index":"index","follow":"follow","max-snippet":"max-snippet:-1","max-image-preview":"max-image-preview:large","max-video-preview":"max-video-preview:-1"},"canonical":"https:\/\/mobilane.com\/de\/pflanzenverzeichnis\/","og_locale":"de_DE","og_type":"article","og_title":"Pflanzenverzeichnis | Die besten Pflanzensorten f\u00fcr jedes Produkt","og_description":"Wir wissen, welche Pflanzensorten am besten f\u00fcr unsere Produkte geeignet sind und teilen diese Erkenntnisse gerne mit Ihnen.","og_url":"https:\/\/mobilane.com\/de\/pflanzenverzeichnis\/","og_site_name":"Mobilane","article_modified_time":"2021-04-30T11:17:54+00:00","twitter_card":"summary_large_image","twitter_misc":{"Gesch\u00e4tzte Lesezeit":"1\u00a0Minute"},"schema":{"@context":"https:\/\/schema.org","@graph":[{"@type":"WebPage","@id":"https:\/\/mobilane.com\/de\/pflanzenverzeichnis\/","url":"https:\/\/mobilane.com\/de\/pflanzenverzeichnis\/","name":"Pflanzenverzeichnis | Die besten Pflanzensorten f\u00fcr jedes Produkt","isPartOf":{"@id":"https:\/\/mobilane.com\/#website"},"datePublished":"2020-06-08T11:32:56+00:00","dateModified":"2021-04-30T11:17:54+00:00","description":"Wir wissen, welche Pflanzensorten am besten f\u00fcr unsere Produkte geeignet sind und teilen diese Erkenntnisse gerne mit Ihnen.","breadcrumb":{"@id":"https:\/\/mobilane.com\/de\/pflanzenverzeichnis\/#breadcrumb"},"inLanguage":"de","potentialAction":[{"@type":"ReadAction","target":["https:\/\/mobilane.com\/de\/pflanzenverzeichnis\/"]}]},{"@type":"BreadcrumbList","@id":"https:\/\/mobilane.com\/de\/pflanzenverzeichnis\/#breadcrumb","itemListElement":[{"@type":"ListItem","position":1,"name":"Home","item":"https:\/\/mobilane.com\/de\/"},{"@type":"ListItem","position":2,"name":"Pflanzenverzeichnis"}]},{"@type":"WebSite","@id":"https:\/\/mobilane.com\/#website","url":"https:\/\/mobilane.com\/","name":"Mobilane","description":"Ready Made Green Systems","publisher":{"@id":"https:\/\/mobilane.com\/#organization"},"potentialAction":[{"@type":"SearchAction","target":{"@type":"EntryPoint","urlTemplate":"https:\/\/mobilane.com\/?s={search_term_string}"},"query-input":{"@type":"PropertyValueSpecification","valueRequired":true,"valueName":"search_term_string"}}],"inLanguage":"de"},{"@type":"Organization","@id":"https:\/\/mobilane.com\/#organization","name":"Mobilane","url":"https:\/\/mobilane.com\/","logo":{"@type":"ImageObject","inLanguage":"de","@id":"https:\/\/mobilane.com\/#\/schema\/logo\/image\/","url":"https:\/\/mobilane.com\/app\/uploads\/2019\/10\/logo-colour2x.png","contentUrl":"https:\/\/mobilane.com\/app\/uploads\/2019\/10\/logo-colour2x.png","width":1472,"height":295,"caption":"Mobilane"},"image":{"@id":"https:\/\/mobilane.com\/#\/schema\/logo\/image\/"}}]}},"_links":{"self":[{"href":"https:\/\/mobilane.com\/de\/wp-json\/wp\/v2\/pages\/23394","targetHints":{"allow":["GET"]}}],"collection":[{"href":"https:\/\/mobilane.com\/de\/wp-json\/wp\/v2\/pages"}],"about":[{"href":"https:\/\/mobilane.com\/de\/wp-json\/wp\/v2\/types\/page"}],"author":[{"embeddable":true,"href":"https:\/\/mobilane.com\/de\/wp-json\/wp\/v2\/users\/2"}],"replies":[{"embeddable":true,"href":"https:\/\/mobilane.com\/de\/wp-json\/wp\/v2\/comments?post=23394"}],"version-history":[{"count":5,"href":"https:\/\/mobilane.com\/de\/wp-json\/wp\/v2\/pages\/23394\/revisions"}],"predecessor-version":[{"id":35149,"href":"https:\/\/mobilane.com\/de\/wp-json\/wp\/v2\/pages\/23394\/revisions\/35149"}],"wp:attachment":[{"href":"https:\/\/mobilane.com\/de\/wp-json\/wp\/v2\/media?parent=23394"}],"curies":[{"name":"wp","href":"https:\/\/api.w.org\/{rel}","templated":true}]}}