{"id":23247,"date":"2020-06-08T11:35:10","date_gmt":"2020-06-08T09:35:10","guid":{"rendered":"https:\/\/mobilane.com\/?page_id=23247"},"modified":"2021-03-01T10:58:33","modified_gmt":"2021-03-01T09:58:33","slug":"presseraum","status":"publish","type":"page","link":"https:\/\/mobilane.com\/de\/presseraum\/","title":{"rendered":"Presseraum"},"content":{"rendered":"<p><span style=\"font-weight: 400;\">Bei Mobilane suchen wir das Gespr\u00e4ch auch mit den Medien und teilen gerne unser gr\u00fcnes Knowhow. St\u00f6bern Sie in den aktuellen Mobilane-Pressever\u00f6ffentlichungen zu unseren Produkten, realisierten Projekten oder Informationen zu Pflanzenw\u00e4nden und Fassadenbegr\u00fcnungen, Gr\u00fcnd\u00e4chern und Begr\u00fcnungen in Haus und B\u00fcro. Alle Informationen sind auch im Download verf\u00fcgbar.<\/span><\/p>\n<p><span style=\"font-weight: 400;\">Sollten Sie dar\u00fcber hinaus noch Fragen haben, senden Sie bitte eine E-Mail an: Annelies Kieboom, <\/span><a href=\"mailto:kieboom@mobilane.nl\"><span style=\"font-weight: 400;\">kieboom@mobilane.nl<\/span><\/a><span style=\"font-weight: 400;\">.<\/span><\/p>\n","protected":false},"excerpt":{"rendered":"<p>Bei Mobilane suchen wir das Gespr\u00e4ch auch mit den Medien und teilen gerne unser gr\u00fcnes Knowhow. St\u00f6bern Sie in den aktuellen Mobilane-Pressever\u00f6ffentlichungen zu unseren Produkten, realisierten Projekten oder Informationen zu Pflanzenw\u00e4nden und Fassadenbegr\u00fcnungen, Gr\u00fcnd\u00e4chern und Begr\u00fcnungen in Haus und B\u00fcro. Alle Informationen sind auch im Download verf\u00fcgbar. Sollten Sie dar\u00fcber hinaus noch Fragen haben, senden [&hellip;]<\/p>\n","protected":false},"author":2,"featured_media":0,"parent":0,"menu_order":0,"comment_status":"closed","ping_status":"closed","template":"ct-page-pressroom.php","meta":{"_acf_changed":false,"footnotes":""},"class_list":["post-23247","page","type-page","status-publish","hentry"],"acf":[],"yoast_head":"<!-- This site is optimized with the Yoast SEO plugin v27.3 - https:\/\/yoast.com\/product\/yoast-seo-wordpress\/ -->\n<title>Presseraum - Information &amp; Kontakt | Mobilane<\/title>\n<meta name=\"description\" content=\"Bei Mobilane suchen wir das Gespr\u00e4ch auch mit den Medien und teilen gerne unser gr\u00fcnes Knowhow.\" \/>\n<meta name=\"robots\" content=\"index, follow, max-snippet:-1, max-image-preview:large, max-video-preview:-1\" \/>\n<link rel=\"canonical\" href=\"https:\/\/mobilane.com\/de\/presseraum\/\" \/>\n<meta property=\"og:locale\" content=\"de_DE\" \/>\n<meta property=\"og:type\" content=\"article\" \/>\n<meta property=\"og:title\" content=\"Presseraum - Information &amp; Kontakt | Mobilane\" \/>\n<meta property=\"og:description\" content=\"Bei Mobilane suchen wir das Gespr\u00e4ch auch mit den Medien und teilen gerne unser gr\u00fcnes Knowhow.\" \/>\n<meta property=\"og:url\" content=\"https:\/\/mobilane.com\/de\/presseraum\/\" \/>\n<meta property=\"og:site_name\" content=\"Mobilane\" \/>\n<meta property=\"article:modified_time\" content=\"2021-03-01T09:58:33+00:00\" \/>\n<meta name=\"twitter:card\" content=\"summary_large_image\" \/>\n<script type=\"application\/ld+json\" class=\"yoast-schema-graph\">{\"@context\":\"https:\\\/\\\/schema.org\",\"@graph\":[{\"@type\":\"WebPage\",\"@id\":\"https:\\\/\\\/mobilane.com\\\/de\\\/presseraum\\\/\",\"url\":\"https:\\\/\\\/mobilane.com\\\/de\\\/presseraum\\\/\",\"name\":\"Presseraum - Information & Kontakt | Mobilane\",\"isPartOf\":{\"@id\":\"https:\\\/\\\/mobilane.com\\\/#website\"},\"datePublished\":\"2020-06-08T09:35:10+00:00\",\"dateModified\":\"2021-03-01T09:58:33+00:00\",\"description\":\"Bei Mobilane suchen wir das Gespr\u00e4ch auch mit den Medien und teilen gerne unser gr\u00fcnes Knowhow.\",\"breadcrumb\":{\"@id\":\"https:\\\/\\\/mobilane.com\\\/de\\\/presseraum\\\/#breadcrumb\"},\"inLanguage\":\"de\",\"potentialAction\":[{\"@type\":\"ReadAction\",\"target\":[\"https:\\\/\\\/mobilane.com\\\/de\\\/presseraum\\\/\"]}]},{\"@type\":\"BreadcrumbList\",\"@id\":\"https:\\\/\\\/mobilane.com\\\/de\\\/presseraum\\\/#breadcrumb\",\"itemListElement\":[{\"@type\":\"ListItem\",\"position\":1,\"name\":\"Home\",\"item\":\"https:\\\/\\\/mobilane.com\\\/de\\\/\"},{\"@type\":\"ListItem\",\"position\":2,\"name\":\"Presseraum\"}]},{\"@type\":\"WebSite\",\"@id\":\"https:\\\/\\\/mobilane.com\\\/#website\",\"url\":\"https:\\\/\\\/mobilane.com\\\/\",\"name\":\"Mobilane\",\"description\":\"Ready Made Green Systems\",\"publisher\":{\"@id\":\"https:\\\/\\\/mobilane.com\\\/#organization\"},\"potentialAction\":[{\"@type\":\"SearchAction\",\"target\":{\"@type\":\"EntryPoint\",\"urlTemplate\":\"https:\\\/\\\/mobilane.com\\\/?s={search_term_string}\"},\"query-input\":{\"@type\":\"PropertyValueSpecification\",\"valueRequired\":true,\"valueName\":\"search_term_string\"}}],\"inLanguage\":\"de\"},{\"@type\":\"Organization\",\"@id\":\"https:\\\/\\\/mobilane.com\\\/#organization\",\"name\":\"Mobilane\",\"url\":\"https:\\\/\\\/mobilane.com\\\/\",\"logo\":{\"@type\":\"ImageObject\",\"inLanguage\":\"de\",\"@id\":\"https:\\\/\\\/mobilane.com\\\/#\\\/schema\\\/logo\\\/image\\\/\",\"url\":\"https:\\\/\\\/mobilane.com\\\/app\\\/uploads\\\/2019\\\/10\\\/logo-colour2x.png\",\"contentUrl\":\"https:\\\/\\\/mobilane.com\\\/app\\\/uploads\\\/2019\\\/10\\\/logo-colour2x.png\",\"width\":1472,\"height\":295,\"caption\":\"Mobilane\"},\"image\":{\"@id\":\"https:\\\/\\\/mobilane.com\\\/#\\\/schema\\\/logo\\\/image\\\/\"}}]}<\/script>\n<!-- \/ Yoast SEO plugin. -->","yoast_head_json":{"title":"Presseraum - Information & Kontakt | Mobilane","description":"Bei Mobilane suchen wir das Gespr\u00e4ch auch mit den Medien und teilen gerne unser gr\u00fcnes Knowhow.","robots":{"index":"index","follow":"follow","max-snippet":"max-snippet:-1","max-image-preview":"max-image-preview:large","max-video-preview":"max-video-preview:-1"},"canonical":"https:\/\/mobilane.com\/de\/presseraum\/","og_locale":"de_DE","og_type":"article","og_title":"Presseraum - Information & Kontakt | Mobilane","og_description":"Bei Mobilane suchen wir das Gespr\u00e4ch auch mit den Medien und teilen gerne unser gr\u00fcnes Knowhow.","og_url":"https:\/\/mobilane.com\/de\/presseraum\/","og_site_name":"Mobilane","article_modified_time":"2021-03-01T09:58:33+00:00","twitter_card":"summary_large_image","schema":{"@context":"https:\/\/schema.org","@graph":[{"@type":"WebPage","@id":"https:\/\/mobilane.com\/de\/presseraum\/","url":"https:\/\/mobilane.com\/de\/presseraum\/","name":"Presseraum - Information & Kontakt | Mobilane","isPartOf":{"@id":"https:\/\/mobilane.com\/#website"},"datePublished":"2020-06-08T09:35:10+00:00","dateModified":"2021-03-01T09:58:33+00:00","description":"Bei Mobilane suchen wir das Gespr\u00e4ch auch mit den Medien und teilen gerne unser gr\u00fcnes Knowhow.","breadcrumb":{"@id":"https:\/\/mobilane.com\/de\/presseraum\/#breadcrumb"},"inLanguage":"de","potentialAction":[{"@type":"ReadAction","target":["https:\/\/mobilane.com\/de\/presseraum\/"]}]},{"@type":"BreadcrumbList","@id":"https:\/\/mobilane.com\/de\/presseraum\/#breadcrumb","itemListElement":[{"@type":"ListItem","position":1,"name":"Home","item":"https:\/\/mobilane.com\/de\/"},{"@type":"ListItem","position":2,"name":"Presseraum"}]},{"@type":"WebSite","@id":"https:\/\/mobilane.com\/#website","url":"https:\/\/mobilane.com\/","name":"Mobilane","description":"Ready Made Green Systems","publisher":{"@id":"https:\/\/mobilane.com\/#organization"},"potentialAction":[{"@type":"SearchAction","target":{"@type":"EntryPoint","urlTemplate":"https:\/\/mobilane.com\/?s={search_term_string}"},"query-input":{"@type":"PropertyValueSpecification","valueRequired":true,"valueName":"search_term_string"}}],"inLanguage":"de"},{"@type":"Organization","@id":"https:\/\/mobilane.com\/#organization","name":"Mobilane","url":"https:\/\/mobilane.com\/","logo":{"@type":"ImageObject","inLanguage":"de","@id":"https:\/\/mobilane.com\/#\/schema\/logo\/image\/","url":"https:\/\/mobilane.com\/app\/uploads\/2019\/10\/logo-colour2x.png","contentUrl":"https:\/\/mobilane.com\/app\/uploads\/2019\/10\/logo-colour2x.png","width":1472,"height":295,"caption":"Mobilane"},"image":{"@id":"https:\/\/mobilane.com\/#\/schema\/logo\/image\/"}}]}},"_links":{"self":[{"href":"https:\/\/mobilane.com\/de\/wp-json\/wp\/v2\/pages\/23247","targetHints":{"allow":["GET"]}}],"collection":[{"href":"https:\/\/mobilane.com\/de\/wp-json\/wp\/v2\/pages"}],"about":[{"href":"https:\/\/mobilane.com\/de\/wp-json\/wp\/v2\/types\/page"}],"author":[{"embeddable":true,"href":"https:\/\/mobilane.com\/de\/wp-json\/wp\/v2\/users\/2"}],"replies":[{"embeddable":true,"href":"https:\/\/mobilane.com\/de\/wp-json\/wp\/v2\/comments?post=23247"}],"version-history":[{"count":5,"href":"https:\/\/mobilane.com\/de\/wp-json\/wp\/v2\/pages\/23247\/revisions"}],"predecessor-version":[{"id":32850,"href":"https:\/\/mobilane.com\/de\/wp-json\/wp\/v2\/pages\/23247\/revisions\/32850"}],"wp:attachment":[{"href":"https:\/\/mobilane.com\/de\/wp-json\/wp\/v2\/media?parent=23247"}],"curies":[{"name":"wp","href":"https:\/\/api.w.org\/{rel}","templated":true}]}}