{"id":84780,"date":"2025-04-07T16:02:26","date_gmt":"2025-04-07T14:02:26","guid":{"rendered":"https:\/\/mobilane.com\/produits\/livepanel-tank\/"},"modified":"2025-09-26T13:45:08","modified_gmt":"2025-09-26T11:45:08","slug":"livepanel-tank","status":"publish","type":"product","link":"https:\/\/mobilane.com\/be-fr\/produits\/livepanel-tank\/","title":{"rendered":"LivePanel TANK"},"content":{"rendered":"","protected":false},"excerpt":{"rendered":"","protected":false},"author":14,"featured_media":55691,"menu_order":0,"comment_status":"closed","ping_status":"closed","template":"","class_list":["post-84780","product","type-product","status-publish","has-post-thumbnail","hentry","product_label-indoor-be-fr","target_audience-consommateur","target_audience-entreprise"],"acf":{"is_category_page":false,"information":"<strong>Le LivePanel TANK est un mur v\u00e9g\u00e9tal sans raccordement fixe \u00e0 l\u2019eau qui peut alimenter les plantes en eau pendant jusqu\u2019\u00e0 six semaines. Avec seulement une alimentation \u00e9lectrique, cette solution intelligente, circulaire, durable et n\u00e9cessitant peu d\u2019entretien est facile \u00e0 installer et \u00e0 int\u00e9grer dans tout espace int\u00e9rieur.<\/strong>","right_information":"<img class=\"alignnone wp-image-50053\" src=\"http:\/\/mobilane.com\/app\/uploads\/2018\/05\/Recycle-icon-v2.png\" sizes=\"(max-width: 57px) 100vw, 57px\" srcset=\"https:\/\/mobilane.com\/app\/uploads\/2018\/05\/Recycle-icon-v2.png 2567w, https:\/\/mobilane.com\/app\/uploads\/2018\/05\/Recycle-icon-v2-300x267.png 300w, https:\/\/mobilane.com\/app\/uploads\/2018\/05\/Recycle-icon-v2-1024x912.png 1024w, https:\/\/mobilane.com\/app\/uploads\/2018\/05\/Recycle-icon-v2-768x684.png 768w, https:\/\/mobilane.com\/app\/uploads\/2018\/05\/Recycle-icon-v2-1536x1368.png 1536w, https:\/\/mobilane.com\/app\/uploads\/2018\/05\/Recycle-icon-v2-2048x1824.png 2048w, https:\/\/mobilane.com\/app\/uploads\/2018\/05\/Recycle-icon-v2-305x272.png 305w, https:\/\/mobilane.com\/app\/uploads\/2018\/05\/Recycle-icon-v2-470x419.png 470w, https:\/\/mobilane.com\/app\/uploads\/2018\/05\/Recycle-icon-v2-56x50.png 56w\" alt=\"\" width=\"57\" height=\"51\" \/>\r\n<b>Circulaire\r\n<\/b>Le LivePanel TANK est fabriqu\u00e9 \u00e0 partir de mat\u00e9riaux durables, r\u00e9utilisables et enti\u00e8rement recyclables \u2014 une solution circulaire id\u00e9ale pour les murs v\u00e9g\u00e9taux.\r\n\r\n<img class=\"alignnone wp-image-37367 \" src=\"http:\/\/mobilane.com\/app\/uploads\/2021\/07\/Waterdruppel-icoontje-002-300x300.png\" sizes=\"(max-width: 40px) 100vw, 40px\" srcset=\"https:\/\/mobilane.com\/app\/uploads\/2021\/07\/Waterdruppel-icoontje-002-300x300.png 300w, https:\/\/mobilane.com\/app\/uploads\/2021\/07\/Waterdruppel-icoontje-002-150x150.png 150w, https:\/\/mobilane.com\/app\/uploads\/2021\/07\/Waterdruppel-icoontje-002.png 500w, https:\/\/mobilane.com\/app\/uploads\/2021\/07\/Waterdruppel-icoontje-002-470x470.png 470w, https:\/\/mobilane.com\/app\/uploads\/2021\/07\/Waterdruppel-icoontje-002-50x50.png 50w, https:\/\/mobilane.com\/app\/uploads\/2021\/07\/Waterdruppel-icoontje-002-186x186.png 186w\" alt=\"zuinig waterverbruik\" width=\"40\" height=\"40\" \/>\r\n<strong>\u00c9conomique en eau<\/strong>\r\nLe r\u00e9servoir d\u2019eau int\u00e9gr\u00e9 alimente automatiquement les plantes pendant environ 4 \u00e0 6 semaines, avec une consommation d\u2019eau \u00e9conome et sans gaspillage.\r\n\r\n<img class=\"alignnone wp-image-50047\" src=\"http:\/\/mobilane.com\/app\/uploads\/2018\/05\/Plants-healthy-climate-icon.png\" sizes=\"(max-width: 43px) 100vw, 43px\" srcset=\"https:\/\/mobilane.com\/app\/uploads\/2018\/05\/Plants-healthy-climate-icon.png 500w, https:\/\/mobilane.com\/app\/uploads\/2018\/05\/Plants-healthy-climate-icon-300x300.png 300w, https:\/\/mobilane.com\/app\/uploads\/2018\/05\/Plants-healthy-climate-icon-150x150.png 150w, https:\/\/mobilane.com\/app\/uploads\/2018\/05\/Plants-healthy-climate-icon-470x470.png 470w, https:\/\/mobilane.com\/app\/uploads\/2018\/05\/Plants-healthy-climate-icon-50x50.png 50w, https:\/\/mobilane.com\/app\/uploads\/2018\/05\/Plants-healthy-climate-icon-186x186.png 186w\" alt=\"\" width=\"43\" height=\"43\" \/>\r\n<strong>Air pur et sain<\/strong>\r\nLes <strong data-start=\"1039\" data-end=\"1108\">plantes vivantes du LivePanel TANK am\u00e9liorent la qualit\u00e9 de l\u2019air<\/strong> et <strong data-start=\"1112\" data-end=\"1159\">contribuent \u00e0 un climat int\u00e9rieur plus sain<\/strong>.","download":79459,"product_bradcrumb":null,"cps_term_link":""},"yoast_head":"<!-- This site is optimized with the Yoast SEO plugin v27.3 - https:\/\/yoast.com\/product\/yoast-seo-wordpress\/ -->\n<title>Mur v\u00e9g\u00e9tal simple sans arriv\u00e9e d\u2019eau | Mobilane<\/title>\n<meta name=\"description\" content=\"Pas de raccordement \u00e0 l\u2019eau ? Avec le LivePanel TANK, profitez pendant jusqu\u2019\u00e0 6 semaines d\u2019un mur v\u00e9g\u00e9tal luxuriant, sans aucun raccordement fixe \u00e0 l\u2019eau.\" \/>\n<meta name=\"robots\" content=\"index, follow, max-snippet:-1, max-image-preview:large, max-video-preview:-1\" \/>\n<link rel=\"canonical\" href=\"https:\/\/mobilane.com\/be-fr\/produits\/livepanel-tank\/\" \/>\n<meta property=\"og:locale\" content=\"fr_FR\" \/>\n<meta property=\"og:type\" content=\"article\" \/>\n<meta property=\"og:title\" content=\"Mur v\u00e9g\u00e9tal simple sans arriv\u00e9e d\u2019eau | Mobilane\" \/>\n<meta property=\"og:description\" content=\"Pas de raccordement \u00e0 l\u2019eau ? Avec le LivePanel TANK, profitez pendant jusqu\u2019\u00e0 6 semaines d\u2019un mur v\u00e9g\u00e9tal luxuriant, sans aucun raccordement fixe \u00e0 l\u2019eau.\" \/>\n<meta property=\"og:url\" content=\"https:\/\/mobilane.com\/be-fr\/produits\/livepanel-tank\/\" \/>\n<meta property=\"og:site_name\" content=\"Mobilane\" \/>\n<meta property=\"article:modified_time\" content=\"2025-09-26T11:45:08+00:00\" \/>\n<meta property=\"og:image\" content=\"https:\/\/mobilane.com\/app\/uploads\/2023\/05\/MobilaneLivePanelTANKDE-683x1024.png\" \/>\n\t<meta property=\"og:image:width\" content=\"683\" \/>\n\t<meta property=\"og:image:height\" content=\"1024\" \/>\n\t<meta property=\"og:image:type\" content=\"image\/png\" \/>\n<meta name=\"twitter:card\" content=\"summary_large_image\" \/>\n<meta name=\"twitter:label1\" content=\"Dur\u00e9e de lecture est.\" \/>\n\t<meta name=\"twitter:data1\" content=\"1 minute\" \/>\n<script type=\"application\/ld+json\" class=\"yoast-schema-graph\">{\"@context\":\"https:\\\/\\\/schema.org\",\"@graph\":[{\"@type\":\"WebPage\",\"@id\":\"https:\\\/\\\/mobilane.com\\\/be-fr\\\/produits\\\/livepanel-tank\\\/\",\"url\":\"https:\\\/\\\/mobilane.com\\\/be-fr\\\/produits\\\/livepanel-tank\\\/\",\"name\":\"Mur v\u00e9g\u00e9tal simple sans arriv\u00e9e d\u2019eau | Mobilane\",\"isPartOf\":{\"@id\":\"https:\\\/\\\/mobilane.com\\\/#website\"},\"primaryImageOfPage\":{\"@id\":\"https:\\\/\\\/mobilane.com\\\/be-fr\\\/produits\\\/livepanel-tank\\\/#primaryimage\"},\"image\":{\"@id\":\"https:\\\/\\\/mobilane.com\\\/be-fr\\\/produits\\\/livepanel-tank\\\/#primaryimage\"},\"thumbnailUrl\":\"https:\\\/\\\/mobilane.com\\\/app\\\/uploads\\\/2023\\\/05\\\/MobilaneLivePanelTANKDE.png\",\"datePublished\":\"2025-04-07T14:02:26+00:00\",\"dateModified\":\"2025-09-26T11:45:08+00:00\",\"description\":\"Pas de raccordement \u00e0 l\u2019eau ? Avec le LivePanel TANK, profitez pendant jusqu\u2019\u00e0 6 semaines d\u2019un mur v\u00e9g\u00e9tal luxuriant, sans aucun raccordement fixe \u00e0 l\u2019eau.\",\"breadcrumb\":{\"@id\":\"https:\\\/\\\/mobilane.com\\\/be-fr\\\/produits\\\/livepanel-tank\\\/#breadcrumb\"},\"inLanguage\":\"fr-BE\",\"potentialAction\":[{\"@type\":\"ReadAction\",\"target\":[\"https:\\\/\\\/mobilane.com\\\/be-fr\\\/produits\\\/livepanel-tank\\\/\"]}]},{\"@type\":\"ImageObject\",\"inLanguage\":\"fr-BE\",\"@id\":\"https:\\\/\\\/mobilane.com\\\/be-fr\\\/produits\\\/livepanel-tank\\\/#primaryimage\",\"url\":\"https:\\\/\\\/mobilane.com\\\/app\\\/uploads\\\/2023\\\/05\\\/MobilaneLivePanelTANKDE.png\",\"contentUrl\":\"https:\\\/\\\/mobilane.com\\\/app\\\/uploads\\\/2023\\\/05\\\/MobilaneLivePanelTANKDE.png\",\"width\":1000,\"height\":1500,\"caption\":\"Mobilane_LivePanel_TANK_Germany\"},{\"@type\":\"BreadcrumbList\",\"@id\":\"https:\\\/\\\/mobilane.com\\\/be-fr\\\/produits\\\/livepanel-tank\\\/#breadcrumb\",\"itemListElement\":[{\"@type\":\"ListItem\",\"position\":1,\"name\":\"Home\",\"item\":\"https:\\\/\\\/mobilane.com\\\/be-fr\\\/\"},{\"@type\":\"ListItem\",\"position\":2,\"name\":\"Posts\",\"item\":\"https:\\\/\\\/mobilane.com\\\/products\\\/\"},{\"@type\":\"ListItem\",\"position\":3,\"name\":\"LivePanel TANK\"}]},{\"@type\":\"WebSite\",\"@id\":\"https:\\\/\\\/mobilane.com\\\/#website\",\"url\":\"https:\\\/\\\/mobilane.com\\\/\",\"name\":\"Mobilane\",\"description\":\"Ready Made Green Systems\",\"publisher\":{\"@id\":\"https:\\\/\\\/mobilane.com\\\/#organization\"},\"potentialAction\":[{\"@type\":\"SearchAction\",\"target\":{\"@type\":\"EntryPoint\",\"urlTemplate\":\"https:\\\/\\\/mobilane.com\\\/?s={search_term_string}\"},\"query-input\":{\"@type\":\"PropertyValueSpecification\",\"valueRequired\":true,\"valueName\":\"search_term_string\"}}],\"inLanguage\":\"fr-BE\"},{\"@type\":\"Organization\",\"@id\":\"https:\\\/\\\/mobilane.com\\\/#organization\",\"name\":\"Mobilane\",\"url\":\"https:\\\/\\\/mobilane.com\\\/\",\"logo\":{\"@type\":\"ImageObject\",\"inLanguage\":\"fr-BE\",\"@id\":\"https:\\\/\\\/mobilane.com\\\/#\\\/schema\\\/logo\\\/image\\\/\",\"url\":\"https:\\\/\\\/mobilane.com\\\/app\\\/uploads\\\/2019\\\/10\\\/logo-colour2x.png\",\"contentUrl\":\"https:\\\/\\\/mobilane.com\\\/app\\\/uploads\\\/2019\\\/10\\\/logo-colour2x.png\",\"width\":1472,\"height\":295,\"caption\":\"Mobilane\"},\"image\":{\"@id\":\"https:\\\/\\\/mobilane.com\\\/#\\\/schema\\\/logo\\\/image\\\/\"}}]}<\/script>\n<!-- \/ Yoast SEO plugin. -->","yoast_head_json":{"title":"Mur v\u00e9g\u00e9tal simple sans arriv\u00e9e d\u2019eau | Mobilane","description":"Pas de raccordement \u00e0 l\u2019eau ? Avec le LivePanel TANK, profitez pendant jusqu\u2019\u00e0 6 semaines d\u2019un mur v\u00e9g\u00e9tal luxuriant, sans aucun raccordement fixe \u00e0 l\u2019eau.","robots":{"index":"index","follow":"follow","max-snippet":"max-snippet:-1","max-image-preview":"max-image-preview:large","max-video-preview":"max-video-preview:-1"},"canonical":"https:\/\/mobilane.com\/be-fr\/produits\/livepanel-tank\/","og_locale":"fr_FR","og_type":"article","og_title":"Mur v\u00e9g\u00e9tal simple sans arriv\u00e9e d\u2019eau | Mobilane","og_description":"Pas de raccordement \u00e0 l\u2019eau ? Avec le LivePanel TANK, profitez pendant jusqu\u2019\u00e0 6 semaines d\u2019un mur v\u00e9g\u00e9tal luxuriant, sans aucun raccordement fixe \u00e0 l\u2019eau.","og_url":"https:\/\/mobilane.com\/be-fr\/produits\/livepanel-tank\/","og_site_name":"Mobilane","article_modified_time":"2025-09-26T11:45:08+00:00","og_image":[{"width":683,"height":1024,"url":"https:\/\/mobilane.com\/app\/uploads\/2023\/05\/MobilaneLivePanelTANKDE-683x1024.png","type":"image\/png"}],"twitter_card":"summary_large_image","twitter_misc":{"Dur\u00e9e de lecture est.":"1 minute"},"schema":{"@context":"https:\/\/schema.org","@graph":[{"@type":"WebPage","@id":"https:\/\/mobilane.com\/be-fr\/produits\/livepanel-tank\/","url":"https:\/\/mobilane.com\/be-fr\/produits\/livepanel-tank\/","name":"Mur v\u00e9g\u00e9tal simple sans arriv\u00e9e d\u2019eau | Mobilane","isPartOf":{"@id":"https:\/\/mobilane.com\/#website"},"primaryImageOfPage":{"@id":"https:\/\/mobilane.com\/be-fr\/produits\/livepanel-tank\/#primaryimage"},"image":{"@id":"https:\/\/mobilane.com\/be-fr\/produits\/livepanel-tank\/#primaryimage"},"thumbnailUrl":"https:\/\/mobilane.com\/app\/uploads\/2023\/05\/MobilaneLivePanelTANKDE.png","datePublished":"2025-04-07T14:02:26+00:00","dateModified":"2025-09-26T11:45:08+00:00","description":"Pas de raccordement \u00e0 l\u2019eau ? Avec le LivePanel TANK, profitez pendant jusqu\u2019\u00e0 6 semaines d\u2019un mur v\u00e9g\u00e9tal luxuriant, sans aucun raccordement fixe \u00e0 l\u2019eau.","breadcrumb":{"@id":"https:\/\/mobilane.com\/be-fr\/produits\/livepanel-tank\/#breadcrumb"},"inLanguage":"fr-BE","potentialAction":[{"@type":"ReadAction","target":["https:\/\/mobilane.com\/be-fr\/produits\/livepanel-tank\/"]}]},{"@type":"ImageObject","inLanguage":"fr-BE","@id":"https:\/\/mobilane.com\/be-fr\/produits\/livepanel-tank\/#primaryimage","url":"https:\/\/mobilane.com\/app\/uploads\/2023\/05\/MobilaneLivePanelTANKDE.png","contentUrl":"https:\/\/mobilane.com\/app\/uploads\/2023\/05\/MobilaneLivePanelTANKDE.png","width":1000,"height":1500,"caption":"Mobilane_LivePanel_TANK_Germany"},{"@type":"BreadcrumbList","@id":"https:\/\/mobilane.com\/be-fr\/produits\/livepanel-tank\/#breadcrumb","itemListElement":[{"@type":"ListItem","position":1,"name":"Home","item":"https:\/\/mobilane.com\/be-fr\/"},{"@type":"ListItem","position":2,"name":"Posts","item":"https:\/\/mobilane.com\/products\/"},{"@type":"ListItem","position":3,"name":"LivePanel TANK"}]},{"@type":"WebSite","@id":"https:\/\/mobilane.com\/#website","url":"https:\/\/mobilane.com\/","name":"Mobilane","description":"Ready Made Green Systems","publisher":{"@id":"https:\/\/mobilane.com\/#organization"},"potentialAction":[{"@type":"SearchAction","target":{"@type":"EntryPoint","urlTemplate":"https:\/\/mobilane.com\/?s={search_term_string}"},"query-input":{"@type":"PropertyValueSpecification","valueRequired":true,"valueName":"search_term_string"}}],"inLanguage":"fr-BE"},{"@type":"Organization","@id":"https:\/\/mobilane.com\/#organization","name":"Mobilane","url":"https:\/\/mobilane.com\/","logo":{"@type":"ImageObject","inLanguage":"fr-BE","@id":"https:\/\/mobilane.com\/#\/schema\/logo\/image\/","url":"https:\/\/mobilane.com\/app\/uploads\/2019\/10\/logo-colour2x.png","contentUrl":"https:\/\/mobilane.com\/app\/uploads\/2019\/10\/logo-colour2x.png","width":1472,"height":295,"caption":"Mobilane"},"image":{"@id":"https:\/\/mobilane.com\/#\/schema\/logo\/image\/"}}]}},"_links":{"self":[{"href":"https:\/\/mobilane.com\/be-fr\/wp-json\/wp\/v2\/product\/84780","targetHints":{"allow":["GET"]}}],"collection":[{"href":"https:\/\/mobilane.com\/be-fr\/wp-json\/wp\/v2\/product"}],"about":[{"href":"https:\/\/mobilane.com\/be-fr\/wp-json\/wp\/v2\/types\/product"}],"author":[{"embeddable":true,"href":"https:\/\/mobilane.com\/be-fr\/wp-json\/wp\/v2\/users\/14"}],"replies":[{"embeddable":true,"href":"https:\/\/mobilane.com\/be-fr\/wp-json\/wp\/v2\/comments?post=84780"}],"version-history":[{"count":1,"href":"https:\/\/mobilane.com\/be-fr\/wp-json\/wp\/v2\/product\/84780\/revisions"}],"predecessor-version":[{"id":84781,"href":"https:\/\/mobilane.com\/be-fr\/wp-json\/wp\/v2\/product\/84780\/revisions\/84781"}],"wp:featuredmedia":[{"embeddable":true,"href":"https:\/\/mobilane.com\/be-fr\/wp-json\/wp\/v2\/media\/55691"}],"wp:attachment":[{"href":"https:\/\/mobilane.com\/be-fr\/wp-json\/wp\/v2\/media?parent=84780"}],"curies":[{"name":"wp","href":"https:\/\/api.w.org\/{rel}","templated":true}]}}