{"id":83683,"date":"2025-08-20T12:04:41","date_gmt":"2025-08-20T10:04:41","guid":{"rendered":"https:\/\/mobilane.com\/?post_type=product&#038;p=83683"},"modified":"2025-09-18T14:34:20","modified_gmt":"2025-09-18T12:34:20","slug":"noistop-green","status":"publish","type":"product","link":"https:\/\/mobilane.com\/be-fr\/produits\/noistop-green\/","title":{"rendered":"NoiStop Green"},"content":{"rendered":"","protected":false},"excerpt":{"rendered":"","protected":false},"author":29,"featured_media":75244,"menu_order":12,"comment_status":"closed","ping_status":"closed","template":"","class_list":["post-83683","product","type-product","status-publish","has-post-thumbnail","hentry","product_label-outdoor-be-fr","target_audience-hovenier-be-fr"],"acf":{"is_category_page":false,"information":"NoiStop Green est une barri\u00e8re antibruit innovante qui combine une r\u00e9duction efficace du bruit et une v\u00e9g\u00e9tation imm\u00e9diatement mature, gr\u00e2ce \u00e0 l'association de NoiStop et de la haie pr\u00eate \u00e0 l'emploi Mobilane. Ce syst\u00e8me durable offre une intimit\u00e9 imm\u00e9diate, une r\u00e9duction de la pollution sonore et un aspect naturel, id\u00e9al pour les jardins, les espaces publics et les environnements urbains.","right_information":"<img class=\"alignnone wp-image-50065\" src=\"http:\/\/mobilane.com\/app\/uploads\/2018\/05\/Sound-icon.png\" alt=\"\" width=\"56\" height=\"50\" \/> <strong>R\u00e9duction du bruit avec la verdure<\/strong> NoiStop Green combine une r\u00e9duction et absorption efficaces du bruit avec une haie enti\u00e8rement d\u00e9velopp\u00e9e pour un environnement naturel et calme.\r\n<img class=\"alignnone wp-image-50059\" src=\"http:\/\/mobilane.com\/app\/uploads\/2018\/05\/Rust-Privacy-en-veiligheid-icon.png\" alt=\"\" width=\"52\" height=\"52\" \/> <strong>Calme, confidentialit\u00e9 et s\u00e9curit\u00e9<\/strong> Une barri\u00e8re acoustique imm\u00e9diatement recouverte de v\u00e9g\u00e9tation, pour une confidentialit\u00e9 maximale et un aspect vert d\u00e8s le premier jour.\r\n<img class=\"alignnone wp-image-50101\" src=\"http:\/\/mobilane.com\/app\/uploads\/2018\/05\/Duurzaam-icon.png\" alt=\"\" width=\"50\" height=\"50\" \/> <strong>Durable<\/strong> Fabriqu\u00e9 \u00e0 partir de mat\u00e9riaux de haute qualit\u00e9 et de plantes matures, avec une longue dur\u00e9e de vie et un entretien minimal.","download":79459,"product_bradcrumb":[{"title":"Consommateur"},{"title":"Entreprise"},{"title":"Jardinier"}],"cps_term_link":""},"yoast_head":"<!-- This site is optimized with the Yoast SEO plugin v27.3 - https:\/\/yoast.com\/product\/yoast-seo-wordpress\/ -->\n<title>Barri\u00e8re antibruit imm\u00e9diatement install\u00e9e et \u00e9cologique | Mobilane<\/title>\n<meta name=\"description\" content=\"NoiStop Green att\u00e9nue le bruit et offre un \u00e9cran v\u00e9g\u00e9tal imm\u00e9diat. Silence, intimit\u00e9 et nature r\u00e9unis dans une solution durable.\" \/>\n<meta name=\"robots\" content=\"index, follow, max-snippet:-1, max-image-preview:large, max-video-preview:-1\" \/>\n<link rel=\"canonical\" href=\"https:\/\/mobilane.com\/be-fr\/produits\/noistop-green\/\" \/>\n<meta property=\"og:locale\" content=\"fr_FR\" \/>\n<meta property=\"og:type\" content=\"article\" \/>\n<meta property=\"og:title\" content=\"Barri\u00e8re antibruit imm\u00e9diatement install\u00e9e et \u00e9cologique | Mobilane\" \/>\n<meta property=\"og:description\" content=\"NoiStop Green att\u00e9nue le bruit et offre un \u00e9cran v\u00e9g\u00e9tal imm\u00e9diat. Silence, intimit\u00e9 et nature r\u00e9unis dans une solution durable.\" \/>\n<meta property=\"og:url\" content=\"https:\/\/mobilane.com\/be-fr\/produits\/noistop-green\/\" \/>\n<meta property=\"og:site_name\" content=\"Mobilane\" \/>\n<meta property=\"article:modified_time\" content=\"2025-09-18T12:34:20+00:00\" \/>\n<meta property=\"og:image\" content=\"https:\/\/mobilane.com\/app\/uploads\/2025\/02\/Mobilane-Header-NoiStop-green-Direct-een-met-groen-bedekte-geluidswand.jpg\" \/>\n\t<meta property=\"og:image:width\" content=\"2000\" \/>\n\t<meta property=\"og:image:height\" content=\"600\" \/>\n\t<meta property=\"og:image:type\" content=\"image\/jpeg\" \/>\n<meta name=\"twitter:card\" content=\"summary_large_image\" \/>\n<meta name=\"twitter:label1\" content=\"Dur\u00e9e de lecture est.\" \/>\n\t<meta name=\"twitter:data1\" content=\"1 minute\" \/>\n<script type=\"application\/ld+json\" class=\"yoast-schema-graph\">{\"@context\":\"https:\\\/\\\/schema.org\",\"@graph\":[{\"@type\":\"WebPage\",\"@id\":\"https:\\\/\\\/mobilane.com\\\/be-fr\\\/produits\\\/noistop-green\\\/\",\"url\":\"https:\\\/\\\/mobilane.com\\\/be-fr\\\/produits\\\/noistop-green\\\/\",\"name\":\"Barri\u00e8re antibruit imm\u00e9diatement install\u00e9e et \u00e9cologique | Mobilane\",\"isPartOf\":{\"@id\":\"https:\\\/\\\/mobilane.com\\\/#website\"},\"primaryImageOfPage\":{\"@id\":\"https:\\\/\\\/mobilane.com\\\/be-fr\\\/produits\\\/noistop-green\\\/#primaryimage\"},\"image\":{\"@id\":\"https:\\\/\\\/mobilane.com\\\/be-fr\\\/produits\\\/noistop-green\\\/#primaryimage\"},\"thumbnailUrl\":\"https:\\\/\\\/mobilane.com\\\/app\\\/uploads\\\/2025\\\/02\\\/Mobilane-Header-NoiStop-green-Direct-een-met-groen-bedekte-geluidswand.jpg\",\"datePublished\":\"2025-08-20T10:04:41+00:00\",\"dateModified\":\"2025-09-18T12:34:20+00:00\",\"description\":\"NoiStop Green att\u00e9nue le bruit et offre un \u00e9cran v\u00e9g\u00e9tal imm\u00e9diat. Silence, intimit\u00e9 et nature r\u00e9unis dans une solution durable.\",\"breadcrumb\":{\"@id\":\"https:\\\/\\\/mobilane.com\\\/be-fr\\\/produits\\\/noistop-green\\\/#breadcrumb\"},\"inLanguage\":\"fr-BE\",\"potentialAction\":[{\"@type\":\"ReadAction\",\"target\":[\"https:\\\/\\\/mobilane.com\\\/be-fr\\\/produits\\\/noistop-green\\\/\"]}]},{\"@type\":\"ImageObject\",\"inLanguage\":\"fr-BE\",\"@id\":\"https:\\\/\\\/mobilane.com\\\/be-fr\\\/produits\\\/noistop-green\\\/#primaryimage\",\"url\":\"https:\\\/\\\/mobilane.com\\\/app\\\/uploads\\\/2025\\\/02\\\/Mobilane-Header-NoiStop-green-Direct-een-met-groen-bedekte-geluidswand.jpg\",\"contentUrl\":\"https:\\\/\\\/mobilane.com\\\/app\\\/uploads\\\/2025\\\/02\\\/Mobilane-Header-NoiStop-green-Direct-een-met-groen-bedekte-geluidswand.jpg\",\"width\":2000,\"height\":600,\"caption\":\"Mobilane Header NoiStop green - Direct een met groen bedekte geluidswand\"},{\"@type\":\"BreadcrumbList\",\"@id\":\"https:\\\/\\\/mobilane.com\\\/be-fr\\\/produits\\\/noistop-green\\\/#breadcrumb\",\"itemListElement\":[{\"@type\":\"ListItem\",\"position\":1,\"name\":\"Home\",\"item\":\"https:\\\/\\\/mobilane.com\\\/be-fr\\\/\"},{\"@type\":\"ListItem\",\"position\":2,\"name\":\"Posts\",\"item\":\"https:\\\/\\\/mobilane.com\\\/products\\\/\"},{\"@type\":\"ListItem\",\"position\":3,\"name\":\"NoiStop Green\"}]},{\"@type\":\"WebSite\",\"@id\":\"https:\\\/\\\/mobilane.com\\\/#website\",\"url\":\"https:\\\/\\\/mobilane.com\\\/\",\"name\":\"Mobilane\",\"description\":\"Ready Made Green Systems\",\"publisher\":{\"@id\":\"https:\\\/\\\/mobilane.com\\\/#organization\"},\"potentialAction\":[{\"@type\":\"SearchAction\",\"target\":{\"@type\":\"EntryPoint\",\"urlTemplate\":\"https:\\\/\\\/mobilane.com\\\/?s={search_term_string}\"},\"query-input\":{\"@type\":\"PropertyValueSpecification\",\"valueRequired\":true,\"valueName\":\"search_term_string\"}}],\"inLanguage\":\"fr-BE\"},{\"@type\":\"Organization\",\"@id\":\"https:\\\/\\\/mobilane.com\\\/#organization\",\"name\":\"Mobilane\",\"url\":\"https:\\\/\\\/mobilane.com\\\/\",\"logo\":{\"@type\":\"ImageObject\",\"inLanguage\":\"fr-BE\",\"@id\":\"https:\\\/\\\/mobilane.com\\\/#\\\/schema\\\/logo\\\/image\\\/\",\"url\":\"https:\\\/\\\/mobilane.com\\\/app\\\/uploads\\\/2019\\\/10\\\/logo-colour2x.png\",\"contentUrl\":\"https:\\\/\\\/mobilane.com\\\/app\\\/uploads\\\/2019\\\/10\\\/logo-colour2x.png\",\"width\":1472,\"height\":295,\"caption\":\"Mobilane\"},\"image\":{\"@id\":\"https:\\\/\\\/mobilane.com\\\/#\\\/schema\\\/logo\\\/image\\\/\"}}]}<\/script>\n<!-- \/ Yoast SEO plugin. -->","yoast_head_json":{"title":"Barri\u00e8re antibruit imm\u00e9diatement install\u00e9e et \u00e9cologique | Mobilane","description":"NoiStop Green att\u00e9nue le bruit et offre un \u00e9cran v\u00e9g\u00e9tal imm\u00e9diat. Silence, intimit\u00e9 et nature r\u00e9unis dans une solution durable.","robots":{"index":"index","follow":"follow","max-snippet":"max-snippet:-1","max-image-preview":"max-image-preview:large","max-video-preview":"max-video-preview:-1"},"canonical":"https:\/\/mobilane.com\/be-fr\/produits\/noistop-green\/","og_locale":"fr_FR","og_type":"article","og_title":"Barri\u00e8re antibruit imm\u00e9diatement install\u00e9e et \u00e9cologique | Mobilane","og_description":"NoiStop Green att\u00e9nue le bruit et offre un \u00e9cran v\u00e9g\u00e9tal imm\u00e9diat. Silence, intimit\u00e9 et nature r\u00e9unis dans une solution durable.","og_url":"https:\/\/mobilane.com\/be-fr\/produits\/noistop-green\/","og_site_name":"Mobilane","article_modified_time":"2025-09-18T12:34:20+00:00","og_image":[{"width":2000,"height":600,"url":"https:\/\/mobilane.com\/app\/uploads\/2025\/02\/Mobilane-Header-NoiStop-green-Direct-een-met-groen-bedekte-geluidswand.jpg","type":"image\/jpeg"}],"twitter_card":"summary_large_image","twitter_misc":{"Dur\u00e9e de lecture est.":"1 minute"},"schema":{"@context":"https:\/\/schema.org","@graph":[{"@type":"WebPage","@id":"https:\/\/mobilane.com\/be-fr\/produits\/noistop-green\/","url":"https:\/\/mobilane.com\/be-fr\/produits\/noistop-green\/","name":"Barri\u00e8re antibruit imm\u00e9diatement install\u00e9e et \u00e9cologique | Mobilane","isPartOf":{"@id":"https:\/\/mobilane.com\/#website"},"primaryImageOfPage":{"@id":"https:\/\/mobilane.com\/be-fr\/produits\/noistop-green\/#primaryimage"},"image":{"@id":"https:\/\/mobilane.com\/be-fr\/produits\/noistop-green\/#primaryimage"},"thumbnailUrl":"https:\/\/mobilane.com\/app\/uploads\/2025\/02\/Mobilane-Header-NoiStop-green-Direct-een-met-groen-bedekte-geluidswand.jpg","datePublished":"2025-08-20T10:04:41+00:00","dateModified":"2025-09-18T12:34:20+00:00","description":"NoiStop Green att\u00e9nue le bruit et offre un \u00e9cran v\u00e9g\u00e9tal imm\u00e9diat. Silence, intimit\u00e9 et nature r\u00e9unis dans une solution durable.","breadcrumb":{"@id":"https:\/\/mobilane.com\/be-fr\/produits\/noistop-green\/#breadcrumb"},"inLanguage":"fr-BE","potentialAction":[{"@type":"ReadAction","target":["https:\/\/mobilane.com\/be-fr\/produits\/noistop-green\/"]}]},{"@type":"ImageObject","inLanguage":"fr-BE","@id":"https:\/\/mobilane.com\/be-fr\/produits\/noistop-green\/#primaryimage","url":"https:\/\/mobilane.com\/app\/uploads\/2025\/02\/Mobilane-Header-NoiStop-green-Direct-een-met-groen-bedekte-geluidswand.jpg","contentUrl":"https:\/\/mobilane.com\/app\/uploads\/2025\/02\/Mobilane-Header-NoiStop-green-Direct-een-met-groen-bedekte-geluidswand.jpg","width":2000,"height":600,"caption":"Mobilane Header NoiStop green - Direct een met groen bedekte geluidswand"},{"@type":"BreadcrumbList","@id":"https:\/\/mobilane.com\/be-fr\/produits\/noistop-green\/#breadcrumb","itemListElement":[{"@type":"ListItem","position":1,"name":"Home","item":"https:\/\/mobilane.com\/be-fr\/"},{"@type":"ListItem","position":2,"name":"Posts","item":"https:\/\/mobilane.com\/products\/"},{"@type":"ListItem","position":3,"name":"NoiStop Green"}]},{"@type":"WebSite","@id":"https:\/\/mobilane.com\/#website","url":"https:\/\/mobilane.com\/","name":"Mobilane","description":"Ready Made Green Systems","publisher":{"@id":"https:\/\/mobilane.com\/#organization"},"potentialAction":[{"@type":"SearchAction","target":{"@type":"EntryPoint","urlTemplate":"https:\/\/mobilane.com\/?s={search_term_string}"},"query-input":{"@type":"PropertyValueSpecification","valueRequired":true,"valueName":"search_term_string"}}],"inLanguage":"fr-BE"},{"@type":"Organization","@id":"https:\/\/mobilane.com\/#organization","name":"Mobilane","url":"https:\/\/mobilane.com\/","logo":{"@type":"ImageObject","inLanguage":"fr-BE","@id":"https:\/\/mobilane.com\/#\/schema\/logo\/image\/","url":"https:\/\/mobilane.com\/app\/uploads\/2019\/10\/logo-colour2x.png","contentUrl":"https:\/\/mobilane.com\/app\/uploads\/2019\/10\/logo-colour2x.png","width":1472,"height":295,"caption":"Mobilane"},"image":{"@id":"https:\/\/mobilane.com\/#\/schema\/logo\/image\/"}}]}},"_links":{"self":[{"href":"https:\/\/mobilane.com\/be-fr\/wp-json\/wp\/v2\/product\/83683","targetHints":{"allow":["GET"]}}],"collection":[{"href":"https:\/\/mobilane.com\/be-fr\/wp-json\/wp\/v2\/product"}],"about":[{"href":"https:\/\/mobilane.com\/be-fr\/wp-json\/wp\/v2\/types\/product"}],"author":[{"embeddable":true,"href":"https:\/\/mobilane.com\/be-fr\/wp-json\/wp\/v2\/users\/29"}],"replies":[{"embeddable":true,"href":"https:\/\/mobilane.com\/be-fr\/wp-json\/wp\/v2\/comments?post=83683"}],"version-history":[{"count":1,"href":"https:\/\/mobilane.com\/be-fr\/wp-json\/wp\/v2\/product\/83683\/revisions"}],"predecessor-version":[{"id":83684,"href":"https:\/\/mobilane.com\/be-fr\/wp-json\/wp\/v2\/product\/83683\/revisions\/83684"}],"wp:featuredmedia":[{"embeddable":true,"href":"https:\/\/mobilane.com\/be-fr\/wp-json\/wp\/v2\/media\/75244"}],"wp:attachment":[{"href":"https:\/\/mobilane.com\/be-fr\/wp-json\/wp\/v2\/media?parent=83683"}],"curies":[{"name":"wp","href":"https:\/\/api.w.org\/{rel}","templated":true}]}}