{"id":80146,"date":"2025-04-07T15:48:19","date_gmt":"2025-04-07T13:48:19","guid":{"rendered":"https:\/\/mobilane.com\/produits\/noistop-padel\/"},"modified":"2025-09-18T14:36:08","modified_gmt":"2025-09-18T12:36:08","slug":"noistop-padel","status":"publish","type":"product","link":"https:\/\/mobilane.com\/be-fr\/produits\/noistop-padel\/","title":{"rendered":"NoiStop Padel"},"content":{"rendered":"","protected":false},"excerpt":{"rendered":"","protected":false},"author":15,"featured_media":75263,"menu_order":12,"comment_status":"closed","ping_status":"closed","template":"","class_list":["post-80146","product","type-product","status-publish","has-post-thumbnail","hentry","product_label-outdoor-be-fr","target_audience-entreprise","target_audience-hovenier-be-fr"],"acf":{"is_category_page":false,"information":"<p data-start=\"157\" data-end=\"540\">NoiStop Padel est un syst\u00e8me innovant d\u2019absorption acoustique sp\u00e9cialement con\u00e7u pour les terrains de padel. Gr\u00e2ce \u00e0 l\u2019installation strat\u00e9gique de panneaux acoustiques sur la structure du terrain, il r\u00e9duit consid\u00e9rablement les nuisances sonores. Le r\u00e9sultat : moins de g\u00eane pour les riverains, une meilleure exp\u00e9rience de jeu et le respect des normes sonores, sans compromettre le plaisir du jeu.<\/p>","right_information":"<img class=\"alignnone wp-image-50065\" src=\"http:\/\/mobilane.com\/app\/uploads\/2018\/05\/Sound-icon.png\" alt=\"\" width=\"56\" height=\"50\" \/>\r\n<strong>Moins de bruit, plus de plaisir<\/strong>\r\nNoiStop Padel att\u00e9nue les sons li\u00e9s au padel et cr\u00e9e un environnement plus calme et plus agr\u00e9able.\r\n\r\n<img class=\"alignnone wp-image-50029\" src=\"http:\/\/mobilane.com\/app\/uploads\/2018\/05\/Kwaliteit-icon.png\" alt=\"\" width=\"50\" height=\"50\" \/>\r\n<strong>Conforme aux normes acoustiques, \u00e9vite les plaintes<\/strong>\r\nNoiStop Padel aide les clubs de padel \u00e0 pr\u00e9venir les r\u00e9clamations pour nuisances sonores.\r\n\r\n<img class=\"alignnone wp-image-50101\" src=\"http:\/\/mobilane.com\/app\/uploads\/2018\/05\/Duurzaam-icon.png\" alt=\"\" width=\"50\" height=\"50\" \/>\r\n<strong>Durable et facile \u00e0 installer<\/strong>\r\nLes panneaux acoustiques sont r\u00e9sistants aux intemp\u00e9ries et faciles \u00e0 int\u00e9grer aux structures de padel.","download":79474,"product_bradcrumb":[{"title":"Professionnels"},{"title":"Paysagistes"}],"cps_term_link":""},"yoast_head":"<!-- This site is optimized with the Yoast SEO plugin v27.3 - https:\/\/yoast.com\/product\/yoast-seo-wordpress\/ -->\n<title>R\u00e9duction du bruit sur les terrains de padel avec NoiStop Padel<\/title>\n<meta name=\"description\" content=\"NoiStop Padel minimise les nuisances sonores. Une isolation acoustique efficace pour tous les terrains de padel. D\u00e9couvrez les avantages !\" \/>\n<meta name=\"robots\" content=\"index, follow, max-snippet:-1, max-image-preview:large, max-video-preview:-1\" \/>\n<link rel=\"canonical\" href=\"https:\/\/mobilane.com\/be-fr\/produits\/noistop-padel\/\" \/>\n<meta property=\"og:locale\" content=\"fr_FR\" \/>\n<meta property=\"og:type\" content=\"article\" \/>\n<meta property=\"og:title\" content=\"R\u00e9duction du bruit sur les terrains de padel avec NoiStop Padel\" \/>\n<meta property=\"og:description\" content=\"NoiStop Padel minimise les nuisances sonores. Une isolation acoustique efficace pour tous les terrains de padel. D\u00e9couvrez les avantages !\" \/>\n<meta property=\"og:url\" content=\"https:\/\/mobilane.com\/be-fr\/produits\/noistop-padel\/\" \/>\n<meta property=\"og:site_name\" content=\"Mobilane\" \/>\n<meta property=\"article:modified_time\" content=\"2025-09-18T12:36:08+00:00\" \/>\n<meta property=\"og:image\" content=\"https:\/\/mobilane.com\/app\/uploads\/2025\/02\/Mobilane-NoiStop-Padel-geluidswanden-header.jpg\" \/>\n\t<meta property=\"og:image:width\" content=\"2000\" \/>\n\t<meta property=\"og:image:height\" content=\"600\" \/>\n\t<meta property=\"og:image:type\" content=\"image\/jpeg\" \/>\n<meta name=\"twitter:card\" content=\"summary_large_image\" \/>\n<meta name=\"twitter:label1\" content=\"Dur\u00e9e de lecture est.\" \/>\n\t<meta name=\"twitter:data1\" content=\"1 minute\" \/>\n<script type=\"application\/ld+json\" class=\"yoast-schema-graph\">{\"@context\":\"https:\\\/\\\/schema.org\",\"@graph\":[{\"@type\":\"WebPage\",\"@id\":\"https:\\\/\\\/mobilane.com\\\/be-fr\\\/produits\\\/noistop-padel\\\/\",\"url\":\"https:\\\/\\\/mobilane.com\\\/be-fr\\\/produits\\\/noistop-padel\\\/\",\"name\":\"R\u00e9duction du bruit sur les terrains de padel avec NoiStop Padel\",\"isPartOf\":{\"@id\":\"https:\\\/\\\/mobilane.com\\\/#website\"},\"primaryImageOfPage\":{\"@id\":\"https:\\\/\\\/mobilane.com\\\/be-fr\\\/produits\\\/noistop-padel\\\/#primaryimage\"},\"image\":{\"@id\":\"https:\\\/\\\/mobilane.com\\\/be-fr\\\/produits\\\/noistop-padel\\\/#primaryimage\"},\"thumbnailUrl\":\"https:\\\/\\\/mobilane.com\\\/app\\\/uploads\\\/2025\\\/02\\\/Mobilane-NoiStop-Padel-geluidswanden-header.jpg\",\"datePublished\":\"2025-04-07T13:48:19+00:00\",\"dateModified\":\"2025-09-18T12:36:08+00:00\",\"description\":\"NoiStop Padel minimise les nuisances sonores. Une isolation acoustique efficace pour tous les terrains de padel. D\u00e9couvrez les avantages !\",\"breadcrumb\":{\"@id\":\"https:\\\/\\\/mobilane.com\\\/be-fr\\\/produits\\\/noistop-padel\\\/#breadcrumb\"},\"inLanguage\":\"fr-BE\",\"potentialAction\":[{\"@type\":\"ReadAction\",\"target\":[\"https:\\\/\\\/mobilane.com\\\/be-fr\\\/produits\\\/noistop-padel\\\/\"]}]},{\"@type\":\"ImageObject\",\"inLanguage\":\"fr-BE\",\"@id\":\"https:\\\/\\\/mobilane.com\\\/be-fr\\\/produits\\\/noistop-padel\\\/#primaryimage\",\"url\":\"https:\\\/\\\/mobilane.com\\\/app\\\/uploads\\\/2025\\\/02\\\/Mobilane-NoiStop-Padel-geluidswanden-header.jpg\",\"contentUrl\":\"https:\\\/\\\/mobilane.com\\\/app\\\/uploads\\\/2025\\\/02\\\/Mobilane-NoiStop-Padel-geluidswanden-header.jpg\",\"width\":2000,\"height\":600,\"caption\":\"Mobilane NoiStop Padel geluidswanden - header\"},{\"@type\":\"BreadcrumbList\",\"@id\":\"https:\\\/\\\/mobilane.com\\\/be-fr\\\/produits\\\/noistop-padel\\\/#breadcrumb\",\"itemListElement\":[{\"@type\":\"ListItem\",\"position\":1,\"name\":\"Home\",\"item\":\"https:\\\/\\\/mobilane.com\\\/be-fr\\\/\"},{\"@type\":\"ListItem\",\"position\":2,\"name\":\"Posts\",\"item\":\"https:\\\/\\\/mobilane.com\\\/products\\\/\"},{\"@type\":\"ListItem\",\"position\":3,\"name\":\"NoiStop Padel\"}]},{\"@type\":\"WebSite\",\"@id\":\"https:\\\/\\\/mobilane.com\\\/#website\",\"url\":\"https:\\\/\\\/mobilane.com\\\/\",\"name\":\"Mobilane\",\"description\":\"Ready Made Green Systems\",\"publisher\":{\"@id\":\"https:\\\/\\\/mobilane.com\\\/#organization\"},\"potentialAction\":[{\"@type\":\"SearchAction\",\"target\":{\"@type\":\"EntryPoint\",\"urlTemplate\":\"https:\\\/\\\/mobilane.com\\\/?s={search_term_string}\"},\"query-input\":{\"@type\":\"PropertyValueSpecification\",\"valueRequired\":true,\"valueName\":\"search_term_string\"}}],\"inLanguage\":\"fr-BE\"},{\"@type\":\"Organization\",\"@id\":\"https:\\\/\\\/mobilane.com\\\/#organization\",\"name\":\"Mobilane\",\"url\":\"https:\\\/\\\/mobilane.com\\\/\",\"logo\":{\"@type\":\"ImageObject\",\"inLanguage\":\"fr-BE\",\"@id\":\"https:\\\/\\\/mobilane.com\\\/#\\\/schema\\\/logo\\\/image\\\/\",\"url\":\"https:\\\/\\\/mobilane.com\\\/app\\\/uploads\\\/2019\\\/10\\\/logo-colour2x.png\",\"contentUrl\":\"https:\\\/\\\/mobilane.com\\\/app\\\/uploads\\\/2019\\\/10\\\/logo-colour2x.png\",\"width\":1472,\"height\":295,\"caption\":\"Mobilane\"},\"image\":{\"@id\":\"https:\\\/\\\/mobilane.com\\\/#\\\/schema\\\/logo\\\/image\\\/\"}}]}<\/script>\n<!-- \/ Yoast SEO plugin. -->","yoast_head_json":{"title":"R\u00e9duction du bruit sur les terrains de padel avec NoiStop Padel","description":"NoiStop Padel minimise les nuisances sonores. Une isolation acoustique efficace pour tous les terrains de padel. D\u00e9couvrez les avantages !","robots":{"index":"index","follow":"follow","max-snippet":"max-snippet:-1","max-image-preview":"max-image-preview:large","max-video-preview":"max-video-preview:-1"},"canonical":"https:\/\/mobilane.com\/be-fr\/produits\/noistop-padel\/","og_locale":"fr_FR","og_type":"article","og_title":"R\u00e9duction du bruit sur les terrains de padel avec NoiStop Padel","og_description":"NoiStop Padel minimise les nuisances sonores. Une isolation acoustique efficace pour tous les terrains de padel. D\u00e9couvrez les avantages !","og_url":"https:\/\/mobilane.com\/be-fr\/produits\/noistop-padel\/","og_site_name":"Mobilane","article_modified_time":"2025-09-18T12:36:08+00:00","og_image":[{"width":2000,"height":600,"url":"https:\/\/mobilane.com\/app\/uploads\/2025\/02\/Mobilane-NoiStop-Padel-geluidswanden-header.jpg","type":"image\/jpeg"}],"twitter_card":"summary_large_image","twitter_misc":{"Dur\u00e9e de lecture est.":"1 minute"},"schema":{"@context":"https:\/\/schema.org","@graph":[{"@type":"WebPage","@id":"https:\/\/mobilane.com\/be-fr\/produits\/noistop-padel\/","url":"https:\/\/mobilane.com\/be-fr\/produits\/noistop-padel\/","name":"R\u00e9duction du bruit sur les terrains de padel avec NoiStop Padel","isPartOf":{"@id":"https:\/\/mobilane.com\/#website"},"primaryImageOfPage":{"@id":"https:\/\/mobilane.com\/be-fr\/produits\/noistop-padel\/#primaryimage"},"image":{"@id":"https:\/\/mobilane.com\/be-fr\/produits\/noistop-padel\/#primaryimage"},"thumbnailUrl":"https:\/\/mobilane.com\/app\/uploads\/2025\/02\/Mobilane-NoiStop-Padel-geluidswanden-header.jpg","datePublished":"2025-04-07T13:48:19+00:00","dateModified":"2025-09-18T12:36:08+00:00","description":"NoiStop Padel minimise les nuisances sonores. Une isolation acoustique efficace pour tous les terrains de padel. D\u00e9couvrez les avantages !","breadcrumb":{"@id":"https:\/\/mobilane.com\/be-fr\/produits\/noistop-padel\/#breadcrumb"},"inLanguage":"fr-BE","potentialAction":[{"@type":"ReadAction","target":["https:\/\/mobilane.com\/be-fr\/produits\/noistop-padel\/"]}]},{"@type":"ImageObject","inLanguage":"fr-BE","@id":"https:\/\/mobilane.com\/be-fr\/produits\/noistop-padel\/#primaryimage","url":"https:\/\/mobilane.com\/app\/uploads\/2025\/02\/Mobilane-NoiStop-Padel-geluidswanden-header.jpg","contentUrl":"https:\/\/mobilane.com\/app\/uploads\/2025\/02\/Mobilane-NoiStop-Padel-geluidswanden-header.jpg","width":2000,"height":600,"caption":"Mobilane NoiStop Padel geluidswanden - header"},{"@type":"BreadcrumbList","@id":"https:\/\/mobilane.com\/be-fr\/produits\/noistop-padel\/#breadcrumb","itemListElement":[{"@type":"ListItem","position":1,"name":"Home","item":"https:\/\/mobilane.com\/be-fr\/"},{"@type":"ListItem","position":2,"name":"Posts","item":"https:\/\/mobilane.com\/products\/"},{"@type":"ListItem","position":3,"name":"NoiStop Padel"}]},{"@type":"WebSite","@id":"https:\/\/mobilane.com\/#website","url":"https:\/\/mobilane.com\/","name":"Mobilane","description":"Ready Made Green Systems","publisher":{"@id":"https:\/\/mobilane.com\/#organization"},"potentialAction":[{"@type":"SearchAction","target":{"@type":"EntryPoint","urlTemplate":"https:\/\/mobilane.com\/?s={search_term_string}"},"query-input":{"@type":"PropertyValueSpecification","valueRequired":true,"valueName":"search_term_string"}}],"inLanguage":"fr-BE"},{"@type":"Organization","@id":"https:\/\/mobilane.com\/#organization","name":"Mobilane","url":"https:\/\/mobilane.com\/","logo":{"@type":"ImageObject","inLanguage":"fr-BE","@id":"https:\/\/mobilane.com\/#\/schema\/logo\/image\/","url":"https:\/\/mobilane.com\/app\/uploads\/2019\/10\/logo-colour2x.png","contentUrl":"https:\/\/mobilane.com\/app\/uploads\/2019\/10\/logo-colour2x.png","width":1472,"height":295,"caption":"Mobilane"},"image":{"@id":"https:\/\/mobilane.com\/#\/schema\/logo\/image\/"}}]}},"_links":{"self":[{"href":"https:\/\/mobilane.com\/be-fr\/wp-json\/wp\/v2\/product\/80146","targetHints":{"allow":["GET"]}}],"collection":[{"href":"https:\/\/mobilane.com\/be-fr\/wp-json\/wp\/v2\/product"}],"about":[{"href":"https:\/\/mobilane.com\/be-fr\/wp-json\/wp\/v2\/types\/product"}],"author":[{"embeddable":true,"href":"https:\/\/mobilane.com\/be-fr\/wp-json\/wp\/v2\/users\/15"}],"replies":[{"embeddable":true,"href":"https:\/\/mobilane.com\/be-fr\/wp-json\/wp\/v2\/comments?post=80146"}],"version-history":[{"count":1,"href":"https:\/\/mobilane.com\/be-fr\/wp-json\/wp\/v2\/product\/80146\/revisions"}],"predecessor-version":[{"id":80148,"href":"https:\/\/mobilane.com\/be-fr\/wp-json\/wp\/v2\/product\/80146\/revisions\/80148"}],"wp:featuredmedia":[{"embeddable":true,"href":"https:\/\/mobilane.com\/be-fr\/wp-json\/wp\/v2\/media\/75263"}],"wp:attachment":[{"href":"https:\/\/mobilane.com\/be-fr\/wp-json\/wp\/v2\/media?parent=80146"}],"curies":[{"name":"wp","href":"https:\/\/api.w.org\/{rel}","templated":true}]}}