{"id":734,"date":"2024-01-11T10:22:51","date_gmt":"2024-01-11T09:22:51","guid":{"rendered":"http:\/\/commob-mangilgok.savviihq.com\/producten\/noistop\/"},"modified":"2025-06-10T16:09:21","modified_gmt":"2025-06-10T14:09:21","slug":"noistop","status":"publish","type":"product","link":"https:\/\/mobilane.com\/be-fr\/produits\/noistop\/","title":{"rendered":"NoiStop"},"content":{"rendered":"","protected":false},"excerpt":{"rendered":"","protected":false},"author":2,"featured_media":58065,"menu_order":12,"comment_status":"closed","ping_status":"closed","template":"","class_list":["post-734","product","type-product","status-publish","has-post-thumbnail","hentry","product_label-outdoor-be-fr","target_audience-consommateur","target_audience-entreprise","target_audience-hovenier-be-fr"],"acf":{"is_category_page":false,"information":"<strong>NoiStop est un \u00e9cran antibruit qui r\u00e9duit le bruit d'une dizaine de d\u00e9cibels en moyenne. <\/strong>\r\n\r\nLe bruit ambiant est par cons\u00e9quent fortement r\u00e9duit. NoiStop est un syst\u00e8me durable modulaire qui convient aux cl\u00f4tures de jardin, le long des voies ferr\u00e9es, aux terrains de jeux, aux cours d'\u00e9cole et aux autres endroits avec nuisances sonores.\r\n\r\n<strong>NoiStop Essential<\/strong>\r\nNoistop Essential est enti\u00e8rement configurable. Les voisins n'ont plus \u00e0 faire de compromis sur le style, car un type diff\u00e9rent de panneau d\u00e9co peut \u00eatre accroch\u00e9 de chaque c\u00f4t\u00e9 de la cl\u00f4ture insonoris\u00e9e. Avec une \u00e9paisseur de seulement 6 cm, les panneaux sont extr\u00eamement versatiles. Les propri\u00e9t\u00e9s acoustiques de Noistop Essential sont \u00e9tendues, ce qui signifie que le niveau sonore est r\u00e9duit de plus de la moiti\u00e9.","right_information":"<strong>Mobilane NoiStop est connu pour:<\/strong>\r\n<ul>\r\n \t<li><strong>Isolation et absorption acoustiques \u00e9lev\u00e9es<\/strong><\/li>\r\n \t<li><strong>Tranquillit\u00e9, intimit\u00e9 et s\u00e9curit\u00e9 imm\u00e9diates<\/strong><\/li>\r\n \t<li><strong>Conception compacte<\/strong><\/li>\r\n \t<li><strong>Sans entretien<\/strong><\/li>\r\n \t<li><strong>Paroi enti\u00e8rement v\u00e9g\u00e9talis\u00e9e disponible,\r\navec la Haie Mobilane Pr\u00eate \u00e0 l\u2019Emploi<\/strong><\/li>\r\n<\/ul>","download":79459,"product_bradcrumb":[{"title":"Consommateur"},{"title":"Entreprise"},{"title":"Jardinier"}],"cps_term_link":""},"yoast_head":"<!-- This site is optimized with the Yoast SEO plugin v27.4 - https:\/\/yoast.com\/product\/yoast-seo-wordpress\/ -->\n<title>NoiStop - Mobilane<\/title>\n<meta name=\"description\" content=\"Le bruit est l\u2019une des principales sources d\u2019irritation. Avec Mobilane NoiStop, vous pouvez facilement mettre fin \u00e0 cette irritation inutile.\" \/>\n<meta name=\"robots\" content=\"index, follow, max-snippet:-1, max-image-preview:large, max-video-preview:-1\" \/>\n<link rel=\"canonical\" href=\"https:\/\/mobilane.com\/be-fr\/produits\/noistop\/\" \/>\n<meta property=\"og:locale\" content=\"fr_FR\" \/>\n<meta property=\"og:type\" content=\"article\" \/>\n<meta property=\"og:title\" content=\"NoiStop - Mobilane\" \/>\n<meta property=\"og:description\" content=\"Le bruit est l\u2019une des principales sources d\u2019irritation. Avec Mobilane NoiStop, vous pouvez facilement mettre fin \u00e0 cette irritation inutile.\" \/>\n<meta property=\"og:url\" content=\"https:\/\/mobilane.com\/be-fr\/produits\/noistop\/\" \/>\n<meta property=\"og:site_name\" content=\"Mobilane\" \/>\n<meta property=\"article:modified_time\" content=\"2025-06-10T14:09:21+00:00\" \/>\n<meta property=\"og:image\" content=\"https:\/\/mobilane.com\/app\/uploads\/2018\/03\/Mobilane-NoiStop-front-product.jpg\" \/>\n\t<meta property=\"og:image:width\" content=\"768\" \/>\n\t<meta property=\"og:image:height\" content=\"768\" \/>\n\t<meta property=\"og:image:type\" content=\"image\/jpeg\" \/>\n<meta name=\"twitter:card\" content=\"summary_large_image\" \/>\n<meta name=\"twitter:label1\" content=\"Dur\u00e9e de lecture est.\" \/>\n\t<meta name=\"twitter:data1\" content=\"1 minute\" \/>\n<script type=\"application\/ld+json\" class=\"yoast-schema-graph\">{\"@context\":\"https:\\\/\\\/schema.org\",\"@graph\":[{\"@type\":\"WebPage\",\"@id\":\"https:\\\/\\\/mobilane.com\\\/be-fr\\\/produits\\\/noistop\\\/\",\"url\":\"https:\\\/\\\/mobilane.com\\\/be-fr\\\/produits\\\/noistop\\\/\",\"name\":\"NoiStop - Mobilane\",\"isPartOf\":{\"@id\":\"https:\\\/\\\/mobilane.com\\\/#website\"},\"primaryImageOfPage\":{\"@id\":\"https:\\\/\\\/mobilane.com\\\/be-fr\\\/produits\\\/noistop\\\/#primaryimage\"},\"image\":{\"@id\":\"https:\\\/\\\/mobilane.com\\\/be-fr\\\/produits\\\/noistop\\\/#primaryimage\"},\"thumbnailUrl\":\"https:\\\/\\\/mobilane.com\\\/app\\\/uploads\\\/2018\\\/03\\\/Mobilane-NoiStop-front-product.jpg\",\"datePublished\":\"2024-01-11T09:22:51+00:00\",\"dateModified\":\"2025-06-10T14:09:21+00:00\",\"description\":\"Le bruit est l\u2019une des principales sources d\u2019irritation. Avec Mobilane NoiStop, vous pouvez facilement mettre fin \u00e0 cette irritation inutile.\",\"breadcrumb\":{\"@id\":\"https:\\\/\\\/mobilane.com\\\/be-fr\\\/produits\\\/noistop\\\/#breadcrumb\"},\"inLanguage\":\"fr-BE\",\"potentialAction\":[{\"@type\":\"ReadAction\",\"target\":[\"https:\\\/\\\/mobilane.com\\\/be-fr\\\/produits\\\/noistop\\\/\"]}]},{\"@type\":\"ImageObject\",\"inLanguage\":\"fr-BE\",\"@id\":\"https:\\\/\\\/mobilane.com\\\/be-fr\\\/produits\\\/noistop\\\/#primaryimage\",\"url\":\"https:\\\/\\\/mobilane.com\\\/app\\\/uploads\\\/2018\\\/03\\\/Mobilane-NoiStop-front-product.jpg\",\"contentUrl\":\"https:\\\/\\\/mobilane.com\\\/app\\\/uploads\\\/2018\\\/03\\\/Mobilane-NoiStop-front-product.jpg\",\"width\":768,\"height\":768,\"caption\":\"NoiStop geluidswand\"},{\"@type\":\"BreadcrumbList\",\"@id\":\"https:\\\/\\\/mobilane.com\\\/be-fr\\\/produits\\\/noistop\\\/#breadcrumb\",\"itemListElement\":[{\"@type\":\"ListItem\",\"position\":1,\"name\":\"Home\",\"item\":\"https:\\\/\\\/mobilane.com\\\/be-fr\\\/\"},{\"@type\":\"ListItem\",\"position\":2,\"name\":\"Posts\",\"item\":\"https:\\\/\\\/mobilane.com\\\/products\\\/\"},{\"@type\":\"ListItem\",\"position\":3,\"name\":\"NoiStop\"}]},{\"@type\":\"WebSite\",\"@id\":\"https:\\\/\\\/mobilane.com\\\/#website\",\"url\":\"https:\\\/\\\/mobilane.com\\\/\",\"name\":\"Mobilane\",\"description\":\"Ready Made Green Systems\",\"publisher\":{\"@id\":\"https:\\\/\\\/mobilane.com\\\/#organization\"},\"potentialAction\":[{\"@type\":\"SearchAction\",\"target\":{\"@type\":\"EntryPoint\",\"urlTemplate\":\"https:\\\/\\\/mobilane.com\\\/?s={search_term_string}\"},\"query-input\":{\"@type\":\"PropertyValueSpecification\",\"valueRequired\":true,\"valueName\":\"search_term_string\"}}],\"inLanguage\":\"fr-BE\"},{\"@type\":\"Organization\",\"@id\":\"https:\\\/\\\/mobilane.com\\\/#organization\",\"name\":\"Mobilane\",\"url\":\"https:\\\/\\\/mobilane.com\\\/\",\"logo\":{\"@type\":\"ImageObject\",\"inLanguage\":\"fr-BE\",\"@id\":\"https:\\\/\\\/mobilane.com\\\/#\\\/schema\\\/logo\\\/image\\\/\",\"url\":\"https:\\\/\\\/mobilane.com\\\/app\\\/uploads\\\/2019\\\/10\\\/logo-colour2x.png\",\"contentUrl\":\"https:\\\/\\\/mobilane.com\\\/app\\\/uploads\\\/2019\\\/10\\\/logo-colour2x.png\",\"width\":1472,\"height\":295,\"caption\":\"Mobilane\"},\"image\":{\"@id\":\"https:\\\/\\\/mobilane.com\\\/#\\\/schema\\\/logo\\\/image\\\/\"}}]}<\/script>\n<!-- \/ Yoast SEO plugin. -->","yoast_head_json":{"title":"NoiStop - Mobilane","description":"Le bruit est l\u2019une des principales sources d\u2019irritation. Avec Mobilane NoiStop, vous pouvez facilement mettre fin \u00e0 cette irritation inutile.","robots":{"index":"index","follow":"follow","max-snippet":"max-snippet:-1","max-image-preview":"max-image-preview:large","max-video-preview":"max-video-preview:-1"},"canonical":"https:\/\/mobilane.com\/be-fr\/produits\/noistop\/","og_locale":"fr_FR","og_type":"article","og_title":"NoiStop - Mobilane","og_description":"Le bruit est l\u2019une des principales sources d\u2019irritation. Avec Mobilane NoiStop, vous pouvez facilement mettre fin \u00e0 cette irritation inutile.","og_url":"https:\/\/mobilane.com\/be-fr\/produits\/noistop\/","og_site_name":"Mobilane","article_modified_time":"2025-06-10T14:09:21+00:00","og_image":[{"width":768,"height":768,"url":"https:\/\/mobilane.com\/app\/uploads\/2018\/03\/Mobilane-NoiStop-front-product.jpg","type":"image\/jpeg"}],"twitter_card":"summary_large_image","twitter_misc":{"Dur\u00e9e de lecture est.":"1 minute"},"schema":{"@context":"https:\/\/schema.org","@graph":[{"@type":"WebPage","@id":"https:\/\/mobilane.com\/be-fr\/produits\/noistop\/","url":"https:\/\/mobilane.com\/be-fr\/produits\/noistop\/","name":"NoiStop - Mobilane","isPartOf":{"@id":"https:\/\/mobilane.com\/#website"},"primaryImageOfPage":{"@id":"https:\/\/mobilane.com\/be-fr\/produits\/noistop\/#primaryimage"},"image":{"@id":"https:\/\/mobilane.com\/be-fr\/produits\/noistop\/#primaryimage"},"thumbnailUrl":"https:\/\/mobilane.com\/app\/uploads\/2018\/03\/Mobilane-NoiStop-front-product.jpg","datePublished":"2024-01-11T09:22:51+00:00","dateModified":"2025-06-10T14:09:21+00:00","description":"Le bruit est l\u2019une des principales sources d\u2019irritation. Avec Mobilane NoiStop, vous pouvez facilement mettre fin \u00e0 cette irritation inutile.","breadcrumb":{"@id":"https:\/\/mobilane.com\/be-fr\/produits\/noistop\/#breadcrumb"},"inLanguage":"fr-BE","potentialAction":[{"@type":"ReadAction","target":["https:\/\/mobilane.com\/be-fr\/produits\/noistop\/"]}]},{"@type":"ImageObject","inLanguage":"fr-BE","@id":"https:\/\/mobilane.com\/be-fr\/produits\/noistop\/#primaryimage","url":"https:\/\/mobilane.com\/app\/uploads\/2018\/03\/Mobilane-NoiStop-front-product.jpg","contentUrl":"https:\/\/mobilane.com\/app\/uploads\/2018\/03\/Mobilane-NoiStop-front-product.jpg","width":768,"height":768,"caption":"NoiStop geluidswand"},{"@type":"BreadcrumbList","@id":"https:\/\/mobilane.com\/be-fr\/produits\/noistop\/#breadcrumb","itemListElement":[{"@type":"ListItem","position":1,"name":"Home","item":"https:\/\/mobilane.com\/be-fr\/"},{"@type":"ListItem","position":2,"name":"Posts","item":"https:\/\/mobilane.com\/products\/"},{"@type":"ListItem","position":3,"name":"NoiStop"}]},{"@type":"WebSite","@id":"https:\/\/mobilane.com\/#website","url":"https:\/\/mobilane.com\/","name":"Mobilane","description":"Ready Made Green Systems","publisher":{"@id":"https:\/\/mobilane.com\/#organization"},"potentialAction":[{"@type":"SearchAction","target":{"@type":"EntryPoint","urlTemplate":"https:\/\/mobilane.com\/?s={search_term_string}"},"query-input":{"@type":"PropertyValueSpecification","valueRequired":true,"valueName":"search_term_string"}}],"inLanguage":"fr-BE"},{"@type":"Organization","@id":"https:\/\/mobilane.com\/#organization","name":"Mobilane","url":"https:\/\/mobilane.com\/","logo":{"@type":"ImageObject","inLanguage":"fr-BE","@id":"https:\/\/mobilane.com\/#\/schema\/logo\/image\/","url":"https:\/\/mobilane.com\/app\/uploads\/2019\/10\/logo-colour2x.png","contentUrl":"https:\/\/mobilane.com\/app\/uploads\/2019\/10\/logo-colour2x.png","width":1472,"height":295,"caption":"Mobilane"},"image":{"@id":"https:\/\/mobilane.com\/#\/schema\/logo\/image\/"}}]}},"_links":{"self":[{"href":"https:\/\/mobilane.com\/be-fr\/wp-json\/wp\/v2\/product\/734","targetHints":{"allow":["GET"]}}],"collection":[{"href":"https:\/\/mobilane.com\/be-fr\/wp-json\/wp\/v2\/product"}],"about":[{"href":"https:\/\/mobilane.com\/be-fr\/wp-json\/wp\/v2\/types\/product"}],"author":[{"embeddable":true,"href":"https:\/\/mobilane.com\/be-fr\/wp-json\/wp\/v2\/users\/2"}],"replies":[{"embeddable":true,"href":"https:\/\/mobilane.com\/be-fr\/wp-json\/wp\/v2\/comments?post=734"}],"version-history":[{"count":5,"href":"https:\/\/mobilane.com\/be-fr\/wp-json\/wp\/v2\/product\/734\/revisions"}],"predecessor-version":[{"id":72337,"href":"https:\/\/mobilane.com\/be-fr\/wp-json\/wp\/v2\/product\/734\/revisions\/72337"}],"wp:featuredmedia":[{"embeddable":true,"href":"https:\/\/mobilane.com\/be-fr\/wp-json\/wp\/v2\/media\/58065"}],"wp:attachment":[{"href":"https:\/\/mobilane.com\/be-fr\/wp-json\/wp\/v2\/media?parent=734"}],"curies":[{"name":"wp","href":"https:\/\/api.w.org\/{rel}","templated":true}]}}