{"id":730,"date":"2024-01-05T10:21:54","date_gmt":"2024-01-05T09:21:54","guid":{"rendered":"http:\/\/commob-mangilgok.savviihq.com\/producten\/wallplanter\/"},"modified":"2025-06-10T16:03:12","modified_gmt":"2025-06-10T14:03:12","slug":"wallplanter","status":"publish","type":"product","link":"https:\/\/mobilane.com\/be-fr\/produits\/wallplanter\/","title":{"rendered":"WallPlanter"},"content":{"rendered":"","protected":false},"excerpt":{"rendered":"","protected":false},"author":2,"featured_media":58093,"menu_order":5,"comment_status":"closed","ping_status":"closed","template":"","class_list":["post-730","product","type-product","status-publish","has-post-thumbnail","hentry","product_label-outdoor-be-fr","target_audience-entreprise"],"acf":{"is_category_page":false,"information":"<strong>WallPlanter est un syst\u00e8me de fa\u00e7ades v\u00e9g\u00e9tales durables pour des constructions existantes que nouvelles. <\/strong>\r\n\r\nLe syst\u00e8me de fa\u00e7ade v\u00e9g\u00e9talis\u00e9e WallPlanter fournit imm\u00e9diatement un r\u00e9sultat vert apr\u00e8s son installation et est souvent utilis\u00e9e dans des b\u00e2timents tels que parkings couverts, h\u00f4tels ou bureaux.","right_information":"<strong>Mobilane WallPlanter est connu pour:<\/strong>\r\n<ul>\r\n \t<li><strong>Contribue \u00e0 la v\u00e9g\u00e9talisation des zones urbaines<\/strong><\/li>\r\n \t<li><strong>Faible consommation d\u2019eau<\/strong><\/li>\r\n \t<li><strong>Contribue \u00e0 un environnement plus sain<\/strong><\/li>\r\n \t<li><strong>Faible entretien<\/strong><\/li>\r\n \t<li><strong>Stimule la biodiversit\u00e9<\/strong><\/li>\r\n<\/ul>","download":79459,"product_bradcrumb":[{"title":"Entreprise"}],"cps_term_link":""},"yoast_head":"<!-- This site is optimized with the Yoast SEO plugin v27.3 - https:\/\/yoast.com\/product\/yoast-seo-wordpress\/ -->\n<title>WallPlanter syst\u00e8me de fa\u00e7ade v\u00e9g\u00e9talis\u00e9e durables | Mobilane<\/title>\n<meta name=\"description\" content=\"WallPlanter est un syst\u00e8me de fa\u00e7ade v\u00e9g\u00e9talis\u00e9e. WallPlanter est durable et convient \u00e0 la fois aux constructions existantes et nouvelles.\" \/>\n<meta name=\"robots\" content=\"index, follow, max-snippet:-1, max-image-preview:large, max-video-preview:-1\" \/>\n<link rel=\"canonical\" href=\"https:\/\/mobilane.com\/be-fr\/produits\/wallplanter\/\" \/>\n<meta property=\"og:locale\" content=\"fr_FR\" \/>\n<meta property=\"og:type\" content=\"article\" \/>\n<meta property=\"og:title\" content=\"WallPlanter syst\u00e8me de fa\u00e7ade v\u00e9g\u00e9talis\u00e9e durables | Mobilane\" \/>\n<meta property=\"og:description\" content=\"WallPlanter est un syst\u00e8me de fa\u00e7ade v\u00e9g\u00e9talis\u00e9e. WallPlanter est durable et convient \u00e0 la fois aux constructions existantes et nouvelles.\" \/>\n<meta property=\"og:url\" content=\"https:\/\/mobilane.com\/be-fr\/produits\/wallplanter\/\" \/>\n<meta property=\"og:site_name\" content=\"Mobilane\" \/>\n<meta property=\"article:modified_time\" content=\"2025-06-10T14:03:12+00:00\" \/>\n<meta property=\"og:image\" content=\"https:\/\/mobilane.com\/app\/uploads\/2018\/03\/Mobilane-WallPlanter-front-product.jpg\" \/>\n\t<meta property=\"og:image:width\" content=\"768\" \/>\n\t<meta property=\"og:image:height\" content=\"768\" \/>\n\t<meta property=\"og:image:type\" content=\"image\/jpeg\" \/>\n<meta name=\"twitter:card\" content=\"summary_large_image\" \/>\n<meta name=\"twitter:label1\" content=\"Dur\u00e9e de lecture est.\" \/>\n\t<meta name=\"twitter:data1\" content=\"1 minute\" \/>\n<script type=\"application\/ld+json\" class=\"yoast-schema-graph\">{\"@context\":\"https:\\\/\\\/schema.org\",\"@graph\":[{\"@type\":\"WebPage\",\"@id\":\"https:\\\/\\\/mobilane.com\\\/be-fr\\\/produits\\\/wallplanter\\\/\",\"url\":\"https:\\\/\\\/mobilane.com\\\/be-fr\\\/produits\\\/wallplanter\\\/\",\"name\":\"WallPlanter syst\u00e8me de fa\u00e7ade v\u00e9g\u00e9talis\u00e9e durables | Mobilane\",\"isPartOf\":{\"@id\":\"https:\\\/\\\/mobilane.com\\\/#website\"},\"primaryImageOfPage\":{\"@id\":\"https:\\\/\\\/mobilane.com\\\/be-fr\\\/produits\\\/wallplanter\\\/#primaryimage\"},\"image\":{\"@id\":\"https:\\\/\\\/mobilane.com\\\/be-fr\\\/produits\\\/wallplanter\\\/#primaryimage\"},\"thumbnailUrl\":\"https:\\\/\\\/mobilane.com\\\/app\\\/uploads\\\/2018\\\/03\\\/Mobilane-WallPlanter-front-product.jpg\",\"datePublished\":\"2024-01-05T09:21:54+00:00\",\"dateModified\":\"2025-06-10T14:03:12+00:00\",\"description\":\"WallPlanter est un syst\u00e8me de fa\u00e7ade v\u00e9g\u00e9talis\u00e9e. WallPlanter est durable et convient \u00e0 la fois aux constructions existantes et nouvelles.\",\"breadcrumb\":{\"@id\":\"https:\\\/\\\/mobilane.com\\\/be-fr\\\/produits\\\/wallplanter\\\/#breadcrumb\"},\"inLanguage\":\"fr-BE\",\"potentialAction\":[{\"@type\":\"ReadAction\",\"target\":[\"https:\\\/\\\/mobilane.com\\\/be-fr\\\/produits\\\/wallplanter\\\/\"]}]},{\"@type\":\"ImageObject\",\"inLanguage\":\"fr-BE\",\"@id\":\"https:\\\/\\\/mobilane.com\\\/be-fr\\\/produits\\\/wallplanter\\\/#primaryimage\",\"url\":\"https:\\\/\\\/mobilane.com\\\/app\\\/uploads\\\/2018\\\/03\\\/Mobilane-WallPlanter-front-product.jpg\",\"contentUrl\":\"https:\\\/\\\/mobilane.com\\\/app\\\/uploads\\\/2018\\\/03\\\/Mobilane-WallPlanter-front-product.jpg\",\"width\":768,\"height\":768},{\"@type\":\"BreadcrumbList\",\"@id\":\"https:\\\/\\\/mobilane.com\\\/be-fr\\\/produits\\\/wallplanter\\\/#breadcrumb\",\"itemListElement\":[{\"@type\":\"ListItem\",\"position\":1,\"name\":\"Home\",\"item\":\"https:\\\/\\\/mobilane.com\\\/be-fr\\\/\"},{\"@type\":\"ListItem\",\"position\":2,\"name\":\"Posts\",\"item\":\"https:\\\/\\\/mobilane.com\\\/products\\\/\"},{\"@type\":\"ListItem\",\"position\":3,\"name\":\"WallPlanter\"}]},{\"@type\":\"WebSite\",\"@id\":\"https:\\\/\\\/mobilane.com\\\/#website\",\"url\":\"https:\\\/\\\/mobilane.com\\\/\",\"name\":\"Mobilane\",\"description\":\"Ready Made Green Systems\",\"publisher\":{\"@id\":\"https:\\\/\\\/mobilane.com\\\/#organization\"},\"potentialAction\":[{\"@type\":\"SearchAction\",\"target\":{\"@type\":\"EntryPoint\",\"urlTemplate\":\"https:\\\/\\\/mobilane.com\\\/?s={search_term_string}\"},\"query-input\":{\"@type\":\"PropertyValueSpecification\",\"valueRequired\":true,\"valueName\":\"search_term_string\"}}],\"inLanguage\":\"fr-BE\"},{\"@type\":\"Organization\",\"@id\":\"https:\\\/\\\/mobilane.com\\\/#organization\",\"name\":\"Mobilane\",\"url\":\"https:\\\/\\\/mobilane.com\\\/\",\"logo\":{\"@type\":\"ImageObject\",\"inLanguage\":\"fr-BE\",\"@id\":\"https:\\\/\\\/mobilane.com\\\/#\\\/schema\\\/logo\\\/image\\\/\",\"url\":\"https:\\\/\\\/mobilane.com\\\/app\\\/uploads\\\/2019\\\/10\\\/logo-colour2x.png\",\"contentUrl\":\"https:\\\/\\\/mobilane.com\\\/app\\\/uploads\\\/2019\\\/10\\\/logo-colour2x.png\",\"width\":1472,\"height\":295,\"caption\":\"Mobilane\"},\"image\":{\"@id\":\"https:\\\/\\\/mobilane.com\\\/#\\\/schema\\\/logo\\\/image\\\/\"}}]}<\/script>\n<!-- \/ Yoast SEO plugin. -->","yoast_head_json":{"title":"WallPlanter syst\u00e8me de fa\u00e7ade v\u00e9g\u00e9talis\u00e9e durables | Mobilane","description":"WallPlanter est un syst\u00e8me de fa\u00e7ade v\u00e9g\u00e9talis\u00e9e. WallPlanter est durable et convient \u00e0 la fois aux constructions existantes et nouvelles.","robots":{"index":"index","follow":"follow","max-snippet":"max-snippet:-1","max-image-preview":"max-image-preview:large","max-video-preview":"max-video-preview:-1"},"canonical":"https:\/\/mobilane.com\/be-fr\/produits\/wallplanter\/","og_locale":"fr_FR","og_type":"article","og_title":"WallPlanter syst\u00e8me de fa\u00e7ade v\u00e9g\u00e9talis\u00e9e durables | Mobilane","og_description":"WallPlanter est un syst\u00e8me de fa\u00e7ade v\u00e9g\u00e9talis\u00e9e. WallPlanter est durable et convient \u00e0 la fois aux constructions existantes et nouvelles.","og_url":"https:\/\/mobilane.com\/be-fr\/produits\/wallplanter\/","og_site_name":"Mobilane","article_modified_time":"2025-06-10T14:03:12+00:00","og_image":[{"width":768,"height":768,"url":"https:\/\/mobilane.com\/app\/uploads\/2018\/03\/Mobilane-WallPlanter-front-product.jpg","type":"image\/jpeg"}],"twitter_card":"summary_large_image","twitter_misc":{"Dur\u00e9e de lecture est.":"1 minute"},"schema":{"@context":"https:\/\/schema.org","@graph":[{"@type":"WebPage","@id":"https:\/\/mobilane.com\/be-fr\/produits\/wallplanter\/","url":"https:\/\/mobilane.com\/be-fr\/produits\/wallplanter\/","name":"WallPlanter syst\u00e8me de fa\u00e7ade v\u00e9g\u00e9talis\u00e9e durables | Mobilane","isPartOf":{"@id":"https:\/\/mobilane.com\/#website"},"primaryImageOfPage":{"@id":"https:\/\/mobilane.com\/be-fr\/produits\/wallplanter\/#primaryimage"},"image":{"@id":"https:\/\/mobilane.com\/be-fr\/produits\/wallplanter\/#primaryimage"},"thumbnailUrl":"https:\/\/mobilane.com\/app\/uploads\/2018\/03\/Mobilane-WallPlanter-front-product.jpg","datePublished":"2024-01-05T09:21:54+00:00","dateModified":"2025-06-10T14:03:12+00:00","description":"WallPlanter est un syst\u00e8me de fa\u00e7ade v\u00e9g\u00e9talis\u00e9e. WallPlanter est durable et convient \u00e0 la fois aux constructions existantes et nouvelles.","breadcrumb":{"@id":"https:\/\/mobilane.com\/be-fr\/produits\/wallplanter\/#breadcrumb"},"inLanguage":"fr-BE","potentialAction":[{"@type":"ReadAction","target":["https:\/\/mobilane.com\/be-fr\/produits\/wallplanter\/"]}]},{"@type":"ImageObject","inLanguage":"fr-BE","@id":"https:\/\/mobilane.com\/be-fr\/produits\/wallplanter\/#primaryimage","url":"https:\/\/mobilane.com\/app\/uploads\/2018\/03\/Mobilane-WallPlanter-front-product.jpg","contentUrl":"https:\/\/mobilane.com\/app\/uploads\/2018\/03\/Mobilane-WallPlanter-front-product.jpg","width":768,"height":768},{"@type":"BreadcrumbList","@id":"https:\/\/mobilane.com\/be-fr\/produits\/wallplanter\/#breadcrumb","itemListElement":[{"@type":"ListItem","position":1,"name":"Home","item":"https:\/\/mobilane.com\/be-fr\/"},{"@type":"ListItem","position":2,"name":"Posts","item":"https:\/\/mobilane.com\/products\/"},{"@type":"ListItem","position":3,"name":"WallPlanter"}]},{"@type":"WebSite","@id":"https:\/\/mobilane.com\/#website","url":"https:\/\/mobilane.com\/","name":"Mobilane","description":"Ready Made Green Systems","publisher":{"@id":"https:\/\/mobilane.com\/#organization"},"potentialAction":[{"@type":"SearchAction","target":{"@type":"EntryPoint","urlTemplate":"https:\/\/mobilane.com\/?s={search_term_string}"},"query-input":{"@type":"PropertyValueSpecification","valueRequired":true,"valueName":"search_term_string"}}],"inLanguage":"fr-BE"},{"@type":"Organization","@id":"https:\/\/mobilane.com\/#organization","name":"Mobilane","url":"https:\/\/mobilane.com\/","logo":{"@type":"ImageObject","inLanguage":"fr-BE","@id":"https:\/\/mobilane.com\/#\/schema\/logo\/image\/","url":"https:\/\/mobilane.com\/app\/uploads\/2019\/10\/logo-colour2x.png","contentUrl":"https:\/\/mobilane.com\/app\/uploads\/2019\/10\/logo-colour2x.png","width":1472,"height":295,"caption":"Mobilane"},"image":{"@id":"https:\/\/mobilane.com\/#\/schema\/logo\/image\/"}}]}},"_links":{"self":[{"href":"https:\/\/mobilane.com\/be-fr\/wp-json\/wp\/v2\/product\/730","targetHints":{"allow":["GET"]}}],"collection":[{"href":"https:\/\/mobilane.com\/be-fr\/wp-json\/wp\/v2\/product"}],"about":[{"href":"https:\/\/mobilane.com\/be-fr\/wp-json\/wp\/v2\/types\/product"}],"author":[{"embeddable":true,"href":"https:\/\/mobilane.com\/be-fr\/wp-json\/wp\/v2\/users\/2"}],"replies":[{"embeddable":true,"href":"https:\/\/mobilane.com\/be-fr\/wp-json\/wp\/v2\/comments?post=730"}],"version-history":[{"count":5,"href":"https:\/\/mobilane.com\/be-fr\/wp-json\/wp\/v2\/product\/730\/revisions"}],"predecessor-version":[{"id":72331,"href":"https:\/\/mobilane.com\/be-fr\/wp-json\/wp\/v2\/product\/730\/revisions\/72331"}],"wp:featuredmedia":[{"embeddable":true,"href":"https:\/\/mobilane.com\/be-fr\/wp-json\/wp\/v2\/media\/58093"}],"wp:attachment":[{"href":"https:\/\/mobilane.com\/be-fr\/wp-json\/wp\/v2\/media?parent=730"}],"curies":[{"name":"wp","href":"https:\/\/api.w.org\/{rel}","templated":true}]}}