{"id":710,"date":"2024-01-03T15:57:28","date_gmt":"2024-01-03T14:57:28","guid":{"rendered":"http:\/\/commob-mangilgok.savviihq.com\/producten\/livepanel\/"},"modified":"2025-08-08T11:49:30","modified_gmt":"2025-08-08T09:49:30","slug":"livepanel","status":"publish","type":"product","link":"https:\/\/mobilane.com\/be-fr\/produits\/livepanel\/","title":{"rendered":"LivePanel"},"content":{"rendered":"","protected":false},"excerpt":{"rendered":"","protected":false},"author":2,"featured_media":58107,"menu_order":3,"comment_status":"closed","ping_status":"closed","template":"","class_list":["post-710","product","type-product","status-publish","has-post-thumbnail","hentry","product_label-indoor-be-fr","target_audience-entreprise"],"acf":{"is_category_page":false,"information":"<strong>LivePanel est un syst\u00e8me innovant dans le domaine de la v\u00e9g\u00e9talisation verticale. LivePanel peut aussi bien \u00eatre install\u00e9 contre des parois neuves qu\u2019existantes.<\/strong>\r\n\r\nLe syst\u00e8me de fa\u00e7ade LivePanel est conforme \u00e0 la classe de feu europ\u00e9enne B, S2, d0.\r\n\r\n&nbsp;","right_information":"<strong>Avantages de LivePanel :<\/strong>\r\n<ul>\r\n \t<li><strong>Indoor<\/strong><\/li>\r\n \t<li><strong>Disponible dans toute dimension souhait\u00e9e<\/strong><\/li>\r\n \t<li><strong>Arrosage manuel, syst\u00e8me d'irrigation <\/strong><strong>automatique ou LivePanel TANK<\/strong><\/li>\r\n \t<li><strong>Syst\u00e8me compact, offrant un gain de place<\/strong><\/li>\r\n \t<li><strong>Enti\u00e8rement recyclable<\/strong><\/li>\r\n \t<li><strong>Am\u00e9liore la qualit\u00e9 de l\u2019air<\/strong><\/li>\r\n<\/ul>","download":79459,"product_bradcrumb":[{"title":"Entreprise"}],"cps_term_link":""},"yoast_head":"<!-- This site is optimized with the Yoast SEO plugin v27.4 - https:\/\/yoast.com\/product\/yoast-seo-wordpress\/ -->\n<title>LivePanel Indoor - Envie d&#039;acheter un mur v\u00e9g\u00e9tal? - Mobilane<\/title>\n<meta name=\"description\" content=\"Le syst\u00e8me brevet\u00e9 LivePanel Indoor est un syst\u00e8me de mur v\u00e9g\u00e9tale unique et innovant en mati\u00e8re de v\u00e9g\u00e9talisation verticale. Lire plus\" \/>\n<meta name=\"robots\" content=\"index, follow, max-snippet:-1, max-image-preview:large, max-video-preview:-1\" \/>\n<link rel=\"canonical\" href=\"https:\/\/mobilane.com\/be-fr\/produits\/livepanel\/\" \/>\n<meta property=\"og:locale\" content=\"fr_FR\" \/>\n<meta property=\"og:type\" content=\"article\" \/>\n<meta property=\"og:title\" content=\"LivePanel Indoor - Envie d&#039;acheter un mur v\u00e9g\u00e9tal? - Mobilane\" \/>\n<meta property=\"og:description\" content=\"Le syst\u00e8me brevet\u00e9 LivePanel Indoor est un syst\u00e8me de mur v\u00e9g\u00e9tale unique et innovant en mati\u00e8re de v\u00e9g\u00e9talisation verticale. Lire plus\" \/>\n<meta property=\"og:url\" content=\"https:\/\/mobilane.com\/be-fr\/produits\/livepanel\/\" \/>\n<meta property=\"og:site_name\" content=\"Mobilane\" \/>\n<meta property=\"article:modified_time\" content=\"2025-08-08T09:49:30+00:00\" \/>\n<meta property=\"og:image\" content=\"https:\/\/mobilane.com\/app\/uploads\/2018\/03\/Mobilane-LivePanel-front-product.jpg\" \/>\n\t<meta property=\"og:image:width\" content=\"768\" \/>\n\t<meta property=\"og:image:height\" content=\"768\" \/>\n\t<meta property=\"og:image:type\" content=\"image\/jpeg\" \/>\n<meta name=\"twitter:card\" content=\"summary_large_image\" \/>\n<meta name=\"twitter:label1\" content=\"Dur\u00e9e de lecture est.\" \/>\n\t<meta name=\"twitter:data1\" content=\"1 minute\" \/>\n<script type=\"application\/ld+json\" class=\"yoast-schema-graph\">{\"@context\":\"https:\\\/\\\/schema.org\",\"@graph\":[{\"@type\":\"WebPage\",\"@id\":\"https:\\\/\\\/mobilane.com\\\/be-fr\\\/produits\\\/livepanel\\\/\",\"url\":\"https:\\\/\\\/mobilane.com\\\/be-fr\\\/produits\\\/livepanel\\\/\",\"name\":\"LivePanel Indoor - Envie d'acheter un mur v\u00e9g\u00e9tal? - Mobilane\",\"isPartOf\":{\"@id\":\"https:\\\/\\\/mobilane.com\\\/#website\"},\"primaryImageOfPage\":{\"@id\":\"https:\\\/\\\/mobilane.com\\\/be-fr\\\/produits\\\/livepanel\\\/#primaryimage\"},\"image\":{\"@id\":\"https:\\\/\\\/mobilane.com\\\/be-fr\\\/produits\\\/livepanel\\\/#primaryimage\"},\"thumbnailUrl\":\"https:\\\/\\\/mobilane.com\\\/app\\\/uploads\\\/2018\\\/03\\\/Mobilane-LivePanel-front-product.jpg\",\"datePublished\":\"2024-01-03T14:57:28+00:00\",\"dateModified\":\"2025-08-08T09:49:30+00:00\",\"description\":\"Le syst\u00e8me brevet\u00e9 LivePanel Indoor est un syst\u00e8me de mur v\u00e9g\u00e9tale unique et innovant en mati\u00e8re de v\u00e9g\u00e9talisation verticale. Lire plus\",\"breadcrumb\":{\"@id\":\"https:\\\/\\\/mobilane.com\\\/be-fr\\\/produits\\\/livepanel\\\/#breadcrumb\"},\"inLanguage\":\"fr-BE\",\"potentialAction\":[{\"@type\":\"ReadAction\",\"target\":[\"https:\\\/\\\/mobilane.com\\\/be-fr\\\/produits\\\/livepanel\\\/\"]}]},{\"@type\":\"ImageObject\",\"inLanguage\":\"fr-BE\",\"@id\":\"https:\\\/\\\/mobilane.com\\\/be-fr\\\/produits\\\/livepanel\\\/#primaryimage\",\"url\":\"https:\\\/\\\/mobilane.com\\\/app\\\/uploads\\\/2018\\\/03\\\/Mobilane-LivePanel-front-product.jpg\",\"contentUrl\":\"https:\\\/\\\/mobilane.com\\\/app\\\/uploads\\\/2018\\\/03\\\/Mobilane-LivePanel-front-product.jpg\",\"width\":768,\"height\":768},{\"@type\":\"BreadcrumbList\",\"@id\":\"https:\\\/\\\/mobilane.com\\\/be-fr\\\/produits\\\/livepanel\\\/#breadcrumb\",\"itemListElement\":[{\"@type\":\"ListItem\",\"position\":1,\"name\":\"Home\",\"item\":\"https:\\\/\\\/mobilane.com\\\/be-fr\\\/\"},{\"@type\":\"ListItem\",\"position\":2,\"name\":\"Posts\",\"item\":\"https:\\\/\\\/mobilane.com\\\/products\\\/\"},{\"@type\":\"ListItem\",\"position\":3,\"name\":\"LivePanel\"}]},{\"@type\":\"WebSite\",\"@id\":\"https:\\\/\\\/mobilane.com\\\/#website\",\"url\":\"https:\\\/\\\/mobilane.com\\\/\",\"name\":\"Mobilane\",\"description\":\"Ready Made Green Systems\",\"publisher\":{\"@id\":\"https:\\\/\\\/mobilane.com\\\/#organization\"},\"potentialAction\":[{\"@type\":\"SearchAction\",\"target\":{\"@type\":\"EntryPoint\",\"urlTemplate\":\"https:\\\/\\\/mobilane.com\\\/?s={search_term_string}\"},\"query-input\":{\"@type\":\"PropertyValueSpecification\",\"valueRequired\":true,\"valueName\":\"search_term_string\"}}],\"inLanguage\":\"fr-BE\"},{\"@type\":\"Organization\",\"@id\":\"https:\\\/\\\/mobilane.com\\\/#organization\",\"name\":\"Mobilane\",\"url\":\"https:\\\/\\\/mobilane.com\\\/\",\"logo\":{\"@type\":\"ImageObject\",\"inLanguage\":\"fr-BE\",\"@id\":\"https:\\\/\\\/mobilane.com\\\/#\\\/schema\\\/logo\\\/image\\\/\",\"url\":\"https:\\\/\\\/mobilane.com\\\/app\\\/uploads\\\/2019\\\/10\\\/logo-colour2x.png\",\"contentUrl\":\"https:\\\/\\\/mobilane.com\\\/app\\\/uploads\\\/2019\\\/10\\\/logo-colour2x.png\",\"width\":1472,\"height\":295,\"caption\":\"Mobilane\"},\"image\":{\"@id\":\"https:\\\/\\\/mobilane.com\\\/#\\\/schema\\\/logo\\\/image\\\/\"}}]}<\/script>\n<!-- \/ Yoast SEO plugin. -->","yoast_head_json":{"title":"LivePanel Indoor - Envie d'acheter un mur v\u00e9g\u00e9tal? - Mobilane","description":"Le syst\u00e8me brevet\u00e9 LivePanel Indoor est un syst\u00e8me de mur v\u00e9g\u00e9tale unique et innovant en mati\u00e8re de v\u00e9g\u00e9talisation verticale. Lire plus","robots":{"index":"index","follow":"follow","max-snippet":"max-snippet:-1","max-image-preview":"max-image-preview:large","max-video-preview":"max-video-preview:-1"},"canonical":"https:\/\/mobilane.com\/be-fr\/produits\/livepanel\/","og_locale":"fr_FR","og_type":"article","og_title":"LivePanel Indoor - Envie d'acheter un mur v\u00e9g\u00e9tal? - Mobilane","og_description":"Le syst\u00e8me brevet\u00e9 LivePanel Indoor est un syst\u00e8me de mur v\u00e9g\u00e9tale unique et innovant en mati\u00e8re de v\u00e9g\u00e9talisation verticale. Lire plus","og_url":"https:\/\/mobilane.com\/be-fr\/produits\/livepanel\/","og_site_name":"Mobilane","article_modified_time":"2025-08-08T09:49:30+00:00","og_image":[{"width":768,"height":768,"url":"https:\/\/mobilane.com\/app\/uploads\/2018\/03\/Mobilane-LivePanel-front-product.jpg","type":"image\/jpeg"}],"twitter_card":"summary_large_image","twitter_misc":{"Dur\u00e9e de lecture est.":"1 minute"},"schema":{"@context":"https:\/\/schema.org","@graph":[{"@type":"WebPage","@id":"https:\/\/mobilane.com\/be-fr\/produits\/livepanel\/","url":"https:\/\/mobilane.com\/be-fr\/produits\/livepanel\/","name":"LivePanel Indoor - Envie d'acheter un mur v\u00e9g\u00e9tal? - Mobilane","isPartOf":{"@id":"https:\/\/mobilane.com\/#website"},"primaryImageOfPage":{"@id":"https:\/\/mobilane.com\/be-fr\/produits\/livepanel\/#primaryimage"},"image":{"@id":"https:\/\/mobilane.com\/be-fr\/produits\/livepanel\/#primaryimage"},"thumbnailUrl":"https:\/\/mobilane.com\/app\/uploads\/2018\/03\/Mobilane-LivePanel-front-product.jpg","datePublished":"2024-01-03T14:57:28+00:00","dateModified":"2025-08-08T09:49:30+00:00","description":"Le syst\u00e8me brevet\u00e9 LivePanel Indoor est un syst\u00e8me de mur v\u00e9g\u00e9tale unique et innovant en mati\u00e8re de v\u00e9g\u00e9talisation verticale. Lire plus","breadcrumb":{"@id":"https:\/\/mobilane.com\/be-fr\/produits\/livepanel\/#breadcrumb"},"inLanguage":"fr-BE","potentialAction":[{"@type":"ReadAction","target":["https:\/\/mobilane.com\/be-fr\/produits\/livepanel\/"]}]},{"@type":"ImageObject","inLanguage":"fr-BE","@id":"https:\/\/mobilane.com\/be-fr\/produits\/livepanel\/#primaryimage","url":"https:\/\/mobilane.com\/app\/uploads\/2018\/03\/Mobilane-LivePanel-front-product.jpg","contentUrl":"https:\/\/mobilane.com\/app\/uploads\/2018\/03\/Mobilane-LivePanel-front-product.jpg","width":768,"height":768},{"@type":"BreadcrumbList","@id":"https:\/\/mobilane.com\/be-fr\/produits\/livepanel\/#breadcrumb","itemListElement":[{"@type":"ListItem","position":1,"name":"Home","item":"https:\/\/mobilane.com\/be-fr\/"},{"@type":"ListItem","position":2,"name":"Posts","item":"https:\/\/mobilane.com\/products\/"},{"@type":"ListItem","position":3,"name":"LivePanel"}]},{"@type":"WebSite","@id":"https:\/\/mobilane.com\/#website","url":"https:\/\/mobilane.com\/","name":"Mobilane","description":"Ready Made Green Systems","publisher":{"@id":"https:\/\/mobilane.com\/#organization"},"potentialAction":[{"@type":"SearchAction","target":{"@type":"EntryPoint","urlTemplate":"https:\/\/mobilane.com\/?s={search_term_string}"},"query-input":{"@type":"PropertyValueSpecification","valueRequired":true,"valueName":"search_term_string"}}],"inLanguage":"fr-BE"},{"@type":"Organization","@id":"https:\/\/mobilane.com\/#organization","name":"Mobilane","url":"https:\/\/mobilane.com\/","logo":{"@type":"ImageObject","inLanguage":"fr-BE","@id":"https:\/\/mobilane.com\/#\/schema\/logo\/image\/","url":"https:\/\/mobilane.com\/app\/uploads\/2019\/10\/logo-colour2x.png","contentUrl":"https:\/\/mobilane.com\/app\/uploads\/2019\/10\/logo-colour2x.png","width":1472,"height":295,"caption":"Mobilane"},"image":{"@id":"https:\/\/mobilane.com\/#\/schema\/logo\/image\/"}}]}},"_links":{"self":[{"href":"https:\/\/mobilane.com\/be-fr\/wp-json\/wp\/v2\/product\/710","targetHints":{"allow":["GET"]}}],"collection":[{"href":"https:\/\/mobilane.com\/be-fr\/wp-json\/wp\/v2\/product"}],"about":[{"href":"https:\/\/mobilane.com\/be-fr\/wp-json\/wp\/v2\/types\/product"}],"author":[{"embeddable":true,"href":"https:\/\/mobilane.com\/be-fr\/wp-json\/wp\/v2\/users\/2"}],"replies":[{"embeddable":true,"href":"https:\/\/mobilane.com\/be-fr\/wp-json\/wp\/v2\/comments?post=710"}],"version-history":[{"count":5,"href":"https:\/\/mobilane.com\/be-fr\/wp-json\/wp\/v2\/product\/710\/revisions"}],"predecessor-version":[{"id":72329,"href":"https:\/\/mobilane.com\/be-fr\/wp-json\/wp\/v2\/product\/710\/revisions\/72329"}],"wp:featuredmedia":[{"embeddable":true,"href":"https:\/\/mobilane.com\/be-fr\/wp-json\/wp\/v2\/media\/58107"}],"wp:attachment":[{"href":"https:\/\/mobilane.com\/be-fr\/wp-json\/wp\/v2\/media?parent=710"}],"curies":[{"name":"wp","href":"https:\/\/api.w.org\/{rel}","templated":true}]}}