{"id":54705,"date":"2024-01-10T13:27:39","date_gmt":"2024-01-10T12:27:39","guid":{"rendered":"http:\/\/mobilane.com\/producten\/mobigreenfence\/"},"modified":"2025-07-15T09:07:12","modified_gmt":"2025-07-15T07:07:12","slug":"mobigreenfence","status":"publish","type":"product","link":"https:\/\/mobilane.com\/be-fr\/produits\/mobigreenfence\/","title":{"rendered":"MobiGreenFence"},"content":{"rendered":"","protected":false},"excerpt":{"rendered":"","protected":false},"author":32,"featured_media":53512,"menu_order":11,"comment_status":"closed","ping_status":"closed","template":"","class_list":["post-54705","product","type-product","status-publish","has-post-thumbnail","hentry","product_label-outdoor-be-fr","target_audience-entreprise"],"acf":{"is_category_page":false,"information":"<strong>MobiGreenFence est une palissade de chantier v\u00e9g\u00e9talis\u00e9e et durable, avec une haie de taille adulte. Elle est utilis\u00e9e pour donner imm\u00e9diatement un aspect vert et cr\u00e9er une s\u00e9paration sur les chantiers de construction et lors d\u2019\u00e9v\u00e9nements.<\/strong>\r\n\r\nMobiGreenFence est disponible avec l\u2019esp\u00e8ce de plante Hedera helix 'Woerner' et peut \u00e9ventuellement \u00eatre fournie avec des plantes suppl\u00e9mentaires, des plaques de protection ou des nichoirs.\r\n\r\nLa haie de construction v\u00e9g\u00e9talis\u00e9e durable s\u2019adapte \u00e0 presque toutes les dimensions de socle en b\u00e9ton.","right_information":"<img class=\"alignnone wp-image-50101\" src=\"http:\/\/mobilane.com\/app\/uploads\/2018\/05\/Duurzaam-icon-300x300.png\" alt=\"MobiGreenFence duurzaam\" width=\"64\" height=\"64\" \/>\r\n<strong>Durable<\/strong>\r\nMobiGreenFence est cultiv\u00e9 localement et durablement avec une certification\r\n\r\n<img class=\"alignnone wp-image-53604\" src=\"http:\/\/mobilane.com\/app\/uploads\/2023\/02\/Social-Return-icon-1.png\" alt=\"Social Return icon\" width=\"66\" height=\"66\" \/>\r\n<strong>Retour social<\/strong>\r\nLa palissade de chantier v\u00e9g\u00e9talis\u00e9e est fabriqu\u00e9e par des employ\u00e9s \u00e9loign\u00e9s du\r\nmarch\u00e9 du travail\r\n\r\n<img class=\"alignnone wp-image-50089\" src=\"http:\/\/mobilane.com\/app\/uploads\/2018\/05\/Biodiversity-icon-300x300.png\" alt=\"MobiGreenFence Biodiversiteit\" width=\"56\" height=\"56\" \/>\r\n<strong>Biodiversit\u00e9<\/strong>\r\nMobiGreenFence contribue \u00e0 la biodiversit\u00e9","download":79459,"product_bradcrumb":null,"cps_term_link":""},"yoast_head":"<!-- This site is optimized with the Yoast SEO plugin v27.3 - https:\/\/yoast.com\/product\/yoast-seo-wordpress\/ -->\n<title>MobiGreenFence | D\u00e9couvrez les possibilit\u00e9s | Mobilane<\/title>\n<meta name=\"description\" content=\"MobiGreenFence est une haie de construction durable et \u00e9cologique pour cr\u00e9er un aspect vert instantan\u00e9 et une s\u00e9paration | Mobilane\" \/>\n<meta name=\"robots\" content=\"index, follow, max-snippet:-1, max-image-preview:large, max-video-preview:-1\" \/>\n<link rel=\"canonical\" href=\"https:\/\/mobilane.com\/be-fr\/produits\/mobigreenfence\/\" \/>\n<meta property=\"og:locale\" content=\"fr_FR\" \/>\n<meta property=\"og:type\" content=\"article\" \/>\n<meta property=\"og:title\" content=\"MobiGreenFence | D\u00e9couvrez les possibilit\u00e9s | Mobilane\" \/>\n<meta property=\"og:description\" content=\"MobiGreenFence est une haie de construction durable et \u00e9cologique pour cr\u00e9er un aspect vert instantan\u00e9 et une s\u00e9paration | Mobilane\" \/>\n<meta property=\"og:url\" content=\"https:\/\/mobilane.com\/be-fr\/produits\/mobigreenfence\/\" \/>\n<meta property=\"og:site_name\" content=\"Mobilane\" \/>\n<meta property=\"article:modified_time\" content=\"2025-07-15T07:07:12+00:00\" \/>\n<meta property=\"og:image\" content=\"https:\/\/mobilane.com\/app\/uploads\/2023\/02\/Mobilane-MobiGreen-Fence.jpg\" \/>\n\t<meta property=\"og:image:width\" content=\"609\" \/>\n\t<meta property=\"og:image:height\" content=\"600\" \/>\n\t<meta property=\"og:image:type\" content=\"image\/jpeg\" \/>\n<meta name=\"twitter:card\" content=\"summary_large_image\" \/>\n<meta name=\"twitter:label1\" content=\"Dur\u00e9e de lecture est.\" \/>\n\t<meta name=\"twitter:data1\" content=\"1 minute\" \/>\n<script type=\"application\/ld+json\" class=\"yoast-schema-graph\">{\"@context\":\"https:\\\/\\\/schema.org\",\"@graph\":[{\"@type\":\"WebPage\",\"@id\":\"https:\\\/\\\/mobilane.com\\\/be-fr\\\/produits\\\/mobigreenfence\\\/\",\"url\":\"https:\\\/\\\/mobilane.com\\\/be-fr\\\/produits\\\/mobigreenfence\\\/\",\"name\":\"MobiGreenFence | D\u00e9couvrez les possibilit\u00e9s | Mobilane\",\"isPartOf\":{\"@id\":\"https:\\\/\\\/mobilane.com\\\/#website\"},\"primaryImageOfPage\":{\"@id\":\"https:\\\/\\\/mobilane.com\\\/be-fr\\\/produits\\\/mobigreenfence\\\/#primaryimage\"},\"image\":{\"@id\":\"https:\\\/\\\/mobilane.com\\\/be-fr\\\/produits\\\/mobigreenfence\\\/#primaryimage\"},\"thumbnailUrl\":\"https:\\\/\\\/mobilane.com\\\/app\\\/uploads\\\/2023\\\/02\\\/Mobilane-MobiGreen-Fence.jpg\",\"datePublished\":\"2024-01-10T12:27:39+00:00\",\"dateModified\":\"2025-07-15T07:07:12+00:00\",\"description\":\"MobiGreenFence est une haie de construction durable et \u00e9cologique pour cr\u00e9er un aspect vert instantan\u00e9 et une s\u00e9paration | Mobilane\",\"breadcrumb\":{\"@id\":\"https:\\\/\\\/mobilane.com\\\/be-fr\\\/produits\\\/mobigreenfence\\\/#breadcrumb\"},\"inLanguage\":\"fr-BE\",\"potentialAction\":[{\"@type\":\"ReadAction\",\"target\":[\"https:\\\/\\\/mobilane.com\\\/be-fr\\\/produits\\\/mobigreenfence\\\/\"]}]},{\"@type\":\"ImageObject\",\"inLanguage\":\"fr-BE\",\"@id\":\"https:\\\/\\\/mobilane.com\\\/be-fr\\\/produits\\\/mobigreenfence\\\/#primaryimage\",\"url\":\"https:\\\/\\\/mobilane.com\\\/app\\\/uploads\\\/2023\\\/02\\\/Mobilane-MobiGreen-Fence.jpg\",\"contentUrl\":\"https:\\\/\\\/mobilane.com\\\/app\\\/uploads\\\/2023\\\/02\\\/Mobilane-MobiGreen-Fence.jpg\",\"width\":609,\"height\":600,\"caption\":\"MobiGreen Fence\"},{\"@type\":\"BreadcrumbList\",\"@id\":\"https:\\\/\\\/mobilane.com\\\/be-fr\\\/produits\\\/mobigreenfence\\\/#breadcrumb\",\"itemListElement\":[{\"@type\":\"ListItem\",\"position\":1,\"name\":\"Home\",\"item\":\"https:\\\/\\\/mobilane.com\\\/be-fr\\\/\"},{\"@type\":\"ListItem\",\"position\":2,\"name\":\"Posts\",\"item\":\"https:\\\/\\\/mobilane.com\\\/products\\\/\"},{\"@type\":\"ListItem\",\"position\":3,\"name\":\"MobiGreenFence\"}]},{\"@type\":\"WebSite\",\"@id\":\"https:\\\/\\\/mobilane.com\\\/#website\",\"url\":\"https:\\\/\\\/mobilane.com\\\/\",\"name\":\"Mobilane\",\"description\":\"Ready Made Green Systems\",\"publisher\":{\"@id\":\"https:\\\/\\\/mobilane.com\\\/#organization\"},\"potentialAction\":[{\"@type\":\"SearchAction\",\"target\":{\"@type\":\"EntryPoint\",\"urlTemplate\":\"https:\\\/\\\/mobilane.com\\\/?s={search_term_string}\"},\"query-input\":{\"@type\":\"PropertyValueSpecification\",\"valueRequired\":true,\"valueName\":\"search_term_string\"}}],\"inLanguage\":\"fr-BE\"},{\"@type\":\"Organization\",\"@id\":\"https:\\\/\\\/mobilane.com\\\/#organization\",\"name\":\"Mobilane\",\"url\":\"https:\\\/\\\/mobilane.com\\\/\",\"logo\":{\"@type\":\"ImageObject\",\"inLanguage\":\"fr-BE\",\"@id\":\"https:\\\/\\\/mobilane.com\\\/#\\\/schema\\\/logo\\\/image\\\/\",\"url\":\"https:\\\/\\\/mobilane.com\\\/app\\\/uploads\\\/2019\\\/10\\\/logo-colour2x.png\",\"contentUrl\":\"https:\\\/\\\/mobilane.com\\\/app\\\/uploads\\\/2019\\\/10\\\/logo-colour2x.png\",\"width\":1472,\"height\":295,\"caption\":\"Mobilane\"},\"image\":{\"@id\":\"https:\\\/\\\/mobilane.com\\\/#\\\/schema\\\/logo\\\/image\\\/\"}}]}<\/script>\n<!-- \/ Yoast SEO plugin. -->","yoast_head_json":{"title":"MobiGreenFence | D\u00e9couvrez les possibilit\u00e9s | Mobilane","description":"MobiGreenFence est une haie de construction durable et \u00e9cologique pour cr\u00e9er un aspect vert instantan\u00e9 et une s\u00e9paration | Mobilane","robots":{"index":"index","follow":"follow","max-snippet":"max-snippet:-1","max-image-preview":"max-image-preview:large","max-video-preview":"max-video-preview:-1"},"canonical":"https:\/\/mobilane.com\/be-fr\/produits\/mobigreenfence\/","og_locale":"fr_FR","og_type":"article","og_title":"MobiGreenFence | D\u00e9couvrez les possibilit\u00e9s | Mobilane","og_description":"MobiGreenFence est une haie de construction durable et \u00e9cologique pour cr\u00e9er un aspect vert instantan\u00e9 et une s\u00e9paration | Mobilane","og_url":"https:\/\/mobilane.com\/be-fr\/produits\/mobigreenfence\/","og_site_name":"Mobilane","article_modified_time":"2025-07-15T07:07:12+00:00","og_image":[{"width":609,"height":600,"url":"https:\/\/mobilane.com\/app\/uploads\/2023\/02\/Mobilane-MobiGreen-Fence.jpg","type":"image\/jpeg"}],"twitter_card":"summary_large_image","twitter_misc":{"Dur\u00e9e de lecture est.":"1 minute"},"schema":{"@context":"https:\/\/schema.org","@graph":[{"@type":"WebPage","@id":"https:\/\/mobilane.com\/be-fr\/produits\/mobigreenfence\/","url":"https:\/\/mobilane.com\/be-fr\/produits\/mobigreenfence\/","name":"MobiGreenFence | D\u00e9couvrez les possibilit\u00e9s | Mobilane","isPartOf":{"@id":"https:\/\/mobilane.com\/#website"},"primaryImageOfPage":{"@id":"https:\/\/mobilane.com\/be-fr\/produits\/mobigreenfence\/#primaryimage"},"image":{"@id":"https:\/\/mobilane.com\/be-fr\/produits\/mobigreenfence\/#primaryimage"},"thumbnailUrl":"https:\/\/mobilane.com\/app\/uploads\/2023\/02\/Mobilane-MobiGreen-Fence.jpg","datePublished":"2024-01-10T12:27:39+00:00","dateModified":"2025-07-15T07:07:12+00:00","description":"MobiGreenFence est une haie de construction durable et \u00e9cologique pour cr\u00e9er un aspect vert instantan\u00e9 et une s\u00e9paration | Mobilane","breadcrumb":{"@id":"https:\/\/mobilane.com\/be-fr\/produits\/mobigreenfence\/#breadcrumb"},"inLanguage":"fr-BE","potentialAction":[{"@type":"ReadAction","target":["https:\/\/mobilane.com\/be-fr\/produits\/mobigreenfence\/"]}]},{"@type":"ImageObject","inLanguage":"fr-BE","@id":"https:\/\/mobilane.com\/be-fr\/produits\/mobigreenfence\/#primaryimage","url":"https:\/\/mobilane.com\/app\/uploads\/2023\/02\/Mobilane-MobiGreen-Fence.jpg","contentUrl":"https:\/\/mobilane.com\/app\/uploads\/2023\/02\/Mobilane-MobiGreen-Fence.jpg","width":609,"height":600,"caption":"MobiGreen Fence"},{"@type":"BreadcrumbList","@id":"https:\/\/mobilane.com\/be-fr\/produits\/mobigreenfence\/#breadcrumb","itemListElement":[{"@type":"ListItem","position":1,"name":"Home","item":"https:\/\/mobilane.com\/be-fr\/"},{"@type":"ListItem","position":2,"name":"Posts","item":"https:\/\/mobilane.com\/products\/"},{"@type":"ListItem","position":3,"name":"MobiGreenFence"}]},{"@type":"WebSite","@id":"https:\/\/mobilane.com\/#website","url":"https:\/\/mobilane.com\/","name":"Mobilane","description":"Ready Made Green Systems","publisher":{"@id":"https:\/\/mobilane.com\/#organization"},"potentialAction":[{"@type":"SearchAction","target":{"@type":"EntryPoint","urlTemplate":"https:\/\/mobilane.com\/?s={search_term_string}"},"query-input":{"@type":"PropertyValueSpecification","valueRequired":true,"valueName":"search_term_string"}}],"inLanguage":"fr-BE"},{"@type":"Organization","@id":"https:\/\/mobilane.com\/#organization","name":"Mobilane","url":"https:\/\/mobilane.com\/","logo":{"@type":"ImageObject","inLanguage":"fr-BE","@id":"https:\/\/mobilane.com\/#\/schema\/logo\/image\/","url":"https:\/\/mobilane.com\/app\/uploads\/2019\/10\/logo-colour2x.png","contentUrl":"https:\/\/mobilane.com\/app\/uploads\/2019\/10\/logo-colour2x.png","width":1472,"height":295,"caption":"Mobilane"},"image":{"@id":"https:\/\/mobilane.com\/#\/schema\/logo\/image\/"}}]}},"_links":{"self":[{"href":"https:\/\/mobilane.com\/be-fr\/wp-json\/wp\/v2\/product\/54705","targetHints":{"allow":["GET"]}}],"collection":[{"href":"https:\/\/mobilane.com\/be-fr\/wp-json\/wp\/v2\/product"}],"about":[{"href":"https:\/\/mobilane.com\/be-fr\/wp-json\/wp\/v2\/types\/product"}],"author":[{"embeddable":true,"href":"https:\/\/mobilane.com\/be-fr\/wp-json\/wp\/v2\/users\/32"}],"replies":[{"embeddable":true,"href":"https:\/\/mobilane.com\/be-fr\/wp-json\/wp\/v2\/comments?post=54705"}],"version-history":[{"count":5,"href":"https:\/\/mobilane.com\/be-fr\/wp-json\/wp\/v2\/product\/54705\/revisions"}],"predecessor-version":[{"id":72336,"href":"https:\/\/mobilane.com\/be-fr\/wp-json\/wp\/v2\/product\/54705\/revisions\/72336"}],"wp:featuredmedia":[{"embeddable":true,"href":"https:\/\/mobilane.com\/be-fr\/wp-json\/wp\/v2\/media\/53512"}],"wp:attachment":[{"href":"https:\/\/mobilane.com\/be-fr\/wp-json\/wp\/v2\/media?parent=54705"}],"curies":[{"name":"wp","href":"https:\/\/api.w.org\/{rel}","templated":true}]}}