{"id":40037,"date":"2024-01-06T23:45:32","date_gmt":"2024-01-06T22:45:32","guid":{"rendered":"http:\/\/mobilane.com\/producten\/livedivider\/"},"modified":"2025-09-01T14:49:27","modified_gmt":"2025-09-01T12:49:27","slug":"livedivider","status":"publish","type":"product","link":"https:\/\/mobilane.com\/be-fr\/produits\/livedivider\/","title":{"rendered":"LiveDivider PLUS"},"content":{"rendered":"","protected":false},"excerpt":{"rendered":"","protected":false},"author":3,"featured_media":58072,"menu_order":6,"comment_status":"closed","ping_status":"closed","template":"","class_list":["post-40037","product","type-product","status-publish","has-post-thumbnail","hentry","product_label-indoor-be-fr","target_audience-entreprise"],"acf":{"is_category_page":false,"information":"<h3><span style=\"font-size: 12pt;\"><strong>LiveDivider PLUS est un s\u00e9parateur de pi\u00e8ce v\u00e9g\u00e9tal modulaire<\/strong><\/span><\/h3>\r\nLiveDivider PLUS peut \u00eatre utilis\u00e9 pour diviser ou cr\u00e9er des espaces. Les modules avec cassettes de plantes interchangeables pouvant \u00eatre empil\u00e9s, le s\u00e9parateur de pi\u00e8ces convient \u00e0 diverses utilisations.\r\n<h3><span style=\"font-size: 12pt;\"><strong>Guide de Plantes<\/strong><\/span><\/h3>\r\nConsultez le Guide de Plantes de Mobilane pour un aper\u00e7u des plantes adapt\u00e9es au LiveDivider PLUS.\r\n\r\n&nbsp;\r\n\r\n&nbsp;","right_information":"<img class=\"alignnone wp-image-37300 \" src=\"http:\/\/mobilane.com\/app\/uploads\/2021\/07\/Modular-icon-v5-1-300x300.png\" alt=\"Modular icon v5\" width=\"53\" height=\"53\" \/>\r\n<strong>Syst\u00e8me modulaire<\/strong>\r\nLiveDivider PLUS est un syst\u00e8me modulaire, utilisable de diverses fa\u00e7ons.\r\n\r\n<img class=\"alignnone wp-image-37182\" src=\"http:\/\/mobilane.com\/app\/uploads\/2021\/07\/Duurzaam-icon-300x300.png\" alt=\"Duurzaam icon\" width=\"49\" height=\"49\" \/>\r\n<strong>Durable<\/strong>\r\nLiveDivider PLUS se compose de mat\u00e9riaux durables, il est r\u00e9utilisable et enti\u00e8rement recyclable.\r\n\r\n<img class=\"alignnone wp-image-37196\" src=\"http:\/\/mobilane.com\/app\/uploads\/2021\/07\/Plants-healthy-climate-icon-300x300.png\" alt=\"Plants healthy climate icon\" width=\"43\" height=\"43\" \/>\r\n<strong>Climat int\u00e9rieur sain\r\n<\/strong>Les plantes du LiveDivider PLUS am\u00e9liorent le climat int\u00e9rieur et la qualit\u00e9 de l'air.","download":79459,"product_bradcrumb":[{"title":"Entreprise"}],"cps_term_link":""},"yoast_head":"<!-- This site is optimized with the Yoast SEO plugin v27.3 - https:\/\/yoast.com\/product\/yoast-seo-wordpress\/ -->\n<title>LiveDivider PLUS s\u00e9parateur de pi\u00e8ce v\u00e9g\u00e9tal modulaire - Mobilane<\/title>\n<meta name=\"description\" content=\"LiveDivider PLUS est un s\u00e9parateur de pi\u00e8ce v\u00e9g\u00e9tal modulaire. Cet un syst\u00e8me des modules avec des cassettes de plantes interchangeables.\" \/>\n<meta name=\"robots\" content=\"index, follow, max-snippet:-1, max-image-preview:large, max-video-preview:-1\" \/>\n<link rel=\"canonical\" href=\"https:\/\/mobilane.com\/be-fr\/produits\/livedivider\/\" \/>\n<meta property=\"og:locale\" content=\"fr_FR\" \/>\n<meta property=\"og:type\" content=\"article\" \/>\n<meta property=\"og:title\" content=\"LiveDivider PLUS s\u00e9parateur de pi\u00e8ce v\u00e9g\u00e9tal modulaire - Mobilane\" \/>\n<meta property=\"og:description\" content=\"LiveDivider PLUS est un s\u00e9parateur de pi\u00e8ce v\u00e9g\u00e9tal modulaire. Cet un syst\u00e8me des modules avec des cassettes de plantes interchangeables.\" \/>\n<meta property=\"og:url\" content=\"https:\/\/mobilane.com\/be-fr\/produits\/livedivider\/\" \/>\n<meta property=\"og:site_name\" content=\"Mobilane\" \/>\n<meta property=\"article:modified_time\" content=\"2025-09-01T12:49:27+00:00\" \/>\n<meta property=\"og:image\" content=\"https:\/\/mobilane.com\/app\/uploads\/2018\/03\/Mobilane-LiveDivider-PLUS-front-product.jpg\" \/>\n\t<meta property=\"og:image:width\" content=\"768\" \/>\n\t<meta property=\"og:image:height\" content=\"768\" \/>\n\t<meta property=\"og:image:type\" content=\"image\/jpeg\" \/>\n<meta name=\"twitter:card\" content=\"summary_large_image\" \/>\n<meta name=\"twitter:label1\" content=\"Dur\u00e9e de lecture est.\" \/>\n\t<meta name=\"twitter:data1\" content=\"1 minute\" \/>\n<script type=\"application\/ld+json\" class=\"yoast-schema-graph\">{\"@context\":\"https:\\\/\\\/schema.org\",\"@graph\":[{\"@type\":\"WebPage\",\"@id\":\"https:\\\/\\\/mobilane.com\\\/be-fr\\\/produits\\\/livedivider\\\/\",\"url\":\"https:\\\/\\\/mobilane.com\\\/be-fr\\\/produits\\\/livedivider\\\/\",\"name\":\"LiveDivider PLUS s\u00e9parateur de pi\u00e8ce v\u00e9g\u00e9tal modulaire - Mobilane\",\"isPartOf\":{\"@id\":\"https:\\\/\\\/mobilane.com\\\/#website\"},\"primaryImageOfPage\":{\"@id\":\"https:\\\/\\\/mobilane.com\\\/be-fr\\\/produits\\\/livedivider\\\/#primaryimage\"},\"image\":{\"@id\":\"https:\\\/\\\/mobilane.com\\\/be-fr\\\/produits\\\/livedivider\\\/#primaryimage\"},\"thumbnailUrl\":\"https:\\\/\\\/mobilane.com\\\/app\\\/uploads\\\/2018\\\/03\\\/Mobilane-LiveDivider-PLUS-front-product.jpg\",\"datePublished\":\"2024-01-06T22:45:32+00:00\",\"dateModified\":\"2025-09-01T12:49:27+00:00\",\"description\":\"LiveDivider PLUS est un s\u00e9parateur de pi\u00e8ce v\u00e9g\u00e9tal modulaire. Cet un syst\u00e8me des modules avec des cassettes de plantes interchangeables.\",\"breadcrumb\":{\"@id\":\"https:\\\/\\\/mobilane.com\\\/be-fr\\\/produits\\\/livedivider\\\/#breadcrumb\"},\"inLanguage\":\"fr-BE\",\"potentialAction\":[{\"@type\":\"ReadAction\",\"target\":[\"https:\\\/\\\/mobilane.com\\\/be-fr\\\/produits\\\/livedivider\\\/\"]}]},{\"@type\":\"ImageObject\",\"inLanguage\":\"fr-BE\",\"@id\":\"https:\\\/\\\/mobilane.com\\\/be-fr\\\/produits\\\/livedivider\\\/#primaryimage\",\"url\":\"https:\\\/\\\/mobilane.com\\\/app\\\/uploads\\\/2018\\\/03\\\/Mobilane-LiveDivider-PLUS-front-product.jpg\",\"contentUrl\":\"https:\\\/\\\/mobilane.com\\\/app\\\/uploads\\\/2018\\\/03\\\/Mobilane-LiveDivider-PLUS-front-product.jpg\",\"width\":768,\"height\":768},{\"@type\":\"BreadcrumbList\",\"@id\":\"https:\\\/\\\/mobilane.com\\\/be-fr\\\/produits\\\/livedivider\\\/#breadcrumb\",\"itemListElement\":[{\"@type\":\"ListItem\",\"position\":1,\"name\":\"Home\",\"item\":\"https:\\\/\\\/mobilane.com\\\/be-fr\\\/\"},{\"@type\":\"ListItem\",\"position\":2,\"name\":\"Posts\",\"item\":\"https:\\\/\\\/mobilane.com\\\/products\\\/\"},{\"@type\":\"ListItem\",\"position\":3,\"name\":\"LiveDivider PLUS\"}]},{\"@type\":\"WebSite\",\"@id\":\"https:\\\/\\\/mobilane.com\\\/#website\",\"url\":\"https:\\\/\\\/mobilane.com\\\/\",\"name\":\"Mobilane\",\"description\":\"Ready Made Green Systems\",\"publisher\":{\"@id\":\"https:\\\/\\\/mobilane.com\\\/#organization\"},\"potentialAction\":[{\"@type\":\"SearchAction\",\"target\":{\"@type\":\"EntryPoint\",\"urlTemplate\":\"https:\\\/\\\/mobilane.com\\\/?s={search_term_string}\"},\"query-input\":{\"@type\":\"PropertyValueSpecification\",\"valueRequired\":true,\"valueName\":\"search_term_string\"}}],\"inLanguage\":\"fr-BE\"},{\"@type\":\"Organization\",\"@id\":\"https:\\\/\\\/mobilane.com\\\/#organization\",\"name\":\"Mobilane\",\"url\":\"https:\\\/\\\/mobilane.com\\\/\",\"logo\":{\"@type\":\"ImageObject\",\"inLanguage\":\"fr-BE\",\"@id\":\"https:\\\/\\\/mobilane.com\\\/#\\\/schema\\\/logo\\\/image\\\/\",\"url\":\"https:\\\/\\\/mobilane.com\\\/app\\\/uploads\\\/2019\\\/10\\\/logo-colour2x.png\",\"contentUrl\":\"https:\\\/\\\/mobilane.com\\\/app\\\/uploads\\\/2019\\\/10\\\/logo-colour2x.png\",\"width\":1472,\"height\":295,\"caption\":\"Mobilane\"},\"image\":{\"@id\":\"https:\\\/\\\/mobilane.com\\\/#\\\/schema\\\/logo\\\/image\\\/\"}}]}<\/script>\n<!-- \/ Yoast SEO plugin. -->","yoast_head_json":{"title":"LiveDivider PLUS s\u00e9parateur de pi\u00e8ce v\u00e9g\u00e9tal modulaire - Mobilane","description":"LiveDivider PLUS est un s\u00e9parateur de pi\u00e8ce v\u00e9g\u00e9tal modulaire. Cet un syst\u00e8me des modules avec des cassettes de plantes interchangeables.","robots":{"index":"index","follow":"follow","max-snippet":"max-snippet:-1","max-image-preview":"max-image-preview:large","max-video-preview":"max-video-preview:-1"},"canonical":"https:\/\/mobilane.com\/be-fr\/produits\/livedivider\/","og_locale":"fr_FR","og_type":"article","og_title":"LiveDivider PLUS s\u00e9parateur de pi\u00e8ce v\u00e9g\u00e9tal modulaire - Mobilane","og_description":"LiveDivider PLUS est un s\u00e9parateur de pi\u00e8ce v\u00e9g\u00e9tal modulaire. Cet un syst\u00e8me des modules avec des cassettes de plantes interchangeables.","og_url":"https:\/\/mobilane.com\/be-fr\/produits\/livedivider\/","og_site_name":"Mobilane","article_modified_time":"2025-09-01T12:49:27+00:00","og_image":[{"width":768,"height":768,"url":"https:\/\/mobilane.com\/app\/uploads\/2018\/03\/Mobilane-LiveDivider-PLUS-front-product.jpg","type":"image\/jpeg"}],"twitter_card":"summary_large_image","twitter_misc":{"Dur\u00e9e de lecture est.":"1 minute"},"schema":{"@context":"https:\/\/schema.org","@graph":[{"@type":"WebPage","@id":"https:\/\/mobilane.com\/be-fr\/produits\/livedivider\/","url":"https:\/\/mobilane.com\/be-fr\/produits\/livedivider\/","name":"LiveDivider PLUS s\u00e9parateur de pi\u00e8ce v\u00e9g\u00e9tal modulaire - Mobilane","isPartOf":{"@id":"https:\/\/mobilane.com\/#website"},"primaryImageOfPage":{"@id":"https:\/\/mobilane.com\/be-fr\/produits\/livedivider\/#primaryimage"},"image":{"@id":"https:\/\/mobilane.com\/be-fr\/produits\/livedivider\/#primaryimage"},"thumbnailUrl":"https:\/\/mobilane.com\/app\/uploads\/2018\/03\/Mobilane-LiveDivider-PLUS-front-product.jpg","datePublished":"2024-01-06T22:45:32+00:00","dateModified":"2025-09-01T12:49:27+00:00","description":"LiveDivider PLUS est un s\u00e9parateur de pi\u00e8ce v\u00e9g\u00e9tal modulaire. Cet un syst\u00e8me des modules avec des cassettes de plantes interchangeables.","breadcrumb":{"@id":"https:\/\/mobilane.com\/be-fr\/produits\/livedivider\/#breadcrumb"},"inLanguage":"fr-BE","potentialAction":[{"@type":"ReadAction","target":["https:\/\/mobilane.com\/be-fr\/produits\/livedivider\/"]}]},{"@type":"ImageObject","inLanguage":"fr-BE","@id":"https:\/\/mobilane.com\/be-fr\/produits\/livedivider\/#primaryimage","url":"https:\/\/mobilane.com\/app\/uploads\/2018\/03\/Mobilane-LiveDivider-PLUS-front-product.jpg","contentUrl":"https:\/\/mobilane.com\/app\/uploads\/2018\/03\/Mobilane-LiveDivider-PLUS-front-product.jpg","width":768,"height":768},{"@type":"BreadcrumbList","@id":"https:\/\/mobilane.com\/be-fr\/produits\/livedivider\/#breadcrumb","itemListElement":[{"@type":"ListItem","position":1,"name":"Home","item":"https:\/\/mobilane.com\/be-fr\/"},{"@type":"ListItem","position":2,"name":"Posts","item":"https:\/\/mobilane.com\/products\/"},{"@type":"ListItem","position":3,"name":"LiveDivider PLUS"}]},{"@type":"WebSite","@id":"https:\/\/mobilane.com\/#website","url":"https:\/\/mobilane.com\/","name":"Mobilane","description":"Ready Made Green Systems","publisher":{"@id":"https:\/\/mobilane.com\/#organization"},"potentialAction":[{"@type":"SearchAction","target":{"@type":"EntryPoint","urlTemplate":"https:\/\/mobilane.com\/?s={search_term_string}"},"query-input":{"@type":"PropertyValueSpecification","valueRequired":true,"valueName":"search_term_string"}}],"inLanguage":"fr-BE"},{"@type":"Organization","@id":"https:\/\/mobilane.com\/#organization","name":"Mobilane","url":"https:\/\/mobilane.com\/","logo":{"@type":"ImageObject","inLanguage":"fr-BE","@id":"https:\/\/mobilane.com\/#\/schema\/logo\/image\/","url":"https:\/\/mobilane.com\/app\/uploads\/2019\/10\/logo-colour2x.png","contentUrl":"https:\/\/mobilane.com\/app\/uploads\/2019\/10\/logo-colour2x.png","width":1472,"height":295,"caption":"Mobilane"},"image":{"@id":"https:\/\/mobilane.com\/#\/schema\/logo\/image\/"}}]}},"_links":{"self":[{"href":"https:\/\/mobilane.com\/be-fr\/wp-json\/wp\/v2\/product\/40037","targetHints":{"allow":["GET"]}}],"collection":[{"href":"https:\/\/mobilane.com\/be-fr\/wp-json\/wp\/v2\/product"}],"about":[{"href":"https:\/\/mobilane.com\/be-fr\/wp-json\/wp\/v2\/types\/product"}],"author":[{"embeddable":true,"href":"https:\/\/mobilane.com\/be-fr\/wp-json\/wp\/v2\/users\/3"}],"replies":[{"embeddable":true,"href":"https:\/\/mobilane.com\/be-fr\/wp-json\/wp\/v2\/comments?post=40037"}],"version-history":[{"count":5,"href":"https:\/\/mobilane.com\/be-fr\/wp-json\/wp\/v2\/product\/40037\/revisions"}],"predecessor-version":[{"id":72332,"href":"https:\/\/mobilane.com\/be-fr\/wp-json\/wp\/v2\/product\/40037\/revisions\/72332"}],"wp:featuredmedia":[{"embeddable":true,"href":"https:\/\/mobilane.com\/be-fr\/wp-json\/wp\/v2\/media\/58072"}],"wp:attachment":[{"href":"https:\/\/mobilane.com\/be-fr\/wp-json\/wp\/v2\/media?parent=40037"}],"curies":[{"name":"wp","href":"https:\/\/api.w.org\/{rel}","templated":true}]}}