{"id":40035,"date":"2024-01-09T08:55:58","date_gmt":"2024-01-09T07:55:58","guid":{"rendered":"http:\/\/mobilane.com\/producten\/livepicture-go\/"},"modified":"2025-08-05T09:03:15","modified_gmt":"2025-08-05T07:03:15","slug":"livepicture-go","status":"publish","type":"product","link":"https:\/\/mobilane.com\/be-fr\/produits\/livepicture-go\/","title":{"rendered":"LivePicture GO"},"content":{"rendered":"","protected":false},"excerpt":{"rendered":"","protected":false},"author":3,"featured_media":58079,"menu_order":9,"comment_status":"closed","ping_status":"closed","template":"","class_list":["post-40035","product","type-product","status-publish","has-post-thumbnail","hentry","product_label-indoor-be-fr","product_label-outdoor-be-fr","target_audience-consommateur","target_audience-entreprise","target_audience-hovenier-be-fr"],"acf":{"is_category_page":false,"information":"<strong>LivePicture GO est une solution innovante et moderne pour les plantes dans la maison.<\/strong>\r\n\r\nVous n\u2019avez m\u00eame pas besoin d\u2019avoir la main verte pour prendre soin des plantes ; le d\u00e9tecteur de niveau indique quand le r\u00e9servoir d'eau doit \u00eatre rempli, soit environ toutes les 4 semaines.\r\n\r\n<strong>LivePicture GO Bamboo\r\n<span style=\"font-weight: 400;\">Le nouveau bambou LivePicture GO se compose de bambou naturel et durable.<\/span><\/strong>\r\n\r\n&nbsp;\r\n\r\n&nbsp;\r\n\r\n&nbsp;\r\n\r\n&nbsp;","right_information":"<img class=\"alignnone wp-image-37182\" src=\"http:\/\/mobilane.com\/app\/uploads\/2021\/07\/Duurzaam-icon-300x300.png\" alt=\"Duurzaam icon\" width=\"49\" height=\"49\" \/>\r\n<strong>Durable<\/strong>\r\nLivePicture GO est fabriqu\u00e9 \u00e0 partir de mat\u00e9riaux durables et est recyclable \u00e0 100%.\r\n\r\n<img class=\"alignnone wp-image-37367 \" src=\"http:\/\/mobilane.com\/app\/uploads\/2021\/07\/Waterdruppel-icoontje-002-300x300.png\" alt=\"zuinig waterverbruik\" width=\"40\" height=\"40\" \/>\r\n<strong>Economique en consommation d'eau\u00a0<\/strong>\r\nLe r\u00e9servoir d\u2019eau du LivePicture GO fournit de l'eau aux plantes pendant \u00b1 4 semaines.\r\n\r\n<img class=\"alignnone wp-image-37196\" src=\"http:\/\/mobilane.com\/app\/uploads\/2021\/07\/Plants-healthy-climate-icon-300x300.png\" alt=\"Plants healthy climate icon\" width=\"43\" height=\"43\" \/>\r\n<strong>De l\u2019air propre et sain<\/strong>\r\nLes plantes dans le LivePicture GO assurent un air pur et un climat int\u00e9rieur sain.","download":79459,"product_bradcrumb":[{"title":"Consommateur"},{"title":"Entreprise"},{"title":"Jardinier"}],"cps_term_link":""},"yoast_head":"<!-- This site is optimized with the Yoast SEO plugin v27.3 - https:\/\/yoast.com\/product\/yoast-seo-wordpress\/ -->\n<title>LivePicture GO - acheter un tableau v\u00e9g\u00e9tal chez Mobilane<\/title>\n<meta name=\"description\" content=\"Tableau v\u00e9g\u00e9tal pour la maison? LivePicture GO apporte une touche v\u00e9g\u00e9tale ludique sur le mur dans votre lieu de vie ou de travail.\" \/>\n<meta name=\"robots\" content=\"index, follow, max-snippet:-1, max-image-preview:large, max-video-preview:-1\" \/>\n<link rel=\"canonical\" href=\"https:\/\/mobilane.com\/be-fr\/produits\/livepicture-go\/\" \/>\n<meta property=\"og:locale\" content=\"fr_FR\" \/>\n<meta property=\"og:type\" content=\"article\" \/>\n<meta property=\"og:title\" content=\"LivePicture GO - acheter un tableau v\u00e9g\u00e9tal chez Mobilane\" \/>\n<meta property=\"og:description\" content=\"Tableau v\u00e9g\u00e9tal pour la maison? LivePicture GO apporte une touche v\u00e9g\u00e9tale ludique sur le mur dans votre lieu de vie ou de travail.\" \/>\n<meta property=\"og:url\" content=\"https:\/\/mobilane.com\/be-fr\/produits\/livepicture-go\/\" \/>\n<meta property=\"og:site_name\" content=\"Mobilane\" \/>\n<meta property=\"article:modified_time\" content=\"2025-08-05T07:03:15+00:00\" \/>\n<meta property=\"og:image\" content=\"https:\/\/mobilane.com\/app\/uploads\/2018\/03\/Mobilane-LivePicture-GO-front-product.jpg\" \/>\n\t<meta property=\"og:image:width\" content=\"768\" \/>\n\t<meta property=\"og:image:height\" content=\"768\" \/>\n\t<meta property=\"og:image:type\" content=\"image\/jpeg\" \/>\n<meta name=\"twitter:card\" content=\"summary_large_image\" \/>\n<meta name=\"twitter:label1\" content=\"Dur\u00e9e de lecture est.\" \/>\n\t<meta name=\"twitter:data1\" content=\"1 minute\" \/>\n<script type=\"application\/ld+json\" class=\"yoast-schema-graph\">{\"@context\":\"https:\\\/\\\/schema.org\",\"@graph\":[{\"@type\":\"WebPage\",\"@id\":\"https:\\\/\\\/mobilane.com\\\/be-fr\\\/produits\\\/livepicture-go\\\/\",\"url\":\"https:\\\/\\\/mobilane.com\\\/be-fr\\\/produits\\\/livepicture-go\\\/\",\"name\":\"LivePicture GO - acheter un tableau v\u00e9g\u00e9tal chez Mobilane\",\"isPartOf\":{\"@id\":\"https:\\\/\\\/mobilane.com\\\/#website\"},\"primaryImageOfPage\":{\"@id\":\"https:\\\/\\\/mobilane.com\\\/be-fr\\\/produits\\\/livepicture-go\\\/#primaryimage\"},\"image\":{\"@id\":\"https:\\\/\\\/mobilane.com\\\/be-fr\\\/produits\\\/livepicture-go\\\/#primaryimage\"},\"thumbnailUrl\":\"https:\\\/\\\/mobilane.com\\\/app\\\/uploads\\\/2018\\\/03\\\/Mobilane-LivePicture-GO-front-product.jpg\",\"datePublished\":\"2024-01-09T07:55:58+00:00\",\"dateModified\":\"2025-08-05T07:03:15+00:00\",\"description\":\"Tableau v\u00e9g\u00e9tal pour la maison? LivePicture GO apporte une touche v\u00e9g\u00e9tale ludique sur le mur dans votre lieu de vie ou de travail.\",\"breadcrumb\":{\"@id\":\"https:\\\/\\\/mobilane.com\\\/be-fr\\\/produits\\\/livepicture-go\\\/#breadcrumb\"},\"inLanguage\":\"fr-BE\",\"potentialAction\":[{\"@type\":\"ReadAction\",\"target\":[\"https:\\\/\\\/mobilane.com\\\/be-fr\\\/produits\\\/livepicture-go\\\/\"]}]},{\"@type\":\"ImageObject\",\"inLanguage\":\"fr-BE\",\"@id\":\"https:\\\/\\\/mobilane.com\\\/be-fr\\\/produits\\\/livepicture-go\\\/#primaryimage\",\"url\":\"https:\\\/\\\/mobilane.com\\\/app\\\/uploads\\\/2018\\\/03\\\/Mobilane-LivePicture-GO-front-product.jpg\",\"contentUrl\":\"https:\\\/\\\/mobilane.com\\\/app\\\/uploads\\\/2018\\\/03\\\/Mobilane-LivePicture-GO-front-product.jpg\",\"width\":768,\"height\":768},{\"@type\":\"BreadcrumbList\",\"@id\":\"https:\\\/\\\/mobilane.com\\\/be-fr\\\/produits\\\/livepicture-go\\\/#breadcrumb\",\"itemListElement\":[{\"@type\":\"ListItem\",\"position\":1,\"name\":\"Home\",\"item\":\"https:\\\/\\\/mobilane.com\\\/be-fr\\\/\"},{\"@type\":\"ListItem\",\"position\":2,\"name\":\"Posts\",\"item\":\"https:\\\/\\\/mobilane.com\\\/products\\\/\"},{\"@type\":\"ListItem\",\"position\":3,\"name\":\"LivePicture GO\"}]},{\"@type\":\"WebSite\",\"@id\":\"https:\\\/\\\/mobilane.com\\\/#website\",\"url\":\"https:\\\/\\\/mobilane.com\\\/\",\"name\":\"Mobilane\",\"description\":\"Ready Made Green Systems\",\"publisher\":{\"@id\":\"https:\\\/\\\/mobilane.com\\\/#organization\"},\"potentialAction\":[{\"@type\":\"SearchAction\",\"target\":{\"@type\":\"EntryPoint\",\"urlTemplate\":\"https:\\\/\\\/mobilane.com\\\/?s={search_term_string}\"},\"query-input\":{\"@type\":\"PropertyValueSpecification\",\"valueRequired\":true,\"valueName\":\"search_term_string\"}}],\"inLanguage\":\"fr-BE\"},{\"@type\":\"Organization\",\"@id\":\"https:\\\/\\\/mobilane.com\\\/#organization\",\"name\":\"Mobilane\",\"url\":\"https:\\\/\\\/mobilane.com\\\/\",\"logo\":{\"@type\":\"ImageObject\",\"inLanguage\":\"fr-BE\",\"@id\":\"https:\\\/\\\/mobilane.com\\\/#\\\/schema\\\/logo\\\/image\\\/\",\"url\":\"https:\\\/\\\/mobilane.com\\\/app\\\/uploads\\\/2019\\\/10\\\/logo-colour2x.png\",\"contentUrl\":\"https:\\\/\\\/mobilane.com\\\/app\\\/uploads\\\/2019\\\/10\\\/logo-colour2x.png\",\"width\":1472,\"height\":295,\"caption\":\"Mobilane\"},\"image\":{\"@id\":\"https:\\\/\\\/mobilane.com\\\/#\\\/schema\\\/logo\\\/image\\\/\"}}]}<\/script>\n<!-- \/ Yoast SEO plugin. -->","yoast_head_json":{"title":"LivePicture GO - acheter un tableau v\u00e9g\u00e9tal chez Mobilane","description":"Tableau v\u00e9g\u00e9tal pour la maison? LivePicture GO apporte une touche v\u00e9g\u00e9tale ludique sur le mur dans votre lieu de vie ou de travail.","robots":{"index":"index","follow":"follow","max-snippet":"max-snippet:-1","max-image-preview":"max-image-preview:large","max-video-preview":"max-video-preview:-1"},"canonical":"https:\/\/mobilane.com\/be-fr\/produits\/livepicture-go\/","og_locale":"fr_FR","og_type":"article","og_title":"LivePicture GO - acheter un tableau v\u00e9g\u00e9tal chez Mobilane","og_description":"Tableau v\u00e9g\u00e9tal pour la maison? LivePicture GO apporte une touche v\u00e9g\u00e9tale ludique sur le mur dans votre lieu de vie ou de travail.","og_url":"https:\/\/mobilane.com\/be-fr\/produits\/livepicture-go\/","og_site_name":"Mobilane","article_modified_time":"2025-08-05T07:03:15+00:00","og_image":[{"width":768,"height":768,"url":"https:\/\/mobilane.com\/app\/uploads\/2018\/03\/Mobilane-LivePicture-GO-front-product.jpg","type":"image\/jpeg"}],"twitter_card":"summary_large_image","twitter_misc":{"Dur\u00e9e de lecture est.":"1 minute"},"schema":{"@context":"https:\/\/schema.org","@graph":[{"@type":"WebPage","@id":"https:\/\/mobilane.com\/be-fr\/produits\/livepicture-go\/","url":"https:\/\/mobilane.com\/be-fr\/produits\/livepicture-go\/","name":"LivePicture GO - acheter un tableau v\u00e9g\u00e9tal chez Mobilane","isPartOf":{"@id":"https:\/\/mobilane.com\/#website"},"primaryImageOfPage":{"@id":"https:\/\/mobilane.com\/be-fr\/produits\/livepicture-go\/#primaryimage"},"image":{"@id":"https:\/\/mobilane.com\/be-fr\/produits\/livepicture-go\/#primaryimage"},"thumbnailUrl":"https:\/\/mobilane.com\/app\/uploads\/2018\/03\/Mobilane-LivePicture-GO-front-product.jpg","datePublished":"2024-01-09T07:55:58+00:00","dateModified":"2025-08-05T07:03:15+00:00","description":"Tableau v\u00e9g\u00e9tal pour la maison? LivePicture GO apporte une touche v\u00e9g\u00e9tale ludique sur le mur dans votre lieu de vie ou de travail.","breadcrumb":{"@id":"https:\/\/mobilane.com\/be-fr\/produits\/livepicture-go\/#breadcrumb"},"inLanguage":"fr-BE","potentialAction":[{"@type":"ReadAction","target":["https:\/\/mobilane.com\/be-fr\/produits\/livepicture-go\/"]}]},{"@type":"ImageObject","inLanguage":"fr-BE","@id":"https:\/\/mobilane.com\/be-fr\/produits\/livepicture-go\/#primaryimage","url":"https:\/\/mobilane.com\/app\/uploads\/2018\/03\/Mobilane-LivePicture-GO-front-product.jpg","contentUrl":"https:\/\/mobilane.com\/app\/uploads\/2018\/03\/Mobilane-LivePicture-GO-front-product.jpg","width":768,"height":768},{"@type":"BreadcrumbList","@id":"https:\/\/mobilane.com\/be-fr\/produits\/livepicture-go\/#breadcrumb","itemListElement":[{"@type":"ListItem","position":1,"name":"Home","item":"https:\/\/mobilane.com\/be-fr\/"},{"@type":"ListItem","position":2,"name":"Posts","item":"https:\/\/mobilane.com\/products\/"},{"@type":"ListItem","position":3,"name":"LivePicture GO"}]},{"@type":"WebSite","@id":"https:\/\/mobilane.com\/#website","url":"https:\/\/mobilane.com\/","name":"Mobilane","description":"Ready Made Green Systems","publisher":{"@id":"https:\/\/mobilane.com\/#organization"},"potentialAction":[{"@type":"SearchAction","target":{"@type":"EntryPoint","urlTemplate":"https:\/\/mobilane.com\/?s={search_term_string}"},"query-input":{"@type":"PropertyValueSpecification","valueRequired":true,"valueName":"search_term_string"}}],"inLanguage":"fr-BE"},{"@type":"Organization","@id":"https:\/\/mobilane.com\/#organization","name":"Mobilane","url":"https:\/\/mobilane.com\/","logo":{"@type":"ImageObject","inLanguage":"fr-BE","@id":"https:\/\/mobilane.com\/#\/schema\/logo\/image\/","url":"https:\/\/mobilane.com\/app\/uploads\/2019\/10\/logo-colour2x.png","contentUrl":"https:\/\/mobilane.com\/app\/uploads\/2019\/10\/logo-colour2x.png","width":1472,"height":295,"caption":"Mobilane"},"image":{"@id":"https:\/\/mobilane.com\/#\/schema\/logo\/image\/"}}]}},"_links":{"self":[{"href":"https:\/\/mobilane.com\/be-fr\/wp-json\/wp\/v2\/product\/40035","targetHints":{"allow":["GET"]}}],"collection":[{"href":"https:\/\/mobilane.com\/be-fr\/wp-json\/wp\/v2\/product"}],"about":[{"href":"https:\/\/mobilane.com\/be-fr\/wp-json\/wp\/v2\/types\/product"}],"author":[{"embeddable":true,"href":"https:\/\/mobilane.com\/be-fr\/wp-json\/wp\/v2\/users\/3"}],"replies":[{"embeddable":true,"href":"https:\/\/mobilane.com\/be-fr\/wp-json\/wp\/v2\/comments?post=40035"}],"version-history":[{"count":5,"href":"https:\/\/mobilane.com\/be-fr\/wp-json\/wp\/v2\/product\/40035\/revisions"}],"predecessor-version":[{"id":72335,"href":"https:\/\/mobilane.com\/be-fr\/wp-json\/wp\/v2\/product\/40035\/revisions\/72335"}],"wp:featuredmedia":[{"embeddable":true,"href":"https:\/\/mobilane.com\/be-fr\/wp-json\/wp\/v2\/media\/58079"}],"wp:attachment":[{"href":"https:\/\/mobilane.com\/be-fr\/wp-json\/wp\/v2\/media?parent=40035"}],"curies":[{"name":"wp","href":"https:\/\/api.w.org\/{rel}","templated":true}]}}