{"id":40033,"date":"2024-01-04T17:23:47","date_gmt":"2024-01-04T16:23:47","guid":{"rendered":"http:\/\/mobilane.com\/producten\/mobiroof\/"},"modified":"2025-06-10T16:02:51","modified_gmt":"2025-06-10T14:02:51","slug":"mobiroof","status":"publish","type":"product","link":"https:\/\/mobilane.com\/be-fr\/produits\/mobiroof\/","title":{"rendered":"MobiRoof ECO"},"content":{"rendered":"","protected":false},"excerpt":{"rendered":"","protected":false},"author":3,"featured_media":56449,"menu_order":4,"comment_status":"closed","ping_status":"closed","template":"","class_list":["post-40033","product","type-product","status-publish","has-post-thumbnail","hentry","product_label-outdoor-be-fr","target_audience-consommateur","target_audience-entreprise","target_audience-hovenier-be-fr"],"acf":{"is_category_page":false,"information":"<strong>MobiRoof ECO est un syst\u00e8me de toiture verte, pr\u00eat \u00e0 l'emploi, \u00e0 utiliser directement sur les toits plats et l\u00e9g\u00e8rement en pente.<\/strong>\r\n\r\nMobiRoof ECO est un syst\u00e8me de toiture verte et circulaire. Fabriqu\u00e9e \u00e0 partir de mat\u00e9riaux recycl\u00e9s, la cassette est enti\u00e8rement recyclable.\r\n\r\n&nbsp;","right_information":"<img class=\"alignnone wp-image-37182 \" src=\"http:\/\/mobilane.com\/app\/uploads\/2021\/07\/Duurzaam-icon-300x300.png\" alt=\"Mobilane - MobiRoof ECO - Symbool duurzaam\" width=\"51\" height=\"51\" \/>\r\n<strong>Durable<\/strong>\r\nMobiRoof ECO est un produit circulaire, fabriqu\u00e9 de mani\u00e8re durable et locale.\r\n\r\n<img class=\"alignnone wp-image-38544\" src=\"http:\/\/mobilane.com\/app\/uploads\/2021\/08\/Cassette-icon-300x300.png\" alt=\"Mobilane MobiRoof ECO eenvoudig systeem\" width=\"42\" height=\"42\" \/>\r\n<strong>Syst\u00e8me simple\u00a0<\/strong>\r\nLes cassettes sont plac\u00e9es les unes contre les autres de mani\u00e8re simple et rapide.\r\n\r\n<img class=\"alignnone wp-image-38550\" src=\"http:\/\/mobilane.com\/app\/uploads\/2021\/08\/Biodiversity-icon-300x300.png\" alt=\"Mobilane MobiRoof ECO biodiversiteit\" width=\"52\" height=\"52\" \/>\r\n<strong>Biodiversit\u00e9<\/strong>\r\nLa plantation de s\u00e9dums MobiRoof ECO contribue \u00e0 la biodiversit\u00e9.","download":79459,"product_bradcrumb":[{"title":"Consommateur"},{"title":"Entreprise"},{"title":"Jardinier"}],"cps_term_link":""},"yoast_head":"<!-- This site is optimized with the Yoast SEO plugin v27.3 - https:\/\/yoast.com\/product\/yoast-seo-wordpress\/ -->\n<title>MobiRoof ECO - syst\u00e8me de toiture verte, pr\u00eat \u00e0 l&#039;emploi | Mobilane<\/title>\n<meta name=\"description\" content=\"MobiRoof ECO se compose de cassettes de sedum qui sont simplement plac\u00e9es les unes contre les autres, ce qui cr\u00e9e une toiture verte.\" \/>\n<meta name=\"robots\" content=\"index, follow, max-snippet:-1, max-image-preview:large, max-video-preview:-1\" \/>\n<link rel=\"canonical\" href=\"https:\/\/mobilane.com\/be-fr\/produits\/mobiroof\/\" \/>\n<meta property=\"og:locale\" content=\"fr_FR\" \/>\n<meta property=\"og:type\" content=\"article\" \/>\n<meta property=\"og:title\" content=\"MobiRoof ECO - syst\u00e8me de toiture verte, pr\u00eat \u00e0 l&#039;emploi | Mobilane\" \/>\n<meta property=\"og:description\" content=\"MobiRoof ECO se compose de cassettes de sedum qui sont simplement plac\u00e9es les unes contre les autres, ce qui cr\u00e9e une toiture verte.\" \/>\n<meta property=\"og:url\" content=\"https:\/\/mobilane.com\/be-fr\/produits\/mobiroof\/\" \/>\n<meta property=\"og:site_name\" content=\"Mobilane\" \/>\n<meta property=\"article:modified_time\" content=\"2025-06-10T14:02:51+00:00\" \/>\n<meta property=\"og:image\" content=\"https:\/\/mobilane.com\/app\/uploads\/2023\/06\/Mobilane-Mr-ECOTTAssen-1024x683.png\" \/>\n\t<meta property=\"og:image:width\" content=\"1024\" \/>\n\t<meta property=\"og:image:height\" content=\"683\" \/>\n\t<meta property=\"og:image:type\" content=\"image\/png\" \/>\n<meta name=\"twitter:card\" content=\"summary_large_image\" \/>\n<meta name=\"twitter:label1\" content=\"Dur\u00e9e de lecture est.\" \/>\n\t<meta name=\"twitter:data1\" content=\"1 minute\" \/>\n<script type=\"application\/ld+json\" class=\"yoast-schema-graph\">{\"@context\":\"https:\\\/\\\/schema.org\",\"@graph\":[{\"@type\":\"WebPage\",\"@id\":\"https:\\\/\\\/mobilane.com\\\/be-fr\\\/produits\\\/mobiroof\\\/\",\"url\":\"https:\\\/\\\/mobilane.com\\\/be-fr\\\/produits\\\/mobiroof\\\/\",\"name\":\"MobiRoof ECO - syst\u00e8me de toiture verte, pr\u00eat \u00e0 l'emploi | Mobilane\",\"isPartOf\":{\"@id\":\"https:\\\/\\\/mobilane.com\\\/#website\"},\"primaryImageOfPage\":{\"@id\":\"https:\\\/\\\/mobilane.com\\\/be-fr\\\/produits\\\/mobiroof\\\/#primaryimage\"},\"image\":{\"@id\":\"https:\\\/\\\/mobilane.com\\\/be-fr\\\/produits\\\/mobiroof\\\/#primaryimage\"},\"thumbnailUrl\":\"https:\\\/\\\/mobilane.com\\\/app\\\/uploads\\\/2023\\\/06\\\/Mobilane-Mr-ECOTTAssen.png\",\"datePublished\":\"2024-01-04T16:23:47+00:00\",\"dateModified\":\"2025-06-10T14:02:51+00:00\",\"description\":\"MobiRoof ECO se compose de cassettes de sedum qui sont simplement plac\u00e9es les unes contre les autres, ce qui cr\u00e9e une toiture verte.\",\"breadcrumb\":{\"@id\":\"https:\\\/\\\/mobilane.com\\\/be-fr\\\/produits\\\/mobiroof\\\/#breadcrumb\"},\"inLanguage\":\"fr-BE\",\"potentialAction\":[{\"@type\":\"ReadAction\",\"target\":[\"https:\\\/\\\/mobilane.com\\\/be-fr\\\/produits\\\/mobiroof\\\/\"]}]},{\"@type\":\"ImageObject\",\"inLanguage\":\"fr-BE\",\"@id\":\"https:\\\/\\\/mobilane.com\\\/be-fr\\\/produits\\\/mobiroof\\\/#primaryimage\",\"url\":\"https:\\\/\\\/mobilane.com\\\/app\\\/uploads\\\/2023\\\/06\\\/Mobilane-Mr-ECOTTAssen.png\",\"contentUrl\":\"https:\\\/\\\/mobilane.com\\\/app\\\/uploads\\\/2023\\\/06\\\/Mobilane-Mr-ECOTTAssen.png\",\"width\":1500,\"height\":1000},{\"@type\":\"BreadcrumbList\",\"@id\":\"https:\\\/\\\/mobilane.com\\\/be-fr\\\/produits\\\/mobiroof\\\/#breadcrumb\",\"itemListElement\":[{\"@type\":\"ListItem\",\"position\":1,\"name\":\"Home\",\"item\":\"https:\\\/\\\/mobilane.com\\\/be-fr\\\/\"},{\"@type\":\"ListItem\",\"position\":2,\"name\":\"Posts\",\"item\":\"https:\\\/\\\/mobilane.com\\\/products\\\/\"},{\"@type\":\"ListItem\",\"position\":3,\"name\":\"MobiRoof ECO\"}]},{\"@type\":\"WebSite\",\"@id\":\"https:\\\/\\\/mobilane.com\\\/#website\",\"url\":\"https:\\\/\\\/mobilane.com\\\/\",\"name\":\"Mobilane\",\"description\":\"Ready Made Green Systems\",\"publisher\":{\"@id\":\"https:\\\/\\\/mobilane.com\\\/#organization\"},\"potentialAction\":[{\"@type\":\"SearchAction\",\"target\":{\"@type\":\"EntryPoint\",\"urlTemplate\":\"https:\\\/\\\/mobilane.com\\\/?s={search_term_string}\"},\"query-input\":{\"@type\":\"PropertyValueSpecification\",\"valueRequired\":true,\"valueName\":\"search_term_string\"}}],\"inLanguage\":\"fr-BE\"},{\"@type\":\"Organization\",\"@id\":\"https:\\\/\\\/mobilane.com\\\/#organization\",\"name\":\"Mobilane\",\"url\":\"https:\\\/\\\/mobilane.com\\\/\",\"logo\":{\"@type\":\"ImageObject\",\"inLanguage\":\"fr-BE\",\"@id\":\"https:\\\/\\\/mobilane.com\\\/#\\\/schema\\\/logo\\\/image\\\/\",\"url\":\"https:\\\/\\\/mobilane.com\\\/app\\\/uploads\\\/2019\\\/10\\\/logo-colour2x.png\",\"contentUrl\":\"https:\\\/\\\/mobilane.com\\\/app\\\/uploads\\\/2019\\\/10\\\/logo-colour2x.png\",\"width\":1472,\"height\":295,\"caption\":\"Mobilane\"},\"image\":{\"@id\":\"https:\\\/\\\/mobilane.com\\\/#\\\/schema\\\/logo\\\/image\\\/\"}}]}<\/script>\n<!-- \/ Yoast SEO plugin. -->","yoast_head_json":{"title":"MobiRoof ECO - syst\u00e8me de toiture verte, pr\u00eat \u00e0 l'emploi | Mobilane","description":"MobiRoof ECO se compose de cassettes de sedum qui sont simplement plac\u00e9es les unes contre les autres, ce qui cr\u00e9e une toiture verte.","robots":{"index":"index","follow":"follow","max-snippet":"max-snippet:-1","max-image-preview":"max-image-preview:large","max-video-preview":"max-video-preview:-1"},"canonical":"https:\/\/mobilane.com\/be-fr\/produits\/mobiroof\/","og_locale":"fr_FR","og_type":"article","og_title":"MobiRoof ECO - syst\u00e8me de toiture verte, pr\u00eat \u00e0 l'emploi | Mobilane","og_description":"MobiRoof ECO se compose de cassettes de sedum qui sont simplement plac\u00e9es les unes contre les autres, ce qui cr\u00e9e une toiture verte.","og_url":"https:\/\/mobilane.com\/be-fr\/produits\/mobiroof\/","og_site_name":"Mobilane","article_modified_time":"2025-06-10T14:02:51+00:00","og_image":[{"width":1024,"height":683,"url":"https:\/\/mobilane.com\/app\/uploads\/2023\/06\/Mobilane-Mr-ECOTTAssen-1024x683.png","type":"image\/png"}],"twitter_card":"summary_large_image","twitter_misc":{"Dur\u00e9e de lecture est.":"1 minute"},"schema":{"@context":"https:\/\/schema.org","@graph":[{"@type":"WebPage","@id":"https:\/\/mobilane.com\/be-fr\/produits\/mobiroof\/","url":"https:\/\/mobilane.com\/be-fr\/produits\/mobiroof\/","name":"MobiRoof ECO - syst\u00e8me de toiture verte, pr\u00eat \u00e0 l'emploi | Mobilane","isPartOf":{"@id":"https:\/\/mobilane.com\/#website"},"primaryImageOfPage":{"@id":"https:\/\/mobilane.com\/be-fr\/produits\/mobiroof\/#primaryimage"},"image":{"@id":"https:\/\/mobilane.com\/be-fr\/produits\/mobiroof\/#primaryimage"},"thumbnailUrl":"https:\/\/mobilane.com\/app\/uploads\/2023\/06\/Mobilane-Mr-ECOTTAssen.png","datePublished":"2024-01-04T16:23:47+00:00","dateModified":"2025-06-10T14:02:51+00:00","description":"MobiRoof ECO se compose de cassettes de sedum qui sont simplement plac\u00e9es les unes contre les autres, ce qui cr\u00e9e une toiture verte.","breadcrumb":{"@id":"https:\/\/mobilane.com\/be-fr\/produits\/mobiroof\/#breadcrumb"},"inLanguage":"fr-BE","potentialAction":[{"@type":"ReadAction","target":["https:\/\/mobilane.com\/be-fr\/produits\/mobiroof\/"]}]},{"@type":"ImageObject","inLanguage":"fr-BE","@id":"https:\/\/mobilane.com\/be-fr\/produits\/mobiroof\/#primaryimage","url":"https:\/\/mobilane.com\/app\/uploads\/2023\/06\/Mobilane-Mr-ECOTTAssen.png","contentUrl":"https:\/\/mobilane.com\/app\/uploads\/2023\/06\/Mobilane-Mr-ECOTTAssen.png","width":1500,"height":1000},{"@type":"BreadcrumbList","@id":"https:\/\/mobilane.com\/be-fr\/produits\/mobiroof\/#breadcrumb","itemListElement":[{"@type":"ListItem","position":1,"name":"Home","item":"https:\/\/mobilane.com\/be-fr\/"},{"@type":"ListItem","position":2,"name":"Posts","item":"https:\/\/mobilane.com\/products\/"},{"@type":"ListItem","position":3,"name":"MobiRoof ECO"}]},{"@type":"WebSite","@id":"https:\/\/mobilane.com\/#website","url":"https:\/\/mobilane.com\/","name":"Mobilane","description":"Ready Made Green Systems","publisher":{"@id":"https:\/\/mobilane.com\/#organization"},"potentialAction":[{"@type":"SearchAction","target":{"@type":"EntryPoint","urlTemplate":"https:\/\/mobilane.com\/?s={search_term_string}"},"query-input":{"@type":"PropertyValueSpecification","valueRequired":true,"valueName":"search_term_string"}}],"inLanguage":"fr-BE"},{"@type":"Organization","@id":"https:\/\/mobilane.com\/#organization","name":"Mobilane","url":"https:\/\/mobilane.com\/","logo":{"@type":"ImageObject","inLanguage":"fr-BE","@id":"https:\/\/mobilane.com\/#\/schema\/logo\/image\/","url":"https:\/\/mobilane.com\/app\/uploads\/2019\/10\/logo-colour2x.png","contentUrl":"https:\/\/mobilane.com\/app\/uploads\/2019\/10\/logo-colour2x.png","width":1472,"height":295,"caption":"Mobilane"},"image":{"@id":"https:\/\/mobilane.com\/#\/schema\/logo\/image\/"}}]}},"_links":{"self":[{"href":"https:\/\/mobilane.com\/be-fr\/wp-json\/wp\/v2\/product\/40033","targetHints":{"allow":["GET"]}}],"collection":[{"href":"https:\/\/mobilane.com\/be-fr\/wp-json\/wp\/v2\/product"}],"about":[{"href":"https:\/\/mobilane.com\/be-fr\/wp-json\/wp\/v2\/types\/product"}],"author":[{"embeddable":true,"href":"https:\/\/mobilane.com\/be-fr\/wp-json\/wp\/v2\/users\/3"}],"replies":[{"embeddable":true,"href":"https:\/\/mobilane.com\/be-fr\/wp-json\/wp\/v2\/comments?post=40033"}],"version-history":[{"count":5,"href":"https:\/\/mobilane.com\/be-fr\/wp-json\/wp\/v2\/product\/40033\/revisions"}],"predecessor-version":[{"id":72330,"href":"https:\/\/mobilane.com\/be-fr\/wp-json\/wp\/v2\/product\/40033\/revisions\/72330"}],"wp:featuredmedia":[{"embeddable":true,"href":"https:\/\/mobilane.com\/be-fr\/wp-json\/wp\/v2\/media\/56449"}],"wp:attachment":[{"href":"https:\/\/mobilane.com\/be-fr\/wp-json\/wp\/v2\/media?parent=40033"}],"curies":[{"name":"wp","href":"https:\/\/api.w.org\/{rel}","templated":true}]}}