{"id":14830,"date":"2020-03-25T11:12:35","date_gmt":"2020-03-25T10:12:35","guid":{"rendered":"https:\/\/mobilane.com\/producten\/livepanel-outdoor\/"},"modified":"2025-06-10T15:58:00","modified_gmt":"2025-06-10T13:58:00","slug":"livepanel-outdoor","status":"publish","type":"product","link":"https:\/\/mobilane.com\/be-fr\/produits\/livepanel-outdoor\/","title":{"rendered":"LivePanel Outdoor"},"content":{"rendered":"","protected":false},"excerpt":{"rendered":"","protected":false},"author":16,"featured_media":26698,"menu_order":7,"comment_status":"closed","ping_status":"closed","template":"","class_list":["post-14830","product","type-product","status-publish","has-post-thumbnail","hentry","product_label-outdoor-be-fr","target_audience-entreprise"],"acf":{"is_category_page":false,"information":"<strong>LivePanel est un syst\u00e8me innovant dans le domaine de la v\u00e9g\u00e9talisation verticale<\/strong>\r\n\r\nLe syst\u00e8me de fa\u00e7ade LivePanel est conforme \u00e0 la classe de feu europ\u00e9enne B, S2, d0.\r\n\r\n&nbsp;","right_information":"<strong>Avantages de LivePanel:<\/strong>\r\n<ul>\r\n \t<li><strong>Outdoor<\/strong><\/li>\r\n \t<li><strong>Disponible dans toute dimension souhait\u00e9e<\/strong><\/li>\r\n \t<li><strong>Syst\u00e8me compact, offrant un gain de place<\/strong><\/li>\r\n \t<li><strong>Enti\u00e8rement recyclable<\/strong><\/li>\r\n \t<li><strong>Am\u00e9liore la qualit\u00e9 de l\u2019air<\/strong><\/li>\r\n \t<li><strong>Stimule la biodiversit\u00e9\u00a0<\/strong><\/li>\r\n<\/ul>","download":79459,"product_bradcrumb":[{"title":"Entreprise"}],"cps_term_link":""},"yoast_head":"<!-- This site is optimized with the Yoast SEO plugin v27.3 - https:\/\/yoast.com\/product\/yoast-seo-wordpress\/ -->\n<title>LivePanel Outdoor: syst\u00e8me de fa\u00e7ade v\u00e9g\u00e9talis\u00e9e pour l&#039;ext\u00e9rieur<\/title>\n<meta name=\"description\" content=\"LivePanel Outdoor est un syst\u00e8me innovant de fa\u00e7ade v\u00e9g\u00e9talis\u00e9e \u00e0 usage ext\u00e9rieur, d\u00e9velopp\u00e9 et brevet\u00e9 par Mobilane.\" \/>\n<meta name=\"robots\" content=\"noindex, nofollow\" \/>\n<meta property=\"og:locale\" content=\"fr_FR\" \/>\n<meta property=\"og:type\" content=\"article\" \/>\n<meta property=\"og:title\" content=\"LivePanel Outdoor: syst\u00e8me de fa\u00e7ade v\u00e9g\u00e9talis\u00e9e pour l&#039;ext\u00e9rieur\" \/>\n<meta property=\"og:description\" content=\"LivePanel Outdoor est un syst\u00e8me innovant de fa\u00e7ade v\u00e9g\u00e9talis\u00e9e \u00e0 usage ext\u00e9rieur, d\u00e9velopp\u00e9 et brevet\u00e9 par Mobilane.\" \/>\n<meta property=\"og:url\" content=\"https:\/\/mobilane.com\/be-fr\/produits\/livepanel-outdoor\/\" \/>\n<meta property=\"og:site_name\" content=\"Mobilane\" \/>\n<meta property=\"article:modified_time\" content=\"2025-06-10T13:58:00+00:00\" \/>\n<meta property=\"og:image\" content=\"https:\/\/mobilane.com\/app\/uploads\/2020\/03\/Mobilane-LivePanel-Outdoor-page-square.jpg\" \/>\n\t<meta property=\"og:image:width\" content=\"1000\" \/>\n\t<meta property=\"og:image:height\" content=\"1000\" \/>\n\t<meta property=\"og:image:type\" content=\"image\/jpeg\" \/>\n<meta name=\"twitter:card\" content=\"summary_large_image\" \/>\n<meta name=\"twitter:label1\" content=\"Dur\u00e9e de lecture est.\" \/>\n\t<meta name=\"twitter:data1\" content=\"1 minute\" \/>\n<script type=\"application\/ld+json\" class=\"yoast-schema-graph\">{\"@context\":\"https:\\\/\\\/schema.org\",\"@graph\":[{\"@type\":\"WebPage\",\"@id\":\"https:\\\/\\\/mobilane.com\\\/be-fr\\\/produits\\\/livepanel-outdoor\\\/\",\"url\":\"https:\\\/\\\/mobilane.com\\\/be-fr\\\/produits\\\/livepanel-outdoor\\\/\",\"name\":\"LivePanel Outdoor: syst\u00e8me de fa\u00e7ade v\u00e9g\u00e9talis\u00e9e pour l'ext\u00e9rieur\",\"isPartOf\":{\"@id\":\"https:\\\/\\\/mobilane.com\\\/#website\"},\"primaryImageOfPage\":{\"@id\":\"https:\\\/\\\/mobilane.com\\\/be-fr\\\/produits\\\/livepanel-outdoor\\\/#primaryimage\"},\"image\":{\"@id\":\"https:\\\/\\\/mobilane.com\\\/be-fr\\\/produits\\\/livepanel-outdoor\\\/#primaryimage\"},\"thumbnailUrl\":\"https:\\\/\\\/mobilane.com\\\/app\\\/uploads\\\/2020\\\/03\\\/Mobilane-LivePanel-Outdoor-page-square.jpg\",\"datePublished\":\"2020-03-25T10:12:35+00:00\",\"dateModified\":\"2025-06-10T13:58:00+00:00\",\"description\":\"LivePanel Outdoor est un syst\u00e8me innovant de fa\u00e7ade v\u00e9g\u00e9talis\u00e9e \u00e0 usage ext\u00e9rieur, d\u00e9velopp\u00e9 et brevet\u00e9 par Mobilane.\",\"breadcrumb\":{\"@id\":\"https:\\\/\\\/mobilane.com\\\/be-fr\\\/produits\\\/livepanel-outdoor\\\/#breadcrumb\"},\"inLanguage\":\"fr-BE\",\"potentialAction\":[{\"@type\":\"ReadAction\",\"target\":[\"https:\\\/\\\/mobilane.com\\\/be-fr\\\/produits\\\/livepanel-outdoor\\\/\"]}]},{\"@type\":\"ImageObject\",\"inLanguage\":\"fr-BE\",\"@id\":\"https:\\\/\\\/mobilane.com\\\/be-fr\\\/produits\\\/livepanel-outdoor\\\/#primaryimage\",\"url\":\"https:\\\/\\\/mobilane.com\\\/app\\\/uploads\\\/2020\\\/03\\\/Mobilane-LivePanel-Outdoor-page-square.jpg\",\"contentUrl\":\"https:\\\/\\\/mobilane.com\\\/app\\\/uploads\\\/2020\\\/03\\\/Mobilane-LivePanel-Outdoor-page-square.jpg\",\"width\":1000,\"height\":1000,\"caption\":\"Mobilane LivePanel Outdoor syst\u00e8me de fa\u00e7ade v\u00e9g\u00e9talis\u00e9e\"},{\"@type\":\"BreadcrumbList\",\"@id\":\"https:\\\/\\\/mobilane.com\\\/be-fr\\\/produits\\\/livepanel-outdoor\\\/#breadcrumb\",\"itemListElement\":[{\"@type\":\"ListItem\",\"position\":1,\"name\":\"Home\",\"item\":\"https:\\\/\\\/mobilane.com\\\/be-fr\\\/\"},{\"@type\":\"ListItem\",\"position\":2,\"name\":\"Posts\",\"item\":\"https:\\\/\\\/mobilane.com\\\/products\\\/\"},{\"@type\":\"ListItem\",\"position\":3,\"name\":\"LivePanel Outdoor\"}]},{\"@type\":\"WebSite\",\"@id\":\"https:\\\/\\\/mobilane.com\\\/#website\",\"url\":\"https:\\\/\\\/mobilane.com\\\/\",\"name\":\"Mobilane\",\"description\":\"Ready Made Green Systems\",\"publisher\":{\"@id\":\"https:\\\/\\\/mobilane.com\\\/#organization\"},\"potentialAction\":[{\"@type\":\"SearchAction\",\"target\":{\"@type\":\"EntryPoint\",\"urlTemplate\":\"https:\\\/\\\/mobilane.com\\\/?s={search_term_string}\"},\"query-input\":{\"@type\":\"PropertyValueSpecification\",\"valueRequired\":true,\"valueName\":\"search_term_string\"}}],\"inLanguage\":\"fr-BE\"},{\"@type\":\"Organization\",\"@id\":\"https:\\\/\\\/mobilane.com\\\/#organization\",\"name\":\"Mobilane\",\"url\":\"https:\\\/\\\/mobilane.com\\\/\",\"logo\":{\"@type\":\"ImageObject\",\"inLanguage\":\"fr-BE\",\"@id\":\"https:\\\/\\\/mobilane.com\\\/#\\\/schema\\\/logo\\\/image\\\/\",\"url\":\"https:\\\/\\\/mobilane.com\\\/app\\\/uploads\\\/2019\\\/10\\\/logo-colour2x.png\",\"contentUrl\":\"https:\\\/\\\/mobilane.com\\\/app\\\/uploads\\\/2019\\\/10\\\/logo-colour2x.png\",\"width\":1472,\"height\":295,\"caption\":\"Mobilane\"},\"image\":{\"@id\":\"https:\\\/\\\/mobilane.com\\\/#\\\/schema\\\/logo\\\/image\\\/\"}}]}<\/script>\n<!-- \/ Yoast SEO plugin. -->","yoast_head_json":{"title":"LivePanel Outdoor: syst\u00e8me de fa\u00e7ade v\u00e9g\u00e9talis\u00e9e pour l'ext\u00e9rieur","description":"LivePanel Outdoor est un syst\u00e8me innovant de fa\u00e7ade v\u00e9g\u00e9talis\u00e9e \u00e0 usage ext\u00e9rieur, d\u00e9velopp\u00e9 et brevet\u00e9 par Mobilane.","robots":{"index":"noindex","follow":"nofollow"},"og_locale":"fr_FR","og_type":"article","og_title":"LivePanel Outdoor: syst\u00e8me de fa\u00e7ade v\u00e9g\u00e9talis\u00e9e pour l'ext\u00e9rieur","og_description":"LivePanel Outdoor est un syst\u00e8me innovant de fa\u00e7ade v\u00e9g\u00e9talis\u00e9e \u00e0 usage ext\u00e9rieur, d\u00e9velopp\u00e9 et brevet\u00e9 par Mobilane.","og_url":"https:\/\/mobilane.com\/be-fr\/produits\/livepanel-outdoor\/","og_site_name":"Mobilane","article_modified_time":"2025-06-10T13:58:00+00:00","og_image":[{"width":1000,"height":1000,"url":"https:\/\/mobilane.com\/app\/uploads\/2020\/03\/Mobilane-LivePanel-Outdoor-page-square.jpg","type":"image\/jpeg"}],"twitter_card":"summary_large_image","twitter_misc":{"Dur\u00e9e de lecture est.":"1 minute"},"schema":{"@context":"https:\/\/schema.org","@graph":[{"@type":"WebPage","@id":"https:\/\/mobilane.com\/be-fr\/produits\/livepanel-outdoor\/","url":"https:\/\/mobilane.com\/be-fr\/produits\/livepanel-outdoor\/","name":"LivePanel Outdoor: syst\u00e8me de fa\u00e7ade v\u00e9g\u00e9talis\u00e9e pour l'ext\u00e9rieur","isPartOf":{"@id":"https:\/\/mobilane.com\/#website"},"primaryImageOfPage":{"@id":"https:\/\/mobilane.com\/be-fr\/produits\/livepanel-outdoor\/#primaryimage"},"image":{"@id":"https:\/\/mobilane.com\/be-fr\/produits\/livepanel-outdoor\/#primaryimage"},"thumbnailUrl":"https:\/\/mobilane.com\/app\/uploads\/2020\/03\/Mobilane-LivePanel-Outdoor-page-square.jpg","datePublished":"2020-03-25T10:12:35+00:00","dateModified":"2025-06-10T13:58:00+00:00","description":"LivePanel Outdoor est un syst\u00e8me innovant de fa\u00e7ade v\u00e9g\u00e9talis\u00e9e \u00e0 usage ext\u00e9rieur, d\u00e9velopp\u00e9 et brevet\u00e9 par Mobilane.","breadcrumb":{"@id":"https:\/\/mobilane.com\/be-fr\/produits\/livepanel-outdoor\/#breadcrumb"},"inLanguage":"fr-BE","potentialAction":[{"@type":"ReadAction","target":["https:\/\/mobilane.com\/be-fr\/produits\/livepanel-outdoor\/"]}]},{"@type":"ImageObject","inLanguage":"fr-BE","@id":"https:\/\/mobilane.com\/be-fr\/produits\/livepanel-outdoor\/#primaryimage","url":"https:\/\/mobilane.com\/app\/uploads\/2020\/03\/Mobilane-LivePanel-Outdoor-page-square.jpg","contentUrl":"https:\/\/mobilane.com\/app\/uploads\/2020\/03\/Mobilane-LivePanel-Outdoor-page-square.jpg","width":1000,"height":1000,"caption":"Mobilane LivePanel Outdoor syst\u00e8me de fa\u00e7ade v\u00e9g\u00e9talis\u00e9e"},{"@type":"BreadcrumbList","@id":"https:\/\/mobilane.com\/be-fr\/produits\/livepanel-outdoor\/#breadcrumb","itemListElement":[{"@type":"ListItem","position":1,"name":"Home","item":"https:\/\/mobilane.com\/be-fr\/"},{"@type":"ListItem","position":2,"name":"Posts","item":"https:\/\/mobilane.com\/products\/"},{"@type":"ListItem","position":3,"name":"LivePanel Outdoor"}]},{"@type":"WebSite","@id":"https:\/\/mobilane.com\/#website","url":"https:\/\/mobilane.com\/","name":"Mobilane","description":"Ready Made Green Systems","publisher":{"@id":"https:\/\/mobilane.com\/#organization"},"potentialAction":[{"@type":"SearchAction","target":{"@type":"EntryPoint","urlTemplate":"https:\/\/mobilane.com\/?s={search_term_string}"},"query-input":{"@type":"PropertyValueSpecification","valueRequired":true,"valueName":"search_term_string"}}],"inLanguage":"fr-BE"},{"@type":"Organization","@id":"https:\/\/mobilane.com\/#organization","name":"Mobilane","url":"https:\/\/mobilane.com\/","logo":{"@type":"ImageObject","inLanguage":"fr-BE","@id":"https:\/\/mobilane.com\/#\/schema\/logo\/image\/","url":"https:\/\/mobilane.com\/app\/uploads\/2019\/10\/logo-colour2x.png","contentUrl":"https:\/\/mobilane.com\/app\/uploads\/2019\/10\/logo-colour2x.png","width":1472,"height":295,"caption":"Mobilane"},"image":{"@id":"https:\/\/mobilane.com\/#\/schema\/logo\/image\/"}}]}},"_links":{"self":[{"href":"https:\/\/mobilane.com\/be-fr\/wp-json\/wp\/v2\/product\/14830","targetHints":{"allow":["GET"]}}],"collection":[{"href":"https:\/\/mobilane.com\/be-fr\/wp-json\/wp\/v2\/product"}],"about":[{"href":"https:\/\/mobilane.com\/be-fr\/wp-json\/wp\/v2\/types\/product"}],"author":[{"embeddable":true,"href":"https:\/\/mobilane.com\/be-fr\/wp-json\/wp\/v2\/users\/16"}],"replies":[{"embeddable":true,"href":"https:\/\/mobilane.com\/be-fr\/wp-json\/wp\/v2\/comments?post=14830"}],"version-history":[{"count":5,"href":"https:\/\/mobilane.com\/be-fr\/wp-json\/wp\/v2\/product\/14830\/revisions"}],"predecessor-version":[{"id":72326,"href":"https:\/\/mobilane.com\/be-fr\/wp-json\/wp\/v2\/product\/14830\/revisions\/72326"}],"wp:featuredmedia":[{"embeddable":true,"href":"https:\/\/mobilane.com\/be-fr\/wp-json\/wp\/v2\/media\/26698"}],"wp:attachment":[{"href":"https:\/\/mobilane.com\/be-fr\/wp-json\/wp\/v2\/media?parent=14830"}],"curies":[{"name":"wp","href":"https:\/\/api.w.org\/{rel}","templated":true}]}}