{"id":44996,"date":"2022-02-15T09:34:23","date_gmt":"2022-02-15T08:34:23","guid":{"rendered":"http:\/\/mobilane.com\/?page_id=44996"},"modified":"2022-02-15T09:34:23","modified_gmt":"2022-02-15T08:34:23","slug":"plantguide","status":"publish","type":"page","link":"https:\/\/mobilane.com\/be-fr\/plantguide\/","title":{"rendered":"PlantGuide"},"content":{"rendered":"<p style=\"font-weight: 400;\">Le PlantGuide de Mobilane r\u00e9pertorie les esp\u00e8ces v\u00e9g\u00e9tales s\u00e9lectionn\u00e9es, qui sont utilis\u00e9es pour les diff\u00e9rents types de produits de Mobilane. Il existe des milliers de types de plantes dans le monde, toutes ne conviennent pas aux diff\u00e9rents types d&rsquo;applications. Chaque plante a ses propres caract\u00e9ristiques et connait un emplacement privil\u00e9gi\u00e9. Divers facteurs sont \u00e0 prendre en compte lors du choix des plantes pour les murs et les fa\u00e7ades v\u00e9g\u00e9talis\u00e9s : la temp\u00e9rature, les zones climatiques, le soleil, l&rsquo;ombre, le type de sol, les besoins en humidit\u00e9 et l&rsquo;orientation de la fa\u00e7ade.<\/p>\n<p style=\"font-weight: 400;\">Pour des conseils ou plus d&rsquo;informations, veuillez contacter le <a href=\"mailto:technicalsupport@mobilane.nl\">Technical Support<\/a> de Mobilane.<\/p>\n","protected":false},"excerpt":{"rendered":"<p>Le PlantGuide de Mobilane r\u00e9pertorie les esp\u00e8ces v\u00e9g\u00e9tales s\u00e9lectionn\u00e9es, qui sont utilis\u00e9es pour les diff\u00e9rents types de produits de Mobilane. Il existe des milliers de types de plantes dans le monde, toutes ne conviennent pas aux diff\u00e9rents types d&rsquo;applications. Chaque plante a ses propres caract\u00e9ristiques et connait un emplacement privil\u00e9gi\u00e9. Divers facteurs sont \u00e0 prendre [&hellip;]<\/p>\n","protected":false},"author":16,"featured_media":0,"parent":0,"menu_order":0,"comment_status":"closed","ping_status":"closed","template":"ct-page-plantenguide.php","meta":{"_acf_changed":false,"footnotes":""},"class_list":["post-44996","page","type-page","status-publish","hentry"],"acf":[],"yoast_head":"<!-- This site is optimized with the Yoast SEO plugin v27.3 - https:\/\/yoast.com\/product\/yoast-seo-wordpress\/ -->\n<title>PlantGuide - Mobilane<\/title>\n<meta name=\"description\" content=\"Le PlantGuide de Mobilane r\u00e9pertorie les esp\u00e8ces v\u00e9g\u00e9tales s\u00e9lectionn\u00e9es, qui sont utilis\u00e9es pour les diff\u00e9rents types de produits de Mobilane. Il existe\" \/>\n<meta name=\"robots\" content=\"index, follow, max-snippet:-1, max-image-preview:large, max-video-preview:-1\" \/>\n<link rel=\"canonical\" href=\"https:\/\/mobilane.com\/be-fr\/plantguide\/\" \/>\n<meta property=\"og:locale\" content=\"fr_FR\" \/>\n<meta property=\"og:type\" content=\"article\" \/>\n<meta property=\"og:title\" content=\"PlantGuide - Mobilane\" \/>\n<meta property=\"og:description\" content=\"Le PlantGuide de Mobilane r\u00e9pertorie les esp\u00e8ces v\u00e9g\u00e9tales s\u00e9lectionn\u00e9es, qui sont utilis\u00e9es pour les diff\u00e9rents types de produits de Mobilane. Il existe\" \/>\n<meta property=\"og:url\" content=\"https:\/\/mobilane.com\/be-fr\/plantguide\/\" \/>\n<meta property=\"og:site_name\" content=\"Mobilane\" \/>\n<meta name=\"twitter:card\" content=\"summary_large_image\" \/>\n<meta name=\"twitter:label1\" content=\"Dur\u00e9e de lecture est.\" \/>\n\t<meta name=\"twitter:data1\" content=\"1 minute\" \/>\n<script type=\"application\/ld+json\" class=\"yoast-schema-graph\">{\"@context\":\"https:\\\/\\\/schema.org\",\"@graph\":[{\"@type\":\"WebPage\",\"@id\":\"https:\\\/\\\/mobilane.com\\\/be-fr\\\/plantguide\\\/\",\"url\":\"https:\\\/\\\/mobilane.com\\\/be-fr\\\/plantguide\\\/\",\"name\":\"PlantGuide - Mobilane\",\"isPartOf\":{\"@id\":\"https:\\\/\\\/mobilane.com\\\/#website\"},\"datePublished\":\"2022-02-15T08:34:23+00:00\",\"description\":\"Le PlantGuide de Mobilane r\u00e9pertorie les esp\u00e8ces v\u00e9g\u00e9tales s\u00e9lectionn\u00e9es, qui sont utilis\u00e9es pour les diff\u00e9rents types de produits de Mobilane. Il existe\",\"breadcrumb\":{\"@id\":\"https:\\\/\\\/mobilane.com\\\/be-fr\\\/plantguide\\\/#breadcrumb\"},\"inLanguage\":\"fr-BE\",\"potentialAction\":[{\"@type\":\"ReadAction\",\"target\":[\"https:\\\/\\\/mobilane.com\\\/be-fr\\\/plantguide\\\/\"]}]},{\"@type\":\"BreadcrumbList\",\"@id\":\"https:\\\/\\\/mobilane.com\\\/be-fr\\\/plantguide\\\/#breadcrumb\",\"itemListElement\":[{\"@type\":\"ListItem\",\"position\":1,\"name\":\"Home\",\"item\":\"https:\\\/\\\/mobilane.com\\\/be-fr\\\/\"},{\"@type\":\"ListItem\",\"position\":2,\"name\":\"PlantGuide\"}]},{\"@type\":\"WebSite\",\"@id\":\"https:\\\/\\\/mobilane.com\\\/#website\",\"url\":\"https:\\\/\\\/mobilane.com\\\/\",\"name\":\"Mobilane\",\"description\":\"Ready Made Green Systems\",\"publisher\":{\"@id\":\"https:\\\/\\\/mobilane.com\\\/#organization\"},\"potentialAction\":[{\"@type\":\"SearchAction\",\"target\":{\"@type\":\"EntryPoint\",\"urlTemplate\":\"https:\\\/\\\/mobilane.com\\\/?s={search_term_string}\"},\"query-input\":{\"@type\":\"PropertyValueSpecification\",\"valueRequired\":true,\"valueName\":\"search_term_string\"}}],\"inLanguage\":\"fr-BE\"},{\"@type\":\"Organization\",\"@id\":\"https:\\\/\\\/mobilane.com\\\/#organization\",\"name\":\"Mobilane\",\"url\":\"https:\\\/\\\/mobilane.com\\\/\",\"logo\":{\"@type\":\"ImageObject\",\"inLanguage\":\"fr-BE\",\"@id\":\"https:\\\/\\\/mobilane.com\\\/#\\\/schema\\\/logo\\\/image\\\/\",\"url\":\"https:\\\/\\\/mobilane.com\\\/app\\\/uploads\\\/2019\\\/10\\\/logo-colour2x.png\",\"contentUrl\":\"https:\\\/\\\/mobilane.com\\\/app\\\/uploads\\\/2019\\\/10\\\/logo-colour2x.png\",\"width\":1472,\"height\":295,\"caption\":\"Mobilane\"},\"image\":{\"@id\":\"https:\\\/\\\/mobilane.com\\\/#\\\/schema\\\/logo\\\/image\\\/\"}}]}<\/script>\n<!-- \/ Yoast SEO plugin. -->","yoast_head_json":{"title":"PlantGuide - Mobilane","description":"Le PlantGuide de Mobilane r\u00e9pertorie les esp\u00e8ces v\u00e9g\u00e9tales s\u00e9lectionn\u00e9es, qui sont utilis\u00e9es pour les diff\u00e9rents types de produits de Mobilane. Il existe","robots":{"index":"index","follow":"follow","max-snippet":"max-snippet:-1","max-image-preview":"max-image-preview:large","max-video-preview":"max-video-preview:-1"},"canonical":"https:\/\/mobilane.com\/be-fr\/plantguide\/","og_locale":"fr_FR","og_type":"article","og_title":"PlantGuide - Mobilane","og_description":"Le PlantGuide de Mobilane r\u00e9pertorie les esp\u00e8ces v\u00e9g\u00e9tales s\u00e9lectionn\u00e9es, qui sont utilis\u00e9es pour les diff\u00e9rents types de produits de Mobilane. Il existe","og_url":"https:\/\/mobilane.com\/be-fr\/plantguide\/","og_site_name":"Mobilane","twitter_card":"summary_large_image","twitter_misc":{"Dur\u00e9e de lecture est.":"1 minute"},"schema":{"@context":"https:\/\/schema.org","@graph":[{"@type":"WebPage","@id":"https:\/\/mobilane.com\/be-fr\/plantguide\/","url":"https:\/\/mobilane.com\/be-fr\/plantguide\/","name":"PlantGuide - Mobilane","isPartOf":{"@id":"https:\/\/mobilane.com\/#website"},"datePublished":"2022-02-15T08:34:23+00:00","description":"Le PlantGuide de Mobilane r\u00e9pertorie les esp\u00e8ces v\u00e9g\u00e9tales s\u00e9lectionn\u00e9es, qui sont utilis\u00e9es pour les diff\u00e9rents types de produits de Mobilane. Il existe","breadcrumb":{"@id":"https:\/\/mobilane.com\/be-fr\/plantguide\/#breadcrumb"},"inLanguage":"fr-BE","potentialAction":[{"@type":"ReadAction","target":["https:\/\/mobilane.com\/be-fr\/plantguide\/"]}]},{"@type":"BreadcrumbList","@id":"https:\/\/mobilane.com\/be-fr\/plantguide\/#breadcrumb","itemListElement":[{"@type":"ListItem","position":1,"name":"Home","item":"https:\/\/mobilane.com\/be-fr\/"},{"@type":"ListItem","position":2,"name":"PlantGuide"}]},{"@type":"WebSite","@id":"https:\/\/mobilane.com\/#website","url":"https:\/\/mobilane.com\/","name":"Mobilane","description":"Ready Made Green Systems","publisher":{"@id":"https:\/\/mobilane.com\/#organization"},"potentialAction":[{"@type":"SearchAction","target":{"@type":"EntryPoint","urlTemplate":"https:\/\/mobilane.com\/?s={search_term_string}"},"query-input":{"@type":"PropertyValueSpecification","valueRequired":true,"valueName":"search_term_string"}}],"inLanguage":"fr-BE"},{"@type":"Organization","@id":"https:\/\/mobilane.com\/#organization","name":"Mobilane","url":"https:\/\/mobilane.com\/","logo":{"@type":"ImageObject","inLanguage":"fr-BE","@id":"https:\/\/mobilane.com\/#\/schema\/logo\/image\/","url":"https:\/\/mobilane.com\/app\/uploads\/2019\/10\/logo-colour2x.png","contentUrl":"https:\/\/mobilane.com\/app\/uploads\/2019\/10\/logo-colour2x.png","width":1472,"height":295,"caption":"Mobilane"},"image":{"@id":"https:\/\/mobilane.com\/#\/schema\/logo\/image\/"}}]}},"_links":{"self":[{"href":"https:\/\/mobilane.com\/be-fr\/wp-json\/wp\/v2\/pages\/44996","targetHints":{"allow":["GET"]}}],"collection":[{"href":"https:\/\/mobilane.com\/be-fr\/wp-json\/wp\/v2\/pages"}],"about":[{"href":"https:\/\/mobilane.com\/be-fr\/wp-json\/wp\/v2\/types\/page"}],"author":[{"embeddable":true,"href":"https:\/\/mobilane.com\/be-fr\/wp-json\/wp\/v2\/users\/16"}],"replies":[{"embeddable":true,"href":"https:\/\/mobilane.com\/be-fr\/wp-json\/wp\/v2\/comments?post=44996"}],"version-history":[{"count":2,"href":"https:\/\/mobilane.com\/be-fr\/wp-json\/wp\/v2\/pages\/44996\/revisions"}],"predecessor-version":[{"id":44998,"href":"https:\/\/mobilane.com\/be-fr\/wp-json\/wp\/v2\/pages\/44996\/revisions\/44998"}],"wp:attachment":[{"href":"https:\/\/mobilane.com\/be-fr\/wp-json\/wp\/v2\/media?parent=44996"}],"curies":[{"name":"wp","href":"https:\/\/api.w.org\/{rel}","templated":true}]}}