{"id":43900,"date":"2020-03-12T06:52:51","date_gmt":"2020-03-12T05:52:51","guid":{"rendered":"http:\/\/mobilane.com\/duurzaamheid\/"},"modified":"2022-01-31T15:27:40","modified_gmt":"2022-01-31T14:27:40","slug":"durabilite","status":"publish","type":"page","link":"https:\/\/mobilane.com\/be-fr\/durabilite\/","title":{"rendered":"Durabilit\u00e9"},"content":{"rendered":"<div class=\"right-product-info\">\n<div class=\"article__intro\">\n<p>Nous souhaitons contribuer \u00e0 un monde meilleur. C&rsquo;est pourquoi nous avons int\u00e9gr\u00e9 plusieurs objectifs de Responsabilit\u00e9 sociale des entreprises (RSE) dans nos strat\u00e9gies d\u2019entreprise, objectifs et processus.<\/p>\n<\/div>\n<div class=\"care-content\">\n<div class=\"row\">\n<div class=\"col-md-12 col-sm-12 col-xs-12\">\n<h3>\u00c9nergie verte<\/h3>\n<p>Nous travaillons avec diff\u00e9rentes zones climatiques dans nos serres. Ainsi, nous ne gaspillons pas d&rsquo;\u00e9nergie. Les zones climatiques pour les jeunes plants sont chauff\u00e9es avec de l&rsquo;\u00e9nergie provenant d&rsquo;un m\u00e9lange \u00e9nerg\u00e9tique durable. \u00c0 cet effet, notre entreprise est partenaire de l\u2019espace horticole <a href=\"https:\/\/www.nextgarden.nl\/\" target=\"_blank\" rel=\"noopener noreferrer\">NEXTgarden<\/a>, un cluster \u00e9nerg\u00e9tique collectif. Ensemble, nous nous engageons pour une zone horticole climatiquement neutre. L&rsquo;\u00e9nergie \u00e9olienne et solaire, le stockage d&rsquo;\u00e9nergie et le raccordement de la r\u00e9gion \u00e0 l&rsquo;ambitieux r\u00e9seau de chaleur sont de belles initiatives.<\/p>\n<h3>Syst\u00e8me de recyclage de l&rsquo;eau<\/h3>\n<p>Nous arrosons nos plantes avec l&rsquo;eau de pluie recueillie dans un bassin collectif. Nous utilisons cette eau pour notre syst\u00e8me de culture en circuit ferm\u00e9. L&rsquo;exc\u00e9dent d\u2019eau, non absorb\u00e9 par les plantes, est r\u00e9utilis\u00e9. Cette eau r\u00e9utilisable est d\u00e9sinfect\u00e9e par un filtre UV, afin d\u2019emp\u00eacher la propagation de maladies potentielles dans les plantes, puis nous la stockons dans notre silo ext\u00e9rieur. Gr\u00e2ce \u00e0 ces m\u00e9thodes, nous ne gaspillons pas l&rsquo;eau et nous r\u00e9duisons notre empreinte hydrique.<\/p>\n<div class=\"content-img\"><img loading=\"lazy\" decoding=\"async\" class=\"img-responsive alignnone\" src=\"http:\/\/mobilane.com\/app\/plugins\/header-setting\/images\/we-care-img2.jpg\" alt=\"Mobilane durabilit\u00e9\" width=\"2204\" height=\"1254\" \/><\/div>\n<h3>Pesticides Naturels<\/h3>\n<p>Dans notre serre, nous mettons en \u0153uvre la lutte biologique, c\u2019est-\u00e0-dire que les animaux nuisibles sont combattus avec leurs ennemis naturels. Les agents que nous utilisons sont test\u00e9s en mati\u00e8re de s\u00e9curit\u00e9 et d\u2019efficacit\u00e9 et ne sont pas nuisibles \u00e0 l&rsquo;environnement.<\/p>\n<h3>Atelier prot\u00e9g\u00e9<\/h3>\n<p>Entreprendre avec une mission sociale est l&rsquo;un de nos objectifs. Dans ce cadre, notre serre emploie plus de 200 personnes en marge du march\u00e9 du travail. La recherche d\u2019un lieu de travail adapt\u00e9 et le plus r\u00e9gulier possible est ax\u00e9e sur les comp\u00e9tences de ces personnes.<\/p>\n<h3>Biodiversit\u00e9<\/h3>\n<p>Tous nos produits (ext\u00e9rieurs) contribuent \u00e0 la biodiversit\u00e9 de l&rsquo;environnement. La biodiversit\u00e9 est indispensable \u00e0 la plan\u00e8te. Les types de plantes et d&rsquo;\u00e9cosyst\u00e8mes engendrent, par exemple, la production d&rsquo;oxyg\u00e8ne, la pollinisation des plantes, de l\u2019eau propre, des sols fertiles et un climat stable.<\/p>\n<div class=\"content-img\"><img decoding=\"async\" class=\"img-responsive\" src=\"http:\/\/mobilane.com\/app\/plugins\/header-setting\/images\/we-care-img.jpg\" alt=\"\" \/> <span class=\"drone-text\">\u00a9 Spot compagnon en espace horticole NEXTgarden<\/span><\/div>\n<\/div>\n<\/div>\n<\/div>\n<\/div>\n","protected":false},"excerpt":{"rendered":"<p>Nous souhaitons contribuer \u00e0 un monde meilleur. C&rsquo;est pourquoi nous avons int\u00e9gr\u00e9 plusieurs objectifs de Responsabilit\u00e9 sociale des entreprises (RSE) dans nos strat\u00e9gies d\u2019entreprise, objectifs et processus. \u00c9nergie verte Nous travaillons avec diff\u00e9rentes zones climatiques dans nos serres. Ainsi, nous ne gaspillons pas d&rsquo;\u00e9nergie. Les zones climatiques pour les jeunes plants sont chauff\u00e9es avec de [&hellip;]<\/p>\n","protected":false},"author":16,"featured_media":0,"parent":0,"menu_order":0,"comment_status":"closed","ping_status":"closed","template":"ct-page-care.php","meta":{"_acf_changed":false,"footnotes":""},"class_list":["post-43900","page","type-page","status-publish","hentry"],"acf":[],"yoast_head":"<!-- This site is optimized with the Yoast SEO plugin v27.3 - https:\/\/yoast.com\/product\/yoast-seo-wordpress\/ -->\n<title>Durabilit\u00e9 - Mobilane<\/title>\n<meta name=\"description\" content=\"Nous souhaitons contribuer \u00e0 un monde meilleur. Nous avons int\u00e9gr\u00e9 plusieurs objectifs de Responsabilit\u00e9 sociale des entreprises (RSE)\" \/>\n<meta name=\"robots\" content=\"index, follow, max-snippet:-1, max-image-preview:large, max-video-preview:-1\" \/>\n<link rel=\"canonical\" href=\"https:\/\/mobilane.com\/be-fr\/durabilite\/\" \/>\n<meta property=\"og:locale\" content=\"fr_FR\" \/>\n<meta property=\"og:type\" content=\"article\" \/>\n<meta property=\"og:title\" content=\"Durabilit\u00e9 - Mobilane\" \/>\n<meta property=\"og:description\" content=\"Nous souhaitons contribuer \u00e0 un monde meilleur. Nous avons int\u00e9gr\u00e9 plusieurs objectifs de Responsabilit\u00e9 sociale des entreprises (RSE)\" \/>\n<meta property=\"og:url\" content=\"https:\/\/mobilane.com\/be-fr\/durabilite\/\" \/>\n<meta property=\"og:site_name\" content=\"Mobilane\" \/>\n<meta property=\"article:modified_time\" content=\"2022-01-31T14:27:40+00:00\" \/>\n<meta property=\"og:image\" content=\"http:\/\/mobilane.com\/app\/plugins\/header-setting\/images\/we-care-img2.jpg\" \/>\n<meta name=\"twitter:card\" content=\"summary_large_image\" \/>\n<meta name=\"twitter:label1\" content=\"Dur\u00e9e de lecture est.\" \/>\n\t<meta name=\"twitter:data1\" content=\"3 minutes\" \/>\n<script type=\"application\/ld+json\" class=\"yoast-schema-graph\">{\"@context\":\"https:\\\/\\\/schema.org\",\"@graph\":[{\"@type\":\"WebPage\",\"@id\":\"https:\\\/\\\/mobilane.com\\\/be-fr\\\/durabilite\\\/\",\"url\":\"https:\\\/\\\/mobilane.com\\\/be-fr\\\/durabilite\\\/\",\"name\":\"Durabilit\u00e9 - Mobilane\",\"isPartOf\":{\"@id\":\"https:\\\/\\\/mobilane.com\\\/#website\"},\"primaryImageOfPage\":{\"@id\":\"https:\\\/\\\/mobilane.com\\\/be-fr\\\/durabilite\\\/#primaryimage\"},\"image\":{\"@id\":\"https:\\\/\\\/mobilane.com\\\/be-fr\\\/durabilite\\\/#primaryimage\"},\"thumbnailUrl\":\"http:\\\/\\\/mobilane.com\\\/app\\\/plugins\\\/header-setting\\\/images\\\/we-care-img2.jpg\",\"datePublished\":\"2020-03-12T05:52:51+00:00\",\"dateModified\":\"2022-01-31T14:27:40+00:00\",\"description\":\"Nous souhaitons contribuer \u00e0 un monde meilleur. Nous avons int\u00e9gr\u00e9 plusieurs objectifs de Responsabilit\u00e9 sociale des entreprises (RSE)\",\"breadcrumb\":{\"@id\":\"https:\\\/\\\/mobilane.com\\\/be-fr\\\/durabilite\\\/#breadcrumb\"},\"inLanguage\":\"fr-BE\",\"potentialAction\":[{\"@type\":\"ReadAction\",\"target\":[\"https:\\\/\\\/mobilane.com\\\/be-fr\\\/durabilite\\\/\"]}]},{\"@type\":\"ImageObject\",\"inLanguage\":\"fr-BE\",\"@id\":\"https:\\\/\\\/mobilane.com\\\/be-fr\\\/durabilite\\\/#primaryimage\",\"url\":\"http:\\\/\\\/mobilane.com\\\/app\\\/plugins\\\/header-setting\\\/images\\\/we-care-img2.jpg\",\"contentUrl\":\"http:\\\/\\\/mobilane.com\\\/app\\\/plugins\\\/header-setting\\\/images\\\/we-care-img2.jpg\"},{\"@type\":\"BreadcrumbList\",\"@id\":\"https:\\\/\\\/mobilane.com\\\/be-fr\\\/durabilite\\\/#breadcrumb\",\"itemListElement\":[{\"@type\":\"ListItem\",\"position\":1,\"name\":\"Home\",\"item\":\"https:\\\/\\\/mobilane.com\\\/be-fr\\\/\"},{\"@type\":\"ListItem\",\"position\":2,\"name\":\"Durabilit\u00e9\"}]},{\"@type\":\"WebSite\",\"@id\":\"https:\\\/\\\/mobilane.com\\\/#website\",\"url\":\"https:\\\/\\\/mobilane.com\\\/\",\"name\":\"Mobilane\",\"description\":\"Ready Made Green Systems\",\"publisher\":{\"@id\":\"https:\\\/\\\/mobilane.com\\\/#organization\"},\"potentialAction\":[{\"@type\":\"SearchAction\",\"target\":{\"@type\":\"EntryPoint\",\"urlTemplate\":\"https:\\\/\\\/mobilane.com\\\/?s={search_term_string}\"},\"query-input\":{\"@type\":\"PropertyValueSpecification\",\"valueRequired\":true,\"valueName\":\"search_term_string\"}}],\"inLanguage\":\"fr-BE\"},{\"@type\":\"Organization\",\"@id\":\"https:\\\/\\\/mobilane.com\\\/#organization\",\"name\":\"Mobilane\",\"url\":\"https:\\\/\\\/mobilane.com\\\/\",\"logo\":{\"@type\":\"ImageObject\",\"inLanguage\":\"fr-BE\",\"@id\":\"https:\\\/\\\/mobilane.com\\\/#\\\/schema\\\/logo\\\/image\\\/\",\"url\":\"https:\\\/\\\/mobilane.com\\\/app\\\/uploads\\\/2019\\\/10\\\/logo-colour2x.png\",\"contentUrl\":\"https:\\\/\\\/mobilane.com\\\/app\\\/uploads\\\/2019\\\/10\\\/logo-colour2x.png\",\"width\":1472,\"height\":295,\"caption\":\"Mobilane\"},\"image\":{\"@id\":\"https:\\\/\\\/mobilane.com\\\/#\\\/schema\\\/logo\\\/image\\\/\"}}]}<\/script>\n<!-- \/ Yoast SEO plugin. -->","yoast_head_json":{"title":"Durabilit\u00e9 - Mobilane","description":"Nous souhaitons contribuer \u00e0 un monde meilleur. Nous avons int\u00e9gr\u00e9 plusieurs objectifs de Responsabilit\u00e9 sociale des entreprises (RSE)","robots":{"index":"index","follow":"follow","max-snippet":"max-snippet:-1","max-image-preview":"max-image-preview:large","max-video-preview":"max-video-preview:-1"},"canonical":"https:\/\/mobilane.com\/be-fr\/durabilite\/","og_locale":"fr_FR","og_type":"article","og_title":"Durabilit\u00e9 - Mobilane","og_description":"Nous souhaitons contribuer \u00e0 un monde meilleur. Nous avons int\u00e9gr\u00e9 plusieurs objectifs de Responsabilit\u00e9 sociale des entreprises (RSE)","og_url":"https:\/\/mobilane.com\/be-fr\/durabilite\/","og_site_name":"Mobilane","article_modified_time":"2022-01-31T14:27:40+00:00","og_image":[{"url":"http:\/\/mobilane.com\/app\/plugins\/header-setting\/images\/we-care-img2.jpg","type":"","width":"","height":""}],"twitter_card":"summary_large_image","twitter_misc":{"Dur\u00e9e de lecture est.":"3 minutes"},"schema":{"@context":"https:\/\/schema.org","@graph":[{"@type":"WebPage","@id":"https:\/\/mobilane.com\/be-fr\/durabilite\/","url":"https:\/\/mobilane.com\/be-fr\/durabilite\/","name":"Durabilit\u00e9 - Mobilane","isPartOf":{"@id":"https:\/\/mobilane.com\/#website"},"primaryImageOfPage":{"@id":"https:\/\/mobilane.com\/be-fr\/durabilite\/#primaryimage"},"image":{"@id":"https:\/\/mobilane.com\/be-fr\/durabilite\/#primaryimage"},"thumbnailUrl":"http:\/\/mobilane.com\/app\/plugins\/header-setting\/images\/we-care-img2.jpg","datePublished":"2020-03-12T05:52:51+00:00","dateModified":"2022-01-31T14:27:40+00:00","description":"Nous souhaitons contribuer \u00e0 un monde meilleur. Nous avons int\u00e9gr\u00e9 plusieurs objectifs de Responsabilit\u00e9 sociale des entreprises (RSE)","breadcrumb":{"@id":"https:\/\/mobilane.com\/be-fr\/durabilite\/#breadcrumb"},"inLanguage":"fr-BE","potentialAction":[{"@type":"ReadAction","target":["https:\/\/mobilane.com\/be-fr\/durabilite\/"]}]},{"@type":"ImageObject","inLanguage":"fr-BE","@id":"https:\/\/mobilane.com\/be-fr\/durabilite\/#primaryimage","url":"http:\/\/mobilane.com\/app\/plugins\/header-setting\/images\/we-care-img2.jpg","contentUrl":"http:\/\/mobilane.com\/app\/plugins\/header-setting\/images\/we-care-img2.jpg"},{"@type":"BreadcrumbList","@id":"https:\/\/mobilane.com\/be-fr\/durabilite\/#breadcrumb","itemListElement":[{"@type":"ListItem","position":1,"name":"Home","item":"https:\/\/mobilane.com\/be-fr\/"},{"@type":"ListItem","position":2,"name":"Durabilit\u00e9"}]},{"@type":"WebSite","@id":"https:\/\/mobilane.com\/#website","url":"https:\/\/mobilane.com\/","name":"Mobilane","description":"Ready Made Green Systems","publisher":{"@id":"https:\/\/mobilane.com\/#organization"},"potentialAction":[{"@type":"SearchAction","target":{"@type":"EntryPoint","urlTemplate":"https:\/\/mobilane.com\/?s={search_term_string}"},"query-input":{"@type":"PropertyValueSpecification","valueRequired":true,"valueName":"search_term_string"}}],"inLanguage":"fr-BE"},{"@type":"Organization","@id":"https:\/\/mobilane.com\/#organization","name":"Mobilane","url":"https:\/\/mobilane.com\/","logo":{"@type":"ImageObject","inLanguage":"fr-BE","@id":"https:\/\/mobilane.com\/#\/schema\/logo\/image\/","url":"https:\/\/mobilane.com\/app\/uploads\/2019\/10\/logo-colour2x.png","contentUrl":"https:\/\/mobilane.com\/app\/uploads\/2019\/10\/logo-colour2x.png","width":1472,"height":295,"caption":"Mobilane"},"image":{"@id":"https:\/\/mobilane.com\/#\/schema\/logo\/image\/"}}]}},"_links":{"self":[{"href":"https:\/\/mobilane.com\/be-fr\/wp-json\/wp\/v2\/pages\/43900","targetHints":{"allow":["GET"]}}],"collection":[{"href":"https:\/\/mobilane.com\/be-fr\/wp-json\/wp\/v2\/pages"}],"about":[{"href":"https:\/\/mobilane.com\/be-fr\/wp-json\/wp\/v2\/types\/page"}],"author":[{"embeddable":true,"href":"https:\/\/mobilane.com\/be-fr\/wp-json\/wp\/v2\/users\/16"}],"replies":[{"embeddable":true,"href":"https:\/\/mobilane.com\/be-fr\/wp-json\/wp\/v2\/comments?post=43900"}],"version-history":[{"count":4,"href":"https:\/\/mobilane.com\/be-fr\/wp-json\/wp\/v2\/pages\/43900\/revisions"}],"predecessor-version":[{"id":44437,"href":"https:\/\/mobilane.com\/be-fr\/wp-json\/wp\/v2\/pages\/43900\/revisions\/44437"}],"wp:attachment":[{"href":"https:\/\/mobilane.com\/be-fr\/wp-json\/wp\/v2\/media?parent=43900"}],"curies":[{"name":"wp","href":"https:\/\/api.w.org\/{rel}","templated":true}]}}