{"id":43896,"date":"2020-03-12T06:39:15","date_gmt":"2020-03-12T05:39:15","guid":{"rendered":"http:\/\/mobilane.com\/media\/"},"modified":"2024-03-05T11:24:39","modified_gmt":"2024-03-05T10:24:39","slug":"media","status":"publish","type":"page","link":"https:\/\/mobilane.com\/be-fr\/media\/","title":{"rendered":"Dans les m\u00e9dias"},"content":{"rendered":"<p>Des articles, des vid\u00e9os et des photos de notre entreprise et de nos produits paraissent r\u00e9guli\u00e8rement dans les m\u00e9dias. Nous en sommes tr\u00e8s fiers.<\/p>\n","protected":false},"excerpt":{"rendered":"<p>Des articles, des vid\u00e9os et des photos de notre entreprise et de nos produits paraissent r\u00e9guli\u00e8rement dans les m\u00e9dias. Nous en sommes tr\u00e8s fiers.<\/p>\n","protected":false},"author":16,"featured_media":0,"parent":0,"menu_order":0,"comment_status":"closed","ping_status":"closed","template":"ct-page-media.php","meta":{"_acf_changed":false,"footnotes":""},"class_list":["post-43896","page","type-page","status-publish","hentry"],"acf":[],"yoast_head":"<!-- This site is optimized with the Yoast SEO plugin v27.3 - https:\/\/yoast.com\/product\/yoast-seo-wordpress\/ -->\n<title>Dans les m\u00e9dias - Mobilane<\/title>\n<meta name=\"description\" content=\"Des articles, des vid\u00e9os et des photos de notre entreprise et de nos produits paraissent r\u00e9guli\u00e8rement dans les m\u00e9dias.\" \/>\n<meta name=\"robots\" content=\"index, follow, max-snippet:-1, max-image-preview:large, max-video-preview:-1\" \/>\n<link rel=\"canonical\" href=\"https:\/\/mobilane.com\/be-fr\/media\/\" \/>\n<meta property=\"og:locale\" content=\"fr_FR\" \/>\n<meta property=\"og:type\" content=\"article\" \/>\n<meta property=\"og:title\" content=\"Dans les m\u00e9dias - Mobilane\" \/>\n<meta property=\"og:description\" content=\"Des articles, des vid\u00e9os et des photos de notre entreprise et de nos produits paraissent r\u00e9guli\u00e8rement dans les m\u00e9dias.\" \/>\n<meta property=\"og:url\" content=\"https:\/\/mobilane.com\/be-fr\/media\/\" \/>\n<meta property=\"og:site_name\" content=\"Mobilane\" \/>\n<meta property=\"article:modified_time\" content=\"2024-03-05T10:24:39+00:00\" \/>\n<meta name=\"twitter:card\" content=\"summary_large_image\" \/>\n<meta name=\"twitter:label1\" content=\"Dur\u00e9e de lecture est.\" \/>\n\t<meta name=\"twitter:data1\" content=\"1 minute\" \/>\n<script type=\"application\/ld+json\" class=\"yoast-schema-graph\">{\"@context\":\"https:\\\/\\\/schema.org\",\"@graph\":[{\"@type\":\"WebPage\",\"@id\":\"https:\\\/\\\/mobilane.com\\\/be-fr\\\/media\\\/\",\"url\":\"https:\\\/\\\/mobilane.com\\\/be-fr\\\/media\\\/\",\"name\":\"Dans les m\u00e9dias - Mobilane\",\"isPartOf\":{\"@id\":\"https:\\\/\\\/mobilane.com\\\/#website\"},\"datePublished\":\"2020-03-12T05:39:15+00:00\",\"dateModified\":\"2024-03-05T10:24:39+00:00\",\"description\":\"Des articles, des vid\u00e9os et des photos de notre entreprise et de nos produits paraissent r\u00e9guli\u00e8rement dans les m\u00e9dias.\",\"breadcrumb\":{\"@id\":\"https:\\\/\\\/mobilane.com\\\/be-fr\\\/media\\\/#breadcrumb\"},\"inLanguage\":\"fr-BE\",\"potentialAction\":[{\"@type\":\"ReadAction\",\"target\":[\"https:\\\/\\\/mobilane.com\\\/be-fr\\\/media\\\/\"]}]},{\"@type\":\"BreadcrumbList\",\"@id\":\"https:\\\/\\\/mobilane.com\\\/be-fr\\\/media\\\/#breadcrumb\",\"itemListElement\":[{\"@type\":\"ListItem\",\"position\":1,\"name\":\"Home\",\"item\":\"https:\\\/\\\/mobilane.com\\\/be-fr\\\/\"},{\"@type\":\"ListItem\",\"position\":2,\"name\":\"Dans les m\u00e9dias\"}]},{\"@type\":\"WebSite\",\"@id\":\"https:\\\/\\\/mobilane.com\\\/#website\",\"url\":\"https:\\\/\\\/mobilane.com\\\/\",\"name\":\"Mobilane\",\"description\":\"Ready Made Green Systems\",\"publisher\":{\"@id\":\"https:\\\/\\\/mobilane.com\\\/#organization\"},\"potentialAction\":[{\"@type\":\"SearchAction\",\"target\":{\"@type\":\"EntryPoint\",\"urlTemplate\":\"https:\\\/\\\/mobilane.com\\\/?s={search_term_string}\"},\"query-input\":{\"@type\":\"PropertyValueSpecification\",\"valueRequired\":true,\"valueName\":\"search_term_string\"}}],\"inLanguage\":\"fr-BE\"},{\"@type\":\"Organization\",\"@id\":\"https:\\\/\\\/mobilane.com\\\/#organization\",\"name\":\"Mobilane\",\"url\":\"https:\\\/\\\/mobilane.com\\\/\",\"logo\":{\"@type\":\"ImageObject\",\"inLanguage\":\"fr-BE\",\"@id\":\"https:\\\/\\\/mobilane.com\\\/#\\\/schema\\\/logo\\\/image\\\/\",\"url\":\"https:\\\/\\\/mobilane.com\\\/app\\\/uploads\\\/2019\\\/10\\\/logo-colour2x.png\",\"contentUrl\":\"https:\\\/\\\/mobilane.com\\\/app\\\/uploads\\\/2019\\\/10\\\/logo-colour2x.png\",\"width\":1472,\"height\":295,\"caption\":\"Mobilane\"},\"image\":{\"@id\":\"https:\\\/\\\/mobilane.com\\\/#\\\/schema\\\/logo\\\/image\\\/\"}}]}<\/script>\n<!-- \/ Yoast SEO plugin. -->","yoast_head_json":{"title":"Dans les m\u00e9dias - Mobilane","description":"Des articles, des vid\u00e9os et des photos de notre entreprise et de nos produits paraissent r\u00e9guli\u00e8rement dans les m\u00e9dias.","robots":{"index":"index","follow":"follow","max-snippet":"max-snippet:-1","max-image-preview":"max-image-preview:large","max-video-preview":"max-video-preview:-1"},"canonical":"https:\/\/mobilane.com\/be-fr\/media\/","og_locale":"fr_FR","og_type":"article","og_title":"Dans les m\u00e9dias - Mobilane","og_description":"Des articles, des vid\u00e9os et des photos de notre entreprise et de nos produits paraissent r\u00e9guli\u00e8rement dans les m\u00e9dias.","og_url":"https:\/\/mobilane.com\/be-fr\/media\/","og_site_name":"Mobilane","article_modified_time":"2024-03-05T10:24:39+00:00","twitter_card":"summary_large_image","twitter_misc":{"Dur\u00e9e de lecture est.":"1 minute"},"schema":{"@context":"https:\/\/schema.org","@graph":[{"@type":"WebPage","@id":"https:\/\/mobilane.com\/be-fr\/media\/","url":"https:\/\/mobilane.com\/be-fr\/media\/","name":"Dans les m\u00e9dias - Mobilane","isPartOf":{"@id":"https:\/\/mobilane.com\/#website"},"datePublished":"2020-03-12T05:39:15+00:00","dateModified":"2024-03-05T10:24:39+00:00","description":"Des articles, des vid\u00e9os et des photos de notre entreprise et de nos produits paraissent r\u00e9guli\u00e8rement dans les m\u00e9dias.","breadcrumb":{"@id":"https:\/\/mobilane.com\/be-fr\/media\/#breadcrumb"},"inLanguage":"fr-BE","potentialAction":[{"@type":"ReadAction","target":["https:\/\/mobilane.com\/be-fr\/media\/"]}]},{"@type":"BreadcrumbList","@id":"https:\/\/mobilane.com\/be-fr\/media\/#breadcrumb","itemListElement":[{"@type":"ListItem","position":1,"name":"Home","item":"https:\/\/mobilane.com\/be-fr\/"},{"@type":"ListItem","position":2,"name":"Dans les m\u00e9dias"}]},{"@type":"WebSite","@id":"https:\/\/mobilane.com\/#website","url":"https:\/\/mobilane.com\/","name":"Mobilane","description":"Ready Made Green Systems","publisher":{"@id":"https:\/\/mobilane.com\/#organization"},"potentialAction":[{"@type":"SearchAction","target":{"@type":"EntryPoint","urlTemplate":"https:\/\/mobilane.com\/?s={search_term_string}"},"query-input":{"@type":"PropertyValueSpecification","valueRequired":true,"valueName":"search_term_string"}}],"inLanguage":"fr-BE"},{"@type":"Organization","@id":"https:\/\/mobilane.com\/#organization","name":"Mobilane","url":"https:\/\/mobilane.com\/","logo":{"@type":"ImageObject","inLanguage":"fr-BE","@id":"https:\/\/mobilane.com\/#\/schema\/logo\/image\/","url":"https:\/\/mobilane.com\/app\/uploads\/2019\/10\/logo-colour2x.png","contentUrl":"https:\/\/mobilane.com\/app\/uploads\/2019\/10\/logo-colour2x.png","width":1472,"height":295,"caption":"Mobilane"},"image":{"@id":"https:\/\/mobilane.com\/#\/schema\/logo\/image\/"}}]}},"_links":{"self":[{"href":"https:\/\/mobilane.com\/be-fr\/wp-json\/wp\/v2\/pages\/43896","targetHints":{"allow":["GET"]}}],"collection":[{"href":"https:\/\/mobilane.com\/be-fr\/wp-json\/wp\/v2\/pages"}],"about":[{"href":"https:\/\/mobilane.com\/be-fr\/wp-json\/wp\/v2\/types\/page"}],"author":[{"embeddable":true,"href":"https:\/\/mobilane.com\/be-fr\/wp-json\/wp\/v2\/users\/16"}],"replies":[{"embeddable":true,"href":"https:\/\/mobilane.com\/be-fr\/wp-json\/wp\/v2\/comments?post=43896"}],"version-history":[{"count":4,"href":"https:\/\/mobilane.com\/be-fr\/wp-json\/wp\/v2\/pages\/43896\/revisions"}],"predecessor-version":[{"id":64316,"href":"https:\/\/mobilane.com\/be-fr\/wp-json\/wp\/v2\/pages\/43896\/revisions\/64316"}],"wp:attachment":[{"href":"https:\/\/mobilane.com\/be-fr\/wp-json\/wp\/v2\/media?parent=43896"}],"curies":[{"name":"wp","href":"https:\/\/api.w.org\/{rel}","templated":true}]}}